{"id":1358,"date":"2010-06-17T01:08:14","date_gmt":"2010-06-16T23:08:14","guid":{"rendered":"http:\/\/abc-latina.com\/cuisine-htm-6\/"},"modified":"2026-04-30T18:25:01","modified_gmt":"2026-04-30T16:25:01","slug":"cuisine","status":"publish","type":"page","link":"https:\/\/abc-latina.com\/cuba\/cuisine\/","title":{"rendered":"La CUISINE CUBAINE"},"content":{"rendered":"<div><img loading=\"lazy\" decoding=\"async\" class=\" alignright size-full wp-image-66\" src=\"http:\/\/abc-latina.com\/wp-content\/uploads\/2010\/06\/cuisine.jpg\" title=\"La GASTRONOMIE CUBAINE\" alt=\"\" width=\"220\" vspace=\"9\" hspace=\"15\" height=\"220\" align=\"right\" srcset=\"https:\/\/abc-latina.com\/wp-content\/uploads\/2010\/06\/cuisine.jpg 220w, https:\/\/abc-latina.com\/wp-content\/uploads\/2010\/06\/cuisine-150x150.jpg 150w\" sizes=\"auto, (max-width: 220px) 100vw, 220px\" \/>La cuisine continentale ou cubaine se diff\u00e9rencie de par ses fruits de mer.<\/div>\n<div>&nbsp;<\/div>\n<div><span class=\"geo-info\">Quelques plats traditionnels:&nbsp;<\/span><\/div>\n<div>La tortilla, souvent avec de la viande et\/ou du fromage; une soupe \u00e9paisse \u00e0 base de poulet et de haricots noirs; le cochon grill\u00e9; le poulet avec du riz; les bananes (vertes) frites ou grill\u00e9es; et les glaces cubaines.&nbsp;<\/div>\n<div>La cuisine propos\u00e9e dans les h\u00f4tels n&rsquo;est pas tr\u00e8s vari\u00e9e mais il y a du poulet, du poisson, du jambon, du fromage, des papayes, des melons, des ananas, des mangues, des bananes, des l\u00e9gumes frais et des salades.&nbsp;<\/div>\n<div>Les desserts et les sucreries sont des petits pains sucr\u00e9s, des flans, des cr\u00e8mes anglaises vanill\u00e9es, des desserts \u00e0 base de goyave et les fromages.<\/div>\n<div>&nbsp;<\/div>\n<div><span class=\"geo-info\">Les boissons: <\/span><\/div>\n<div>Le caf\u00e9 cubain est plus fort que le caf\u00e9 am\u00e9ricain mais on ne peut pas commander le caf\u00e9 au go\u00fbt du client. La bi\u00e8re cubaine est douce et d\u00e9licieuse. Le prix des liqueurs est assez raisonnable; le rhum est tr\u00e8s bon et est utilis\u00e9 dans les cocktails d\u00e9licieux comme le daiquri et le mojito.&nbsp;<\/div>\n<div>&nbsp;<\/div>\n<div><a href=\"http:\/\/www.restos-latinos.com\/cuba\/\" target=\"_blank\">Les restaurants cubains en France<\/a>&nbsp; &nbsp;et &nbsp; <a href=\"http:\/\/www.restos-latinos.com\/cuba\/canada\" target=\"_blank\">au Canada<\/a><\/div>\n<div><a href=\"https:\/\/www.abc-latina.com\/cuba\/div\/cocktail_cubain.php\">Les cocktails cubains<\/a><\/div>\n<p>&nbsp;<\/p>\n","protected":false},"excerpt":{"rendered":"<p>La cuisine continentale ou cubaine se diff\u00e9rencie de par ses fruits de mer. &nbsp; Quelques plats traditionnels:&nbsp; La tortilla, souvent [&hellip;]<\/p>\n","protected":false},"author":3,"featured_media":66,"parent":2302,"menu_order":0,"comment_status":"closed","ping_status":"closed","template":"","meta":{"site-sidebar-layout":"default","site-content-layout":"","ast-site-content-layout":"default","site-content-style":"default","site-sidebar-style":"default","ast-global-header-display":"","ast-banner-title-visibility":"","ast-main-header-display":"","ast-hfb-above-header-display":"","ast-hfb-below-header-display":"","ast-hfb-mobile-header-display":"","site-post-title":"","ast-breadcrumbs-content":"","ast-featured-img":"","footer-sml-layout":"","ast-disable-related-posts":"","theme-transparent-header-meta":"","adv-header-id-meta":"","stick-header-meta":"","header-above-stick-meta":"","header-main-stick-meta":"","header-below-stick-meta":"","astra-migrate-meta-layouts":"default","ast-page-background-enabled":"default","ast-page-background-meta":{"desktop":{"background-color":"var(--ast-global-color-5)","background-image":"","background-repeat":"repeat","background-position":"center center","background-size":"auto","background-attachment":"scroll","background-type":"","background-media":"","overlay-type":"","overlay-color":"","overlay-opacity":"","overlay-gradient":""},"tablet":{"background-color":"","background-image":"","background-repeat":"repeat","background-position":"center center","background-size":"auto","background-attachment":"scroll","background-type":"","background-media":"","overlay-type":"","overlay-color":"","overlay-opacity":"","overlay-gradient":""},"mobile":{"background-color":"","background-image":"","background-repeat":"repeat","background-position":"center center","background-size":"auto","background-attachment":"scroll","background-type":"","background-media":"","overlay-type":"","overlay-color":"","overlay-opacity":"","overlay-gradient":""}},"ast-content-background-meta":{"desktop":{"background-color":"var(--ast-global-color-4)","background-image":"","background-repeat":"repeat","background-position":"center center","background-size":"auto","background-attachment":"scroll","background-type":"","background-media":"","overlay-type":"","overlay-color":"","overlay-opacity":"","overlay-gradient":""},"tablet":{"background-color":"var(--ast-global-color-4)","background-image":"","background-repeat":"repeat","background-position":"center center","background-size":"auto","background-attachment":"scroll","background-type":"","background-media":"","overlay-type":"","overlay-color":"","overlay-opacity":"","overlay-gradient":""},"mobile":{"background-color":"var(--ast-global-color-4)","background-image":"","background-repeat":"repeat","background-position":"center center","background-size":"auto","background-attachment":"scroll","background-type":"","background-media":"","overlay-type":"","overlay-color":"","overlay-opacity":"","overlay-gradient":""}},"footnotes":""},"class_list":["post-1358","page","type-page","status-publish","has-post-thumbnail","hentry"],"yoast_head":"<!-- This site is optimized with the Yoast SEO plugin v27.5 - https:\/\/yoast.com\/product\/yoast-seo-wordpress\/ -->\n<title>La CUISINE CUBAINE - Abc-latina<\/title>\n<meta name=\"description\" content=\"La cuisine cubaine. Pr\u00e9sentation de la gastronomie cubaine.\" \/>\n<meta name=\"robots\" content=\"index, follow, max-snippet:-1, max-image-preview:large, max-video-preview:-1\" \/>\n<link rel=\"canonical\" href=\"https:\/\/abc-latina.com\/cuba\/cuisine\/\" \/>\n<meta property=\"og:locale\" content=\"fr_FR\" \/>\n<meta property=\"og:type\" content=\"article\" \/>\n<meta property=\"og:title\" content=\"La CUISINE CUBAINE - Abc-latina\" \/>\n<meta property=\"og:description\" content=\"La cuisine cubaine. Pr\u00e9sentation de la gastronomie cubaine.\" \/>\n<meta property=\"og:url\" content=\"https:\/\/abc-latina.com\/cuba\/cuisine\/\" \/>\n<meta property=\"og:site_name\" content=\"Abc-latina\" \/>\n<meta property=\"article:modified_time\" content=\"2026-04-30T16:25:01+00:00\" \/>\n<meta property=\"og:image\" content=\"https:\/\/abc-latina.com\/wp-content\/uploads\/2010\/06\/cuisine.jpg\" \/>\n\t<meta property=\"og:image:width\" content=\"220\" \/>\n\t<meta property=\"og:image:height\" content=\"220\" \/>\n\t<meta property=\"og:image:type\" content=\"image\/jpeg\" \/>\n<meta name=\"twitter:card\" content=\"summary_large_image\" \/>\n<meta name=\"twitter:label1\" content=\"Dur\u00e9e de lecture estim\u00e9e\" \/>\n\t<meta name=\"twitter:data1\" content=\"1 minute\" \/>\n<script type=\"application\/ld+json\" class=\"yoast-schema-graph\">{\"@context\":\"https:\\\/\\\/schema.org\",\"@graph\":[{\"@type\":\"WebPage\",\"@id\":\"https:\\\/\\\/abc-latina.com\\\/cuba\\\/cuisine\\\/\",\"url\":\"https:\\\/\\\/abc-latina.com\\\/cuba\\\/cuisine\\\/\",\"name\":\"La CUISINE CUBAINE - Abc-latina\",\"isPartOf\":{\"@id\":\"https:\\\/\\\/abc-latina.com\\\/#website\"},\"primaryImageOfPage\":{\"@id\":\"https:\\\/\\\/abc-latina.com\\\/cuba\\\/cuisine\\\/#primaryimage\"},\"image\":{\"@id\":\"https:\\\/\\\/abc-latina.com\\\/cuba\\\/cuisine\\\/#primaryimage\"},\"thumbnailUrl\":\"https:\\\/\\\/abc-latina.com\\\/wp-content\\\/uploads\\\/2010\\\/06\\\/cuisine.jpg\",\"datePublished\":\"2010-06-16T23:08:14+00:00\",\"dateModified\":\"2026-04-30T16:25:01+00:00\",\"description\":\"La cuisine cubaine. Pr\u00e9sentation de la gastronomie cubaine.\",\"breadcrumb\":{\"@id\":\"https:\\\/\\\/abc-latina.com\\\/cuba\\\/cuisine\\\/#breadcrumb\"},\"inLanguage\":\"fr-FR\",\"potentialAction\":[{\"@type\":\"ReadAction\",\"target\":[\"https:\\\/\\\/abc-latina.com\\\/cuba\\\/cuisine\\\/\"]}]},{\"@type\":\"ImageObject\",\"inLanguage\":\"fr-FR\",\"@id\":\"https:\\\/\\\/abc-latina.com\\\/cuba\\\/cuisine\\\/#primaryimage\",\"url\":\"https:\\\/\\\/abc-latina.com\\\/wp-content\\\/uploads\\\/2010\\\/06\\\/cuisine.jpg\",\"contentUrl\":\"https:\\\/\\\/abc-latina.com\\\/wp-content\\\/uploads\\\/2010\\\/06\\\/cuisine.jpg\",\"width\":220,\"height\":220,\"caption\":\"La CUISINE ARGENTINE\"},{\"@type\":\"BreadcrumbList\",\"@id\":\"https:\\\/\\\/abc-latina.com\\\/cuba\\\/cuisine\\\/#breadcrumb\",\"itemListElement\":[{\"@type\":\"ListItem\",\"position\":1,\"name\":\"Accueil\",\"item\":\"https:\\\/\\\/abc-latina.com\\\/\"},{\"@type\":\"ListItem\",\"position\":2,\"name\":\"La CUISINE CUBAINE\"}]},{\"@type\":\"WebSite\",\"@id\":\"https:\\\/\\\/abc-latina.com\\\/#website\",\"url\":\"https:\\\/\\\/abc-latina.com\\\/\",\"name\":\"Abc-latina\",\"description\":\"\",\"publisher\":{\"@id\":\"https:\\\/\\\/abc-latina.com\\\/#organization\"},\"potentialAction\":[{\"@type\":\"SearchAction\",\"target\":{\"@type\":\"EntryPoint\",\"urlTemplate\":\"https:\\\/\\\/abc-latina.com\\\/?s={search_term_string}\"},\"query-input\":{\"@type\":\"PropertyValueSpecification\",\"valueRequired\":true,\"valueName\":\"search_term_string\"}}],\"inLanguage\":\"fr-FR\"},{\"@type\":\"Organization\",\"@id\":\"https:\\\/\\\/abc-latina.com\\\/#organization\",\"name\":\"Abc-latina\",\"url\":\"https:\\\/\\\/abc-latina.com\\\/\",\"logo\":{\"@type\":\"ImageObject\",\"inLanguage\":\"fr-FR\",\"@id\":\"https:\\\/\\\/abc-latina.com\\\/#\\\/schema\\\/logo\\\/image\\\/\",\"url\":\"https:\\\/\\\/abc-latina.com\\\/wp-content\\\/uploads\\\/2026\\\/05\\\/cropped-logo.gif\",\"contentUrl\":\"https:\\\/\\\/abc-latina.com\\\/wp-content\\\/uploads\\\/2026\\\/05\\\/cropped-logo.gif\",\"width\":89,\"height\":84,\"caption\":\"Abc-latina\"},\"image\":{\"@id\":\"https:\\\/\\\/abc-latina.com\\\/#\\\/schema\\\/logo\\\/image\\\/\"}}]}<\/script>\n<!-- \/ Yoast SEO plugin. -->","yoast_head_json":{"title":"La CUISINE CUBAINE - Abc-latina","description":"La cuisine cubaine. Pr\u00e9sentation de la gastronomie cubaine.","robots":{"index":"index","follow":"follow","max-snippet":"max-snippet:-1","max-image-preview":"max-image-preview:large","max-video-preview":"max-video-preview:-1"},"canonical":"https:\/\/abc-latina.com\/cuba\/cuisine\/","og_locale":"fr_FR","og_type":"article","og_title":"La CUISINE CUBAINE - Abc-latina","og_description":"La cuisine cubaine. Pr\u00e9sentation de la gastronomie cubaine.","og_url":"https:\/\/abc-latina.com\/cuba\/cuisine\/","og_site_name":"Abc-latina","article_modified_time":"2026-04-30T16:25:01+00:00","og_image":[{"width":220,"height":220,"url":"https:\/\/abc-latina.com\/wp-content\/uploads\/2010\/06\/cuisine.jpg","type":"image\/jpeg"}],"twitter_card":"summary_large_image","twitter_misc":{"Dur\u00e9e de lecture estim\u00e9e":"1 minute"},"schema":{"@context":"https:\/\/schema.org","@graph":[{"@type":"WebPage","@id":"https:\/\/abc-latina.com\/cuba\/cuisine\/","url":"https:\/\/abc-latina.com\/cuba\/cuisine\/","name":"La CUISINE CUBAINE - Abc-latina","isPartOf":{"@id":"https:\/\/abc-latina.com\/#website"},"primaryImageOfPage":{"@id":"https:\/\/abc-latina.com\/cuba\/cuisine\/#primaryimage"},"image":{"@id":"https:\/\/abc-latina.com\/cuba\/cuisine\/#primaryimage"},"thumbnailUrl":"https:\/\/abc-latina.com\/wp-content\/uploads\/2010\/06\/cuisine.jpg","datePublished":"2010-06-16T23:08:14+00:00","dateModified":"2026-04-30T16:25:01+00:00","description":"La cuisine cubaine. Pr\u00e9sentation de la gastronomie cubaine.","breadcrumb":{"@id":"https:\/\/abc-latina.com\/cuba\/cuisine\/#breadcrumb"},"inLanguage":"fr-FR","potentialAction":[{"@type":"ReadAction","target":["https:\/\/abc-latina.com\/cuba\/cuisine\/"]}]},{"@type":"ImageObject","inLanguage":"fr-FR","@id":"https:\/\/abc-latina.com\/cuba\/cuisine\/#primaryimage","url":"https:\/\/abc-latina.com\/wp-content\/uploads\/2010\/06\/cuisine.jpg","contentUrl":"https:\/\/abc-latina.com\/wp-content\/uploads\/2010\/06\/cuisine.jpg","width":220,"height":220,"caption":"La CUISINE ARGENTINE"},{"@type":"BreadcrumbList","@id":"https:\/\/abc-latina.com\/cuba\/cuisine\/#breadcrumb","itemListElement":[{"@type":"ListItem","position":1,"name":"Accueil","item":"https:\/\/abc-latina.com\/"},{"@type":"ListItem","position":2,"name":"La CUISINE CUBAINE"}]},{"@type":"WebSite","@id":"https:\/\/abc-latina.com\/#website","url":"https:\/\/abc-latina.com\/","name":"Abc-latina","description":"","publisher":{"@id":"https:\/\/abc-latina.com\/#organization"},"potentialAction":[{"@type":"SearchAction","target":{"@type":"EntryPoint","urlTemplate":"https:\/\/abc-latina.com\/?s={search_term_string}"},"query-input":{"@type":"PropertyValueSpecification","valueRequired":true,"valueName":"search_term_string"}}],"inLanguage":"fr-FR"},{"@type":"Organization","@id":"https:\/\/abc-latina.com\/#organization","name":"Abc-latina","url":"https:\/\/abc-latina.com\/","logo":{"@type":"ImageObject","inLanguage":"fr-FR","@id":"https:\/\/abc-latina.com\/#\/schema\/logo\/image\/","url":"https:\/\/abc-latina.com\/wp-content\/uploads\/2026\/05\/cropped-logo.gif","contentUrl":"https:\/\/abc-latina.com\/wp-content\/uploads\/2026\/05\/cropped-logo.gif","width":89,"height":84,"caption":"Abc-latina"},"image":{"@id":"https:\/\/abc-latina.com\/#\/schema\/logo\/image\/"}}]}},"_links":{"self":[{"href":"https:\/\/abc-latina.com\/wp-json\/wp\/v2\/pages\/1358","targetHints":{"allow":["GET"]}}],"collection":[{"href":"https:\/\/abc-latina.com\/wp-json\/wp\/v2\/pages"}],"about":[{"href":"https:\/\/abc-latina.com\/wp-json\/wp\/v2\/types\/page"}],"author":[{"embeddable":true,"href":"https:\/\/abc-latina.com\/wp-json\/wp\/v2\/users\/3"}],"replies":[{"embeddable":true,"href":"https:\/\/abc-latina.com\/wp-json\/wp\/v2\/comments?post=1358"}],"version-history":[{"count":1,"href":"https:\/\/abc-latina.com\/wp-json\/wp\/v2\/pages\/1358\/revisions"}],"predecessor-version":[{"id":3407,"href":"https:\/\/abc-latina.com\/wp-json\/wp\/v2\/pages\/1358\/revisions\/3407"}],"up":[{"embeddable":true,"href":"https:\/\/abc-latina.com\/wp-json\/wp\/v2\/pages\/2302"}],"wp:featuredmedia":[{"embeddable":true,"href":"https:\/\/abc-latina.com\/wp-json\/wp\/v2\/media\/66"}],"wp:attachment":[{"href":"https:\/\/abc-latina.com\/wp-json\/wp\/v2\/media?parent=1358"}],"curies":[{"name":"wp","href":"https:\/\/api.w.org\/{rel}","templated":true}]}}