{"id":1359,"date":"2010-06-17T01:10:56","date_gmt":"2010-06-16T23:10:56","guid":{"rendered":"http:\/\/abc-latina.com\/faune-flore-cubaine-php\/"},"modified":"2026-04-30T18:25:02","modified_gmt":"2026-04-30T16:25:02","slug":"faune-flore-cubaine","status":"publish","type":"page","link":"https:\/\/abc-latina.com\/cuba\/faune-flore-cubaine\/","title":{"rendered":"La FAUNE &#038; la FLORE CUBAINE"},"content":{"rendered":"<div>Palmiers, Pins, cocotiers, eucalyptus (introduit dans les ann\u00e9es 1950) constituent la majorit\u00e9 des arbres qui peuplent l&rsquo;\u00eele. Il n&rsquo; y a pas de profondes for\u00eats tropicales, sauf dans quelques r\u00e9gions orientales. Les arbres \u00e0 bois pr\u00e9cieux ont fait la notori\u00e9t\u00e9 de Cuba : acajou, c\u00e8dre, baobab &hellip; et partout on pourra voir des arbres fruitiers sauvages: manguiers, avocatiers &hellip;<\/div>\n<div>La mariposa blanche, parmi des centaines d&rsquo;autres, est la fleur f\u00e9tiche de Cuba. On trouve aussi des centaines de types d&rsquo;orchid\u00e9es, dont celle qui exhale un parfum de chocolat.<\/div>\n<div>&nbsp;<\/div>\n<div>La faune est importante, et a l&rsquo;exception du crocodile, on n&rsquo;y rencontre pas d&rsquo;animaux dangereux. M\u00eame les serpents sont inoffensifs. Avec un peu de patience et de chance on pourra observer des cerfs, des porcs sauvages, des sangliers, des iguanes, des flamants, des p\u00e9licans, des perroquets, des singes.<\/div>\n<div>La mer est riche en poissons, crabes, langoustes, \u00e9ponges, ainsi que des requins surtout pr\u00e9sents dans le sud.<\/div>\n<div>&nbsp;<\/div>\n<div>\n<div><a href=\"https:\/\/www.abc-latina.com\/amerique_latine\/flore-faune\/\" target=\"_blank\">La Faune et la flore en Am\u00e9rique latine&nbsp;<\/a><\/div>\n<div><a href=\"https:\/\/www.abc-latina.com\/cuba\/geo\">La g\u00e9ographie de Cuba<\/a><\/div>\n<\/div>\n","protected":false},"excerpt":{"rendered":"<p>Palmiers, Pins, cocotiers, eucalyptus (introduit dans les ann\u00e9es 1950) constituent la majorit\u00e9 des arbres qui peuplent l&rsquo;\u00eele. Il n&rsquo; y [&hellip;]<\/p>\n","protected":false},"author":3,"featured_media":0,"parent":2302,"menu_order":0,"comment_status":"closed","ping_status":"closed","template":"","meta":{"site-sidebar-layout":"default","site-content-layout":"","ast-site-content-layout":"default","site-content-style":"default","site-sidebar-style":"default","ast-global-header-display":"","ast-banner-title-visibility":"","ast-main-header-display":"","ast-hfb-above-header-display":"","ast-hfb-below-header-display":"","ast-hfb-mobile-header-display":"","site-post-title":"","ast-breadcrumbs-content":"","ast-featured-img":"","footer-sml-layout":"","ast-disable-related-posts":"","theme-transparent-header-meta":"","adv-header-id-meta":"","stick-header-meta":"","header-above-stick-meta":"","header-main-stick-meta":"","header-below-stick-meta":"","astra-migrate-meta-layouts":"default","ast-page-background-enabled":"default","ast-page-background-meta":{"desktop":{"background-color":"var(--ast-global-color-5)","background-image":"","background-repeat":"repeat","background-position":"center center","background-size":"auto","background-attachment":"scroll","background-type":"","background-media":"","overlay-type":"","overlay-color":"","overlay-opacity":"","overlay-gradient":""},"tablet":{"background-color":"","background-image":"","background-repeat":"repeat","background-position":"center center","background-size":"auto","background-attachment":"scroll","background-type":"","background-media":"","overlay-type":"","overlay-color":"","overlay-opacity":"","overlay-gradient":""},"mobile":{"background-color":"","background-image":"","background-repeat":"repeat","background-position":"center center","background-size":"auto","background-attachment":"scroll","background-type":"","background-media":"","overlay-type":"","overlay-color":"","overlay-opacity":"","overlay-gradient":""}},"ast-content-background-meta":{"desktop":{"background-color":"var(--ast-global-color-4)","background-image":"","background-repeat":"repeat","background-position":"center center","background-size":"auto","background-attachment":"scroll","background-type":"","background-media":"","overlay-type":"","overlay-color":"","overlay-opacity":"","overlay-gradient":""},"tablet":{"background-color":"var(--ast-global-color-4)","background-image":"","background-repeat":"repeat","background-position":"center center","background-size":"auto","background-attachment":"scroll","background-type":"","background-media":"","overlay-type":"","overlay-color":"","overlay-opacity":"","overlay-gradient":""},"mobile":{"background-color":"var(--ast-global-color-4)","background-image":"","background-repeat":"repeat","background-position":"center center","background-size":"auto","background-attachment":"scroll","background-type":"","background-media":"","overlay-type":"","overlay-color":"","overlay-opacity":"","overlay-gradient":""}},"footnotes":""},"class_list":["post-1359","page","type-page","status-publish","hentry"],"yoast_head":"<!-- This site is optimized with the Yoast SEO plugin v27.5 - https:\/\/yoast.com\/product\/yoast-seo-wordpress\/ -->\n<title>La FAUNE &amp; la FLORE CUBAINE - Abc-latina<\/title>\n<meta name=\"description\" content=\"CUBA : La flore et la faune.\" \/>\n<meta name=\"robots\" content=\"index, follow, max-snippet:-1, max-image-preview:large, max-video-preview:-1\" \/>\n<link rel=\"canonical\" href=\"https:\/\/abc-latina.com\/cuba\/faune-flore-cubaine\/\" \/>\n<meta property=\"og:locale\" content=\"fr_FR\" \/>\n<meta property=\"og:type\" content=\"article\" \/>\n<meta property=\"og:title\" content=\"La FAUNE &amp; la FLORE CUBAINE - Abc-latina\" \/>\n<meta property=\"og:description\" content=\"CUBA : La flore et la faune.\" \/>\n<meta property=\"og:url\" content=\"https:\/\/abc-latina.com\/cuba\/faune-flore-cubaine\/\" \/>\n<meta property=\"og:site_name\" content=\"Abc-latina\" \/>\n<meta property=\"article:modified_time\" content=\"2026-04-30T16:25:02+00:00\" \/>\n<meta name=\"twitter:card\" content=\"summary_large_image\" \/>\n<meta name=\"twitter:label1\" content=\"Dur\u00e9e de lecture estim\u00e9e\" \/>\n\t<meta name=\"twitter:data1\" content=\"1 minute\" \/>\n<script type=\"application\/ld+json\" class=\"yoast-schema-graph\">{\"@context\":\"https:\\\/\\\/schema.org\",\"@graph\":[{\"@type\":\"WebPage\",\"@id\":\"https:\\\/\\\/abc-latina.com\\\/cuba\\\/faune-flore-cubaine\\\/\",\"url\":\"https:\\\/\\\/abc-latina.com\\\/cuba\\\/faune-flore-cubaine\\\/\",\"name\":\"La FAUNE & la FLORE CUBAINE - Abc-latina\",\"isPartOf\":{\"@id\":\"https:\\\/\\\/abc-latina.com\\\/#website\"},\"datePublished\":\"2010-06-16T23:10:56+00:00\",\"dateModified\":\"2026-04-30T16:25:02+00:00\",\"description\":\"CUBA : La flore et la faune.\",\"breadcrumb\":{\"@id\":\"https:\\\/\\\/abc-latina.com\\\/cuba\\\/faune-flore-cubaine\\\/#breadcrumb\"},\"inLanguage\":\"fr-FR\",\"potentialAction\":[{\"@type\":\"ReadAction\",\"target\":[\"https:\\\/\\\/abc-latina.com\\\/cuba\\\/faune-flore-cubaine\\\/\"]}]},{\"@type\":\"BreadcrumbList\",\"@id\":\"https:\\\/\\\/abc-latina.com\\\/cuba\\\/faune-flore-cubaine\\\/#breadcrumb\",\"itemListElement\":[{\"@type\":\"ListItem\",\"position\":1,\"name\":\"Accueil\",\"item\":\"https:\\\/\\\/abc-latina.com\\\/\"},{\"@type\":\"ListItem\",\"position\":2,\"name\":\"La FAUNE &#038; la FLORE CUBAINE\"}]},{\"@type\":\"WebSite\",\"@id\":\"https:\\\/\\\/abc-latina.com\\\/#website\",\"url\":\"https:\\\/\\\/abc-latina.com\\\/\",\"name\":\"Abc-latina\",\"description\":\"\",\"publisher\":{\"@id\":\"https:\\\/\\\/abc-latina.com\\\/#organization\"},\"potentialAction\":[{\"@type\":\"SearchAction\",\"target\":{\"@type\":\"EntryPoint\",\"urlTemplate\":\"https:\\\/\\\/abc-latina.com\\\/?s={search_term_string}\"},\"query-input\":{\"@type\":\"PropertyValueSpecification\",\"valueRequired\":true,\"valueName\":\"search_term_string\"}}],\"inLanguage\":\"fr-FR\"},{\"@type\":\"Organization\",\"@id\":\"https:\\\/\\\/abc-latina.com\\\/#organization\",\"name\":\"Abc-latina\",\"url\":\"https:\\\/\\\/abc-latina.com\\\/\",\"logo\":{\"@type\":\"ImageObject\",\"inLanguage\":\"fr-FR\",\"@id\":\"https:\\\/\\\/abc-latina.com\\\/#\\\/schema\\\/logo\\\/image\\\/\",\"url\":\"https:\\\/\\\/abc-latina.com\\\/wp-content\\\/uploads\\\/2026\\\/05\\\/cropped-logo.gif\",\"contentUrl\":\"https:\\\/\\\/abc-latina.com\\\/wp-content\\\/uploads\\\/2026\\\/05\\\/cropped-logo.gif\",\"width\":89,\"height\":84,\"caption\":\"Abc-latina\"},\"image\":{\"@id\":\"https:\\\/\\\/abc-latina.com\\\/#\\\/schema\\\/logo\\\/image\\\/\"}}]}<\/script>\n<!-- \/ Yoast SEO plugin. -->","yoast_head_json":{"title":"La FAUNE & la FLORE CUBAINE - Abc-latina","description":"CUBA : La flore et la faune.","robots":{"index":"index","follow":"follow","max-snippet":"max-snippet:-1","max-image-preview":"max-image-preview:large","max-video-preview":"max-video-preview:-1"},"canonical":"https:\/\/abc-latina.com\/cuba\/faune-flore-cubaine\/","og_locale":"fr_FR","og_type":"article","og_title":"La FAUNE & la FLORE CUBAINE - Abc-latina","og_description":"CUBA : La flore et la faune.","og_url":"https:\/\/abc-latina.com\/cuba\/faune-flore-cubaine\/","og_site_name":"Abc-latina","article_modified_time":"2026-04-30T16:25:02+00:00","twitter_card":"summary_large_image","twitter_misc":{"Dur\u00e9e de lecture estim\u00e9e":"1 minute"},"schema":{"@context":"https:\/\/schema.org","@graph":[{"@type":"WebPage","@id":"https:\/\/abc-latina.com\/cuba\/faune-flore-cubaine\/","url":"https:\/\/abc-latina.com\/cuba\/faune-flore-cubaine\/","name":"La FAUNE & la FLORE CUBAINE - Abc-latina","isPartOf":{"@id":"https:\/\/abc-latina.com\/#website"},"datePublished":"2010-06-16T23:10:56+00:00","dateModified":"2026-04-30T16:25:02+00:00","description":"CUBA : La flore et la faune.","breadcrumb":{"@id":"https:\/\/abc-latina.com\/cuba\/faune-flore-cubaine\/#breadcrumb"},"inLanguage":"fr-FR","potentialAction":[{"@type":"ReadAction","target":["https:\/\/abc-latina.com\/cuba\/faune-flore-cubaine\/"]}]},{"@type":"BreadcrumbList","@id":"https:\/\/abc-latina.com\/cuba\/faune-flore-cubaine\/#breadcrumb","itemListElement":[{"@type":"ListItem","position":1,"name":"Accueil","item":"https:\/\/abc-latina.com\/"},{"@type":"ListItem","position":2,"name":"La FAUNE &#038; la FLORE CUBAINE"}]},{"@type":"WebSite","@id":"https:\/\/abc-latina.com\/#website","url":"https:\/\/abc-latina.com\/","name":"Abc-latina","description":"","publisher":{"@id":"https:\/\/abc-latina.com\/#organization"},"potentialAction":[{"@type":"SearchAction","target":{"@type":"EntryPoint","urlTemplate":"https:\/\/abc-latina.com\/?s={search_term_string}"},"query-input":{"@type":"PropertyValueSpecification","valueRequired":true,"valueName":"search_term_string"}}],"inLanguage":"fr-FR"},{"@type":"Organization","@id":"https:\/\/abc-latina.com\/#organization","name":"Abc-latina","url":"https:\/\/abc-latina.com\/","logo":{"@type":"ImageObject","inLanguage":"fr-FR","@id":"https:\/\/abc-latina.com\/#\/schema\/logo\/image\/","url":"https:\/\/abc-latina.com\/wp-content\/uploads\/2026\/05\/cropped-logo.gif","contentUrl":"https:\/\/abc-latina.com\/wp-content\/uploads\/2026\/05\/cropped-logo.gif","width":89,"height":84,"caption":"Abc-latina"},"image":{"@id":"https:\/\/abc-latina.com\/#\/schema\/logo\/image\/"}}]}},"_links":{"self":[{"href":"https:\/\/abc-latina.com\/wp-json\/wp\/v2\/pages\/1359","targetHints":{"allow":["GET"]}}],"collection":[{"href":"https:\/\/abc-latina.com\/wp-json\/wp\/v2\/pages"}],"about":[{"href":"https:\/\/abc-latina.com\/wp-json\/wp\/v2\/types\/page"}],"author":[{"embeddable":true,"href":"https:\/\/abc-latina.com\/wp-json\/wp\/v2\/users\/3"}],"replies":[{"embeddable":true,"href":"https:\/\/abc-latina.com\/wp-json\/wp\/v2\/comments?post=1359"}],"version-history":[{"count":1,"href":"https:\/\/abc-latina.com\/wp-json\/wp\/v2\/pages\/1359\/revisions"}],"predecessor-version":[{"id":3409,"href":"https:\/\/abc-latina.com\/wp-json\/wp\/v2\/pages\/1359\/revisions\/3409"}],"up":[{"embeddable":true,"href":"https:\/\/abc-latina.com\/wp-json\/wp\/v2\/pages\/2302"}],"wp:attachment":[{"href":"https:\/\/abc-latina.com\/wp-json\/wp\/v2\/media?parent=1359"}],"curies":[{"name":"wp","href":"https:\/\/api.w.org\/{rel}","templated":true}]}}