{"id":1366,"date":"2010-07-17T00:22:30","date_gmt":"2010-07-16T22:22:30","guid":{"rendered":"http:\/\/abc-latina.com\/economie-htm-9\/"},"modified":"2026-04-30T18:24:48","modified_gmt":"2026-04-30T16:24:48","slug":"economie","status":"publish","type":"page","link":"https:\/\/abc-latina.com\/bolivie\/economie\/","title":{"rendered":"ECONOMIE &#8211; BOLIVIE"},"content":{"rendered":"<div>La Bolivie est le deuxi\u00e8me pays dont le revenu par habitant est le plus faible de l&rsquo;Am\u00e9rique Latine. L&rsquo;agriculture emploie pr\u00e8s de la moiti\u00e9 de la population active, mais la productivit\u00e9 est tr\u00e8s faible. Les principales cultures commercialis\u00e9es sont le soja, le sucre et le caf\u00e9. Le bois est une importante source de revenus en devises de m\u00eame que la viande et la transformation de peau de bovins de l&rsquo;industrie du b\u00e9tail. Il y aussi un important commerce ill\u00e9gal de coca, la plante qui produit la coca\u00efne, qui permet aux paysans d&rsquo;avoir une meilleure situation bien que le Gouvernement coop\u00e8re activement avec les <a href=\"http:\/\/www.amerique-du-nord.com\/usa\/\" target=\"_blank\">Etats-Unis<\/a> pour lancer une campagne destin\u00e9e \u00e0 supprimer les plantations. La Bolivie a des grosses r\u00e9serves min\u00e9rales, surtout d&rsquo;\u00e9tain, dont elle est le principal producteur mondial, et aussi de gaz naturel, de p\u00e9trole, de plomb, d&rsquo;antimoine, de tungst\u00e8ne, d&rsquo;or et d&rsquo;argent. Le p\u00e9trole et le gaz suffisent largement aux besoins \u00e9nerg\u00e9tiques du pays et \u00e0 l&rsquo;exportation. Le commerce ext\u00e9rieur, qui est bas\u00e9 sur les mati\u00e8res premi\u00e8res, se r\u00e9percute sur la vuln\u00e9rabilit\u00e9 de l&rsquo;\u00e9conomie bolivienne qui d\u00e9pend de la fluctuation mondiale des prix. Mais la d\u00e9couverte de nouveaux gisements, principalement de gaz et de p\u00e9trole, et de nouvelles formes de distribution (comme le gazoduc avec le Br\u00e9sil inaugur\u00e9 en 1997) sont une esp\u00e9rance pour l&rsquo;am\u00e9lioration de l&rsquo;\u00e9conomie. La Bolivie est membre des organisations suivantes:&nbsp;<\/div>\n<div>&#8211; Association Latino-am\u00e9ricaine d&rsquo;Int\u00e9gration (ALADI )<\/div>\n<div>&#8211; Organisation Am\u00e9ricaine de l&rsquo;Economie (OEA)<\/div>\n<div>&#8211; <a href=\"https:\/\/www.abc-latina.com\/amerique_latine\/div\/mercosur\" target=\"_blank\">Mercosur<\/a><\/div>\n<div>&#8211; Comunidad Andina<\/div>\n<div>&#8211; Syst\u00e8me Economique Am\u00e9ricain (SELA),<\/div>\n<div>&#8211; Pacte Amazonique et Paises Miembros de la Cuenca del Plata.<\/div>\n<div>&nbsp;<\/div>\n<div>En 1980, l&rsquo;inflation, la fluctuation sauvage du change et l&rsquo;aggravation de la dette externe, ont enfonc\u00e9 la quasi totalit\u00e9 de l&rsquo;\u00e9conomie bolivienne, mais elle s&rsquo;est remise \u00e0 niveau peu \u00e0 peu et elle est actuellement stabilis\u00e9e. La plupart des probl\u00e8mes actuels de l&rsquo;\u00e9conomie reposent sur le manque d&rsquo;investissements depuis des ann\u00e9es. Les principaux partenaires commerciaux de la Bolivie sont ses voisins, le <a href=\"https:\/\/www.abc-latina.com\/bresil\/\" target=\"_blank\">Br\u00e9sil<\/a>, l&rsquo;<a href=\"https:\/\/www.abc-latina.com\/argentine\/\" target=\"_blank\">Argentine<\/a> et le <a href=\"https:\/\/www.abc-latina.com\/chili\/\" target=\"_blank\">Chili<\/a>, les Etats-Unis suivis du <a href=\"http:\/\/www.asie-planete.com\/japon\/\" target=\"_blank\">Japon<\/a> et des pays de l&rsquo;Union Europ\u00e9enne principalement l&rsquo;<a href=\"http:\/\/www.europa-planet.com\/espagne\/\" target=\"_blank\">Espagne<\/a>.&nbsp;<\/div>\n<div>&nbsp;<\/div>\n<div><span class=\"eco-indic\">INDICATEURS ECONOMIQUES<\/span><\/div>\n<div>&nbsp;<\/div>\n<div>PIB (2006) : 11,2 MD US$&nbsp;<\/div>\n<div>PIB par habitant (2006) : 1 200 US$&nbsp;<\/div>\n<div>Taux de croissance (2006) : 4,6 %&nbsp;<\/div>\n<div>Taux de ch\u00f4mage (2006) : 7,6 %&nbsp;<\/div>\n<div>Taux d&rsquo;inflation (2006) : + 5 %&nbsp;<\/div>\n<div><span class=\"eco-indic2\">Part des principaux secteurs d&rsquo;activit\u00e9s dans le PIB :<\/span>&nbsp;<\/div>\n<div>&#8211; secteur agricole : 16 %&nbsp;<\/div>\n<div>&#8211; secteur industriel : 35 %&nbsp;<\/div>\n<div>&#8211; secteur des services : 49 %&nbsp;<\/div>\n<div>&nbsp;<\/div>\n<div><span class=\"eco-indic2\">Principaux clients 2006 :<\/span>&nbsp;<\/div>\n<div>Br\u00e9sil (38 %), Japon (9 %), Argentine (8,8 %), Etats-Unis (8,5 %)&nbsp;<\/div>\n<div>&nbsp;<\/div>\n<div><span class=\"eco-indic2\">Principaux fournisseurs 2006 :<\/span>&nbsp;<\/div>\n<div>Br\u00e9sil (20,4 %), Argentine (15,9 %), Etats-Unis (12 %), Chili (8,3 %), Japon (7,9 %), <a href=\"http:\/\/www.asie-planete.com\/chine\/\" target=\"_blank\">Chine<\/a> (6,8 %)&nbsp;<\/div>\n<div>Exportations de la <a href=\"http:\/\/www.europa-planet.com\/france\/\" target=\"_blank\">France<\/a> vers la Bolivie (18,6 M&euro; en 2006)<\/div>\n<div>Importations fran\u00e7aises de Bolivie (14,8 M&euro; en 2006)&nbsp;<\/div>\n","protected":false},"excerpt":{"rendered":"<p>La Bolivie est le deuxi\u00e8me pays dont le revenu par habitant est le plus faible de l&rsquo;Am\u00e9rique Latine. L&rsquo;agriculture emploie [&hellip;]<\/p>\n","protected":false},"author":3,"featured_media":0,"parent":2295,"menu_order":0,"comment_status":"closed","ping_status":"closed","template":"","meta":{"site-sidebar-layout":"default","site-content-layout":"","ast-site-content-layout":"default","site-content-style":"default","site-sidebar-style":"default","ast-global-header-display":"","ast-banner-title-visibility":"","ast-main-header-display":"","ast-hfb-above-header-display":"","ast-hfb-below-header-display":"","ast-hfb-mobile-header-display":"","site-post-title":"","ast-breadcrumbs-content":"","ast-featured-img":"","footer-sml-layout":"","ast-disable-related-posts":"","theme-transparent-header-meta":"","adv-header-id-meta":"","stick-header-meta":"","header-above-stick-meta":"","header-main-stick-meta":"","header-below-stick-meta":"","astra-migrate-meta-layouts":"default","ast-page-background-enabled":"default","ast-page-background-meta":{"desktop":{"background-color":"var(--ast-global-color-5)","background-image":"","background-repeat":"repeat","background-position":"center center","background-size":"auto","background-attachment":"scroll","background-type":"","background-media":"","overlay-type":"","overlay-color":"","overlay-opacity":"","overlay-gradient":""},"tablet":{"background-color":"","background-image":"","background-repeat":"repeat","background-position":"center center","background-size":"auto","background-attachment":"scroll","background-type":"","background-media":"","overlay-type":"","overlay-color":"","overlay-opacity":"","overlay-gradient":""},"mobile":{"background-color":"","background-image":"","background-repeat":"repeat","background-position":"center center","background-size":"auto","background-attachment":"scroll","background-type":"","background-media":"","overlay-type":"","overlay-color":"","overlay-opacity":"","overlay-gradient":""}},"ast-content-background-meta":{"desktop":{"background-color":"var(--ast-global-color-4)","background-image":"","background-repeat":"repeat","background-position":"center center","background-size":"auto","background-attachment":"scroll","background-type":"","background-media":"","overlay-type":"","overlay-color":"","overlay-opacity":"","overlay-gradient":""},"tablet":{"background-color":"var(--ast-global-color-4)","background-image":"","background-repeat":"repeat","background-position":"center center","background-size":"auto","background-attachment":"scroll","background-type":"","background-media":"","overlay-type":"","overlay-color":"","overlay-opacity":"","overlay-gradient":""},"mobile":{"background-color":"var(--ast-global-color-4)","background-image":"","background-repeat":"repeat","background-position":"center center","background-size":"auto","background-attachment":"scroll","background-type":"","background-media":"","overlay-type":"","overlay-color":"","overlay-opacity":"","overlay-gradient":""}},"footnotes":""},"class_list":["post-1366","page","type-page","status-publish","hentry"],"yoast_head":"<!-- This site is optimized with the Yoast SEO plugin v27.5 - https:\/\/yoast.com\/product\/yoast-seo-wordpress\/ -->\n<title>ECONOMIE - BOLIVIE - Abc-latina<\/title>\n<meta name=\"description\" content=\"La Bolivie est le deuxi\u00e8me pays dont le revenu par habitant est le plus faible de l&#039;Am\u00e9rique Latine. L&#039;agriculture emploie pr\u00e8s de la moiti\u00e9 de la population active\" \/>\n<meta name=\"robots\" content=\"index, follow, max-snippet:-1, max-image-preview:large, max-video-preview:-1\" \/>\n<link rel=\"canonical\" href=\"https:\/\/abc-latina.com\/bolivie\/economie\/\" \/>\n<meta property=\"og:locale\" content=\"fr_FR\" \/>\n<meta property=\"og:type\" content=\"article\" \/>\n<meta property=\"og:title\" content=\"ECONOMIE - BOLIVIE - Abc-latina\" \/>\n<meta property=\"og:description\" content=\"La Bolivie est le deuxi\u00e8me pays dont le revenu par habitant est le plus faible de l&#039;Am\u00e9rique Latine. L&#039;agriculture emploie pr\u00e8s de la moiti\u00e9 de la population active\" \/>\n<meta property=\"og:url\" content=\"https:\/\/abc-latina.com\/bolivie\/economie\/\" \/>\n<meta property=\"og:site_name\" content=\"Abc-latina\" \/>\n<meta property=\"article:modified_time\" content=\"2026-04-30T16:24:48+00:00\" \/>\n<meta name=\"twitter:card\" content=\"summary_large_image\" \/>\n<meta name=\"twitter:label1\" content=\"Dur\u00e9e de lecture estim\u00e9e\" \/>\n\t<meta name=\"twitter:data1\" content=\"2 minutes\" \/>\n<script type=\"application\/ld+json\" class=\"yoast-schema-graph\">{\"@context\":\"https:\\\/\\\/schema.org\",\"@graph\":[{\"@type\":\"WebPage\",\"@id\":\"https:\\\/\\\/abc-latina.com\\\/bolivie\\\/economie\\\/\",\"url\":\"https:\\\/\\\/abc-latina.com\\\/bolivie\\\/economie\\\/\",\"name\":\"ECONOMIE - BOLIVIE - Abc-latina\",\"isPartOf\":{\"@id\":\"https:\\\/\\\/abc-latina.com\\\/#website\"},\"datePublished\":\"2010-07-16T22:22:30+00:00\",\"dateModified\":\"2026-04-30T16:24:48+00:00\",\"description\":\"La Bolivie est le deuxi\u00e8me pays dont le revenu par habitant est le plus faible de l'Am\u00e9rique Latine. L'agriculture emploie pr\u00e8s de la moiti\u00e9 de la population active\",\"breadcrumb\":{\"@id\":\"https:\\\/\\\/abc-latina.com\\\/bolivie\\\/economie\\\/#breadcrumb\"},\"inLanguage\":\"fr-FR\",\"potentialAction\":[{\"@type\":\"ReadAction\",\"target\":[\"https:\\\/\\\/abc-latina.com\\\/bolivie\\\/economie\\\/\"]}]},{\"@type\":\"BreadcrumbList\",\"@id\":\"https:\\\/\\\/abc-latina.com\\\/bolivie\\\/economie\\\/#breadcrumb\",\"itemListElement\":[{\"@type\":\"ListItem\",\"position\":1,\"name\":\"Accueil\",\"item\":\"https:\\\/\\\/abc-latina.com\\\/\"},{\"@type\":\"ListItem\",\"position\":2,\"name\":\"ECONOMIE &#8211; BOLIVIE\"}]},{\"@type\":\"WebSite\",\"@id\":\"https:\\\/\\\/abc-latina.com\\\/#website\",\"url\":\"https:\\\/\\\/abc-latina.com\\\/\",\"name\":\"Abc-latina\",\"description\":\"\",\"publisher\":{\"@id\":\"https:\\\/\\\/abc-latina.com\\\/#organization\"},\"potentialAction\":[{\"@type\":\"SearchAction\",\"target\":{\"@type\":\"EntryPoint\",\"urlTemplate\":\"https:\\\/\\\/abc-latina.com\\\/?s={search_term_string}\"},\"query-input\":{\"@type\":\"PropertyValueSpecification\",\"valueRequired\":true,\"valueName\":\"search_term_string\"}}],\"inLanguage\":\"fr-FR\"},{\"@type\":\"Organization\",\"@id\":\"https:\\\/\\\/abc-latina.com\\\/#organization\",\"name\":\"Abc-latina\",\"url\":\"https:\\\/\\\/abc-latina.com\\\/\",\"logo\":{\"@type\":\"ImageObject\",\"inLanguage\":\"fr-FR\",\"@id\":\"https:\\\/\\\/abc-latina.com\\\/#\\\/schema\\\/logo\\\/image\\\/\",\"url\":\"https:\\\/\\\/abc-latina.com\\\/wp-content\\\/uploads\\\/2026\\\/05\\\/cropped-logo.gif\",\"contentUrl\":\"https:\\\/\\\/abc-latina.com\\\/wp-content\\\/uploads\\\/2026\\\/05\\\/cropped-logo.gif\",\"width\":89,\"height\":84,\"caption\":\"Abc-latina\"},\"image\":{\"@id\":\"https:\\\/\\\/abc-latina.com\\\/#\\\/schema\\\/logo\\\/image\\\/\"}}]}<\/script>\n<!-- \/ Yoast SEO plugin. -->","yoast_head_json":{"title":"ECONOMIE - BOLIVIE - Abc-latina","description":"La Bolivie est le deuxi\u00e8me pays dont le revenu par habitant est le plus faible de l'Am\u00e9rique Latine. L'agriculture emploie pr\u00e8s de la moiti\u00e9 de la population active","robots":{"index":"index","follow":"follow","max-snippet":"max-snippet:-1","max-image-preview":"max-image-preview:large","max-video-preview":"max-video-preview:-1"},"canonical":"https:\/\/abc-latina.com\/bolivie\/economie\/","og_locale":"fr_FR","og_type":"article","og_title":"ECONOMIE - BOLIVIE - Abc-latina","og_description":"La Bolivie est le deuxi\u00e8me pays dont le revenu par habitant est le plus faible de l'Am\u00e9rique Latine. L'agriculture emploie pr\u00e8s de la moiti\u00e9 de la population active","og_url":"https:\/\/abc-latina.com\/bolivie\/economie\/","og_site_name":"Abc-latina","article_modified_time":"2026-04-30T16:24:48+00:00","twitter_card":"summary_large_image","twitter_misc":{"Dur\u00e9e de lecture estim\u00e9e":"2 minutes"},"schema":{"@context":"https:\/\/schema.org","@graph":[{"@type":"WebPage","@id":"https:\/\/abc-latina.com\/bolivie\/economie\/","url":"https:\/\/abc-latina.com\/bolivie\/economie\/","name":"ECONOMIE - BOLIVIE - Abc-latina","isPartOf":{"@id":"https:\/\/abc-latina.com\/#website"},"datePublished":"2010-07-16T22:22:30+00:00","dateModified":"2026-04-30T16:24:48+00:00","description":"La Bolivie est le deuxi\u00e8me pays dont le revenu par habitant est le plus faible de l'Am\u00e9rique Latine. L'agriculture emploie pr\u00e8s de la moiti\u00e9 de la population active","breadcrumb":{"@id":"https:\/\/abc-latina.com\/bolivie\/economie\/#breadcrumb"},"inLanguage":"fr-FR","potentialAction":[{"@type":"ReadAction","target":["https:\/\/abc-latina.com\/bolivie\/economie\/"]}]},{"@type":"BreadcrumbList","@id":"https:\/\/abc-latina.com\/bolivie\/economie\/#breadcrumb","itemListElement":[{"@type":"ListItem","position":1,"name":"Accueil","item":"https:\/\/abc-latina.com\/"},{"@type":"ListItem","position":2,"name":"ECONOMIE &#8211; BOLIVIE"}]},{"@type":"WebSite","@id":"https:\/\/abc-latina.com\/#website","url":"https:\/\/abc-latina.com\/","name":"Abc-latina","description":"","publisher":{"@id":"https:\/\/abc-latina.com\/#organization"},"potentialAction":[{"@type":"SearchAction","target":{"@type":"EntryPoint","urlTemplate":"https:\/\/abc-latina.com\/?s={search_term_string}"},"query-input":{"@type":"PropertyValueSpecification","valueRequired":true,"valueName":"search_term_string"}}],"inLanguage":"fr-FR"},{"@type":"Organization","@id":"https:\/\/abc-latina.com\/#organization","name":"Abc-latina","url":"https:\/\/abc-latina.com\/","logo":{"@type":"ImageObject","inLanguage":"fr-FR","@id":"https:\/\/abc-latina.com\/#\/schema\/logo\/image\/","url":"https:\/\/abc-latina.com\/wp-content\/uploads\/2026\/05\/cropped-logo.gif","contentUrl":"https:\/\/abc-latina.com\/wp-content\/uploads\/2026\/05\/cropped-logo.gif","width":89,"height":84,"caption":"Abc-latina"},"image":{"@id":"https:\/\/abc-latina.com\/#\/schema\/logo\/image\/"}}]}},"_links":{"self":[{"href":"https:\/\/abc-latina.com\/wp-json\/wp\/v2\/pages\/1366","targetHints":{"allow":["GET"]}}],"collection":[{"href":"https:\/\/abc-latina.com\/wp-json\/wp\/v2\/pages"}],"about":[{"href":"https:\/\/abc-latina.com\/wp-json\/wp\/v2\/types\/page"}],"author":[{"embeddable":true,"href":"https:\/\/abc-latina.com\/wp-json\/wp\/v2\/users\/3"}],"replies":[{"embeddable":true,"href":"https:\/\/abc-latina.com\/wp-json\/wp\/v2\/comments?post=1366"}],"version-history":[{"count":1,"href":"https:\/\/abc-latina.com\/wp-json\/wp\/v2\/pages\/1366\/revisions"}],"predecessor-version":[{"id":3131,"href":"https:\/\/abc-latina.com\/wp-json\/wp\/v2\/pages\/1366\/revisions\/3131"}],"up":[{"embeddable":true,"href":"https:\/\/abc-latina.com\/wp-json\/wp\/v2\/pages\/2295"}],"wp:attachment":[{"href":"https:\/\/abc-latina.com\/wp-json\/wp\/v2\/media?parent=1366"}],"curies":[{"name":"wp","href":"https:\/\/api.w.org\/{rel}","templated":true}]}}