{"id":1367,"date":"2010-07-17T00:24:46","date_gmt":"2010-07-16T22:24:46","guid":{"rendered":"http:\/\/abc-latina.com\/geo-htm-8\/"},"modified":"2026-04-30T18:24:48","modified_gmt":"2026-04-30T16:24:48","slug":"geo","status":"publish","type":"page","link":"https:\/\/abc-latina.com\/bolivie\/geo\/","title":{"rendered":"GEOGRAPHIE &#8211; BOLIVIE"},"content":{"rendered":"<p><a href=\"https:\/\/www.abc-latina.com\/carteam\" target=\"_blank\"><img loading=\"lazy\" decoding=\"async\" class=\" alignright size-full wp-image-1098\" src=\"http:\/\/abc-latina.com\/wp-content\/uploads\/2010\/06\/america_bolivie.png\" style=\"margin: 5px; float: right;\" title=\"GEOGRAPHIE DE LA BOLIVIE\" alt=\"GEOGRAPHIE DE LA BOLIVIE\" width=\"118\" height=\"122\" \/><\/a>La <span class=\"tourisme-chapitre\">Bolivie<\/span> est l&rsquo;\u00e9tat le plus haut et le plus isol\u00e9 de l&rsquo;Am\u00e9rique du sud. Il n&rsquo;a aucun acc\u00e8s \u00e0 l&rsquo;oc\u00e9an. Elle partage des fronti\u00e8res avec le P\u00e9rou au Nord Ouest, le Br\u00e9sil au Nord et \u00e0 l&rsquo;Est, le Paraguay au Sud Est, l&rsquo;Argentine au Sud et le Chili \u00e0 l&rsquo;Ouest.<\/p>\n<p>La Bolivie se compose de trois r\u00e9gions tr\u00e8s diff\u00e9rentes que l&rsquo;on peut l&rsquo;ordonner de la fa\u00e7on suivante : la chaine andine et l&rsquo;altiplano, les vall\u00e9es interm\u00e9diaires, appel\u00e9es aussi Yungas et enfin les plaines tropicales. Chacune de ces r\u00e9gions ayant des caract\u00e9ristiques climatiques, g\u00e9ologiques, hydrauliques diff\u00e9rentes.<\/p>\n<p><strong>La cordill\u00e8re et l&rsquo;Altiplano<\/strong><br \/>C&rsquo;est une r\u00e9gion pratiquement d\u00e9sertique \u00e0 une altitude d&rsquo;environ 4000 m\u00e8tres. Elle englobe 10% du pays et s&rsquo;y concentre 70% de la population dont un tiers de la population urbaine.<br \/><strong>Les Yungas et vall\u00e9es interm\u00e9diaires<\/strong><br \/>C&rsquo;est une vall\u00e9e f\u00e9conde situ\u00e9e \u00e0 une altitude comprise entre 1800 m\u00e8tres et 2700 m\u00e8tres. <br \/><strong>Les plaines tropicales de l&rsquo;Est<\/strong><br \/>Elles s&rsquo;\u00e9tendent jusqu&rsquo;aux fronti\u00e8res du Br\u00e9sil, de l&rsquo;Argentine et du Paraguay et couvrent 70% du territoire. La pluie est abondante et les temp\u00e9ratures sont relativement \u00e9lev\u00e9es.<\/p>\n<p><span class=\"geo-info\">Les d\u00e9partements<\/span><\/p>\n<p>La Bolivie est d\u00e9coup\u00e9e en neuf d\u00e9partements, qui sont ensuite divis\u00e9s en province et finalement en cantons. Sucre est la capitale de la r\u00e9publique ainsi que le si\u00e8ge de la cour supr\u00eame de justice. La Paz est le si\u00e8ge des pouvoirs ex\u00e9cutif et l\u00e9gislatif.<\/p>\n<div><strong>Santa Cruz<\/strong>&nbsp;: 244 658 km&sup2; &#8211; environ 1 500 000 habitants<\/div>\n<div><strong>Potosi<\/strong>&nbsp;: 370 621 km&sup2; &#8211; environ 650 000 habitants<\/div>\n<div><strong>Pando<\/strong>&nbsp;: 63 827 km&sup2; &#8211; environ 40 000 habitants<\/div>\n<div><strong>La Paz<\/strong>&nbsp;: 133 985 km&sup2; &#8211; environ 2 millions d&rsquo;habitants<\/div>\n<div><strong>Cochabamba<\/strong>&nbsp;: 55 631 km&sup2; &#8211; environ 1 100 000 habitants<\/div>\n<div><strong>Oruro<\/strong>&nbsp;: 53 588 km&sup2; &#8211; environ 350 000 habitants&nbsp;<\/div>\n<div><strong>Beni<\/strong>&nbsp;: 213 654 km&sup2; &#8211; environ 260 000 habitants<\/div>\n<div><strong>Tarija<\/strong>&nbsp;: 37 623 km&sup2; &#8211; environ 300 000 habitants<\/div>\n<div><strong>Chuquisaca<\/strong>&nbsp;: 51 524 km&sup2; &#8211; environ 450 000 habitants<\/div>\n<h3>G\u00e9ographie de la Bolivie: Chiffres<\/h3>\n<div><span class=\"geo-info2\">Capitale:<\/span> Sucre&nbsp;<\/div>\n<div>Si\u00e8ge du Gouvernement et du pouvoir l\u00e9gislatif: La Paz<\/div>\n<div><span class=\"geo-info2\">Superficie:<\/span> 1 098 581 km&sup2;<\/div>\n<div>2 fois la France<\/div>\n<div>26 fois la Suisse<\/div>\n<div>36 fois la Belgique<\/div>\n<div>mais 9 fois plus petit que le Canada.&nbsp;<\/div>\n<div><span class=\"geo-info2\">Population:<\/span> 8 millions&nbsp;<\/div>\n<div>Urbaine \u00e0 60 %<\/div>\n<div>Rurale \u00e0 40 %<\/div>\n<div>Densit\u00e9 7,3 hab\/km&sup2;&nbsp;<\/div>\n<div>9 d\u00e9partements<\/div>\n<div>Indice de f\u00e9condit\u00e9: 4,4 enfants\/femme<\/div>\n<div>Esp\u00e9rance de vie: 63 ans<\/div>\n<div>Taux d&rsquo;alphab\u00e9tisation: 82 %<\/div>\n<div><span class=\"geo-info2\">Langue:<\/span> Espagnol, Quechua, Aymara et Guarani.<\/div>\n<p>&nbsp;<\/p>\n","protected":false},"excerpt":{"rendered":"<p>La Bolivie est l&rsquo;\u00e9tat le plus haut et le plus isol\u00e9 de l&rsquo;Am\u00e9rique du sud. Il n&rsquo;a aucun acc\u00e8s \u00e0 [&hellip;]<\/p>\n","protected":false},"author":3,"featured_media":1098,"parent":2295,"menu_order":0,"comment_status":"closed","ping_status":"closed","template":"","meta":{"site-sidebar-layout":"default","site-content-layout":"","ast-site-content-layout":"default","site-content-style":"default","site-sidebar-style":"default","ast-global-header-display":"","ast-banner-title-visibility":"","ast-main-header-display":"","ast-hfb-above-header-display":"","ast-hfb-below-header-display":"","ast-hfb-mobile-header-display":"","site-post-title":"","ast-breadcrumbs-content":"","ast-featured-img":"","footer-sml-layout":"","ast-disable-related-posts":"","theme-transparent-header-meta":"","adv-header-id-meta":"","stick-header-meta":"","header-above-stick-meta":"","header-main-stick-meta":"","header-below-stick-meta":"","astra-migrate-meta-layouts":"default","ast-page-background-enabled":"default","ast-page-background-meta":{"desktop":{"background-color":"var(--ast-global-color-5)","background-image":"","background-repeat":"repeat","background-position":"center center","background-size":"auto","background-attachment":"scroll","background-type":"","background-media":"","overlay-type":"","overlay-color":"","overlay-opacity":"","overlay-gradient":""},"tablet":{"background-color":"","background-image":"","background-repeat":"repeat","background-position":"center center","background-size":"auto","background-attachment":"scroll","background-type":"","background-media":"","overlay-type":"","overlay-color":"","overlay-opacity":"","overlay-gradient":""},"mobile":{"background-color":"","background-image":"","background-repeat":"repeat","background-position":"center center","background-size":"auto","background-attachment":"scroll","background-type":"","background-media":"","overlay-type":"","overlay-color":"","overlay-opacity":"","overlay-gradient":""}},"ast-content-background-meta":{"desktop":{"background-color":"var(--ast-global-color-4)","background-image":"","background-repeat":"repeat","background-position":"center center","background-size":"auto","background-attachment":"scroll","background-type":"","background-media":"","overlay-type":"","overlay-color":"","overlay-opacity":"","overlay-gradient":""},"tablet":{"background-color":"var(--ast-global-color-4)","background-image":"","background-repeat":"repeat","background-position":"center center","background-size":"auto","background-attachment":"scroll","background-type":"","background-media":"","overlay-type":"","overlay-color":"","overlay-opacity":"","overlay-gradient":""},"mobile":{"background-color":"var(--ast-global-color-4)","background-image":"","background-repeat":"repeat","background-position":"center center","background-size":"auto","background-attachment":"scroll","background-type":"","background-media":"","overlay-type":"","overlay-color":"","overlay-opacity":"","overlay-gradient":""}},"footnotes":""},"class_list":["post-1367","page","type-page","status-publish","has-post-thumbnail","hentry"],"yoast_head":"<!-- This site is optimized with the Yoast SEO plugin v27.5 - https:\/\/yoast.com\/product\/yoast-seo-wordpress\/ -->\n<title>GEOGRAPHIE - BOLIVIE - Abc-latina<\/title>\n<meta name=\"description\" content=\"La Bolivie est l\u2019\u00e9tat le plus haut et le plus isol\u00e9 de l&#039;Am\u00e9rique du sud. Il n&#039;a aucun acc\u00e8s \u00e0 l\u2019oc\u00e9an. Elle se compose de trois r\u00e9gions tr\u00e8s diff\u00e9rentes: la chaine andine, l\u2019altiplano et enfin les plaines tropicales\" \/>\n<meta name=\"robots\" content=\"index, follow, max-snippet:-1, max-image-preview:large, max-video-preview:-1\" \/>\n<link rel=\"canonical\" href=\"https:\/\/abc-latina.com\/bolivie\/geo\/\" \/>\n<meta property=\"og:locale\" content=\"fr_FR\" \/>\n<meta property=\"og:type\" content=\"article\" \/>\n<meta property=\"og:title\" content=\"GEOGRAPHIE - BOLIVIE - Abc-latina\" \/>\n<meta property=\"og:description\" content=\"La Bolivie est l\u2019\u00e9tat le plus haut et le plus isol\u00e9 de l&#039;Am\u00e9rique du sud. Il n&#039;a aucun acc\u00e8s \u00e0 l\u2019oc\u00e9an. Elle se compose de trois r\u00e9gions tr\u00e8s diff\u00e9rentes: la chaine andine, l\u2019altiplano et enfin les plaines tropicales\" \/>\n<meta property=\"og:url\" content=\"https:\/\/abc-latina.com\/bolivie\/geo\/\" \/>\n<meta property=\"og:site_name\" content=\"Abc-latina\" \/>\n<meta property=\"article:modified_time\" content=\"2026-04-30T16:24:48+00:00\" \/>\n<meta property=\"og:image\" content=\"https:\/\/abc-latina.com\/wp-content\/uploads\/2010\/06\/america_bolivie.png\" \/>\n\t<meta property=\"og:image:width\" content=\"118\" \/>\n\t<meta property=\"og:image:height\" content=\"122\" \/>\n\t<meta property=\"og:image:type\" content=\"image\/png\" \/>\n<meta name=\"twitter:card\" content=\"summary_large_image\" \/>\n<meta name=\"twitter:label1\" content=\"Dur\u00e9e de lecture estim\u00e9e\" \/>\n\t<meta name=\"twitter:data1\" content=\"2 minutes\" \/>\n<script type=\"application\/ld+json\" class=\"yoast-schema-graph\">{\"@context\":\"https:\\\/\\\/schema.org\",\"@graph\":[{\"@type\":\"WebPage\",\"@id\":\"https:\\\/\\\/abc-latina.com\\\/bolivie\\\/geo\\\/\",\"url\":\"https:\\\/\\\/abc-latina.com\\\/bolivie\\\/geo\\\/\",\"name\":\"GEOGRAPHIE - BOLIVIE - Abc-latina\",\"isPartOf\":{\"@id\":\"https:\\\/\\\/abc-latina.com\\\/#website\"},\"primaryImageOfPage\":{\"@id\":\"https:\\\/\\\/abc-latina.com\\\/bolivie\\\/geo\\\/#primaryimage\"},\"image\":{\"@id\":\"https:\\\/\\\/abc-latina.com\\\/bolivie\\\/geo\\\/#primaryimage\"},\"thumbnailUrl\":\"https:\\\/\\\/abc-latina.com\\\/wp-content\\\/uploads\\\/2010\\\/06\\\/america_bolivie.png\",\"datePublished\":\"2010-07-16T22:24:46+00:00\",\"dateModified\":\"2026-04-30T16:24:48+00:00\",\"description\":\"La Bolivie est l\u2019\u00e9tat le plus haut et le plus isol\u00e9 de l'Am\u00e9rique du sud. Il n'a aucun acc\u00e8s \u00e0 l\u2019oc\u00e9an. Elle se compose de trois r\u00e9gions tr\u00e8s diff\u00e9rentes: la chaine andine, l\u2019altiplano et enfin les plaines tropicales\",\"breadcrumb\":{\"@id\":\"https:\\\/\\\/abc-latina.com\\\/bolivie\\\/geo\\\/#breadcrumb\"},\"inLanguage\":\"fr-FR\",\"potentialAction\":[{\"@type\":\"ReadAction\",\"target\":[\"https:\\\/\\\/abc-latina.com\\\/bolivie\\\/geo\\\/\"]}]},{\"@type\":\"ImageObject\",\"inLanguage\":\"fr-FR\",\"@id\":\"https:\\\/\\\/abc-latina.com\\\/bolivie\\\/geo\\\/#primaryimage\",\"url\":\"https:\\\/\\\/abc-latina.com\\\/wp-content\\\/uploads\\\/2010\\\/06\\\/america_bolivie.png\",\"contentUrl\":\"https:\\\/\\\/abc-latina.com\\\/wp-content\\\/uploads\\\/2010\\\/06\\\/america_bolivie.png\",\"width\":118,\"height\":122},{\"@type\":\"BreadcrumbList\",\"@id\":\"https:\\\/\\\/abc-latina.com\\\/bolivie\\\/geo\\\/#breadcrumb\",\"itemListElement\":[{\"@type\":\"ListItem\",\"position\":1,\"name\":\"Accueil\",\"item\":\"https:\\\/\\\/abc-latina.com\\\/\"},{\"@type\":\"ListItem\",\"position\":2,\"name\":\"GEOGRAPHIE &#8211; BOLIVIE\"}]},{\"@type\":\"WebSite\",\"@id\":\"https:\\\/\\\/abc-latina.com\\\/#website\",\"url\":\"https:\\\/\\\/abc-latina.com\\\/\",\"name\":\"Abc-latina\",\"description\":\"\",\"publisher\":{\"@id\":\"https:\\\/\\\/abc-latina.com\\\/#organization\"},\"potentialAction\":[{\"@type\":\"SearchAction\",\"target\":{\"@type\":\"EntryPoint\",\"urlTemplate\":\"https:\\\/\\\/abc-latina.com\\\/?s={search_term_string}\"},\"query-input\":{\"@type\":\"PropertyValueSpecification\",\"valueRequired\":true,\"valueName\":\"search_term_string\"}}],\"inLanguage\":\"fr-FR\"},{\"@type\":\"Organization\",\"@id\":\"https:\\\/\\\/abc-latina.com\\\/#organization\",\"name\":\"Abc-latina\",\"url\":\"https:\\\/\\\/abc-latina.com\\\/\",\"logo\":{\"@type\":\"ImageObject\",\"inLanguage\":\"fr-FR\",\"@id\":\"https:\\\/\\\/abc-latina.com\\\/#\\\/schema\\\/logo\\\/image\\\/\",\"url\":\"https:\\\/\\\/abc-latina.com\\\/wp-content\\\/uploads\\\/2026\\\/05\\\/cropped-logo.gif\",\"contentUrl\":\"https:\\\/\\\/abc-latina.com\\\/wp-content\\\/uploads\\\/2026\\\/05\\\/cropped-logo.gif\",\"width\":89,\"height\":84,\"caption\":\"Abc-latina\"},\"image\":{\"@id\":\"https:\\\/\\\/abc-latina.com\\\/#\\\/schema\\\/logo\\\/image\\\/\"}}]}<\/script>\n<!-- \/ Yoast SEO plugin. -->","yoast_head_json":{"title":"GEOGRAPHIE - BOLIVIE - Abc-latina","description":"La Bolivie est l\u2019\u00e9tat le plus haut et le plus isol\u00e9 de l'Am\u00e9rique du sud. Il n'a aucun acc\u00e8s \u00e0 l\u2019oc\u00e9an. Elle se compose de trois r\u00e9gions tr\u00e8s diff\u00e9rentes: la chaine andine, l\u2019altiplano et enfin les plaines tropicales","robots":{"index":"index","follow":"follow","max-snippet":"max-snippet:-1","max-image-preview":"max-image-preview:large","max-video-preview":"max-video-preview:-1"},"canonical":"https:\/\/abc-latina.com\/bolivie\/geo\/","og_locale":"fr_FR","og_type":"article","og_title":"GEOGRAPHIE - BOLIVIE - Abc-latina","og_description":"La Bolivie est l\u2019\u00e9tat le plus haut et le plus isol\u00e9 de l'Am\u00e9rique du sud. Il n'a aucun acc\u00e8s \u00e0 l\u2019oc\u00e9an. Elle se compose de trois r\u00e9gions tr\u00e8s diff\u00e9rentes: la chaine andine, l\u2019altiplano et enfin les plaines tropicales","og_url":"https:\/\/abc-latina.com\/bolivie\/geo\/","og_site_name":"Abc-latina","article_modified_time":"2026-04-30T16:24:48+00:00","og_image":[{"width":118,"height":122,"url":"https:\/\/abc-latina.com\/wp-content\/uploads\/2010\/06\/america_bolivie.png","type":"image\/png"}],"twitter_card":"summary_large_image","twitter_misc":{"Dur\u00e9e de lecture estim\u00e9e":"2 minutes"},"schema":{"@context":"https:\/\/schema.org","@graph":[{"@type":"WebPage","@id":"https:\/\/abc-latina.com\/bolivie\/geo\/","url":"https:\/\/abc-latina.com\/bolivie\/geo\/","name":"GEOGRAPHIE - BOLIVIE - Abc-latina","isPartOf":{"@id":"https:\/\/abc-latina.com\/#website"},"primaryImageOfPage":{"@id":"https:\/\/abc-latina.com\/bolivie\/geo\/#primaryimage"},"image":{"@id":"https:\/\/abc-latina.com\/bolivie\/geo\/#primaryimage"},"thumbnailUrl":"https:\/\/abc-latina.com\/wp-content\/uploads\/2010\/06\/america_bolivie.png","datePublished":"2010-07-16T22:24:46+00:00","dateModified":"2026-04-30T16:24:48+00:00","description":"La Bolivie est l\u2019\u00e9tat le plus haut et le plus isol\u00e9 de l'Am\u00e9rique du sud. Il n'a aucun acc\u00e8s \u00e0 l\u2019oc\u00e9an. Elle se compose de trois r\u00e9gions tr\u00e8s diff\u00e9rentes: la chaine andine, l\u2019altiplano et enfin les plaines tropicales","breadcrumb":{"@id":"https:\/\/abc-latina.com\/bolivie\/geo\/#breadcrumb"},"inLanguage":"fr-FR","potentialAction":[{"@type":"ReadAction","target":["https:\/\/abc-latina.com\/bolivie\/geo\/"]}]},{"@type":"ImageObject","inLanguage":"fr-FR","@id":"https:\/\/abc-latina.com\/bolivie\/geo\/#primaryimage","url":"https:\/\/abc-latina.com\/wp-content\/uploads\/2010\/06\/america_bolivie.png","contentUrl":"https:\/\/abc-latina.com\/wp-content\/uploads\/2010\/06\/america_bolivie.png","width":118,"height":122},{"@type":"BreadcrumbList","@id":"https:\/\/abc-latina.com\/bolivie\/geo\/#breadcrumb","itemListElement":[{"@type":"ListItem","position":1,"name":"Accueil","item":"https:\/\/abc-latina.com\/"},{"@type":"ListItem","position":2,"name":"GEOGRAPHIE &#8211; BOLIVIE"}]},{"@type":"WebSite","@id":"https:\/\/abc-latina.com\/#website","url":"https:\/\/abc-latina.com\/","name":"Abc-latina","description":"","publisher":{"@id":"https:\/\/abc-latina.com\/#organization"},"potentialAction":[{"@type":"SearchAction","target":{"@type":"EntryPoint","urlTemplate":"https:\/\/abc-latina.com\/?s={search_term_string}"},"query-input":{"@type":"PropertyValueSpecification","valueRequired":true,"valueName":"search_term_string"}}],"inLanguage":"fr-FR"},{"@type":"Organization","@id":"https:\/\/abc-latina.com\/#organization","name":"Abc-latina","url":"https:\/\/abc-latina.com\/","logo":{"@type":"ImageObject","inLanguage":"fr-FR","@id":"https:\/\/abc-latina.com\/#\/schema\/logo\/image\/","url":"https:\/\/abc-latina.com\/wp-content\/uploads\/2026\/05\/cropped-logo.gif","contentUrl":"https:\/\/abc-latina.com\/wp-content\/uploads\/2026\/05\/cropped-logo.gif","width":89,"height":84,"caption":"Abc-latina"},"image":{"@id":"https:\/\/abc-latina.com\/#\/schema\/logo\/image\/"}}]}},"_links":{"self":[{"href":"https:\/\/abc-latina.com\/wp-json\/wp\/v2\/pages\/1367","targetHints":{"allow":["GET"]}}],"collection":[{"href":"https:\/\/abc-latina.com\/wp-json\/wp\/v2\/pages"}],"about":[{"href":"https:\/\/abc-latina.com\/wp-json\/wp\/v2\/types\/page"}],"author":[{"embeddable":true,"href":"https:\/\/abc-latina.com\/wp-json\/wp\/v2\/users\/3"}],"replies":[{"embeddable":true,"href":"https:\/\/abc-latina.com\/wp-json\/wp\/v2\/comments?post=1367"}],"version-history":[{"count":1,"href":"https:\/\/abc-latina.com\/wp-json\/wp\/v2\/pages\/1367\/revisions"}],"predecessor-version":[{"id":3132,"href":"https:\/\/abc-latina.com\/wp-json\/wp\/v2\/pages\/1367\/revisions\/3132"}],"up":[{"embeddable":true,"href":"https:\/\/abc-latina.com\/wp-json\/wp\/v2\/pages\/2295"}],"wp:featuredmedia":[{"embeddable":true,"href":"https:\/\/abc-latina.com\/wp-json\/wp\/v2\/media\/1098"}],"wp:attachment":[{"href":"https:\/\/abc-latina.com\/wp-json\/wp\/v2\/media?parent=1367"}],"curies":[{"name":"wp","href":"https:\/\/api.w.org\/{rel}","templated":true}]}}