{"id":1368,"date":"2010-07-17T00:27:50","date_gmt":"2010-07-16T22:27:50","guid":{"rendered":"http:\/\/abc-latina.com\/histoire-htm-9\/"},"modified":"2026-04-30T18:24:48","modified_gmt":"2026-04-30T16:24:48","slug":"histoire","status":"publish","type":"page","link":"https:\/\/abc-latina.com\/bolivie\/histoire\/","title":{"rendered":"HISTOIRE &#8211; BOLIVIE"},"content":{"rendered":"<p>&nbsp;<\/p>\n<ul>\n<li>\n<h2 style=\"text-align: center;\">Les principales dates de l&rsquo;histoire bolivienne<\/h2>\n<ul>\n<li><span class=\"histoire-date\">900 \u00e0 1200<\/span>&nbsp;<br \/> Civilisations de <a href=\"https:\/\/www.abc-latina.com\/civilisations\/tiwanaku\" target=\"_blank\">Tiahuanaco <\/a>(Tiwanaku).<\/li>\n<li><span class=\"histoire-date\">1544<\/span>&nbsp;<br \/> D\u00e9couverte des mines d&rsquo;argent de <a href=\"https:\/\/www.abc-latina.com\/bolivie\/potosi\">Potosi<\/a>.<\/li>\n<li><span class=\"histoire-date\">1555<\/span><br \/> Potosi, d\u00e9cr\u00e9t\u00e9e ville imp\u00e9riale par Charles Quint.<\/li>\n<li><span class=\"histoire-date\">Moiti\u00e9 du 18 \u00e9me<\/span><br \/> D\u00e9clin de l&rsquo;exploitation des mines d&rsquo;argent de Potosi.&nbsp;<\/li>\n<li><span class=\"histoire-date\">1781<\/span><br \/> Immense r\u00e9volte indienne. Si\u00e9ge de <a href=\"https:\/\/www.abc-latina.com\/bolivie\/la_paz\">La Paz<\/a> par Tupac Katavi.<\/li>\n<li><span class=\"histoire-date\">1809<\/span><br \/> Appel \u00e0 la r\u00e9volte de Pedro Domingo Murillo.<\/li>\n<li><span class=\"histoire-date\">1810 &#8211; 1820<\/span><br \/> Gu\u00e9rilla rurale contre les troupes espagnoles.<\/li>\n<li><span class=\"histoire-date\">1824<\/span><br \/> Victoire d\u00e9cisive du mar\u00e9chal Sucre \u00e0 Ayacucho.<\/li>\n<li><span class=\"histoire-date\">1825<\/span> &nbsp;<br \/> Cr\u00e9ation de la r\u00e9pulique de Bolivar (ex- Haut p\u00e9rou).&nbsp;<\/li>\n<li>carte de la Bolivie en 1825<\/li>\n<li><span class=\"histoire-date\">1879 &#8211; 1883<\/span> &nbsp;<br \/> Guerre du Pacifique. La Bolivie perd d\u00e9finitivement son acc\u00e8s \u00e0 la mer.<\/li>\n<li><span class=\"histoire-date\">1901<\/span><br \/> Guerre de l&rsquo;Accre avec le Br\u00e9sil. La Bolivie perd une grande partie de son territoire.<\/li>\n<li><span class=\"histoire-date\">D\u00e9but 20 \u00e9 si\u00e9cle<\/span> &nbsp;<br \/> L&rsquo;exploitation de l&rsquo;\u00e9tain remplace celle de l&rsquo;argent.Simon I Patino devient l&rsquo;homme le plus riche d&rsquo;Am\u00e9rique Latine.<\/li>\n<li><span class=\"histoire-date\">1932 &#8211; 1935<\/span> &nbsp;<br \/> <a href=\"https:\/\/www.abc-latina.com\/histoire\/guerre_du_chaco\" target=\"_blank\">Guerre du Chaco<\/a> avec le Paraguay. La Bolivie perd 200.000 km&sup2;.<\/li>\n<li><span class=\"histoire-date\">1946<\/span> &nbsp;<br \/> Renversement de Gualberto Villarroel, un militaire progressiste qui voulait s&rsquo;attaquer au pouvoir des propri\u00e9taires de mines. Il est pendu \u00e0 un r\u00e9verb\u00e8re.<\/li>\n<li><span class=\"histoire-date\">1952<\/span> &nbsp;<br \/> R\u00e9volution ouvri\u00e8re et paysanne.<\/li>\n<li><span class=\"histoire-date\">1964<\/span> &nbsp;<br \/> Coup d&rsquo;\u00e9tat militaire du g\u00e9n\u00e9ral Barrientos.&nbsp;<\/li>\n<li><span class=\"histoire-date\">1967<\/span> &nbsp;<br \/> Mort d&rsquo;<a href=\"https:\/\/www.abc-latina.com\/personnalites\/ernesto_guevara\" target=\"_blank\">Ernesto &quot;Che&quot; Guevara<\/a>, dans le sud du pays.<\/li>\n<li><span class=\"histoire-date\">1971<\/span> &nbsp;<br \/> Cr\u00e9ation d&rsquo;une &quot;Assembl\u00e9e du Peuple&quot; courte p\u00e9riode de pouvoir de la gauche.<\/li>\n<li>Coup d&rsquo;\u00e9tat men\u00e9 par le g\u00e9n\u00e9ral Meza.<\/li>\n<li><span class=\"histoire-date\">1978<\/span><br \/> Une gr\u00e8ve de la faim d\u00e9clench\u00e9e par deux femmes de mineurs, met fin \u00e0 la dictature.<\/li>\n<li><span class=\"histoire-date\">1979<\/span> &nbsp;<br \/> Premi\u00e8re \u00e9lection d&rsquo;une femme \u00e0 la pr\u00e9sidence de la r\u00e9publique, Lydia G. Tejada.<\/li>\n<li><span class=\"histoire-date\">1980<\/span> &nbsp;<br \/> Nouveau coup d&rsquo;\u00e9tat sanglant men\u00e9 par le g\u00e9n\u00e9ral Meza.<\/li>\n<li><span class=\"histoire-date\">1982<\/span><br \/> Retour \u00e0 la d\u00e9mocratie avec le gouvernement de gauche d&rsquo;Hernan Siles Zuazo.<\/li>\n<li><span class=\"histoire-date\">1985<\/span><br \/> Paz Estensoro, leader historique de la r\u00e9volution de 1952, revient au pouvoir.<\/li>\n<li><span class=\"histoire-date\">1986<\/span><br \/> Marche des mineurs sur La Paz stopp\u00e9e par l&rsquo;arm\u00e9e.<\/li>\n<li><span class=\"histoire-date\">1989<\/span><br \/> Election du pr\u00e9sident Jaime Paz Zamora.<\/li>\n<li><span class=\"histoire-date\">1993<\/span><br \/> Election de <a href=\"https:\/\/www.abc-latina.com\/personnalites\/gonzalo_sanchez_de_lozada\" target=\"_blank\">Gonzalo Sanchez de Lozada<\/a> et de Victor Hugo Cardenas, premier vice-pr\u00e9sident indien du continent.<\/li>\n<li><span class=\"histoire-date\">1997<\/span><br \/> Election \u00e0 la pr\u00e9sidence du g\u00e9n\u00e9ral Hugo Banzer Suarez, d\u00e9j\u00e0 au pouvoir entre 1971 et 1978 et que ses opposants continuent d&rsquo;appeler &quot;le dictateur&quot;<\/li>\n<li><span class=\"histoire-date\">1998<\/span><br \/> Tremblement de terre qui raye de la carte les villes de Mizque et Totora. Bilan 250 morts.<\/li>\n<li><span class=\"histoire-date\">Octobre 2003<\/span> &nbsp;<br \/> Evo Morales prend la t\u00eate d&rsquo;une r\u00e9volte contre le pr\u00e9sident lib\u00e9ral Gonzalo Sanchez de Lozada, qui la r\u00e9prime dans le sang (80 morts).&nbsp;<\/li>\n<li><span class=\"histoire-date\">18 dec 2005<\/span><br \/> <a href=\"https:\/\/www.abc-latina.com\/personnalites\/evo_morales\" target=\"_blank\">Evo Morales<\/a> est \u00e9lu pr\u00e9sident de la r\u00e9publique d\u00e8s le premier tour avec 53.72 % des voix.<\/li>\n<\/ul>\n<\/li>\n<\/ul>\n","protected":false},"excerpt":{"rendered":"<p>&nbsp; Les principales dates de l&rsquo;histoire bolivienne 900 \u00e0 1200&nbsp; Civilisations de Tiahuanaco (Tiwanaku). 1544&nbsp; D\u00e9couverte des mines d&rsquo;argent de [&hellip;]<\/p>\n","protected":false},"author":3,"featured_media":0,"parent":2295,"menu_order":0,"comment_status":"closed","ping_status":"closed","template":"","meta":{"site-sidebar-layout":"default","site-content-layout":"","ast-site-content-layout":"default","site-content-style":"default","site-sidebar-style":"default","ast-global-header-display":"","ast-banner-title-visibility":"","ast-main-header-display":"","ast-hfb-above-header-display":"","ast-hfb-below-header-display":"","ast-hfb-mobile-header-display":"","site-post-title":"","ast-breadcrumbs-content":"","ast-featured-img":"","footer-sml-layout":"","ast-disable-related-posts":"","theme-transparent-header-meta":"","adv-header-id-meta":"","stick-header-meta":"","header-above-stick-meta":"","header-main-stick-meta":"","header-below-stick-meta":"","astra-migrate-meta-layouts":"default","ast-page-background-enabled":"default","ast-page-background-meta":{"desktop":{"background-color":"var(--ast-global-color-5)","background-image":"","background-repeat":"repeat","background-position":"center center","background-size":"auto","background-attachment":"scroll","background-type":"","background-media":"","overlay-type":"","overlay-color":"","overlay-opacity":"","overlay-gradient":""},"tablet":{"background-color":"","background-image":"","background-repeat":"repeat","background-position":"center center","background-size":"auto","background-attachment":"scroll","background-type":"","background-media":"","overlay-type":"","overlay-color":"","overlay-opacity":"","overlay-gradient":""},"mobile":{"background-color":"","background-image":"","background-repeat":"repeat","background-position":"center center","background-size":"auto","background-attachment":"scroll","background-type":"","background-media":"","overlay-type":"","overlay-color":"","overlay-opacity":"","overlay-gradient":""}},"ast-content-background-meta":{"desktop":{"background-color":"var(--ast-global-color-4)","background-image":"","background-repeat":"repeat","background-position":"center center","background-size":"auto","background-attachment":"scroll","background-type":"","background-media":"","overlay-type":"","overlay-color":"","overlay-opacity":"","overlay-gradient":""},"tablet":{"background-color":"var(--ast-global-color-4)","background-image":"","background-repeat":"repeat","background-position":"center center","background-size":"auto","background-attachment":"scroll","background-type":"","background-media":"","overlay-type":"","overlay-color":"","overlay-opacity":"","overlay-gradient":""},"mobile":{"background-color":"var(--ast-global-color-4)","background-image":"","background-repeat":"repeat","background-position":"center center","background-size":"auto","background-attachment":"scroll","background-type":"","background-media":"","overlay-type":"","overlay-color":"","overlay-opacity":"","overlay-gradient":""}},"footnotes":""},"class_list":["post-1368","page","type-page","status-publish","hentry"],"yoast_head":"<!-- This site is optimized with the Yoast SEO plugin v27.5 - https:\/\/yoast.com\/product\/yoast-seo-wordpress\/ -->\n<title>HISTOIRE - BOLIVIE - Abc-latina<\/title>\n<meta name=\"description\" content=\"Les principales dates historiques de la Bolivie. L&#039;histoire de la Bolivie.\" \/>\n<meta name=\"robots\" content=\"index, follow, max-snippet:-1, max-image-preview:large, max-video-preview:-1\" \/>\n<link rel=\"canonical\" href=\"https:\/\/abc-latina.com\/bolivie\/histoire\/\" \/>\n<meta property=\"og:locale\" content=\"fr_FR\" \/>\n<meta property=\"og:type\" content=\"article\" \/>\n<meta property=\"og:title\" content=\"HISTOIRE - BOLIVIE - Abc-latina\" \/>\n<meta property=\"og:description\" content=\"Les principales dates historiques de la Bolivie. L&#039;histoire de la Bolivie.\" \/>\n<meta property=\"og:url\" content=\"https:\/\/abc-latina.com\/bolivie\/histoire\/\" \/>\n<meta property=\"og:site_name\" content=\"Abc-latina\" \/>\n<meta property=\"article:modified_time\" content=\"2026-04-30T16:24:48+00:00\" \/>\n<meta name=\"twitter:card\" content=\"summary_large_image\" \/>\n<meta name=\"twitter:label1\" content=\"Dur\u00e9e de lecture estim\u00e9e\" \/>\n\t<meta name=\"twitter:data1\" content=\"2 minutes\" \/>\n<script type=\"application\/ld+json\" class=\"yoast-schema-graph\">{\"@context\":\"https:\\\/\\\/schema.org\",\"@graph\":[{\"@type\":\"WebPage\",\"@id\":\"https:\\\/\\\/abc-latina.com\\\/bolivie\\\/histoire\\\/\",\"url\":\"https:\\\/\\\/abc-latina.com\\\/bolivie\\\/histoire\\\/\",\"name\":\"HISTOIRE - BOLIVIE - Abc-latina\",\"isPartOf\":{\"@id\":\"https:\\\/\\\/abc-latina.com\\\/#website\"},\"datePublished\":\"2010-07-16T22:27:50+00:00\",\"dateModified\":\"2026-04-30T16:24:48+00:00\",\"description\":\"Les principales dates historiques de la Bolivie. L'histoire de la Bolivie.\",\"breadcrumb\":{\"@id\":\"https:\\\/\\\/abc-latina.com\\\/bolivie\\\/histoire\\\/#breadcrumb\"},\"inLanguage\":\"fr-FR\",\"potentialAction\":[{\"@type\":\"ReadAction\",\"target\":[\"https:\\\/\\\/abc-latina.com\\\/bolivie\\\/histoire\\\/\"]}]},{\"@type\":\"BreadcrumbList\",\"@id\":\"https:\\\/\\\/abc-latina.com\\\/bolivie\\\/histoire\\\/#breadcrumb\",\"itemListElement\":[{\"@type\":\"ListItem\",\"position\":1,\"name\":\"Accueil\",\"item\":\"https:\\\/\\\/abc-latina.com\\\/\"},{\"@type\":\"ListItem\",\"position\":2,\"name\":\"HISTOIRE &#8211; BOLIVIE\"}]},{\"@type\":\"WebSite\",\"@id\":\"https:\\\/\\\/abc-latina.com\\\/#website\",\"url\":\"https:\\\/\\\/abc-latina.com\\\/\",\"name\":\"Abc-latina\",\"description\":\"\",\"publisher\":{\"@id\":\"https:\\\/\\\/abc-latina.com\\\/#organization\"},\"potentialAction\":[{\"@type\":\"SearchAction\",\"target\":{\"@type\":\"EntryPoint\",\"urlTemplate\":\"https:\\\/\\\/abc-latina.com\\\/?s={search_term_string}\"},\"query-input\":{\"@type\":\"PropertyValueSpecification\",\"valueRequired\":true,\"valueName\":\"search_term_string\"}}],\"inLanguage\":\"fr-FR\"},{\"@type\":\"Organization\",\"@id\":\"https:\\\/\\\/abc-latina.com\\\/#organization\",\"name\":\"Abc-latina\",\"url\":\"https:\\\/\\\/abc-latina.com\\\/\",\"logo\":{\"@type\":\"ImageObject\",\"inLanguage\":\"fr-FR\",\"@id\":\"https:\\\/\\\/abc-latina.com\\\/#\\\/schema\\\/logo\\\/image\\\/\",\"url\":\"https:\\\/\\\/abc-latina.com\\\/wp-content\\\/uploads\\\/2026\\\/05\\\/cropped-logo.gif\",\"contentUrl\":\"https:\\\/\\\/abc-latina.com\\\/wp-content\\\/uploads\\\/2026\\\/05\\\/cropped-logo.gif\",\"width\":89,\"height\":84,\"caption\":\"Abc-latina\"},\"image\":{\"@id\":\"https:\\\/\\\/abc-latina.com\\\/#\\\/schema\\\/logo\\\/image\\\/\"}}]}<\/script>\n<!-- \/ Yoast SEO plugin. -->","yoast_head_json":{"title":"HISTOIRE - BOLIVIE - Abc-latina","description":"Les principales dates historiques de la Bolivie. L'histoire de la Bolivie.","robots":{"index":"index","follow":"follow","max-snippet":"max-snippet:-1","max-image-preview":"max-image-preview:large","max-video-preview":"max-video-preview:-1"},"canonical":"https:\/\/abc-latina.com\/bolivie\/histoire\/","og_locale":"fr_FR","og_type":"article","og_title":"HISTOIRE - BOLIVIE - Abc-latina","og_description":"Les principales dates historiques de la Bolivie. L'histoire de la Bolivie.","og_url":"https:\/\/abc-latina.com\/bolivie\/histoire\/","og_site_name":"Abc-latina","article_modified_time":"2026-04-30T16:24:48+00:00","twitter_card":"summary_large_image","twitter_misc":{"Dur\u00e9e de lecture estim\u00e9e":"2 minutes"},"schema":{"@context":"https:\/\/schema.org","@graph":[{"@type":"WebPage","@id":"https:\/\/abc-latina.com\/bolivie\/histoire\/","url":"https:\/\/abc-latina.com\/bolivie\/histoire\/","name":"HISTOIRE - BOLIVIE - Abc-latina","isPartOf":{"@id":"https:\/\/abc-latina.com\/#website"},"datePublished":"2010-07-16T22:27:50+00:00","dateModified":"2026-04-30T16:24:48+00:00","description":"Les principales dates historiques de la Bolivie. L'histoire de la Bolivie.","breadcrumb":{"@id":"https:\/\/abc-latina.com\/bolivie\/histoire\/#breadcrumb"},"inLanguage":"fr-FR","potentialAction":[{"@type":"ReadAction","target":["https:\/\/abc-latina.com\/bolivie\/histoire\/"]}]},{"@type":"BreadcrumbList","@id":"https:\/\/abc-latina.com\/bolivie\/histoire\/#breadcrumb","itemListElement":[{"@type":"ListItem","position":1,"name":"Accueil","item":"https:\/\/abc-latina.com\/"},{"@type":"ListItem","position":2,"name":"HISTOIRE &#8211; BOLIVIE"}]},{"@type":"WebSite","@id":"https:\/\/abc-latina.com\/#website","url":"https:\/\/abc-latina.com\/","name":"Abc-latina","description":"","publisher":{"@id":"https:\/\/abc-latina.com\/#organization"},"potentialAction":[{"@type":"SearchAction","target":{"@type":"EntryPoint","urlTemplate":"https:\/\/abc-latina.com\/?s={search_term_string}"},"query-input":{"@type":"PropertyValueSpecification","valueRequired":true,"valueName":"search_term_string"}}],"inLanguage":"fr-FR"},{"@type":"Organization","@id":"https:\/\/abc-latina.com\/#organization","name":"Abc-latina","url":"https:\/\/abc-latina.com\/","logo":{"@type":"ImageObject","inLanguage":"fr-FR","@id":"https:\/\/abc-latina.com\/#\/schema\/logo\/image\/","url":"https:\/\/abc-latina.com\/wp-content\/uploads\/2026\/05\/cropped-logo.gif","contentUrl":"https:\/\/abc-latina.com\/wp-content\/uploads\/2026\/05\/cropped-logo.gif","width":89,"height":84,"caption":"Abc-latina"},"image":{"@id":"https:\/\/abc-latina.com\/#\/schema\/logo\/image\/"}}]}},"_links":{"self":[{"href":"https:\/\/abc-latina.com\/wp-json\/wp\/v2\/pages\/1368","targetHints":{"allow":["GET"]}}],"collection":[{"href":"https:\/\/abc-latina.com\/wp-json\/wp\/v2\/pages"}],"about":[{"href":"https:\/\/abc-latina.com\/wp-json\/wp\/v2\/types\/page"}],"author":[{"embeddable":true,"href":"https:\/\/abc-latina.com\/wp-json\/wp\/v2\/users\/3"}],"replies":[{"embeddable":true,"href":"https:\/\/abc-latina.com\/wp-json\/wp\/v2\/comments?post=1368"}],"version-history":[{"count":1,"href":"https:\/\/abc-latina.com\/wp-json\/wp\/v2\/pages\/1368\/revisions"}],"predecessor-version":[{"id":3133,"href":"https:\/\/abc-latina.com\/wp-json\/wp\/v2\/pages\/1368\/revisions\/3133"}],"up":[{"embeddable":true,"href":"https:\/\/abc-latina.com\/wp-json\/wp\/v2\/pages\/2295"}],"wp:attachment":[{"href":"https:\/\/abc-latina.com\/wp-json\/wp\/v2\/media?parent=1368"}],"curies":[{"name":"wp","href":"https:\/\/api.w.org\/{rel}","templated":true}]}}