{"id":1369,"date":"2010-07-17T00:31:59","date_gmt":"2010-07-16T22:31:59","guid":{"rendered":"http:\/\/abc-latina.com\/infoprat-htm-8\/"},"modified":"2026-04-30T18:24:48","modified_gmt":"2026-04-30T16:24:48","slug":"infoprat","status":"publish","type":"page","link":"https:\/\/abc-latina.com\/bolivie\/infoprat\/","title":{"rendered":"INFORMATIONS PRATIQUES"},"content":{"rendered":"<div>\n<h3>PASSEPORT &#8211; VISA pour la Bolivie&nbsp;<\/h3>\n<div>Pas de visa, pour un s\u00e9jour inf\u00e9rieur \u00e0 un mois, pour les ressortissants fran\u00e7ais.<\/div>\n<div>Un passeport en cours de validit\u00e9, valable encore 6 mois, est exig\u00e9.&nbsp;<\/div>\n<div><a href=\"https:\/\/www.abc-latina.com\/bolivie\/ambassade\">Les adresses des ambassades boliviennes<\/a><\/div>\n<div>SECURITE: <a href=\"http:\/\/www.diplomatie.gouv.fr\/fr\/conseils-aux-voyageurs_909\/pays_12191\/bolivie_12214\/indexl\" target=\"_blank\">les conseils aux voyageurs<\/a> du minist\u00e8re des affaires \u00e9trang\u00e8res.&nbsp;<\/div>\n<div>&nbsp;<\/div>\n<h3>SANTE&nbsp;<\/h3>\n<div>Les conditions sanitaires changent souvent, aussi nous vous conseillons vivement de lire les&nbsp;<\/div>\n<div><a href=\"https:\/\/www.abc-latina.com\/sites\/sante\/bolivie\" target=\"_blank\">recommandations de l&rsquo;Institut Pasteur<\/a><\/div>\n<div>&nbsp;<\/div>\n<h3>CLIMAT&nbsp;<\/h3>\n<div><a href=\"https:\/\/www.abc-latina.com\/bolivie\/meteo\">La m\u00e9t\u00e9o<\/a><\/div>\n<div>&nbsp;<\/div>\n<h3>ARGENT&nbsp;<\/h3>\n<div>La monnaie nationale est le Boliviano. De nombreux \u00e9tablissements, ainsi que les particuliers acceptent le paiement en dollars pour les transactions courantes. Retirer de l&rsquo;argent avec les cartes de cr\u00e9dit internationales ne pose aucun probl\u00e8me.<\/div>\n<div><a href=\"http:\/\/www.xe.com\/ucc\/fr\/\" target=\"_blank\">Le change<\/a><\/div>\n<div>&nbsp;<\/div>\n<h3>DECALAGE HORAIRE &nbsp;<\/h3>\n<div>En hiver: Cinq heures de d\u00e9calage,<\/div>\n<div>il est 5 heures du matin \u00e0 France, quand il est minuit en Bolivie&nbsp;<\/div>\n<div>En \u00e9t\u00e9: Six heures de d\u00e9calage,<\/div>\n<div>il est 6 heures du matin en France, quand il est minuit en Bolivie.<\/div>\n<div><a href=\"http:\/\/www.horlogeparlante.com\/bolivie_la_paz_897.php\" target=\"_blank\">L&rsquo;heure qu&rsquo;il est en ce moment en Bolivie<\/a><\/div>\n<div>&nbsp;<\/div>\n<h3>TRANSPORT&nbsp;<\/h3>\n<div>En bus, en train, en avion ou m\u00eame en stop selon votre budget et la dur\u00e9e de votre s\u00e9jour.<\/div>\n<div>En bus : Pratique et bon march\u00e9. Le niveau de confort est fort diff\u00e9rent selon la compagnie.&nbsp;<\/div>\n<div>Beaucoup de trajets se font la nuit (dommage pour la vue), pr\u00e9voyez une couverture (les temp\u00e9ratures peuvent descendre sous 0&deg;C)<\/div>\n<div>En Avion : Les vols int\u00e9rieurs constituent une solution pratique, quand on est limit\u00e9 dans le temps, pour visiter l&rsquo;ensemble du pays. Les tarifs sont corrects.<\/div>\n<div>Taxes de 2$US sur chaque vols int\u00e9rieur. Attention aux exc\u00e9dent de bagages !<\/div>\n<div><a href=\"https:\/\/www.abc-latina.com\/to\/reservation_billets_avions\" target=\"_blank\">Billet d&rsquo;avion: comparez 10 millions d&rsquo;offres en moins de 30 secondes<\/a><\/div>\n<div>En train : Lent, le train est un moyen de transport pittoresque qui permet d&rsquo;admirer des paysages hors du commun. Il existe plusieurs types de trains. Les Expreso et les trains Bracha sont les mieux \u00e9quip\u00e9s, avec wagon-restaurant et parfois la climatisation.<\/div>\n<div>En voiture : Pour louer une voiture, le permis de conduire international est exig\u00e9, il faut aussi avoir plus de 25 ans.<\/div>\n<div>Location de voitures : <a href=\"https:\/\/www.abc-latina.com\/to\/location_voiture\" target=\"_blank\">le meilleur prix en comparant 50 agences<\/a><\/div>\n<div>Auto-stop : Pourquoi pas &#8230; si vous avez du temps. Les gens sont aimables et aiment parler avec les \u00e9trangers, mais s&rsquo;attendent \u00e0 recevoir un peu d&rsquo;argent en retour. A \u00e9viter pour les femmes seules, quand m\u00eame &#8230;<\/div>\n<div>&nbsp;<\/div>\n<h3>JOURS FERIES &nbsp;<\/h3>\n<div><a href=\"tour_operateur\" target=\"_blank\"><img loading=\"lazy\" decoding=\"async\" class=\" size-full wp-image-41\" alt=\"\" class=\"touroperateur\" src=\"http:\/\/abc-latina.com\/wp-content\/uploads\/2010\/04\/timbre_to.gif\" width=\"125\" height=\"90\" \/><\/a>1er Janvier &#8211; Jour de l&rsquo;an&nbsp;<\/div>\n<div>06 F\u00e9vrier &nbsp;&#8211; Carnaval&nbsp;<\/div>\n<div>29 Mars &nbsp;&#8211; Vendredi Saint&nbsp;<\/div>\n<div>01 Mai &#8211; F\u00eate du travail&nbsp;<\/div>\n<div>30 Mai &nbsp;&#8211; Corpus Christi &nbsp;<\/div>\n<div>06 Ao\u00fbt &nbsp;&#8211; Jour de l&rsquo;ind\u00e9pendance&nbsp;<\/div>\n<div>01 Novembre &#8211; Toussaint&nbsp;<\/div>\n<div>25 D\u00e9cembre &#8211; Noel&nbsp;<\/div>\n<div>&nbsp;<\/div>\n<h3>LANGUES&nbsp;<\/h3>\n<div>L&rsquo;espagnol, le quechua et l&rsquo;amayra sont les langues officielles, on y parle \u00e9galement le guarani, le moxeno et le guarayo.<\/div>\n<div>&#8211; Si vous d\u00e9sirez apprendre quelques mots de <a href=\"http:\/\/www.andes.org\/q_indexl\" target=\"_blank\">Quechua<\/a>,&nbsp;<\/div>\n<div>&nbsp;<\/div>\n<h3>ACHATS&nbsp;<\/h3>\n<div>Sculptures en bois, bijoux, ponchos en laine de lama et d&rsquo;alpaga, artisanat indig\u00e8ne, v\u00eatements typiques brod\u00e9s d&rsquo;or et d&rsquo;argent.<\/div>\n<div>&nbsp;<\/div>\n<h3>TELEPHONE &#8211; INTERNET&nbsp;<\/h3>\n<div>Le r\u00e9seau t\u00e9l\u00e9phonique est d&rsquo;assez bonne qualit\u00e9.&nbsp;<\/div>\n<div>Pour Internet, des cybercaf\u00e9s proposent leurs services.<\/div>\n<div>Pour appeler de la Bolivie vers la France: 00 + 33 + num\u00e9ro \u00e0 9 chiffres (sans le 0)<\/div>\n<div>Pour appeler de la France vers la Bolivie: 00 + 591 + indicatif de la ville + num\u00e9ro&nbsp;<\/div>\n<\/div>\n","protected":false},"excerpt":{"rendered":"<p>PASSEPORT &#8211; VISA pour la Bolivie&nbsp; Pas de visa, pour un s\u00e9jour inf\u00e9rieur \u00e0 un mois, pour les ressortissants fran\u00e7ais. [&hellip;]<\/p>\n","protected":false},"author":3,"featured_media":41,"parent":2295,"menu_order":0,"comment_status":"closed","ping_status":"closed","template":"","meta":{"site-sidebar-layout":"default","site-content-layout":"","ast-site-content-layout":"default","site-content-style":"default","site-sidebar-style":"default","ast-global-header-display":"","ast-banner-title-visibility":"","ast-main-header-display":"","ast-hfb-above-header-display":"","ast-hfb-below-header-display":"","ast-hfb-mobile-header-display":"","site-post-title":"","ast-breadcrumbs-content":"","ast-featured-img":"","footer-sml-layout":"","ast-disable-related-posts":"","theme-transparent-header-meta":"","adv-header-id-meta":"","stick-header-meta":"","header-above-stick-meta":"","header-main-stick-meta":"","header-below-stick-meta":"","astra-migrate-meta-layouts":"default","ast-page-background-enabled":"default","ast-page-background-meta":{"desktop":{"background-color":"var(--ast-global-color-5)","background-image":"","background-repeat":"repeat","background-position":"center center","background-size":"auto","background-attachment":"scroll","background-type":"","background-media":"","overlay-type":"","overlay-color":"","overlay-opacity":"","overlay-gradient":""},"tablet":{"background-color":"","background-image":"","background-repeat":"repeat","background-position":"center center","background-size":"auto","background-attachment":"scroll","background-type":"","background-media":"","overlay-type":"","overlay-color":"","overlay-opacity":"","overlay-gradient":""},"mobile":{"background-color":"","background-image":"","background-repeat":"repeat","background-position":"center center","background-size":"auto","background-attachment":"scroll","background-type":"","background-media":"","overlay-type":"","overlay-color":"","overlay-opacity":"","overlay-gradient":""}},"ast-content-background-meta":{"desktop":{"background-color":"var(--ast-global-color-4)","background-image":"","background-repeat":"repeat","background-position":"center center","background-size":"auto","background-attachment":"scroll","background-type":"","background-media":"","overlay-type":"","overlay-color":"","overlay-opacity":"","overlay-gradient":""},"tablet":{"background-color":"var(--ast-global-color-4)","background-image":"","background-repeat":"repeat","background-position":"center center","background-size":"auto","background-attachment":"scroll","background-type":"","background-media":"","overlay-type":"","overlay-color":"","overlay-opacity":"","overlay-gradient":""},"mobile":{"background-color":"var(--ast-global-color-4)","background-image":"","background-repeat":"repeat","background-position":"center center","background-size":"auto","background-attachment":"scroll","background-type":"","background-media":"","overlay-type":"","overlay-color":"","overlay-opacity":"","overlay-gradient":""}},"footnotes":""},"class_list":["post-1369","page","type-page","status-publish","has-post-thumbnail","hentry"],"yoast_head":"<!-- This site is optimized with the Yoast SEO plugin v27.5 - https:\/\/yoast.com\/product\/yoast-seo-wordpress\/ -->\n<title>INFORMATIONS PRATIQUES - Abc-latina<\/title>\n<meta name=\"description\" content=\"Conseils et informations avant de partir en Bolivie.\" \/>\n<meta name=\"robots\" content=\"index, follow, max-snippet:-1, max-image-preview:large, max-video-preview:-1\" \/>\n<link rel=\"canonical\" href=\"https:\/\/abc-latina.com\/bolivie\/infoprat\/\" \/>\n<meta property=\"og:locale\" content=\"fr_FR\" \/>\n<meta property=\"og:type\" content=\"article\" \/>\n<meta property=\"og:title\" content=\"INFORMATIONS PRATIQUES - Abc-latina\" \/>\n<meta property=\"og:description\" content=\"Conseils et informations avant de partir en Bolivie.\" \/>\n<meta property=\"og:url\" content=\"https:\/\/abc-latina.com\/bolivie\/infoprat\/\" \/>\n<meta property=\"og:site_name\" content=\"Abc-latina\" \/>\n<meta property=\"article:modified_time\" content=\"2026-04-30T16:24:48+00:00\" \/>\n<meta property=\"og:image\" content=\"https:\/\/abc-latina.com\/wp-content\/uploads\/2010\/04\/timbre_to.gif\" \/>\n\t<meta property=\"og:image:width\" content=\"125\" \/>\n\t<meta property=\"og:image:height\" content=\"90\" \/>\n\t<meta property=\"og:image:type\" content=\"image\/gif\" \/>\n<meta name=\"twitter:card\" content=\"summary_large_image\" \/>\n<meta name=\"twitter:label1\" content=\"Dur\u00e9e de lecture estim\u00e9e\" \/>\n\t<meta name=\"twitter:data1\" content=\"3 minutes\" \/>\n<script type=\"application\/ld+json\" class=\"yoast-schema-graph\">{\"@context\":\"https:\\\/\\\/schema.org\",\"@graph\":[{\"@type\":\"WebPage\",\"@id\":\"https:\\\/\\\/abc-latina.com\\\/bolivie\\\/infoprat\\\/\",\"url\":\"https:\\\/\\\/abc-latina.com\\\/bolivie\\\/infoprat\\\/\",\"name\":\"INFORMATIONS PRATIQUES - Abc-latina\",\"isPartOf\":{\"@id\":\"https:\\\/\\\/abc-latina.com\\\/#website\"},\"primaryImageOfPage\":{\"@id\":\"https:\\\/\\\/abc-latina.com\\\/bolivie\\\/infoprat\\\/#primaryimage\"},\"image\":{\"@id\":\"https:\\\/\\\/abc-latina.com\\\/bolivie\\\/infoprat\\\/#primaryimage\"},\"thumbnailUrl\":\"https:\\\/\\\/abc-latina.com\\\/wp-content\\\/uploads\\\/2010\\\/04\\\/timbre_to.gif\",\"datePublished\":\"2010-07-16T22:31:59+00:00\",\"dateModified\":\"2026-04-30T16:24:48+00:00\",\"description\":\"Conseils et informations avant de partir en Bolivie.\",\"breadcrumb\":{\"@id\":\"https:\\\/\\\/abc-latina.com\\\/bolivie\\\/infoprat\\\/#breadcrumb\"},\"inLanguage\":\"fr-FR\",\"potentialAction\":[{\"@type\":\"ReadAction\",\"target\":[\"https:\\\/\\\/abc-latina.com\\\/bolivie\\\/infoprat\\\/\"]}]},{\"@type\":\"ImageObject\",\"inLanguage\":\"fr-FR\",\"@id\":\"https:\\\/\\\/abc-latina.com\\\/bolivie\\\/infoprat\\\/#primaryimage\",\"url\":\"https:\\\/\\\/abc-latina.com\\\/wp-content\\\/uploads\\\/2010\\\/04\\\/timbre_to.gif\",\"contentUrl\":\"https:\\\/\\\/abc-latina.com\\\/wp-content\\\/uploads\\\/2010\\\/04\\\/timbre_to.gif\",\"width\":125,\"height\":90},{\"@type\":\"BreadcrumbList\",\"@id\":\"https:\\\/\\\/abc-latina.com\\\/bolivie\\\/infoprat\\\/#breadcrumb\",\"itemListElement\":[{\"@type\":\"ListItem\",\"position\":1,\"name\":\"Accueil\",\"item\":\"https:\\\/\\\/abc-latina.com\\\/\"},{\"@type\":\"ListItem\",\"position\":2,\"name\":\"INFORMATIONS PRATIQUES\"}]},{\"@type\":\"WebSite\",\"@id\":\"https:\\\/\\\/abc-latina.com\\\/#website\",\"url\":\"https:\\\/\\\/abc-latina.com\\\/\",\"name\":\"Abc-latina\",\"description\":\"\",\"publisher\":{\"@id\":\"https:\\\/\\\/abc-latina.com\\\/#organization\"},\"potentialAction\":[{\"@type\":\"SearchAction\",\"target\":{\"@type\":\"EntryPoint\",\"urlTemplate\":\"https:\\\/\\\/abc-latina.com\\\/?s={search_term_string}\"},\"query-input\":{\"@type\":\"PropertyValueSpecification\",\"valueRequired\":true,\"valueName\":\"search_term_string\"}}],\"inLanguage\":\"fr-FR\"},{\"@type\":\"Organization\",\"@id\":\"https:\\\/\\\/abc-latina.com\\\/#organization\",\"name\":\"Abc-latina\",\"url\":\"https:\\\/\\\/abc-latina.com\\\/\",\"logo\":{\"@type\":\"ImageObject\",\"inLanguage\":\"fr-FR\",\"@id\":\"https:\\\/\\\/abc-latina.com\\\/#\\\/schema\\\/logo\\\/image\\\/\",\"url\":\"https:\\\/\\\/abc-latina.com\\\/wp-content\\\/uploads\\\/2026\\\/05\\\/cropped-logo.gif\",\"contentUrl\":\"https:\\\/\\\/abc-latina.com\\\/wp-content\\\/uploads\\\/2026\\\/05\\\/cropped-logo.gif\",\"width\":89,\"height\":84,\"caption\":\"Abc-latina\"},\"image\":{\"@id\":\"https:\\\/\\\/abc-latina.com\\\/#\\\/schema\\\/logo\\\/image\\\/\"}}]}<\/script>\n<!-- \/ Yoast SEO plugin. -->","yoast_head_json":{"title":"INFORMATIONS PRATIQUES - Abc-latina","description":"Conseils et informations avant de partir en Bolivie.","robots":{"index":"index","follow":"follow","max-snippet":"max-snippet:-1","max-image-preview":"max-image-preview:large","max-video-preview":"max-video-preview:-1"},"canonical":"https:\/\/abc-latina.com\/bolivie\/infoprat\/","og_locale":"fr_FR","og_type":"article","og_title":"INFORMATIONS PRATIQUES - Abc-latina","og_description":"Conseils et informations avant de partir en Bolivie.","og_url":"https:\/\/abc-latina.com\/bolivie\/infoprat\/","og_site_name":"Abc-latina","article_modified_time":"2026-04-30T16:24:48+00:00","og_image":[{"width":125,"height":90,"url":"https:\/\/abc-latina.com\/wp-content\/uploads\/2010\/04\/timbre_to.gif","type":"image\/gif"}],"twitter_card":"summary_large_image","twitter_misc":{"Dur\u00e9e de lecture estim\u00e9e":"3 minutes"},"schema":{"@context":"https:\/\/schema.org","@graph":[{"@type":"WebPage","@id":"https:\/\/abc-latina.com\/bolivie\/infoprat\/","url":"https:\/\/abc-latina.com\/bolivie\/infoprat\/","name":"INFORMATIONS PRATIQUES - Abc-latina","isPartOf":{"@id":"https:\/\/abc-latina.com\/#website"},"primaryImageOfPage":{"@id":"https:\/\/abc-latina.com\/bolivie\/infoprat\/#primaryimage"},"image":{"@id":"https:\/\/abc-latina.com\/bolivie\/infoprat\/#primaryimage"},"thumbnailUrl":"https:\/\/abc-latina.com\/wp-content\/uploads\/2010\/04\/timbre_to.gif","datePublished":"2010-07-16T22:31:59+00:00","dateModified":"2026-04-30T16:24:48+00:00","description":"Conseils et informations avant de partir en Bolivie.","breadcrumb":{"@id":"https:\/\/abc-latina.com\/bolivie\/infoprat\/#breadcrumb"},"inLanguage":"fr-FR","potentialAction":[{"@type":"ReadAction","target":["https:\/\/abc-latina.com\/bolivie\/infoprat\/"]}]},{"@type":"ImageObject","inLanguage":"fr-FR","@id":"https:\/\/abc-latina.com\/bolivie\/infoprat\/#primaryimage","url":"https:\/\/abc-latina.com\/wp-content\/uploads\/2010\/04\/timbre_to.gif","contentUrl":"https:\/\/abc-latina.com\/wp-content\/uploads\/2010\/04\/timbre_to.gif","width":125,"height":90},{"@type":"BreadcrumbList","@id":"https:\/\/abc-latina.com\/bolivie\/infoprat\/#breadcrumb","itemListElement":[{"@type":"ListItem","position":1,"name":"Accueil","item":"https:\/\/abc-latina.com\/"},{"@type":"ListItem","position":2,"name":"INFORMATIONS PRATIQUES"}]},{"@type":"WebSite","@id":"https:\/\/abc-latina.com\/#website","url":"https:\/\/abc-latina.com\/","name":"Abc-latina","description":"","publisher":{"@id":"https:\/\/abc-latina.com\/#organization"},"potentialAction":[{"@type":"SearchAction","target":{"@type":"EntryPoint","urlTemplate":"https:\/\/abc-latina.com\/?s={search_term_string}"},"query-input":{"@type":"PropertyValueSpecification","valueRequired":true,"valueName":"search_term_string"}}],"inLanguage":"fr-FR"},{"@type":"Organization","@id":"https:\/\/abc-latina.com\/#organization","name":"Abc-latina","url":"https:\/\/abc-latina.com\/","logo":{"@type":"ImageObject","inLanguage":"fr-FR","@id":"https:\/\/abc-latina.com\/#\/schema\/logo\/image\/","url":"https:\/\/abc-latina.com\/wp-content\/uploads\/2026\/05\/cropped-logo.gif","contentUrl":"https:\/\/abc-latina.com\/wp-content\/uploads\/2026\/05\/cropped-logo.gif","width":89,"height":84,"caption":"Abc-latina"},"image":{"@id":"https:\/\/abc-latina.com\/#\/schema\/logo\/image\/"}}]}},"_links":{"self":[{"href":"https:\/\/abc-latina.com\/wp-json\/wp\/v2\/pages\/1369","targetHints":{"allow":["GET"]}}],"collection":[{"href":"https:\/\/abc-latina.com\/wp-json\/wp\/v2\/pages"}],"about":[{"href":"https:\/\/abc-latina.com\/wp-json\/wp\/v2\/types\/page"}],"author":[{"embeddable":true,"href":"https:\/\/abc-latina.com\/wp-json\/wp\/v2\/users\/3"}],"replies":[{"embeddable":true,"href":"https:\/\/abc-latina.com\/wp-json\/wp\/v2\/comments?post=1369"}],"version-history":[{"count":1,"href":"https:\/\/abc-latina.com\/wp-json\/wp\/v2\/pages\/1369\/revisions"}],"predecessor-version":[{"id":3135,"href":"https:\/\/abc-latina.com\/wp-json\/wp\/v2\/pages\/1369\/revisions\/3135"}],"up":[{"embeddable":true,"href":"https:\/\/abc-latina.com\/wp-json\/wp\/v2\/pages\/2295"}],"wp:featuredmedia":[{"embeddable":true,"href":"https:\/\/abc-latina.com\/wp-json\/wp\/v2\/media\/41"}],"wp:attachment":[{"href":"https:\/\/abc-latina.com\/wp-json\/wp\/v2\/media?parent=1369"}],"curies":[{"name":"wp","href":"https:\/\/api.w.org\/{rel}","templated":true}]}}