{"id":137,"date":"2010-06-01T06:18:16","date_gmt":"2010-06-01T04:18:16","guid":{"rendered":"http:\/\/abc-latina.com\/terredefeu-htm\/"},"modified":"2026-04-30T18:24:46","modified_gmt":"2026-04-30T16:24:46","slug":"terredefeu","status":"publish","type":"page","link":"https:\/\/abc-latina.com\/argentine\/terredefeu\/","title":{"rendered":"La TERRE de FEU"},"content":{"rendered":"<p><img loading=\"lazy\" decoding=\"async\" class=\" size-full wp-image-136\" src=\"http:\/\/abc-latina.com\/wp-content\/uploads\/2010\/06\/terre_de_feu_canal_beagle_3.jpg\" title=\"VOYAGE \u00e0 la TERRE DE FEU\" alt=\"VOYAGE \u00e0 la TERRE DE FEU\" width=\"480\" height=\"321\" srcset=\"https:\/\/abc-latina.com\/wp-content\/uploads\/2010\/06\/terre_de_feu_canal_beagle_3.jpg 550w, https:\/\/abc-latina.com\/wp-content\/uploads\/2010\/06\/terre_de_feu_canal_beagle_3-300x201.jpg 300w\" sizes=\"auto, (max-width: 480px) 100vw, 480px\" \/><\/p>\n<p>C&rsquo;est Magellan qui donna le nom de <span class=\"tourisme-chapitre\">Terre de Feu<\/span> \u00e0 ce territoire, en raison des brasiers qu&rsquo;il apercevait la nuit sur les c\u00f4tes des \u00eeles myst\u00e9rieuses.<br \/> La terre de feu, divis\u00e9e entre l&rsquo;Argentine et le <a href=\"https:\/\/www.abc-latina.com\/chili\/\" target=\"_blank\">Chili<\/a>, n&rsquo;a \u00e9t\u00e9 pendant longtemps que le lieu d&rsquo;un immense \u00e9levage de moutons qui ne semblait int\u00e9resser personne. Puis les richesses (p\u00e9trole &#8211; gaz) ont \u00e9t\u00e9 d\u00e9couvertes et ont donn\u00e9 \u00e0 la terre de feu une prosp\u00e9rit\u00e9 impensable jusqu&rsquo;alors. Ushuaia, la ville la plus australe du monde (appellation contest\u00e9e par les Chiliens) est devenue une cit\u00e9 industrielle, mais vit aussi de la p\u00eache, elle attire les touristes, en particulier ceux des grands voiliers qui parcourent l&rsquo;\u00e9t\u00e9 les canaux entre la Terre de Feu et les innombrables \u00eeles.<br \/> Mais Ushuaia est surtout le point de d\u00e9part de croisi\u00e8res vers les Canales argentins et chiliens.<\/p>\n<p><a href=\"tour_operateur\" target=\"_blank\"><img loading=\"lazy\" decoding=\"async\" class=\" size-full wp-image-41\" alt=\"\" class=\"touroperateur\" src=\"http:\/\/abc-latina.com\/wp-content\/uploads\/2010\/04\/timbre_to.gif\" width=\"125\" height=\"90\" \/><\/a><\/p>\n<p>A l&rsquo;extr\u00eame sud, o\u00f9 les eaux de l&rsquo;Atlantique se m\u00ealent \u00e0 celles du Pacifique, surgissent des paysages d&rsquo;un autre monde : les \u00eeles, les fjords, les glaces \u00e9ternelles, les icebergs \u00e0 la d\u00e9rive sur des eaux vertes et tranquilles. Ce sont aussi les fracas des glaces qui se brisent et les petits ports de p\u00eacheurs charg\u00e9s des cap-horniers.<\/p>\n<h3>Pr\u00e9parez votre voyage en Terre de Feu:<\/h3>\n<div><a href=\"https:\/\/www.abc-latina.com\/argentine\/agence_de_voyages\">Agences de voyage g\u00e9n\u00e9ralistes et discounteurs<\/a><\/div>\n<div><a href=\"https:\/\/www.abc-latina.com\/argentine\/tour_operateur\">Tours Op\u00e9rateurs sp\u00e9cialistes de l&rsquo;Argentine<\/a><\/div>\n<div><a href=\"https:\/\/www.abc-latina.com\/to\/reservation_billet_avion\" target=\"_blank\">R\u00e9servez votre billet d&rsquo;avion<\/a><\/div>\n<div><a href=\"hotels\" target=\"_blank\">R\u00e9servez votre h\u00f4tel en Terre de feu<\/a>&nbsp;<\/div>\n<div><a href=\"https:\/\/www.abc-latina.com\/to\/location_de_voiture_argentine\" target=\"_blank\">Location de voiture<\/a><\/div>\n<div>&nbsp;<\/div>\n<div><a href=\"https:\/\/www.abc-latina.com\/argentine\/photos\/photos_terre_de_feu\">Photos de la Terre de Feu<\/a><\/div>\n","protected":false},"excerpt":{"rendered":"<p>C&rsquo;est Magellan qui donna le nom de Terre de Feu \u00e0 ce territoire, en raison des brasiers qu&rsquo;il apercevait la [&hellip;]<\/p>\n","protected":false},"author":3,"featured_media":136,"parent":39,"menu_order":0,"comment_status":"closed","ping_status":"closed","template":"","meta":{"site-sidebar-layout":"default","site-content-layout":"","ast-site-content-layout":"default","site-content-style":"default","site-sidebar-style":"default","ast-global-header-display":"","ast-banner-title-visibility":"","ast-main-header-display":"","ast-hfb-above-header-display":"","ast-hfb-below-header-display":"","ast-hfb-mobile-header-display":"","site-post-title":"","ast-breadcrumbs-content":"","ast-featured-img":"","footer-sml-layout":"","ast-disable-related-posts":"","theme-transparent-header-meta":"","adv-header-id-meta":"","stick-header-meta":"","header-above-stick-meta":"","header-main-stick-meta":"","header-below-stick-meta":"","astra-migrate-meta-layouts":"default","ast-page-background-enabled":"default","ast-page-background-meta":{"desktop":{"background-color":"var(--ast-global-color-5)","background-image":"","background-repeat":"repeat","background-position":"center center","background-size":"auto","background-attachment":"scroll","background-type":"","background-media":"","overlay-type":"","overlay-color":"","overlay-opacity":"","overlay-gradient":""},"tablet":{"background-color":"","background-image":"","background-repeat":"repeat","background-position":"center center","background-size":"auto","background-attachment":"scroll","background-type":"","background-media":"","overlay-type":"","overlay-color":"","overlay-opacity":"","overlay-gradient":""},"mobile":{"background-color":"","background-image":"","background-repeat":"repeat","background-position":"center center","background-size":"auto","background-attachment":"scroll","background-type":"","background-media":"","overlay-type":"","overlay-color":"","overlay-opacity":"","overlay-gradient":""}},"ast-content-background-meta":{"desktop":{"background-color":"var(--ast-global-color-4)","background-image":"","background-repeat":"repeat","background-position":"center center","background-size":"auto","background-attachment":"scroll","background-type":"","background-media":"","overlay-type":"","overlay-color":"","overlay-opacity":"","overlay-gradient":""},"tablet":{"background-color":"var(--ast-global-color-4)","background-image":"","background-repeat":"repeat","background-position":"center center","background-size":"auto","background-attachment":"scroll","background-type":"","background-media":"","overlay-type":"","overlay-color":"","overlay-opacity":"","overlay-gradient":""},"mobile":{"background-color":"var(--ast-global-color-4)","background-image":"","background-repeat":"repeat","background-position":"center center","background-size":"auto","background-attachment":"scroll","background-type":"","background-media":"","overlay-type":"","overlay-color":"","overlay-opacity":"","overlay-gradient":""}},"footnotes":""},"class_list":["post-137","page","type-page","status-publish","has-post-thumbnail","hentry"],"yoast_head":"<!-- This site is optimized with the Yoast SEO plugin v27.5 - https:\/\/yoast.com\/product\/yoast-seo-wordpress\/ -->\n<title>La TERRE de FEU - Abc-latina<\/title>\n<meta name=\"description\" content=\"La terre de Feu en Argentine, tout au Sud du continent Sud Am\u00e9ricain. Des paysages d&#039;un autre monde, avec comme capitale Ushuaia, la ville la plus autrale du monde.\" \/>\n<meta name=\"robots\" content=\"index, follow, max-snippet:-1, max-image-preview:large, max-video-preview:-1\" \/>\n<link rel=\"canonical\" href=\"https:\/\/abc-latina.com\/argentine\/terredefeu\/\" \/>\n<meta property=\"og:locale\" content=\"fr_FR\" \/>\n<meta property=\"og:type\" content=\"article\" \/>\n<meta property=\"og:title\" content=\"La TERRE de FEU - Abc-latina\" \/>\n<meta property=\"og:description\" content=\"La terre de Feu en Argentine, tout au Sud du continent Sud Am\u00e9ricain. Des paysages d&#039;un autre monde, avec comme capitale Ushuaia, la ville la plus autrale du monde.\" \/>\n<meta property=\"og:url\" content=\"https:\/\/abc-latina.com\/argentine\/terredefeu\/\" \/>\n<meta property=\"og:site_name\" content=\"Abc-latina\" \/>\n<meta property=\"article:modified_time\" content=\"2026-04-30T16:24:46+00:00\" \/>\n<meta property=\"og:image\" content=\"https:\/\/abc-latina.com\/wp-content\/uploads\/2010\/06\/terre_de_feu_canal_beagle_3.jpg\" \/>\n\t<meta property=\"og:image:width\" content=\"550\" \/>\n\t<meta property=\"og:image:height\" content=\"368\" \/>\n\t<meta property=\"og:image:type\" content=\"image\/jpeg\" \/>\n<meta name=\"twitter:card\" content=\"summary_large_image\" \/>\n<meta name=\"twitter:label1\" content=\"Dur\u00e9e de lecture estim\u00e9e\" \/>\n\t<meta name=\"twitter:data1\" content=\"1 minute\" \/>\n<script type=\"application\/ld+json\" class=\"yoast-schema-graph\">{\"@context\":\"https:\\\/\\\/schema.org\",\"@graph\":[{\"@type\":\"WebPage\",\"@id\":\"https:\\\/\\\/abc-latina.com\\\/argentine\\\/terredefeu\\\/\",\"url\":\"https:\\\/\\\/abc-latina.com\\\/argentine\\\/terredefeu\\\/\",\"name\":\"La TERRE de FEU - Abc-latina\",\"isPartOf\":{\"@id\":\"https:\\\/\\\/abc-latina.com\\\/#website\"},\"primaryImageOfPage\":{\"@id\":\"https:\\\/\\\/abc-latina.com\\\/argentine\\\/terredefeu\\\/#primaryimage\"},\"image\":{\"@id\":\"https:\\\/\\\/abc-latina.com\\\/argentine\\\/terredefeu\\\/#primaryimage\"},\"thumbnailUrl\":\"https:\\\/\\\/abc-latina.com\\\/wp-content\\\/uploads\\\/2010\\\/06\\\/terre_de_feu_canal_beagle_3.jpg\",\"datePublished\":\"2010-06-01T04:18:16+00:00\",\"dateModified\":\"2026-04-30T16:24:46+00:00\",\"description\":\"La terre de Feu en Argentine, tout au Sud du continent Sud Am\u00e9ricain. Des paysages d'un autre monde, avec comme capitale Ushuaia, la ville la plus autrale du monde.\",\"breadcrumb\":{\"@id\":\"https:\\\/\\\/abc-latina.com\\\/argentine\\\/terredefeu\\\/#breadcrumb\"},\"inLanguage\":\"fr-FR\",\"potentialAction\":[{\"@type\":\"ReadAction\",\"target\":[\"https:\\\/\\\/abc-latina.com\\\/argentine\\\/terredefeu\\\/\"]}]},{\"@type\":\"ImageObject\",\"inLanguage\":\"fr-FR\",\"@id\":\"https:\\\/\\\/abc-latina.com\\\/argentine\\\/terredefeu\\\/#primaryimage\",\"url\":\"https:\\\/\\\/abc-latina.com\\\/wp-content\\\/uploads\\\/2010\\\/06\\\/terre_de_feu_canal_beagle_3.jpg\",\"contentUrl\":\"https:\\\/\\\/abc-latina.com\\\/wp-content\\\/uploads\\\/2010\\\/06\\\/terre_de_feu_canal_beagle_3.jpg\",\"width\":550,\"height\":368,\"caption\":\"VOYAGE \u00e0 la TERRE DE FEU\"},{\"@type\":\"BreadcrumbList\",\"@id\":\"https:\\\/\\\/abc-latina.com\\\/argentine\\\/terredefeu\\\/#breadcrumb\",\"itemListElement\":[{\"@type\":\"ListItem\",\"position\":1,\"name\":\"Accueil\",\"item\":\"https:\\\/\\\/abc-latina.com\\\/\"},{\"@type\":\"ListItem\",\"position\":2,\"name\":\"La TERRE de FEU\"}]},{\"@type\":\"WebSite\",\"@id\":\"https:\\\/\\\/abc-latina.com\\\/#website\",\"url\":\"https:\\\/\\\/abc-latina.com\\\/\",\"name\":\"Abc-latina\",\"description\":\"\",\"publisher\":{\"@id\":\"https:\\\/\\\/abc-latina.com\\\/#organization\"},\"potentialAction\":[{\"@type\":\"SearchAction\",\"target\":{\"@type\":\"EntryPoint\",\"urlTemplate\":\"https:\\\/\\\/abc-latina.com\\\/?s={search_term_string}\"},\"query-input\":{\"@type\":\"PropertyValueSpecification\",\"valueRequired\":true,\"valueName\":\"search_term_string\"}}],\"inLanguage\":\"fr-FR\"},{\"@type\":\"Organization\",\"@id\":\"https:\\\/\\\/abc-latina.com\\\/#organization\",\"name\":\"Abc-latina\",\"url\":\"https:\\\/\\\/abc-latina.com\\\/\",\"logo\":{\"@type\":\"ImageObject\",\"inLanguage\":\"fr-FR\",\"@id\":\"https:\\\/\\\/abc-latina.com\\\/#\\\/schema\\\/logo\\\/image\\\/\",\"url\":\"https:\\\/\\\/abc-latina.com\\\/wp-content\\\/uploads\\\/2026\\\/05\\\/cropped-logo.gif\",\"contentUrl\":\"https:\\\/\\\/abc-latina.com\\\/wp-content\\\/uploads\\\/2026\\\/05\\\/cropped-logo.gif\",\"width\":89,\"height\":84,\"caption\":\"Abc-latina\"},\"image\":{\"@id\":\"https:\\\/\\\/abc-latina.com\\\/#\\\/schema\\\/logo\\\/image\\\/\"}}]}<\/script>\n<!-- \/ Yoast SEO plugin. -->","yoast_head_json":{"title":"La TERRE de FEU - Abc-latina","description":"La terre de Feu en Argentine, tout au Sud du continent Sud Am\u00e9ricain. Des paysages d'un autre monde, avec comme capitale Ushuaia, la ville la plus autrale du monde.","robots":{"index":"index","follow":"follow","max-snippet":"max-snippet:-1","max-image-preview":"max-image-preview:large","max-video-preview":"max-video-preview:-1"},"canonical":"https:\/\/abc-latina.com\/argentine\/terredefeu\/","og_locale":"fr_FR","og_type":"article","og_title":"La TERRE de FEU - Abc-latina","og_description":"La terre de Feu en Argentine, tout au Sud du continent Sud Am\u00e9ricain. Des paysages d'un autre monde, avec comme capitale Ushuaia, la ville la plus autrale du monde.","og_url":"https:\/\/abc-latina.com\/argentine\/terredefeu\/","og_site_name":"Abc-latina","article_modified_time":"2026-04-30T16:24:46+00:00","og_image":[{"width":550,"height":368,"url":"https:\/\/abc-latina.com\/wp-content\/uploads\/2010\/06\/terre_de_feu_canal_beagle_3.jpg","type":"image\/jpeg"}],"twitter_card":"summary_large_image","twitter_misc":{"Dur\u00e9e de lecture estim\u00e9e":"1 minute"},"schema":{"@context":"https:\/\/schema.org","@graph":[{"@type":"WebPage","@id":"https:\/\/abc-latina.com\/argentine\/terredefeu\/","url":"https:\/\/abc-latina.com\/argentine\/terredefeu\/","name":"La TERRE de FEU - Abc-latina","isPartOf":{"@id":"https:\/\/abc-latina.com\/#website"},"primaryImageOfPage":{"@id":"https:\/\/abc-latina.com\/argentine\/terredefeu\/#primaryimage"},"image":{"@id":"https:\/\/abc-latina.com\/argentine\/terredefeu\/#primaryimage"},"thumbnailUrl":"https:\/\/abc-latina.com\/wp-content\/uploads\/2010\/06\/terre_de_feu_canal_beagle_3.jpg","datePublished":"2010-06-01T04:18:16+00:00","dateModified":"2026-04-30T16:24:46+00:00","description":"La terre de Feu en Argentine, tout au Sud du continent Sud Am\u00e9ricain. Des paysages d'un autre monde, avec comme capitale Ushuaia, la ville la plus autrale du monde.","breadcrumb":{"@id":"https:\/\/abc-latina.com\/argentine\/terredefeu\/#breadcrumb"},"inLanguage":"fr-FR","potentialAction":[{"@type":"ReadAction","target":["https:\/\/abc-latina.com\/argentine\/terredefeu\/"]}]},{"@type":"ImageObject","inLanguage":"fr-FR","@id":"https:\/\/abc-latina.com\/argentine\/terredefeu\/#primaryimage","url":"https:\/\/abc-latina.com\/wp-content\/uploads\/2010\/06\/terre_de_feu_canal_beagle_3.jpg","contentUrl":"https:\/\/abc-latina.com\/wp-content\/uploads\/2010\/06\/terre_de_feu_canal_beagle_3.jpg","width":550,"height":368,"caption":"VOYAGE \u00e0 la TERRE DE FEU"},{"@type":"BreadcrumbList","@id":"https:\/\/abc-latina.com\/argentine\/terredefeu\/#breadcrumb","itemListElement":[{"@type":"ListItem","position":1,"name":"Accueil","item":"https:\/\/abc-latina.com\/"},{"@type":"ListItem","position":2,"name":"La TERRE de FEU"}]},{"@type":"WebSite","@id":"https:\/\/abc-latina.com\/#website","url":"https:\/\/abc-latina.com\/","name":"Abc-latina","description":"","publisher":{"@id":"https:\/\/abc-latina.com\/#organization"},"potentialAction":[{"@type":"SearchAction","target":{"@type":"EntryPoint","urlTemplate":"https:\/\/abc-latina.com\/?s={search_term_string}"},"query-input":{"@type":"PropertyValueSpecification","valueRequired":true,"valueName":"search_term_string"}}],"inLanguage":"fr-FR"},{"@type":"Organization","@id":"https:\/\/abc-latina.com\/#organization","name":"Abc-latina","url":"https:\/\/abc-latina.com\/","logo":{"@type":"ImageObject","inLanguage":"fr-FR","@id":"https:\/\/abc-latina.com\/#\/schema\/logo\/image\/","url":"https:\/\/abc-latina.com\/wp-content\/uploads\/2026\/05\/cropped-logo.gif","contentUrl":"https:\/\/abc-latina.com\/wp-content\/uploads\/2026\/05\/cropped-logo.gif","width":89,"height":84,"caption":"Abc-latina"},"image":{"@id":"https:\/\/abc-latina.com\/#\/schema\/logo\/image\/"}}]}},"_links":{"self":[{"href":"https:\/\/abc-latina.com\/wp-json\/wp\/v2\/pages\/137","targetHints":{"allow":["GET"]}}],"collection":[{"href":"https:\/\/abc-latina.com\/wp-json\/wp\/v2\/pages"}],"about":[{"href":"https:\/\/abc-latina.com\/wp-json\/wp\/v2\/types\/page"}],"author":[{"embeddable":true,"href":"https:\/\/abc-latina.com\/wp-json\/wp\/v2\/users\/3"}],"replies":[{"embeddable":true,"href":"https:\/\/abc-latina.com\/wp-json\/wp\/v2\/comments?post=137"}],"version-history":[{"count":1,"href":"https:\/\/abc-latina.com\/wp-json\/wp\/v2\/pages\/137\/revisions"}],"predecessor-version":[{"id":3081,"href":"https:\/\/abc-latina.com\/wp-json\/wp\/v2\/pages\/137\/revisions\/3081"}],"up":[{"embeddable":true,"href":"https:\/\/abc-latina.com\/wp-json\/wp\/v2\/pages\/39"}],"wp:featuredmedia":[{"embeddable":true,"href":"https:\/\/abc-latina.com\/wp-json\/wp\/v2\/media\/136"}],"wp:attachment":[{"href":"https:\/\/abc-latina.com\/wp-json\/wp\/v2\/media?parent=137"}],"curies":[{"name":"wp","href":"https:\/\/api.w.org\/{rel}","templated":true}]}}