{"id":1386,"date":"2010-07-17T00:41:55","date_gmt":"2010-07-16T22:41:55","guid":{"rendered":"http:\/\/abc-latina.com\/tourisme-htm-9\/"},"modified":"2026-04-30T18:24:49","modified_gmt":"2026-04-30T16:24:49","slug":"tourisme","status":"publish","type":"page","link":"https:\/\/abc-latina.com\/bolivie\/tourisme\/","title":{"rendered":"TOURISME &#038; VOYAGE en BOLIVIE"},"content":{"rendered":"<div><strong><img loading=\"lazy\" decoding=\"async\" class=\" size-full wp-image-1384\" src=\"http:\/\/abc-latina.com\/wp-content\/uploads\/2010\/07\/008-tourisme-en-bolivie.jpg\" title=\"TOURISME &amp; VOYAGE EN BOLIVIE\" alt=\"TOURISME &amp; VOYAGE EN BOLIVIE\" width=\"480\" height=\"278\" srcset=\"https:\/\/abc-latina.com\/wp-content\/uploads\/2010\/07\/008-tourisme-en-bolivie.jpg 600w, https:\/\/abc-latina.com\/wp-content\/uploads\/2010\/07\/008-tourisme-en-bolivie-300x174.jpg 300w\" sizes=\"auto, (max-width: 480px) 100vw, 480px\" \/><\/strong><\/div>\n<div>&nbsp;<\/div>\n<div><strong>La Paz<\/strong>, la plus grande ville du pays est situ\u00e9e \u00e0 3.632 m\u00e8tres au-dessus du niveau de la mer et c&rsquo;est la plus haute capitale du monde, avec le pic Illimani enneig\u00e9 en toile de fond (6.402 m\u00e8tres). La ville a beaucoup de mus\u00e9es, de restaurants, de lieux de divertissement et offre des h\u00f4tels modernes et confortables.&nbsp;<\/div>\n<div>Les attractions proches sont le <strong>Lac Titicaca<\/strong>, la r\u00e9gion de Los Yungas, entre l&rsquo;altiplano et les terres basses amazoniennes, la station de ski de Chacaltaya, avec la plus haute piste du monde, et les formations rocheuses de la Vall\u00e9e de la Luna.<\/div>\n<div>&nbsp;<\/div>\n<div><strong>Cochabamba<\/strong> est connue comme la ville jardin car elle est situ\u00e9e dans une vall\u00e9e fertile \u00e0 2.558 m\u00e8tres au-dessus du niveau de la mer. Elle est fi\u00e8re de sa longue tradition de culture locale et folklorique.&nbsp;<\/div>\n<div>&nbsp;<\/div>\n<div>L&rsquo;\u00e9tat de <strong>Santa Cruz<\/strong> est riche en ressources naturelles, la ville, malgr\u00e9 la modernisation, a conserv\u00e9 son pass\u00e9 colonial et se caract\u00e9rise pour sa diversit\u00e9 ethnique (due \u00e0 la grande quantit\u00e9 d&rsquo;immigr\u00e9s qui sont arriv\u00e9s ces derni\u00e8res ann\u00e9es).&nbsp;<\/div>\n<div>Santa Cruz partage beaucoup de vignobles avec ses voisins argentins et br\u00e9siliens et est reli\u00e9e avec eux par chemin de fer. C&rsquo;est la ville bolivienne qui s&rsquo;est le plus d\u00e9velopp\u00e9e ces derni\u00e8res ann\u00e9es et elle est le centre du d\u00e9veloppement \u00e9conomique du pays. Cette r\u00e9gion est aussi riche en tradition et en folklore et la proximit\u00e9 de la jungle tropicale offre de nombreuses opportunit\u00e9s aux amoureux des activit\u00e9s \u00e0 l&rsquo;air libre (p\u00eache, natation, etc.). Il faut imp\u00e9rativement go\u00fbter les richesses culinaires de la r\u00e9gion.&nbsp;<\/div>\n<div>&nbsp;<\/div>\n<div><strong>Potosi<\/strong> connue comme la ville imp\u00e9riale, fut fond\u00e9e en 1545 apr\u00e8s la <a href=\"https:\/\/www.abc-latina.com\/to\/voyage_bolivie\">d\u00e9couverte<\/a> des filons d&rsquo;argent dans le Cerro Rico, qui deviendront les mines d&rsquo;argent les plus productives du monde et qui approvisionn\u00e8rent la couronne espagnole pendant deux si\u00e8cles. Dans les d\u00e9buts de la p\u00e9riode coloniale, Potosi fut la capitale la plus importante et la plus habit\u00e9e de tout le continent. Aujourd&rsquo;hui c&rsquo;est un grand monument qui comm\u00e9more son histoire: la Maison Royale de la Moneda.&nbsp;<\/div>\n<div>&nbsp;<\/div>\n<div><a href=\"https:\/\/www.abc-latina.com\/bolivie\/photos\"><img loading=\"lazy\" decoding=\"async\" class=\" alignright size-full wp-image-1385\" style=\"margin: 5px 22px; float: right;\" src=\"http:\/\/abc-latina.com\/wp-content\/uploads\/2010\/07\/lipez_arbre.jpg\" alt=\"\" width=\"170\" height=\"306\" srcset=\"https:\/\/abc-latina.com\/wp-content\/uploads\/2010\/07\/lipez_arbre.jpg 170w, https:\/\/abc-latina.com\/wp-content\/uploads\/2010\/07\/lipez_arbre-167x300.jpg 167w\" sizes=\"auto, (max-width: 170px) 100vw, 170px\" \/><\/a>Oruro est un centre minier traditionnel qui conserve beaucoup de reliques de son pass\u00e9 colonial. C&rsquo;est une des villes les plus anim\u00e9es culturellement. Une des expressions les plus extraordinaires et fid\u00e8les \u00e0 son folklore est, La Diablada, le samedi du Carnaval (f\u00e9vrier\/mars), avec des d\u00e9fil\u00e9s de diables masqu\u00e9s.&nbsp;<\/div>\n<div>&nbsp;<\/div>\n<div><strong>Sucre<\/strong>, dans l&rsquo;\u00e9tat de Chuquisaca, est la ville o\u00f9 fut proclam\u00e9e l&rsquo;ind\u00e9pendance du pays, et son propre nom, Sucre, comm\u00e9more le G\u00e9n\u00e9ral qui d\u00e9clencha le mouvement d&rsquo;ind\u00e9pendance. Elle est encore la capitale officielle du pays et est le si\u00e8ge du Tribunal Supr\u00eame bien que le gouvernement se trouve \u00e0 La Paz. La ville est riche en mus\u00e9es, en biblioth\u00e8ques et en dossiers historiques. Il y a la Cath\u00e9drale et son Mus\u00e9e (le Mus\u00e9e de l&rsquo;Eglise), la Biblioth\u00e8que Nationale, le Mus\u00e9e Colonial, le Mus\u00e9e Anthropologique, le Mus\u00e9e de l&rsquo;Histoire Naturelle et l&rsquo;Eglise de la Recoleta.&nbsp;<\/div>\n<div>&nbsp;<\/div>\n<div>Tarija, \u00e0 1.957 m\u00e8tres au-dessus du niveau de la mer, a un climat excellent, elle est festive et hospitali\u00e8re. Avec ses magnifiques fleurs et ses vins fins, Tarija est l&rsquo;endroit id\u00e9al pour trouver la paix et la tranquillit\u00e9.&nbsp;<\/div>\n<div>&nbsp;<\/div>\n<div><a target=\"_blank\" href=\"tour_operateur\"><img loading=\"lazy\" decoding=\"async\" class=\" size-full wp-image-41\" src=\"http:\/\/abc-latina.com\/wp-content\/uploads\/2010\/04\/timbre_to.gif\" class=\"touroperateur\" alt=\"\" width=\"125\" height=\"90\" \/><\/a>Les \u00e9tats de Beni et Pando, au coeur de la jungle bolivienne, offrent au visiteur des paysages chauds et color\u00e9s. Le &quot; Dorado &quot; Pantiti offre beaucoup de fleuves navigables et une route id\u00e9ale pour r\u00e9aliser des excursions sur la terre et sur les eaux. C&rsquo;est une bonne zone pour la pratique de la chasse et de la p\u00eache. Les principales villes de la r\u00e9gion sont Trinidad et Cobija.<\/div>\n<div>&nbsp;<\/div>\n<h3>Les sites boliviens class\u00e9s au patrimoine de l&rsquo;UNESCO:<\/h3>\n<div>Ville de Potosi &#8211; 1987<\/div>\n<div>Missions j\u00e9suites de Chiquitos &#8211; 1990<\/div>\n<div>Ville historique de Sucre &#8211; 1991<\/div>\n<div>Fort de Samaipata &#8211; 1998<\/div>\n<div>Tiwanaku : centre spirituel et politique de la culture Tiwanaku &#8211; 2000<\/div>\n<div>Parc national Noel Kempff Mercado &#8211; 2000<\/div>\n<p>&nbsp;<a target=\"_blank\" href=\"http:\/\/voyage.abc-latina.com\/voyage_bolivie\/bolivie.php\"><span class=\"sejour-circuit\"><br \/><\/span><\/a><\/p>\n<h3>Pr\u00e9parez votre voyage en Bolivie:<\/h3>\n<div><a href=\"https:\/\/www.abc-latina.com\/bolivie\/agence_de_voyages\">Agences de voyage g\u00e9n\u00e9ralistes et discounteurs<\/a><\/div>\n<div><a href=\"https:\/\/www.abc-latina.com\/bolivie\/tour_operateur\">Tours Op\u00e9rateurs sp\u00e9cialistes de la Bolivie<\/a><\/div>\n<div><a target=\"_blank\" href=\"https:\/\/www.abc-latina.com\/to\/reservation_billet_avion\">R\u00e9servez votre billet d&rsquo;avion<\/a><\/div>\n<div><a href=\"https:\/\/www.abc-latina.com\/bolivie\/hotels\">R\u00e9servez votre h\u00f4tel en Bolivie<\/a>&nbsp;<\/div>\n<div><a target=\"_blank\" href=\"https:\/\/www.abc-latina.com\/to\/location_de_voiture_bolivie\">Location de voiture<\/a><\/div>\n<p>&nbsp;<\/p>\n","protected":false},"excerpt":{"rendered":"<p>&nbsp; La Paz, la plus grande ville du pays est situ\u00e9e \u00e0 3.632 m\u00e8tres au-dessus du niveau de la mer [&hellip;]<\/p>\n","protected":false},"author":3,"featured_media":1384,"parent":2295,"menu_order":0,"comment_status":"closed","ping_status":"closed","template":"","meta":{"site-sidebar-layout":"default","site-content-layout":"","ast-site-content-layout":"default","site-content-style":"default","site-sidebar-style":"default","ast-global-header-display":"","ast-banner-title-visibility":"","ast-main-header-display":"","ast-hfb-above-header-display":"","ast-hfb-below-header-display":"","ast-hfb-mobile-header-display":"","site-post-title":"","ast-breadcrumbs-content":"","ast-featured-img":"","footer-sml-layout":"","ast-disable-related-posts":"","theme-transparent-header-meta":"","adv-header-id-meta":"","stick-header-meta":"","header-above-stick-meta":"","header-main-stick-meta":"","header-below-stick-meta":"","astra-migrate-meta-layouts":"default","ast-page-background-enabled":"default","ast-page-background-meta":{"desktop":{"background-color":"var(--ast-global-color-5)","background-image":"","background-repeat":"repeat","background-position":"center center","background-size":"auto","background-attachment":"scroll","background-type":"","background-media":"","overlay-type":"","overlay-color":"","overlay-opacity":"","overlay-gradient":""},"tablet":{"background-color":"","background-image":"","background-repeat":"repeat","background-position":"center center","background-size":"auto","background-attachment":"scroll","background-type":"","background-media":"","overlay-type":"","overlay-color":"","overlay-opacity":"","overlay-gradient":""},"mobile":{"background-color":"","background-image":"","background-repeat":"repeat","background-position":"center center","background-size":"auto","background-attachment":"scroll","background-type":"","background-media":"","overlay-type":"","overlay-color":"","overlay-opacity":"","overlay-gradient":""}},"ast-content-background-meta":{"desktop":{"background-color":"var(--ast-global-color-4)","background-image":"","background-repeat":"repeat","background-position":"center center","background-size":"auto","background-attachment":"scroll","background-type":"","background-media":"","overlay-type":"","overlay-color":"","overlay-opacity":"","overlay-gradient":""},"tablet":{"background-color":"var(--ast-global-color-4)","background-image":"","background-repeat":"repeat","background-position":"center center","background-size":"auto","background-attachment":"scroll","background-type":"","background-media":"","overlay-type":"","overlay-color":"","overlay-opacity":"","overlay-gradient":""},"mobile":{"background-color":"var(--ast-global-color-4)","background-image":"","background-repeat":"repeat","background-position":"center center","background-size":"auto","background-attachment":"scroll","background-type":"","background-media":"","overlay-type":"","overlay-color":"","overlay-opacity":"","overlay-gradient":""}},"footnotes":""},"class_list":["post-1386","page","type-page","status-publish","has-post-thumbnail","hentry"],"yoast_head":"<!-- This site is optimized with the Yoast SEO plugin v27.5 - https:\/\/yoast.com\/product\/yoast-seo-wordpress\/ -->\n<title>TOURISME &amp; VOYAGE en BOLIVIE - Abc-latina<\/title>\n<meta name=\"description\" content=\"Le tourisme en Bolivie. Voyage virtuel et visite guid\u00e9e des sites touristiques boliviens.\" \/>\n<meta name=\"robots\" content=\"index, follow, max-snippet:-1, max-image-preview:large, max-video-preview:-1\" \/>\n<link rel=\"canonical\" href=\"https:\/\/abc-latina.com\/bolivie\/tourisme\/\" \/>\n<meta property=\"og:locale\" content=\"fr_FR\" \/>\n<meta property=\"og:type\" content=\"article\" \/>\n<meta property=\"og:title\" content=\"TOURISME &amp; VOYAGE en BOLIVIE - Abc-latina\" \/>\n<meta property=\"og:description\" content=\"Le tourisme en Bolivie. Voyage virtuel et visite guid\u00e9e des sites touristiques boliviens.\" \/>\n<meta property=\"og:url\" content=\"https:\/\/abc-latina.com\/bolivie\/tourisme\/\" \/>\n<meta property=\"og:site_name\" content=\"Abc-latina\" \/>\n<meta property=\"article:modified_time\" content=\"2026-04-30T16:24:49+00:00\" \/>\n<meta property=\"og:image\" content=\"https:\/\/abc-latina.com\/wp-content\/uploads\/2010\/07\/008-tourisme-en-bolivie.jpg\" \/>\n\t<meta property=\"og:image:width\" content=\"600\" \/>\n\t<meta property=\"og:image:height\" content=\"347\" \/>\n\t<meta property=\"og:image:type\" content=\"image\/jpeg\" \/>\n<meta name=\"twitter:card\" content=\"summary_large_image\" \/>\n<meta name=\"twitter:label1\" content=\"Dur\u00e9e de lecture estim\u00e9e\" \/>\n\t<meta name=\"twitter:data1\" content=\"4 minutes\" \/>\n<script type=\"application\/ld+json\" class=\"yoast-schema-graph\">{\"@context\":\"https:\\\/\\\/schema.org\",\"@graph\":[{\"@type\":\"WebPage\",\"@id\":\"https:\\\/\\\/abc-latina.com\\\/bolivie\\\/tourisme\\\/\",\"url\":\"https:\\\/\\\/abc-latina.com\\\/bolivie\\\/tourisme\\\/\",\"name\":\"TOURISME & VOYAGE en BOLIVIE - Abc-latina\",\"isPartOf\":{\"@id\":\"https:\\\/\\\/abc-latina.com\\\/#website\"},\"primaryImageOfPage\":{\"@id\":\"https:\\\/\\\/abc-latina.com\\\/bolivie\\\/tourisme\\\/#primaryimage\"},\"image\":{\"@id\":\"https:\\\/\\\/abc-latina.com\\\/bolivie\\\/tourisme\\\/#primaryimage\"},\"thumbnailUrl\":\"https:\\\/\\\/abc-latina.com\\\/wp-content\\\/uploads\\\/2010\\\/07\\\/008-tourisme-en-bolivie.jpg\",\"datePublished\":\"2010-07-16T22:41:55+00:00\",\"dateModified\":\"2026-04-30T16:24:49+00:00\",\"description\":\"Le tourisme en Bolivie. Voyage virtuel et visite guid\u00e9e des sites touristiques boliviens.\",\"breadcrumb\":{\"@id\":\"https:\\\/\\\/abc-latina.com\\\/bolivie\\\/tourisme\\\/#breadcrumb\"},\"inLanguage\":\"fr-FR\",\"potentialAction\":[{\"@type\":\"ReadAction\",\"target\":[\"https:\\\/\\\/abc-latina.com\\\/bolivie\\\/tourisme\\\/\"]}]},{\"@type\":\"ImageObject\",\"inLanguage\":\"fr-FR\",\"@id\":\"https:\\\/\\\/abc-latina.com\\\/bolivie\\\/tourisme\\\/#primaryimage\",\"url\":\"https:\\\/\\\/abc-latina.com\\\/wp-content\\\/uploads\\\/2010\\\/07\\\/008-tourisme-en-bolivie.jpg\",\"contentUrl\":\"https:\\\/\\\/abc-latina.com\\\/wp-content\\\/uploads\\\/2010\\\/07\\\/008-tourisme-en-bolivie.jpg\",\"width\":600,\"height\":347,\"caption\":\"TOURISME &amp; VOYAGE EN BOLIVIE\"},{\"@type\":\"BreadcrumbList\",\"@id\":\"https:\\\/\\\/abc-latina.com\\\/bolivie\\\/tourisme\\\/#breadcrumb\",\"itemListElement\":[{\"@type\":\"ListItem\",\"position\":1,\"name\":\"Accueil\",\"item\":\"https:\\\/\\\/abc-latina.com\\\/\"},{\"@type\":\"ListItem\",\"position\":2,\"name\":\"TOURISME &#038; VOYAGE en BOLIVIE\"}]},{\"@type\":\"WebSite\",\"@id\":\"https:\\\/\\\/abc-latina.com\\\/#website\",\"url\":\"https:\\\/\\\/abc-latina.com\\\/\",\"name\":\"Abc-latina\",\"description\":\"\",\"publisher\":{\"@id\":\"https:\\\/\\\/abc-latina.com\\\/#organization\"},\"potentialAction\":[{\"@type\":\"SearchAction\",\"target\":{\"@type\":\"EntryPoint\",\"urlTemplate\":\"https:\\\/\\\/abc-latina.com\\\/?s={search_term_string}\"},\"query-input\":{\"@type\":\"PropertyValueSpecification\",\"valueRequired\":true,\"valueName\":\"search_term_string\"}}],\"inLanguage\":\"fr-FR\"},{\"@type\":\"Organization\",\"@id\":\"https:\\\/\\\/abc-latina.com\\\/#organization\",\"name\":\"Abc-latina\",\"url\":\"https:\\\/\\\/abc-latina.com\\\/\",\"logo\":{\"@type\":\"ImageObject\",\"inLanguage\":\"fr-FR\",\"@id\":\"https:\\\/\\\/abc-latina.com\\\/#\\\/schema\\\/logo\\\/image\\\/\",\"url\":\"https:\\\/\\\/abc-latina.com\\\/wp-content\\\/uploads\\\/2026\\\/05\\\/cropped-logo.gif\",\"contentUrl\":\"https:\\\/\\\/abc-latina.com\\\/wp-content\\\/uploads\\\/2026\\\/05\\\/cropped-logo.gif\",\"width\":89,\"height\":84,\"caption\":\"Abc-latina\"},\"image\":{\"@id\":\"https:\\\/\\\/abc-latina.com\\\/#\\\/schema\\\/logo\\\/image\\\/\"}}]}<\/script>\n<!-- \/ Yoast SEO plugin. -->","yoast_head_json":{"title":"TOURISME & VOYAGE en BOLIVIE - Abc-latina","description":"Le tourisme en Bolivie. Voyage virtuel et visite guid\u00e9e des sites touristiques boliviens.","robots":{"index":"index","follow":"follow","max-snippet":"max-snippet:-1","max-image-preview":"max-image-preview:large","max-video-preview":"max-video-preview:-1"},"canonical":"https:\/\/abc-latina.com\/bolivie\/tourisme\/","og_locale":"fr_FR","og_type":"article","og_title":"TOURISME & VOYAGE en BOLIVIE - Abc-latina","og_description":"Le tourisme en Bolivie. Voyage virtuel et visite guid\u00e9e des sites touristiques boliviens.","og_url":"https:\/\/abc-latina.com\/bolivie\/tourisme\/","og_site_name":"Abc-latina","article_modified_time":"2026-04-30T16:24:49+00:00","og_image":[{"width":600,"height":347,"url":"https:\/\/abc-latina.com\/wp-content\/uploads\/2010\/07\/008-tourisme-en-bolivie.jpg","type":"image\/jpeg"}],"twitter_card":"summary_large_image","twitter_misc":{"Dur\u00e9e de lecture estim\u00e9e":"4 minutes"},"schema":{"@context":"https:\/\/schema.org","@graph":[{"@type":"WebPage","@id":"https:\/\/abc-latina.com\/bolivie\/tourisme\/","url":"https:\/\/abc-latina.com\/bolivie\/tourisme\/","name":"TOURISME & VOYAGE en BOLIVIE - Abc-latina","isPartOf":{"@id":"https:\/\/abc-latina.com\/#website"},"primaryImageOfPage":{"@id":"https:\/\/abc-latina.com\/bolivie\/tourisme\/#primaryimage"},"image":{"@id":"https:\/\/abc-latina.com\/bolivie\/tourisme\/#primaryimage"},"thumbnailUrl":"https:\/\/abc-latina.com\/wp-content\/uploads\/2010\/07\/008-tourisme-en-bolivie.jpg","datePublished":"2010-07-16T22:41:55+00:00","dateModified":"2026-04-30T16:24:49+00:00","description":"Le tourisme en Bolivie. Voyage virtuel et visite guid\u00e9e des sites touristiques boliviens.","breadcrumb":{"@id":"https:\/\/abc-latina.com\/bolivie\/tourisme\/#breadcrumb"},"inLanguage":"fr-FR","potentialAction":[{"@type":"ReadAction","target":["https:\/\/abc-latina.com\/bolivie\/tourisme\/"]}]},{"@type":"ImageObject","inLanguage":"fr-FR","@id":"https:\/\/abc-latina.com\/bolivie\/tourisme\/#primaryimage","url":"https:\/\/abc-latina.com\/wp-content\/uploads\/2010\/07\/008-tourisme-en-bolivie.jpg","contentUrl":"https:\/\/abc-latina.com\/wp-content\/uploads\/2010\/07\/008-tourisme-en-bolivie.jpg","width":600,"height":347,"caption":"TOURISME &amp; VOYAGE EN BOLIVIE"},{"@type":"BreadcrumbList","@id":"https:\/\/abc-latina.com\/bolivie\/tourisme\/#breadcrumb","itemListElement":[{"@type":"ListItem","position":1,"name":"Accueil","item":"https:\/\/abc-latina.com\/"},{"@type":"ListItem","position":2,"name":"TOURISME &#038; VOYAGE en BOLIVIE"}]},{"@type":"WebSite","@id":"https:\/\/abc-latina.com\/#website","url":"https:\/\/abc-latina.com\/","name":"Abc-latina","description":"","publisher":{"@id":"https:\/\/abc-latina.com\/#organization"},"potentialAction":[{"@type":"SearchAction","target":{"@type":"EntryPoint","urlTemplate":"https:\/\/abc-latina.com\/?s={search_term_string}"},"query-input":{"@type":"PropertyValueSpecification","valueRequired":true,"valueName":"search_term_string"}}],"inLanguage":"fr-FR"},{"@type":"Organization","@id":"https:\/\/abc-latina.com\/#organization","name":"Abc-latina","url":"https:\/\/abc-latina.com\/","logo":{"@type":"ImageObject","inLanguage":"fr-FR","@id":"https:\/\/abc-latina.com\/#\/schema\/logo\/image\/","url":"https:\/\/abc-latina.com\/wp-content\/uploads\/2026\/05\/cropped-logo.gif","contentUrl":"https:\/\/abc-latina.com\/wp-content\/uploads\/2026\/05\/cropped-logo.gif","width":89,"height":84,"caption":"Abc-latina"},"image":{"@id":"https:\/\/abc-latina.com\/#\/schema\/logo\/image\/"}}]}},"_links":{"self":[{"href":"https:\/\/abc-latina.com\/wp-json\/wp\/v2\/pages\/1386","targetHints":{"allow":["GET"]}}],"collection":[{"href":"https:\/\/abc-latina.com\/wp-json\/wp\/v2\/pages"}],"about":[{"href":"https:\/\/abc-latina.com\/wp-json\/wp\/v2\/types\/page"}],"author":[{"embeddable":true,"href":"https:\/\/abc-latina.com\/wp-json\/wp\/v2\/users\/3"}],"replies":[{"embeddable":true,"href":"https:\/\/abc-latina.com\/wp-json\/wp\/v2\/comments?post=1386"}],"version-history":[{"count":1,"href":"https:\/\/abc-latina.com\/wp-json\/wp\/v2\/pages\/1386\/revisions"}],"predecessor-version":[{"id":3154,"href":"https:\/\/abc-latina.com\/wp-json\/wp\/v2\/pages\/1386\/revisions\/3154"}],"up":[{"embeddable":true,"href":"https:\/\/abc-latina.com\/wp-json\/wp\/v2\/pages\/2295"}],"wp:featuredmedia":[{"embeddable":true,"href":"https:\/\/abc-latina.com\/wp-json\/wp\/v2\/media\/1384"}],"wp:attachment":[{"href":"https:\/\/abc-latina.com\/wp-json\/wp\/v2\/media?parent=1386"}],"curies":[{"name":"wp","href":"https:\/\/api.w.org\/{rel}","templated":true}]}}