{"id":1388,"date":"2010-07-17T00:49:54","date_gmt":"2010-07-16T22:49:54","guid":{"rendered":"http:\/\/abc-latina.com\/economie-htm-10\/"},"modified":"2026-04-30T18:25:03","modified_gmt":"2026-04-30T16:25:03","slug":"economie","status":"publish","type":"page","link":"https:\/\/abc-latina.com\/equateur\/economie\/","title":{"rendered":"ECONOMIE &#8211; EQUATEUR"},"content":{"rendered":"<p><img loading=\"lazy\" decoding=\"async\" class=\" alignright size-full wp-image-1387\" src=\"http:\/\/abc-latina.com\/wp-content\/uploads\/2010\/07\/economie.jpg\" title=\"ECONOMIE EQUATORIENNE\" alt=\"L'ECONOMIE EN EQUATEUR\" width=\"220\" vspace=\"9\" hspace=\"15\" height=\"220\" align=\"right\" srcset=\"https:\/\/abc-latina.com\/wp-content\/uploads\/2010\/07\/economie.jpg 220w, https:\/\/abc-latina.com\/wp-content\/uploads\/2010\/07\/economie-150x150.jpg 150w\" sizes=\"auto, (max-width: 220px) 100vw, 220px\" \/>Premier exportateur mondial de bananes, l&rsquo;Equateur est \u00e9galement un gros producteur et exportateur de cacao et de caf\u00e9. Le mais, le bl\u00e9, l&rsquo;orge, les pommes de terre et haricots, plus tourn\u00e9s vers le march\u00e9 int\u00e9rieur, compl\u00e8tent une gamme tr\u00e8s diversifi\u00e9e. Une grande perc\u00e9e r\u00e9cente \u00e0 l&rsquo;exportation est \u00e0 noter dans les fleurs et tout particuli\u00e8rement les roses. Le pays \u00e9l\u00e8ve des bovins, ovins, ainsi que des taureaux pour les corridas. C&rsquo;est le premier exportateur mondial de crevettes d&rsquo;\u00e9levage, et \u00e9galement un tr\u00e8s gros producteur de thon, avec une diversification actuelle dans les pr\u00e9parations de poissons.<\/p>\n<p>Bien que son secteur minier ne soit pas significatif, le pays poss\u00e8de d&rsquo;importantes ressources mini\u00e8res notamment en or, argent, cuivre, mais qui sont \u00e0 ce jour peu d\u00e9velopp\u00e9es.<br \/>Plus petit pays membre de l&rsquo;OPEP, l&rsquo;Equateur g\u00e9n\u00e8re 40 % de son PIB et pr\u00e9s de 60 % des ses exportations gr\u00e2ce aux hydrocarbures qui sont donc le moteur essentiel de son \u00e9conomie. Par l&rsquo;interm\u00e9diaire de l&rsquo;entreprise publique Petroecuador l&rsquo;Etat poss\u00e8de les trois quarts de la production p\u00e9troli\u00e8re depuis 2012, le reste \u00e9tant priv\u00e9. L&rsquo;industrie hydro\u00e9lectrique quant \u00e0 elle devrait repr\u00e9senter 32 % de la production d&rsquo;\u00e9lectricit\u00e9 en 2013, en baisse par rapport au gaz naturel. Le pays n&rsquo;exploite que 15 % de son potentiel \u00e9nerg\u00e9tique et devrait arriver \u00e0 en exploiter le double en 2016 gr\u00e2ce \u00e0 huit nouvelles centrales suppl\u00e9mentaires, parvenant ainsi \u00e0 l&rsquo;autosuffisance \u00e9nerg\u00e9tique et m\u00eame \u00e0 \u00eatre exc\u00e9dentaire. Les projets, dont celui de Cardenillo repr\u00e9sentant pr\u00e9s de 600 m\u00e9gawats, rentrent dans un plan d&rsquo;\u00e9nergie propre et renouvelable ainsi que dans le cadre de la loi d&rsquo;utilisation des exc\u00e9dents g\u00e9n\u00e9r\u00e9s au profit des communaut\u00e9s o\u00f9 ils sont mis en \u0153uvre.<\/p>\n<p>Le secteur manufacturier joue un r\u00f4le modeste dans l&rsquo;\u00e9conomie du pays et repr\u00e9sente 31 % du PIB. Les activit\u00e9s dominantes sont le raffinage du p\u00e9trole et l&rsquo;agroalimentaire avec les pr\u00e9parations de poissons, de divers fruits ainsi que de crevettes. L&rsquo;industrie automobile est repr\u00e9sent\u00e9e par Aymesa travaillant en collaboration avec les constructeurs cor\u00e9ens Kia Motors Company et Hyundai.<\/p>\n<p>Les services constituent le secteur de loin le plus important du pays avec 57 % du PIB. L&rsquo;Etat a une situation dominante dans les t\u00e9l\u00e9communications fixes, et le transport d&rsquo;hydrocarbures appartient \u00e0 une soci\u00e9t\u00e9 nationalis\u00e9e. Des restrictions importantes aux investissements \u00e9trangers existent notamment dans les services radios, le transport maritime ou les a\u00e9roports.<\/p>\n<p>L&rsquo;Equateur a mis en place une politique commerciale s\u00e9lective d&rsquo;\u00e9changes favorisant son commerce r\u00e9gional avec certains pays voisins et limitant son commerce international pour prot\u00e9ger les activit\u00e9s manufacturi\u00e8res int\u00e9rieures. Limiter les importations et favoriser l&rsquo;\u00e9mergence de produits de substitutions \u00e0 l&rsquo;int\u00e9rieur du pays n&rsquo;ont cependant pas \u00e0 ce jour \u00e9t\u00e9 couronn\u00e9s d&rsquo;un franc succ\u00e8s.<\/p>\n<p>Ses principaux clients sont les USA, le Panama et le P\u00e9rou.<\/p>\n<div>&nbsp;<\/div>\n<div><span class=\"eco-indic\">INDICATEURS ECONOMIQUES<\/span><\/div>\n<p>PIB : 84, 5 Milliards USD<br \/>PIB\/Habitant : 5 300 USD<br \/>Taux de croissance du PIB : 4, 8 %<br \/>Taux de ch\u00f4mage : 5,3 %<br \/>Taux d&rsquo;inflation officiel : 5,1 %<\/p>\n<p><span class=\"eco-indic2\">Part des principaux secteurs d&rsquo;activit\u00e9s dans le PIB :<\/span><br \/>Secteur agricole : 12 %<br \/>Secteur industriel : 3I %<br \/>Secteur des services : 57 %<\/p>\n<p><span class=\"eco-indic2\">Principaux clients 2011:<\/span><br \/>Etats-Unis (40,9%), Panama (10,7 %), P\u00e9rou (6,7%), Venezuela (5,6 %)<\/p>\n<p><span class=\"eco-indic2\">Principaux fournisseurs 2011:<\/span><br \/>Etats-Unis (27,4%), Chine (10,1%), Colombie (9%), Panama (4,5%).<\/p>\n<p>Exportations de la France vers l&rsquo;Equateur (2011) : 153, 4 Milliards USD<br \/>Importations fran\u00e7aises de l&rsquo;Equateur (2011) : 358, 8 Milliards USD<\/p>\n","protected":false},"excerpt":{"rendered":"<p>Premier exportateur mondial de bananes, l&rsquo;Equateur est \u00e9galement un gros producteur et exportateur de cacao et de caf\u00e9. Le mais, [&hellip;]<\/p>\n","protected":false},"author":3,"featured_media":1387,"parent":2303,"menu_order":0,"comment_status":"closed","ping_status":"closed","template":"","meta":{"site-sidebar-layout":"default","site-content-layout":"","ast-site-content-layout":"default","site-content-style":"default","site-sidebar-style":"default","ast-global-header-display":"","ast-banner-title-visibility":"","ast-main-header-display":"","ast-hfb-above-header-display":"","ast-hfb-below-header-display":"","ast-hfb-mobile-header-display":"","site-post-title":"","ast-breadcrumbs-content":"","ast-featured-img":"","footer-sml-layout":"","ast-disable-related-posts":"","theme-transparent-header-meta":"","adv-header-id-meta":"","stick-header-meta":"","header-above-stick-meta":"","header-main-stick-meta":"","header-below-stick-meta":"","astra-migrate-meta-layouts":"default","ast-page-background-enabled":"default","ast-page-background-meta":{"desktop":{"background-color":"var(--ast-global-color-5)","background-image":"","background-repeat":"repeat","background-position":"center center","background-size":"auto","background-attachment":"scroll","background-type":"","background-media":"","overlay-type":"","overlay-color":"","overlay-opacity":"","overlay-gradient":""},"tablet":{"background-color":"","background-image":"","background-repeat":"repeat","background-position":"center center","background-size":"auto","background-attachment":"scroll","background-type":"","background-media":"","overlay-type":"","overlay-color":"","overlay-opacity":"","overlay-gradient":""},"mobile":{"background-color":"","background-image":"","background-repeat":"repeat","background-position":"center center","background-size":"auto","background-attachment":"scroll","background-type":"","background-media":"","overlay-type":"","overlay-color":"","overlay-opacity":"","overlay-gradient":""}},"ast-content-background-meta":{"desktop":{"background-color":"var(--ast-global-color-4)","background-image":"","background-repeat":"repeat","background-position":"center center","background-size":"auto","background-attachment":"scroll","background-type":"","background-media":"","overlay-type":"","overlay-color":"","overlay-opacity":"","overlay-gradient":""},"tablet":{"background-color":"var(--ast-global-color-4)","background-image":"","background-repeat":"repeat","background-position":"center center","background-size":"auto","background-attachment":"scroll","background-type":"","background-media":"","overlay-type":"","overlay-color":"","overlay-opacity":"","overlay-gradient":""},"mobile":{"background-color":"var(--ast-global-color-4)","background-image":"","background-repeat":"repeat","background-position":"center center","background-size":"auto","background-attachment":"scroll","background-type":"","background-media":"","overlay-type":"","overlay-color":"","overlay-opacity":"","overlay-gradient":""}},"footnotes":""},"class_list":["post-1388","page","type-page","status-publish","has-post-thumbnail","hentry"],"yoast_head":"<!-- This site is optimized with the Yoast SEO plugin v27.5 - https:\/\/yoast.com\/product\/yoast-seo-wordpress\/ -->\n<title>ECONOMIE - EQUATEUR - Abc-latina<\/title>\n<meta name=\"description\" content=\"L&#039;\u00e9conomie equatorienne: Industrie, Agriculture, services. Chiffres de l&#039;\u00e9conomie de l&#039;Equateur.\" \/>\n<meta name=\"robots\" content=\"index, follow, max-snippet:-1, max-image-preview:large, max-video-preview:-1\" \/>\n<link rel=\"canonical\" href=\"https:\/\/abc-latina.com\/equateur\/economie\/\" \/>\n<meta property=\"og:locale\" content=\"fr_FR\" \/>\n<meta property=\"og:type\" content=\"article\" \/>\n<meta property=\"og:title\" content=\"ECONOMIE - EQUATEUR - Abc-latina\" \/>\n<meta property=\"og:description\" content=\"L&#039;\u00e9conomie equatorienne: Industrie, Agriculture, services. Chiffres de l&#039;\u00e9conomie de l&#039;Equateur.\" \/>\n<meta property=\"og:url\" content=\"https:\/\/abc-latina.com\/equateur\/economie\/\" \/>\n<meta property=\"og:site_name\" content=\"Abc-latina\" \/>\n<meta property=\"article:modified_time\" content=\"2026-04-30T16:25:03+00:00\" \/>\n<meta property=\"og:image\" content=\"https:\/\/abc-latina.com\/wp-content\/uploads\/2010\/07\/economie.jpg\" \/>\n\t<meta property=\"og:image:width\" content=\"220\" \/>\n\t<meta property=\"og:image:height\" content=\"220\" \/>\n\t<meta property=\"og:image:type\" content=\"image\/jpeg\" \/>\n<meta name=\"twitter:card\" content=\"summary_large_image\" \/>\n<meta name=\"twitter:label1\" content=\"Dur\u00e9e de lecture estim\u00e9e\" \/>\n\t<meta name=\"twitter:data1\" content=\"3 minutes\" \/>\n<script type=\"application\/ld+json\" class=\"yoast-schema-graph\">{\"@context\":\"https:\\\/\\\/schema.org\",\"@graph\":[{\"@type\":\"WebPage\",\"@id\":\"https:\\\/\\\/abc-latina.com\\\/equateur\\\/economie\\\/\",\"url\":\"https:\\\/\\\/abc-latina.com\\\/equateur\\\/economie\\\/\",\"name\":\"ECONOMIE - EQUATEUR - Abc-latina\",\"isPartOf\":{\"@id\":\"https:\\\/\\\/abc-latina.com\\\/#website\"},\"primaryImageOfPage\":{\"@id\":\"https:\\\/\\\/abc-latina.com\\\/equateur\\\/economie\\\/#primaryimage\"},\"image\":{\"@id\":\"https:\\\/\\\/abc-latina.com\\\/equateur\\\/economie\\\/#primaryimage\"},\"thumbnailUrl\":\"https:\\\/\\\/abc-latina.com\\\/wp-content\\\/uploads\\\/2010\\\/07\\\/economie.jpg\",\"datePublished\":\"2010-07-16T22:49:54+00:00\",\"dateModified\":\"2026-04-30T16:25:03+00:00\",\"description\":\"L'\u00e9conomie equatorienne: Industrie, Agriculture, services. Chiffres de l'\u00e9conomie de l'Equateur.\",\"breadcrumb\":{\"@id\":\"https:\\\/\\\/abc-latina.com\\\/equateur\\\/economie\\\/#breadcrumb\"},\"inLanguage\":\"fr-FR\",\"potentialAction\":[{\"@type\":\"ReadAction\",\"target\":[\"https:\\\/\\\/abc-latina.com\\\/equateur\\\/economie\\\/\"]}]},{\"@type\":\"ImageObject\",\"inLanguage\":\"fr-FR\",\"@id\":\"https:\\\/\\\/abc-latina.com\\\/equateur\\\/economie\\\/#primaryimage\",\"url\":\"https:\\\/\\\/abc-latina.com\\\/wp-content\\\/uploads\\\/2010\\\/07\\\/economie.jpg\",\"contentUrl\":\"https:\\\/\\\/abc-latina.com\\\/wp-content\\\/uploads\\\/2010\\\/07\\\/economie.jpg\",\"width\":220,\"height\":220,\"caption\":\"ECONOMIE EQUATORIENNE\"},{\"@type\":\"BreadcrumbList\",\"@id\":\"https:\\\/\\\/abc-latina.com\\\/equateur\\\/economie\\\/#breadcrumb\",\"itemListElement\":[{\"@type\":\"ListItem\",\"position\":1,\"name\":\"Accueil\",\"item\":\"https:\\\/\\\/abc-latina.com\\\/\"},{\"@type\":\"ListItem\",\"position\":2,\"name\":\"ECONOMIE &#8211; EQUATEUR\"}]},{\"@type\":\"WebSite\",\"@id\":\"https:\\\/\\\/abc-latina.com\\\/#website\",\"url\":\"https:\\\/\\\/abc-latina.com\\\/\",\"name\":\"Abc-latina\",\"description\":\"\",\"publisher\":{\"@id\":\"https:\\\/\\\/abc-latina.com\\\/#organization\"},\"potentialAction\":[{\"@type\":\"SearchAction\",\"target\":{\"@type\":\"EntryPoint\",\"urlTemplate\":\"https:\\\/\\\/abc-latina.com\\\/?s={search_term_string}\"},\"query-input\":{\"@type\":\"PropertyValueSpecification\",\"valueRequired\":true,\"valueName\":\"search_term_string\"}}],\"inLanguage\":\"fr-FR\"},{\"@type\":\"Organization\",\"@id\":\"https:\\\/\\\/abc-latina.com\\\/#organization\",\"name\":\"Abc-latina\",\"url\":\"https:\\\/\\\/abc-latina.com\\\/\",\"logo\":{\"@type\":\"ImageObject\",\"inLanguage\":\"fr-FR\",\"@id\":\"https:\\\/\\\/abc-latina.com\\\/#\\\/schema\\\/logo\\\/image\\\/\",\"url\":\"https:\\\/\\\/abc-latina.com\\\/wp-content\\\/uploads\\\/2026\\\/05\\\/cropped-logo.gif\",\"contentUrl\":\"https:\\\/\\\/abc-latina.com\\\/wp-content\\\/uploads\\\/2026\\\/05\\\/cropped-logo.gif\",\"width\":89,\"height\":84,\"caption\":\"Abc-latina\"},\"image\":{\"@id\":\"https:\\\/\\\/abc-latina.com\\\/#\\\/schema\\\/logo\\\/image\\\/\"}}]}<\/script>\n<!-- \/ Yoast SEO plugin. -->","yoast_head_json":{"title":"ECONOMIE - EQUATEUR - Abc-latina","description":"L'\u00e9conomie equatorienne: Industrie, Agriculture, services. Chiffres de l'\u00e9conomie de l'Equateur.","robots":{"index":"index","follow":"follow","max-snippet":"max-snippet:-1","max-image-preview":"max-image-preview:large","max-video-preview":"max-video-preview:-1"},"canonical":"https:\/\/abc-latina.com\/equateur\/economie\/","og_locale":"fr_FR","og_type":"article","og_title":"ECONOMIE - EQUATEUR - Abc-latina","og_description":"L'\u00e9conomie equatorienne: Industrie, Agriculture, services. Chiffres de l'\u00e9conomie de l'Equateur.","og_url":"https:\/\/abc-latina.com\/equateur\/economie\/","og_site_name":"Abc-latina","article_modified_time":"2026-04-30T16:25:03+00:00","og_image":[{"width":220,"height":220,"url":"https:\/\/abc-latina.com\/wp-content\/uploads\/2010\/07\/economie.jpg","type":"image\/jpeg"}],"twitter_card":"summary_large_image","twitter_misc":{"Dur\u00e9e de lecture estim\u00e9e":"3 minutes"},"schema":{"@context":"https:\/\/schema.org","@graph":[{"@type":"WebPage","@id":"https:\/\/abc-latina.com\/equateur\/economie\/","url":"https:\/\/abc-latina.com\/equateur\/economie\/","name":"ECONOMIE - EQUATEUR - Abc-latina","isPartOf":{"@id":"https:\/\/abc-latina.com\/#website"},"primaryImageOfPage":{"@id":"https:\/\/abc-latina.com\/equateur\/economie\/#primaryimage"},"image":{"@id":"https:\/\/abc-latina.com\/equateur\/economie\/#primaryimage"},"thumbnailUrl":"https:\/\/abc-latina.com\/wp-content\/uploads\/2010\/07\/economie.jpg","datePublished":"2010-07-16T22:49:54+00:00","dateModified":"2026-04-30T16:25:03+00:00","description":"L'\u00e9conomie equatorienne: Industrie, Agriculture, services. Chiffres de l'\u00e9conomie de l'Equateur.","breadcrumb":{"@id":"https:\/\/abc-latina.com\/equateur\/economie\/#breadcrumb"},"inLanguage":"fr-FR","potentialAction":[{"@type":"ReadAction","target":["https:\/\/abc-latina.com\/equateur\/economie\/"]}]},{"@type":"ImageObject","inLanguage":"fr-FR","@id":"https:\/\/abc-latina.com\/equateur\/economie\/#primaryimage","url":"https:\/\/abc-latina.com\/wp-content\/uploads\/2010\/07\/economie.jpg","contentUrl":"https:\/\/abc-latina.com\/wp-content\/uploads\/2010\/07\/economie.jpg","width":220,"height":220,"caption":"ECONOMIE EQUATORIENNE"},{"@type":"BreadcrumbList","@id":"https:\/\/abc-latina.com\/equateur\/economie\/#breadcrumb","itemListElement":[{"@type":"ListItem","position":1,"name":"Accueil","item":"https:\/\/abc-latina.com\/"},{"@type":"ListItem","position":2,"name":"ECONOMIE &#8211; EQUATEUR"}]},{"@type":"WebSite","@id":"https:\/\/abc-latina.com\/#website","url":"https:\/\/abc-latina.com\/","name":"Abc-latina","description":"","publisher":{"@id":"https:\/\/abc-latina.com\/#organization"},"potentialAction":[{"@type":"SearchAction","target":{"@type":"EntryPoint","urlTemplate":"https:\/\/abc-latina.com\/?s={search_term_string}"},"query-input":{"@type":"PropertyValueSpecification","valueRequired":true,"valueName":"search_term_string"}}],"inLanguage":"fr-FR"},{"@type":"Organization","@id":"https:\/\/abc-latina.com\/#organization","name":"Abc-latina","url":"https:\/\/abc-latina.com\/","logo":{"@type":"ImageObject","inLanguage":"fr-FR","@id":"https:\/\/abc-latina.com\/#\/schema\/logo\/image\/","url":"https:\/\/abc-latina.com\/wp-content\/uploads\/2026\/05\/cropped-logo.gif","contentUrl":"https:\/\/abc-latina.com\/wp-content\/uploads\/2026\/05\/cropped-logo.gif","width":89,"height":84,"caption":"Abc-latina"},"image":{"@id":"https:\/\/abc-latina.com\/#\/schema\/logo\/image\/"}}]}},"_links":{"self":[{"href":"https:\/\/abc-latina.com\/wp-json\/wp\/v2\/pages\/1388","targetHints":{"allow":["GET"]}}],"collection":[{"href":"https:\/\/abc-latina.com\/wp-json\/wp\/v2\/pages"}],"about":[{"href":"https:\/\/abc-latina.com\/wp-json\/wp\/v2\/types\/page"}],"author":[{"embeddable":true,"href":"https:\/\/abc-latina.com\/wp-json\/wp\/v2\/users\/3"}],"replies":[{"embeddable":true,"href":"https:\/\/abc-latina.com\/wp-json\/wp\/v2\/comments?post=1388"}],"version-history":[{"count":1,"href":"https:\/\/abc-latina.com\/wp-json\/wp\/v2\/pages\/1388\/revisions"}],"predecessor-version":[{"id":3442,"href":"https:\/\/abc-latina.com\/wp-json\/wp\/v2\/pages\/1388\/revisions\/3442"}],"up":[{"embeddable":true,"href":"https:\/\/abc-latina.com\/wp-json\/wp\/v2\/pages\/2303"}],"wp:featuredmedia":[{"embeddable":true,"href":"https:\/\/abc-latina.com\/wp-json\/wp\/v2\/media\/1387"}],"wp:attachment":[{"href":"https:\/\/abc-latina.com\/wp-json\/wp\/v2\/media?parent=1388"}],"curies":[{"name":"wp","href":"https:\/\/api.w.org\/{rel}","templated":true}]}}