{"id":1389,"date":"2010-07-17T00:52:27","date_gmt":"2010-07-16T22:52:27","guid":{"rendered":"http:\/\/abc-latina.com\/geo-htm-9\/"},"modified":"2026-04-30T18:25:03","modified_gmt":"2026-04-30T16:25:03","slug":"geo","status":"publish","type":"page","link":"https:\/\/abc-latina.com\/equateur\/geo\/","title":{"rendered":"GEOGRAPHIE &#8211; EQUATEUR"},"content":{"rendered":"<div><a href=\"https:\/\/www.abc-latina.com\/carteam\" target=\"_blank\"><img loading=\"lazy\" decoding=\"async\" class=\" alignright size-full wp-image-1102\" src=\"http:\/\/abc-latina.com\/wp-content\/uploads\/2010\/06\/america_equateur.png\" style=\"margin: 5px; float: right;\" title=\"GEOGRAPHIE DE L'EQUATEUR\" alt=\"GEOGRAPHIE DE L'EQUATEUR\" width=\"118\" height=\"122\" \/><\/a>L&rsquo;<span class=\"tourisme-chapitre\">Equateur<\/span> se divise en trois r\u00e9gions g\u00e9ographiques tout \u00e0 fait distinctes : la Costa, la Sierra et Oriente, sans oublier les <a href=\"https:\/\/www.abc-latina.com\/equateur\/voyages\/galapagos\">\u00eeles Galapagos<\/a>. Toutes ces r\u00e9gions confondues couvrent une superficie totale de 270.670 km2.<\/div>\n<div>&nbsp;<\/div>\n<div>A l&rsquo;ouest, la basse plaine c\u00f4tiere, commun\u00e9ment appel\u00e9e &quot;la Costa&quot;, longe la cordill\u00e8re des Andes et s&rsquo;\u00e9tend en bordure de l&rsquo;oc\u00e9an Pacifique sur toute la longueur de pays, couvrant une superficie de 70.000 km2 de paysage changeants et de v\u00e9getations diverses compte tenu des fluctuations climatiques. La largeur de cette plaine c\u00f4ti\u00e8re varie de 30 km \u00e0 200 km.<\/div>\n<div>&nbsp;<\/div>\n<div>Comportant deux cha\u00eenes de montagnes parall\u00e8les (cordilli\u00e8re Occidentales et cordill\u00e8re Royale) qui traversent le pays du nord au sud, la Sierra regroupe environ 60% de la population \u00e9quatorienne et est jalonn\u00e9e de plus de 30 volcans fort impressionnants qui culminent \u00e0 plus de 5.000m, notamment le Cotopaxi (5.578m), le Chimborazo (6.300m). Ces volcans sont entour\u00e9s de nombreux autres sommets de moindre importance et forment un massif volcanique connu sous le nom d&rsquo;avenue des volcans.&nbsp;<\/div>\n<div>&nbsp;<\/div>\n<div>La r\u00e9gion de l&rsquo;Oriente, situ\u00e9e \u00e0 l&rsquo;Est de la cordilll\u00e8re Royale, fait partie du bassin Amazonien. Bien que cette r\u00e9gion occupe plus de la moiti\u00e9 du territoire \u00e9quatorien, celle-ci compte moins de 10% de la population totale du pays. De petits villages sont reli\u00e9s entre eux par un vaste r\u00e9seau fluvial o\u00f9 de petites embarcations naviguent ais\u00e9ment. Touefois, la d\u00e9couverte de p\u00e9trole \u00e0 Lago Agr\u00edo en 1967 a n\u00e9cessit\u00e9 la construction d&rsquo;une route qui traverse la Sierra jusqu&rsquo;\u00e0 Quito.<\/div>\n<div>&nbsp;<\/div>\n<div>Rendu c\u00e9l\u00e9bre par les recherches du biologiste britannique Charles Darwin, l&rsquo;archipel des Gal\u00e1pagos baigne dans les eaux de l&rsquo;oc\u00e9an Pacifique \u00e0 quelque 1.000 km \u00e0 l&rsquo;Ouest des c\u00f4tes Equatoriennes, et se compose de 15 \u00eeles et de 40 \u00eelots d&rsquo;origine volcanique abritant de nobreuses esp\u00e8ces animales et v\u00e9g\u00e9tales fort int\u00e8ressantes et fascinantes, plusieurs d&rsquo;entre elles \u00e9tant uniques au monde.<\/div>\n<div>&nbsp;<\/div>\n<h3>G\u00e9ographie de l&rsquo;Equateur: Chiffres<\/h3>\n<div><span class=\"geo-info2\">Capitale:<\/span> Quito&nbsp;<\/div>\n<div><span class=\"geo-info2\">Superficie:<\/span> 283 561 km&sup2;<\/div>\n<div>2 fois plus petit que la France<\/div>\n<div>35 fois plus petit que le Canada.<\/div>\n<div>mais 7 fois la Suisse<\/div>\n<div>et 9 fois la Belgique&nbsp;<\/div>\n<div><span class=\"geo-info2\">Population:<\/span> 12,2 millions&nbsp;<\/div>\n<div>Urbaine \u00e0&nbsp;<\/div>\n<div>Rurale \u00e0&nbsp;<\/div>\n<div>Densit\u00e9 44,8 hab\/km&sup2;<\/div>\n<div>provinces<\/div>\n<div>Indice de f\u00e9condit\u00e9:&nbsp;<\/div>\n<div>Esp\u00e9rance de vie:&nbsp;<\/div>\n<div>Taux d&rsquo;alphab\u00e9tisation:&nbsp;<\/div>\n<div><span class=\"geo-info2\">Langue:<\/span> Espagnol<\/div>\n<p>&nbsp;<\/p>\n","protected":false},"excerpt":{"rendered":"<p>L&rsquo;Equateur se divise en trois r\u00e9gions g\u00e9ographiques tout \u00e0 fait distinctes : la Costa, la Sierra et Oriente, sans oublier [&hellip;]<\/p>\n","protected":false},"author":3,"featured_media":1102,"parent":2303,"menu_order":0,"comment_status":"closed","ping_status":"closed","template":"","meta":{"site-sidebar-layout":"default","site-content-layout":"","ast-site-content-layout":"default","site-content-style":"default","site-sidebar-style":"default","ast-global-header-display":"","ast-banner-title-visibility":"","ast-main-header-display":"","ast-hfb-above-header-display":"","ast-hfb-below-header-display":"","ast-hfb-mobile-header-display":"","site-post-title":"","ast-breadcrumbs-content":"","ast-featured-img":"","footer-sml-layout":"","ast-disable-related-posts":"","theme-transparent-header-meta":"","adv-header-id-meta":"","stick-header-meta":"","header-above-stick-meta":"","header-main-stick-meta":"","header-below-stick-meta":"","astra-migrate-meta-layouts":"default","ast-page-background-enabled":"default","ast-page-background-meta":{"desktop":{"background-color":"var(--ast-global-color-5)","background-image":"","background-repeat":"repeat","background-position":"center center","background-size":"auto","background-attachment":"scroll","background-type":"","background-media":"","overlay-type":"","overlay-color":"","overlay-opacity":"","overlay-gradient":""},"tablet":{"background-color":"","background-image":"","background-repeat":"repeat","background-position":"center center","background-size":"auto","background-attachment":"scroll","background-type":"","background-media":"","overlay-type":"","overlay-color":"","overlay-opacity":"","overlay-gradient":""},"mobile":{"background-color":"","background-image":"","background-repeat":"repeat","background-position":"center center","background-size":"auto","background-attachment":"scroll","background-type":"","background-media":"","overlay-type":"","overlay-color":"","overlay-opacity":"","overlay-gradient":""}},"ast-content-background-meta":{"desktop":{"background-color":"var(--ast-global-color-4)","background-image":"","background-repeat":"repeat","background-position":"center center","background-size":"auto","background-attachment":"scroll","background-type":"","background-media":"","overlay-type":"","overlay-color":"","overlay-opacity":"","overlay-gradient":""},"tablet":{"background-color":"var(--ast-global-color-4)","background-image":"","background-repeat":"repeat","background-position":"center center","background-size":"auto","background-attachment":"scroll","background-type":"","background-media":"","overlay-type":"","overlay-color":"","overlay-opacity":"","overlay-gradient":""},"mobile":{"background-color":"var(--ast-global-color-4)","background-image":"","background-repeat":"repeat","background-position":"center center","background-size":"auto","background-attachment":"scroll","background-type":"","background-media":"","overlay-type":"","overlay-color":"","overlay-opacity":"","overlay-gradient":""}},"footnotes":""},"class_list":["post-1389","page","type-page","status-publish","has-post-thumbnail","hentry"],"yoast_head":"<!-- This site is optimized with the Yoast SEO plugin v27.5 - https:\/\/yoast.com\/product\/yoast-seo-wordpress\/ -->\n<title>GEOGRAPHIE - EQUATEUR - Abc-latina<\/title>\n<meta name=\"description\" content=\"La g\u00e9ographie de l&#039;Equateur. Donn\u00e9es de la g\u00e9ographie equatorienne.\" \/>\n<meta name=\"robots\" content=\"index, follow, max-snippet:-1, max-image-preview:large, max-video-preview:-1\" \/>\n<link rel=\"canonical\" href=\"https:\/\/abc-latina.com\/equateur\/geo\/\" \/>\n<meta property=\"og:locale\" content=\"fr_FR\" \/>\n<meta property=\"og:type\" content=\"article\" \/>\n<meta property=\"og:title\" content=\"GEOGRAPHIE - EQUATEUR - Abc-latina\" \/>\n<meta property=\"og:description\" content=\"La g\u00e9ographie de l&#039;Equateur. Donn\u00e9es de la g\u00e9ographie equatorienne.\" \/>\n<meta property=\"og:url\" content=\"https:\/\/abc-latina.com\/equateur\/geo\/\" \/>\n<meta property=\"og:site_name\" content=\"Abc-latina\" \/>\n<meta property=\"article:modified_time\" content=\"2026-04-30T16:25:03+00:00\" \/>\n<meta property=\"og:image\" content=\"https:\/\/abc-latina.com\/wp-content\/uploads\/2010\/06\/america_equateur.png\" \/>\n\t<meta property=\"og:image:width\" content=\"118\" \/>\n\t<meta property=\"og:image:height\" content=\"122\" \/>\n\t<meta property=\"og:image:type\" content=\"image\/png\" \/>\n<meta name=\"twitter:card\" content=\"summary_large_image\" \/>\n<meta name=\"twitter:label1\" content=\"Dur\u00e9e de lecture estim\u00e9e\" \/>\n\t<meta name=\"twitter:data1\" content=\"2 minutes\" \/>\n<script type=\"application\/ld+json\" class=\"yoast-schema-graph\">{\"@context\":\"https:\\\/\\\/schema.org\",\"@graph\":[{\"@type\":\"WebPage\",\"@id\":\"https:\\\/\\\/abc-latina.com\\\/equateur\\\/geo\\\/\",\"url\":\"https:\\\/\\\/abc-latina.com\\\/equateur\\\/geo\\\/\",\"name\":\"GEOGRAPHIE - EQUATEUR - Abc-latina\",\"isPartOf\":{\"@id\":\"https:\\\/\\\/abc-latina.com\\\/#website\"},\"primaryImageOfPage\":{\"@id\":\"https:\\\/\\\/abc-latina.com\\\/equateur\\\/geo\\\/#primaryimage\"},\"image\":{\"@id\":\"https:\\\/\\\/abc-latina.com\\\/equateur\\\/geo\\\/#primaryimage\"},\"thumbnailUrl\":\"https:\\\/\\\/abc-latina.com\\\/wp-content\\\/uploads\\\/2010\\\/06\\\/america_equateur.png\",\"datePublished\":\"2010-07-16T22:52:27+00:00\",\"dateModified\":\"2026-04-30T16:25:03+00:00\",\"description\":\"La g\u00e9ographie de l'Equateur. Donn\u00e9es de la g\u00e9ographie equatorienne.\",\"breadcrumb\":{\"@id\":\"https:\\\/\\\/abc-latina.com\\\/equateur\\\/geo\\\/#breadcrumb\"},\"inLanguage\":\"fr-FR\",\"potentialAction\":[{\"@type\":\"ReadAction\",\"target\":[\"https:\\\/\\\/abc-latina.com\\\/equateur\\\/geo\\\/\"]}]},{\"@type\":\"ImageObject\",\"inLanguage\":\"fr-FR\",\"@id\":\"https:\\\/\\\/abc-latina.com\\\/equateur\\\/geo\\\/#primaryimage\",\"url\":\"https:\\\/\\\/abc-latina.com\\\/wp-content\\\/uploads\\\/2010\\\/06\\\/america_equateur.png\",\"contentUrl\":\"https:\\\/\\\/abc-latina.com\\\/wp-content\\\/uploads\\\/2010\\\/06\\\/america_equateur.png\",\"width\":118,\"height\":122},{\"@type\":\"BreadcrumbList\",\"@id\":\"https:\\\/\\\/abc-latina.com\\\/equateur\\\/geo\\\/#breadcrumb\",\"itemListElement\":[{\"@type\":\"ListItem\",\"position\":1,\"name\":\"Accueil\",\"item\":\"https:\\\/\\\/abc-latina.com\\\/\"},{\"@type\":\"ListItem\",\"position\":2,\"name\":\"GEOGRAPHIE &#8211; EQUATEUR\"}]},{\"@type\":\"WebSite\",\"@id\":\"https:\\\/\\\/abc-latina.com\\\/#website\",\"url\":\"https:\\\/\\\/abc-latina.com\\\/\",\"name\":\"Abc-latina\",\"description\":\"\",\"publisher\":{\"@id\":\"https:\\\/\\\/abc-latina.com\\\/#organization\"},\"potentialAction\":[{\"@type\":\"SearchAction\",\"target\":{\"@type\":\"EntryPoint\",\"urlTemplate\":\"https:\\\/\\\/abc-latina.com\\\/?s={search_term_string}\"},\"query-input\":{\"@type\":\"PropertyValueSpecification\",\"valueRequired\":true,\"valueName\":\"search_term_string\"}}],\"inLanguage\":\"fr-FR\"},{\"@type\":\"Organization\",\"@id\":\"https:\\\/\\\/abc-latina.com\\\/#organization\",\"name\":\"Abc-latina\",\"url\":\"https:\\\/\\\/abc-latina.com\\\/\",\"logo\":{\"@type\":\"ImageObject\",\"inLanguage\":\"fr-FR\",\"@id\":\"https:\\\/\\\/abc-latina.com\\\/#\\\/schema\\\/logo\\\/image\\\/\",\"url\":\"https:\\\/\\\/abc-latina.com\\\/wp-content\\\/uploads\\\/2026\\\/05\\\/cropped-logo.gif\",\"contentUrl\":\"https:\\\/\\\/abc-latina.com\\\/wp-content\\\/uploads\\\/2026\\\/05\\\/cropped-logo.gif\",\"width\":89,\"height\":84,\"caption\":\"Abc-latina\"},\"image\":{\"@id\":\"https:\\\/\\\/abc-latina.com\\\/#\\\/schema\\\/logo\\\/image\\\/\"}}]}<\/script>\n<!-- \/ Yoast SEO plugin. -->","yoast_head_json":{"title":"GEOGRAPHIE - EQUATEUR - Abc-latina","description":"La g\u00e9ographie de l'Equateur. Donn\u00e9es de la g\u00e9ographie equatorienne.","robots":{"index":"index","follow":"follow","max-snippet":"max-snippet:-1","max-image-preview":"max-image-preview:large","max-video-preview":"max-video-preview:-1"},"canonical":"https:\/\/abc-latina.com\/equateur\/geo\/","og_locale":"fr_FR","og_type":"article","og_title":"GEOGRAPHIE - EQUATEUR - Abc-latina","og_description":"La g\u00e9ographie de l'Equateur. Donn\u00e9es de la g\u00e9ographie equatorienne.","og_url":"https:\/\/abc-latina.com\/equateur\/geo\/","og_site_name":"Abc-latina","article_modified_time":"2026-04-30T16:25:03+00:00","og_image":[{"width":118,"height":122,"url":"https:\/\/abc-latina.com\/wp-content\/uploads\/2010\/06\/america_equateur.png","type":"image\/png"}],"twitter_card":"summary_large_image","twitter_misc":{"Dur\u00e9e de lecture estim\u00e9e":"2 minutes"},"schema":{"@context":"https:\/\/schema.org","@graph":[{"@type":"WebPage","@id":"https:\/\/abc-latina.com\/equateur\/geo\/","url":"https:\/\/abc-latina.com\/equateur\/geo\/","name":"GEOGRAPHIE - EQUATEUR - Abc-latina","isPartOf":{"@id":"https:\/\/abc-latina.com\/#website"},"primaryImageOfPage":{"@id":"https:\/\/abc-latina.com\/equateur\/geo\/#primaryimage"},"image":{"@id":"https:\/\/abc-latina.com\/equateur\/geo\/#primaryimage"},"thumbnailUrl":"https:\/\/abc-latina.com\/wp-content\/uploads\/2010\/06\/america_equateur.png","datePublished":"2010-07-16T22:52:27+00:00","dateModified":"2026-04-30T16:25:03+00:00","description":"La g\u00e9ographie de l'Equateur. Donn\u00e9es de la g\u00e9ographie equatorienne.","breadcrumb":{"@id":"https:\/\/abc-latina.com\/equateur\/geo\/#breadcrumb"},"inLanguage":"fr-FR","potentialAction":[{"@type":"ReadAction","target":["https:\/\/abc-latina.com\/equateur\/geo\/"]}]},{"@type":"ImageObject","inLanguage":"fr-FR","@id":"https:\/\/abc-latina.com\/equateur\/geo\/#primaryimage","url":"https:\/\/abc-latina.com\/wp-content\/uploads\/2010\/06\/america_equateur.png","contentUrl":"https:\/\/abc-latina.com\/wp-content\/uploads\/2010\/06\/america_equateur.png","width":118,"height":122},{"@type":"BreadcrumbList","@id":"https:\/\/abc-latina.com\/equateur\/geo\/#breadcrumb","itemListElement":[{"@type":"ListItem","position":1,"name":"Accueil","item":"https:\/\/abc-latina.com\/"},{"@type":"ListItem","position":2,"name":"GEOGRAPHIE &#8211; EQUATEUR"}]},{"@type":"WebSite","@id":"https:\/\/abc-latina.com\/#website","url":"https:\/\/abc-latina.com\/","name":"Abc-latina","description":"","publisher":{"@id":"https:\/\/abc-latina.com\/#organization"},"potentialAction":[{"@type":"SearchAction","target":{"@type":"EntryPoint","urlTemplate":"https:\/\/abc-latina.com\/?s={search_term_string}"},"query-input":{"@type":"PropertyValueSpecification","valueRequired":true,"valueName":"search_term_string"}}],"inLanguage":"fr-FR"},{"@type":"Organization","@id":"https:\/\/abc-latina.com\/#organization","name":"Abc-latina","url":"https:\/\/abc-latina.com\/","logo":{"@type":"ImageObject","inLanguage":"fr-FR","@id":"https:\/\/abc-latina.com\/#\/schema\/logo\/image\/","url":"https:\/\/abc-latina.com\/wp-content\/uploads\/2026\/05\/cropped-logo.gif","contentUrl":"https:\/\/abc-latina.com\/wp-content\/uploads\/2026\/05\/cropped-logo.gif","width":89,"height":84,"caption":"Abc-latina"},"image":{"@id":"https:\/\/abc-latina.com\/#\/schema\/logo\/image\/"}}]}},"_links":{"self":[{"href":"https:\/\/abc-latina.com\/wp-json\/wp\/v2\/pages\/1389","targetHints":{"allow":["GET"]}}],"collection":[{"href":"https:\/\/abc-latina.com\/wp-json\/wp\/v2\/pages"}],"about":[{"href":"https:\/\/abc-latina.com\/wp-json\/wp\/v2\/types\/page"}],"author":[{"embeddable":true,"href":"https:\/\/abc-latina.com\/wp-json\/wp\/v2\/users\/3"}],"replies":[{"embeddable":true,"href":"https:\/\/abc-latina.com\/wp-json\/wp\/v2\/comments?post=1389"}],"version-history":[{"count":1,"href":"https:\/\/abc-latina.com\/wp-json\/wp\/v2\/pages\/1389\/revisions"}],"predecessor-version":[{"id":3443,"href":"https:\/\/abc-latina.com\/wp-json\/wp\/v2\/pages\/1389\/revisions\/3443"}],"up":[{"embeddable":true,"href":"https:\/\/abc-latina.com\/wp-json\/wp\/v2\/pages\/2303"}],"wp:featuredmedia":[{"embeddable":true,"href":"https:\/\/abc-latina.com\/wp-json\/wp\/v2\/media\/1102"}],"wp:attachment":[{"href":"https:\/\/abc-latina.com\/wp-json\/wp\/v2\/media?parent=1389"}],"curies":[{"name":"wp","href":"https:\/\/api.w.org\/{rel}","templated":true}]}}