{"id":1390,"date":"2010-07-17T00:55:28","date_gmt":"2010-07-16T22:55:28","guid":{"rendered":"http:\/\/abc-latina.com\/histoire-htm-10\/"},"modified":"2026-04-30T18:25:03","modified_gmt":"2026-04-30T16:25:03","slug":"histoire","status":"publish","type":"page","link":"https:\/\/abc-latina.com\/equateur\/histoire\/","title":{"rendered":"HISTOIRE &#8211; EQUATEUR"},"content":{"rendered":"<h2 style=\"text-align: center;\">Les principales dates de l&rsquo;histoire \u00e9quatorienne<\/h2>\n<ul>\n<li>\n<ul>\n<li><span class=\"histoire-date\">Fin 14\u00e9me si\u00e8cle<\/span><br \/> Les <a href=\"https:\/\/www.abc-latina.com\/civilisations\/Inca\" target=\"_blank\">Incas<\/a> \u00e9tendent leur empire \u00e0 l&rsquo;actuel territoire Equatorien.<\/li>\n<li><span class=\"histoire-date\">1530<\/span><br \/> Le conquistador <a href=\"https:\/\/www.abc-latina.com\/personnalites\/francisco_pizarro\" target=\"_blank\">Francisco Pizarro<\/a> arrive au nord du P\u00e9rou \u00e0 Tumbes.<\/li>\n<li><span class=\"histoire-date\">1532<\/span><br \/> A Cajamarca (P\u00e9rou) Pizarro et ses hommes tendent un pi\u00e8ge \u00e0 Atahualpa (le chef de l&#8217;empire Inca) et le font prisonnier.<\/li>\n<li><span class=\"histoire-date\">1533 <\/span><br \/> Atahualpa est assassin\u00e9.<\/li>\n<li><span class=\"histoire-date\">1534<\/span><br \/> Sebasti\u00e1n Benalc\u00e1zar fonde la ville de <a href=\"https:\/\/www.abc-latina.com\/equateur\/voyages\/quito\">Quito<\/a>.<\/li>\n<li><span class=\"histoire-date\">1563<\/span> &nbsp;<br \/> Cr\u00e9ation de l&rsquo;Audiencia Real de Quito (juridiction territoriale et judiciaire), plac\u00e9e sous la tutelle de la couronne d&rsquo;Espagne.<\/li>\n<li><span class=\"histoire-date\">1736<\/span> &nbsp;<br \/> Le g\u00e9od\u00e9sien Fran\u00e7ais Charles Marie de La Condamine arrive en Equateur.<\/li>\n<li><span class=\"histoire-date\">1812 &nbsp;<\/span><br \/> Premi\u00e8re constitution du pays. Elle ne sera jamais appliqu\u00e9e.<\/li>\n<li><span class=\"histoire-date\">1822<\/span><br \/> Le 24 mai, le g\u00e9n\u00e9ral Sucre remporte la bataille du Pichincha sur les Espagnols. Sous l&rsquo;impulsion du g\u00e9n\u00e9ral <a href=\"https:\/\/www.abc-latina.com\/personnalites\/simon_bolivar\" target=\"_blank\">Sim\u00f3n Bol\u00edvar<\/a>, l&rsquo;Audiencia Real de Quito s&rsquo;unit au Venezuela, au Panam\u00e1 et \u00e0 la Colombie pour former la r\u00e9publique de la Grande-Colombie.<\/li>\n<li><span class=\"histoire-date\">1830<\/span><br \/> L&rsquo;Audiencia Real de Quito proclame son ind\u00e9pendance et adopte le nom d&rsquo;Equateur; le g\u00e9n\u00e9ral Juan Jos\u00e9 Flores en devient le premier pr\u00e9sident.&nbsp;<\/li>\n<li><span class=\"histoire-date\">1832 <\/span><br \/> L&rsquo; <a href=\"https:\/\/www.abc-latina.com\/equateur\/voyages\/galapagos\">archipel des Galapagos<\/a> s&rsquo;ajoute au territoire de l&rsquo;Equateur.<\/li>\n<li><span class=\"histoire-date\">1852 <\/span><br \/> Abolition de l&rsquo;esclavage.<\/li>\n<li><span class=\"histoire-date\">1860<\/span><br \/> Gabriel Garc\u00eda Moreno acc\u00e8de au pouvoir en Equateur.<\/li>\n<li><span class=\"histoire-date\">1875<\/span><br \/> Gabriel Garc\u00eda Moreno est assassin\u00e9.&nbsp;<\/li>\n<li><span class=\"histoire-date\">1897<\/span><br \/> Eloy Alfaro acc\u00e8de \u00e0 son tour \u00e0 la pr\u00e9sidence du pays.<\/li>\n<li><span class=\"histoire-date\">1908 <\/span><br \/> Inauguration du chemin de fer entre Quito et Guayaquil.<\/li>\n<li><span class=\"histoire-date\">1912 <\/span><br \/> Eloy Alfaro est assassin\u00e9.&nbsp;<\/li>\n<li><span class=\"histoire-date\">1941<\/span><br \/> L&rsquo;Arm\u00e9e P\u00e9ruvienne envahit le sud de l&rsquo;Equateur.&nbsp;<\/li>\n<li><span class=\"histoire-date\">1942 <\/span><br \/> A la suite du protocole de Rio de Janeiro, l&rsquo;Equateur perd une importante partie de son territoire au profit du P\u00e9rou.&nbsp;<\/li>\n<li><span class=\"histoire-date\">1945 <\/span><br \/> L&rsquo;Equateur devient menbre de l&rsquo;ONU.&nbsp;<\/li>\n<li><span class=\"histoire-date\">1967 <\/span><br \/> D\u00e9couverte de p\u00e9trole \u00e0 Lago Agr\u00edo, en <a href=\"https:\/\/www.abc-latina.com\/equateur\/voyages\/amazonie\">Amazonie<\/a>.&nbsp;<\/li>\n<li><span class=\"histoire-date\">1969 <\/span><br \/> L&rsquo;Equateur int\u00e8gre le Pacte Andin. Les autres membres sont la <a href=\"https:\/\/www.abc-latina.com\/colombie\/\" target=\"_blank\">Colombie<\/a>, le <a href=\"https:\/\/www.abc-latina.com\/chili\/\" target=\"_blank\">Chili<\/a> et le <a href=\"https:\/\/www.abc-latina.com\/perou\/\" target=\"_blank\">P\u00e9rou<\/a>. Cette association favorise le libre-\u00e9change entre ces pays.&nbsp;<\/li>\n<li><span class=\"histoire-date\">1987<\/span><br \/> Important s\u00e9isme qui ravage la r\u00e9gion de quito et endommage certains monuments de son centre historique.&nbsp;<\/li>\n<li><span class=\"histoire-date\">1990<\/span><br \/> En juin, soul\u00e8vement de plusieurs populations Am\u00e9rindiennes \u00e0 travers le pays en rapport avec les revendications territoriales et traditionnelles de ces peuples.<\/li>\n<li><span class=\"histoire-date\">1994<\/span><br \/> En juin, nouveau soul\u00e8vement g\u00e9n\u00e9ral des Am\u00e9rindiens \u00e0 travers le pays.<\/li>\n<li><span class=\"histoire-date\">1995<\/span><br \/> D\u00e9but janvier, friction \u00e0 la fronti\u00e8re P\u00e9rivienne.<\/li>\n<li><span class=\"histoire-date\">1998 <\/span><br \/> Les pluies diluviennes d&rsquo;El Ni\u00f1o provoquent des dommages consid\u00e9rables sur la c\u00f4te.<\/li>\n<li><span class=\"histoire-date\">1998<\/span><br \/> Le 26 Octobre, un accord de paix est sign\u00e9 avec le P\u00e9rou mettant fin au conflit frontalier qui perdure depuis 1941.<\/li>\n<li><span class=\"histoire-date\">2000<\/span><br \/> Le sucre est remplac\u00e9 par le dollar Am\u00e9ricain avec un taux de change bloqu\u00e9 \u00e0 25.000 sucres pour un dollar US.&nbsp;<\/li>\n<li><span class=\"histoire-date\">2006<\/span><br \/> <a href=\"https:\/\/www.abc-latina.com\/personnalites\/rafael_correa\" target=\"_blank\">Rafael Correa<\/a> remporte les \u00e9lections pr\u00e9sidentielles avec 56,8 % des voix et devient 56e pr\u00e9sident de la R\u00e9publique d&rsquo;\u00c9quateur.&nbsp;<\/li>\n<\/ul>\n<div>Source: Guide Ulysse Equateur &#8211; Auteur Alain Legault&nbsp;<\/div>\n<\/li>\n<\/ul>\n","protected":false},"excerpt":{"rendered":"<p>Les principales dates de l&rsquo;histoire \u00e9quatorienne Fin 14\u00e9me si\u00e8cle Les Incas \u00e9tendent leur empire \u00e0 l&rsquo;actuel territoire Equatorien. 1530 Le [&hellip;]<\/p>\n","protected":false},"author":3,"featured_media":0,"parent":2303,"menu_order":0,"comment_status":"closed","ping_status":"closed","template":"","meta":{"site-sidebar-layout":"default","site-content-layout":"","ast-site-content-layout":"default","site-content-style":"default","site-sidebar-style":"default","ast-global-header-display":"","ast-banner-title-visibility":"","ast-main-header-display":"","ast-hfb-above-header-display":"","ast-hfb-below-header-display":"","ast-hfb-mobile-header-display":"","site-post-title":"","ast-breadcrumbs-content":"","ast-featured-img":"","footer-sml-layout":"","ast-disable-related-posts":"","theme-transparent-header-meta":"","adv-header-id-meta":"","stick-header-meta":"","header-above-stick-meta":"","header-main-stick-meta":"","header-below-stick-meta":"","astra-migrate-meta-layouts":"default","ast-page-background-enabled":"default","ast-page-background-meta":{"desktop":{"background-color":"var(--ast-global-color-5)","background-image":"","background-repeat":"repeat","background-position":"center center","background-size":"auto","background-attachment":"scroll","background-type":"","background-media":"","overlay-type":"","overlay-color":"","overlay-opacity":"","overlay-gradient":""},"tablet":{"background-color":"","background-image":"","background-repeat":"repeat","background-position":"center center","background-size":"auto","background-attachment":"scroll","background-type":"","background-media":"","overlay-type":"","overlay-color":"","overlay-opacity":"","overlay-gradient":""},"mobile":{"background-color":"","background-image":"","background-repeat":"repeat","background-position":"center center","background-size":"auto","background-attachment":"scroll","background-type":"","background-media":"","overlay-type":"","overlay-color":"","overlay-opacity":"","overlay-gradient":""}},"ast-content-background-meta":{"desktop":{"background-color":"var(--ast-global-color-4)","background-image":"","background-repeat":"repeat","background-position":"center center","background-size":"auto","background-attachment":"scroll","background-type":"","background-media":"","overlay-type":"","overlay-color":"","overlay-opacity":"","overlay-gradient":""},"tablet":{"background-color":"var(--ast-global-color-4)","background-image":"","background-repeat":"repeat","background-position":"center center","background-size":"auto","background-attachment":"scroll","background-type":"","background-media":"","overlay-type":"","overlay-color":"","overlay-opacity":"","overlay-gradient":""},"mobile":{"background-color":"var(--ast-global-color-4)","background-image":"","background-repeat":"repeat","background-position":"center center","background-size":"auto","background-attachment":"scroll","background-type":"","background-media":"","overlay-type":"","overlay-color":"","overlay-opacity":"","overlay-gradient":""}},"footnotes":""},"class_list":["post-1390","page","type-page","status-publish","hentry"],"yoast_head":"<!-- This site is optimized with the Yoast SEO plugin v27.5 - https:\/\/yoast.com\/product\/yoast-seo-wordpress\/ -->\n<title>HISTOIRE - EQUATEUR - Abc-latina<\/title>\n<meta name=\"description\" content=\"Les faits historiques de l&#039;Equateur en d\u00e9tail. L&#039;histoire de l&#039;Equateur.\" \/>\n<meta name=\"robots\" content=\"index, follow, max-snippet:-1, max-image-preview:large, max-video-preview:-1\" \/>\n<link rel=\"canonical\" href=\"https:\/\/abc-latina.com\/equateur\/histoire\/\" \/>\n<meta property=\"og:locale\" content=\"fr_FR\" \/>\n<meta property=\"og:type\" content=\"article\" \/>\n<meta property=\"og:title\" content=\"HISTOIRE - EQUATEUR - Abc-latina\" \/>\n<meta property=\"og:description\" content=\"Les faits historiques de l&#039;Equateur en d\u00e9tail. L&#039;histoire de l&#039;Equateur.\" \/>\n<meta property=\"og:url\" content=\"https:\/\/abc-latina.com\/equateur\/histoire\/\" \/>\n<meta property=\"og:site_name\" content=\"Abc-latina\" \/>\n<meta property=\"article:modified_time\" content=\"2026-04-30T16:25:03+00:00\" \/>\n<meta name=\"twitter:card\" content=\"summary_large_image\" \/>\n<meta name=\"twitter:label1\" content=\"Dur\u00e9e de lecture estim\u00e9e\" \/>\n\t<meta name=\"twitter:data1\" content=\"2 minutes\" \/>\n<script type=\"application\/ld+json\" class=\"yoast-schema-graph\">{\"@context\":\"https:\\\/\\\/schema.org\",\"@graph\":[{\"@type\":\"WebPage\",\"@id\":\"https:\\\/\\\/abc-latina.com\\\/equateur\\\/histoire\\\/\",\"url\":\"https:\\\/\\\/abc-latina.com\\\/equateur\\\/histoire\\\/\",\"name\":\"HISTOIRE - EQUATEUR - Abc-latina\",\"isPartOf\":{\"@id\":\"https:\\\/\\\/abc-latina.com\\\/#website\"},\"datePublished\":\"2010-07-16T22:55:28+00:00\",\"dateModified\":\"2026-04-30T16:25:03+00:00\",\"description\":\"Les faits historiques de l'Equateur en d\u00e9tail. L'histoire de l'Equateur.\",\"breadcrumb\":{\"@id\":\"https:\\\/\\\/abc-latina.com\\\/equateur\\\/histoire\\\/#breadcrumb\"},\"inLanguage\":\"fr-FR\",\"potentialAction\":[{\"@type\":\"ReadAction\",\"target\":[\"https:\\\/\\\/abc-latina.com\\\/equateur\\\/histoire\\\/\"]}]},{\"@type\":\"BreadcrumbList\",\"@id\":\"https:\\\/\\\/abc-latina.com\\\/equateur\\\/histoire\\\/#breadcrumb\",\"itemListElement\":[{\"@type\":\"ListItem\",\"position\":1,\"name\":\"Accueil\",\"item\":\"https:\\\/\\\/abc-latina.com\\\/\"},{\"@type\":\"ListItem\",\"position\":2,\"name\":\"HISTOIRE &#8211; EQUATEUR\"}]},{\"@type\":\"WebSite\",\"@id\":\"https:\\\/\\\/abc-latina.com\\\/#website\",\"url\":\"https:\\\/\\\/abc-latina.com\\\/\",\"name\":\"Abc-latina\",\"description\":\"\",\"publisher\":{\"@id\":\"https:\\\/\\\/abc-latina.com\\\/#organization\"},\"potentialAction\":[{\"@type\":\"SearchAction\",\"target\":{\"@type\":\"EntryPoint\",\"urlTemplate\":\"https:\\\/\\\/abc-latina.com\\\/?s={search_term_string}\"},\"query-input\":{\"@type\":\"PropertyValueSpecification\",\"valueRequired\":true,\"valueName\":\"search_term_string\"}}],\"inLanguage\":\"fr-FR\"},{\"@type\":\"Organization\",\"@id\":\"https:\\\/\\\/abc-latina.com\\\/#organization\",\"name\":\"Abc-latina\",\"url\":\"https:\\\/\\\/abc-latina.com\\\/\",\"logo\":{\"@type\":\"ImageObject\",\"inLanguage\":\"fr-FR\",\"@id\":\"https:\\\/\\\/abc-latina.com\\\/#\\\/schema\\\/logo\\\/image\\\/\",\"url\":\"https:\\\/\\\/abc-latina.com\\\/wp-content\\\/uploads\\\/2026\\\/05\\\/cropped-logo.gif\",\"contentUrl\":\"https:\\\/\\\/abc-latina.com\\\/wp-content\\\/uploads\\\/2026\\\/05\\\/cropped-logo.gif\",\"width\":89,\"height\":84,\"caption\":\"Abc-latina\"},\"image\":{\"@id\":\"https:\\\/\\\/abc-latina.com\\\/#\\\/schema\\\/logo\\\/image\\\/\"}}]}<\/script>\n<!-- \/ Yoast SEO plugin. -->","yoast_head_json":{"title":"HISTOIRE - EQUATEUR - Abc-latina","description":"Les faits historiques de l'Equateur en d\u00e9tail. L'histoire de l'Equateur.","robots":{"index":"index","follow":"follow","max-snippet":"max-snippet:-1","max-image-preview":"max-image-preview:large","max-video-preview":"max-video-preview:-1"},"canonical":"https:\/\/abc-latina.com\/equateur\/histoire\/","og_locale":"fr_FR","og_type":"article","og_title":"HISTOIRE - EQUATEUR - Abc-latina","og_description":"Les faits historiques de l'Equateur en d\u00e9tail. L'histoire de l'Equateur.","og_url":"https:\/\/abc-latina.com\/equateur\/histoire\/","og_site_name":"Abc-latina","article_modified_time":"2026-04-30T16:25:03+00:00","twitter_card":"summary_large_image","twitter_misc":{"Dur\u00e9e de lecture estim\u00e9e":"2 minutes"},"schema":{"@context":"https:\/\/schema.org","@graph":[{"@type":"WebPage","@id":"https:\/\/abc-latina.com\/equateur\/histoire\/","url":"https:\/\/abc-latina.com\/equateur\/histoire\/","name":"HISTOIRE - EQUATEUR - Abc-latina","isPartOf":{"@id":"https:\/\/abc-latina.com\/#website"},"datePublished":"2010-07-16T22:55:28+00:00","dateModified":"2026-04-30T16:25:03+00:00","description":"Les faits historiques de l'Equateur en d\u00e9tail. L'histoire de l'Equateur.","breadcrumb":{"@id":"https:\/\/abc-latina.com\/equateur\/histoire\/#breadcrumb"},"inLanguage":"fr-FR","potentialAction":[{"@type":"ReadAction","target":["https:\/\/abc-latina.com\/equateur\/histoire\/"]}]},{"@type":"BreadcrumbList","@id":"https:\/\/abc-latina.com\/equateur\/histoire\/#breadcrumb","itemListElement":[{"@type":"ListItem","position":1,"name":"Accueil","item":"https:\/\/abc-latina.com\/"},{"@type":"ListItem","position":2,"name":"HISTOIRE &#8211; EQUATEUR"}]},{"@type":"WebSite","@id":"https:\/\/abc-latina.com\/#website","url":"https:\/\/abc-latina.com\/","name":"Abc-latina","description":"","publisher":{"@id":"https:\/\/abc-latina.com\/#organization"},"potentialAction":[{"@type":"SearchAction","target":{"@type":"EntryPoint","urlTemplate":"https:\/\/abc-latina.com\/?s={search_term_string}"},"query-input":{"@type":"PropertyValueSpecification","valueRequired":true,"valueName":"search_term_string"}}],"inLanguage":"fr-FR"},{"@type":"Organization","@id":"https:\/\/abc-latina.com\/#organization","name":"Abc-latina","url":"https:\/\/abc-latina.com\/","logo":{"@type":"ImageObject","inLanguage":"fr-FR","@id":"https:\/\/abc-latina.com\/#\/schema\/logo\/image\/","url":"https:\/\/abc-latina.com\/wp-content\/uploads\/2026\/05\/cropped-logo.gif","contentUrl":"https:\/\/abc-latina.com\/wp-content\/uploads\/2026\/05\/cropped-logo.gif","width":89,"height":84,"caption":"Abc-latina"},"image":{"@id":"https:\/\/abc-latina.com\/#\/schema\/logo\/image\/"}}]}},"_links":{"self":[{"href":"https:\/\/abc-latina.com\/wp-json\/wp\/v2\/pages\/1390","targetHints":{"allow":["GET"]}}],"collection":[{"href":"https:\/\/abc-latina.com\/wp-json\/wp\/v2\/pages"}],"about":[{"href":"https:\/\/abc-latina.com\/wp-json\/wp\/v2\/types\/page"}],"author":[{"embeddable":true,"href":"https:\/\/abc-latina.com\/wp-json\/wp\/v2\/users\/3"}],"replies":[{"embeddable":true,"href":"https:\/\/abc-latina.com\/wp-json\/wp\/v2\/comments?post=1390"}],"version-history":[{"count":1,"href":"https:\/\/abc-latina.com\/wp-json\/wp\/v2\/pages\/1390\/revisions"}],"predecessor-version":[{"id":3444,"href":"https:\/\/abc-latina.com\/wp-json\/wp\/v2\/pages\/1390\/revisions\/3444"}],"up":[{"embeddable":true,"href":"https:\/\/abc-latina.com\/wp-json\/wp\/v2\/pages\/2303"}],"wp:attachment":[{"href":"https:\/\/abc-latina.com\/wp-json\/wp\/v2\/media?parent=1390"}],"curies":[{"name":"wp","href":"https:\/\/api.w.org\/{rel}","templated":true}]}}