{"id":1391,"date":"2010-07-17T00:59:47","date_gmt":"2010-07-16T22:59:47","guid":{"rendered":"http:\/\/abc-latina.com\/infoprat-htm-9\/"},"modified":"2026-04-30T18:25:03","modified_gmt":"2026-04-30T16:25:03","slug":"infoprat","status":"publish","type":"page","link":"https:\/\/abc-latina.com\/equateur\/infoprat\/","title":{"rendered":"INFORMATIONS PRATIQUES"},"content":{"rendered":"<h3>PASSEPORT &#8211; VISA pour l&rsquo;Equateur&nbsp;<\/h3>\n<div>\n<div>Pas de visa pour les ressortissants Fran\u00e7ais, Belge, Suisse et Canadiens.<\/div>\n<div>Un passeport en cours de validit\u00e9 est exig\u00e9.<\/div>\n<div><a target=\"_blank\" href=\"https:\/\/www.abc-latina.com\/equateur\/ambassade\">Les adresses des ambassades equatoriennes<\/a><\/div>\n<div>L&rsquo;\u00e9quateur est r\u00e9put\u00e9 \u00eatre un pays assez tranquille, et c&rsquo;est vrai, mais les grandes villes: Quito, Esmeraldas et surtout Guayaquil sont moins s\u00fbres. Cependant, pas de parano,il suffit d&rsquo;\u00eatre vigilant et tout se passera bien.<\/div>\n<div>SECURITE: <a target=\"_blank\" href=\"http:\/\/www.diplomatie.gouv.fr\/fr\/conseils-aux-voyageurs_909\/pays_12191\/equateur_12241\/indexl\">les conseils aux voyageurs<\/a> du MINISTERE DES AFFAIRES ETRANGERES.&nbsp;<\/div>\n<h3>SANTE&nbsp;<\/h3>\n<div>Pas de vaccin obligatoire pour entrer en Equateur. Mais, il est toujours prudent de prendre des renseignements aupr\u00e8s d&rsquo;une clinique sp\u00e9cialis\u00e9e et\/ou de voir les recommandations de l&rsquo;institut Pasteur (ci-dessous).<\/div>\n<div><a target=\"_blank\" href=\"https:\/\/www.abc-latina.com\/sites\/sante\/equateur\">Les recommandations de l&rsquo;Institut Pasteur<\/a><\/div>\n<h3>CLIMAT en EQUATEUR&nbsp;<\/h3>\n<div>Le pays pr\u00e9sente une multitude de climats qui varient sur de courtes distances en fonction de l&rsquo;altitude.<\/div>\n<div>L&rsquo;ann\u00e9e est s\u00e9par\u00e9e en deux saisons:<\/div>\n<div>L&rsquo;hiver (de d\u00e9cembre \u00e0 mai) est chaud et humide.<\/div>\n<div>L&rsquo;\u00e9t\u00e9 (de juin \u00e0 novembre) est plus frais.&nbsp;<\/div>\n<div><a href=\"https:\/\/www.abc-latina.com\/equateur\/meteo\">La m\u00e9t\u00e9o<\/a><\/div>\n<h3>ARGENT&nbsp;<\/h3>\n<div>La monnaie nationale est le Sucre, elle est rattach\u00e9e depuis le 09 janvier 2000 au Dollard am\u00e9ricain.<\/div>\n<div>25.000 Sucres valent 1 Dollard US<\/div>\n<div><a target=\"_blank\" href=\"http:\/\/www.xe.com\/ucc\/fr\/\">Le change<\/a><\/div>\n<h3>DECALAGE HORAIRE &nbsp;<\/h3>\n<div>Lorsqu&rsquo;il est midi en Europe Occidentale, il est 5 h du matin en Equateur.<\/div>\n<div>Actuellement, \u00e0&nbsp;<\/div>\n<div>Quito il est:<\/div>\n<h3>TRANSPORT&nbsp;<\/h3>\n<div>En bus, en train, en avion ou m\u00eame en stop selon votre budget et la dur\u00e9e de votre s\u00e9jour.<\/div>\n<div>En bus : Pratiquement toutes les villes sont d\u00e9sservies par le reseau d&rsquo;autocar, les prix sont raisonnables.<\/div>\n<div>En Avion : Les vols int\u00e9rieurs constituent une solution pratique et relativement \u00e9conomique pour visiter le pays, except\u00e9 le vol pour les Galapagos qui est passablement plus cher.<\/div>\n<div>Les compagnies sont la <a target=\"_blank\" href=\"http:\/\/www.tame.com.ec\/\">TAME<\/a> (La plus importante), la SAETA et la SAN.<\/div>\n<div>A la sortie du pays : la taxe d&rsquo;a\u00e9roport et de 25 US$.<\/div>\n<div><a target=\"_blank\" href=\"https:\/\/www.abc-latina.com\/to\/reservation_billet_avion\">Comparez 10 millions d&rsquo;offres en moins de 20 secondes simultan\u00e9ment chez tous les voyagistes<\/a><\/div>\n<div>En train : Lents mais agr\u00e9ables et pittoresques, il n&rsquo;existe que trois liaisons r\u00e9guli\u00e8res:<\/div>\n<div>de Quito \u00e0 Cotopaxi, de Quito \u00e0 Riobamba et Riobamba \u00e0 Alausi.<\/div>\n<div>En voiture : pour louer une voiture il faut avoir plus de 25 ans, pr\u00e9senter le permis de conduire international et une carte de cr\u00e9dit.<\/div>\n<div><a target=\"_blank\" href=\"https:\/\/www.abc-latina.com\/to\/location_voiture\">Location de voitures : le meilleur prix en comparant 50 agences<\/a><\/div>\n<div>Auto-stop : Pourquoi pas &#8230; si vous avez du temps. Les gens sont aimables et aiment parler avec les \u00e9trangers, mais s&rsquo;attendent \u00e0 recevoir un peu d&rsquo;argent en retour. A \u00e9viter pour les femmes seules, quand m\u00eame &#8230;<\/div>\n<h3>JOURS FERIES &nbsp;<\/h3>\n<div><a target=\"_blank\" href=\"tour_operateur\"><img loading=\"lazy\" decoding=\"async\" class=\" size-full wp-image-41\" alt=\"\" class=\"touroperateur\" src=\"http:\/\/abc-latina.com\/wp-content\/uploads\/2010\/04\/timbre_to.gif\" width=\"125\" height=\"90\" \/><\/a>1er Janvier &#8211; Jour de l&rsquo;an&nbsp;<\/div>\n<div>11 f\u00e9vrier &#8211; Carnaval&nbsp;<\/div>\n<div>28 mars &#8211; Jeudi Saint&nbsp;<\/div>\n<div>29 Mars &#8211; Vendredi Saint&nbsp;<\/div>\n<div>01 Mai &#8211; F\u00eate du travail&nbsp;<\/div>\n<div>24 mai &nbsp;&#8211; Anniversaire de la bataille de Pichincha&nbsp;<\/div>\n<div>28 et 29 juin &#8211; F\u00eate de St Pierre et St Paul&nbsp;<\/div>\n<div>24 juillet &#8211; F\u00eate de Simon Bolivar&nbsp;<\/div>\n<div>10 ao\u00fbt &#8211; Jour de l&rsquo;ind\u00e9pendance&nbsp;<\/div>\n<div>09 octobre &#8211; Fondation de Guayaguil&nbsp;<\/div>\n<div>12 octobre &#8211; Jour de Christophe Colomb&nbsp;<\/div>\n<div>02 novembre &#8211; F\u00eate des d\u00e9funts&nbsp;<\/div>\n<div>03 novembre &#8211; Fondation de Cuenca&nbsp;<\/div>\n<div>06 D\u00e9cembre &#8211; Fondation de Quito&nbsp;<\/div>\n<div>25 D\u00e9cembre &#8211; Noel&nbsp;<\/div>\n<div>31 d\u00e9cembre &#8211; R\u00e9veillon du Nouvel AN&nbsp;<\/div>\n<h3>LANGUE&nbsp;<\/h3>\n<div>L&rsquo;espagnol est la langue officielle.<\/div>\n<h3>ACHATS&nbsp;<\/h3>\n<div>On peut marchander dans les petites boutiques et les march\u00e9s. Dans les boutiques touristiques, les prix sont fixes. La province d&rsquo;Azuay organise beaucoup de foires o\u00f9 l&rsquo;on peut acheter de l&rsquo;artisanat (Cuenca et Gualaceo). A Quito on trouve les principaux centres de manufacture et de vente d&rsquo;argent. Les achats les plus int\u00e9ressants sont le bois taill\u00e9 par les indiens, les travaux d&rsquo;artisanat en massepain, les produits textile en laine, la fa\u00efence et les articles en cuir.<\/div>\n<h3>TELEPHONE &#8211; INTERNET&nbsp;<\/h3>\n<div>Le r\u00e9seau t\u00e9l\u00e9phonique est d&rsquo;assez bonne qualit\u00e9. toutes les villes ont leur centre IETEL ou EMETEL, en g\u00e9n\u00e9ral ouvert jusqu&rsquo;\u00e0 22 heures.<\/div>\n<div>Pour Internet, de nombreux cybercaf\u00e9s proposent leurs services.<\/div>\n<div>Pour appeler de l&rsquo;Equateur vers la France: 00 + 33 + num\u00e9ro \u00e0 9 chiffres (sans le 0)<\/div>\n<div>Pour appeler de la France vers l&rsquo;Equateur: 00 + 593 + indicatif de la ville (sans le 0) + num\u00e9ro&nbsp;<\/div>\n<\/div>\n","protected":false},"excerpt":{"rendered":"<p>PASSEPORT &#8211; VISA pour l&rsquo;Equateur&nbsp; Pas de visa pour les ressortissants Fran\u00e7ais, Belge, Suisse et Canadiens. Un passeport en cours [&hellip;]<\/p>\n","protected":false},"author":3,"featured_media":41,"parent":2303,"menu_order":0,"comment_status":"closed","ping_status":"closed","template":"","meta":{"site-sidebar-layout":"default","site-content-layout":"","ast-site-content-layout":"default","site-content-style":"default","site-sidebar-style":"default","ast-global-header-display":"","ast-banner-title-visibility":"","ast-main-header-display":"","ast-hfb-above-header-display":"","ast-hfb-below-header-display":"","ast-hfb-mobile-header-display":"","site-post-title":"","ast-breadcrumbs-content":"","ast-featured-img":"","footer-sml-layout":"","ast-disable-related-posts":"","theme-transparent-header-meta":"","adv-header-id-meta":"","stick-header-meta":"","header-above-stick-meta":"","header-main-stick-meta":"","header-below-stick-meta":"","astra-migrate-meta-layouts":"default","ast-page-background-enabled":"default","ast-page-background-meta":{"desktop":{"background-color":"var(--ast-global-color-5)","background-image":"","background-repeat":"repeat","background-position":"center center","background-size":"auto","background-attachment":"scroll","background-type":"","background-media":"","overlay-type":"","overlay-color":"","overlay-opacity":"","overlay-gradient":""},"tablet":{"background-color":"","background-image":"","background-repeat":"repeat","background-position":"center center","background-size":"auto","background-attachment":"scroll","background-type":"","background-media":"","overlay-type":"","overlay-color":"","overlay-opacity":"","overlay-gradient":""},"mobile":{"background-color":"","background-image":"","background-repeat":"repeat","background-position":"center center","background-size":"auto","background-attachment":"scroll","background-type":"","background-media":"","overlay-type":"","overlay-color":"","overlay-opacity":"","overlay-gradient":""}},"ast-content-background-meta":{"desktop":{"background-color":"var(--ast-global-color-4)","background-image":"","background-repeat":"repeat","background-position":"center center","background-size":"auto","background-attachment":"scroll","background-type":"","background-media":"","overlay-type":"","overlay-color":"","overlay-opacity":"","overlay-gradient":""},"tablet":{"background-color":"var(--ast-global-color-4)","background-image":"","background-repeat":"repeat","background-position":"center center","background-size":"auto","background-attachment":"scroll","background-type":"","background-media":"","overlay-type":"","overlay-color":"","overlay-opacity":"","overlay-gradient":""},"mobile":{"background-color":"var(--ast-global-color-4)","background-image":"","background-repeat":"repeat","background-position":"center center","background-size":"auto","background-attachment":"scroll","background-type":"","background-media":"","overlay-type":"","overlay-color":"","overlay-opacity":"","overlay-gradient":""}},"footnotes":""},"class_list":["post-1391","page","type-page","status-publish","has-post-thumbnail","hentry"],"yoast_head":"<!-- This site is optimized with the Yoast SEO plugin v27.5 - https:\/\/yoast.com\/product\/yoast-seo-wordpress\/ -->\n<title>INFORMATIONS PRATIQUES - Abc-latina<\/title>\n<meta name=\"description\" content=\"Les conseils et informations pratiques avant de voyager en Equateur.\" \/>\n<meta name=\"robots\" content=\"index, follow, max-snippet:-1, max-image-preview:large, max-video-preview:-1\" \/>\n<link rel=\"canonical\" href=\"https:\/\/abc-latina.com\/equateur\/infoprat\/\" \/>\n<meta property=\"og:locale\" content=\"fr_FR\" \/>\n<meta property=\"og:type\" content=\"article\" \/>\n<meta property=\"og:title\" content=\"INFORMATIONS PRATIQUES - Abc-latina\" \/>\n<meta property=\"og:description\" content=\"Les conseils et informations pratiques avant de voyager en Equateur.\" \/>\n<meta property=\"og:url\" content=\"https:\/\/abc-latina.com\/equateur\/infoprat\/\" \/>\n<meta property=\"og:site_name\" content=\"Abc-latina\" \/>\n<meta property=\"article:modified_time\" content=\"2026-04-30T16:25:03+00:00\" \/>\n<meta property=\"og:image\" content=\"https:\/\/abc-latina.com\/wp-content\/uploads\/2010\/04\/timbre_to.gif\" \/>\n\t<meta property=\"og:image:width\" content=\"125\" \/>\n\t<meta property=\"og:image:height\" content=\"90\" \/>\n\t<meta property=\"og:image:type\" content=\"image\/gif\" \/>\n<meta name=\"twitter:card\" content=\"summary_large_image\" \/>\n<meta name=\"twitter:label1\" content=\"Dur\u00e9e de lecture estim\u00e9e\" \/>\n\t<meta name=\"twitter:data1\" content=\"3 minutes\" \/>\n<script type=\"application\/ld+json\" class=\"yoast-schema-graph\">{\"@context\":\"https:\\\/\\\/schema.org\",\"@graph\":[{\"@type\":\"WebPage\",\"@id\":\"https:\\\/\\\/abc-latina.com\\\/equateur\\\/infoprat\\\/\",\"url\":\"https:\\\/\\\/abc-latina.com\\\/equateur\\\/infoprat\\\/\",\"name\":\"INFORMATIONS PRATIQUES - Abc-latina\",\"isPartOf\":{\"@id\":\"https:\\\/\\\/abc-latina.com\\\/#website\"},\"primaryImageOfPage\":{\"@id\":\"https:\\\/\\\/abc-latina.com\\\/equateur\\\/infoprat\\\/#primaryimage\"},\"image\":{\"@id\":\"https:\\\/\\\/abc-latina.com\\\/equateur\\\/infoprat\\\/#primaryimage\"},\"thumbnailUrl\":\"https:\\\/\\\/abc-latina.com\\\/wp-content\\\/uploads\\\/2010\\\/04\\\/timbre_to.gif\",\"datePublished\":\"2010-07-16T22:59:47+00:00\",\"dateModified\":\"2026-04-30T16:25:03+00:00\",\"description\":\"Les conseils et informations pratiques avant de voyager en Equateur.\",\"breadcrumb\":{\"@id\":\"https:\\\/\\\/abc-latina.com\\\/equateur\\\/infoprat\\\/#breadcrumb\"},\"inLanguage\":\"fr-FR\",\"potentialAction\":[{\"@type\":\"ReadAction\",\"target\":[\"https:\\\/\\\/abc-latina.com\\\/equateur\\\/infoprat\\\/\"]}]},{\"@type\":\"ImageObject\",\"inLanguage\":\"fr-FR\",\"@id\":\"https:\\\/\\\/abc-latina.com\\\/equateur\\\/infoprat\\\/#primaryimage\",\"url\":\"https:\\\/\\\/abc-latina.com\\\/wp-content\\\/uploads\\\/2010\\\/04\\\/timbre_to.gif\",\"contentUrl\":\"https:\\\/\\\/abc-latina.com\\\/wp-content\\\/uploads\\\/2010\\\/04\\\/timbre_to.gif\",\"width\":125,\"height\":90},{\"@type\":\"BreadcrumbList\",\"@id\":\"https:\\\/\\\/abc-latina.com\\\/equateur\\\/infoprat\\\/#breadcrumb\",\"itemListElement\":[{\"@type\":\"ListItem\",\"position\":1,\"name\":\"Accueil\",\"item\":\"https:\\\/\\\/abc-latina.com\\\/\"},{\"@type\":\"ListItem\",\"position\":2,\"name\":\"INFORMATIONS PRATIQUES\"}]},{\"@type\":\"WebSite\",\"@id\":\"https:\\\/\\\/abc-latina.com\\\/#website\",\"url\":\"https:\\\/\\\/abc-latina.com\\\/\",\"name\":\"Abc-latina\",\"description\":\"\",\"publisher\":{\"@id\":\"https:\\\/\\\/abc-latina.com\\\/#organization\"},\"potentialAction\":[{\"@type\":\"SearchAction\",\"target\":{\"@type\":\"EntryPoint\",\"urlTemplate\":\"https:\\\/\\\/abc-latina.com\\\/?s={search_term_string}\"},\"query-input\":{\"@type\":\"PropertyValueSpecification\",\"valueRequired\":true,\"valueName\":\"search_term_string\"}}],\"inLanguage\":\"fr-FR\"},{\"@type\":\"Organization\",\"@id\":\"https:\\\/\\\/abc-latina.com\\\/#organization\",\"name\":\"Abc-latina\",\"url\":\"https:\\\/\\\/abc-latina.com\\\/\",\"logo\":{\"@type\":\"ImageObject\",\"inLanguage\":\"fr-FR\",\"@id\":\"https:\\\/\\\/abc-latina.com\\\/#\\\/schema\\\/logo\\\/image\\\/\",\"url\":\"https:\\\/\\\/abc-latina.com\\\/wp-content\\\/uploads\\\/2026\\\/05\\\/cropped-logo.gif\",\"contentUrl\":\"https:\\\/\\\/abc-latina.com\\\/wp-content\\\/uploads\\\/2026\\\/05\\\/cropped-logo.gif\",\"width\":89,\"height\":84,\"caption\":\"Abc-latina\"},\"image\":{\"@id\":\"https:\\\/\\\/abc-latina.com\\\/#\\\/schema\\\/logo\\\/image\\\/\"}}]}<\/script>\n<!-- \/ Yoast SEO plugin. -->","yoast_head_json":{"title":"INFORMATIONS PRATIQUES - Abc-latina","description":"Les conseils et informations pratiques avant de voyager en Equateur.","robots":{"index":"index","follow":"follow","max-snippet":"max-snippet:-1","max-image-preview":"max-image-preview:large","max-video-preview":"max-video-preview:-1"},"canonical":"https:\/\/abc-latina.com\/equateur\/infoprat\/","og_locale":"fr_FR","og_type":"article","og_title":"INFORMATIONS PRATIQUES - Abc-latina","og_description":"Les conseils et informations pratiques avant de voyager en Equateur.","og_url":"https:\/\/abc-latina.com\/equateur\/infoprat\/","og_site_name":"Abc-latina","article_modified_time":"2026-04-30T16:25:03+00:00","og_image":[{"width":125,"height":90,"url":"https:\/\/abc-latina.com\/wp-content\/uploads\/2010\/04\/timbre_to.gif","type":"image\/gif"}],"twitter_card":"summary_large_image","twitter_misc":{"Dur\u00e9e de lecture estim\u00e9e":"3 minutes"},"schema":{"@context":"https:\/\/schema.org","@graph":[{"@type":"WebPage","@id":"https:\/\/abc-latina.com\/equateur\/infoprat\/","url":"https:\/\/abc-latina.com\/equateur\/infoprat\/","name":"INFORMATIONS PRATIQUES - Abc-latina","isPartOf":{"@id":"https:\/\/abc-latina.com\/#website"},"primaryImageOfPage":{"@id":"https:\/\/abc-latina.com\/equateur\/infoprat\/#primaryimage"},"image":{"@id":"https:\/\/abc-latina.com\/equateur\/infoprat\/#primaryimage"},"thumbnailUrl":"https:\/\/abc-latina.com\/wp-content\/uploads\/2010\/04\/timbre_to.gif","datePublished":"2010-07-16T22:59:47+00:00","dateModified":"2026-04-30T16:25:03+00:00","description":"Les conseils et informations pratiques avant de voyager en Equateur.","breadcrumb":{"@id":"https:\/\/abc-latina.com\/equateur\/infoprat\/#breadcrumb"},"inLanguage":"fr-FR","potentialAction":[{"@type":"ReadAction","target":["https:\/\/abc-latina.com\/equateur\/infoprat\/"]}]},{"@type":"ImageObject","inLanguage":"fr-FR","@id":"https:\/\/abc-latina.com\/equateur\/infoprat\/#primaryimage","url":"https:\/\/abc-latina.com\/wp-content\/uploads\/2010\/04\/timbre_to.gif","contentUrl":"https:\/\/abc-latina.com\/wp-content\/uploads\/2010\/04\/timbre_to.gif","width":125,"height":90},{"@type":"BreadcrumbList","@id":"https:\/\/abc-latina.com\/equateur\/infoprat\/#breadcrumb","itemListElement":[{"@type":"ListItem","position":1,"name":"Accueil","item":"https:\/\/abc-latina.com\/"},{"@type":"ListItem","position":2,"name":"INFORMATIONS PRATIQUES"}]},{"@type":"WebSite","@id":"https:\/\/abc-latina.com\/#website","url":"https:\/\/abc-latina.com\/","name":"Abc-latina","description":"","publisher":{"@id":"https:\/\/abc-latina.com\/#organization"},"potentialAction":[{"@type":"SearchAction","target":{"@type":"EntryPoint","urlTemplate":"https:\/\/abc-latina.com\/?s={search_term_string}"},"query-input":{"@type":"PropertyValueSpecification","valueRequired":true,"valueName":"search_term_string"}}],"inLanguage":"fr-FR"},{"@type":"Organization","@id":"https:\/\/abc-latina.com\/#organization","name":"Abc-latina","url":"https:\/\/abc-latina.com\/","logo":{"@type":"ImageObject","inLanguage":"fr-FR","@id":"https:\/\/abc-latina.com\/#\/schema\/logo\/image\/","url":"https:\/\/abc-latina.com\/wp-content\/uploads\/2026\/05\/cropped-logo.gif","contentUrl":"https:\/\/abc-latina.com\/wp-content\/uploads\/2026\/05\/cropped-logo.gif","width":89,"height":84,"caption":"Abc-latina"},"image":{"@id":"https:\/\/abc-latina.com\/#\/schema\/logo\/image\/"}}]}},"_links":{"self":[{"href":"https:\/\/abc-latina.com\/wp-json\/wp\/v2\/pages\/1391","targetHints":{"allow":["GET"]}}],"collection":[{"href":"https:\/\/abc-latina.com\/wp-json\/wp\/v2\/pages"}],"about":[{"href":"https:\/\/abc-latina.com\/wp-json\/wp\/v2\/types\/page"}],"author":[{"embeddable":true,"href":"https:\/\/abc-latina.com\/wp-json\/wp\/v2\/users\/3"}],"replies":[{"embeddable":true,"href":"https:\/\/abc-latina.com\/wp-json\/wp\/v2\/comments?post=1391"}],"version-history":[{"count":1,"href":"https:\/\/abc-latina.com\/wp-json\/wp\/v2\/pages\/1391\/revisions"}],"predecessor-version":[{"id":3446,"href":"https:\/\/abc-latina.com\/wp-json\/wp\/v2\/pages\/1391\/revisions\/3446"}],"up":[{"embeddable":true,"href":"https:\/\/abc-latina.com\/wp-json\/wp\/v2\/pages\/2303"}],"wp:featuredmedia":[{"embeddable":true,"href":"https:\/\/abc-latina.com\/wp-json\/wp\/v2\/media\/41"}],"wp:attachment":[{"href":"https:\/\/abc-latina.com\/wp-json\/wp\/v2\/media?parent=1391"}],"curies":[{"name":"wp","href":"https:\/\/api.w.org\/{rel}","templated":true}]}}