{"id":1396,"date":"2010-07-17T01:07:16","date_gmt":"2010-07-16T23:07:16","guid":{"rendered":"http:\/\/abc-latina.com\/recits-htm-9\/"},"modified":"2026-04-30T18:25:04","modified_gmt":"2026-04-30T16:25:04","slug":"recits","status":"publish","type":"page","link":"https:\/\/abc-latina.com\/equateur\/recits\/","title":{"rendered":"RECITS de VOYAGES en EQUATEUR"},"content":{"rendered":"<p><span class=\"tourisme-chapitre\">Carnets de routes, photos et aventures en Equateur&#8230;<\/span><\/p>\n<div>Si vous aussi, vous avez quelque chose \u00e0 dire, faites le nous savoir !<\/div>\n<div>&nbsp;<\/div>\n<div><strong><img loading=\"lazy\" decoding=\"async\" class=\" alignleft size-full wp-image-1306\" src=\"http:\/\/abc-latina.com\/wp-content\/uploads\/2010\/06\/010.jpg\" alt=\"\" width=\"110\" hspace=\"9\" height=\"110\" align=\"left\" \/>Vivre \u00e0 Quito<\/strong><br \/>Une famille fran\u00e7aise raconte sa vie d&rsquo;expatri\u00e9e dans la capitale \u00e9quatorienne.<br \/><a target=\"_blank\" href=\"http:\/\/faminza.blogvie.com\/\">faminza.blogvie.com\/<\/a><\/div>\n<div>&nbsp;<\/div>\n<div>&nbsp;<\/div>\n<div><img loading=\"lazy\" decoding=\"async\" class=\" size-full wp-image-1181\" src=\"http:\/\/abc-latina.com\/wp-content\/uploads\/2010\/06\/ligne1.gif\" alt=\"\" width=\"509\" height=\"14\" \/><\/div>\n<div>&nbsp;<\/div>\n<div><strong><img loading=\"lazy\" decoding=\"async\" class=\" alignleft size-full wp-image-127\" src=\"http:\/\/abc-latina.com\/wp-content\/uploads\/2010\/06\/003.jpg\" alt=\"\" width=\"110\" hspace=\"9\" height=\"110\" align=\"left\" \/>Tournons Ensemble<\/strong><\/div>\n<div>Un tour du monde de 14 mois qui a d\u00e9but\u00e9 le 28 juin 2002.<\/div>\n<div>Estelle et Yann sont all\u00e9s \u00e0 la rencontre des peuples du Monde, voyez leur voyage en Equateur.<\/div>\n<div><a href=\"http:\/\/www.tournonsensemble.com\/equateur\/equateur_photos.php\" target=\"_blank\">www.tournonsensemble.com\/equateur\/<\/a><\/div>\n<div><img loading=\"lazy\" decoding=\"async\" class=\" size-full wp-image-1181\" src=\"http:\/\/abc-latina.com\/wp-content\/uploads\/2010\/06\/ligne1.gif\" alt=\"\" width=\"509\" height=\"14\" \/><\/div>\n<div>&nbsp;<\/div>\n<div><strong><img loading=\"lazy\" decoding=\"async\" class=\" alignleft size-full wp-image-129\" src=\"http:\/\/abc-latina.com\/wp-content\/uploads\/2010\/06\/001.jpg\" alt=\"\" width=\"110\" hspace=\"9\" height=\"110\" align=\"left\" \/>Toujours un peu plus loin<\/strong><\/div>\n<div>Le carnet de voyage d&rsquo;Alain, et ses compagnons de route, en Equateur.&nbsp;<\/div>\n<div><a href=\"http:\/\/alain.debord.perso.sfr.fr\/equateur\/equateur\" target=\"_blank\">alain.debord.perso.sfr.fr\/equateur\/<\/a><\/div>\n<div>&nbsp;<\/div>\n<div>&nbsp;<\/div>\n<div><img loading=\"lazy\" decoding=\"async\" class=\" size-full wp-image-1181\" src=\"http:\/\/abc-latina.com\/wp-content\/uploads\/2010\/06\/ligne1.gif\" alt=\"\" width=\"509\" height=\"14\" \/><\/div>\n<div>&nbsp;<\/div>\n<div><strong><img loading=\"lazy\" decoding=\"async\" class=\" alignleft size-full wp-image-128\" src=\"http:\/\/abc-latina.com\/wp-content\/uploads\/2010\/06\/020.jpg\" alt=\"\" width=\"110\" hspace=\"9\" height=\"110\" align=\"left\" \/><\/strong><strong>Un regard sur le monde<\/strong><\/div>\n<div>Un r\u00e9cits tr\u00e8s d\u00e9taill\u00e9 et fort int\u00e9ressant de trois amis partis trois semaines en Equateur.<\/div>\n<div><a href=\"http:\/\/users.skynet.be\/bengos\/equateur2003\/\" target=\"_blank\">users.skynet.be\/bengos\/equateur2003\/<\/a><\/div>\n<div>&nbsp;<\/div>\n<div>&nbsp;<\/div>\n<div><img loading=\"lazy\" decoding=\"async\" class=\" size-full wp-image-1181\" src=\"http:\/\/abc-latina.com\/wp-content\/uploads\/2010\/06\/ligne1.gif\" alt=\"\" width=\"509\" height=\"14\" \/><\/div>\n<div>&nbsp;<\/div>\n<div><span class=\"tourisme-unesco\">nota: abc-latina n&rsquo;est aucunement responsable du contenu des sites externes<\/span><a target=\"_blank\" href=\"http:\/\/voyage.abc-latina.com\/voyage_equateur\/equateur.php\"><span class=\"sejour-circuit\"><br \/><\/span><\/a><\/div>\n<p>&nbsp;<\/p>\n<h3>Pr\u00e9parez votre voyage en Equateur:<\/h3>\n<div><a href=\"https:\/\/www.abc-latina.com\/equateur\/agence_de_voyages\">Agences de voyage g\u00e9n\u00e9ralistes et discounteurs<\/a><\/div>\n<div><a href=\"https:\/\/www.abc-latina.com\/equateur\/tour_operateur\">Tours Op\u00e9rateurs sp\u00e9cialistes de l&rsquo;Equateur<\/a><\/div>\n<div><a target=\"_blank\" href=\"https:\/\/www.abc-latina.com\/to\/reservation_billet_avion\">R\u00e9servez votre billet d&rsquo;avion<\/a><\/div>\n<div><a href=\"https:\/\/www.abc-latina.com\/equateur\/hotels\">R\u00e9servez votre h\u00f4tel en Equateur<\/a>&nbsp;<\/div>\n<div><a target=\"_blank\" href=\"https:\/\/www.abc-latina.com\/to\/location_de_voiture_equateur\">Location de voiture<\/a><\/div>\n<p>&nbsp;<\/p>\n","protected":false},"excerpt":{"rendered":"<p>Carnets de routes, photos et aventures en Equateur&#8230; Si vous aussi, vous avez quelque chose \u00e0 dire, faites le nous [&hellip;]<\/p>\n","protected":false},"author":3,"featured_media":1306,"parent":2303,"menu_order":0,"comment_status":"closed","ping_status":"closed","template":"","meta":{"site-sidebar-layout":"default","site-content-layout":"","ast-site-content-layout":"default","site-content-style":"default","site-sidebar-style":"default","ast-global-header-display":"","ast-banner-title-visibility":"","ast-main-header-display":"","ast-hfb-above-header-display":"","ast-hfb-below-header-display":"","ast-hfb-mobile-header-display":"","site-post-title":"","ast-breadcrumbs-content":"","ast-featured-img":"","footer-sml-layout":"","ast-disable-related-posts":"","theme-transparent-header-meta":"","adv-header-id-meta":"","stick-header-meta":"","header-above-stick-meta":"","header-main-stick-meta":"","header-below-stick-meta":"","astra-migrate-meta-layouts":"default","ast-page-background-enabled":"default","ast-page-background-meta":{"desktop":{"background-color":"var(--ast-global-color-5)","background-image":"","background-repeat":"repeat","background-position":"center center","background-size":"auto","background-attachment":"scroll","background-type":"","background-media":"","overlay-type":"","overlay-color":"","overlay-opacity":"","overlay-gradient":""},"tablet":{"background-color":"","background-image":"","background-repeat":"repeat","background-position":"center center","background-size":"auto","background-attachment":"scroll","background-type":"","background-media":"","overlay-type":"","overlay-color":"","overlay-opacity":"","overlay-gradient":""},"mobile":{"background-color":"","background-image":"","background-repeat":"repeat","background-position":"center center","background-size":"auto","background-attachment":"scroll","background-type":"","background-media":"","overlay-type":"","overlay-color":"","overlay-opacity":"","overlay-gradient":""}},"ast-content-background-meta":{"desktop":{"background-color":"var(--ast-global-color-4)","background-image":"","background-repeat":"repeat","background-position":"center center","background-size":"auto","background-attachment":"scroll","background-type":"","background-media":"","overlay-type":"","overlay-color":"","overlay-opacity":"","overlay-gradient":""},"tablet":{"background-color":"var(--ast-global-color-4)","background-image":"","background-repeat":"repeat","background-position":"center center","background-size":"auto","background-attachment":"scroll","background-type":"","background-media":"","overlay-type":"","overlay-color":"","overlay-opacity":"","overlay-gradient":""},"mobile":{"background-color":"var(--ast-global-color-4)","background-image":"","background-repeat":"repeat","background-position":"center center","background-size":"auto","background-attachment":"scroll","background-type":"","background-media":"","overlay-type":"","overlay-color":"","overlay-opacity":"","overlay-gradient":""}},"footnotes":""},"class_list":["post-1396","page","type-page","status-publish","has-post-thumbnail","hentry"],"yoast_head":"<!-- This site is optimized with the Yoast SEO plugin v27.5 - https:\/\/yoast.com\/product\/yoast-seo-wordpress\/ -->\n<title>RECITS de VOYAGES en EQUATEUR - Abc-latina<\/title>\n<meta name=\"description\" content=\"Les r\u00e9cits de voyages en Equateur.\" \/>\n<meta name=\"robots\" content=\"index, follow, max-snippet:-1, max-image-preview:large, max-video-preview:-1\" \/>\n<link rel=\"canonical\" href=\"https:\/\/abc-latina.com\/equateur\/recits\/\" \/>\n<meta property=\"og:locale\" content=\"fr_FR\" \/>\n<meta property=\"og:type\" content=\"article\" \/>\n<meta property=\"og:title\" content=\"RECITS de VOYAGES en EQUATEUR - Abc-latina\" \/>\n<meta property=\"og:description\" content=\"Les r\u00e9cits de voyages en Equateur.\" \/>\n<meta property=\"og:url\" content=\"https:\/\/abc-latina.com\/equateur\/recits\/\" \/>\n<meta property=\"og:site_name\" content=\"Abc-latina\" \/>\n<meta property=\"article:modified_time\" content=\"2026-04-30T16:25:04+00:00\" \/>\n<meta property=\"og:image\" content=\"https:\/\/abc-latina.com\/wp-content\/uploads\/2010\/06\/010.jpg\" \/>\n\t<meta property=\"og:image:width\" content=\"130\" \/>\n\t<meta property=\"og:image:height\" content=\"130\" \/>\n\t<meta property=\"og:image:type\" content=\"image\/jpeg\" \/>\n<meta name=\"twitter:card\" content=\"summary_large_image\" \/>\n<meta name=\"twitter:label1\" content=\"Dur\u00e9e de lecture estim\u00e9e\" \/>\n\t<meta name=\"twitter:data1\" content=\"1 minute\" \/>\n<script type=\"application\/ld+json\" class=\"yoast-schema-graph\">{\"@context\":\"https:\\\/\\\/schema.org\",\"@graph\":[{\"@type\":\"WebPage\",\"@id\":\"https:\\\/\\\/abc-latina.com\\\/equateur\\\/recits\\\/\",\"url\":\"https:\\\/\\\/abc-latina.com\\\/equateur\\\/recits\\\/\",\"name\":\"RECITS de VOYAGES en EQUATEUR - Abc-latina\",\"isPartOf\":{\"@id\":\"https:\\\/\\\/abc-latina.com\\\/#website\"},\"primaryImageOfPage\":{\"@id\":\"https:\\\/\\\/abc-latina.com\\\/equateur\\\/recits\\\/#primaryimage\"},\"image\":{\"@id\":\"https:\\\/\\\/abc-latina.com\\\/equateur\\\/recits\\\/#primaryimage\"},\"thumbnailUrl\":\"https:\\\/\\\/abc-latina.com\\\/wp-content\\\/uploads\\\/2010\\\/06\\\/010.jpg\",\"datePublished\":\"2010-07-16T23:07:16+00:00\",\"dateModified\":\"2026-04-30T16:25:04+00:00\",\"description\":\"Les r\u00e9cits de voyages en Equateur.\",\"breadcrumb\":{\"@id\":\"https:\\\/\\\/abc-latina.com\\\/equateur\\\/recits\\\/#breadcrumb\"},\"inLanguage\":\"fr-FR\",\"potentialAction\":[{\"@type\":\"ReadAction\",\"target\":[\"https:\\\/\\\/abc-latina.com\\\/equateur\\\/recits\\\/\"]}]},{\"@type\":\"ImageObject\",\"inLanguage\":\"fr-FR\",\"@id\":\"https:\\\/\\\/abc-latina.com\\\/equateur\\\/recits\\\/#primaryimage\",\"url\":\"https:\\\/\\\/abc-latina.com\\\/wp-content\\\/uploads\\\/2010\\\/06\\\/010.jpg\",\"contentUrl\":\"https:\\\/\\\/abc-latina.com\\\/wp-content\\\/uploads\\\/2010\\\/06\\\/010.jpg\",\"width\":130,\"height\":130},{\"@type\":\"BreadcrumbList\",\"@id\":\"https:\\\/\\\/abc-latina.com\\\/equateur\\\/recits\\\/#breadcrumb\",\"itemListElement\":[{\"@type\":\"ListItem\",\"position\":1,\"name\":\"Accueil\",\"item\":\"https:\\\/\\\/abc-latina.com\\\/\"},{\"@type\":\"ListItem\",\"position\":2,\"name\":\"RECITS de VOYAGES en EQUATEUR\"}]},{\"@type\":\"WebSite\",\"@id\":\"https:\\\/\\\/abc-latina.com\\\/#website\",\"url\":\"https:\\\/\\\/abc-latina.com\\\/\",\"name\":\"Abc-latina\",\"description\":\"\",\"publisher\":{\"@id\":\"https:\\\/\\\/abc-latina.com\\\/#organization\"},\"potentialAction\":[{\"@type\":\"SearchAction\",\"target\":{\"@type\":\"EntryPoint\",\"urlTemplate\":\"https:\\\/\\\/abc-latina.com\\\/?s={search_term_string}\"},\"query-input\":{\"@type\":\"PropertyValueSpecification\",\"valueRequired\":true,\"valueName\":\"search_term_string\"}}],\"inLanguage\":\"fr-FR\"},{\"@type\":\"Organization\",\"@id\":\"https:\\\/\\\/abc-latina.com\\\/#organization\",\"name\":\"Abc-latina\",\"url\":\"https:\\\/\\\/abc-latina.com\\\/\",\"logo\":{\"@type\":\"ImageObject\",\"inLanguage\":\"fr-FR\",\"@id\":\"https:\\\/\\\/abc-latina.com\\\/#\\\/schema\\\/logo\\\/image\\\/\",\"url\":\"https:\\\/\\\/abc-latina.com\\\/wp-content\\\/uploads\\\/2026\\\/05\\\/cropped-logo.gif\",\"contentUrl\":\"https:\\\/\\\/abc-latina.com\\\/wp-content\\\/uploads\\\/2026\\\/05\\\/cropped-logo.gif\",\"width\":89,\"height\":84,\"caption\":\"Abc-latina\"},\"image\":{\"@id\":\"https:\\\/\\\/abc-latina.com\\\/#\\\/schema\\\/logo\\\/image\\\/\"}}]}<\/script>\n<!-- \/ Yoast SEO plugin. -->","yoast_head_json":{"title":"RECITS de VOYAGES en EQUATEUR - Abc-latina","description":"Les r\u00e9cits de voyages en Equateur.","robots":{"index":"index","follow":"follow","max-snippet":"max-snippet:-1","max-image-preview":"max-image-preview:large","max-video-preview":"max-video-preview:-1"},"canonical":"https:\/\/abc-latina.com\/equateur\/recits\/","og_locale":"fr_FR","og_type":"article","og_title":"RECITS de VOYAGES en EQUATEUR - Abc-latina","og_description":"Les r\u00e9cits de voyages en Equateur.","og_url":"https:\/\/abc-latina.com\/equateur\/recits\/","og_site_name":"Abc-latina","article_modified_time":"2026-04-30T16:25:04+00:00","og_image":[{"width":130,"height":130,"url":"https:\/\/abc-latina.com\/wp-content\/uploads\/2010\/06\/010.jpg","type":"image\/jpeg"}],"twitter_card":"summary_large_image","twitter_misc":{"Dur\u00e9e de lecture estim\u00e9e":"1 minute"},"schema":{"@context":"https:\/\/schema.org","@graph":[{"@type":"WebPage","@id":"https:\/\/abc-latina.com\/equateur\/recits\/","url":"https:\/\/abc-latina.com\/equateur\/recits\/","name":"RECITS de VOYAGES en EQUATEUR - Abc-latina","isPartOf":{"@id":"https:\/\/abc-latina.com\/#website"},"primaryImageOfPage":{"@id":"https:\/\/abc-latina.com\/equateur\/recits\/#primaryimage"},"image":{"@id":"https:\/\/abc-latina.com\/equateur\/recits\/#primaryimage"},"thumbnailUrl":"https:\/\/abc-latina.com\/wp-content\/uploads\/2010\/06\/010.jpg","datePublished":"2010-07-16T23:07:16+00:00","dateModified":"2026-04-30T16:25:04+00:00","description":"Les r\u00e9cits de voyages en Equateur.","breadcrumb":{"@id":"https:\/\/abc-latina.com\/equateur\/recits\/#breadcrumb"},"inLanguage":"fr-FR","potentialAction":[{"@type":"ReadAction","target":["https:\/\/abc-latina.com\/equateur\/recits\/"]}]},{"@type":"ImageObject","inLanguage":"fr-FR","@id":"https:\/\/abc-latina.com\/equateur\/recits\/#primaryimage","url":"https:\/\/abc-latina.com\/wp-content\/uploads\/2010\/06\/010.jpg","contentUrl":"https:\/\/abc-latina.com\/wp-content\/uploads\/2010\/06\/010.jpg","width":130,"height":130},{"@type":"BreadcrumbList","@id":"https:\/\/abc-latina.com\/equateur\/recits\/#breadcrumb","itemListElement":[{"@type":"ListItem","position":1,"name":"Accueil","item":"https:\/\/abc-latina.com\/"},{"@type":"ListItem","position":2,"name":"RECITS de VOYAGES en EQUATEUR"}]},{"@type":"WebSite","@id":"https:\/\/abc-latina.com\/#website","url":"https:\/\/abc-latina.com\/","name":"Abc-latina","description":"","publisher":{"@id":"https:\/\/abc-latina.com\/#organization"},"potentialAction":[{"@type":"SearchAction","target":{"@type":"EntryPoint","urlTemplate":"https:\/\/abc-latina.com\/?s={search_term_string}"},"query-input":{"@type":"PropertyValueSpecification","valueRequired":true,"valueName":"search_term_string"}}],"inLanguage":"fr-FR"},{"@type":"Organization","@id":"https:\/\/abc-latina.com\/#organization","name":"Abc-latina","url":"https:\/\/abc-latina.com\/","logo":{"@type":"ImageObject","inLanguage":"fr-FR","@id":"https:\/\/abc-latina.com\/#\/schema\/logo\/image\/","url":"https:\/\/abc-latina.com\/wp-content\/uploads\/2026\/05\/cropped-logo.gif","contentUrl":"https:\/\/abc-latina.com\/wp-content\/uploads\/2026\/05\/cropped-logo.gif","width":89,"height":84,"caption":"Abc-latina"},"image":{"@id":"https:\/\/abc-latina.com\/#\/schema\/logo\/image\/"}}]}},"_links":{"self":[{"href":"https:\/\/abc-latina.com\/wp-json\/wp\/v2\/pages\/1396","targetHints":{"allow":["GET"]}}],"collection":[{"href":"https:\/\/abc-latina.com\/wp-json\/wp\/v2\/pages"}],"about":[{"href":"https:\/\/abc-latina.com\/wp-json\/wp\/v2\/types\/page"}],"author":[{"embeddable":true,"href":"https:\/\/abc-latina.com\/wp-json\/wp\/v2\/users\/3"}],"replies":[{"embeddable":true,"href":"https:\/\/abc-latina.com\/wp-json\/wp\/v2\/comments?post=1396"}],"version-history":[{"count":1,"href":"https:\/\/abc-latina.com\/wp-json\/wp\/v2\/pages\/1396\/revisions"}],"predecessor-version":[{"id":3452,"href":"https:\/\/abc-latina.com\/wp-json\/wp\/v2\/pages\/1396\/revisions\/3452"}],"up":[{"embeddable":true,"href":"https:\/\/abc-latina.com\/wp-json\/wp\/v2\/pages\/2303"}],"wp:featuredmedia":[{"embeddable":true,"href":"https:\/\/abc-latina.com\/wp-json\/wp\/v2\/media\/1306"}],"wp:attachment":[{"href":"https:\/\/abc-latina.com\/wp-json\/wp\/v2\/media?parent=1396"}],"curies":[{"name":"wp","href":"https:\/\/api.w.org\/{rel}","templated":true}]}}