{"id":1399,"date":"2010-07-17T01:14:40","date_gmt":"2010-07-16T23:14:40","guid":{"rendered":"http:\/\/abc-latina.com\/economie-htm-11\/"},"modified":"2026-04-30T18:25:04","modified_gmt":"2026-04-30T16:25:04","slug":"economie","status":"publish","type":"page","link":"https:\/\/abc-latina.com\/guatemala\/economie\/","title":{"rendered":"ECONOMIE &#8211; GUATEMALA"},"content":{"rendered":"<div>Le caf\u00e9 est le principal produit d&rsquo;exportation de l&rsquo;\u00e9conomie agricole du Guatemala, en apportant un tiers des entr\u00e9es des devises du pays. Les autres sources de revenus sont les r\u00e9coltes de canne \u00e0 sucre, bananes, cardamome et coton.<\/div>\n<div>Dans l&rsquo;industrie de la p\u00eache, les crevettes grises sont une source significative de revenus.&nbsp;<\/div>\n<div>Le Guatemala est le pays ayant la plus grande industrie manufacturi\u00e8re de l&rsquo;Am\u00e9rique Centrale, bien qu&rsquo;elle repr\u00e9sente 15% de son Produit Int\u00e9rieur Brut, avec le traitement des textiles, la nourriture, le papier, les produits pharmaceutiques et le caoutchouc.<\/div>\n<div>Le Guatemala a une petite industrie mini\u00e8re de cuivre, fer, zinc et autres m\u00e9taux. Bien qu&rsquo;au milieu des ann\u00e9es 70, on ait d\u00e9couvert des gisements de p\u00e9troles, le Guatemala continue d&rsquo;en importer les principaux d\u00e9riv\u00e9s.<\/div>\n<div>Les catastrophes \u00e9cologiques, comme l&rsquo;<a href=\"https:\/\/www.abc-latina.com\/histoire\/cyclone_mitch\" target=\"_blank\">ouragan Mitch<\/a>, qui a d\u00e9vast\u00e9 le pays en 1998, et la guerre civile qui a dur\u00e9 36 ans, ont ralenti le d\u00e9veloppement \u00e9conomique pendant les trois derni\u00e8res d\u00e9cennies malgr\u00e9 les aides apport\u00e9es par les Etats-Unis et les institutions internationales comme la Banque de D\u00e9veloppement Interam\u00e9ricaine et le FMI.<\/div>\n<div>La stabilit\u00e9 politique commenc\u00e9e en 1996, avec la signature des accords de paix avec la gu\u00e9rilla, ont am\u00e9lior\u00e9 les perspectives de d\u00e9veloppement \u00e9conomique d&rsquo;un des pays les plus pauvres d&rsquo;Am\u00e9rique Latine.&nbsp;<\/div>\n<div>Les Etats-Unis sont le principal partenaire commercial du Guatemala, suivi du <a href=\"https:\/\/www.abc-latina.com\/salvador\/\" target=\"_blank\">Salvador<\/a>, le <a href=\"https:\/\/www.abc-latina.com\/honduras\/\" target=\"_blank\">Honduras<\/a>, le <a href=\"https:\/\/www.abc-latina.com\/mexique\/\" target=\"_blank\">Mexique<\/a>, l&rsquo;Espagne, l&rsquo;Allemagne et l&rsquo;Italie.<\/div>\n<div>Le Guatemala est membre du March\u00e9 Commun d&rsquo;Am\u00e9rique Centrale.&nbsp;<\/div>\n<div>&nbsp;<\/div>\n<div><span class=\"eco-indic\">INDICATEURS ECONOMIQUES<\/span><\/div>\n<div>&nbsp;<\/div>\n<div>PIB (2007) : 31,3 Mds USD&nbsp;<\/div>\n<div>PIB par habitant (2007) : 2458 USD&nbsp;<\/div>\n<div>Taux de croissance (2007) : + 5,6 %&nbsp;<\/div>\n<div>Taux de ch\u00f4mage (2007) : 30,1 %&nbsp;<\/div>\n<div>Taux d&rsquo;inflation (2007) : + 6,6 %&nbsp;<\/div>\n<div>&nbsp;<\/div>\n<div><span class=\"eco-indic2\">Part des principaux secteurs d&rsquo;activit\u00e9s dans le PIB :<\/span>&nbsp;<\/div>\n<div>secteur agricole : 22,7 %&nbsp;<\/div>\n<div>secteur industriel : 13%&nbsp;<\/div>\n<div>secteur des services : 64,3 %&nbsp;<\/div>\n<div>&nbsp;<\/div>\n<div><span class=\"eco-indic2\">Principaux clients 2007 :<\/span>&nbsp;<\/div>\n<div>Etats-Unis, Salvador, Mexique&nbsp;<\/div>\n<div>&nbsp;<\/div>\n<div><span class=\"eco-indic2\">Principaux fournisseurs 2007 :<\/span>&nbsp;<\/div>\n<div>Etats-Unis, Mexique, Salvador&nbsp;<\/div>\n<div>Transferts de fonds des Guat\u00e9malt\u00e8ques \u00e9migr\u00e9s 2007:<\/div>\n<div>3,6 Mds $, soit 10,1% du PIB&nbsp;<\/div>\n","protected":false},"excerpt":{"rendered":"<p>Le caf\u00e9 est le principal produit d&rsquo;exportation de l&rsquo;\u00e9conomie agricole du Guatemala, en apportant un tiers des entr\u00e9es des devises [&hellip;]<\/p>\n","protected":false},"author":3,"featured_media":0,"parent":2305,"menu_order":0,"comment_status":"closed","ping_status":"closed","template":"","meta":{"site-sidebar-layout":"default","site-content-layout":"","ast-site-content-layout":"default","site-content-style":"default","site-sidebar-style":"default","ast-global-header-display":"","ast-banner-title-visibility":"","ast-main-header-display":"","ast-hfb-above-header-display":"","ast-hfb-below-header-display":"","ast-hfb-mobile-header-display":"","site-post-title":"","ast-breadcrumbs-content":"","ast-featured-img":"","footer-sml-layout":"","ast-disable-related-posts":"","theme-transparent-header-meta":"","adv-header-id-meta":"","stick-header-meta":"","header-above-stick-meta":"","header-main-stick-meta":"","header-below-stick-meta":"","astra-migrate-meta-layouts":"default","ast-page-background-enabled":"default","ast-page-background-meta":{"desktop":{"background-color":"var(--ast-global-color-5)","background-image":"","background-repeat":"repeat","background-position":"center center","background-size":"auto","background-attachment":"scroll","background-type":"","background-media":"","overlay-type":"","overlay-color":"","overlay-opacity":"","overlay-gradient":""},"tablet":{"background-color":"","background-image":"","background-repeat":"repeat","background-position":"center center","background-size":"auto","background-attachment":"scroll","background-type":"","background-media":"","overlay-type":"","overlay-color":"","overlay-opacity":"","overlay-gradient":""},"mobile":{"background-color":"","background-image":"","background-repeat":"repeat","background-position":"center center","background-size":"auto","background-attachment":"scroll","background-type":"","background-media":"","overlay-type":"","overlay-color":"","overlay-opacity":"","overlay-gradient":""}},"ast-content-background-meta":{"desktop":{"background-color":"var(--ast-global-color-4)","background-image":"","background-repeat":"repeat","background-position":"center center","background-size":"auto","background-attachment":"scroll","background-type":"","background-media":"","overlay-type":"","overlay-color":"","overlay-opacity":"","overlay-gradient":""},"tablet":{"background-color":"var(--ast-global-color-4)","background-image":"","background-repeat":"repeat","background-position":"center center","background-size":"auto","background-attachment":"scroll","background-type":"","background-media":"","overlay-type":"","overlay-color":"","overlay-opacity":"","overlay-gradient":""},"mobile":{"background-color":"var(--ast-global-color-4)","background-image":"","background-repeat":"repeat","background-position":"center center","background-size":"auto","background-attachment":"scroll","background-type":"","background-media":"","overlay-type":"","overlay-color":"","overlay-opacity":"","overlay-gradient":""}},"footnotes":""},"class_list":["post-1399","page","type-page","status-publish","hentry"],"yoast_head":"<!-- This site is optimized with the Yoast SEO plugin v27.5 - https:\/\/yoast.com\/product\/yoast-seo-wordpress\/ -->\n<title>ECONOMIE - GUATEMALA - Abc-latina<\/title>\n<meta name=\"description\" content=\"L&#039;\u00e9conomie guatemalteque: industrie, agriculture et services.  Chiffres de l&#039;\u00e9conomie du Guatemala.\" \/>\n<meta name=\"robots\" content=\"index, follow, max-snippet:-1, max-image-preview:large, max-video-preview:-1\" \/>\n<link rel=\"canonical\" href=\"https:\/\/abc-latina.com\/guatemala\/economie\/\" \/>\n<meta property=\"og:locale\" content=\"fr_FR\" \/>\n<meta property=\"og:type\" content=\"article\" \/>\n<meta property=\"og:title\" content=\"ECONOMIE - GUATEMALA - Abc-latina\" \/>\n<meta property=\"og:description\" content=\"L&#039;\u00e9conomie guatemalteque: industrie, agriculture et services.  Chiffres de l&#039;\u00e9conomie du Guatemala.\" \/>\n<meta property=\"og:url\" content=\"https:\/\/abc-latina.com\/guatemala\/economie\/\" \/>\n<meta property=\"og:site_name\" content=\"Abc-latina\" \/>\n<meta property=\"article:modified_time\" content=\"2026-04-30T16:25:04+00:00\" \/>\n<meta name=\"twitter:card\" content=\"summary_large_image\" \/>\n<meta name=\"twitter:label1\" content=\"Dur\u00e9e de lecture estim\u00e9e\" \/>\n\t<meta name=\"twitter:data1\" content=\"2 minutes\" \/>\n<script type=\"application\/ld+json\" class=\"yoast-schema-graph\">{\"@context\":\"https:\\\/\\\/schema.org\",\"@graph\":[{\"@type\":\"WebPage\",\"@id\":\"https:\\\/\\\/abc-latina.com\\\/guatemala\\\/economie\\\/\",\"url\":\"https:\\\/\\\/abc-latina.com\\\/guatemala\\\/economie\\\/\",\"name\":\"ECONOMIE - GUATEMALA - Abc-latina\",\"isPartOf\":{\"@id\":\"https:\\\/\\\/abc-latina.com\\\/#website\"},\"datePublished\":\"2010-07-16T23:14:40+00:00\",\"dateModified\":\"2026-04-30T16:25:04+00:00\",\"description\":\"L'\u00e9conomie guatemalteque: industrie, agriculture et services. Chiffres de l'\u00e9conomie du Guatemala.\",\"breadcrumb\":{\"@id\":\"https:\\\/\\\/abc-latina.com\\\/guatemala\\\/economie\\\/#breadcrumb\"},\"inLanguage\":\"fr-FR\",\"potentialAction\":[{\"@type\":\"ReadAction\",\"target\":[\"https:\\\/\\\/abc-latina.com\\\/guatemala\\\/economie\\\/\"]}]},{\"@type\":\"BreadcrumbList\",\"@id\":\"https:\\\/\\\/abc-latina.com\\\/guatemala\\\/economie\\\/#breadcrumb\",\"itemListElement\":[{\"@type\":\"ListItem\",\"position\":1,\"name\":\"Accueil\",\"item\":\"https:\\\/\\\/abc-latina.com\\\/\"},{\"@type\":\"ListItem\",\"position\":2,\"name\":\"ECONOMIE &#8211; GUATEMALA\"}]},{\"@type\":\"WebSite\",\"@id\":\"https:\\\/\\\/abc-latina.com\\\/#website\",\"url\":\"https:\\\/\\\/abc-latina.com\\\/\",\"name\":\"Abc-latina\",\"description\":\"\",\"publisher\":{\"@id\":\"https:\\\/\\\/abc-latina.com\\\/#organization\"},\"potentialAction\":[{\"@type\":\"SearchAction\",\"target\":{\"@type\":\"EntryPoint\",\"urlTemplate\":\"https:\\\/\\\/abc-latina.com\\\/?s={search_term_string}\"},\"query-input\":{\"@type\":\"PropertyValueSpecification\",\"valueRequired\":true,\"valueName\":\"search_term_string\"}}],\"inLanguage\":\"fr-FR\"},{\"@type\":\"Organization\",\"@id\":\"https:\\\/\\\/abc-latina.com\\\/#organization\",\"name\":\"Abc-latina\",\"url\":\"https:\\\/\\\/abc-latina.com\\\/\",\"logo\":{\"@type\":\"ImageObject\",\"inLanguage\":\"fr-FR\",\"@id\":\"https:\\\/\\\/abc-latina.com\\\/#\\\/schema\\\/logo\\\/image\\\/\",\"url\":\"https:\\\/\\\/abc-latina.com\\\/wp-content\\\/uploads\\\/2026\\\/05\\\/cropped-logo.gif\",\"contentUrl\":\"https:\\\/\\\/abc-latina.com\\\/wp-content\\\/uploads\\\/2026\\\/05\\\/cropped-logo.gif\",\"width\":89,\"height\":84,\"caption\":\"Abc-latina\"},\"image\":{\"@id\":\"https:\\\/\\\/abc-latina.com\\\/#\\\/schema\\\/logo\\\/image\\\/\"}}]}<\/script>\n<!-- \/ Yoast SEO plugin. -->","yoast_head_json":{"title":"ECONOMIE - GUATEMALA - Abc-latina","description":"L'\u00e9conomie guatemalteque: industrie, agriculture et services.  Chiffres de l'\u00e9conomie du Guatemala.","robots":{"index":"index","follow":"follow","max-snippet":"max-snippet:-1","max-image-preview":"max-image-preview:large","max-video-preview":"max-video-preview:-1"},"canonical":"https:\/\/abc-latina.com\/guatemala\/economie\/","og_locale":"fr_FR","og_type":"article","og_title":"ECONOMIE - GUATEMALA - Abc-latina","og_description":"L'\u00e9conomie guatemalteque: industrie, agriculture et services.  Chiffres de l'\u00e9conomie du Guatemala.","og_url":"https:\/\/abc-latina.com\/guatemala\/economie\/","og_site_name":"Abc-latina","article_modified_time":"2026-04-30T16:25:04+00:00","twitter_card":"summary_large_image","twitter_misc":{"Dur\u00e9e de lecture estim\u00e9e":"2 minutes"},"schema":{"@context":"https:\/\/schema.org","@graph":[{"@type":"WebPage","@id":"https:\/\/abc-latina.com\/guatemala\/economie\/","url":"https:\/\/abc-latina.com\/guatemala\/economie\/","name":"ECONOMIE - GUATEMALA - Abc-latina","isPartOf":{"@id":"https:\/\/abc-latina.com\/#website"},"datePublished":"2010-07-16T23:14:40+00:00","dateModified":"2026-04-30T16:25:04+00:00","description":"L'\u00e9conomie guatemalteque: industrie, agriculture et services. Chiffres de l'\u00e9conomie du Guatemala.","breadcrumb":{"@id":"https:\/\/abc-latina.com\/guatemala\/economie\/#breadcrumb"},"inLanguage":"fr-FR","potentialAction":[{"@type":"ReadAction","target":["https:\/\/abc-latina.com\/guatemala\/economie\/"]}]},{"@type":"BreadcrumbList","@id":"https:\/\/abc-latina.com\/guatemala\/economie\/#breadcrumb","itemListElement":[{"@type":"ListItem","position":1,"name":"Accueil","item":"https:\/\/abc-latina.com\/"},{"@type":"ListItem","position":2,"name":"ECONOMIE &#8211; GUATEMALA"}]},{"@type":"WebSite","@id":"https:\/\/abc-latina.com\/#website","url":"https:\/\/abc-latina.com\/","name":"Abc-latina","description":"","publisher":{"@id":"https:\/\/abc-latina.com\/#organization"},"potentialAction":[{"@type":"SearchAction","target":{"@type":"EntryPoint","urlTemplate":"https:\/\/abc-latina.com\/?s={search_term_string}"},"query-input":{"@type":"PropertyValueSpecification","valueRequired":true,"valueName":"search_term_string"}}],"inLanguage":"fr-FR"},{"@type":"Organization","@id":"https:\/\/abc-latina.com\/#organization","name":"Abc-latina","url":"https:\/\/abc-latina.com\/","logo":{"@type":"ImageObject","inLanguage":"fr-FR","@id":"https:\/\/abc-latina.com\/#\/schema\/logo\/image\/","url":"https:\/\/abc-latina.com\/wp-content\/uploads\/2026\/05\/cropped-logo.gif","contentUrl":"https:\/\/abc-latina.com\/wp-content\/uploads\/2026\/05\/cropped-logo.gif","width":89,"height":84,"caption":"Abc-latina"},"image":{"@id":"https:\/\/abc-latina.com\/#\/schema\/logo\/image\/"}}]}},"_links":{"self":[{"href":"https:\/\/abc-latina.com\/wp-json\/wp\/v2\/pages\/1399","targetHints":{"allow":["GET"]}}],"collection":[{"href":"https:\/\/abc-latina.com\/wp-json\/wp\/v2\/pages"}],"about":[{"href":"https:\/\/abc-latina.com\/wp-json\/wp\/v2\/types\/page"}],"author":[{"embeddable":true,"href":"https:\/\/abc-latina.com\/wp-json\/wp\/v2\/users\/3"}],"replies":[{"embeddable":true,"href":"https:\/\/abc-latina.com\/wp-json\/wp\/v2\/comments?post=1399"}],"version-history":[{"count":1,"href":"https:\/\/abc-latina.com\/wp-json\/wp\/v2\/pages\/1399\/revisions"}],"predecessor-version":[{"id":3470,"href":"https:\/\/abc-latina.com\/wp-json\/wp\/v2\/pages\/1399\/revisions\/3470"}],"up":[{"embeddable":true,"href":"https:\/\/abc-latina.com\/wp-json\/wp\/v2\/pages\/2305"}],"wp:attachment":[{"href":"https:\/\/abc-latina.com\/wp-json\/wp\/v2\/media?parent=1399"}],"curies":[{"name":"wp","href":"https:\/\/api.w.org\/{rel}","templated":true}]}}