{"id":1401,"date":"2010-07-17T01:37:26","date_gmt":"2010-07-16T23:37:26","guid":{"rendered":"http:\/\/abc-latina.com\/histoire-htm-11\/"},"modified":"2026-04-30T18:25:05","modified_gmt":"2026-04-30T16:25:05","slug":"histoire","status":"publish","type":"page","link":"https:\/\/abc-latina.com\/guatemala\/histoire\/","title":{"rendered":"HISTOIRE &#8211; GUATEMALA"},"content":{"rendered":"<h2 style=\"text-align: center;\">Les principales dates de l&rsquo;histoire du Guatemala<\/h2>\n<ul>\n<li>\n<div>&nbsp;&nbsp;<\/div>\n<ul>\n<li><span style=\"color: rgb(255, 153, 0);\"><strong>1524&nbsp;<\/strong><\/span><br \/>Conqu\u00eate de Pedro de Alvarado<\/li>\n<li><span style=\"color: rgb(255, 153, 0);\"><strong>1527<\/strong><\/span>&nbsp;<br \/>Fondation de la capitale Santiago (<a href=\"https:\/\/www.abc-latina.com\/guatemala\/voyages\/antigua\">Antigua<\/a>)<\/li>\n<li><strong><span style=\"color: rgb(255, 153, 0);\">1541<\/span><\/strong><br \/>Cr\u00e9ation de la Capitainerie g\u00e9n\u00e9rale du Guatemala<\/li>\n<li><strong><span style=\"color: rgb(255, 153, 0);\">1697&nbsp;<\/span><\/strong><br \/>Chute des Itzas, dernier royaume <a href=\"https:\/\/www.abc-latina.com\/civilisations\/maya\" target=\"_blank\">maya<\/a>.<\/li>\n<li><span style=\"color: rgb(255, 153, 0);\"><strong>1773<\/strong><\/span>&nbsp;<br \/>Destruction de la ville de Santiago par un s\u00e9isme.<\/li>\n<li><span style=\"color: rgb(255, 153, 0);\"><strong>1821&nbsp;<\/strong><\/span><br \/>Le Guatemala proclame son ind\u00e9pendance.&nbsp;<\/li>\n<li><span style=\"color: rgb(255, 153, 0);\"><strong>1839<\/strong><\/span>&nbsp;<br \/>Cr\u00e9ation de la r\u00e9publique du Guatemala<\/li>\n<li><strong><span style=\"color: rgb(255, 153, 0);\">1873<\/span><\/strong>&nbsp;<br \/>D\u00e9but de la dictature de Justo Rufino Barrios qui prendra fin en 1885.<\/li>\n<li><span style=\"color: rgb(255, 153, 0);\"><strong>1954<\/strong><\/span>&nbsp;<br \/>Arriv\u00e9e au pouvoir de Jacobo Arbenz.<\/li>\n<li><span style=\"color: rgb(255, 153, 0);\"><strong>1954 <\/strong><\/span>&nbsp;<br \/>Invasion de l&rsquo;arm\u00e9e du colonel Carlos Castillo Armas aid\u00e9e de la CIA.&nbsp;Les r\u00e9formes des pr\u00e9c\u00e9dents gouvernements (Ar\u00e9valo et Arbenz) sont stopp\u00e9es.<\/li>\n<li><strong><span style=\"color: rgb(255, 153, 0);\">1956&nbsp;<\/span><\/strong><br \/>Mise en place d&rsquo;une nouvelle constitution, qui fait perdre \u00e0 une grande majorit\u00e9 d&rsquo;am\u00e9rindiens le droit de vote.<\/li>\n<li><span style=\"color: rgb(255, 153, 0);\"><strong>1966<\/strong><\/span>&nbsp;<br \/>Le parti r\u00e9volutionnaire remporte les \u00e9lections.<\/li>\n<li><strong><span style=\"color: rgb(255, 153, 0);\">1975<\/span><\/strong> &nbsp;<br \/>Les escouades de la mort s\u00e8me la terreur, mont\u00e9e de la violence: torture et assassinat.<\/li>\n<li><span style=\"color: rgb(255, 153, 0);\"><strong>4 f\u00e9vrier 1976&nbsp;<\/strong><\/span><br \/>Un s\u00e9isme fait plusieurs milliers de victimes.<\/li>\n<li><strong><span style=\"color: rgb(255, 153, 0);\">1982<\/span><\/strong>&nbsp;<br \/>Coup d&rsquo;Etat du g\u00e9n\u00e9ral <a href=\"https:\/\/www.abc-latina.com\/personnalites\/efrain_rios_montt\" target=\"_blank\">Rios Montt<\/a>.<\/li>\n<li><strong><span style=\"color: rgb(255, 153, 0);\">1986<\/span><\/strong>&nbsp;<br \/>Election de Vinicio Cerezo, pr\u00e9sident civil.<\/li>\n<li><span style=\"color: rgb(255, 153, 0);\"><strong>1992&nbsp;<\/strong><\/span><br \/><a href=\"https:\/\/www.abc-latina.com\/personnalites\/rigoberta_menchu\" target=\"_blank\">Rigoberta Menchu<\/a> re\u00e7oit le prix Nobel de la paix.<\/li>\n<li><strong><span style=\"color: rgb(255, 153, 0);\">1996<\/span><\/strong>&nbsp;<br \/><a href=\"https:\/\/www.abc-latina.com\/personnalites\/alvaro_arzu\" target=\"_blank\">Alvaro Arzu<\/a> est \u00e9lu pr\u00e9sident de la r\u00e9publique guat\u00e9malt\u00e8que.&nbsp;<\/li>\n<li><strong><span style=\"color: rgb(255, 153, 0);\">29 d\u00e9cembre 1996&nbsp;<\/span><\/strong><br \/>Signature du trait\u00e9 de paix entre le gouvernement et la gu\u00e9rilla.<\/li>\n<li><span style=\"color: rgb(255, 153, 0);\"><strong>2000 <\/strong><\/span><br \/>Election \u00e0 la t\u00eate de l&rsquo;Etat de <a href=\"https:\/\/www.abc-latina.com\/personnalites\/alfonso_portillo\" target=\"_blank\">Alfonso Portillo<\/a>.<\/li>\n<\/ul>\n<\/li>\n<\/ul>\n","protected":false},"excerpt":{"rendered":"<p>Les principales dates de l&rsquo;histoire du Guatemala &nbsp;&nbsp; 1524&nbsp;Conqu\u00eate de Pedro de Alvarado 1527&nbsp;Fondation de la capitale Santiago (Antigua) 1541Cr\u00e9ation [&hellip;]<\/p>\n","protected":false},"author":3,"featured_media":0,"parent":2305,"menu_order":0,"comment_status":"closed","ping_status":"closed","template":"","meta":{"site-sidebar-layout":"default","site-content-layout":"","ast-site-content-layout":"default","site-content-style":"default","site-sidebar-style":"default","ast-global-header-display":"","ast-banner-title-visibility":"","ast-main-header-display":"","ast-hfb-above-header-display":"","ast-hfb-below-header-display":"","ast-hfb-mobile-header-display":"","site-post-title":"","ast-breadcrumbs-content":"","ast-featured-img":"","footer-sml-layout":"","ast-disable-related-posts":"","theme-transparent-header-meta":"","adv-header-id-meta":"","stick-header-meta":"","header-above-stick-meta":"","header-main-stick-meta":"","header-below-stick-meta":"","astra-migrate-meta-layouts":"default","ast-page-background-enabled":"default","ast-page-background-meta":{"desktop":{"background-color":"var(--ast-global-color-5)","background-image":"","background-repeat":"repeat","background-position":"center center","background-size":"auto","background-attachment":"scroll","background-type":"","background-media":"","overlay-type":"","overlay-color":"","overlay-opacity":"","overlay-gradient":""},"tablet":{"background-color":"","background-image":"","background-repeat":"repeat","background-position":"center center","background-size":"auto","background-attachment":"scroll","background-type":"","background-media":"","overlay-type":"","overlay-color":"","overlay-opacity":"","overlay-gradient":""},"mobile":{"background-color":"","background-image":"","background-repeat":"repeat","background-position":"center center","background-size":"auto","background-attachment":"scroll","background-type":"","background-media":"","overlay-type":"","overlay-color":"","overlay-opacity":"","overlay-gradient":""}},"ast-content-background-meta":{"desktop":{"background-color":"var(--ast-global-color-4)","background-image":"","background-repeat":"repeat","background-position":"center center","background-size":"auto","background-attachment":"scroll","background-type":"","background-media":"","overlay-type":"","overlay-color":"","overlay-opacity":"","overlay-gradient":""},"tablet":{"background-color":"var(--ast-global-color-4)","background-image":"","background-repeat":"repeat","background-position":"center center","background-size":"auto","background-attachment":"scroll","background-type":"","background-media":"","overlay-type":"","overlay-color":"","overlay-opacity":"","overlay-gradient":""},"mobile":{"background-color":"var(--ast-global-color-4)","background-image":"","background-repeat":"repeat","background-position":"center center","background-size":"auto","background-attachment":"scroll","background-type":"","background-media":"","overlay-type":"","overlay-color":"","overlay-opacity":"","overlay-gradient":""}},"footnotes":""},"class_list":["post-1401","page","type-page","status-publish","hentry"],"yoast_head":"<!-- This site is optimized with the Yoast SEO plugin v27.5 - https:\/\/yoast.com\/product\/yoast-seo-wordpress\/ -->\n<title>HISTOIRE - GUATEMALA - Abc-latina<\/title>\n<meta name=\"description\" content=\"Les principales dates historiques du Guatemala. L&#039;histoire guatemalteque.\" \/>\n<meta name=\"robots\" content=\"index, follow, max-snippet:-1, max-image-preview:large, max-video-preview:-1\" \/>\n<link rel=\"canonical\" href=\"https:\/\/abc-latina.com\/guatemala\/histoire\/\" \/>\n<meta property=\"og:locale\" content=\"fr_FR\" \/>\n<meta property=\"og:type\" content=\"article\" \/>\n<meta property=\"og:title\" content=\"HISTOIRE - GUATEMALA - Abc-latina\" \/>\n<meta property=\"og:description\" content=\"Les principales dates historiques du Guatemala. L&#039;histoire guatemalteque.\" \/>\n<meta property=\"og:url\" content=\"https:\/\/abc-latina.com\/guatemala\/histoire\/\" \/>\n<meta property=\"og:site_name\" content=\"Abc-latina\" \/>\n<meta property=\"article:modified_time\" content=\"2026-04-30T16:25:05+00:00\" \/>\n<meta name=\"twitter:card\" content=\"summary_large_image\" \/>\n<meta name=\"twitter:label1\" content=\"Dur\u00e9e de lecture estim\u00e9e\" \/>\n\t<meta name=\"twitter:data1\" content=\"1 minute\" \/>\n<script type=\"application\/ld+json\" class=\"yoast-schema-graph\">{\"@context\":\"https:\\\/\\\/schema.org\",\"@graph\":[{\"@type\":\"WebPage\",\"@id\":\"https:\\\/\\\/abc-latina.com\\\/guatemala\\\/histoire\\\/\",\"url\":\"https:\\\/\\\/abc-latina.com\\\/guatemala\\\/histoire\\\/\",\"name\":\"HISTOIRE - GUATEMALA - Abc-latina\",\"isPartOf\":{\"@id\":\"https:\\\/\\\/abc-latina.com\\\/#website\"},\"datePublished\":\"2010-07-16T23:37:26+00:00\",\"dateModified\":\"2026-04-30T16:25:05+00:00\",\"description\":\"Les principales dates historiques du Guatemala. L'histoire guatemalteque.\",\"breadcrumb\":{\"@id\":\"https:\\\/\\\/abc-latina.com\\\/guatemala\\\/histoire\\\/#breadcrumb\"},\"inLanguage\":\"fr-FR\",\"potentialAction\":[{\"@type\":\"ReadAction\",\"target\":[\"https:\\\/\\\/abc-latina.com\\\/guatemala\\\/histoire\\\/\"]}]},{\"@type\":\"BreadcrumbList\",\"@id\":\"https:\\\/\\\/abc-latina.com\\\/guatemala\\\/histoire\\\/#breadcrumb\",\"itemListElement\":[{\"@type\":\"ListItem\",\"position\":1,\"name\":\"Accueil\",\"item\":\"https:\\\/\\\/abc-latina.com\\\/\"},{\"@type\":\"ListItem\",\"position\":2,\"name\":\"HISTOIRE &#8211; GUATEMALA\"}]},{\"@type\":\"WebSite\",\"@id\":\"https:\\\/\\\/abc-latina.com\\\/#website\",\"url\":\"https:\\\/\\\/abc-latina.com\\\/\",\"name\":\"Abc-latina\",\"description\":\"\",\"publisher\":{\"@id\":\"https:\\\/\\\/abc-latina.com\\\/#organization\"},\"potentialAction\":[{\"@type\":\"SearchAction\",\"target\":{\"@type\":\"EntryPoint\",\"urlTemplate\":\"https:\\\/\\\/abc-latina.com\\\/?s={search_term_string}\"},\"query-input\":{\"@type\":\"PropertyValueSpecification\",\"valueRequired\":true,\"valueName\":\"search_term_string\"}}],\"inLanguage\":\"fr-FR\"},{\"@type\":\"Organization\",\"@id\":\"https:\\\/\\\/abc-latina.com\\\/#organization\",\"name\":\"Abc-latina\",\"url\":\"https:\\\/\\\/abc-latina.com\\\/\",\"logo\":{\"@type\":\"ImageObject\",\"inLanguage\":\"fr-FR\",\"@id\":\"https:\\\/\\\/abc-latina.com\\\/#\\\/schema\\\/logo\\\/image\\\/\",\"url\":\"https:\\\/\\\/abc-latina.com\\\/wp-content\\\/uploads\\\/2026\\\/05\\\/cropped-logo.gif\",\"contentUrl\":\"https:\\\/\\\/abc-latina.com\\\/wp-content\\\/uploads\\\/2026\\\/05\\\/cropped-logo.gif\",\"width\":89,\"height\":84,\"caption\":\"Abc-latina\"},\"image\":{\"@id\":\"https:\\\/\\\/abc-latina.com\\\/#\\\/schema\\\/logo\\\/image\\\/\"}}]}<\/script>\n<!-- \/ Yoast SEO plugin. -->","yoast_head_json":{"title":"HISTOIRE - GUATEMALA - Abc-latina","description":"Les principales dates historiques du Guatemala. L'histoire guatemalteque.","robots":{"index":"index","follow":"follow","max-snippet":"max-snippet:-1","max-image-preview":"max-image-preview:large","max-video-preview":"max-video-preview:-1"},"canonical":"https:\/\/abc-latina.com\/guatemala\/histoire\/","og_locale":"fr_FR","og_type":"article","og_title":"HISTOIRE - GUATEMALA - Abc-latina","og_description":"Les principales dates historiques du Guatemala. L'histoire guatemalteque.","og_url":"https:\/\/abc-latina.com\/guatemala\/histoire\/","og_site_name":"Abc-latina","article_modified_time":"2026-04-30T16:25:05+00:00","twitter_card":"summary_large_image","twitter_misc":{"Dur\u00e9e de lecture estim\u00e9e":"1 minute"},"schema":{"@context":"https:\/\/schema.org","@graph":[{"@type":"WebPage","@id":"https:\/\/abc-latina.com\/guatemala\/histoire\/","url":"https:\/\/abc-latina.com\/guatemala\/histoire\/","name":"HISTOIRE - GUATEMALA - Abc-latina","isPartOf":{"@id":"https:\/\/abc-latina.com\/#website"},"datePublished":"2010-07-16T23:37:26+00:00","dateModified":"2026-04-30T16:25:05+00:00","description":"Les principales dates historiques du Guatemala. L'histoire guatemalteque.","breadcrumb":{"@id":"https:\/\/abc-latina.com\/guatemala\/histoire\/#breadcrumb"},"inLanguage":"fr-FR","potentialAction":[{"@type":"ReadAction","target":["https:\/\/abc-latina.com\/guatemala\/histoire\/"]}]},{"@type":"BreadcrumbList","@id":"https:\/\/abc-latina.com\/guatemala\/histoire\/#breadcrumb","itemListElement":[{"@type":"ListItem","position":1,"name":"Accueil","item":"https:\/\/abc-latina.com\/"},{"@type":"ListItem","position":2,"name":"HISTOIRE &#8211; GUATEMALA"}]},{"@type":"WebSite","@id":"https:\/\/abc-latina.com\/#website","url":"https:\/\/abc-latina.com\/","name":"Abc-latina","description":"","publisher":{"@id":"https:\/\/abc-latina.com\/#organization"},"potentialAction":[{"@type":"SearchAction","target":{"@type":"EntryPoint","urlTemplate":"https:\/\/abc-latina.com\/?s={search_term_string}"},"query-input":{"@type":"PropertyValueSpecification","valueRequired":true,"valueName":"search_term_string"}}],"inLanguage":"fr-FR"},{"@type":"Organization","@id":"https:\/\/abc-latina.com\/#organization","name":"Abc-latina","url":"https:\/\/abc-latina.com\/","logo":{"@type":"ImageObject","inLanguage":"fr-FR","@id":"https:\/\/abc-latina.com\/#\/schema\/logo\/image\/","url":"https:\/\/abc-latina.com\/wp-content\/uploads\/2026\/05\/cropped-logo.gif","contentUrl":"https:\/\/abc-latina.com\/wp-content\/uploads\/2026\/05\/cropped-logo.gif","width":89,"height":84,"caption":"Abc-latina"},"image":{"@id":"https:\/\/abc-latina.com\/#\/schema\/logo\/image\/"}}]}},"_links":{"self":[{"href":"https:\/\/abc-latina.com\/wp-json\/wp\/v2\/pages\/1401","targetHints":{"allow":["GET"]}}],"collection":[{"href":"https:\/\/abc-latina.com\/wp-json\/wp\/v2\/pages"}],"about":[{"href":"https:\/\/abc-latina.com\/wp-json\/wp\/v2\/types\/page"}],"author":[{"embeddable":true,"href":"https:\/\/abc-latina.com\/wp-json\/wp\/v2\/users\/3"}],"replies":[{"embeddable":true,"href":"https:\/\/abc-latina.com\/wp-json\/wp\/v2\/comments?post=1401"}],"version-history":[{"count":1,"href":"https:\/\/abc-latina.com\/wp-json\/wp\/v2\/pages\/1401\/revisions"}],"predecessor-version":[{"id":3473,"href":"https:\/\/abc-latina.com\/wp-json\/wp\/v2\/pages\/1401\/revisions\/3473"}],"up":[{"embeddable":true,"href":"https:\/\/abc-latina.com\/wp-json\/wp\/v2\/pages\/2305"}],"wp:attachment":[{"href":"https:\/\/abc-latina.com\/wp-json\/wp\/v2\/media?parent=1401"}],"curies":[{"name":"wp","href":"https:\/\/api.w.org\/{rel}","templated":true}]}}