{"id":1407,"date":"2010-07-17T01:46:31","date_gmt":"2010-07-16T23:46:31","guid":{"rendered":"http:\/\/abc-latina.com\/photos-htm-11\/"},"modified":"2026-04-30T18:25:05","modified_gmt":"2026-04-30T16:25:05","slug":"photos","status":"publish","type":"page","link":"https:\/\/abc-latina.com\/guatemala\/photos\/","title":{"rendered":"PHOTOS &#8211; GUATEMALA"},"content":{"rendered":"<table width=\"592\" cellspacing=\"0\" align=\"center\">\n<tbody>\n<tr>\n<td width=\"43%\" valign=\"center\" height=\"30\" align=\"right\">\n<table width=\"230\" cellspacing=\"1\" bgcolor=\"#333333\">\n<tbody>\n<tr>\n<td bgcolor=\"#ffffff\">\n<div align=\"right\"><font size=\"2\" face=\"Arial\" color=\"#0000cc\"><b><font face=\"Verdana, Arial, Helvetica, sans-serif\" color=\"#333333\">Antigua<\/font><\/b><\/font><\/div>\n<\/td>\n<\/tr>\n<\/tbody>\n<\/table>\n<\/td>\n<td width=\"14%\" valign=\"center\" height=\"30\" align=\"center\">\n<table width=\"20\" cellspacing=\"1\" bgcolor=\"#666666\" align=\"center\">\n<tbody>\n<tr>\n<td bgcolor=\"#ffffff\">\n<div align=\"center\"><a style=\"text-decoration: none\" href=\"https:\/\/www.abc-latina.com\/guatemala\/photos\/photos_antigua\"><img loading=\"lazy\" decoding=\"async\" class=\" size-full wp-image-1404\" src=\"http:\/\/abc-latina.com\/wp-content\/uploads\/2010\/07\/antigua.jpg\" alt=\"\" width=\"80\" height=\"80\" border=\"0\" \/><\/a><\/div>\n<\/td>\n<\/tr>\n<\/tbody>\n<\/table>\n<\/td>\n<td width=\"43%\" valign=\"center\" height=\"30\" align=\"left\">&nbsp;<\/td>\n<\/tr>\n<tr valign=\"top\">\n<td width=\"43%\" valign=\"center\" align=\"right\">&nbsp;<\/td>\n<td width=\"14%\" valign=\"center\" align=\"center\">\n<table width=\"20\" cellspacing=\"1\" bgcolor=\"#666666\" align=\"center\">\n<tbody>\n<tr>\n<td bgcolor=\"#ffffff\">\n<div align=\"center\"><a style=\"text-decoration: none\" href=\"https:\/\/www.abc-latina.com\/guatemala\/photos\/photos_tikal\"><img loading=\"lazy\" decoding=\"async\" class=\" size-full wp-image-1405\" src=\"http:\/\/abc-latina.com\/wp-content\/uploads\/2010\/07\/tikal.jpg\" alt=\"\" width=\"80\" height=\"80\" border=\"0\" \/><\/a><\/div>\n<\/td>\n<\/tr>\n<\/tbody>\n<\/table>\n<\/td>\n<td width=\"43%\" valign=\"center\" align=\"left\">\n<table width=\"230\" cellspacing=\"1\" bgcolor=\"#333333\">\n<tbody>\n<tr>\n<td bgcolor=\"#ffffff\"><font size=\"2\" face=\"Arial, Helvetica, sans-serif\" color=\"#333333\"><b><font face=\"Verdana, Arial, Helvetica, sans-serif\">Tikal<\/font><\/b><\/font><\/td>\n<\/tr>\n<\/tbody>\n<\/table>\n<\/td>\n<\/tr>\n<tr valign=\"top\">\n<td width=\"43%\" valign=\"center\" align=\"right\">\n<table width=\"230\" cellspacing=\"1\" bgcolor=\"#333333\">\n<tbody>\n<tr>\n<td bgcolor=\"#ffffff\">\n<div align=\"right\"><font size=\"2\" face=\"Arial, Helvetica, sans-serif\" color=\"#333333\"><b><font face=\"Verdana, Arial, Helvetica, sans-serif\">Chichicastenango<\/font><\/b><\/font><\/div>\n<\/td>\n<\/tr>\n<\/tbody>\n<\/table>\n<\/td>\n<td width=\"14%\" valign=\"center\" align=\"center\">\n<table width=\"20\" cellspacing=\"1\" bgcolor=\"#666666\" align=\"center\">\n<tbody>\n<tr>\n<td bgcolor=\"#ffffff\">\n<div align=\"center\"><a style=\"text-decoration: none\" href=\"https:\/\/www.abc-latina.com\/guatemala\/photos\/photos_chichicastenango\"><img loading=\"lazy\" decoding=\"async\" class=\" size-full wp-image-1117\" src=\"http:\/\/abc-latina.com\/wp-content\/uploads\/2010\/06\/chichicastenango.jpg\" alt=\"\" width=\"80\" height=\"79\" border=\"0\" \/><\/a><\/div>\n<\/td>\n<\/tr>\n<\/tbody>\n<\/table>\n<\/td>\n<td width=\"43%\" valign=\"center\" align=\"left\">&nbsp;<\/td>\n<\/tr>\n<tr valign=\"top\">\n<td width=\"43%\" valign=\"center\" align=\"right\">&nbsp;<\/td>\n<td width=\"14%\" valign=\"center\" align=\"center\">\n<table width=\"20\" cellspacing=\"1\" bgcolor=\"#666666\" align=\"center\">\n<tbody>\n<tr>\n<td bgcolor=\"#ffffff\">\n<div align=\"center\"><a style=\"text-decoration: none\" href=\"https:\/\/www.abc-latina.com\/guatemala\/photos\/photos_peuple_guatemalteque\"><img loading=\"lazy\" decoding=\"async\" class=\" size-full wp-image-1372\" src=\"http:\/\/abc-latina.com\/wp-content\/uploads\/2010\/07\/peuple.jpg\" alt=\"\" width=\"80\" height=\"80\" border=\"0\" \/><\/a><\/div>\n<\/td>\n<\/tr>\n<\/tbody>\n<\/table>\n<\/td>\n<td width=\"43%\" valign=\"center\" align=\"left\">\n<table width=\"233\" cellspacing=\"1\" bgcolor=\"#333333\">\n<tbody>\n<tr>\n<td bgcolor=\"#ffffff\"><font size=\"2\" face=\"Arial\" color=\"#0000cc\"><b><font face=\"Verdana, Arial, Helvetica, sans-serif\" color=\"#333333\">Le peuple guatemalt\u00e8que<\/font><\/b><\/font><\/td>\n<\/tr>\n<\/tbody>\n<\/table>\n<\/td>\n<\/tr>\n<tr valign=\"top\">\n<td width=\"43%\" valign=\"center\" align=\"right\">\n<table width=\"230\" cellspacing=\"1\" bgcolor=\"#333333\">\n<tbody>\n<tr>\n<td bgcolor=\"#ffffff\">\n<div align=\"right\"><font size=\"2\" face=\"Arial, Helvetica, sans-serif\" color=\"#333333\"><b><font face=\"Verdana, Arial, Helvetica, sans-serif\">Lac Atitlan<\/font><\/b><\/font><\/div>\n<\/td>\n<\/tr>\n<\/tbody>\n<\/table>\n<\/td>\n<td width=\"14%\" valign=\"center\" align=\"center\">\n<table width=\"20\" cellspacing=\"1\" bgcolor=\"#666666\" align=\"center\">\n<tbody>\n<tr>\n<td bgcolor=\"#ffffff\">\n<div align=\"center\"><a style=\"text-decoration: none\" href=\"https:\/\/www.abc-latina.com\/guatemala\/photos\/photos_lac_atitlan\"><img loading=\"lazy\" decoding=\"async\" class=\" size-full wp-image-1406\" src=\"http:\/\/abc-latina.com\/wp-content\/uploads\/2010\/07\/atitlan.jpg\" alt=\"\" width=\"80\" height=\"80\" border=\"0\" \/><\/a><\/div>\n<\/td>\n<\/tr>\n<\/tbody>\n<\/table>\n<\/td>\n<td width=\"43%\" valign=\"center\" align=\"left\">&nbsp;<\/td>\n<\/tr>\n<tr valign=\"top\">\n<td width=\"43%\" valign=\"center\" height=\"2\" align=\"right\">\n<div align=\"left\">&nbsp;<\/div>\n<\/td>\n<td width=\"14%\" valign=\"center\" height=\"2\" align=\"center\">\n<table width=\"20\" cellspacing=\"1\" bgcolor=\"#666666\" align=\"center\">\n<tbody>\n<tr>\n<td bgcolor=\"#ffffff\">\n<div align=\"center\"><a style=\"text-decoration: none\" target=\"_blank\" href=\"https:\/\/www.abc-latina.com\/amerique_latine\/photos\"><img loading=\"lazy\" decoding=\"async\" class=\" size-full wp-image-111\" src=\"http:\/\/abc-latina.com\/wp-content\/uploads\/2010\/06\/toutes.jpg\" alt=\"\" width=\"80\" height=\"79\" border=\"0\" \/><\/a><\/div>\n<\/td>\n<\/tr>\n<\/tbody>\n<\/table>\n<\/td>\n<td width=\"43%\" valign=\"center\" height=\"2\" align=\"left\">\n<table width=\"233\" cellspacing=\"1\" bgcolor=\"#333333\">\n<tbody>\n<tr>\n<td bgcolor=\"#ffffff\">\n<p><font size=\"2\" face=\"Arial\" color=\"#0000cc\"><b><font face=\"Verdana, Arial, Helvetica, sans-serif\" color=\"#ff8000\">Am\u00e9rique latine<\/font><\/b><\/font><\/p>\n<\/td>\n<\/tr>\n<\/tbody>\n<\/table>\n<\/td>\n<\/tr>\n<\/tbody>\n<\/table>\n<p>&nbsp;<\/p>\n<div><span class=\"tourisme-chapitre\">L&rsquo;Am\u00e9rique latine en photos<\/span><\/div>\n<div style=\"text-align: justify; \"><span style=\"font-size: smaller; \"><span style=\"font-family: Arial; \">&nbsp;<a target=\"_blank\" href=\"https:\/\/www.abc-latina.com\/argentine\/photos\">ARGENTINE<\/a><\/span><\/span><span style=\"font-size: smaller; \"><span style=\"font-family: Arial; \">&nbsp; <\/span><\/span><a target=\"_blank\" href=\"https:\/\/www.abc-latina.com\/belize\/photos\"><span style=\"font-size: smaller; \"><span style=\"font-family: Arial; \">BELIZE<\/span><\/span><\/a><span style=\"font-size: smaller; \"><span style=\"font-family: Arial; \"> &nbsp;<\/span><\/span><a target=\"_blank\" href=\"https:\/\/www.abc-latina.com\/bolivie\/photos\"><span style=\"font-size: smaller; \"><span style=\"font-family: Arial; \">BOLIVIE<\/span><\/span><\/a><span style=\"font-size: smaller; \"><span style=\"font-family: Arial; \"> &nbsp;<\/span><\/span><a target=\"_blank\" href=\"https:\/\/www.abc-latina.com\/bresil\/photos\"><span style=\"font-size: smaller; \"><span style=\"font-family: Arial; \">BRESIL<\/span><\/span><\/a><span style=\"font-size: smaller; \"><span style=\"font-family: Arial; \"> &nbsp;<\/span><\/span><a target=\"_blank\" href=\"https:\/\/www.abc-latina.com\/chili\/photos\"><span style=\"font-size: smaller; \"><span style=\"font-family: Arial; \">CHILI<\/span><\/span><\/a><span style=\"font-size: smaller; \"><span style=\"font-family: Arial; \"> &nbsp;<\/span><\/span><a target=\"_blank\" href=\"https:\/\/www.abc-latina.com\/colombie\/photos\"><span style=\"font-size: smaller; \"><span style=\"font-family: Arial; \">COLOMBIE<\/span><\/span><\/a><span style=\"font-size: smaller; \"><span style=\"font-family: Arial; \"> &nbsp;<\/span><\/span><a target=\"_blank\" href=\"https:\/\/www.abc-latina.com\/costarica\/photos\"><span style=\"font-size: smaller; \"><span style=\"font-family: Arial; \">COSTA-RICA<\/span><\/span><\/a><span style=\"font-size: smaller; \"><span style=\"font-family: Arial; \"> &nbsp;<\/span><\/span><a target=\"_blank\" href=\"https:\/\/www.abc-latina.com\/cuba\/photos\"><span style=\"font-size: smaller; \"><span style=\"font-family: Arial; \">CUBA<\/span><\/span><\/a><span style=\"font-size: smaller; \"><span style=\"font-family: Arial; \"> &nbsp;<\/span><\/span><a target=\"_blank\" href=\"https:\/\/www.abc-latina.com\/salvador\/photos\"><span style=\"font-size: smaller; \"><span style=\"font-family: Arial; \">EL SALVADOR<\/span><\/span><\/a><span style=\"font-size: smaller; \"><span style=\"font-family: Arial; \"> &nbsp;<\/span><\/span><a target=\"_blank\" href=\"https:\/\/www.abc-latina.com\/equateur\/photos\"><span style=\"font-size: smaller; \"><span style=\"font-family: Arial; \">EQUATEUR<\/span><\/span><\/a><span style=\"font-size: smaller; \"><span style=\"font-family: Arial; \"> &nbsp;<\/span><\/span><a target=\"_blank\" href=\"https:\/\/www.abc-latina.com\/honduras\/photos\"><span style=\"font-size: smaller; \"><span style=\"font-family: Arial; \">HONDURAS<\/span><\/span><\/a><span style=\"font-size: smaller; \"><span style=\"font-family: Arial; \"> &nbsp;<\/span><\/span><a target=\"_blank\" href=\"https:\/\/www.abc-latina.com\/mexique\/photos\"><span style=\"font-size: smaller; \"><span style=\"font-family: Arial; \">MEXIQUE<\/span><\/span><\/a><span style=\"font-size: smaller; \"><span style=\"font-family: Arial; \"> &nbsp;<\/span><\/span><a target=\"_blank\" href=\"https:\/\/www.abc-latina.com\/nicaragua\/photos\"><span style=\"font-size: smaller; \"><span style=\"font-family: Arial; \">NICARAGUA<\/span><\/span><\/a><span style=\"font-size: smaller; \"><span style=\"font-family: Arial; \"> &nbsp;<\/span><\/span><a target=\"_blank\" href=\"https:\/\/www.abc-latina.com\/panama\/photos\"><span style=\"font-size: smaller; \"><span style=\"font-family: Arial; \">PANAMA<\/span><\/span><\/a><span style=\"font-size: smaller; \"><span style=\"font-family: Arial; \"> &nbsp;<\/span><\/span><a target=\"_blank\" href=\"https:\/\/www.abc-latina.com\/paraguay\/photos\"><span style=\"font-size: smaller; \"><span style=\"font-family: Arial; \">PARAGUAY<\/span><\/span><\/a><span style=\"font-size: smaller; \"><span style=\"font-family: Arial; \"> &nbsp;<\/span><\/span><a target=\"_blank\" href=\"https:\/\/www.abc-latina.com\/perou\/photos\"><span style=\"font-size: smaller; \"><span style=\"font-family: Arial; \">PEROU<\/span><\/span><\/a><span style=\"font-size: smaller; \"><span style=\"font-family: Arial; \"> &nbsp;<\/span><\/span><a target=\"_blank\" href=\"https:\/\/www.abc-latina.com\/uruguay\/photos\"><span style=\"font-size: smaller; \"><span style=\"font-family: Arial; \">URUGUAY<\/span><\/span><\/a><span style=\"font-size: smaller; \"><span style=\"font-family: Arial; \"> &nbsp;<\/span><\/span><a target=\"_blank\" href=\"https:\/\/www.abc-latina.com\/venezuela\/photos\"><span style=\"font-size: smaller; \"><span style=\"font-family: Arial; \">VENEZUELA<\/span><\/span><\/a><span style=\"font-size: smaller; \"><span style=\"font-family: Arial; \">&nbsp;<\/span><\/span><\/div>\n<p>&nbsp;<a target=\"_blank\" href=\"http:\/\/voyage.abc-latina.com\/voyage_guatemala\/guatemala.php\"><span class=\"sejour-circuit\"><br \/><\/span><\/a><\/p>\n","protected":false},"excerpt":{"rendered":"<p>Antigua &nbsp; &nbsp; Tikal Chichicastenango &nbsp; &nbsp; Le peuple guatemalt\u00e8que Lac Atitlan &nbsp; &nbsp; Am\u00e9rique latine &nbsp; L&rsquo;Am\u00e9rique latine en [&hellip;]<\/p>\n","protected":false},"author":3,"featured_media":1404,"parent":2305,"menu_order":0,"comment_status":"closed","ping_status":"closed","template":"","meta":{"site-sidebar-layout":"default","site-content-layout":"","ast-site-content-layout":"default","site-content-style":"default","site-sidebar-style":"default","ast-global-header-display":"","ast-banner-title-visibility":"","ast-main-header-display":"","ast-hfb-above-header-display":"","ast-hfb-below-header-display":"","ast-hfb-mobile-header-display":"","site-post-title":"","ast-breadcrumbs-content":"","ast-featured-img":"","footer-sml-layout":"","ast-disable-related-posts":"","theme-transparent-header-meta":"","adv-header-id-meta":"","stick-header-meta":"","header-above-stick-meta":"","header-main-stick-meta":"","header-below-stick-meta":"","astra-migrate-meta-layouts":"default","ast-page-background-enabled":"default","ast-page-background-meta":{"desktop":{"background-color":"var(--ast-global-color-5)","background-image":"","background-repeat":"repeat","background-position":"center center","background-size":"auto","background-attachment":"scroll","background-type":"","background-media":"","overlay-type":"","overlay-color":"","overlay-opacity":"","overlay-gradient":""},"tablet":{"background-color":"","background-image":"","background-repeat":"repeat","background-position":"center center","background-size":"auto","background-attachment":"scroll","background-type":"","background-media":"","overlay-type":"","overlay-color":"","overlay-opacity":"","overlay-gradient":""},"mobile":{"background-color":"","background-image":"","background-repeat":"repeat","background-position":"center center","background-size":"auto","background-attachment":"scroll","background-type":"","background-media":"","overlay-type":"","overlay-color":"","overlay-opacity":"","overlay-gradient":""}},"ast-content-background-meta":{"desktop":{"background-color":"var(--ast-global-color-4)","background-image":"","background-repeat":"repeat","background-position":"center center","background-size":"auto","background-attachment":"scroll","background-type":"","background-media":"","overlay-type":"","overlay-color":"","overlay-opacity":"","overlay-gradient":""},"tablet":{"background-color":"var(--ast-global-color-4)","background-image":"","background-repeat":"repeat","background-position":"center center","background-size":"auto","background-attachment":"scroll","background-type":"","background-media":"","overlay-type":"","overlay-color":"","overlay-opacity":"","overlay-gradient":""},"mobile":{"background-color":"var(--ast-global-color-4)","background-image":"","background-repeat":"repeat","background-position":"center center","background-size":"auto","background-attachment":"scroll","background-type":"","background-media":"","overlay-type":"","overlay-color":"","overlay-opacity":"","overlay-gradient":""}},"footnotes":""},"class_list":["post-1407","page","type-page","status-publish","has-post-thumbnail","hentry"],"yoast_head":"<!-- This site is optimized with the Yoast SEO plugin v27.5 - https:\/\/yoast.com\/product\/yoast-seo-wordpress\/ -->\n<title>PHOTOS - GUATEMALA - Abc-latina<\/title>\n<meta name=\"description\" content=\"Photos du Guatemala. Images et photographies du Guatemala.\" \/>\n<meta name=\"robots\" content=\"index, follow, max-snippet:-1, max-image-preview:large, max-video-preview:-1\" \/>\n<link rel=\"canonical\" href=\"https:\/\/abc-latina.com\/guatemala\/photos\/\" \/>\n<meta property=\"og:locale\" content=\"fr_FR\" \/>\n<meta property=\"og:type\" content=\"article\" \/>\n<meta property=\"og:title\" content=\"PHOTOS - GUATEMALA - Abc-latina\" \/>\n<meta property=\"og:description\" content=\"Photos du Guatemala. Images et photographies du Guatemala.\" \/>\n<meta property=\"og:url\" content=\"https:\/\/abc-latina.com\/guatemala\/photos\/\" \/>\n<meta property=\"og:site_name\" content=\"Abc-latina\" \/>\n<meta property=\"article:modified_time\" content=\"2026-04-30T16:25:05+00:00\" \/>\n<meta property=\"og:image\" content=\"https:\/\/abc-latina.com\/wp-content\/uploads\/2010\/07\/antigua.jpg\" \/>\n\t<meta property=\"og:image:width\" content=\"80\" \/>\n\t<meta property=\"og:image:height\" content=\"80\" \/>\n\t<meta property=\"og:image:type\" content=\"image\/jpeg\" \/>\n<meta name=\"twitter:card\" content=\"summary_large_image\" \/>\n<script type=\"application\/ld+json\" class=\"yoast-schema-graph\">{\"@context\":\"https:\\\/\\\/schema.org\",\"@graph\":[{\"@type\":\"WebPage\",\"@id\":\"https:\\\/\\\/abc-latina.com\\\/guatemala\\\/photos\\\/\",\"url\":\"https:\\\/\\\/abc-latina.com\\\/guatemala\\\/photos\\\/\",\"name\":\"PHOTOS - GUATEMALA - Abc-latina\",\"isPartOf\":{\"@id\":\"https:\\\/\\\/abc-latina.com\\\/#website\"},\"primaryImageOfPage\":{\"@id\":\"https:\\\/\\\/abc-latina.com\\\/guatemala\\\/photos\\\/#primaryimage\"},\"image\":{\"@id\":\"https:\\\/\\\/abc-latina.com\\\/guatemala\\\/photos\\\/#primaryimage\"},\"thumbnailUrl\":\"https:\\\/\\\/abc-latina.com\\\/wp-content\\\/uploads\\\/2010\\\/07\\\/antigua.jpg\",\"datePublished\":\"2010-07-16T23:46:31+00:00\",\"dateModified\":\"2026-04-30T16:25:05+00:00\",\"description\":\"Photos du Guatemala. Images et photographies du Guatemala.\",\"breadcrumb\":{\"@id\":\"https:\\\/\\\/abc-latina.com\\\/guatemala\\\/photos\\\/#breadcrumb\"},\"inLanguage\":\"fr-FR\",\"potentialAction\":[{\"@type\":\"ReadAction\",\"target\":[\"https:\\\/\\\/abc-latina.com\\\/guatemala\\\/photos\\\/\"]}]},{\"@type\":\"ImageObject\",\"inLanguage\":\"fr-FR\",\"@id\":\"https:\\\/\\\/abc-latina.com\\\/guatemala\\\/photos\\\/#primaryimage\",\"url\":\"https:\\\/\\\/abc-latina.com\\\/wp-content\\\/uploads\\\/2010\\\/07\\\/antigua.jpg\",\"contentUrl\":\"https:\\\/\\\/abc-latina.com\\\/wp-content\\\/uploads\\\/2010\\\/07\\\/antigua.jpg\",\"width\":80,\"height\":80},{\"@type\":\"BreadcrumbList\",\"@id\":\"https:\\\/\\\/abc-latina.com\\\/guatemala\\\/photos\\\/#breadcrumb\",\"itemListElement\":[{\"@type\":\"ListItem\",\"position\":1,\"name\":\"Accueil\",\"item\":\"https:\\\/\\\/abc-latina.com\\\/\"},{\"@type\":\"ListItem\",\"position\":2,\"name\":\"PHOTOS &#8211; GUATEMALA\"}]},{\"@type\":\"WebSite\",\"@id\":\"https:\\\/\\\/abc-latina.com\\\/#website\",\"url\":\"https:\\\/\\\/abc-latina.com\\\/\",\"name\":\"Abc-latina\",\"description\":\"\",\"publisher\":{\"@id\":\"https:\\\/\\\/abc-latina.com\\\/#organization\"},\"potentialAction\":[{\"@type\":\"SearchAction\",\"target\":{\"@type\":\"EntryPoint\",\"urlTemplate\":\"https:\\\/\\\/abc-latina.com\\\/?s={search_term_string}\"},\"query-input\":{\"@type\":\"PropertyValueSpecification\",\"valueRequired\":true,\"valueName\":\"search_term_string\"}}],\"inLanguage\":\"fr-FR\"},{\"@type\":\"Organization\",\"@id\":\"https:\\\/\\\/abc-latina.com\\\/#organization\",\"name\":\"Abc-latina\",\"url\":\"https:\\\/\\\/abc-latina.com\\\/\",\"logo\":{\"@type\":\"ImageObject\",\"inLanguage\":\"fr-FR\",\"@id\":\"https:\\\/\\\/abc-latina.com\\\/#\\\/schema\\\/logo\\\/image\\\/\",\"url\":\"https:\\\/\\\/abc-latina.com\\\/wp-content\\\/uploads\\\/2026\\\/05\\\/cropped-logo.gif\",\"contentUrl\":\"https:\\\/\\\/abc-latina.com\\\/wp-content\\\/uploads\\\/2026\\\/05\\\/cropped-logo.gif\",\"width\":89,\"height\":84,\"caption\":\"Abc-latina\"},\"image\":{\"@id\":\"https:\\\/\\\/abc-latina.com\\\/#\\\/schema\\\/logo\\\/image\\\/\"}}]}<\/script>\n<!-- \/ Yoast SEO plugin. -->","yoast_head_json":{"title":"PHOTOS - GUATEMALA - Abc-latina","description":"Photos du Guatemala. Images et photographies du Guatemala.","robots":{"index":"index","follow":"follow","max-snippet":"max-snippet:-1","max-image-preview":"max-image-preview:large","max-video-preview":"max-video-preview:-1"},"canonical":"https:\/\/abc-latina.com\/guatemala\/photos\/","og_locale":"fr_FR","og_type":"article","og_title":"PHOTOS - GUATEMALA - Abc-latina","og_description":"Photos du Guatemala. Images et photographies du Guatemala.","og_url":"https:\/\/abc-latina.com\/guatemala\/photos\/","og_site_name":"Abc-latina","article_modified_time":"2026-04-30T16:25:05+00:00","og_image":[{"width":80,"height":80,"url":"https:\/\/abc-latina.com\/wp-content\/uploads\/2010\/07\/antigua.jpg","type":"image\/jpeg"}],"twitter_card":"summary_large_image","schema":{"@context":"https:\/\/schema.org","@graph":[{"@type":"WebPage","@id":"https:\/\/abc-latina.com\/guatemala\/photos\/","url":"https:\/\/abc-latina.com\/guatemala\/photos\/","name":"PHOTOS - GUATEMALA - Abc-latina","isPartOf":{"@id":"https:\/\/abc-latina.com\/#website"},"primaryImageOfPage":{"@id":"https:\/\/abc-latina.com\/guatemala\/photos\/#primaryimage"},"image":{"@id":"https:\/\/abc-latina.com\/guatemala\/photos\/#primaryimage"},"thumbnailUrl":"https:\/\/abc-latina.com\/wp-content\/uploads\/2010\/07\/antigua.jpg","datePublished":"2010-07-16T23:46:31+00:00","dateModified":"2026-04-30T16:25:05+00:00","description":"Photos du Guatemala. Images et photographies du Guatemala.","breadcrumb":{"@id":"https:\/\/abc-latina.com\/guatemala\/photos\/#breadcrumb"},"inLanguage":"fr-FR","potentialAction":[{"@type":"ReadAction","target":["https:\/\/abc-latina.com\/guatemala\/photos\/"]}]},{"@type":"ImageObject","inLanguage":"fr-FR","@id":"https:\/\/abc-latina.com\/guatemala\/photos\/#primaryimage","url":"https:\/\/abc-latina.com\/wp-content\/uploads\/2010\/07\/antigua.jpg","contentUrl":"https:\/\/abc-latina.com\/wp-content\/uploads\/2010\/07\/antigua.jpg","width":80,"height":80},{"@type":"BreadcrumbList","@id":"https:\/\/abc-latina.com\/guatemala\/photos\/#breadcrumb","itemListElement":[{"@type":"ListItem","position":1,"name":"Accueil","item":"https:\/\/abc-latina.com\/"},{"@type":"ListItem","position":2,"name":"PHOTOS &#8211; GUATEMALA"}]},{"@type":"WebSite","@id":"https:\/\/abc-latina.com\/#website","url":"https:\/\/abc-latina.com\/","name":"Abc-latina","description":"","publisher":{"@id":"https:\/\/abc-latina.com\/#organization"},"potentialAction":[{"@type":"SearchAction","target":{"@type":"EntryPoint","urlTemplate":"https:\/\/abc-latina.com\/?s={search_term_string}"},"query-input":{"@type":"PropertyValueSpecification","valueRequired":true,"valueName":"search_term_string"}}],"inLanguage":"fr-FR"},{"@type":"Organization","@id":"https:\/\/abc-latina.com\/#organization","name":"Abc-latina","url":"https:\/\/abc-latina.com\/","logo":{"@type":"ImageObject","inLanguage":"fr-FR","@id":"https:\/\/abc-latina.com\/#\/schema\/logo\/image\/","url":"https:\/\/abc-latina.com\/wp-content\/uploads\/2026\/05\/cropped-logo.gif","contentUrl":"https:\/\/abc-latina.com\/wp-content\/uploads\/2026\/05\/cropped-logo.gif","width":89,"height":84,"caption":"Abc-latina"},"image":{"@id":"https:\/\/abc-latina.com\/#\/schema\/logo\/image\/"}}]}},"_links":{"self":[{"href":"https:\/\/abc-latina.com\/wp-json\/wp\/v2\/pages\/1407","targetHints":{"allow":["GET"]}}],"collection":[{"href":"https:\/\/abc-latina.com\/wp-json\/wp\/v2\/pages"}],"about":[{"href":"https:\/\/abc-latina.com\/wp-json\/wp\/v2\/types\/page"}],"author":[{"embeddable":true,"href":"https:\/\/abc-latina.com\/wp-json\/wp\/v2\/users\/3"}],"replies":[{"embeddable":true,"href":"https:\/\/abc-latina.com\/wp-json\/wp\/v2\/comments?post=1407"}],"version-history":[{"count":1,"href":"https:\/\/abc-latina.com\/wp-json\/wp\/v2\/pages\/1407\/revisions"}],"predecessor-version":[{"id":3478,"href":"https:\/\/abc-latina.com\/wp-json\/wp\/v2\/pages\/1407\/revisions\/3478"}],"up":[{"embeddable":true,"href":"https:\/\/abc-latina.com\/wp-json\/wp\/v2\/pages\/2305"}],"wp:featuredmedia":[{"embeddable":true,"href":"https:\/\/abc-latina.com\/wp-json\/wp\/v2\/media\/1404"}],"wp:attachment":[{"href":"https:\/\/abc-latina.com\/wp-json\/wp\/v2\/media?parent=1407"}],"curies":[{"name":"wp","href":"https:\/\/api.w.org\/{rel}","templated":true}]}}