{"id":1411,"date":"2010-07-17T01:51:09","date_gmt":"2010-07-16T23:51:09","guid":{"rendered":"http:\/\/abc-latina.com\/tourisme-htm-11\/"},"modified":"2026-04-30T18:25:05","modified_gmt":"2026-04-30T16:25:05","slug":"tourisme","status":"publish","type":"page","link":"https:\/\/abc-latina.com\/guatemala\/tourisme\/","title":{"rendered":"TOURISME &#038; VOYAGE au GUATEMALA"},"content":{"rendered":"<div><img loading=\"lazy\" decoding=\"async\" class=\" size-full wp-image-1410\" src=\"http:\/\/abc-latina.com\/wp-content\/uploads\/2010\/07\/021-tourisme-au-guatemala.jpg\" title=\"TOURISME &amp; VOYAGE AU GUATEMALA\" alt=\"TOURISME &amp; VOYAGE AU GUATEMALA\" width=\"480\" height=\"287\" srcset=\"https:\/\/abc-latina.com\/wp-content\/uploads\/2010\/07\/021-tourisme-au-guatemala.jpg 700w, https:\/\/abc-latina.com\/wp-content\/uploads\/2010\/07\/021-tourisme-au-guatemala-300x179.jpg 300w\" sizes=\"auto, (max-width: 480px) 100vw, 480px\" \/><\/div>\n<div>&nbsp;<\/div>\n<div>Les splendeurs de l&rsquo;<a target=\"_blank\" href=\"https:\/\/www.abc-latina.com\/civilisations\/maya\">Empire maya<\/a> ne se sont jamais limit\u00e9es au sud-est du <a target=\"_blank\" href=\"https:\/\/www.abc-latina.com\/mexique\/\">Mexique<\/a>. Une bonne partie de ce qui constitue aujourd&rsquo;hui le Guatemala, ainsi que certaines r\u00e9gions des pays centram\u00e9ricains limitrophes, fut le foyer d&rsquo;une des plus brillantes civilisations que l&rsquo;Am\u00e9rique ait connues.De nos jours, l&rsquo;influence maya reste tr\u00e8s vivante dans l&rsquo;ouest du Guatemala, c&rsquo;est-\u00e0-dire dans toute la zone montagneuse comprise entre la capitale et la fronti\u00e8re du Mexique, o\u00f9 la majorit\u00e9 de la population est d&rsquo;ascendance maya. Splendeur n&rsquo;est pas un mot trop fort pour parler des paysages \u00e9blouissants tant naturels qu&rsquo;humains. En plus des montagnes, vall\u00e9es et lagunes d&rsquo;une rare beaut\u00e9, vous verrez de nombreuses personnes portant des costumes traditionnels tr\u00e8s color\u00e9s qui portent l&rsquo;art du tisserand et du teinturier \u00e0 leur apog\u00e9e. Le rouge et le pourpre sont les couleurs les plus caract\u00e9ristiques des multiples arcs-en-ciel humains que vous verrez dans les rues, les champs et les march\u00e9s publics. Chaque village a sa combinaison particuli\u00e8re de couleurs. Lors de votre passage, vous aurez l&rsquo;occasion,<a target=\"_blank\" href=\"tour_operateur\"><img loading=\"lazy\" decoding=\"async\" class=\" size-full wp-image-41\" src=\"http:\/\/abc-latina.com\/wp-content\/uploads\/2010\/04\/timbre_to.gif\" class=\"touroperateur\" alt=\"\" width=\"125\" height=\"90\" \/><\/a> un peu partout, de vous porter acqu\u00e9reur de quelques exemples de ces tr\u00e8s jolis tissus et v\u00eatements de production artisanale, ainsi que de couvertures en laine, de bijoux, de poteries et d&rsquo;autres articles encore, g\u00e9n\u00e9ralement \u00e0 des prix plus que raisonnables.<\/div>\n<div>&nbsp;<\/div>\n<h3>Les sites guatemalt\u00e8ques class\u00e9s au patrimoine de l&rsquo;UNESCO:<\/h3>\n<div>Parc national de Tikal &#8211; 1979<\/div>\n<div>Antigua Guatemala &#8211; 1979<\/div>\n<div>Parc arch\u00e9ologique et ruines de Quirigua &#8211; 1981<\/div>\n<div>&nbsp;<\/div>\n<div><a href=\"https:\/\/www.abc-latina.com\/guatemala\/distances\">Tableau des distances entre les principales villes<\/a>&nbsp;<a target=\"_blank\" href=\"http:\/\/voyage.abc-latina.com\/voyage_guatemala\/guatemala.php\"><span class=\"sejour-circuit\"><br \/><\/span><\/a><\/div>\n<div>&nbsp;<\/div>\n<h3>Pr\u00e9parez votre voyage au Guatemala:<\/h3>\n<div><a href=\"https:\/\/www.abc-latina.com\/guatemala\/agence_de_voyages\">Agences de voyage g\u00e9n\u00e9ralistes et discounteurs<\/a><\/div>\n<div><a href=\"https:\/\/www.abc-latina.com\/guatemala\/tour_operateur\">Tours Op\u00e9rateurs sp\u00e9cialistes du Guatemala<\/a><\/div>\n<div><a target=\"_blank\" href=\"https:\/\/www.abc-latina.com\/to\/reservation_billet_avion\">R\u00e9servez votre billet d&rsquo;avion<\/a><\/div>\n<div><a href=\"https:\/\/www.abc-latina.com\/guatemala\/hotels\">R\u00e9servez votre h\u00f4tel au Guatemala<\/a>&nbsp;<\/div>\n<div><a target=\"_blank\" href=\"https:\/\/www.abc-latina.com\/to\/location_de_voiture_guatemala\">Location de voiture<\/a><\/div>\n<p>&nbsp;<\/p>\n","protected":false},"excerpt":{"rendered":"<p>&nbsp; Les splendeurs de l&rsquo;Empire maya ne se sont jamais limit\u00e9es au sud-est du Mexique. Une bonne partie de ce [&hellip;]<\/p>\n","protected":false},"author":3,"featured_media":1410,"parent":2305,"menu_order":0,"comment_status":"closed","ping_status":"closed","template":"","meta":{"site-sidebar-layout":"default","site-content-layout":"","ast-site-content-layout":"default","site-content-style":"default","site-sidebar-style":"default","ast-global-header-display":"","ast-banner-title-visibility":"","ast-main-header-display":"","ast-hfb-above-header-display":"","ast-hfb-below-header-display":"","ast-hfb-mobile-header-display":"","site-post-title":"","ast-breadcrumbs-content":"","ast-featured-img":"","footer-sml-layout":"","ast-disable-related-posts":"","theme-transparent-header-meta":"","adv-header-id-meta":"","stick-header-meta":"","header-above-stick-meta":"","header-main-stick-meta":"","header-below-stick-meta":"","astra-migrate-meta-layouts":"default","ast-page-background-enabled":"default","ast-page-background-meta":{"desktop":{"background-color":"var(--ast-global-color-5)","background-image":"","background-repeat":"repeat","background-position":"center center","background-size":"auto","background-attachment":"scroll","background-type":"","background-media":"","overlay-type":"","overlay-color":"","overlay-opacity":"","overlay-gradient":""},"tablet":{"background-color":"","background-image":"","background-repeat":"repeat","background-position":"center center","background-size":"auto","background-attachment":"scroll","background-type":"","background-media":"","overlay-type":"","overlay-color":"","overlay-opacity":"","overlay-gradient":""},"mobile":{"background-color":"","background-image":"","background-repeat":"repeat","background-position":"center center","background-size":"auto","background-attachment":"scroll","background-type":"","background-media":"","overlay-type":"","overlay-color":"","overlay-opacity":"","overlay-gradient":""}},"ast-content-background-meta":{"desktop":{"background-color":"var(--ast-global-color-4)","background-image":"","background-repeat":"repeat","background-position":"center center","background-size":"auto","background-attachment":"scroll","background-type":"","background-media":"","overlay-type":"","overlay-color":"","overlay-opacity":"","overlay-gradient":""},"tablet":{"background-color":"var(--ast-global-color-4)","background-image":"","background-repeat":"repeat","background-position":"center center","background-size":"auto","background-attachment":"scroll","background-type":"","background-media":"","overlay-type":"","overlay-color":"","overlay-opacity":"","overlay-gradient":""},"mobile":{"background-color":"var(--ast-global-color-4)","background-image":"","background-repeat":"repeat","background-position":"center center","background-size":"auto","background-attachment":"scroll","background-type":"","background-media":"","overlay-type":"","overlay-color":"","overlay-opacity":"","overlay-gradient":""}},"footnotes":""},"class_list":["post-1411","page","type-page","status-publish","has-post-thumbnail","hentry"],"yoast_head":"<!-- This site is optimized with the Yoast SEO plugin v27.5 - https:\/\/yoast.com\/product\/yoast-seo-wordpress\/ -->\n<title>TOURISME &amp; VOYAGE au GUATEMALA - Abc-latina<\/title>\n<meta name=\"description\" content=\"Tourisme au Guatemala. Voyage virtuel au Guatemala.\" \/>\n<meta name=\"robots\" content=\"index, follow, max-snippet:-1, max-image-preview:large, max-video-preview:-1\" \/>\n<link rel=\"canonical\" href=\"https:\/\/abc-latina.com\/guatemala\/tourisme\/\" \/>\n<meta property=\"og:locale\" content=\"fr_FR\" \/>\n<meta property=\"og:type\" content=\"article\" \/>\n<meta property=\"og:title\" content=\"TOURISME &amp; VOYAGE au GUATEMALA - Abc-latina\" \/>\n<meta property=\"og:description\" content=\"Tourisme au Guatemala. Voyage virtuel au Guatemala.\" \/>\n<meta property=\"og:url\" content=\"https:\/\/abc-latina.com\/guatemala\/tourisme\/\" \/>\n<meta property=\"og:site_name\" content=\"Abc-latina\" \/>\n<meta property=\"article:modified_time\" content=\"2026-04-30T16:25:05+00:00\" \/>\n<meta property=\"og:image\" content=\"https:\/\/abc-latina.com\/wp-content\/uploads\/2010\/07\/021-tourisme-au-guatemala.jpg\" \/>\n\t<meta property=\"og:image:width\" content=\"700\" \/>\n\t<meta property=\"og:image:height\" content=\"418\" \/>\n\t<meta property=\"og:image:type\" content=\"image\/jpeg\" \/>\n<meta name=\"twitter:card\" content=\"summary_large_image\" \/>\n<meta name=\"twitter:label1\" content=\"Dur\u00e9e de lecture estim\u00e9e\" \/>\n\t<meta name=\"twitter:data1\" content=\"2 minutes\" \/>\n<script type=\"application\/ld+json\" class=\"yoast-schema-graph\">{\"@context\":\"https:\\\/\\\/schema.org\",\"@graph\":[{\"@type\":\"WebPage\",\"@id\":\"https:\\\/\\\/abc-latina.com\\\/guatemala\\\/tourisme\\\/\",\"url\":\"https:\\\/\\\/abc-latina.com\\\/guatemala\\\/tourisme\\\/\",\"name\":\"TOURISME & VOYAGE au GUATEMALA - Abc-latina\",\"isPartOf\":{\"@id\":\"https:\\\/\\\/abc-latina.com\\\/#website\"},\"primaryImageOfPage\":{\"@id\":\"https:\\\/\\\/abc-latina.com\\\/guatemala\\\/tourisme\\\/#primaryimage\"},\"image\":{\"@id\":\"https:\\\/\\\/abc-latina.com\\\/guatemala\\\/tourisme\\\/#primaryimage\"},\"thumbnailUrl\":\"https:\\\/\\\/abc-latina.com\\\/wp-content\\\/uploads\\\/2010\\\/07\\\/021-tourisme-au-guatemala.jpg\",\"datePublished\":\"2010-07-16T23:51:09+00:00\",\"dateModified\":\"2026-04-30T16:25:05+00:00\",\"description\":\"Tourisme au Guatemala. Voyage virtuel au Guatemala.\",\"breadcrumb\":{\"@id\":\"https:\\\/\\\/abc-latina.com\\\/guatemala\\\/tourisme\\\/#breadcrumb\"},\"inLanguage\":\"fr-FR\",\"potentialAction\":[{\"@type\":\"ReadAction\",\"target\":[\"https:\\\/\\\/abc-latina.com\\\/guatemala\\\/tourisme\\\/\"]}]},{\"@type\":\"ImageObject\",\"inLanguage\":\"fr-FR\",\"@id\":\"https:\\\/\\\/abc-latina.com\\\/guatemala\\\/tourisme\\\/#primaryimage\",\"url\":\"https:\\\/\\\/abc-latina.com\\\/wp-content\\\/uploads\\\/2010\\\/07\\\/021-tourisme-au-guatemala.jpg\",\"contentUrl\":\"https:\\\/\\\/abc-latina.com\\\/wp-content\\\/uploads\\\/2010\\\/07\\\/021-tourisme-au-guatemala.jpg\",\"width\":700,\"height\":418,\"caption\":\"TOURISME &amp; VOYAGE AU GUATEMALA\"},{\"@type\":\"BreadcrumbList\",\"@id\":\"https:\\\/\\\/abc-latina.com\\\/guatemala\\\/tourisme\\\/#breadcrumb\",\"itemListElement\":[{\"@type\":\"ListItem\",\"position\":1,\"name\":\"Accueil\",\"item\":\"https:\\\/\\\/abc-latina.com\\\/\"},{\"@type\":\"ListItem\",\"position\":2,\"name\":\"TOURISME &#038; VOYAGE au GUATEMALA\"}]},{\"@type\":\"WebSite\",\"@id\":\"https:\\\/\\\/abc-latina.com\\\/#website\",\"url\":\"https:\\\/\\\/abc-latina.com\\\/\",\"name\":\"Abc-latina\",\"description\":\"\",\"publisher\":{\"@id\":\"https:\\\/\\\/abc-latina.com\\\/#organization\"},\"potentialAction\":[{\"@type\":\"SearchAction\",\"target\":{\"@type\":\"EntryPoint\",\"urlTemplate\":\"https:\\\/\\\/abc-latina.com\\\/?s={search_term_string}\"},\"query-input\":{\"@type\":\"PropertyValueSpecification\",\"valueRequired\":true,\"valueName\":\"search_term_string\"}}],\"inLanguage\":\"fr-FR\"},{\"@type\":\"Organization\",\"@id\":\"https:\\\/\\\/abc-latina.com\\\/#organization\",\"name\":\"Abc-latina\",\"url\":\"https:\\\/\\\/abc-latina.com\\\/\",\"logo\":{\"@type\":\"ImageObject\",\"inLanguage\":\"fr-FR\",\"@id\":\"https:\\\/\\\/abc-latina.com\\\/#\\\/schema\\\/logo\\\/image\\\/\",\"url\":\"https:\\\/\\\/abc-latina.com\\\/wp-content\\\/uploads\\\/2026\\\/05\\\/cropped-logo.gif\",\"contentUrl\":\"https:\\\/\\\/abc-latina.com\\\/wp-content\\\/uploads\\\/2026\\\/05\\\/cropped-logo.gif\",\"width\":89,\"height\":84,\"caption\":\"Abc-latina\"},\"image\":{\"@id\":\"https:\\\/\\\/abc-latina.com\\\/#\\\/schema\\\/logo\\\/image\\\/\"}}]}<\/script>\n<!-- \/ Yoast SEO plugin. -->","yoast_head_json":{"title":"TOURISME & VOYAGE au GUATEMALA - Abc-latina","description":"Tourisme au Guatemala. Voyage virtuel au Guatemala.","robots":{"index":"index","follow":"follow","max-snippet":"max-snippet:-1","max-image-preview":"max-image-preview:large","max-video-preview":"max-video-preview:-1"},"canonical":"https:\/\/abc-latina.com\/guatemala\/tourisme\/","og_locale":"fr_FR","og_type":"article","og_title":"TOURISME & VOYAGE au GUATEMALA - Abc-latina","og_description":"Tourisme au Guatemala. Voyage virtuel au Guatemala.","og_url":"https:\/\/abc-latina.com\/guatemala\/tourisme\/","og_site_name":"Abc-latina","article_modified_time":"2026-04-30T16:25:05+00:00","og_image":[{"width":700,"height":418,"url":"https:\/\/abc-latina.com\/wp-content\/uploads\/2010\/07\/021-tourisme-au-guatemala.jpg","type":"image\/jpeg"}],"twitter_card":"summary_large_image","twitter_misc":{"Dur\u00e9e de lecture estim\u00e9e":"2 minutes"},"schema":{"@context":"https:\/\/schema.org","@graph":[{"@type":"WebPage","@id":"https:\/\/abc-latina.com\/guatemala\/tourisme\/","url":"https:\/\/abc-latina.com\/guatemala\/tourisme\/","name":"TOURISME & VOYAGE au GUATEMALA - Abc-latina","isPartOf":{"@id":"https:\/\/abc-latina.com\/#website"},"primaryImageOfPage":{"@id":"https:\/\/abc-latina.com\/guatemala\/tourisme\/#primaryimage"},"image":{"@id":"https:\/\/abc-latina.com\/guatemala\/tourisme\/#primaryimage"},"thumbnailUrl":"https:\/\/abc-latina.com\/wp-content\/uploads\/2010\/07\/021-tourisme-au-guatemala.jpg","datePublished":"2010-07-16T23:51:09+00:00","dateModified":"2026-04-30T16:25:05+00:00","description":"Tourisme au Guatemala. Voyage virtuel au Guatemala.","breadcrumb":{"@id":"https:\/\/abc-latina.com\/guatemala\/tourisme\/#breadcrumb"},"inLanguage":"fr-FR","potentialAction":[{"@type":"ReadAction","target":["https:\/\/abc-latina.com\/guatemala\/tourisme\/"]}]},{"@type":"ImageObject","inLanguage":"fr-FR","@id":"https:\/\/abc-latina.com\/guatemala\/tourisme\/#primaryimage","url":"https:\/\/abc-latina.com\/wp-content\/uploads\/2010\/07\/021-tourisme-au-guatemala.jpg","contentUrl":"https:\/\/abc-latina.com\/wp-content\/uploads\/2010\/07\/021-tourisme-au-guatemala.jpg","width":700,"height":418,"caption":"TOURISME &amp; VOYAGE AU GUATEMALA"},{"@type":"BreadcrumbList","@id":"https:\/\/abc-latina.com\/guatemala\/tourisme\/#breadcrumb","itemListElement":[{"@type":"ListItem","position":1,"name":"Accueil","item":"https:\/\/abc-latina.com\/"},{"@type":"ListItem","position":2,"name":"TOURISME &#038; VOYAGE au GUATEMALA"}]},{"@type":"WebSite","@id":"https:\/\/abc-latina.com\/#website","url":"https:\/\/abc-latina.com\/","name":"Abc-latina","description":"","publisher":{"@id":"https:\/\/abc-latina.com\/#organization"},"potentialAction":[{"@type":"SearchAction","target":{"@type":"EntryPoint","urlTemplate":"https:\/\/abc-latina.com\/?s={search_term_string}"},"query-input":{"@type":"PropertyValueSpecification","valueRequired":true,"valueName":"search_term_string"}}],"inLanguage":"fr-FR"},{"@type":"Organization","@id":"https:\/\/abc-latina.com\/#organization","name":"Abc-latina","url":"https:\/\/abc-latina.com\/","logo":{"@type":"ImageObject","inLanguage":"fr-FR","@id":"https:\/\/abc-latina.com\/#\/schema\/logo\/image\/","url":"https:\/\/abc-latina.com\/wp-content\/uploads\/2026\/05\/cropped-logo.gif","contentUrl":"https:\/\/abc-latina.com\/wp-content\/uploads\/2026\/05\/cropped-logo.gif","width":89,"height":84,"caption":"Abc-latina"},"image":{"@id":"https:\/\/abc-latina.com\/#\/schema\/logo\/image\/"}}]}},"_links":{"self":[{"href":"https:\/\/abc-latina.com\/wp-json\/wp\/v2\/pages\/1411","targetHints":{"allow":["GET"]}}],"collection":[{"href":"https:\/\/abc-latina.com\/wp-json\/wp\/v2\/pages"}],"about":[{"href":"https:\/\/abc-latina.com\/wp-json\/wp\/v2\/types\/page"}],"author":[{"embeddable":true,"href":"https:\/\/abc-latina.com\/wp-json\/wp\/v2\/users\/3"}],"replies":[{"embeddable":true,"href":"https:\/\/abc-latina.com\/wp-json\/wp\/v2\/comments?post=1411"}],"version-history":[{"count":1,"href":"https:\/\/abc-latina.com\/wp-json\/wp\/v2\/pages\/1411\/revisions"}],"predecessor-version":[{"id":3483,"href":"https:\/\/abc-latina.com\/wp-json\/wp\/v2\/pages\/1411\/revisions\/3483"}],"up":[{"embeddable":true,"href":"https:\/\/abc-latina.com\/wp-json\/wp\/v2\/pages\/2305"}],"wp:featuredmedia":[{"embeddable":true,"href":"https:\/\/abc-latina.com\/wp-json\/wp\/v2\/media\/1410"}],"wp:attachment":[{"href":"https:\/\/abc-latina.com\/wp-json\/wp\/v2\/media?parent=1411"}],"curies":[{"name":"wp","href":"https:\/\/api.w.org\/{rel}","templated":true}]}}