{"id":1412,"date":"2010-07-17T01:57:08","date_gmt":"2010-07-16T23:57:08","guid":{"rendered":"http:\/\/abc-latina.com\/economie-htm-12\/"},"modified":"2026-04-30T18:25:06","modified_gmt":"2026-04-30T16:25:06","slug":"economie","status":"publish","type":"page","link":"https:\/\/abc-latina.com\/honduras\/economie\/","title":{"rendered":"ECONOMIE &#8211; HONDURAS"},"content":{"rendered":"<div>Le Honduras est un des pays les plus pauvres de l&rsquo;h\u00e9misph\u00e8re occidental et son \u00e9conomie est bas\u00e9e sur l&rsquo;agriculture et le bois a \u00e9t\u00e9 fortement affect\u00e9 par le ph\u00e9nom\u00e8ne climatique del Ni\u00f1o en 1997, surtout par les incendies forestiers. Le passage de l&rsquo;ouragan Mitch, en plus des 14 000 morts et disparus, a affect\u00e9 un tiers des habitants du pays, plus d&rsquo;un tiers des routes ont \u00e9t\u00e9 d\u00e9truites et beaucoup d&rsquo;exploitations ont \u00e9t\u00e9 d\u00e9vast\u00e9es. Avec la perte des r\u00e9coltes de bananes et de caf\u00e9, les exportations du pays (d\u00e9j\u00e0 affect\u00e9es par les baisses des prix du march\u00e9 international) ont \u00e9t\u00e9 largement r\u00e9duites; et en plus les importations de nourriture et de produits de construction ont du \u00eatre augment\u00e9es, ce qui a d\u00e9s\u00e9quilibr\u00e9 significativement le commerce ext\u00e9rieur. En plus des bananes et du caf\u00e9, les principaux produits agricoles du pays sont les haricots, le coton, le ma\u00efs, le riz, le sorgho et le sucre; il y a aussi des produits laitiers, des \u00e9levages de bovins et le commerce des fruits de mer. En plus d&rsquo;une petite industrie du bois, il y a un secteur de biens de consommation assez restreint. Le Honduras a \u00e9galement une petite industrie mini\u00e8re qui exporte du fer, zinc et argent. L&rsquo;\u00e9conomie s&rsquo;appuie en plusieurs formes avec des aides subventionn\u00e9es par les Etats-Unis, de fa\u00e7on directe et de fa\u00e7on multilat\u00e9rale (\u00e0 travers le FMI, la Banque de D\u00e9veloppement Interam\u00e9ricaine et autres). Les relations avec le FMI ont \u00e9t\u00e9 difficiles (les r\u00e9sultats demand\u00e9s en 1997 n&rsquo;ont pas \u00e9t\u00e9 obtenus) et le gouvernement a \u00e9t\u00e9 oblig\u00e9 de r\u00e9duire le budget pour \u00e9viter de perdre l&rsquo;aide internationale. Le Honduras est membre du March\u00e9 Commun d&rsquo;Am\u00e9rique Centrale. Son principal partenaire commercial est les Etats-Unis suivi de l&rsquo;Espagne, l&rsquo;Allemagne, la Belgique et le Royaume-Uni.&nbsp;<\/div>\n<div>&nbsp;<\/div>\n<div><span class=\"eco-indic\">INDICATEURS ECONOMIQUES<\/span><\/div>\n<div>&nbsp;<\/div>\n<div>PIB (2006) : 8,48 Mds USD&nbsp;<\/div>\n<div>PIB par habitant (2006) : 1,170 USD&nbsp;<\/div>\n<div>Taux de croissance (2006) : + 6 %&nbsp;<\/div>\n<div>Taux de ch\u00f4mage (2006) : 27,9 %&nbsp;<\/div>\n<div>Taux d&rsquo;inflation (2006) : + 5,7 %&nbsp;<\/div>\n<div>&nbsp;<\/div>\n<div><span class=\"eco-indic2\">Part des principaux secteurs d&rsquo;activit\u00e9s dans le PIB :<\/span>&nbsp;<\/div>\n<div>&#8211; secteur agricole : 13,9 %&nbsp;<\/div>\n<div>&#8211; secteur industriel : 31,2%&nbsp;<\/div>\n<div>&#8211; secteur des services : 54,9 %&nbsp;<\/div>\n<div>&nbsp;<\/div>\n<div><span class=\"eco-indic2\">Principaux clients 2006 :<\/span>&nbsp;<\/div>\n<div>Etats-Unis, Salvador, Guatemala, Mexico&nbsp;<\/div>\n<div>&nbsp;<\/div>\n<div><span class=\"eco-indic2\">Principaux fournisseurs 2006 :<\/span>&nbsp;<\/div>\n<div>Etats-Unis, Guatemala, Salvador&nbsp;<\/div>\n<div>Exportations de la France vers le Honduras (2006) : 18,3 M&euro;&nbsp;<\/div>\n<div>Importations fran\u00e7aises du Honduras (2006) : 24,1 M&euro;&nbsp;<\/div>\n<div>Transferts financiers des expatri\u00e9s 2006 :&nbsp;<\/div>\n<div>1,01 Msd USD (soit 12 % du PIB)&nbsp;<\/div>\n<div>&nbsp;<\/div>\n<div><span class=\"eco-indic\">DIVERS&nbsp;<\/span><\/div>\n<div>T\u00e9l\u00e9phoner au Honduras<\/div>\n<div>R\u00e9servez votre billet d&rsquo;avion pour le Honduras<\/div>\n<div>R\u00e9servez votre voiture&nbsp;<\/div>\n","protected":false},"excerpt":{"rendered":"<p>Le Honduras est un des pays les plus pauvres de l&rsquo;h\u00e9misph\u00e8re occidental et son \u00e9conomie est bas\u00e9e sur l&rsquo;agriculture et [&hellip;]<\/p>\n","protected":false},"author":3,"featured_media":0,"parent":2306,"menu_order":0,"comment_status":"closed","ping_status":"closed","template":"","meta":{"site-sidebar-layout":"default","site-content-layout":"","ast-site-content-layout":"default","site-content-style":"default","site-sidebar-style":"default","ast-global-header-display":"","ast-banner-title-visibility":"","ast-main-header-display":"","ast-hfb-above-header-display":"","ast-hfb-below-header-display":"","ast-hfb-mobile-header-display":"","site-post-title":"","ast-breadcrumbs-content":"","ast-featured-img":"","footer-sml-layout":"","ast-disable-related-posts":"","theme-transparent-header-meta":"","adv-header-id-meta":"","stick-header-meta":"","header-above-stick-meta":"","header-main-stick-meta":"","header-below-stick-meta":"","astra-migrate-meta-layouts":"default","ast-page-background-enabled":"default","ast-page-background-meta":{"desktop":{"background-color":"var(--ast-global-color-5)","background-image":"","background-repeat":"repeat","background-position":"center center","background-size":"auto","background-attachment":"scroll","background-type":"","background-media":"","overlay-type":"","overlay-color":"","overlay-opacity":"","overlay-gradient":""},"tablet":{"background-color":"","background-image":"","background-repeat":"repeat","background-position":"center center","background-size":"auto","background-attachment":"scroll","background-type":"","background-media":"","overlay-type":"","overlay-color":"","overlay-opacity":"","overlay-gradient":""},"mobile":{"background-color":"","background-image":"","background-repeat":"repeat","background-position":"center center","background-size":"auto","background-attachment":"scroll","background-type":"","background-media":"","overlay-type":"","overlay-color":"","overlay-opacity":"","overlay-gradient":""}},"ast-content-background-meta":{"desktop":{"background-color":"var(--ast-global-color-4)","background-image":"","background-repeat":"repeat","background-position":"center center","background-size":"auto","background-attachment":"scroll","background-type":"","background-media":"","overlay-type":"","overlay-color":"","overlay-opacity":"","overlay-gradient":""},"tablet":{"background-color":"var(--ast-global-color-4)","background-image":"","background-repeat":"repeat","background-position":"center center","background-size":"auto","background-attachment":"scroll","background-type":"","background-media":"","overlay-type":"","overlay-color":"","overlay-opacity":"","overlay-gradient":""},"mobile":{"background-color":"var(--ast-global-color-4)","background-image":"","background-repeat":"repeat","background-position":"center center","background-size":"auto","background-attachment":"scroll","background-type":"","background-media":"","overlay-type":"","overlay-color":"","overlay-opacity":"","overlay-gradient":""}},"footnotes":""},"class_list":["post-1412","page","type-page","status-publish","hentry"],"yoast_head":"<!-- This site is optimized with the Yoast SEO plugin v27.5 - https:\/\/yoast.com\/product\/yoast-seo-wordpress\/ -->\n<title>ECONOMIE - HONDURAS - Abc-latina<\/title>\n<meta name=\"description\" content=\"L&#039;\u00e9conomie du Honduras: industrie, agriculture, tourisme et services.  Infos sur l&#039;\u00e9conomie du Honduras.\" \/>\n<meta name=\"robots\" content=\"index, follow, max-snippet:-1, max-image-preview:large, max-video-preview:-1\" \/>\n<link rel=\"canonical\" href=\"https:\/\/abc-latina.com\/honduras\/economie\/\" \/>\n<meta property=\"og:locale\" content=\"fr_FR\" \/>\n<meta property=\"og:type\" content=\"article\" \/>\n<meta property=\"og:title\" content=\"ECONOMIE - HONDURAS - Abc-latina\" \/>\n<meta property=\"og:description\" content=\"L&#039;\u00e9conomie du Honduras: industrie, agriculture, tourisme et services.  Infos sur l&#039;\u00e9conomie du Honduras.\" \/>\n<meta property=\"og:url\" content=\"https:\/\/abc-latina.com\/honduras\/economie\/\" \/>\n<meta property=\"og:site_name\" content=\"Abc-latina\" \/>\n<meta property=\"article:modified_time\" content=\"2026-04-30T16:25:06+00:00\" \/>\n<meta name=\"twitter:card\" content=\"summary_large_image\" \/>\n<meta name=\"twitter:label1\" content=\"Dur\u00e9e de lecture estim\u00e9e\" \/>\n\t<meta name=\"twitter:data1\" content=\"2 minutes\" \/>\n<script type=\"application\/ld+json\" class=\"yoast-schema-graph\">{\"@context\":\"https:\\\/\\\/schema.org\",\"@graph\":[{\"@type\":\"WebPage\",\"@id\":\"https:\\\/\\\/abc-latina.com\\\/honduras\\\/economie\\\/\",\"url\":\"https:\\\/\\\/abc-latina.com\\\/honduras\\\/economie\\\/\",\"name\":\"ECONOMIE - HONDURAS - Abc-latina\",\"isPartOf\":{\"@id\":\"https:\\\/\\\/abc-latina.com\\\/#website\"},\"datePublished\":\"2010-07-16T23:57:08+00:00\",\"dateModified\":\"2026-04-30T16:25:06+00:00\",\"description\":\"L'\u00e9conomie du Honduras: industrie, agriculture, tourisme et services. Infos sur l'\u00e9conomie du Honduras.\",\"breadcrumb\":{\"@id\":\"https:\\\/\\\/abc-latina.com\\\/honduras\\\/economie\\\/#breadcrumb\"},\"inLanguage\":\"fr-FR\",\"potentialAction\":[{\"@type\":\"ReadAction\",\"target\":[\"https:\\\/\\\/abc-latina.com\\\/honduras\\\/economie\\\/\"]}]},{\"@type\":\"BreadcrumbList\",\"@id\":\"https:\\\/\\\/abc-latina.com\\\/honduras\\\/economie\\\/#breadcrumb\",\"itemListElement\":[{\"@type\":\"ListItem\",\"position\":1,\"name\":\"Accueil\",\"item\":\"https:\\\/\\\/abc-latina.com\\\/\"},{\"@type\":\"ListItem\",\"position\":2,\"name\":\"ECONOMIE &#8211; HONDURAS\"}]},{\"@type\":\"WebSite\",\"@id\":\"https:\\\/\\\/abc-latina.com\\\/#website\",\"url\":\"https:\\\/\\\/abc-latina.com\\\/\",\"name\":\"Abc-latina\",\"description\":\"\",\"publisher\":{\"@id\":\"https:\\\/\\\/abc-latina.com\\\/#organization\"},\"potentialAction\":[{\"@type\":\"SearchAction\",\"target\":{\"@type\":\"EntryPoint\",\"urlTemplate\":\"https:\\\/\\\/abc-latina.com\\\/?s={search_term_string}\"},\"query-input\":{\"@type\":\"PropertyValueSpecification\",\"valueRequired\":true,\"valueName\":\"search_term_string\"}}],\"inLanguage\":\"fr-FR\"},{\"@type\":\"Organization\",\"@id\":\"https:\\\/\\\/abc-latina.com\\\/#organization\",\"name\":\"Abc-latina\",\"url\":\"https:\\\/\\\/abc-latina.com\\\/\",\"logo\":{\"@type\":\"ImageObject\",\"inLanguage\":\"fr-FR\",\"@id\":\"https:\\\/\\\/abc-latina.com\\\/#\\\/schema\\\/logo\\\/image\\\/\",\"url\":\"https:\\\/\\\/abc-latina.com\\\/wp-content\\\/uploads\\\/2026\\\/05\\\/cropped-logo.gif\",\"contentUrl\":\"https:\\\/\\\/abc-latina.com\\\/wp-content\\\/uploads\\\/2026\\\/05\\\/cropped-logo.gif\",\"width\":89,\"height\":84,\"caption\":\"Abc-latina\"},\"image\":{\"@id\":\"https:\\\/\\\/abc-latina.com\\\/#\\\/schema\\\/logo\\\/image\\\/\"}}]}<\/script>\n<!-- \/ Yoast SEO plugin. -->","yoast_head_json":{"title":"ECONOMIE - HONDURAS - Abc-latina","description":"L'\u00e9conomie du Honduras: industrie, agriculture, tourisme et services.  Infos sur l'\u00e9conomie du Honduras.","robots":{"index":"index","follow":"follow","max-snippet":"max-snippet:-1","max-image-preview":"max-image-preview:large","max-video-preview":"max-video-preview:-1"},"canonical":"https:\/\/abc-latina.com\/honduras\/economie\/","og_locale":"fr_FR","og_type":"article","og_title":"ECONOMIE - HONDURAS - Abc-latina","og_description":"L'\u00e9conomie du Honduras: industrie, agriculture, tourisme et services.  Infos sur l'\u00e9conomie du Honduras.","og_url":"https:\/\/abc-latina.com\/honduras\/economie\/","og_site_name":"Abc-latina","article_modified_time":"2026-04-30T16:25:06+00:00","twitter_card":"summary_large_image","twitter_misc":{"Dur\u00e9e de lecture estim\u00e9e":"2 minutes"},"schema":{"@context":"https:\/\/schema.org","@graph":[{"@type":"WebPage","@id":"https:\/\/abc-latina.com\/honduras\/economie\/","url":"https:\/\/abc-latina.com\/honduras\/economie\/","name":"ECONOMIE - HONDURAS - Abc-latina","isPartOf":{"@id":"https:\/\/abc-latina.com\/#website"},"datePublished":"2010-07-16T23:57:08+00:00","dateModified":"2026-04-30T16:25:06+00:00","description":"L'\u00e9conomie du Honduras: industrie, agriculture, tourisme et services. Infos sur l'\u00e9conomie du Honduras.","breadcrumb":{"@id":"https:\/\/abc-latina.com\/honduras\/economie\/#breadcrumb"},"inLanguage":"fr-FR","potentialAction":[{"@type":"ReadAction","target":["https:\/\/abc-latina.com\/honduras\/economie\/"]}]},{"@type":"BreadcrumbList","@id":"https:\/\/abc-latina.com\/honduras\/economie\/#breadcrumb","itemListElement":[{"@type":"ListItem","position":1,"name":"Accueil","item":"https:\/\/abc-latina.com\/"},{"@type":"ListItem","position":2,"name":"ECONOMIE &#8211; HONDURAS"}]},{"@type":"WebSite","@id":"https:\/\/abc-latina.com\/#website","url":"https:\/\/abc-latina.com\/","name":"Abc-latina","description":"","publisher":{"@id":"https:\/\/abc-latina.com\/#organization"},"potentialAction":[{"@type":"SearchAction","target":{"@type":"EntryPoint","urlTemplate":"https:\/\/abc-latina.com\/?s={search_term_string}"},"query-input":{"@type":"PropertyValueSpecification","valueRequired":true,"valueName":"search_term_string"}}],"inLanguage":"fr-FR"},{"@type":"Organization","@id":"https:\/\/abc-latina.com\/#organization","name":"Abc-latina","url":"https:\/\/abc-latina.com\/","logo":{"@type":"ImageObject","inLanguage":"fr-FR","@id":"https:\/\/abc-latina.com\/#\/schema\/logo\/image\/","url":"https:\/\/abc-latina.com\/wp-content\/uploads\/2026\/05\/cropped-logo.gif","contentUrl":"https:\/\/abc-latina.com\/wp-content\/uploads\/2026\/05\/cropped-logo.gif","width":89,"height":84,"caption":"Abc-latina"},"image":{"@id":"https:\/\/abc-latina.com\/#\/schema\/logo\/image\/"}}]}},"_links":{"self":[{"href":"https:\/\/abc-latina.com\/wp-json\/wp\/v2\/pages\/1412","targetHints":{"allow":["GET"]}}],"collection":[{"href":"https:\/\/abc-latina.com\/wp-json\/wp\/v2\/pages"}],"about":[{"href":"https:\/\/abc-latina.com\/wp-json\/wp\/v2\/types\/page"}],"author":[{"embeddable":true,"href":"https:\/\/abc-latina.com\/wp-json\/wp\/v2\/users\/3"}],"replies":[{"embeddable":true,"href":"https:\/\/abc-latina.com\/wp-json\/wp\/v2\/comments?post=1412"}],"version-history":[{"count":1,"href":"https:\/\/abc-latina.com\/wp-json\/wp\/v2\/pages\/1412\/revisions"}],"predecessor-version":[{"id":3504,"href":"https:\/\/abc-latina.com\/wp-json\/wp\/v2\/pages\/1412\/revisions\/3504"}],"up":[{"embeddable":true,"href":"https:\/\/abc-latina.com\/wp-json\/wp\/v2\/pages\/2306"}],"wp:attachment":[{"href":"https:\/\/abc-latina.com\/wp-json\/wp\/v2\/media?parent=1412"}],"curies":[{"name":"wp","href":"https:\/\/api.w.org\/{rel}","templated":true}]}}