{"id":1413,"date":"2010-07-17T01:59:19","date_gmt":"2010-07-16T23:59:19","guid":{"rendered":"http:\/\/abc-latina.com\/geo-htm-11\/"},"modified":"2026-04-30T18:25:06","modified_gmt":"2026-04-30T16:25:06","slug":"geo","status":"publish","type":"page","link":"https:\/\/abc-latina.com\/honduras\/geo\/","title":{"rendered":"GEOGRAPHIE &#8211; HONDURAS"},"content":{"rendered":"<div><a href=\"https:\/\/www.abc-latina.com\/cartecen\" target=\"_blank\"><img loading=\"lazy\" decoding=\"async\" class=\" alignright size-full wp-image-179\" src=\"http:\/\/abc-latina.com\/wp-content\/uploads\/2010\/06\/america_central.png\" style=\"margin: 5px; float: right;\" alt=\"\" width=\"118\" height=\"122\" \/><\/a>Le <span class=\"tourisme-chapitre\">Honduras<\/span> est situ\u00e9 \u00e0 la limite du Nicaragua au sud Est, du Guatemala \u00e0 l&rsquo;Ouest et du Salvador au Sud Ouest.<\/div>\n<div>La c\u00f4te Nord du pays est bord\u00e9e par la mer des Cara\u00efbes et la c\u00f4te Sud par l&rsquo;Oc\u00e9an Pacifique.&nbsp;<\/div>\n<div>Un syst\u00e8me montagneux central qui parcourt tout le pays d&rsquo;Est en Ouest est travers\u00e9 par des fleuves qui d\u00e9bouchent dans la mer des Cara\u00efbes et dans l&rsquo;Oc\u00e9an Pacifique.<\/div>\n<div>Les terres basses de la partie Sud forment une plaine le long de la c\u00f4te du Pacifique. Dans le Golfe de Fonseca, au Sud Ouest, il y a beaucoup d&rsquo;\u00eeles et de volcans.<\/div>\n<div>Les grandes vall\u00e9es fertiles des terres basses situ\u00e9es pr\u00e8s de la mer des Cara\u00efbes sont principalement d\u00e9di\u00e9es \u00e0 la culture des bananes. Toutefois, il y a aussi de grandes \u00e9tendues de terres honduriennes qui ne sont pas aptes \u00e0 l&rsquo;agriculture.&nbsp;<\/div>\n<div>&nbsp;<\/div>\n<div>La plupart de la population est concentr\u00e9e dans la moiti\u00e9 occidentale du pays. La zone qui se trouve autour de Puerto Cort\u00e9s, qui s&rsquo;\u00e9tend du Lac Yojoa vers le Nord jusqu&rsquo;\u00e0 la mer des Cara\u00efbes est \u00e9galement assez peupl\u00e9e.&nbsp;<\/div>\n<div>&nbsp;<\/div>\n<h3>G\u00e9ographie du Honduras: Chiffres<\/h3>\n<div><span class=\"geo-info2\">Capitale:<\/span> Tegucigalpa&nbsp;<\/div>\n<div><span class=\"geo-info2\">Superficie:<\/span> 112 492 km&sup2;<\/div>\n<div>5 fois plus petit que la France<\/div>\n<div>88 fois plus petit que le Canada<\/div>\n<div>mais 2,5 fois la Suisse<\/div>\n<div>et 3,5 fois la Belgique&nbsp;<\/div>\n<div><span class=\"geo-info2\">Population:<\/span> 6 millions&nbsp;<\/div>\n<div>Urbaine \u00e0 48 %<\/div>\n<div>Rurale \u00e0 52 %<\/div>\n<div>Densit\u00e9 53 hab\/km&sup2;&nbsp;<\/div>\n<div>provinces<\/div>\n<div>Indice de f\u00e9condit\u00e9: 4,3 enfants\/femme<\/div>\n<div>Esp\u00e9rance de vie: 72 \/ 68 ans<\/div>\n<div>Taux d&rsquo;alphab\u00e9tisation: 70 %<\/div>\n<div><span class=\"geo-info2\">Langue:<\/span> Espagnol<\/div>\n<div><span class=\"geo-info2\">Divers:<\/span> <a href=\"https:\/\/www.abc-latina.com\/honduras\/div\/hymne\">Hymne national<\/a><\/div>\n","protected":false},"excerpt":{"rendered":"<p>Le Honduras est situ\u00e9 \u00e0 la limite du Nicaragua au sud Est, du Guatemala \u00e0 l&rsquo;Ouest et du Salvador au [&hellip;]<\/p>\n","protected":false},"author":3,"featured_media":179,"parent":2306,"menu_order":0,"comment_status":"closed","ping_status":"closed","template":"","meta":{"site-sidebar-layout":"default","site-content-layout":"","ast-site-content-layout":"default","site-content-style":"default","site-sidebar-style":"default","ast-global-header-display":"","ast-banner-title-visibility":"","ast-main-header-display":"","ast-hfb-above-header-display":"","ast-hfb-below-header-display":"","ast-hfb-mobile-header-display":"","site-post-title":"","ast-breadcrumbs-content":"","ast-featured-img":"","footer-sml-layout":"","ast-disable-related-posts":"","theme-transparent-header-meta":"","adv-header-id-meta":"","stick-header-meta":"","header-above-stick-meta":"","header-main-stick-meta":"","header-below-stick-meta":"","astra-migrate-meta-layouts":"default","ast-page-background-enabled":"default","ast-page-background-meta":{"desktop":{"background-color":"var(--ast-global-color-5)","background-image":"","background-repeat":"repeat","background-position":"center center","background-size":"auto","background-attachment":"scroll","background-type":"","background-media":"","overlay-type":"","overlay-color":"","overlay-opacity":"","overlay-gradient":""},"tablet":{"background-color":"","background-image":"","background-repeat":"repeat","background-position":"center center","background-size":"auto","background-attachment":"scroll","background-type":"","background-media":"","overlay-type":"","overlay-color":"","overlay-opacity":"","overlay-gradient":""},"mobile":{"background-color":"","background-image":"","background-repeat":"repeat","background-position":"center center","background-size":"auto","background-attachment":"scroll","background-type":"","background-media":"","overlay-type":"","overlay-color":"","overlay-opacity":"","overlay-gradient":""}},"ast-content-background-meta":{"desktop":{"background-color":"var(--ast-global-color-4)","background-image":"","background-repeat":"repeat","background-position":"center center","background-size":"auto","background-attachment":"scroll","background-type":"","background-media":"","overlay-type":"","overlay-color":"","overlay-opacity":"","overlay-gradient":""},"tablet":{"background-color":"var(--ast-global-color-4)","background-image":"","background-repeat":"repeat","background-position":"center center","background-size":"auto","background-attachment":"scroll","background-type":"","background-media":"","overlay-type":"","overlay-color":"","overlay-opacity":"","overlay-gradient":""},"mobile":{"background-color":"var(--ast-global-color-4)","background-image":"","background-repeat":"repeat","background-position":"center center","background-size":"auto","background-attachment":"scroll","background-type":"","background-media":"","overlay-type":"","overlay-color":"","overlay-opacity":"","overlay-gradient":""}},"footnotes":""},"class_list":["post-1413","page","type-page","status-publish","has-post-thumbnail","hentry"],"yoast_head":"<!-- This site is optimized with the Yoast SEO plugin v27.5 - https:\/\/yoast.com\/product\/yoast-seo-wordpress\/ -->\n<title>GEOGRAPHIE - HONDURAS - Abc-latina<\/title>\n<meta name=\"description\" content=\"La g\u00e9ographie du Honduras.\" \/>\n<meta name=\"robots\" content=\"index, follow, max-snippet:-1, max-image-preview:large, max-video-preview:-1\" \/>\n<link rel=\"canonical\" href=\"https:\/\/abc-latina.com\/honduras\/geo\/\" \/>\n<meta property=\"og:locale\" content=\"fr_FR\" \/>\n<meta property=\"og:type\" content=\"article\" \/>\n<meta property=\"og:title\" content=\"GEOGRAPHIE - HONDURAS - Abc-latina\" \/>\n<meta property=\"og:description\" content=\"La g\u00e9ographie du Honduras.\" \/>\n<meta property=\"og:url\" content=\"https:\/\/abc-latina.com\/honduras\/geo\/\" \/>\n<meta property=\"og:site_name\" content=\"Abc-latina\" \/>\n<meta property=\"article:modified_time\" content=\"2026-04-30T16:25:06+00:00\" \/>\n<meta property=\"og:image\" content=\"https:\/\/abc-latina.com\/wp-content\/uploads\/2010\/06\/america_central.png\" \/>\n\t<meta property=\"og:image:width\" content=\"118\" \/>\n\t<meta property=\"og:image:height\" content=\"122\" \/>\n\t<meta property=\"og:image:type\" content=\"image\/png\" \/>\n<meta name=\"twitter:card\" content=\"summary_large_image\" \/>\n<meta name=\"twitter:label1\" content=\"Dur\u00e9e de lecture estim\u00e9e\" \/>\n\t<meta name=\"twitter:data1\" content=\"1 minute\" \/>\n<script type=\"application\/ld+json\" class=\"yoast-schema-graph\">{\"@context\":\"https:\\\/\\\/schema.org\",\"@graph\":[{\"@type\":\"WebPage\",\"@id\":\"https:\\\/\\\/abc-latina.com\\\/honduras\\\/geo\\\/\",\"url\":\"https:\\\/\\\/abc-latina.com\\\/honduras\\\/geo\\\/\",\"name\":\"GEOGRAPHIE - HONDURAS - Abc-latina\",\"isPartOf\":{\"@id\":\"https:\\\/\\\/abc-latina.com\\\/#website\"},\"primaryImageOfPage\":{\"@id\":\"https:\\\/\\\/abc-latina.com\\\/honduras\\\/geo\\\/#primaryimage\"},\"image\":{\"@id\":\"https:\\\/\\\/abc-latina.com\\\/honduras\\\/geo\\\/#primaryimage\"},\"thumbnailUrl\":\"https:\\\/\\\/abc-latina.com\\\/wp-content\\\/uploads\\\/2010\\\/06\\\/america_central.png\",\"datePublished\":\"2010-07-16T23:59:19+00:00\",\"dateModified\":\"2026-04-30T16:25:06+00:00\",\"description\":\"La g\u00e9ographie du Honduras.\",\"breadcrumb\":{\"@id\":\"https:\\\/\\\/abc-latina.com\\\/honduras\\\/geo\\\/#breadcrumb\"},\"inLanguage\":\"fr-FR\",\"potentialAction\":[{\"@type\":\"ReadAction\",\"target\":[\"https:\\\/\\\/abc-latina.com\\\/honduras\\\/geo\\\/\"]}]},{\"@type\":\"ImageObject\",\"inLanguage\":\"fr-FR\",\"@id\":\"https:\\\/\\\/abc-latina.com\\\/honduras\\\/geo\\\/#primaryimage\",\"url\":\"https:\\\/\\\/abc-latina.com\\\/wp-content\\\/uploads\\\/2010\\\/06\\\/america_central.png\",\"contentUrl\":\"https:\\\/\\\/abc-latina.com\\\/wp-content\\\/uploads\\\/2010\\\/06\\\/america_central.png\",\"width\":118,\"height\":122},{\"@type\":\"BreadcrumbList\",\"@id\":\"https:\\\/\\\/abc-latina.com\\\/honduras\\\/geo\\\/#breadcrumb\",\"itemListElement\":[{\"@type\":\"ListItem\",\"position\":1,\"name\":\"Accueil\",\"item\":\"https:\\\/\\\/abc-latina.com\\\/\"},{\"@type\":\"ListItem\",\"position\":2,\"name\":\"GEOGRAPHIE &#8211; HONDURAS\"}]},{\"@type\":\"WebSite\",\"@id\":\"https:\\\/\\\/abc-latina.com\\\/#website\",\"url\":\"https:\\\/\\\/abc-latina.com\\\/\",\"name\":\"Abc-latina\",\"description\":\"\",\"publisher\":{\"@id\":\"https:\\\/\\\/abc-latina.com\\\/#organization\"},\"potentialAction\":[{\"@type\":\"SearchAction\",\"target\":{\"@type\":\"EntryPoint\",\"urlTemplate\":\"https:\\\/\\\/abc-latina.com\\\/?s={search_term_string}\"},\"query-input\":{\"@type\":\"PropertyValueSpecification\",\"valueRequired\":true,\"valueName\":\"search_term_string\"}}],\"inLanguage\":\"fr-FR\"},{\"@type\":\"Organization\",\"@id\":\"https:\\\/\\\/abc-latina.com\\\/#organization\",\"name\":\"Abc-latina\",\"url\":\"https:\\\/\\\/abc-latina.com\\\/\",\"logo\":{\"@type\":\"ImageObject\",\"inLanguage\":\"fr-FR\",\"@id\":\"https:\\\/\\\/abc-latina.com\\\/#\\\/schema\\\/logo\\\/image\\\/\",\"url\":\"https:\\\/\\\/abc-latina.com\\\/wp-content\\\/uploads\\\/2026\\\/05\\\/cropped-logo.gif\",\"contentUrl\":\"https:\\\/\\\/abc-latina.com\\\/wp-content\\\/uploads\\\/2026\\\/05\\\/cropped-logo.gif\",\"width\":89,\"height\":84,\"caption\":\"Abc-latina\"},\"image\":{\"@id\":\"https:\\\/\\\/abc-latina.com\\\/#\\\/schema\\\/logo\\\/image\\\/\"}}]}<\/script>\n<!-- \/ Yoast SEO plugin. -->","yoast_head_json":{"title":"GEOGRAPHIE - HONDURAS - Abc-latina","description":"La g\u00e9ographie du Honduras.","robots":{"index":"index","follow":"follow","max-snippet":"max-snippet:-1","max-image-preview":"max-image-preview:large","max-video-preview":"max-video-preview:-1"},"canonical":"https:\/\/abc-latina.com\/honduras\/geo\/","og_locale":"fr_FR","og_type":"article","og_title":"GEOGRAPHIE - HONDURAS - Abc-latina","og_description":"La g\u00e9ographie du Honduras.","og_url":"https:\/\/abc-latina.com\/honduras\/geo\/","og_site_name":"Abc-latina","article_modified_time":"2026-04-30T16:25:06+00:00","og_image":[{"width":118,"height":122,"url":"https:\/\/abc-latina.com\/wp-content\/uploads\/2010\/06\/america_central.png","type":"image\/png"}],"twitter_card":"summary_large_image","twitter_misc":{"Dur\u00e9e de lecture estim\u00e9e":"1 minute"},"schema":{"@context":"https:\/\/schema.org","@graph":[{"@type":"WebPage","@id":"https:\/\/abc-latina.com\/honduras\/geo\/","url":"https:\/\/abc-latina.com\/honduras\/geo\/","name":"GEOGRAPHIE - HONDURAS - Abc-latina","isPartOf":{"@id":"https:\/\/abc-latina.com\/#website"},"primaryImageOfPage":{"@id":"https:\/\/abc-latina.com\/honduras\/geo\/#primaryimage"},"image":{"@id":"https:\/\/abc-latina.com\/honduras\/geo\/#primaryimage"},"thumbnailUrl":"https:\/\/abc-latina.com\/wp-content\/uploads\/2010\/06\/america_central.png","datePublished":"2010-07-16T23:59:19+00:00","dateModified":"2026-04-30T16:25:06+00:00","description":"La g\u00e9ographie du Honduras.","breadcrumb":{"@id":"https:\/\/abc-latina.com\/honduras\/geo\/#breadcrumb"},"inLanguage":"fr-FR","potentialAction":[{"@type":"ReadAction","target":["https:\/\/abc-latina.com\/honduras\/geo\/"]}]},{"@type":"ImageObject","inLanguage":"fr-FR","@id":"https:\/\/abc-latina.com\/honduras\/geo\/#primaryimage","url":"https:\/\/abc-latina.com\/wp-content\/uploads\/2010\/06\/america_central.png","contentUrl":"https:\/\/abc-latina.com\/wp-content\/uploads\/2010\/06\/america_central.png","width":118,"height":122},{"@type":"BreadcrumbList","@id":"https:\/\/abc-latina.com\/honduras\/geo\/#breadcrumb","itemListElement":[{"@type":"ListItem","position":1,"name":"Accueil","item":"https:\/\/abc-latina.com\/"},{"@type":"ListItem","position":2,"name":"GEOGRAPHIE &#8211; HONDURAS"}]},{"@type":"WebSite","@id":"https:\/\/abc-latina.com\/#website","url":"https:\/\/abc-latina.com\/","name":"Abc-latina","description":"","publisher":{"@id":"https:\/\/abc-latina.com\/#organization"},"potentialAction":[{"@type":"SearchAction","target":{"@type":"EntryPoint","urlTemplate":"https:\/\/abc-latina.com\/?s={search_term_string}"},"query-input":{"@type":"PropertyValueSpecification","valueRequired":true,"valueName":"search_term_string"}}],"inLanguage":"fr-FR"},{"@type":"Organization","@id":"https:\/\/abc-latina.com\/#organization","name":"Abc-latina","url":"https:\/\/abc-latina.com\/","logo":{"@type":"ImageObject","inLanguage":"fr-FR","@id":"https:\/\/abc-latina.com\/#\/schema\/logo\/image\/","url":"https:\/\/abc-latina.com\/wp-content\/uploads\/2026\/05\/cropped-logo.gif","contentUrl":"https:\/\/abc-latina.com\/wp-content\/uploads\/2026\/05\/cropped-logo.gif","width":89,"height":84,"caption":"Abc-latina"},"image":{"@id":"https:\/\/abc-latina.com\/#\/schema\/logo\/image\/"}}]}},"_links":{"self":[{"href":"https:\/\/abc-latina.com\/wp-json\/wp\/v2\/pages\/1413","targetHints":{"allow":["GET"]}}],"collection":[{"href":"https:\/\/abc-latina.com\/wp-json\/wp\/v2\/pages"}],"about":[{"href":"https:\/\/abc-latina.com\/wp-json\/wp\/v2\/types\/page"}],"author":[{"embeddable":true,"href":"https:\/\/abc-latina.com\/wp-json\/wp\/v2\/users\/3"}],"replies":[{"embeddable":true,"href":"https:\/\/abc-latina.com\/wp-json\/wp\/v2\/comments?post=1413"}],"version-history":[{"count":1,"href":"https:\/\/abc-latina.com\/wp-json\/wp\/v2\/pages\/1413\/revisions"}],"predecessor-version":[{"id":3505,"href":"https:\/\/abc-latina.com\/wp-json\/wp\/v2\/pages\/1413\/revisions\/3505"}],"up":[{"embeddable":true,"href":"https:\/\/abc-latina.com\/wp-json\/wp\/v2\/pages\/2306"}],"wp:featuredmedia":[{"embeddable":true,"href":"https:\/\/abc-latina.com\/wp-json\/wp\/v2\/media\/179"}],"wp:attachment":[{"href":"https:\/\/abc-latina.com\/wp-json\/wp\/v2\/media?parent=1413"}],"curies":[{"name":"wp","href":"https:\/\/api.w.org\/{rel}","templated":true}]}}