{"id":1414,"date":"2010-07-17T02:01:38","date_gmt":"2010-07-17T00:01:38","guid":{"rendered":"http:\/\/abc-latina.com\/histoire-htm-12\/"},"modified":"2026-04-30T18:25:06","modified_gmt":"2026-04-30T16:25:06","slug":"histoire","status":"publish","type":"page","link":"https:\/\/abc-latina.com\/honduras\/histoire\/","title":{"rendered":"HISTOIRE &#8211; HONDURAS"},"content":{"rendered":"<h2 style=\"text-align: center;\">Les principales dates de l&rsquo;histoire du Honduras &nbsp;<\/h2>\n<ul>\n<li>\n<div>&nbsp;<\/div>\n<ul>\n<li><span class=\"histoire-date\">1000 av J-C<\/span> &nbsp;<br \/> Pr\u00e9sence des <a href=\"https:\/\/www.abc-latina.com\/civilisations\/maya\" target=\"_blank\">Mayas<\/a> dans l&rsquo;ouest du pays.&nbsp;<\/li>\n<li><span class=\"histoire-date\">1502<\/span><br \/> <a href=\"https:\/\/www.abc-latina.com\/personnalites\/christophe_colomb\" target=\"_blank\">Christophe Colomb<\/a> accoste sur le continent Am\u00e9ricain \u00e0 l&#8217;emplacement de l&rsquo;actuelle ville de Trujillo.&nbsp;<\/li>\n<li><span class=\"histoire-date\">1525<\/span>&nbsp;<br \/> Les Espagnols s&rsquo;installent \u00e0 Trujillo.<\/li>\n<li><span class=\"histoire-date\">1537 <\/span><br \/> Comayagua situ\u00e9e dans le centre du pays, devient la capitale et le restera 350 ann\u00e9es.<\/li>\n<li><span class=\"histoire-date\">1570<\/span><br \/> D\u00e9couverte d&rsquo;argent et d&rsquo;or dans la r\u00e9gion de Tegucigalpa, cela attire des pirates Hollandais et Britaniques.&nbsp;<\/li>\n<li><span class=\"histoire-date\">1643 <\/span><br \/> La ville de Trujillo est pill\u00e9e par des pirates hollandais.<\/li>\n<li><span class=\"histoire-date\">1821<\/span> &nbsp;<br \/> Le Honduras est ind\u00e9pendant de l&rsquo;Espagne.&nbsp;<\/li>\n<li><span class=\"histoire-date\">1860 <\/span><br \/> Tentative de coup d&rsquo;Etat de l&rsquo;Am\u00e9ricain William Walker, qui se solda par une d\u00e9faite \u00e0 Trujillo.<\/li>\n<li><span class=\"histoire-date\">Fin du 19\u00e9me<\/span><br \/> Les soci\u00e9t\u00e9s fruiti\u00e8res am\u00e9ricaines trustent l&rsquo;activit\u00e9 des bananeraies et influenceront tr\u00e8s fortement sur la politique du pays.&nbsp;<\/li>\n<li><span class=\"histoire-date\">1969 <\/span><br \/> Des incidents durant un match de football opposant le Honduras au <a href=\"https:\/\/www.abc-latina.com\/salvador\/\" target=\"_blank\">Salvador<\/a> provoquent une guerre de quelques jours qui crispa les relations entre les deux pays durant 10 ans.&nbsp;<br \/> <a href=\"https:\/\/www.abc-latina.com\/histoire\/guerre-cent-heures.php\" target=\"_blank\">La Guerre de cent heures<\/a><\/li>\n<li><span class=\"histoire-date\">Ann\u00e9es 80<\/span><br \/> Le pays sert de plaque tournante pour les Am\u00e9ricains qui cherchent \u00e0 destabiliser les pays voisins (Guatemala, Salvador, Nicaragua).<\/li>\n<li><span class=\"histoire-date\">1998<\/span><br \/> Une partie du pays est devast\u00e9e par le c<a href=\"https:\/\/www.abc-latina.com\/histoire\/cyclone_mitch\" target=\"_blank\">yclone Mitch<\/a>.&nbsp;<\/li>\n<li><histoire-date class=\"histoire-date\">2005<\/histoire-date>&nbsp;<br \/>Le 27 novembre, Manuel Zelaya, est \u00e9lu pr\u00e9sident avec 49,9 % des suffrages.<\/li>\n<li><histoire-date class=\"histoire-date\">2009<\/histoire-date>&nbsp;<br \/>Coup d&rsquo;\u00c9tat, Le 28 juin, le pr\u00e9sident du Honduras, Manuel Zelaya, est arr\u00eat\u00e9 et expuls\u00e9.<br \/>Le 29 novembre, partisan du coup d&rsquo;Etat, Porfirio Lobo Sosa est \u00e9lu \u00e0 l&rsquo;\u00e9lection pr\u00e9sidentielle.<\/li>\n<\/ul>\n<\/li>\n<\/ul>\n","protected":false},"excerpt":{"rendered":"<p>Les principales dates de l&rsquo;histoire du Honduras &nbsp; &nbsp; 1000 av J-C &nbsp; Pr\u00e9sence des Mayas dans l&rsquo;ouest du pays.&nbsp; [&hellip;]<\/p>\n","protected":false},"author":3,"featured_media":0,"parent":2306,"menu_order":0,"comment_status":"closed","ping_status":"closed","template":"","meta":{"site-sidebar-layout":"default","site-content-layout":"","ast-site-content-layout":"default","site-content-style":"default","site-sidebar-style":"default","ast-global-header-display":"","ast-banner-title-visibility":"","ast-main-header-display":"","ast-hfb-above-header-display":"","ast-hfb-below-header-display":"","ast-hfb-mobile-header-display":"","site-post-title":"","ast-breadcrumbs-content":"","ast-featured-img":"","footer-sml-layout":"","ast-disable-related-posts":"","theme-transparent-header-meta":"","adv-header-id-meta":"","stick-header-meta":"","header-above-stick-meta":"","header-main-stick-meta":"","header-below-stick-meta":"","astra-migrate-meta-layouts":"default","ast-page-background-enabled":"default","ast-page-background-meta":{"desktop":{"background-color":"var(--ast-global-color-5)","background-image":"","background-repeat":"repeat","background-position":"center center","background-size":"auto","background-attachment":"scroll","background-type":"","background-media":"","overlay-type":"","overlay-color":"","overlay-opacity":"","overlay-gradient":""},"tablet":{"background-color":"","background-image":"","background-repeat":"repeat","background-position":"center center","background-size":"auto","background-attachment":"scroll","background-type":"","background-media":"","overlay-type":"","overlay-color":"","overlay-opacity":"","overlay-gradient":""},"mobile":{"background-color":"","background-image":"","background-repeat":"repeat","background-position":"center center","background-size":"auto","background-attachment":"scroll","background-type":"","background-media":"","overlay-type":"","overlay-color":"","overlay-opacity":"","overlay-gradient":""}},"ast-content-background-meta":{"desktop":{"background-color":"var(--ast-global-color-4)","background-image":"","background-repeat":"repeat","background-position":"center center","background-size":"auto","background-attachment":"scroll","background-type":"","background-media":"","overlay-type":"","overlay-color":"","overlay-opacity":"","overlay-gradient":""},"tablet":{"background-color":"var(--ast-global-color-4)","background-image":"","background-repeat":"repeat","background-position":"center center","background-size":"auto","background-attachment":"scroll","background-type":"","background-media":"","overlay-type":"","overlay-color":"","overlay-opacity":"","overlay-gradient":""},"mobile":{"background-color":"var(--ast-global-color-4)","background-image":"","background-repeat":"repeat","background-position":"center center","background-size":"auto","background-attachment":"scroll","background-type":"","background-media":"","overlay-type":"","overlay-color":"","overlay-opacity":"","overlay-gradient":""}},"footnotes":""},"class_list":["post-1414","page","type-page","status-publish","hentry"],"yoast_head":"<!-- This site is optimized with the Yoast SEO plugin v27.5 - https:\/\/yoast.com\/product\/yoast-seo-wordpress\/ -->\n<title>HISTOIRE - HONDURAS - Abc-latina<\/title>\n<meta name=\"description\" content=\"Les principales dates historiques du Honduras.\" \/>\n<meta name=\"robots\" content=\"index, follow, max-snippet:-1, max-image-preview:large, max-video-preview:-1\" \/>\n<link rel=\"canonical\" href=\"https:\/\/abc-latina.com\/honduras\/histoire\/\" \/>\n<meta property=\"og:locale\" content=\"fr_FR\" \/>\n<meta property=\"og:type\" content=\"article\" \/>\n<meta property=\"og:title\" content=\"HISTOIRE - HONDURAS - Abc-latina\" \/>\n<meta property=\"og:description\" content=\"Les principales dates historiques du Honduras.\" \/>\n<meta property=\"og:url\" content=\"https:\/\/abc-latina.com\/honduras\/histoire\/\" \/>\n<meta property=\"og:site_name\" content=\"Abc-latina\" \/>\n<meta property=\"article:modified_time\" content=\"2026-04-30T16:25:06+00:00\" \/>\n<meta name=\"twitter:card\" content=\"summary_large_image\" \/>\n<meta name=\"twitter:label1\" content=\"Dur\u00e9e de lecture estim\u00e9e\" \/>\n\t<meta name=\"twitter:data1\" content=\"1 minute\" \/>\n<script type=\"application\/ld+json\" class=\"yoast-schema-graph\">{\"@context\":\"https:\\\/\\\/schema.org\",\"@graph\":[{\"@type\":\"WebPage\",\"@id\":\"https:\\\/\\\/abc-latina.com\\\/honduras\\\/histoire\\\/\",\"url\":\"https:\\\/\\\/abc-latina.com\\\/honduras\\\/histoire\\\/\",\"name\":\"HISTOIRE - HONDURAS - Abc-latina\",\"isPartOf\":{\"@id\":\"https:\\\/\\\/abc-latina.com\\\/#website\"},\"datePublished\":\"2010-07-17T00:01:38+00:00\",\"dateModified\":\"2026-04-30T16:25:06+00:00\",\"description\":\"Les principales dates historiques du Honduras.\",\"breadcrumb\":{\"@id\":\"https:\\\/\\\/abc-latina.com\\\/honduras\\\/histoire\\\/#breadcrumb\"},\"inLanguage\":\"fr-FR\",\"potentialAction\":[{\"@type\":\"ReadAction\",\"target\":[\"https:\\\/\\\/abc-latina.com\\\/honduras\\\/histoire\\\/\"]}]},{\"@type\":\"BreadcrumbList\",\"@id\":\"https:\\\/\\\/abc-latina.com\\\/honduras\\\/histoire\\\/#breadcrumb\",\"itemListElement\":[{\"@type\":\"ListItem\",\"position\":1,\"name\":\"Accueil\",\"item\":\"https:\\\/\\\/abc-latina.com\\\/\"},{\"@type\":\"ListItem\",\"position\":2,\"name\":\"HISTOIRE &#8211; HONDURAS\"}]},{\"@type\":\"WebSite\",\"@id\":\"https:\\\/\\\/abc-latina.com\\\/#website\",\"url\":\"https:\\\/\\\/abc-latina.com\\\/\",\"name\":\"Abc-latina\",\"description\":\"\",\"publisher\":{\"@id\":\"https:\\\/\\\/abc-latina.com\\\/#organization\"},\"potentialAction\":[{\"@type\":\"SearchAction\",\"target\":{\"@type\":\"EntryPoint\",\"urlTemplate\":\"https:\\\/\\\/abc-latina.com\\\/?s={search_term_string}\"},\"query-input\":{\"@type\":\"PropertyValueSpecification\",\"valueRequired\":true,\"valueName\":\"search_term_string\"}}],\"inLanguage\":\"fr-FR\"},{\"@type\":\"Organization\",\"@id\":\"https:\\\/\\\/abc-latina.com\\\/#organization\",\"name\":\"Abc-latina\",\"url\":\"https:\\\/\\\/abc-latina.com\\\/\",\"logo\":{\"@type\":\"ImageObject\",\"inLanguage\":\"fr-FR\",\"@id\":\"https:\\\/\\\/abc-latina.com\\\/#\\\/schema\\\/logo\\\/image\\\/\",\"url\":\"https:\\\/\\\/abc-latina.com\\\/wp-content\\\/uploads\\\/2026\\\/05\\\/cropped-logo.gif\",\"contentUrl\":\"https:\\\/\\\/abc-latina.com\\\/wp-content\\\/uploads\\\/2026\\\/05\\\/cropped-logo.gif\",\"width\":89,\"height\":84,\"caption\":\"Abc-latina\"},\"image\":{\"@id\":\"https:\\\/\\\/abc-latina.com\\\/#\\\/schema\\\/logo\\\/image\\\/\"}}]}<\/script>\n<!-- \/ Yoast SEO plugin. -->","yoast_head_json":{"title":"HISTOIRE - HONDURAS - Abc-latina","description":"Les principales dates historiques du Honduras.","robots":{"index":"index","follow":"follow","max-snippet":"max-snippet:-1","max-image-preview":"max-image-preview:large","max-video-preview":"max-video-preview:-1"},"canonical":"https:\/\/abc-latina.com\/honduras\/histoire\/","og_locale":"fr_FR","og_type":"article","og_title":"HISTOIRE - HONDURAS - Abc-latina","og_description":"Les principales dates historiques du Honduras.","og_url":"https:\/\/abc-latina.com\/honduras\/histoire\/","og_site_name":"Abc-latina","article_modified_time":"2026-04-30T16:25:06+00:00","twitter_card":"summary_large_image","twitter_misc":{"Dur\u00e9e de lecture estim\u00e9e":"1 minute"},"schema":{"@context":"https:\/\/schema.org","@graph":[{"@type":"WebPage","@id":"https:\/\/abc-latina.com\/honduras\/histoire\/","url":"https:\/\/abc-latina.com\/honduras\/histoire\/","name":"HISTOIRE - HONDURAS - Abc-latina","isPartOf":{"@id":"https:\/\/abc-latina.com\/#website"},"datePublished":"2010-07-17T00:01:38+00:00","dateModified":"2026-04-30T16:25:06+00:00","description":"Les principales dates historiques du Honduras.","breadcrumb":{"@id":"https:\/\/abc-latina.com\/honduras\/histoire\/#breadcrumb"},"inLanguage":"fr-FR","potentialAction":[{"@type":"ReadAction","target":["https:\/\/abc-latina.com\/honduras\/histoire\/"]}]},{"@type":"BreadcrumbList","@id":"https:\/\/abc-latina.com\/honduras\/histoire\/#breadcrumb","itemListElement":[{"@type":"ListItem","position":1,"name":"Accueil","item":"https:\/\/abc-latina.com\/"},{"@type":"ListItem","position":2,"name":"HISTOIRE &#8211; HONDURAS"}]},{"@type":"WebSite","@id":"https:\/\/abc-latina.com\/#website","url":"https:\/\/abc-latina.com\/","name":"Abc-latina","description":"","publisher":{"@id":"https:\/\/abc-latina.com\/#organization"},"potentialAction":[{"@type":"SearchAction","target":{"@type":"EntryPoint","urlTemplate":"https:\/\/abc-latina.com\/?s={search_term_string}"},"query-input":{"@type":"PropertyValueSpecification","valueRequired":true,"valueName":"search_term_string"}}],"inLanguage":"fr-FR"},{"@type":"Organization","@id":"https:\/\/abc-latina.com\/#organization","name":"Abc-latina","url":"https:\/\/abc-latina.com\/","logo":{"@type":"ImageObject","inLanguage":"fr-FR","@id":"https:\/\/abc-latina.com\/#\/schema\/logo\/image\/","url":"https:\/\/abc-latina.com\/wp-content\/uploads\/2026\/05\/cropped-logo.gif","contentUrl":"https:\/\/abc-latina.com\/wp-content\/uploads\/2026\/05\/cropped-logo.gif","width":89,"height":84,"caption":"Abc-latina"},"image":{"@id":"https:\/\/abc-latina.com\/#\/schema\/logo\/image\/"}}]}},"_links":{"self":[{"href":"https:\/\/abc-latina.com\/wp-json\/wp\/v2\/pages\/1414","targetHints":{"allow":["GET"]}}],"collection":[{"href":"https:\/\/abc-latina.com\/wp-json\/wp\/v2\/pages"}],"about":[{"href":"https:\/\/abc-latina.com\/wp-json\/wp\/v2\/types\/page"}],"author":[{"embeddable":true,"href":"https:\/\/abc-latina.com\/wp-json\/wp\/v2\/users\/3"}],"replies":[{"embeddable":true,"href":"https:\/\/abc-latina.com\/wp-json\/wp\/v2\/comments?post=1414"}],"version-history":[{"count":1,"href":"https:\/\/abc-latina.com\/wp-json\/wp\/v2\/pages\/1414\/revisions"}],"predecessor-version":[{"id":3506,"href":"https:\/\/abc-latina.com\/wp-json\/wp\/v2\/pages\/1414\/revisions\/3506"}],"up":[{"embeddable":true,"href":"https:\/\/abc-latina.com\/wp-json\/wp\/v2\/pages\/2306"}],"wp:attachment":[{"href":"https:\/\/abc-latina.com\/wp-json\/wp\/v2\/media?parent=1414"}],"curies":[{"name":"wp","href":"https:\/\/api.w.org\/{rel}","templated":true}]}}