{"id":1415,"date":"2010-07-17T02:05:31","date_gmt":"2010-07-17T00:05:31","guid":{"rendered":"http:\/\/abc-latina.com\/infoprat-htm-11\/"},"modified":"2026-04-30T18:25:06","modified_gmt":"2026-04-30T16:25:06","slug":"infoprat","status":"publish","type":"page","link":"https:\/\/abc-latina.com\/honduras\/infoprat\/","title":{"rendered":"INFORMATIONS PRATIQUES"},"content":{"rendered":"<h3>PASSEPORT &#8211; VISA pour le Honduras&nbsp;<\/h3>\n<div>\n<div>Pas de visa pour les ressortissants fran\u00e7ais, si le s\u00e9jour n&rsquo;exc\u00e9de pas trois mois.<\/div>\n<div>Un passeport en cours de validit\u00e9 est exig\u00e9 ainsi qu&rsquo;un billet d&rsquo;avion aller-retour.<\/div>\n<div><a href=\"https:\/\/www.abc-latina.com\/honduras\/ambassade\" target=\"_blank\">Les adresses des ambassades du honduras<\/a><\/div>\n<div>SECURITE: <a href=\"http:\/\/www.diplomatie.gouv.fr\/fr\/conseils-aux-voyageurs_909\/pays_12191\/honduras_12250\/indexl\" target=\"_blank\">les conseils aux voyageurs<\/a> du minist\u00e8res des affaires \u00e9trang\u00e8res. &nbsp;<\/div>\n<h3>SANTE&nbsp;<\/h3>\n<div>Pas de vaccin obligatoire pour entrer au Honduras.<\/div>\n<div><a href=\"https:\/\/www.abc-latina.com\/sites\/sante\/honduras\" target=\"_blank\">Les recommandations de l&rsquo;Institut Pasteur<\/a><\/div>\n<h3>CLIMAT au Honduras&nbsp;<\/h3>\n<div>Dans les plaines et vall\u00e9es, le climat est chaud et humide. Les temp\u00e9ratures moyennes sont de 27&deg;C en journ\u00e9e et de 22&deg;C durant la nuit.<\/div>\n<div>A 600m d&rsquo;altitude, les temp\u00e9ratures moyennes sont de 23&deg;C la journ\u00e9e et 20&deg;C la nuit.<\/div>\n<div>Sur la c\u00f4te Atlantique, il y a de fortes averses \u00e0 n&rsquo;importe quel moment de da journ\u00e9e et de l&rsquo;ann\u00e9e, mais sur la c\u00f4te Pacifique seulement durant la p\u00e9riode qui va d&rsquo;avril \u00e0 octobre.<\/div>\n<div><a href=\"https:\/\/www.abc-latina.com\/honduras\/meteo\">La m\u00e9t\u00e9o<\/a><\/div>\n<h3>ARGENT&nbsp;<\/h3>\n<div>De nombreux \u00e9tablissements, ainsi que les particuliers acceptent le paiement en dollars pour les transactions courantes. Retirer de l&rsquo;argent avec les cartes de cr\u00e9dit internationales ne pose aucun probl\u00e8me.<\/div>\n<div><a href=\"http:\/\/www.xe.com\/ucc\/fr\/\" target=\"_blank\">Le change<\/a><\/div>\n<h3>DECALAGE HORAIRE &nbsp;<\/h3>\n<div>Lorsqu&rsquo;il est midi en Europe Occidentale, il est au Honduras 4 h du matin (l&rsquo;\u00e9t\u00e9) et 5 h du matin (l&rsquo;hiver).<\/div>\n<div>Actuellement, au<\/div>\n<div>Honduras il est:<\/div>\n<h3>TRANSPORT&nbsp;<\/h3>\n<div>En bus, en train, en avion, en voiture ou m\u00eame en stop selon votre budget et la dur\u00e9e de votre s\u00e9jour. &nbsp;<\/div>\n<div>En bus :&nbsp;<\/div>\n<div>En Avion : &nbsp;<\/div>\n<div><a href=\"https:\/\/www.abc-latina.com\/to\/reservation_billets_avions\" target=\"_blank\">Billet d&rsquo;avion: comparez 10 millions d&rsquo;offres en moins de 30 secondes<\/a><\/div>\n<div>En train :&nbsp;<\/div>\n<div>En voiture :&nbsp;<\/div>\n<div><a href=\"https:\/\/www.abc-latina.com\/to\/location_de_voiture_honduras\" target=\"_blank\">Location de voitures : le meilleur prix en comparant 50 agences<\/a><\/div>\n<div>Auto-stop : &nbsp;<\/div>\n<h3>JOURS FERIES &nbsp;<\/h3>\n<div><a href=\"tour_operateur\" target=\"_blank\"><img loading=\"lazy\" decoding=\"async\" class=\" size-full wp-image-41\" alt=\"\" class=\"touroperateur\" src=\"http:\/\/abc-latina.com\/wp-content\/uploads\/2010\/04\/timbre_to.gif\" width=\"125\" height=\"90\" \/><\/a>en cours<\/div>\n<h3>LANGUES&nbsp;<\/h3>\n<div>L&rsquo;espagnol est la langue officielle.<\/div>\n<div>Des langues am\u00e9rindiennes sont \u00e9galement parl\u00e9es: Le lenca, le paya, le sumo et le miskito<\/div>\n<h3>ACHATS&nbsp;<\/h3>\n<div>L&rsquo;artisanat local est excellent et tr\u00e8s bon march\u00e9. Les articles typiques du pays sont les sculptures en bois, les articles en cuir et en paille, les chapeaux, les colliers en perle, les paniers et les cigares.<\/div>\n<h3>TELEPHONE &#8211; INTERNET&nbsp;<\/h3>\n<div>Si vous souhaitez appeler vers le Honduras composez le 00 504 &#8230;<\/div>\n<\/div>\n","protected":false},"excerpt":{"rendered":"<p>PASSEPORT &#8211; VISA pour le Honduras&nbsp; Pas de visa pour les ressortissants fran\u00e7ais, si le s\u00e9jour n&rsquo;exc\u00e9de pas trois mois. [&hellip;]<\/p>\n","protected":false},"author":3,"featured_media":41,"parent":2306,"menu_order":0,"comment_status":"closed","ping_status":"closed","template":"","meta":{"site-sidebar-layout":"default","site-content-layout":"","ast-site-content-layout":"default","site-content-style":"default","site-sidebar-style":"default","ast-global-header-display":"","ast-banner-title-visibility":"","ast-main-header-display":"","ast-hfb-above-header-display":"","ast-hfb-below-header-display":"","ast-hfb-mobile-header-display":"","site-post-title":"","ast-breadcrumbs-content":"","ast-featured-img":"","footer-sml-layout":"","ast-disable-related-posts":"","theme-transparent-header-meta":"","adv-header-id-meta":"","stick-header-meta":"","header-above-stick-meta":"","header-main-stick-meta":"","header-below-stick-meta":"","astra-migrate-meta-layouts":"default","ast-page-background-enabled":"default","ast-page-background-meta":{"desktop":{"background-color":"var(--ast-global-color-5)","background-image":"","background-repeat":"repeat","background-position":"center center","background-size":"auto","background-attachment":"scroll","background-type":"","background-media":"","overlay-type":"","overlay-color":"","overlay-opacity":"","overlay-gradient":""},"tablet":{"background-color":"","background-image":"","background-repeat":"repeat","background-position":"center center","background-size":"auto","background-attachment":"scroll","background-type":"","background-media":"","overlay-type":"","overlay-color":"","overlay-opacity":"","overlay-gradient":""},"mobile":{"background-color":"","background-image":"","background-repeat":"repeat","background-position":"center center","background-size":"auto","background-attachment":"scroll","background-type":"","background-media":"","overlay-type":"","overlay-color":"","overlay-opacity":"","overlay-gradient":""}},"ast-content-background-meta":{"desktop":{"background-color":"var(--ast-global-color-4)","background-image":"","background-repeat":"repeat","background-position":"center center","background-size":"auto","background-attachment":"scroll","background-type":"","background-media":"","overlay-type":"","overlay-color":"","overlay-opacity":"","overlay-gradient":""},"tablet":{"background-color":"var(--ast-global-color-4)","background-image":"","background-repeat":"repeat","background-position":"center center","background-size":"auto","background-attachment":"scroll","background-type":"","background-media":"","overlay-type":"","overlay-color":"","overlay-opacity":"","overlay-gradient":""},"mobile":{"background-color":"var(--ast-global-color-4)","background-image":"","background-repeat":"repeat","background-position":"center center","background-size":"auto","background-attachment":"scroll","background-type":"","background-media":"","overlay-type":"","overlay-color":"","overlay-opacity":"","overlay-gradient":""}},"footnotes":""},"class_list":["post-1415","page","type-page","status-publish","has-post-thumbnail","hentry"],"yoast_head":"<!-- This site is optimized with the Yoast SEO plugin v27.5 - https:\/\/yoast.com\/product\/yoast-seo-wordpress\/ -->\n<title>INFORMATIONS PRATIQUES - Abc-latina<\/title>\n<meta name=\"description\" content=\"Conseils et informations pratiques avant de partir pour le Honduras.\" \/>\n<meta name=\"robots\" content=\"index, follow, max-snippet:-1, max-image-preview:large, max-video-preview:-1\" \/>\n<link rel=\"canonical\" href=\"https:\/\/abc-latina.com\/honduras\/infoprat\/\" \/>\n<meta property=\"og:locale\" content=\"fr_FR\" \/>\n<meta property=\"og:type\" content=\"article\" \/>\n<meta property=\"og:title\" content=\"INFORMATIONS PRATIQUES - Abc-latina\" \/>\n<meta property=\"og:description\" content=\"Conseils et informations pratiques avant de partir pour le Honduras.\" \/>\n<meta property=\"og:url\" content=\"https:\/\/abc-latina.com\/honduras\/infoprat\/\" \/>\n<meta property=\"og:site_name\" content=\"Abc-latina\" \/>\n<meta property=\"article:modified_time\" content=\"2026-04-30T16:25:06+00:00\" \/>\n<meta property=\"og:image\" content=\"https:\/\/abc-latina.com\/wp-content\/uploads\/2010\/04\/timbre_to.gif\" \/>\n\t<meta property=\"og:image:width\" content=\"125\" \/>\n\t<meta property=\"og:image:height\" content=\"90\" \/>\n\t<meta property=\"og:image:type\" content=\"image\/gif\" \/>\n<meta name=\"twitter:card\" content=\"summary_large_image\" \/>\n<meta name=\"twitter:label1\" content=\"Dur\u00e9e de lecture estim\u00e9e\" \/>\n\t<meta name=\"twitter:data1\" content=\"2 minutes\" \/>\n<script type=\"application\/ld+json\" class=\"yoast-schema-graph\">{\"@context\":\"https:\\\/\\\/schema.org\",\"@graph\":[{\"@type\":\"WebPage\",\"@id\":\"https:\\\/\\\/abc-latina.com\\\/honduras\\\/infoprat\\\/\",\"url\":\"https:\\\/\\\/abc-latina.com\\\/honduras\\\/infoprat\\\/\",\"name\":\"INFORMATIONS PRATIQUES - Abc-latina\",\"isPartOf\":{\"@id\":\"https:\\\/\\\/abc-latina.com\\\/#website\"},\"primaryImageOfPage\":{\"@id\":\"https:\\\/\\\/abc-latina.com\\\/honduras\\\/infoprat\\\/#primaryimage\"},\"image\":{\"@id\":\"https:\\\/\\\/abc-latina.com\\\/honduras\\\/infoprat\\\/#primaryimage\"},\"thumbnailUrl\":\"https:\\\/\\\/abc-latina.com\\\/wp-content\\\/uploads\\\/2010\\\/04\\\/timbre_to.gif\",\"datePublished\":\"2010-07-17T00:05:31+00:00\",\"dateModified\":\"2026-04-30T16:25:06+00:00\",\"description\":\"Conseils et informations pratiques avant de partir pour le Honduras.\",\"breadcrumb\":{\"@id\":\"https:\\\/\\\/abc-latina.com\\\/honduras\\\/infoprat\\\/#breadcrumb\"},\"inLanguage\":\"fr-FR\",\"potentialAction\":[{\"@type\":\"ReadAction\",\"target\":[\"https:\\\/\\\/abc-latina.com\\\/honduras\\\/infoprat\\\/\"]}]},{\"@type\":\"ImageObject\",\"inLanguage\":\"fr-FR\",\"@id\":\"https:\\\/\\\/abc-latina.com\\\/honduras\\\/infoprat\\\/#primaryimage\",\"url\":\"https:\\\/\\\/abc-latina.com\\\/wp-content\\\/uploads\\\/2010\\\/04\\\/timbre_to.gif\",\"contentUrl\":\"https:\\\/\\\/abc-latina.com\\\/wp-content\\\/uploads\\\/2010\\\/04\\\/timbre_to.gif\",\"width\":125,\"height\":90},{\"@type\":\"BreadcrumbList\",\"@id\":\"https:\\\/\\\/abc-latina.com\\\/honduras\\\/infoprat\\\/#breadcrumb\",\"itemListElement\":[{\"@type\":\"ListItem\",\"position\":1,\"name\":\"Accueil\",\"item\":\"https:\\\/\\\/abc-latina.com\\\/\"},{\"@type\":\"ListItem\",\"position\":2,\"name\":\"INFORMATIONS PRATIQUES\"}]},{\"@type\":\"WebSite\",\"@id\":\"https:\\\/\\\/abc-latina.com\\\/#website\",\"url\":\"https:\\\/\\\/abc-latina.com\\\/\",\"name\":\"Abc-latina\",\"description\":\"\",\"publisher\":{\"@id\":\"https:\\\/\\\/abc-latina.com\\\/#organization\"},\"potentialAction\":[{\"@type\":\"SearchAction\",\"target\":{\"@type\":\"EntryPoint\",\"urlTemplate\":\"https:\\\/\\\/abc-latina.com\\\/?s={search_term_string}\"},\"query-input\":{\"@type\":\"PropertyValueSpecification\",\"valueRequired\":true,\"valueName\":\"search_term_string\"}}],\"inLanguage\":\"fr-FR\"},{\"@type\":\"Organization\",\"@id\":\"https:\\\/\\\/abc-latina.com\\\/#organization\",\"name\":\"Abc-latina\",\"url\":\"https:\\\/\\\/abc-latina.com\\\/\",\"logo\":{\"@type\":\"ImageObject\",\"inLanguage\":\"fr-FR\",\"@id\":\"https:\\\/\\\/abc-latina.com\\\/#\\\/schema\\\/logo\\\/image\\\/\",\"url\":\"https:\\\/\\\/abc-latina.com\\\/wp-content\\\/uploads\\\/2026\\\/05\\\/cropped-logo.gif\",\"contentUrl\":\"https:\\\/\\\/abc-latina.com\\\/wp-content\\\/uploads\\\/2026\\\/05\\\/cropped-logo.gif\",\"width\":89,\"height\":84,\"caption\":\"Abc-latina\"},\"image\":{\"@id\":\"https:\\\/\\\/abc-latina.com\\\/#\\\/schema\\\/logo\\\/image\\\/\"}}]}<\/script>\n<!-- \/ Yoast SEO plugin. -->","yoast_head_json":{"title":"INFORMATIONS PRATIQUES - Abc-latina","description":"Conseils et informations pratiques avant de partir pour le Honduras.","robots":{"index":"index","follow":"follow","max-snippet":"max-snippet:-1","max-image-preview":"max-image-preview:large","max-video-preview":"max-video-preview:-1"},"canonical":"https:\/\/abc-latina.com\/honduras\/infoprat\/","og_locale":"fr_FR","og_type":"article","og_title":"INFORMATIONS PRATIQUES - Abc-latina","og_description":"Conseils et informations pratiques avant de partir pour le Honduras.","og_url":"https:\/\/abc-latina.com\/honduras\/infoprat\/","og_site_name":"Abc-latina","article_modified_time":"2026-04-30T16:25:06+00:00","og_image":[{"width":125,"height":90,"url":"https:\/\/abc-latina.com\/wp-content\/uploads\/2010\/04\/timbre_to.gif","type":"image\/gif"}],"twitter_card":"summary_large_image","twitter_misc":{"Dur\u00e9e de lecture estim\u00e9e":"2 minutes"},"schema":{"@context":"https:\/\/schema.org","@graph":[{"@type":"WebPage","@id":"https:\/\/abc-latina.com\/honduras\/infoprat\/","url":"https:\/\/abc-latina.com\/honduras\/infoprat\/","name":"INFORMATIONS PRATIQUES - Abc-latina","isPartOf":{"@id":"https:\/\/abc-latina.com\/#website"},"primaryImageOfPage":{"@id":"https:\/\/abc-latina.com\/honduras\/infoprat\/#primaryimage"},"image":{"@id":"https:\/\/abc-latina.com\/honduras\/infoprat\/#primaryimage"},"thumbnailUrl":"https:\/\/abc-latina.com\/wp-content\/uploads\/2010\/04\/timbre_to.gif","datePublished":"2010-07-17T00:05:31+00:00","dateModified":"2026-04-30T16:25:06+00:00","description":"Conseils et informations pratiques avant de partir pour le Honduras.","breadcrumb":{"@id":"https:\/\/abc-latina.com\/honduras\/infoprat\/#breadcrumb"},"inLanguage":"fr-FR","potentialAction":[{"@type":"ReadAction","target":["https:\/\/abc-latina.com\/honduras\/infoprat\/"]}]},{"@type":"ImageObject","inLanguage":"fr-FR","@id":"https:\/\/abc-latina.com\/honduras\/infoprat\/#primaryimage","url":"https:\/\/abc-latina.com\/wp-content\/uploads\/2010\/04\/timbre_to.gif","contentUrl":"https:\/\/abc-latina.com\/wp-content\/uploads\/2010\/04\/timbre_to.gif","width":125,"height":90},{"@type":"BreadcrumbList","@id":"https:\/\/abc-latina.com\/honduras\/infoprat\/#breadcrumb","itemListElement":[{"@type":"ListItem","position":1,"name":"Accueil","item":"https:\/\/abc-latina.com\/"},{"@type":"ListItem","position":2,"name":"INFORMATIONS PRATIQUES"}]},{"@type":"WebSite","@id":"https:\/\/abc-latina.com\/#website","url":"https:\/\/abc-latina.com\/","name":"Abc-latina","description":"","publisher":{"@id":"https:\/\/abc-latina.com\/#organization"},"potentialAction":[{"@type":"SearchAction","target":{"@type":"EntryPoint","urlTemplate":"https:\/\/abc-latina.com\/?s={search_term_string}"},"query-input":{"@type":"PropertyValueSpecification","valueRequired":true,"valueName":"search_term_string"}}],"inLanguage":"fr-FR"},{"@type":"Organization","@id":"https:\/\/abc-latina.com\/#organization","name":"Abc-latina","url":"https:\/\/abc-latina.com\/","logo":{"@type":"ImageObject","inLanguage":"fr-FR","@id":"https:\/\/abc-latina.com\/#\/schema\/logo\/image\/","url":"https:\/\/abc-latina.com\/wp-content\/uploads\/2026\/05\/cropped-logo.gif","contentUrl":"https:\/\/abc-latina.com\/wp-content\/uploads\/2026\/05\/cropped-logo.gif","width":89,"height":84,"caption":"Abc-latina"},"image":{"@id":"https:\/\/abc-latina.com\/#\/schema\/logo\/image\/"}}]}},"_links":{"self":[{"href":"https:\/\/abc-latina.com\/wp-json\/wp\/v2\/pages\/1415","targetHints":{"allow":["GET"]}}],"collection":[{"href":"https:\/\/abc-latina.com\/wp-json\/wp\/v2\/pages"}],"about":[{"href":"https:\/\/abc-latina.com\/wp-json\/wp\/v2\/types\/page"}],"author":[{"embeddable":true,"href":"https:\/\/abc-latina.com\/wp-json\/wp\/v2\/users\/3"}],"replies":[{"embeddable":true,"href":"https:\/\/abc-latina.com\/wp-json\/wp\/v2\/comments?post=1415"}],"version-history":[{"count":1,"href":"https:\/\/abc-latina.com\/wp-json\/wp\/v2\/pages\/1415\/revisions"}],"predecessor-version":[{"id":3508,"href":"https:\/\/abc-latina.com\/wp-json\/wp\/v2\/pages\/1415\/revisions\/3508"}],"up":[{"embeddable":true,"href":"https:\/\/abc-latina.com\/wp-json\/wp\/v2\/pages\/2306"}],"wp:featuredmedia":[{"embeddable":true,"href":"https:\/\/abc-latina.com\/wp-json\/wp\/v2\/media\/41"}],"wp:attachment":[{"href":"https:\/\/abc-latina.com\/wp-json\/wp\/v2\/media?parent=1415"}],"curies":[{"name":"wp","href":"https:\/\/api.w.org\/{rel}","templated":true}]}}