{"id":1423,"date":"2010-07-17T02:24:17","date_gmt":"2010-07-17T00:24:17","guid":{"rendered":"http:\/\/abc-latina.com\/tourisme-htm-12\/"},"modified":"2026-04-30T18:25:07","modified_gmt":"2026-04-30T16:25:07","slug":"tourisme","status":"publish","type":"page","link":"https:\/\/abc-latina.com\/honduras\/tourisme\/","title":{"rendered":"TOURISME &#038; VOYAGE au HONDURAS"},"content":{"rendered":"<h3>TEGUCIGALPA<\/h3>\n<div><img loading=\"lazy\" decoding=\"async\" class=\" alignright size-full wp-image-1422\" src=\"http:\/\/abc-latina.com\/wp-content\/uploads\/2010\/07\/comayagua.jpg\" alt=\"\" width=\"220\" vspace=\"9\" hspace=\"15\" height=\"220\" align=\"right\" srcset=\"https:\/\/abc-latina.com\/wp-content\/uploads\/2010\/07\/comayagua.jpg 220w, https:\/\/abc-latina.com\/wp-content\/uploads\/2010\/07\/comayagua-150x150.jpg 150w\" sizes=\"auto, (max-width: 220px) 100vw, 220px\" \/>La capitale du Honduras situ\u00e9e \u00e0 pr\u00e8s de 1000 m\u00e8tres d&rsquo;altitude, b\u00e9n\u00e9ficie d&rsquo;un climat frais et plaisant. Tegucigalpa est entour\u00e9e d&rsquo;une ceinture de montagnes couverte de pins. Tegucigalpa signifie &quot; montagne d&rsquo;argent &quot;.<\/div>\n<div>La cath\u00e9drale, \u00e9difi\u00e9e au 18 \u00e9me si\u00e8cle a un int\u00e9rieur de style baroque et renferme de nombreuses \u0153uvres artistiques. Un agr\u00e9able jardin, le Parque Central, se trouve en face de la cath\u00e9drale.<\/div>\n<div>Le centre ville a su conserver d&rsquo;int\u00e9ressants \u00e9difices : l&rsquo;ancienne universit\u00e9 &quot; Antiguo Paraninfo Universitario &quot;, aujourd&rsquo;hui am\u00e9nag\u00e9 pour un mus\u00e9e d&rsquo;art ; le parlement (Palacio Legislativo), de conception moderne est \u00e9rig\u00e9 sur un syst\u00e8me de piliers ; L&rsquo;ancienne Casa Presidencial, r\u00e9sidence du pr\u00e9sident peut \u00eatre visit\u00e9e par le public ; et l&rsquo;\u00e9glise San Francisco du 16 \u00e9me si\u00e8cle, la plus ancienne de la capitale sont les monuments qui repr\u00e9sentent le plus grand int\u00e9r\u00eat sur le plan artistique. La ville est travers\u00e9e par le fleuve Choluteca qui s\u00e9pare Tegucigalpa de Comayaguela.Les environs de Tegucigalpa<\/div>\n<div>A 7 km au sud-est de la capitale se dresse l&rsquo;int\u00e9ressante Basilique de Suyapa, o\u00f9 se trouve la Vierge de Suyapa, la Sainte Patronne du Honduras. A 13 km de Tegucigalpa, Santa Lucia est une petite ville typique qui a su garder le charme d&rsquo;une vieille cit\u00e9 espagnole. A 11 km apr\u00e8s Santa Lucia se trouve la Valle de Angeles, une ancienne ville mini\u00e8re qui a \u00e9t\u00e9 restaur\u00e9e dans le style du 16 \u00e9me si\u00e8cle. A 12 km environs, se trouve une autre ville pittoresque, Ojojona qui se distingue par son artisanat. Au nord-est de la ville le Parc National Tigra est un des plus beaux endroits au Honduras. Situ\u00e9 \u00e0 2270m d&rsquo;altitude, le parc a pour but de sauvegarder de la flore et de la faune, et y vivent en toute qui\u00e9tude des ocelots, des pumas, des singes et des quetzals (oiseau symbolique des civilisations de la M\u00e9soam\u00e9rique).&nbsp;<\/div>\n<h3>COMAYAGUA<\/h3>\n<div>Comayagua est l&rsquo;ancienne capitale du Honduras (1537-1880), de nombreux vestiges de l&rsquo;\u00e9poque coloniale sont pr\u00e9sents dans cette ville.<\/div>\n<div>A visiter<\/div>\n<div>La magnifique cath\u00e9drale construite entre 1685 et 1715. Elle garde de nombreux tr\u00e9sors dont un de la plus ancienne horloge au monde. Fabriqu\u00e9e il y a plus de 800 ans par les Maures pour le palais de l&rsquo;Alhambra, l&rsquo;horloge fut offerte \u00e0 la ville par le roi Philippe 2 d&rsquo;Espagne. La ville abrite \u00e9galement la premi\u00e8re universit\u00e9 \u00e9difi\u00e9e en Am\u00e9rique centrale (1632), reconvertit de nos jours en mus\u00e9e colonial. La plus ancienne \u00e9glise, La Merced, remonte \u00e0 1558. Les \u00e9glises San Francisco (1584) et La Caridad (1730) pr\u00e9sentent \u00e9galement un fort int\u00e9r\u00eat architectural.<\/div>\n<h3>LES RUINES DE COPAN<\/h3>\n<div><a href=\"tour_operateur\" target=\"_blank\"><img loading=\"lazy\" decoding=\"async\" class=\" size-full wp-image-41\" alt=\"\" class=\"touroperateur\" src=\"http:\/\/abc-latina.com\/wp-content\/uploads\/2010\/04\/timbre_to.gif\" width=\"125\" height=\"90\" \/><\/a><\/div>\n<div>Le site arch\u00e9ologique de Copan, class\u00e9 par l&rsquo;UNESCO, est ouvert tous les jours et pr\u00e9sente aux visiteurs l&rsquo;une des cit\u00e9s les plus remarquables de la <a href=\"https:\/\/www.abc-latina.com\/civilisations\/maya\" target=\"_blank\">Civilisation Maya<\/a>. L&rsquo;Acropole qui renferme les sculptures des 16 rois de Copan ; la St\u00e8le de la Grande Place ; le cour du jeu de balle (pelote) et ses escaliers orn\u00e9s de bas reliefs hi\u00e9roglyphiques sont d&rsquo;une exceptionnelle beaut\u00e9.<\/div>\n<h3>TELA et TRUJILLO<\/h3>\n<div>Se sont toutes deux des villes portuaires et des stations baln\u00e9aires en pleine croissance touristique. Tela et Trujillo d\u00e9ploient le charme des plages au sable blanc et poudreux, aux d\u00e9cors idylliques, bord\u00e9es d&rsquo;un c\u00f4t\u00e9 par les cocotiers et de l&rsquo;autre par une mer bleue et limpide. Trujillo poss\u00e8de un int\u00e9ressant mus\u00e9e arch\u00e9ologique ainsi que la tombe de William Walker, c\u00e9l\u00e8bre corsaire des cara\u00efbes. A l&rsquo;ouest de la ville se trouve le quartier Barrio Cristales o\u00f9 vit la communaut\u00e9 afro-am\u00e9ricaine des Garifunas. Tela est un endroit particuli\u00e8rement consacr\u00e9 \u00e0 la danse, \u00e0 la musique et au farniente. Sont particuli\u00e8rement attrayantes les festivit\u00e9s de Tela (13 juin) et de Trujillo (24 juin).<\/div>\n<h3>ILES ROATAN, GUANAJA et UTILA<\/h3>\n<div>Situ\u00e9es \u00e0 50 km au nord du Honduras, ces \u00eeles sont le must pour la p\u00eache et la plong\u00e9e sous-marine. Il faut savoir que le Honduras est le pays, apr\u00e8s l&rsquo;Australie, qui poss\u00e8de la plus grande barri\u00e8re de r\u00e9cifs coralliens au monde. Ici aussi c&rsquo;est une succession de paysages de carte postale qui constituent ces \u00eeles. La partie occidentale de Roatan est la plus touristique.<\/div>\n<h3>MOSQUITIA<\/h3>\n<div>Situ\u00e9e au nord-est du Honduras, la r\u00e9gion abrite la magnifique r\u00e9serve naturelle du Rio Platano, class\u00e9e par l&rsquo;UNESCO (superficie de 5.251 km&sup2;). Des circuits en bateaux sont propos\u00e9s sur les rivi\u00e8res et les lagons de la r\u00e9serve. Peupl\u00e9e par les Indiens Mosquitos, Payas et Sumos, la Mosquitia est une for\u00eat tropicale.&nbsp;<\/div>\n<h3>HOG ISLANDS<\/h3>\n<div>Egalement appel\u00e9s Cayos Cochinos, ce petit groupe d&rsquo;\u00eeles et de r\u00e9cifs est situ\u00e9 \u00e0 17 km de la c\u00f4te pr\u00e8s de La Ceiba. D\u00e9j\u00e0 habit\u00e9s par les Mayas, les Hog Islands ont la particularit\u00e9 de pr\u00e9senter des bancs de r\u00e9cifs coralliens de couleur noire. A partir de Nueva Armenia, il est possible de visiter par bateaux les Hog Islands.<\/div>\n<h3>PARC MARITIME NATIONAL PUNTA SAL<\/h3>\n<div>Ce parc renferme des f\u00f4rets de mangrove ainsi qu&rsquo;une petite for\u00eat tropicale, des r\u00e9cifs coralliens et une presqu&rsquo;\u00eele rocheuse. Le parc a su garder son aspect originel, les routes sont peu d\u00e9velopp\u00e9es, cependant un grand projet de d\u00e9veloppement dans la baie de Tela est actuellement en construction.<\/div>\n<h3>EL TIGRE (au sud du pays)<\/h3>\n<div>Dans cette \u00eele volcanique qui s&rsquo;\u00e9l\u00e8ve \u00e0 783 m\u00e8tres d&rsquo;altitude dans le golf de Fonseca, se trouve le village d&rsquo;Amapala. Un petit port de p\u00eacheurs r\u00e9put\u00e9 pour sa cuisine \u00e0 base de poissons et de crustac\u00e9s, sa tranquillit\u00e9 et ses magnifiques paysages. Pour se rendre dans l&rsquo;\u00eele, des petits bateaux et des car ferry vous attendent \u00e0 Coyolito.<\/div>\n<div>&nbsp;<\/div>\n<h3>Les sites honduriens class\u00e9s au patrimoine de l&rsquo;UNESCO:<\/h3>\n<div>Site maya de Cop\u00e1n &#8211; 1980<\/div>\n<div>R\u00e9serve de la biosph\u00e8re R\u00edo Pl\u00e1tano &#8211; 1982<\/div>\n<h3>Pr\u00e9parez votre voyage au Honduras:<\/h3>\n<div><a href=\"https:\/\/www.abc-latina.com\/honduras\/agence_de_voyages\">Agences de voyage g\u00e9n\u00e9ralistes et discounteurs<\/a><\/div>\n<div><a href=\"https:\/\/www.abc-latina.com\/honduras\/tour_operateur\">Tours Op\u00e9rateurs sp\u00e9cialistes du Honduras<\/a><\/div>\n<div><a href=\"https:\/\/www.abc-latina.com\/to\/reservation_billet_avion\" target=\"_blank\">R\u00e9servez votre billet d&rsquo;avion<\/a><\/div>\n<div><a href=\"https:\/\/www.abc-latina.com\/honduras\/hotels\">R\u00e9servez votre h\u00f4tel au Honduras<\/a>&nbsp;<\/div>\n<div><a href=\"https:\/\/www.abc-latina.com\/to\/location_de_voiture_honduras\" target=\"_blank\">Location de voiture<\/a><\/div>\n<p>&nbsp;<\/p>\n","protected":false},"excerpt":{"rendered":"<p>TEGUCIGALPA La capitale du Honduras situ\u00e9e \u00e0 pr\u00e8s de 1000 m\u00e8tres d&rsquo;altitude, b\u00e9n\u00e9ficie d&rsquo;un climat frais et plaisant. Tegucigalpa est [&hellip;]<\/p>\n","protected":false},"author":3,"featured_media":1422,"parent":2306,"menu_order":0,"comment_status":"closed","ping_status":"closed","template":"","meta":{"site-sidebar-layout":"default","site-content-layout":"","ast-site-content-layout":"default","site-content-style":"default","site-sidebar-style":"default","ast-global-header-display":"","ast-banner-title-visibility":"","ast-main-header-display":"","ast-hfb-above-header-display":"","ast-hfb-below-header-display":"","ast-hfb-mobile-header-display":"","site-post-title":"","ast-breadcrumbs-content":"","ast-featured-img":"","footer-sml-layout":"","ast-disable-related-posts":"","theme-transparent-header-meta":"","adv-header-id-meta":"","stick-header-meta":"","header-above-stick-meta":"","header-main-stick-meta":"","header-below-stick-meta":"","astra-migrate-meta-layouts":"default","ast-page-background-enabled":"default","ast-page-background-meta":{"desktop":{"background-color":"var(--ast-global-color-5)","background-image":"","background-repeat":"repeat","background-position":"center center","background-size":"auto","background-attachment":"scroll","background-type":"","background-media":"","overlay-type":"","overlay-color":"","overlay-opacity":"","overlay-gradient":""},"tablet":{"background-color":"","background-image":"","background-repeat":"repeat","background-position":"center center","background-size":"auto","background-attachment":"scroll","background-type":"","background-media":"","overlay-type":"","overlay-color":"","overlay-opacity":"","overlay-gradient":""},"mobile":{"background-color":"","background-image":"","background-repeat":"repeat","background-position":"center center","background-size":"auto","background-attachment":"scroll","background-type":"","background-media":"","overlay-type":"","overlay-color":"","overlay-opacity":"","overlay-gradient":""}},"ast-content-background-meta":{"desktop":{"background-color":"var(--ast-global-color-4)","background-image":"","background-repeat":"repeat","background-position":"center center","background-size":"auto","background-attachment":"scroll","background-type":"","background-media":"","overlay-type":"","overlay-color":"","overlay-opacity":"","overlay-gradient":""},"tablet":{"background-color":"var(--ast-global-color-4)","background-image":"","background-repeat":"repeat","background-position":"center center","background-size":"auto","background-attachment":"scroll","background-type":"","background-media":"","overlay-type":"","overlay-color":"","overlay-opacity":"","overlay-gradient":""},"mobile":{"background-color":"var(--ast-global-color-4)","background-image":"","background-repeat":"repeat","background-position":"center center","background-size":"auto","background-attachment":"scroll","background-type":"","background-media":"","overlay-type":"","overlay-color":"","overlay-opacity":"","overlay-gradient":""}},"footnotes":""},"class_list":["post-1423","page","type-page","status-publish","has-post-thumbnail","hentry"],"yoast_head":"<!-- This site is optimized with the Yoast SEO plugin v27.5 - https:\/\/yoast.com\/product\/yoast-seo-wordpress\/ -->\n<title>TOURISME &amp; VOYAGE au HONDURAS - Abc-latina<\/title>\n<meta name=\"description\" content=\"Le tourisme au Honduras. Voyage au Guatemala.\" \/>\n<meta name=\"robots\" content=\"index, follow, max-snippet:-1, max-image-preview:large, max-video-preview:-1\" \/>\n<link rel=\"canonical\" href=\"https:\/\/abc-latina.com\/honduras\/tourisme\/\" \/>\n<meta property=\"og:locale\" content=\"fr_FR\" \/>\n<meta property=\"og:type\" content=\"article\" \/>\n<meta property=\"og:title\" content=\"TOURISME &amp; VOYAGE au HONDURAS - Abc-latina\" \/>\n<meta property=\"og:description\" content=\"Le tourisme au Honduras. Voyage au Guatemala.\" \/>\n<meta property=\"og:url\" content=\"https:\/\/abc-latina.com\/honduras\/tourisme\/\" \/>\n<meta property=\"og:site_name\" content=\"Abc-latina\" \/>\n<meta property=\"article:modified_time\" content=\"2026-04-30T16:25:07+00:00\" \/>\n<meta property=\"og:image\" content=\"https:\/\/abc-latina.com\/wp-content\/uploads\/2010\/07\/comayagua.jpg\" \/>\n\t<meta property=\"og:image:width\" content=\"220\" \/>\n\t<meta property=\"og:image:height\" content=\"220\" \/>\n\t<meta property=\"og:image:type\" content=\"image\/jpeg\" \/>\n<meta name=\"twitter:card\" content=\"summary_large_image\" \/>\n<meta name=\"twitter:label1\" content=\"Dur\u00e9e de lecture estim\u00e9e\" \/>\n\t<meta name=\"twitter:data1\" content=\"5 minutes\" \/>\n<script type=\"application\/ld+json\" class=\"yoast-schema-graph\">{\"@context\":\"https:\\\/\\\/schema.org\",\"@graph\":[{\"@type\":\"WebPage\",\"@id\":\"https:\\\/\\\/abc-latina.com\\\/honduras\\\/tourisme\\\/\",\"url\":\"https:\\\/\\\/abc-latina.com\\\/honduras\\\/tourisme\\\/\",\"name\":\"TOURISME & VOYAGE au HONDURAS - Abc-latina\",\"isPartOf\":{\"@id\":\"https:\\\/\\\/abc-latina.com\\\/#website\"},\"primaryImageOfPage\":{\"@id\":\"https:\\\/\\\/abc-latina.com\\\/honduras\\\/tourisme\\\/#primaryimage\"},\"image\":{\"@id\":\"https:\\\/\\\/abc-latina.com\\\/honduras\\\/tourisme\\\/#primaryimage\"},\"thumbnailUrl\":\"https:\\\/\\\/abc-latina.com\\\/wp-content\\\/uploads\\\/2010\\\/07\\\/comayagua.jpg\",\"datePublished\":\"2010-07-17T00:24:17+00:00\",\"dateModified\":\"2026-04-30T16:25:07+00:00\",\"description\":\"Le tourisme au Honduras. Voyage au Guatemala.\",\"breadcrumb\":{\"@id\":\"https:\\\/\\\/abc-latina.com\\\/honduras\\\/tourisme\\\/#breadcrumb\"},\"inLanguage\":\"fr-FR\",\"potentialAction\":[{\"@type\":\"ReadAction\",\"target\":[\"https:\\\/\\\/abc-latina.com\\\/honduras\\\/tourisme\\\/\"]}]},{\"@type\":\"ImageObject\",\"inLanguage\":\"fr-FR\",\"@id\":\"https:\\\/\\\/abc-latina.com\\\/honduras\\\/tourisme\\\/#primaryimage\",\"url\":\"https:\\\/\\\/abc-latina.com\\\/wp-content\\\/uploads\\\/2010\\\/07\\\/comayagua.jpg\",\"contentUrl\":\"https:\\\/\\\/abc-latina.com\\\/wp-content\\\/uploads\\\/2010\\\/07\\\/comayagua.jpg\",\"width\":220,\"height\":220},{\"@type\":\"BreadcrumbList\",\"@id\":\"https:\\\/\\\/abc-latina.com\\\/honduras\\\/tourisme\\\/#breadcrumb\",\"itemListElement\":[{\"@type\":\"ListItem\",\"position\":1,\"name\":\"Accueil\",\"item\":\"https:\\\/\\\/abc-latina.com\\\/\"},{\"@type\":\"ListItem\",\"position\":2,\"name\":\"TOURISME &#038; VOYAGE au HONDURAS\"}]},{\"@type\":\"WebSite\",\"@id\":\"https:\\\/\\\/abc-latina.com\\\/#website\",\"url\":\"https:\\\/\\\/abc-latina.com\\\/\",\"name\":\"Abc-latina\",\"description\":\"\",\"publisher\":{\"@id\":\"https:\\\/\\\/abc-latina.com\\\/#organization\"},\"potentialAction\":[{\"@type\":\"SearchAction\",\"target\":{\"@type\":\"EntryPoint\",\"urlTemplate\":\"https:\\\/\\\/abc-latina.com\\\/?s={search_term_string}\"},\"query-input\":{\"@type\":\"PropertyValueSpecification\",\"valueRequired\":true,\"valueName\":\"search_term_string\"}}],\"inLanguage\":\"fr-FR\"},{\"@type\":\"Organization\",\"@id\":\"https:\\\/\\\/abc-latina.com\\\/#organization\",\"name\":\"Abc-latina\",\"url\":\"https:\\\/\\\/abc-latina.com\\\/\",\"logo\":{\"@type\":\"ImageObject\",\"inLanguage\":\"fr-FR\",\"@id\":\"https:\\\/\\\/abc-latina.com\\\/#\\\/schema\\\/logo\\\/image\\\/\",\"url\":\"https:\\\/\\\/abc-latina.com\\\/wp-content\\\/uploads\\\/2026\\\/05\\\/cropped-logo.gif\",\"contentUrl\":\"https:\\\/\\\/abc-latina.com\\\/wp-content\\\/uploads\\\/2026\\\/05\\\/cropped-logo.gif\",\"width\":89,\"height\":84,\"caption\":\"Abc-latina\"},\"image\":{\"@id\":\"https:\\\/\\\/abc-latina.com\\\/#\\\/schema\\\/logo\\\/image\\\/\"}}]}<\/script>\n<!-- \/ Yoast SEO plugin. -->","yoast_head_json":{"title":"TOURISME & VOYAGE au HONDURAS - Abc-latina","description":"Le tourisme au Honduras. Voyage au Guatemala.","robots":{"index":"index","follow":"follow","max-snippet":"max-snippet:-1","max-image-preview":"max-image-preview:large","max-video-preview":"max-video-preview:-1"},"canonical":"https:\/\/abc-latina.com\/honduras\/tourisme\/","og_locale":"fr_FR","og_type":"article","og_title":"TOURISME & VOYAGE au HONDURAS - Abc-latina","og_description":"Le tourisme au Honduras. Voyage au Guatemala.","og_url":"https:\/\/abc-latina.com\/honduras\/tourisme\/","og_site_name":"Abc-latina","article_modified_time":"2026-04-30T16:25:07+00:00","og_image":[{"width":220,"height":220,"url":"https:\/\/abc-latina.com\/wp-content\/uploads\/2010\/07\/comayagua.jpg","type":"image\/jpeg"}],"twitter_card":"summary_large_image","twitter_misc":{"Dur\u00e9e de lecture estim\u00e9e":"5 minutes"},"schema":{"@context":"https:\/\/schema.org","@graph":[{"@type":"WebPage","@id":"https:\/\/abc-latina.com\/honduras\/tourisme\/","url":"https:\/\/abc-latina.com\/honduras\/tourisme\/","name":"TOURISME & VOYAGE au HONDURAS - Abc-latina","isPartOf":{"@id":"https:\/\/abc-latina.com\/#website"},"primaryImageOfPage":{"@id":"https:\/\/abc-latina.com\/honduras\/tourisme\/#primaryimage"},"image":{"@id":"https:\/\/abc-latina.com\/honduras\/tourisme\/#primaryimage"},"thumbnailUrl":"https:\/\/abc-latina.com\/wp-content\/uploads\/2010\/07\/comayagua.jpg","datePublished":"2010-07-17T00:24:17+00:00","dateModified":"2026-04-30T16:25:07+00:00","description":"Le tourisme au Honduras. Voyage au Guatemala.","breadcrumb":{"@id":"https:\/\/abc-latina.com\/honduras\/tourisme\/#breadcrumb"},"inLanguage":"fr-FR","potentialAction":[{"@type":"ReadAction","target":["https:\/\/abc-latina.com\/honduras\/tourisme\/"]}]},{"@type":"ImageObject","inLanguage":"fr-FR","@id":"https:\/\/abc-latina.com\/honduras\/tourisme\/#primaryimage","url":"https:\/\/abc-latina.com\/wp-content\/uploads\/2010\/07\/comayagua.jpg","contentUrl":"https:\/\/abc-latina.com\/wp-content\/uploads\/2010\/07\/comayagua.jpg","width":220,"height":220},{"@type":"BreadcrumbList","@id":"https:\/\/abc-latina.com\/honduras\/tourisme\/#breadcrumb","itemListElement":[{"@type":"ListItem","position":1,"name":"Accueil","item":"https:\/\/abc-latina.com\/"},{"@type":"ListItem","position":2,"name":"TOURISME &#038; VOYAGE au HONDURAS"}]},{"@type":"WebSite","@id":"https:\/\/abc-latina.com\/#website","url":"https:\/\/abc-latina.com\/","name":"Abc-latina","description":"","publisher":{"@id":"https:\/\/abc-latina.com\/#organization"},"potentialAction":[{"@type":"SearchAction","target":{"@type":"EntryPoint","urlTemplate":"https:\/\/abc-latina.com\/?s={search_term_string}"},"query-input":{"@type":"PropertyValueSpecification","valueRequired":true,"valueName":"search_term_string"}}],"inLanguage":"fr-FR"},{"@type":"Organization","@id":"https:\/\/abc-latina.com\/#organization","name":"Abc-latina","url":"https:\/\/abc-latina.com\/","logo":{"@type":"ImageObject","inLanguage":"fr-FR","@id":"https:\/\/abc-latina.com\/#\/schema\/logo\/image\/","url":"https:\/\/abc-latina.com\/wp-content\/uploads\/2026\/05\/cropped-logo.gif","contentUrl":"https:\/\/abc-latina.com\/wp-content\/uploads\/2026\/05\/cropped-logo.gif","width":89,"height":84,"caption":"Abc-latina"},"image":{"@id":"https:\/\/abc-latina.com\/#\/schema\/logo\/image\/"}}]}},"_links":{"self":[{"href":"https:\/\/abc-latina.com\/wp-json\/wp\/v2\/pages\/1423","targetHints":{"allow":["GET"]}}],"collection":[{"href":"https:\/\/abc-latina.com\/wp-json\/wp\/v2\/pages"}],"about":[{"href":"https:\/\/abc-latina.com\/wp-json\/wp\/v2\/types\/page"}],"author":[{"embeddable":true,"href":"https:\/\/abc-latina.com\/wp-json\/wp\/v2\/users\/3"}],"replies":[{"embeddable":true,"href":"https:\/\/abc-latina.com\/wp-json\/wp\/v2\/comments?post=1423"}],"version-history":[{"count":1,"href":"https:\/\/abc-latina.com\/wp-json\/wp\/v2\/pages\/1423\/revisions"}],"predecessor-version":[{"id":3515,"href":"https:\/\/abc-latina.com\/wp-json\/wp\/v2\/pages\/1423\/revisions\/3515"}],"up":[{"embeddable":true,"href":"https:\/\/abc-latina.com\/wp-json\/wp\/v2\/pages\/2306"}],"wp:featuredmedia":[{"embeddable":true,"href":"https:\/\/abc-latina.com\/wp-json\/wp\/v2\/media\/1422"}],"wp:attachment":[{"href":"https:\/\/abc-latina.com\/wp-json\/wp\/v2\/media?parent=1423"}],"curies":[{"name":"wp","href":"https:\/\/api.w.org\/{rel}","templated":true}]}}