{"id":1424,"date":"2010-07-17T02:29:25","date_gmt":"2010-07-17T00:29:25","guid":{"rendered":"http:\/\/abc-latina.com\/economie-htm-13\/"},"modified":"2026-04-30T18:25:10","modified_gmt":"2026-04-30T16:25:10","slug":"economie","status":"publish","type":"page","link":"https:\/\/abc-latina.com\/nicaragua\/economie\/","title":{"rendered":"ECONOMIE &#8211; NICARAGUA"},"content":{"rendered":"<div>Le Nicaragua, avec le Honduras, fut un des pays les plus touch\u00e9s par l&rsquo;ouragan Mitch \u00e0 la fin du mois d&rsquo;octobre 1998. Avant les inondations provoqu\u00e9es par l&rsquo;ouragan, il y eut la s\u00e9cheresse du \u00e0 l&rsquo;effet climatique del Ni\u00f1o en 1997. En plus des dommages personnels et des infrastructures, la catastrophe a d\u00e9truit les r\u00e9coltes ce qui est d\u00e9sastreux pour un pays comme le Nicaragua dont la principale activit\u00e9 \u00e9conomique est l&rsquo;agriculture. Le pays fut en manque d&rsquo;aliments et le d\u00e9s\u00e9quilibre de son commerce ext\u00e9rieur interrompit son processus de r\u00e9cup\u00e9ration \u00e9conomique et provoqua un inflation importante. Les principaux produits agricoles sont le ma\u00efs, le sorgho et les haricots. En plus le Nicaragua exporte du coton, du caf\u00e9, du sucre, des bananes et de la viande. L&rsquo;agriculture emploie les deux cinqui\u00e8mes de la population mais repr\u00e9sente un quart du Produit Int\u00e9rieur Brut du pays. Bien que les principaux secteurs industriels furent nationalis\u00e9s apr\u00e8s la r\u00e9volution de 1979, ils furent de nouveau privatis\u00e9s \u00e0 partir de 1990, sous la Pr\u00e9sidence de Violeta Chamorro. D\u00e8s son arriv\u00e9e au pouvoir, les Etats-Unis retir\u00e8rent les sanctions \u00e9conomiques qui \u00e9taient impos\u00e9es au r\u00e9gime sandiniste, et en plus le Nicaragua obtint des aides financi\u00e8res du FMI \u00e0 condition d&rsquo;adopter un programme de r\u00e9ajustement \u00e9conomique. L&rsquo;industrie nicaraguayenne est bas\u00e9e sur la transformation de mati\u00e8res premi\u00e8res, comme le sucre raffin\u00e9, les produits d\u00e9riv\u00e9s du p\u00e9trole, les produits chimiques, cigarettes et cigares, articles en peau, textiles, ciments et plastiques. Les plus grosses richesses de sa petite industrie mini\u00e8re sont l&rsquo;or, le cuivre et l&rsquo;argent. En plus des produits agricoles d\u00e9j\u00e0 cit\u00e9s, le Nicaragua exporte de l&rsquo;or et des textiles. En contrepartie, il importe des min\u00e9raux, combustibles, produits pour son industrie et des biens d&rsquo;\u00e9quipements pour le transport. Ses principaux partenaires commerciaux sont les Etats-Unis (30,2% de ses importations et 41,9% de ses exportations), Mexique, Espagne, Le Salvador, Chili, Canada, Allemagne, Taiwan et Japon. Le Nicaragua est membre du March\u00e9 commun d&rsquo;Am\u00e9rique Centrale, de la Banque Interam\u00e9ricaine de D\u00e9veloppement et vient de signer un trait\u00e9 de libre commerce avec le Chili.&nbsp;<\/div>\n<div>&nbsp;<\/div>\n<div><span class=\"eco-indic\">INDICATEURS ECONOMIQUES<\/span><\/div>\n<div>&nbsp;<\/div>\n<div>PIB (2007) : 5,675 Mds USD&nbsp;<\/div>\n<div>PIB par habitant (2007) : 3,200 USD&nbsp;<\/div>\n<div>Taux de croissance (2007) : 2,9% (3,7% en 2006)&nbsp;<\/div>\n<div>Taux de ch\u00f4mage (2007) : 5,6%&nbsp;<\/div>\n<div>Taux d&rsquo;inflation (2007) : 9,8 %&nbsp;<\/div>\n<div>&nbsp;<\/div>\n<div><span class=\"eco-indic2\">Part des principaux secteurs d&rsquo;activit\u00e9s dans le PIB :<\/span>&nbsp;<\/div>\n<div>&#8211; secteur agricole : 18,3 %&nbsp;<\/div>\n<div>&#8211; secteur industriel et minier : 26,6 %&nbsp;<\/div>\n<div>&#8211; secteur des services : 55,1 %&nbsp;<\/div>\n<div>&nbsp;<\/div>\n<div><span class=\"eco-indic2\">Principaux clients 2007 :<\/span>&nbsp;<\/div>\n<div>Etats-Unis, Salvador, Honduras.&nbsp;<\/div>\n<div>&nbsp;<\/div>\n<div><span class=\"eco-indic2\">Principaux fournisseurs 2007 :<\/span>&nbsp;<\/div>\n<div>Etats-Unis, Venezuela, Costa Rica.&nbsp;<\/div>\n<div>Transferts des expatri\u00e9s (2007) :&nbsp;<\/div>\n<div>600 MUSD, soit 12% du PIB&nbsp;<\/div>\n<div>&nbsp;<\/div>\n<div><span class=\"eco-indic\">DIVERS&nbsp;<\/span><\/div>\n<div>T\u00e9l\u00e9phoner au Nicaragua<\/div>\n<div>R\u00e9servez votre billet d&rsquo;avion pour le Nicaragua<\/div>\n<div>R\u00e9servez votre voiture&nbsp;<\/div>\n","protected":false},"excerpt":{"rendered":"<p>Le Nicaragua, avec le Honduras, fut un des pays les plus touch\u00e9s par l&rsquo;ouragan Mitch \u00e0 la fin du mois [&hellip;]<\/p>\n","protected":false},"author":3,"featured_media":0,"parent":2310,"menu_order":0,"comment_status":"closed","ping_status":"closed","template":"","meta":{"site-sidebar-layout":"default","site-content-layout":"","ast-site-content-layout":"default","site-content-style":"default","site-sidebar-style":"default","ast-global-header-display":"","ast-banner-title-visibility":"","ast-main-header-display":"","ast-hfb-above-header-display":"","ast-hfb-below-header-display":"","ast-hfb-mobile-header-display":"","site-post-title":"","ast-breadcrumbs-content":"","ast-featured-img":"","footer-sml-layout":"","ast-disable-related-posts":"","theme-transparent-header-meta":"","adv-header-id-meta":"","stick-header-meta":"","header-above-stick-meta":"","header-main-stick-meta":"","header-below-stick-meta":"","astra-migrate-meta-layouts":"default","ast-page-background-enabled":"default","ast-page-background-meta":{"desktop":{"background-color":"var(--ast-global-color-5)","background-image":"","background-repeat":"repeat","background-position":"center center","background-size":"auto","background-attachment":"scroll","background-type":"","background-media":"","overlay-type":"","overlay-color":"","overlay-opacity":"","overlay-gradient":""},"tablet":{"background-color":"","background-image":"","background-repeat":"repeat","background-position":"center center","background-size":"auto","background-attachment":"scroll","background-type":"","background-media":"","overlay-type":"","overlay-color":"","overlay-opacity":"","overlay-gradient":""},"mobile":{"background-color":"","background-image":"","background-repeat":"repeat","background-position":"center center","background-size":"auto","background-attachment":"scroll","background-type":"","background-media":"","overlay-type":"","overlay-color":"","overlay-opacity":"","overlay-gradient":""}},"ast-content-background-meta":{"desktop":{"background-color":"var(--ast-global-color-4)","background-image":"","background-repeat":"repeat","background-position":"center center","background-size":"auto","background-attachment":"scroll","background-type":"","background-media":"","overlay-type":"","overlay-color":"","overlay-opacity":"","overlay-gradient":""},"tablet":{"background-color":"var(--ast-global-color-4)","background-image":"","background-repeat":"repeat","background-position":"center center","background-size":"auto","background-attachment":"scroll","background-type":"","background-media":"","overlay-type":"","overlay-color":"","overlay-opacity":"","overlay-gradient":""},"mobile":{"background-color":"var(--ast-global-color-4)","background-image":"","background-repeat":"repeat","background-position":"center center","background-size":"auto","background-attachment":"scroll","background-type":"","background-media":"","overlay-type":"","overlay-color":"","overlay-opacity":"","overlay-gradient":""}},"footnotes":""},"class_list":["post-1424","page","type-page","status-publish","hentry"],"yoast_head":"<!-- This site is optimized with the Yoast SEO plugin v27.5 - https:\/\/yoast.com\/product\/yoast-seo-wordpress\/ -->\n<title>ECONOMIE - NICARAGUA - Abc-latina<\/title>\n<meta name=\"description\" content=\"L&#039;\u00e9conomie du Nicaragua: industrie, agriculture, tourisme et services.\" \/>\n<meta name=\"robots\" content=\"index, follow, max-snippet:-1, max-image-preview:large, max-video-preview:-1\" \/>\n<link rel=\"canonical\" href=\"https:\/\/abc-latina.com\/nicaragua\/economie\/\" \/>\n<meta property=\"og:locale\" content=\"fr_FR\" \/>\n<meta property=\"og:type\" content=\"article\" \/>\n<meta property=\"og:title\" content=\"ECONOMIE - NICARAGUA - Abc-latina\" \/>\n<meta property=\"og:description\" content=\"L&#039;\u00e9conomie du Nicaragua: industrie, agriculture, tourisme et services.\" \/>\n<meta property=\"og:url\" content=\"https:\/\/abc-latina.com\/nicaragua\/economie\/\" \/>\n<meta property=\"og:site_name\" content=\"Abc-latina\" \/>\n<meta property=\"article:modified_time\" content=\"2026-04-30T16:25:10+00:00\" \/>\n<meta name=\"twitter:card\" content=\"summary_large_image\" \/>\n<meta name=\"twitter:label1\" content=\"Dur\u00e9e de lecture estim\u00e9e\" \/>\n\t<meta name=\"twitter:data1\" content=\"2 minutes\" \/>\n<script type=\"application\/ld+json\" class=\"yoast-schema-graph\">{\"@context\":\"https:\\\/\\\/schema.org\",\"@graph\":[{\"@type\":\"WebPage\",\"@id\":\"https:\\\/\\\/abc-latina.com\\\/nicaragua\\\/economie\\\/\",\"url\":\"https:\\\/\\\/abc-latina.com\\\/nicaragua\\\/economie\\\/\",\"name\":\"ECONOMIE - NICARAGUA - Abc-latina\",\"isPartOf\":{\"@id\":\"https:\\\/\\\/abc-latina.com\\\/#website\"},\"datePublished\":\"2010-07-17T00:29:25+00:00\",\"dateModified\":\"2026-04-30T16:25:10+00:00\",\"description\":\"L'\u00e9conomie du Nicaragua: industrie, agriculture, tourisme et services.\",\"breadcrumb\":{\"@id\":\"https:\\\/\\\/abc-latina.com\\\/nicaragua\\\/economie\\\/#breadcrumb\"},\"inLanguage\":\"fr-FR\",\"potentialAction\":[{\"@type\":\"ReadAction\",\"target\":[\"https:\\\/\\\/abc-latina.com\\\/nicaragua\\\/economie\\\/\"]}]},{\"@type\":\"BreadcrumbList\",\"@id\":\"https:\\\/\\\/abc-latina.com\\\/nicaragua\\\/economie\\\/#breadcrumb\",\"itemListElement\":[{\"@type\":\"ListItem\",\"position\":1,\"name\":\"Accueil\",\"item\":\"https:\\\/\\\/abc-latina.com\\\/\"},{\"@type\":\"ListItem\",\"position\":2,\"name\":\"ECONOMIE &#8211; NICARAGUA\"}]},{\"@type\":\"WebSite\",\"@id\":\"https:\\\/\\\/abc-latina.com\\\/#website\",\"url\":\"https:\\\/\\\/abc-latina.com\\\/\",\"name\":\"Abc-latina\",\"description\":\"\",\"publisher\":{\"@id\":\"https:\\\/\\\/abc-latina.com\\\/#organization\"},\"potentialAction\":[{\"@type\":\"SearchAction\",\"target\":{\"@type\":\"EntryPoint\",\"urlTemplate\":\"https:\\\/\\\/abc-latina.com\\\/?s={search_term_string}\"},\"query-input\":{\"@type\":\"PropertyValueSpecification\",\"valueRequired\":true,\"valueName\":\"search_term_string\"}}],\"inLanguage\":\"fr-FR\"},{\"@type\":\"Organization\",\"@id\":\"https:\\\/\\\/abc-latina.com\\\/#organization\",\"name\":\"Abc-latina\",\"url\":\"https:\\\/\\\/abc-latina.com\\\/\",\"logo\":{\"@type\":\"ImageObject\",\"inLanguage\":\"fr-FR\",\"@id\":\"https:\\\/\\\/abc-latina.com\\\/#\\\/schema\\\/logo\\\/image\\\/\",\"url\":\"https:\\\/\\\/abc-latina.com\\\/wp-content\\\/uploads\\\/2026\\\/05\\\/cropped-logo.gif\",\"contentUrl\":\"https:\\\/\\\/abc-latina.com\\\/wp-content\\\/uploads\\\/2026\\\/05\\\/cropped-logo.gif\",\"width\":89,\"height\":84,\"caption\":\"Abc-latina\"},\"image\":{\"@id\":\"https:\\\/\\\/abc-latina.com\\\/#\\\/schema\\\/logo\\\/image\\\/\"}}]}<\/script>\n<!-- \/ Yoast SEO plugin. -->","yoast_head_json":{"title":"ECONOMIE - NICARAGUA - Abc-latina","description":"L'\u00e9conomie du Nicaragua: industrie, agriculture, tourisme et services.","robots":{"index":"index","follow":"follow","max-snippet":"max-snippet:-1","max-image-preview":"max-image-preview:large","max-video-preview":"max-video-preview:-1"},"canonical":"https:\/\/abc-latina.com\/nicaragua\/economie\/","og_locale":"fr_FR","og_type":"article","og_title":"ECONOMIE - NICARAGUA - Abc-latina","og_description":"L'\u00e9conomie du Nicaragua: industrie, agriculture, tourisme et services.","og_url":"https:\/\/abc-latina.com\/nicaragua\/economie\/","og_site_name":"Abc-latina","article_modified_time":"2026-04-30T16:25:10+00:00","twitter_card":"summary_large_image","twitter_misc":{"Dur\u00e9e de lecture estim\u00e9e":"2 minutes"},"schema":{"@context":"https:\/\/schema.org","@graph":[{"@type":"WebPage","@id":"https:\/\/abc-latina.com\/nicaragua\/economie\/","url":"https:\/\/abc-latina.com\/nicaragua\/economie\/","name":"ECONOMIE - NICARAGUA - Abc-latina","isPartOf":{"@id":"https:\/\/abc-latina.com\/#website"},"datePublished":"2010-07-17T00:29:25+00:00","dateModified":"2026-04-30T16:25:10+00:00","description":"L'\u00e9conomie du Nicaragua: industrie, agriculture, tourisme et services.","breadcrumb":{"@id":"https:\/\/abc-latina.com\/nicaragua\/economie\/#breadcrumb"},"inLanguage":"fr-FR","potentialAction":[{"@type":"ReadAction","target":["https:\/\/abc-latina.com\/nicaragua\/economie\/"]}]},{"@type":"BreadcrumbList","@id":"https:\/\/abc-latina.com\/nicaragua\/economie\/#breadcrumb","itemListElement":[{"@type":"ListItem","position":1,"name":"Accueil","item":"https:\/\/abc-latina.com\/"},{"@type":"ListItem","position":2,"name":"ECONOMIE &#8211; NICARAGUA"}]},{"@type":"WebSite","@id":"https:\/\/abc-latina.com\/#website","url":"https:\/\/abc-latina.com\/","name":"Abc-latina","description":"","publisher":{"@id":"https:\/\/abc-latina.com\/#organization"},"potentialAction":[{"@type":"SearchAction","target":{"@type":"EntryPoint","urlTemplate":"https:\/\/abc-latina.com\/?s={search_term_string}"},"query-input":{"@type":"PropertyValueSpecification","valueRequired":true,"valueName":"search_term_string"}}],"inLanguage":"fr-FR"},{"@type":"Organization","@id":"https:\/\/abc-latina.com\/#organization","name":"Abc-latina","url":"https:\/\/abc-latina.com\/","logo":{"@type":"ImageObject","inLanguage":"fr-FR","@id":"https:\/\/abc-latina.com\/#\/schema\/logo\/image\/","url":"https:\/\/abc-latina.com\/wp-content\/uploads\/2026\/05\/cropped-logo.gif","contentUrl":"https:\/\/abc-latina.com\/wp-content\/uploads\/2026\/05\/cropped-logo.gif","width":89,"height":84,"caption":"Abc-latina"},"image":{"@id":"https:\/\/abc-latina.com\/#\/schema\/logo\/image\/"}}]}},"_links":{"self":[{"href":"https:\/\/abc-latina.com\/wp-json\/wp\/v2\/pages\/1424","targetHints":{"allow":["GET"]}}],"collection":[{"href":"https:\/\/abc-latina.com\/wp-json\/wp\/v2\/pages"}],"about":[{"href":"https:\/\/abc-latina.com\/wp-json\/wp\/v2\/types\/page"}],"author":[{"embeddable":true,"href":"https:\/\/abc-latina.com\/wp-json\/wp\/v2\/users\/3"}],"replies":[{"embeddable":true,"href":"https:\/\/abc-latina.com\/wp-json\/wp\/v2\/comments?post=1424"}],"version-history":[{"count":1,"href":"https:\/\/abc-latina.com\/wp-json\/wp\/v2\/pages\/1424\/revisions"}],"predecessor-version":[{"id":3591,"href":"https:\/\/abc-latina.com\/wp-json\/wp\/v2\/pages\/1424\/revisions\/3591"}],"up":[{"embeddable":true,"href":"https:\/\/abc-latina.com\/wp-json\/wp\/v2\/pages\/2310"}],"wp:attachment":[{"href":"https:\/\/abc-latina.com\/wp-json\/wp\/v2\/media?parent=1424"}],"curies":[{"name":"wp","href":"https:\/\/api.w.org\/{rel}","templated":true}]}}