{"id":1426,"date":"2010-07-17T02:37:59","date_gmt":"2010-07-17T00:37:59","guid":{"rendered":"http:\/\/abc-latina.com\/histoire-htm-13\/"},"modified":"2026-04-30T18:25:10","modified_gmt":"2026-04-30T16:25:10","slug":"histoire","status":"publish","type":"page","link":"https:\/\/abc-latina.com\/nicaragua\/histoire\/","title":{"rendered":"HISTOIRE &#8211; NICARAGUA"},"content":{"rendered":"<h2 style=\"text-align: center;\">Les principales dates de l&rsquo;histoire du Nicaragua<\/h2>\n<div>&nbsp;<\/div>\n<ul>\n<li><span class=\"histoire-date\">Epoque pr\u00e9colombienne<\/span><br \/> Selon la l\u00e9gende, les premiers habitants du Nicaragua sont originaires du Mexique. Ils \u00e9migr\u00e8rent vers le sud pour trouver une large \u00e9tendue d&rsquo;eaux avec deux montagnes en son centre. Sur les rives du lac Nicaragua, ils virent l&rsquo;\u00eele d&rsquo;Ometepe et ses deux volcans.<br \/> Ils s&rsquo;y \u00e9tablirent. Leur population prosp\u00e8re et grandit, elle s&rsquo;\u00e9tend et se s\u00e9pare en plusieurs groupes. Les Miskito et les Sumu qui vivaient dans le Nord-Est sont d&rsquo;origine colombienne. Les Lencas qui vivent sur la c\u00f4te Est et qu&rsquo;on retrouve au Honduras et au Salvador. Les Chorotegas viennent du Mexique, sans oublier les Chontales en qui on voit les descendants de Mayas.&nbsp;<\/li>\n<li><span class=\"histoire-date\">1502<\/span> &nbsp;<br \/> <a href=\"https:\/\/www.abc-latina.com\/personnalites\/christophe_colomb\" target=\"_blank\">Christophe Colomb<\/a> longe la c\u00f4te Cara\u00efbe de l&rsquo;actuel Nicaragua.&nbsp;<\/li>\n<li><span class=\"histoire-date\">1522<\/span> &nbsp;<br \/> Gil Gonzales de Avila, parti des Islas Perlas au Panama explore et trace une carte de la r\u00e9gion du Nicaragua et du Costa Rica actuels. Il rencontre le chef Nicarao et le convertit au christianisme.&nbsp;<\/li>\n<li><span class=\"histoire-date\">1523<\/span> &nbsp;<br \/> Francisco Fernandez de Cordoba fonde les villes de <a href=\"https:\/\/www.abc-latina.com\/nicaragua\/voyage\/granada\">Granada<\/a> et <a href=\"https:\/\/www.abc-latina.com\/nicaragua\/voyage\/leon\">Leon<\/a>.&nbsp;<\/li>\n<li><span class=\"histoire-date\">1821<\/span><br \/> Le Nicaragua est ind\u00e9pendant de la couronne d&rsquo;Espagne mais reste province du Guatemala.&nbsp;<\/li>\n<li><span class=\"histoire-date\">1838 &nbsp;<\/span><\/li>\n<li>Le Nicaragua devient nation souveraine, avec Leon comme si\u00e8ge des lib\u00e9raux et Granada pour les conservateurs.&nbsp;<\/li>\n<li><span class=\"histoire-date\">1855<\/span> &nbsp; &nbsp;Le condottiere am\u00e9ricain William Walker appel\u00e9 par les lib\u00e9raux, entre au Nicaragua en esp\u00e9rant prendre le contr\u00f4le du Mexique, de l&rsquo;Am\u00e9rique centrale et m\u00eame de Cuba. Autoproclam\u00e9 pr\u00e9sident du Nicaragua un an plus tard, il perd le contr\u00f4le du pays en 1858 au cours de la &quot;Guerre nationale de lib\u00e9ration&quot; et dont le fait d&rsquo;arme d\u00e9terminant f\u00fbt la bataille de San Jacinto. Il est tu\u00e9 en 1860 an Honduras.&nbsp;<\/li>\n<li><span class=\"histoire-date\">1902<\/span> &nbsp;<br \/> La d\u00e9cision est prise de construire un canal Atlantique\/Pacifique au Panama et non au Nicaragua.<\/li>\n<li><span class=\"histoire-date\">1912<\/span> &nbsp;<br \/> Les lib\u00e9raux sont au pouvoir, sous l&rsquo;impulsion du nationaliste Jos\u00e9 Santos Zelaya qui refuse les exigences am\u00e9ricaines. Les Etats Unis installent une garnison de Marines sous le couvert d&rsquo;une op\u00e9ration de maintien de l&rsquo;ordre.&nbsp;<\/li>\n<li><span class=\"histoire-date\">1916 <\/span>&nbsp;<br \/> Selon le trait\u00e9 Bryan-Chamorro les Etats Unis verseraient une redevance de 3 millions de dollars pour une concession inali\u00e9nable sur le futur canal Atlantique\/Pacifique. Cette concession l\u00e9gitime \u00e9galement la mise en garnison de troupes am\u00e9ricaines au Nicaragua et r\u00e9affirme la mainmise am\u00e9ricaine sur la r\u00e9gion.&nbsp;<\/li>\n<li><span class=\"histoire-date\">1925<\/span><br \/> Les troupes am\u00e9ricaines quittent le pays pour y revenir l&rsquo;ann\u00e9e suivante.&nbsp;<\/li>\n<li><span class=\"histoire-date\">1927<\/span><br \/> Henry Stimson, mandat\u00e9 par le pr\u00e9sident Coolidge, r\u00e8gle la crise survenue entre lib\u00e9raux et conservateurs pro-am\u00e9ricains. Seul membre du gouvernement \u00e0 ne pas se rallier aux propositions de Stimson, le g\u00e9n\u00e9ral <a href=\"https:\/\/www.abc-latina.com\/personnalites\/augusto_sandino\" target=\"_blank\">Augusto C\u00e9sar Sandino<\/a> et 3.000 hommes opposent une r\u00e9sistance populaire \u00e0 l&rsquo;interventionnisme des Etats Unis.&nbsp;<\/li>\n<li><span class=\"histoire-date\">1931<\/span><br \/> Un tremblement de terre d\u00e9truit partiellement <a href=\"https:\/\/www.abc-latina.com\/nicaragua\/voyage\/managua\">Managua<\/a> le 31 mars.&nbsp;<\/li>\n<li><span class=\"histoire-date\">1933<\/span> &nbsp;<br \/> Les troupes Am\u00e9ricaines, ne parvenant pas \u00e0 liquider la gu\u00e9rilla de Sandino, se retirent. Le gouvernement accepte de n\u00e9gocier avec le g\u00e9n\u00e9ral Sandino, lui accordant quelques concessions en contrepartie de la nomination de Anastasio Somoza Garcia \u00e0 la t\u00eate de la garde nationale exig\u00e9e par les Etats Unis.<\/li>\n<li><span class=\"histoire-date\">1934<\/span><br \/> Le g\u00e9n\u00e9ral Sandino est assassin\u00e9 par la garde nationale.<\/li>\n<li><span class=\"histoire-date\">1937<\/span><br \/> Le <a href=\"https:\/\/www.abc-latina.com\/personnalites\/anastasio_somoza\" target=\"_blank\">g\u00e9n\u00e9ral Somoza<\/a> prend le pouvoir et s&rsquo;installe \u00e0 la pr\u00e9sidence le 1er janvier. Il instaure une v\u00e9ritable dynastie qui se maintiendra au pouvoir plus de quarante ans.<\/li>\n<li><span class=\"histoire-date\">1956 <\/span><br \/> Anastasio Somoza Garcia est assassin\u00e9, son fils a\u00een\u00e9 Luis, commandant de la garde nationale assure l&rsquo;int\u00e9rim jusqu&rsquo;en 1957, fin officielle du mandat de son p\u00e8re, tandis que son fr\u00e8re Anastasio le remplace \u00e0 la t\u00eate de la garde nationale.<\/li>\n<li><span class=\"histoire-date\">1957<\/span><br \/> Luis Somoza est r\u00e9\u00e9lu pr\u00e9sident.&nbsp;<\/li>\n<li><span class=\"histoire-date\">1961<\/span><br \/> Fondation du <a href=\"https:\/\/www.abc-latina.com\/nicaragua\/front-sandiniste.php\">Front Sandiniste de Lib\u00e9ration<\/a> par Carlos Fonseca, Tomas Borge et Silvio Mayorga.<\/li>\n<li><span class=\"histoire-date\">1963<\/span><br \/> Ren\u00e9 Schick Gutti\u00e9rrez fervent partisan du r\u00e9gime Somoza est \u00e9lu pr\u00e9sident. Il meurt en 1966 et est remplac\u00e9 par Luis Somoza.<\/li>\n<li><span class=\"histoire-date\">1967<\/span><br \/> Mort de Luis Somoza et nouvelle vacance du pouvoir, c&rsquo;est son fr\u00e8re Anastasio qui est \u00e9lu pour lui succ\u00e9der.<\/li>\n<li><span class=\"histoire-date\">1972 <\/span><br \/> Le 22 d\u00e9cembre, un tremblement de terre d\u00e9truit Managua. La loi martiale est d\u00e9cr\u00e9t\u00e9e.<\/li>\n<li><span class=\"histoire-date\">1977<\/span><br \/> Lev\u00e9e de la loi martiale.Un groupe d&rsquo;opposition au r\u00e9gime se constitue, il regroupe 12 personnalit\u00e9s intellectuelles et politiques (Los doce).<\/li>\n<li><span class=\"histoire-date\">1978<\/span><br \/> Assassinat de Pedro Joaquin Chamorro, directeur du journal La Prensa et figure de l&rsquo;opposition. Une gr\u00e8ve nationale s&rsquo;ensuit. Le FSLN s&#8217;empare de l&rsquo;assembl\u00e9e nationale.<\/li>\n<li><span class=\"histoire-date\">1979<\/span><br \/> Le 17 juillet Somoza quitte le pays. Le 19, les troupes du FSLN entrent dans Managua et mettent en place un gouvernement r\u00e9volutionnaire chapeaut\u00e9 par la Junta de Gobierno de la Reconstuccion National. La JGRN est constitu\u00e9e de trois sandinistes et de deux membres de la soci\u00e9t\u00e9 civile.<\/li>\n<li><span class=\"histoire-date\">1980<\/span><br \/> Le gouvernement sandiniste lance un programme en faveur de l&rsquo;alphab\u00e9tisation de la population. Les deux membres de la soci\u00e9t\u00e9 civile de la JGRN, Violeta Chamorro (veuve de Pedro Joaquin Chamorro) et Alfonso Robelo, d\u00e9missionnent. Les Etats Unis accordent une aide de 75 millions de dollars au Nicaragua.<\/li>\n<li><span class=\"histoire-date\">1981<\/span><br \/> D\u00e9cr\u00e9tant que le gouvernement sandiniste fait peser sur l&rsquo;Am\u00e9rique centrale une menace communiste, l&rsquo;administration Reagan annonce sa volont\u00e9 de faire tomber le gouvernement sandiniste et suspend toute aide bilat\u00e9rale.<\/li>\n<li><span class=\"histoire-date\">1982<\/span><br \/> Pr\u00e8s de 2500 anciens membres de la garde nationale aid\u00e9s par les Etats Unis forment un mouvement appl\u00e9 &quot;contrarevolucionarios&quot; ou &quot;Contras&quot; et p\u00e9n\u00e8trent au Nicaragua par le Honduras.<\/li>\n<li><span class=\"histoire-date\">1984<\/span><br \/> Le sandiniste <a href=\"https:\/\/www.abc-latina.com\/personnalites\/daniel_ortega\" target=\"_blank\">Daniel Ortega<\/a> remporte les \u00e9lections avec 67% des suffrages et est \u00e9lu pr\u00e9sident.<\/li>\n<li><span class=\"histoire-date\">1985<\/span><br \/> Les Etats Unis d\u00e9clenchent un embargo commercial contre le Nicaragua.<\/li>\n<li><span class=\"histoire-date\">1986<\/span><br \/> Sous pretexte que le journal La Prensa est contr\u00f4l\u00e9 par des capitaux am\u00e9ricains, le gouvernement d\u00e9cide d&rsquo;en interdire la publication. La censure est maintenue toute une ann\u00e9e. Le scandale de &quot;l&rsquo;Irangate&quot; \u00e9clate en novembre lors de la d\u00e9couverte de la vente d&rsquo;armes secr\u00e8te \u00e0 l&rsquo;Iran qui servait en partie \u00e0 financer les &quot;Contras&quot;.<\/li>\n<li><span class=\"histoire-date\">1987 <\/span><br \/> Une nouvelle constitution est mise en place en janvier. Elle instaure la representation proportionnelle pour l&rsquo;\u00e9lection pr\u00e9sidentielle et fixe le mandat de chef de l&rsquo;\u00e9tat \u00e0 six ans.<\/li>\n<li><span class=\"histoire-date\">1988<\/span><br \/> Le gouvernement sandiniste et les &quot;Contras&quot; entament des n\u00e9gociations.<\/li>\n<li><span class=\"histoire-date\">1990<\/span><br \/> L&rsquo;union Nacional Opositora (UNO), coalition des 14 partis de l&rsquo;opposition conduite par <a href=\"https:\/\/www.abc-latina.com\/personnalites\/violeta-barrios-de-chamorro\" target=\"_blank\">Violeta Barrios de Chamorro<\/a>, inflige une d\u00e9faite \u00e9lectorale au FSLN le 25 f\u00e9vrier. Un protocole de transition est sign\u00e9, d\u00e9clarant que la constitution sera respect\u00e9e et que le d\u00e9sarmement des &quot;Contras&quot; suivra son cours. Le g\u00e9n\u00e9ral sandiniste Humberto Ortega est maintenu \u00e0 la t\u00eate de l&rsquo;arm\u00e9e.<\/li>\n<li><span class=\"histoire-date\">1992<\/span>&nbsp;<br \/> La plupart des &quot;Contras&quot; sont d\u00e9sarm\u00e9s.<\/li>\n<li><span class=\"histoire-date\">1994&nbsp;<\/span><br \/> La coalition de l&rsquo;UNO et du FSLN fait face \u00e0 des dissensions internes limitant leurs champs d&rsquo;action.<\/li>\n<li><span class=\"histoire-date\">1995<\/span>&nbsp;<br \/> Nouvelle constitution qui ram\u00e8ne le mandat pr\u00e9sidentiel \u00e0 cinq ans et le suffrage universel direct pour l&rsquo;\u00e9lection du chef de l&rsquo;\u00e9tat.<\/li>\n<li><span class=\"histoire-date\">1997 <\/span><br \/> Election du Docteur Arnoldo Aleman comme pr\u00e9sident de la R\u00e9publique du Nicaragua.<\/li>\n<li><span class=\"histoire-date\">1998<\/span><br \/> Le <a href=\"https:\/\/www.abc-latina.com\/histoire\/cyclone_mitch\" target=\"_blank\">cyclone Mitch<\/a> ravage la pays.<\/li>\n<li><span class=\"histoire-date\">1999 <\/span><br \/> Le Nicaragua et ses voisins le Guatemala, le Honduras, El Salvador, Le Costa Rica, Le Panama et Belize entament une s\u00e9rie de r\u00e9unions pour relancer le syst\u00e8me d&rsquo;int\u00e9gration Centram\u00e9ricain qui a pour but de faire de l&rsquo;Am\u00e9rique Centrale une r\u00e9gion \u00e9conomique et politique.<\/li>\n<li><span class=\"histoire-date\">2006<\/span><br \/> Daniel Ortega gagne les \u00e9lections pr\u00e9sidentielles.&nbsp;<\/li>\n<\/ul>\n","protected":false},"excerpt":{"rendered":"<p>Les principales dates de l&rsquo;histoire du Nicaragua &nbsp; Epoque pr\u00e9colombienne Selon la l\u00e9gende, les premiers habitants du Nicaragua sont originaires [&hellip;]<\/p>\n","protected":false},"author":3,"featured_media":0,"parent":2310,"menu_order":0,"comment_status":"closed","ping_status":"closed","template":"","meta":{"site-sidebar-layout":"default","site-content-layout":"","ast-site-content-layout":"default","site-content-style":"default","site-sidebar-style":"default","ast-global-header-display":"","ast-banner-title-visibility":"","ast-main-header-display":"","ast-hfb-above-header-display":"","ast-hfb-below-header-display":"","ast-hfb-mobile-header-display":"","site-post-title":"","ast-breadcrumbs-content":"","ast-featured-img":"","footer-sml-layout":"","ast-disable-related-posts":"","theme-transparent-header-meta":"","adv-header-id-meta":"","stick-header-meta":"","header-above-stick-meta":"","header-main-stick-meta":"","header-below-stick-meta":"","astra-migrate-meta-layouts":"default","ast-page-background-enabled":"default","ast-page-background-meta":{"desktop":{"background-color":"var(--ast-global-color-5)","background-image":"","background-repeat":"repeat","background-position":"center center","background-size":"auto","background-attachment":"scroll","background-type":"","background-media":"","overlay-type":"","overlay-color":"","overlay-opacity":"","overlay-gradient":""},"tablet":{"background-color":"","background-image":"","background-repeat":"repeat","background-position":"center center","background-size":"auto","background-attachment":"scroll","background-type":"","background-media":"","overlay-type":"","overlay-color":"","overlay-opacity":"","overlay-gradient":""},"mobile":{"background-color":"","background-image":"","background-repeat":"repeat","background-position":"center center","background-size":"auto","background-attachment":"scroll","background-type":"","background-media":"","overlay-type":"","overlay-color":"","overlay-opacity":"","overlay-gradient":""}},"ast-content-background-meta":{"desktop":{"background-color":"var(--ast-global-color-4)","background-image":"","background-repeat":"repeat","background-position":"center center","background-size":"auto","background-attachment":"scroll","background-type":"","background-media":"","overlay-type":"","overlay-color":"","overlay-opacity":"","overlay-gradient":""},"tablet":{"background-color":"var(--ast-global-color-4)","background-image":"","background-repeat":"repeat","background-position":"center center","background-size":"auto","background-attachment":"scroll","background-type":"","background-media":"","overlay-type":"","overlay-color":"","overlay-opacity":"","overlay-gradient":""},"mobile":{"background-color":"var(--ast-global-color-4)","background-image":"","background-repeat":"repeat","background-position":"center center","background-size":"auto","background-attachment":"scroll","background-type":"","background-media":"","overlay-type":"","overlay-color":"","overlay-opacity":"","overlay-gradient":""}},"footnotes":""},"class_list":["post-1426","page","type-page","status-publish","hentry"],"yoast_head":"<!-- This site is optimized with the Yoast SEO plugin v27.5 - https:\/\/yoast.com\/product\/yoast-seo-wordpress\/ -->\n<title>HISTOIRE - NICARAGUA - Abc-latina<\/title>\n<meta name=\"description\" content=\"D\u00e9tails de l&#039;histoire du Nicaragua.\" \/>\n<meta name=\"robots\" content=\"index, follow, max-snippet:-1, max-image-preview:large, max-video-preview:-1\" \/>\n<link rel=\"canonical\" href=\"https:\/\/abc-latina.com\/nicaragua\/histoire\/\" \/>\n<meta property=\"og:locale\" content=\"fr_FR\" \/>\n<meta property=\"og:type\" content=\"article\" \/>\n<meta property=\"og:title\" content=\"HISTOIRE - NICARAGUA - Abc-latina\" \/>\n<meta property=\"og:description\" content=\"D\u00e9tails de l&#039;histoire du Nicaragua.\" \/>\n<meta property=\"og:url\" content=\"https:\/\/abc-latina.com\/nicaragua\/histoire\/\" \/>\n<meta property=\"og:site_name\" content=\"Abc-latina\" \/>\n<meta property=\"article:modified_time\" content=\"2026-04-30T16:25:10+00:00\" \/>\n<meta name=\"twitter:card\" content=\"summary_large_image\" \/>\n<meta name=\"twitter:label1\" content=\"Dur\u00e9e de lecture estim\u00e9e\" \/>\n\t<meta name=\"twitter:data1\" content=\"6 minutes\" \/>\n<script type=\"application\/ld+json\" class=\"yoast-schema-graph\">{\"@context\":\"https:\\\/\\\/schema.org\",\"@graph\":[{\"@type\":\"WebPage\",\"@id\":\"https:\\\/\\\/abc-latina.com\\\/nicaragua\\\/histoire\\\/\",\"url\":\"https:\\\/\\\/abc-latina.com\\\/nicaragua\\\/histoire\\\/\",\"name\":\"HISTOIRE - NICARAGUA - Abc-latina\",\"isPartOf\":{\"@id\":\"https:\\\/\\\/abc-latina.com\\\/#website\"},\"datePublished\":\"2010-07-17T00:37:59+00:00\",\"dateModified\":\"2026-04-30T16:25:10+00:00\",\"description\":\"D\u00e9tails de l'histoire du Nicaragua.\",\"breadcrumb\":{\"@id\":\"https:\\\/\\\/abc-latina.com\\\/nicaragua\\\/histoire\\\/#breadcrumb\"},\"inLanguage\":\"fr-FR\",\"potentialAction\":[{\"@type\":\"ReadAction\",\"target\":[\"https:\\\/\\\/abc-latina.com\\\/nicaragua\\\/histoire\\\/\"]}]},{\"@type\":\"BreadcrumbList\",\"@id\":\"https:\\\/\\\/abc-latina.com\\\/nicaragua\\\/histoire\\\/#breadcrumb\",\"itemListElement\":[{\"@type\":\"ListItem\",\"position\":1,\"name\":\"Accueil\",\"item\":\"https:\\\/\\\/abc-latina.com\\\/\"},{\"@type\":\"ListItem\",\"position\":2,\"name\":\"HISTOIRE &#8211; NICARAGUA\"}]},{\"@type\":\"WebSite\",\"@id\":\"https:\\\/\\\/abc-latina.com\\\/#website\",\"url\":\"https:\\\/\\\/abc-latina.com\\\/\",\"name\":\"Abc-latina\",\"description\":\"\",\"publisher\":{\"@id\":\"https:\\\/\\\/abc-latina.com\\\/#organization\"},\"potentialAction\":[{\"@type\":\"SearchAction\",\"target\":{\"@type\":\"EntryPoint\",\"urlTemplate\":\"https:\\\/\\\/abc-latina.com\\\/?s={search_term_string}\"},\"query-input\":{\"@type\":\"PropertyValueSpecification\",\"valueRequired\":true,\"valueName\":\"search_term_string\"}}],\"inLanguage\":\"fr-FR\"},{\"@type\":\"Organization\",\"@id\":\"https:\\\/\\\/abc-latina.com\\\/#organization\",\"name\":\"Abc-latina\",\"url\":\"https:\\\/\\\/abc-latina.com\\\/\",\"logo\":{\"@type\":\"ImageObject\",\"inLanguage\":\"fr-FR\",\"@id\":\"https:\\\/\\\/abc-latina.com\\\/#\\\/schema\\\/logo\\\/image\\\/\",\"url\":\"https:\\\/\\\/abc-latina.com\\\/wp-content\\\/uploads\\\/2026\\\/05\\\/cropped-logo.gif\",\"contentUrl\":\"https:\\\/\\\/abc-latina.com\\\/wp-content\\\/uploads\\\/2026\\\/05\\\/cropped-logo.gif\",\"width\":89,\"height\":84,\"caption\":\"Abc-latina\"},\"image\":{\"@id\":\"https:\\\/\\\/abc-latina.com\\\/#\\\/schema\\\/logo\\\/image\\\/\"}}]}<\/script>\n<!-- \/ Yoast SEO plugin. -->","yoast_head_json":{"title":"HISTOIRE - NICARAGUA - Abc-latina","description":"D\u00e9tails de l'histoire du Nicaragua.","robots":{"index":"index","follow":"follow","max-snippet":"max-snippet:-1","max-image-preview":"max-image-preview:large","max-video-preview":"max-video-preview:-1"},"canonical":"https:\/\/abc-latina.com\/nicaragua\/histoire\/","og_locale":"fr_FR","og_type":"article","og_title":"HISTOIRE - NICARAGUA - Abc-latina","og_description":"D\u00e9tails de l'histoire du Nicaragua.","og_url":"https:\/\/abc-latina.com\/nicaragua\/histoire\/","og_site_name":"Abc-latina","article_modified_time":"2026-04-30T16:25:10+00:00","twitter_card":"summary_large_image","twitter_misc":{"Dur\u00e9e de lecture estim\u00e9e":"6 minutes"},"schema":{"@context":"https:\/\/schema.org","@graph":[{"@type":"WebPage","@id":"https:\/\/abc-latina.com\/nicaragua\/histoire\/","url":"https:\/\/abc-latina.com\/nicaragua\/histoire\/","name":"HISTOIRE - NICARAGUA - Abc-latina","isPartOf":{"@id":"https:\/\/abc-latina.com\/#website"},"datePublished":"2010-07-17T00:37:59+00:00","dateModified":"2026-04-30T16:25:10+00:00","description":"D\u00e9tails de l'histoire du Nicaragua.","breadcrumb":{"@id":"https:\/\/abc-latina.com\/nicaragua\/histoire\/#breadcrumb"},"inLanguage":"fr-FR","potentialAction":[{"@type":"ReadAction","target":["https:\/\/abc-latina.com\/nicaragua\/histoire\/"]}]},{"@type":"BreadcrumbList","@id":"https:\/\/abc-latina.com\/nicaragua\/histoire\/#breadcrumb","itemListElement":[{"@type":"ListItem","position":1,"name":"Accueil","item":"https:\/\/abc-latina.com\/"},{"@type":"ListItem","position":2,"name":"HISTOIRE &#8211; NICARAGUA"}]},{"@type":"WebSite","@id":"https:\/\/abc-latina.com\/#website","url":"https:\/\/abc-latina.com\/","name":"Abc-latina","description":"","publisher":{"@id":"https:\/\/abc-latina.com\/#organization"},"potentialAction":[{"@type":"SearchAction","target":{"@type":"EntryPoint","urlTemplate":"https:\/\/abc-latina.com\/?s={search_term_string}"},"query-input":{"@type":"PropertyValueSpecification","valueRequired":true,"valueName":"search_term_string"}}],"inLanguage":"fr-FR"},{"@type":"Organization","@id":"https:\/\/abc-latina.com\/#organization","name":"Abc-latina","url":"https:\/\/abc-latina.com\/","logo":{"@type":"ImageObject","inLanguage":"fr-FR","@id":"https:\/\/abc-latina.com\/#\/schema\/logo\/image\/","url":"https:\/\/abc-latina.com\/wp-content\/uploads\/2026\/05\/cropped-logo.gif","contentUrl":"https:\/\/abc-latina.com\/wp-content\/uploads\/2026\/05\/cropped-logo.gif","width":89,"height":84,"caption":"Abc-latina"},"image":{"@id":"https:\/\/abc-latina.com\/#\/schema\/logo\/image\/"}}]}},"_links":{"self":[{"href":"https:\/\/abc-latina.com\/wp-json\/wp\/v2\/pages\/1426","targetHints":{"allow":["GET"]}}],"collection":[{"href":"https:\/\/abc-latina.com\/wp-json\/wp\/v2\/pages"}],"about":[{"href":"https:\/\/abc-latina.com\/wp-json\/wp\/v2\/types\/page"}],"author":[{"embeddable":true,"href":"https:\/\/abc-latina.com\/wp-json\/wp\/v2\/users\/3"}],"replies":[{"embeddable":true,"href":"https:\/\/abc-latina.com\/wp-json\/wp\/v2\/comments?post=1426"}],"version-history":[{"count":1,"href":"https:\/\/abc-latina.com\/wp-json\/wp\/v2\/pages\/1426\/revisions"}],"predecessor-version":[{"id":3594,"href":"https:\/\/abc-latina.com\/wp-json\/wp\/v2\/pages\/1426\/revisions\/3594"}],"up":[{"embeddable":true,"href":"https:\/\/abc-latina.com\/wp-json\/wp\/v2\/pages\/2310"}],"wp:attachment":[{"href":"https:\/\/abc-latina.com\/wp-json\/wp\/v2\/media?parent=1426"}],"curies":[{"name":"wp","href":"https:\/\/api.w.org\/{rel}","templated":true}]}}