{"id":1437,"date":"2010-07-17T02:52:51","date_gmt":"2010-07-17T00:52:51","guid":{"rendered":"http:\/\/abc-latina.com\/tourisme-htm-13\/"},"modified":"2026-04-30T18:25:11","modified_gmt":"2026-04-30T16:25:11","slug":"tourisme","status":"publish","type":"page","link":"https:\/\/abc-latina.com\/nicaragua\/tourisme\/","title":{"rendered":"TOURISME &#038; VOYAGE au NICARAGUA"},"content":{"rendered":"<div><img loading=\"lazy\" decoding=\"async\" class=\" alignright size-full wp-image-1436\" src=\"http:\/\/abc-latina.com\/wp-content\/uploads\/2010\/07\/tourisme-nicaragua.jpg\" title=\"TOURISME au NICARAGUA\" alt=\"TOURISME au NICARAGUA\" width=\"220\" vspace=\"9\" hspace=\"15\" height=\"220\" align=\"right\" srcset=\"https:\/\/abc-latina.com\/wp-content\/uploads\/2010\/07\/tourisme-nicaragua.jpg 220w, https:\/\/abc-latina.com\/wp-content\/uploads\/2010\/07\/tourisme-nicaragua-150x150.jpg 150w\" sizes=\"auto, (max-width: 220px) 100vw, 220px\" \/>Le <span class=\"tourisme-chapitre\">Nicaragua<\/span> est le pays des lacs et des volcans.<\/div>\n<div>25 volcans, \u00e0 l&rsquo;activit\u00e9 intermittente, s&rsquo;\u00e9l\u00e8vent le long de la c\u00f4te du Pacifique jusqu&rsquo;\u00e0 1600 m\u00e8tres d&rsquo;altitude.<\/div>\n<div>Le Nicaragua poss\u00e8de les deux plus grands lacs d&rsquo;Am\u00e9rique centrale.<\/div>\n<div>On y trouve aussi des for\u00eats subtropicales pratiquement inexplor\u00e9es, peupl\u00e9es de jaguars, p\u00e9caris, sangliers, cerfs et d&rsquo;oiseaux bariol\u00e9s.Le Nicaragua poss\u00e9de 420 km de c\u00f4tes sur le Pacifiques o\u00f9 l&rsquo;on trouve de magnifiques plages.<\/div>\n<div>La c\u00f4te des Caraibes sui s&rsquo;\u00e9tend sur 750 km, est bord\u00e9e de cayes, petites \u00eeles de corail inhabit\u00e9es: palmiers, lagunes et plages d\u00e9sertes, tel est le paysage offert.&nbsp;<\/div>\n<div>&nbsp;<\/div>\n<div>&nbsp;<\/div>\n<h3>&nbsp;<\/h3>\n<p><a style=\"text-decoration: none;\" target=\"_blank\" href=\"tour_operateur\"><img loading=\"lazy\" decoding=\"async\" class=\" size-full wp-image-41\" src=\"http:\/\/abc-latina.com\/wp-content\/uploads\/2010\/04\/timbre_to.gif\" class=\"touroperateur\" alt=\"\" width=\"125\" height=\"90\" \/><\/a><\/p>\n<h3>Sites du Nicaragua class\u00e9s au patrimoine de l&rsquo;UNESCO:<\/h3>\n<div>Les ruines de Le\u00f3n Viejo &#8211; 2000<\/div>\n<div>Cath\u00e9drale de Le\u00f3n &#8211; 2011<\/div>\n<p>&nbsp;<\/p>\n","protected":false},"excerpt":{"rendered":"<p>Le Nicaragua est le pays des lacs et des volcans. 25 volcans, \u00e0 l&rsquo;activit\u00e9 intermittente, s&rsquo;\u00e9l\u00e8vent le long de la [&hellip;]<\/p>\n","protected":false},"author":3,"featured_media":1436,"parent":2310,"menu_order":0,"comment_status":"closed","ping_status":"closed","template":"","meta":{"site-sidebar-layout":"default","site-content-layout":"","ast-site-content-layout":"default","site-content-style":"default","site-sidebar-style":"default","ast-global-header-display":"","ast-banner-title-visibility":"","ast-main-header-display":"","ast-hfb-above-header-display":"","ast-hfb-below-header-display":"","ast-hfb-mobile-header-display":"","site-post-title":"","ast-breadcrumbs-content":"","ast-featured-img":"","footer-sml-layout":"","ast-disable-related-posts":"","theme-transparent-header-meta":"","adv-header-id-meta":"","stick-header-meta":"","header-above-stick-meta":"","header-main-stick-meta":"","header-below-stick-meta":"","astra-migrate-meta-layouts":"default","ast-page-background-enabled":"default","ast-page-background-meta":{"desktop":{"background-color":"var(--ast-global-color-5)","background-image":"","background-repeat":"repeat","background-position":"center center","background-size":"auto","background-attachment":"scroll","background-type":"","background-media":"","overlay-type":"","overlay-color":"","overlay-opacity":"","overlay-gradient":""},"tablet":{"background-color":"","background-image":"","background-repeat":"repeat","background-position":"center center","background-size":"auto","background-attachment":"scroll","background-type":"","background-media":"","overlay-type":"","overlay-color":"","overlay-opacity":"","overlay-gradient":""},"mobile":{"background-color":"","background-image":"","background-repeat":"repeat","background-position":"center center","background-size":"auto","background-attachment":"scroll","background-type":"","background-media":"","overlay-type":"","overlay-color":"","overlay-opacity":"","overlay-gradient":""}},"ast-content-background-meta":{"desktop":{"background-color":"var(--ast-global-color-4)","background-image":"","background-repeat":"repeat","background-position":"center center","background-size":"auto","background-attachment":"scroll","background-type":"","background-media":"","overlay-type":"","overlay-color":"","overlay-opacity":"","overlay-gradient":""},"tablet":{"background-color":"var(--ast-global-color-4)","background-image":"","background-repeat":"repeat","background-position":"center center","background-size":"auto","background-attachment":"scroll","background-type":"","background-media":"","overlay-type":"","overlay-color":"","overlay-opacity":"","overlay-gradient":""},"mobile":{"background-color":"var(--ast-global-color-4)","background-image":"","background-repeat":"repeat","background-position":"center center","background-size":"auto","background-attachment":"scroll","background-type":"","background-media":"","overlay-type":"","overlay-color":"","overlay-opacity":"","overlay-gradient":""}},"footnotes":""},"class_list":["post-1437","page","type-page","status-publish","has-post-thumbnail","hentry"],"yoast_head":"<!-- This site is optimized with the Yoast SEO plugin v27.5 - https:\/\/yoast.com\/product\/yoast-seo-wordpress\/ -->\n<title>TOURISME &amp; VOYAGE au NICARAGUA - Abc-latina<\/title>\n<meta name=\"description\" content=\"Tourisme et voyage au Nicaragua, description des diff\u00e9rents lieux de vacances et d&#039;aventures.\" \/>\n<meta name=\"robots\" content=\"index, follow, max-snippet:-1, max-image-preview:large, max-video-preview:-1\" \/>\n<link rel=\"canonical\" href=\"https:\/\/abc-latina.com\/nicaragua\/tourisme\/\" \/>\n<meta property=\"og:locale\" content=\"fr_FR\" \/>\n<meta property=\"og:type\" content=\"article\" \/>\n<meta property=\"og:title\" content=\"TOURISME &amp; VOYAGE au NICARAGUA - Abc-latina\" \/>\n<meta property=\"og:description\" content=\"Tourisme et voyage au Nicaragua, description des diff\u00e9rents lieux de vacances et d&#039;aventures.\" \/>\n<meta property=\"og:url\" content=\"https:\/\/abc-latina.com\/nicaragua\/tourisme\/\" \/>\n<meta property=\"og:site_name\" content=\"Abc-latina\" \/>\n<meta property=\"article:modified_time\" content=\"2026-04-30T16:25:11+00:00\" \/>\n<meta property=\"og:image\" content=\"https:\/\/abc-latina.com\/wp-content\/uploads\/2010\/07\/tourisme-nicaragua.jpg\" \/>\n\t<meta property=\"og:image:width\" content=\"220\" \/>\n\t<meta property=\"og:image:height\" content=\"220\" \/>\n\t<meta property=\"og:image:type\" content=\"image\/jpeg\" \/>\n<meta name=\"twitter:card\" content=\"summary_large_image\" \/>\n<meta name=\"twitter:label1\" content=\"Dur\u00e9e de lecture estim\u00e9e\" \/>\n\t<meta name=\"twitter:data1\" content=\"1 minute\" \/>\n<script type=\"application\/ld+json\" class=\"yoast-schema-graph\">{\"@context\":\"https:\\\/\\\/schema.org\",\"@graph\":[{\"@type\":\"WebPage\",\"@id\":\"https:\\\/\\\/abc-latina.com\\\/nicaragua\\\/tourisme\\\/\",\"url\":\"https:\\\/\\\/abc-latina.com\\\/nicaragua\\\/tourisme\\\/\",\"name\":\"TOURISME & VOYAGE au NICARAGUA - Abc-latina\",\"isPartOf\":{\"@id\":\"https:\\\/\\\/abc-latina.com\\\/#website\"},\"primaryImageOfPage\":{\"@id\":\"https:\\\/\\\/abc-latina.com\\\/nicaragua\\\/tourisme\\\/#primaryimage\"},\"image\":{\"@id\":\"https:\\\/\\\/abc-latina.com\\\/nicaragua\\\/tourisme\\\/#primaryimage\"},\"thumbnailUrl\":\"https:\\\/\\\/abc-latina.com\\\/wp-content\\\/uploads\\\/2010\\\/07\\\/tourisme-nicaragua.jpg\",\"datePublished\":\"2010-07-17T00:52:51+00:00\",\"dateModified\":\"2026-04-30T16:25:11+00:00\",\"description\":\"Tourisme et voyage au Nicaragua, description des diff\u00e9rents lieux de vacances et d'aventures.\",\"breadcrumb\":{\"@id\":\"https:\\\/\\\/abc-latina.com\\\/nicaragua\\\/tourisme\\\/#breadcrumb\"},\"inLanguage\":\"fr-FR\",\"potentialAction\":[{\"@type\":\"ReadAction\",\"target\":[\"https:\\\/\\\/abc-latina.com\\\/nicaragua\\\/tourisme\\\/\"]}]},{\"@type\":\"ImageObject\",\"inLanguage\":\"fr-FR\",\"@id\":\"https:\\\/\\\/abc-latina.com\\\/nicaragua\\\/tourisme\\\/#primaryimage\",\"url\":\"https:\\\/\\\/abc-latina.com\\\/wp-content\\\/uploads\\\/2010\\\/07\\\/tourisme-nicaragua.jpg\",\"contentUrl\":\"https:\\\/\\\/abc-latina.com\\\/wp-content\\\/uploads\\\/2010\\\/07\\\/tourisme-nicaragua.jpg\",\"width\":220,\"height\":220,\"caption\":\"TOURISME au NICARAGUA\"},{\"@type\":\"BreadcrumbList\",\"@id\":\"https:\\\/\\\/abc-latina.com\\\/nicaragua\\\/tourisme\\\/#breadcrumb\",\"itemListElement\":[{\"@type\":\"ListItem\",\"position\":1,\"name\":\"Accueil\",\"item\":\"https:\\\/\\\/abc-latina.com\\\/\"},{\"@type\":\"ListItem\",\"position\":2,\"name\":\"TOURISME &#038; VOYAGE au NICARAGUA\"}]},{\"@type\":\"WebSite\",\"@id\":\"https:\\\/\\\/abc-latina.com\\\/#website\",\"url\":\"https:\\\/\\\/abc-latina.com\\\/\",\"name\":\"Abc-latina\",\"description\":\"\",\"publisher\":{\"@id\":\"https:\\\/\\\/abc-latina.com\\\/#organization\"},\"potentialAction\":[{\"@type\":\"SearchAction\",\"target\":{\"@type\":\"EntryPoint\",\"urlTemplate\":\"https:\\\/\\\/abc-latina.com\\\/?s={search_term_string}\"},\"query-input\":{\"@type\":\"PropertyValueSpecification\",\"valueRequired\":true,\"valueName\":\"search_term_string\"}}],\"inLanguage\":\"fr-FR\"},{\"@type\":\"Organization\",\"@id\":\"https:\\\/\\\/abc-latina.com\\\/#organization\",\"name\":\"Abc-latina\",\"url\":\"https:\\\/\\\/abc-latina.com\\\/\",\"logo\":{\"@type\":\"ImageObject\",\"inLanguage\":\"fr-FR\",\"@id\":\"https:\\\/\\\/abc-latina.com\\\/#\\\/schema\\\/logo\\\/image\\\/\",\"url\":\"https:\\\/\\\/abc-latina.com\\\/wp-content\\\/uploads\\\/2026\\\/05\\\/cropped-logo.gif\",\"contentUrl\":\"https:\\\/\\\/abc-latina.com\\\/wp-content\\\/uploads\\\/2026\\\/05\\\/cropped-logo.gif\",\"width\":89,\"height\":84,\"caption\":\"Abc-latina\"},\"image\":{\"@id\":\"https:\\\/\\\/abc-latina.com\\\/#\\\/schema\\\/logo\\\/image\\\/\"}}]}<\/script>\n<!-- \/ Yoast SEO plugin. -->","yoast_head_json":{"title":"TOURISME & VOYAGE au NICARAGUA - Abc-latina","description":"Tourisme et voyage au Nicaragua, description des diff\u00e9rents lieux de vacances et d'aventures.","robots":{"index":"index","follow":"follow","max-snippet":"max-snippet:-1","max-image-preview":"max-image-preview:large","max-video-preview":"max-video-preview:-1"},"canonical":"https:\/\/abc-latina.com\/nicaragua\/tourisme\/","og_locale":"fr_FR","og_type":"article","og_title":"TOURISME & VOYAGE au NICARAGUA - Abc-latina","og_description":"Tourisme et voyage au Nicaragua, description des diff\u00e9rents lieux de vacances et d'aventures.","og_url":"https:\/\/abc-latina.com\/nicaragua\/tourisme\/","og_site_name":"Abc-latina","article_modified_time":"2026-04-30T16:25:11+00:00","og_image":[{"width":220,"height":220,"url":"https:\/\/abc-latina.com\/wp-content\/uploads\/2010\/07\/tourisme-nicaragua.jpg","type":"image\/jpeg"}],"twitter_card":"summary_large_image","twitter_misc":{"Dur\u00e9e de lecture estim\u00e9e":"1 minute"},"schema":{"@context":"https:\/\/schema.org","@graph":[{"@type":"WebPage","@id":"https:\/\/abc-latina.com\/nicaragua\/tourisme\/","url":"https:\/\/abc-latina.com\/nicaragua\/tourisme\/","name":"TOURISME & VOYAGE au NICARAGUA - Abc-latina","isPartOf":{"@id":"https:\/\/abc-latina.com\/#website"},"primaryImageOfPage":{"@id":"https:\/\/abc-latina.com\/nicaragua\/tourisme\/#primaryimage"},"image":{"@id":"https:\/\/abc-latina.com\/nicaragua\/tourisme\/#primaryimage"},"thumbnailUrl":"https:\/\/abc-latina.com\/wp-content\/uploads\/2010\/07\/tourisme-nicaragua.jpg","datePublished":"2010-07-17T00:52:51+00:00","dateModified":"2026-04-30T16:25:11+00:00","description":"Tourisme et voyage au Nicaragua, description des diff\u00e9rents lieux de vacances et d'aventures.","breadcrumb":{"@id":"https:\/\/abc-latina.com\/nicaragua\/tourisme\/#breadcrumb"},"inLanguage":"fr-FR","potentialAction":[{"@type":"ReadAction","target":["https:\/\/abc-latina.com\/nicaragua\/tourisme\/"]}]},{"@type":"ImageObject","inLanguage":"fr-FR","@id":"https:\/\/abc-latina.com\/nicaragua\/tourisme\/#primaryimage","url":"https:\/\/abc-latina.com\/wp-content\/uploads\/2010\/07\/tourisme-nicaragua.jpg","contentUrl":"https:\/\/abc-latina.com\/wp-content\/uploads\/2010\/07\/tourisme-nicaragua.jpg","width":220,"height":220,"caption":"TOURISME au NICARAGUA"},{"@type":"BreadcrumbList","@id":"https:\/\/abc-latina.com\/nicaragua\/tourisme\/#breadcrumb","itemListElement":[{"@type":"ListItem","position":1,"name":"Accueil","item":"https:\/\/abc-latina.com\/"},{"@type":"ListItem","position":2,"name":"TOURISME &#038; VOYAGE au NICARAGUA"}]},{"@type":"WebSite","@id":"https:\/\/abc-latina.com\/#website","url":"https:\/\/abc-latina.com\/","name":"Abc-latina","description":"","publisher":{"@id":"https:\/\/abc-latina.com\/#organization"},"potentialAction":[{"@type":"SearchAction","target":{"@type":"EntryPoint","urlTemplate":"https:\/\/abc-latina.com\/?s={search_term_string}"},"query-input":{"@type":"PropertyValueSpecification","valueRequired":true,"valueName":"search_term_string"}}],"inLanguage":"fr-FR"},{"@type":"Organization","@id":"https:\/\/abc-latina.com\/#organization","name":"Abc-latina","url":"https:\/\/abc-latina.com\/","logo":{"@type":"ImageObject","inLanguage":"fr-FR","@id":"https:\/\/abc-latina.com\/#\/schema\/logo\/image\/","url":"https:\/\/abc-latina.com\/wp-content\/uploads\/2026\/05\/cropped-logo.gif","contentUrl":"https:\/\/abc-latina.com\/wp-content\/uploads\/2026\/05\/cropped-logo.gif","width":89,"height":84,"caption":"Abc-latina"},"image":{"@id":"https:\/\/abc-latina.com\/#\/schema\/logo\/image\/"}}]}},"_links":{"self":[{"href":"https:\/\/abc-latina.com\/wp-json\/wp\/v2\/pages\/1437","targetHints":{"allow":["GET"]}}],"collection":[{"href":"https:\/\/abc-latina.com\/wp-json\/wp\/v2\/pages"}],"about":[{"href":"https:\/\/abc-latina.com\/wp-json\/wp\/v2\/types\/page"}],"author":[{"embeddable":true,"href":"https:\/\/abc-latina.com\/wp-json\/wp\/v2\/users\/3"}],"replies":[{"embeddable":true,"href":"https:\/\/abc-latina.com\/wp-json\/wp\/v2\/comments?post=1437"}],"version-history":[{"count":1,"href":"https:\/\/abc-latina.com\/wp-json\/wp\/v2\/pages\/1437\/revisions"}],"predecessor-version":[{"id":3604,"href":"https:\/\/abc-latina.com\/wp-json\/wp\/v2\/pages\/1437\/revisions\/3604"}],"up":[{"embeddable":true,"href":"https:\/\/abc-latina.com\/wp-json\/wp\/v2\/pages\/2310"}],"wp:featuredmedia":[{"embeddable":true,"href":"https:\/\/abc-latina.com\/wp-json\/wp\/v2\/media\/1436"}],"wp:attachment":[{"href":"https:\/\/abc-latina.com\/wp-json\/wp\/v2\/media?parent=1437"}],"curies":[{"name":"wp","href":"https:\/\/api.w.org\/{rel}","templated":true}]}}