{"id":1439,"date":"2010-07-17T02:58:52","date_gmt":"2010-07-17T00:58:52","guid":{"rendered":"http:\/\/abc-latina.com\/geo-htm-13\/"},"modified":"2026-04-30T18:25:11","modified_gmt":"2026-04-30T16:25:11","slug":"geo","status":"publish","type":"page","link":"https:\/\/abc-latina.com\/panama\/geo\/","title":{"rendered":"GEOGRAPHIE du PANAMA"},"content":{"rendered":"<div><a href=\"https:\/\/www.abc-latina.com\/cartecen\" target=\"_blank\"><img loading=\"lazy\" decoding=\"async\" class=\" alignright size-full wp-image-179\" alt=\"GEOGRAPHIE du PANAMA\" src=\"http:\/\/abc-latina.com\/wp-content\/uploads\/2010\/06\/america_central.png\" style=\"margin: 8px; float: right;\" title=\"GEOGRAPHIE du PANAMA\" width=\"118\" height=\"122\" \/><\/a>Le <span class=\"tourisme-chapitre\">Panama<\/span> est situ\u00e9 dans la partie Sud de l&rsquo;Am\u00e9rique Centrale. Il partage ses fronti\u00e8res avec la Colombie au Sud Est et avec le Costa Rica \u00e0 l&rsquo;Ouest. Il est bord\u00e9 par la mer des Cara\u00efbes au Nord et par l&rsquo;Oc\u00e9an Pacifique au Sud.&nbsp;<\/div>\n<div>D&rsquo;Est en Ouest l&rsquo;extension du pays est de 772 km; du Nord au Sud sa largeur oscille entre 60 et 177 km. Sa g\u00e9ographie est montagneuse avec des terres de basse altitude sur les c\u00f4tes.<\/div>\n<div>&nbsp;<\/div>\n<div>La r\u00e9gion de &quot;El Interior&quot; (l&rsquo;int\u00e9rieur) qui va de la p\u00e9ninsule d&rsquo;Azuero aux montagnes Centrales est caract\u00e9ristique pour \u00eatre une zone de plaines et de collines avec une v\u00e9g\u00e9tation de savane.<\/div>\n<div>La mer des Cara\u00efbes et l&rsquo;Oc\u00e9an Pacifique sont unis par le canal de Panama dont la construction a commenc\u00e9 en 1903 et qui fut inaugur\u00e9 en 1914. Ce canal traverse une d\u00e9nivellation naturelle form\u00e9e par la cordill\u00e8re de Talamanca et celle de San Blas. Sa longueur r\u00e9elle est de 65 km, toutefois la longueur du canal depuis les zones en eau profonde o\u00f9 la navigation est possible est de 80 km.<\/div>\n<div>&nbsp;<\/div>\n<div>Seul un quart du pays est habit\u00e9. La plupart de la population vit dans les zones qui entourent le canal et dans les villes qui servent d&rsquo;entr\u00e9e et de sortie au canal, surtout la ville de Panama et Col\u00f3n. Il y a \u00e9galement des noyaux urbains dans les terres basses de la c\u00f4te de l&rsquo;Oc\u00e9an Pacifique et dans les zones montagneuses proches.&nbsp;<\/div>\n<div>&nbsp;<\/div>\n<div><span class=\"geo-info\">Infos g\u00e9n\u00e9rales<\/span><\/div>\n<div><span class=\"geo-info2\">Capitale:<\/span> Panama&nbsp;<\/div>\n<div><span class=\"geo-info2\">Superficie:<\/span> 75.517 km&sup2;<\/div>\n<div>7 fois plus petit que la France<\/div>\n<div>132 fois plus petit que le Canada<\/div>\n<div>mais 2 fois la Suisse<\/div>\n<div>et 2,5 fois la Belgique&nbsp;<\/div>\n<div><span class=\"geo-info2\">Population:<\/span> 2,7 millions&nbsp;<\/div>\n<div>Urbaine \u00e0 55 %<\/div>\n<div>Rurale \u00e0 45 %<\/div>\n<div>Densit\u00e9 36 hab\/km&sup2;&nbsp;<\/div>\n<div>provinces<\/div>\n<div>Indice de f\u00e9condit\u00e9: 2,6 enfants\/femme<\/div>\n<div>Esp\u00e9rance de vie: 76 \/ 72 ans<\/div>\n<div>Taux d&rsquo;alphab\u00e9tisation: 90 %<\/div>\n<div><span class=\"geo-info2\">Langue:<\/span> Espagnol<\/div>\n","protected":false},"excerpt":{"rendered":"<p>Le Panama est situ\u00e9 dans la partie Sud de l&rsquo;Am\u00e9rique Centrale. Il partage ses fronti\u00e8res avec la Colombie au Sud [&hellip;]<\/p>\n","protected":false},"author":3,"featured_media":179,"parent":2312,"menu_order":0,"comment_status":"closed","ping_status":"closed","template":"","meta":{"site-sidebar-layout":"default","site-content-layout":"","ast-site-content-layout":"default","site-content-style":"default","site-sidebar-style":"default","ast-global-header-display":"","ast-banner-title-visibility":"","ast-main-header-display":"","ast-hfb-above-header-display":"","ast-hfb-below-header-display":"","ast-hfb-mobile-header-display":"","site-post-title":"","ast-breadcrumbs-content":"","ast-featured-img":"","footer-sml-layout":"","ast-disable-related-posts":"","theme-transparent-header-meta":"","adv-header-id-meta":"","stick-header-meta":"","header-above-stick-meta":"","header-main-stick-meta":"","header-below-stick-meta":"","astra-migrate-meta-layouts":"default","ast-page-background-enabled":"default","ast-page-background-meta":{"desktop":{"background-color":"var(--ast-global-color-5)","background-image":"","background-repeat":"repeat","background-position":"center center","background-size":"auto","background-attachment":"scroll","background-type":"","background-media":"","overlay-type":"","overlay-color":"","overlay-opacity":"","overlay-gradient":""},"tablet":{"background-color":"","background-image":"","background-repeat":"repeat","background-position":"center center","background-size":"auto","background-attachment":"scroll","background-type":"","background-media":"","overlay-type":"","overlay-color":"","overlay-opacity":"","overlay-gradient":""},"mobile":{"background-color":"","background-image":"","background-repeat":"repeat","background-position":"center center","background-size":"auto","background-attachment":"scroll","background-type":"","background-media":"","overlay-type":"","overlay-color":"","overlay-opacity":"","overlay-gradient":""}},"ast-content-background-meta":{"desktop":{"background-color":"var(--ast-global-color-4)","background-image":"","background-repeat":"repeat","background-position":"center center","background-size":"auto","background-attachment":"scroll","background-type":"","background-media":"","overlay-type":"","overlay-color":"","overlay-opacity":"","overlay-gradient":""},"tablet":{"background-color":"var(--ast-global-color-4)","background-image":"","background-repeat":"repeat","background-position":"center center","background-size":"auto","background-attachment":"scroll","background-type":"","background-media":"","overlay-type":"","overlay-color":"","overlay-opacity":"","overlay-gradient":""},"mobile":{"background-color":"var(--ast-global-color-4)","background-image":"","background-repeat":"repeat","background-position":"center center","background-size":"auto","background-attachment":"scroll","background-type":"","background-media":"","overlay-type":"","overlay-color":"","overlay-opacity":"","overlay-gradient":""}},"footnotes":""},"class_list":["post-1439","page","type-page","status-publish","has-post-thumbnail","hentry"],"yoast_head":"<!-- This site is optimized with the Yoast SEO plugin v27.5 - https:\/\/yoast.com\/product\/yoast-seo-wordpress\/ -->\n<title>GEOGRAPHIE du PANAMA - Abc-latina<\/title>\n<meta name=\"description\" content=\"Le Panama: la g\u00e9ographie.\" \/>\n<meta name=\"robots\" content=\"index, follow, max-snippet:-1, max-image-preview:large, max-video-preview:-1\" \/>\n<link rel=\"canonical\" href=\"https:\/\/abc-latina.com\/panama\/geo\/\" \/>\n<meta property=\"og:locale\" content=\"fr_FR\" \/>\n<meta property=\"og:type\" content=\"article\" \/>\n<meta property=\"og:title\" content=\"GEOGRAPHIE du PANAMA - Abc-latina\" \/>\n<meta property=\"og:description\" content=\"Le Panama: la g\u00e9ographie.\" \/>\n<meta property=\"og:url\" content=\"https:\/\/abc-latina.com\/panama\/geo\/\" \/>\n<meta property=\"og:site_name\" content=\"Abc-latina\" \/>\n<meta property=\"article:modified_time\" content=\"2026-04-30T16:25:11+00:00\" \/>\n<meta property=\"og:image\" content=\"https:\/\/abc-latina.com\/wp-content\/uploads\/2010\/06\/america_central.png\" \/>\n\t<meta property=\"og:image:width\" content=\"118\" \/>\n\t<meta property=\"og:image:height\" content=\"122\" \/>\n\t<meta property=\"og:image:type\" content=\"image\/png\" \/>\n<meta name=\"twitter:card\" content=\"summary_large_image\" \/>\n<meta name=\"twitter:label1\" content=\"Dur\u00e9e de lecture estim\u00e9e\" \/>\n\t<meta name=\"twitter:data1\" content=\"2 minutes\" \/>\n<script type=\"application\/ld+json\" class=\"yoast-schema-graph\">{\"@context\":\"https:\\\/\\\/schema.org\",\"@graph\":[{\"@type\":\"WebPage\",\"@id\":\"https:\\\/\\\/abc-latina.com\\\/panama\\\/geo\\\/\",\"url\":\"https:\\\/\\\/abc-latina.com\\\/panama\\\/geo\\\/\",\"name\":\"GEOGRAPHIE du PANAMA - Abc-latina\",\"isPartOf\":{\"@id\":\"https:\\\/\\\/abc-latina.com\\\/#website\"},\"primaryImageOfPage\":{\"@id\":\"https:\\\/\\\/abc-latina.com\\\/panama\\\/geo\\\/#primaryimage\"},\"image\":{\"@id\":\"https:\\\/\\\/abc-latina.com\\\/panama\\\/geo\\\/#primaryimage\"},\"thumbnailUrl\":\"https:\\\/\\\/abc-latina.com\\\/wp-content\\\/uploads\\\/2010\\\/06\\\/america_central.png\",\"datePublished\":\"2010-07-17T00:58:52+00:00\",\"dateModified\":\"2026-04-30T16:25:11+00:00\",\"description\":\"Le Panama: la g\u00e9ographie.\",\"breadcrumb\":{\"@id\":\"https:\\\/\\\/abc-latina.com\\\/panama\\\/geo\\\/#breadcrumb\"},\"inLanguage\":\"fr-FR\",\"potentialAction\":[{\"@type\":\"ReadAction\",\"target\":[\"https:\\\/\\\/abc-latina.com\\\/panama\\\/geo\\\/\"]}]},{\"@type\":\"ImageObject\",\"inLanguage\":\"fr-FR\",\"@id\":\"https:\\\/\\\/abc-latina.com\\\/panama\\\/geo\\\/#primaryimage\",\"url\":\"https:\\\/\\\/abc-latina.com\\\/wp-content\\\/uploads\\\/2010\\\/06\\\/america_central.png\",\"contentUrl\":\"https:\\\/\\\/abc-latina.com\\\/wp-content\\\/uploads\\\/2010\\\/06\\\/america_central.png\",\"width\":118,\"height\":122},{\"@type\":\"BreadcrumbList\",\"@id\":\"https:\\\/\\\/abc-latina.com\\\/panama\\\/geo\\\/#breadcrumb\",\"itemListElement\":[{\"@type\":\"ListItem\",\"position\":1,\"name\":\"Accueil\",\"item\":\"https:\\\/\\\/abc-latina.com\\\/\"},{\"@type\":\"ListItem\",\"position\":2,\"name\":\"GEOGRAPHIE du PANAMA\"}]},{\"@type\":\"WebSite\",\"@id\":\"https:\\\/\\\/abc-latina.com\\\/#website\",\"url\":\"https:\\\/\\\/abc-latina.com\\\/\",\"name\":\"Abc-latina\",\"description\":\"\",\"publisher\":{\"@id\":\"https:\\\/\\\/abc-latina.com\\\/#organization\"},\"potentialAction\":[{\"@type\":\"SearchAction\",\"target\":{\"@type\":\"EntryPoint\",\"urlTemplate\":\"https:\\\/\\\/abc-latina.com\\\/?s={search_term_string}\"},\"query-input\":{\"@type\":\"PropertyValueSpecification\",\"valueRequired\":true,\"valueName\":\"search_term_string\"}}],\"inLanguage\":\"fr-FR\"},{\"@type\":\"Organization\",\"@id\":\"https:\\\/\\\/abc-latina.com\\\/#organization\",\"name\":\"Abc-latina\",\"url\":\"https:\\\/\\\/abc-latina.com\\\/\",\"logo\":{\"@type\":\"ImageObject\",\"inLanguage\":\"fr-FR\",\"@id\":\"https:\\\/\\\/abc-latina.com\\\/#\\\/schema\\\/logo\\\/image\\\/\",\"url\":\"https:\\\/\\\/abc-latina.com\\\/wp-content\\\/uploads\\\/2026\\\/05\\\/cropped-logo.gif\",\"contentUrl\":\"https:\\\/\\\/abc-latina.com\\\/wp-content\\\/uploads\\\/2026\\\/05\\\/cropped-logo.gif\",\"width\":89,\"height\":84,\"caption\":\"Abc-latina\"},\"image\":{\"@id\":\"https:\\\/\\\/abc-latina.com\\\/#\\\/schema\\\/logo\\\/image\\\/\"}}]}<\/script>\n<!-- \/ Yoast SEO plugin. -->","yoast_head_json":{"title":"GEOGRAPHIE du PANAMA - Abc-latina","description":"Le Panama: la g\u00e9ographie.","robots":{"index":"index","follow":"follow","max-snippet":"max-snippet:-1","max-image-preview":"max-image-preview:large","max-video-preview":"max-video-preview:-1"},"canonical":"https:\/\/abc-latina.com\/panama\/geo\/","og_locale":"fr_FR","og_type":"article","og_title":"GEOGRAPHIE du PANAMA - Abc-latina","og_description":"Le Panama: la g\u00e9ographie.","og_url":"https:\/\/abc-latina.com\/panama\/geo\/","og_site_name":"Abc-latina","article_modified_time":"2026-04-30T16:25:11+00:00","og_image":[{"width":118,"height":122,"url":"https:\/\/abc-latina.com\/wp-content\/uploads\/2010\/06\/america_central.png","type":"image\/png"}],"twitter_card":"summary_large_image","twitter_misc":{"Dur\u00e9e de lecture estim\u00e9e":"2 minutes"},"schema":{"@context":"https:\/\/schema.org","@graph":[{"@type":"WebPage","@id":"https:\/\/abc-latina.com\/panama\/geo\/","url":"https:\/\/abc-latina.com\/panama\/geo\/","name":"GEOGRAPHIE du PANAMA - Abc-latina","isPartOf":{"@id":"https:\/\/abc-latina.com\/#website"},"primaryImageOfPage":{"@id":"https:\/\/abc-latina.com\/panama\/geo\/#primaryimage"},"image":{"@id":"https:\/\/abc-latina.com\/panama\/geo\/#primaryimage"},"thumbnailUrl":"https:\/\/abc-latina.com\/wp-content\/uploads\/2010\/06\/america_central.png","datePublished":"2010-07-17T00:58:52+00:00","dateModified":"2026-04-30T16:25:11+00:00","description":"Le Panama: la g\u00e9ographie.","breadcrumb":{"@id":"https:\/\/abc-latina.com\/panama\/geo\/#breadcrumb"},"inLanguage":"fr-FR","potentialAction":[{"@type":"ReadAction","target":["https:\/\/abc-latina.com\/panama\/geo\/"]}]},{"@type":"ImageObject","inLanguage":"fr-FR","@id":"https:\/\/abc-latina.com\/panama\/geo\/#primaryimage","url":"https:\/\/abc-latina.com\/wp-content\/uploads\/2010\/06\/america_central.png","contentUrl":"https:\/\/abc-latina.com\/wp-content\/uploads\/2010\/06\/america_central.png","width":118,"height":122},{"@type":"BreadcrumbList","@id":"https:\/\/abc-latina.com\/panama\/geo\/#breadcrumb","itemListElement":[{"@type":"ListItem","position":1,"name":"Accueil","item":"https:\/\/abc-latina.com\/"},{"@type":"ListItem","position":2,"name":"GEOGRAPHIE du PANAMA"}]},{"@type":"WebSite","@id":"https:\/\/abc-latina.com\/#website","url":"https:\/\/abc-latina.com\/","name":"Abc-latina","description":"","publisher":{"@id":"https:\/\/abc-latina.com\/#organization"},"potentialAction":[{"@type":"SearchAction","target":{"@type":"EntryPoint","urlTemplate":"https:\/\/abc-latina.com\/?s={search_term_string}"},"query-input":{"@type":"PropertyValueSpecification","valueRequired":true,"valueName":"search_term_string"}}],"inLanguage":"fr-FR"},{"@type":"Organization","@id":"https:\/\/abc-latina.com\/#organization","name":"Abc-latina","url":"https:\/\/abc-latina.com\/","logo":{"@type":"ImageObject","inLanguage":"fr-FR","@id":"https:\/\/abc-latina.com\/#\/schema\/logo\/image\/","url":"https:\/\/abc-latina.com\/wp-content\/uploads\/2026\/05\/cropped-logo.gif","contentUrl":"https:\/\/abc-latina.com\/wp-content\/uploads\/2026\/05\/cropped-logo.gif","width":89,"height":84,"caption":"Abc-latina"},"image":{"@id":"https:\/\/abc-latina.com\/#\/schema\/logo\/image\/"}}]}},"_links":{"self":[{"href":"https:\/\/abc-latina.com\/wp-json\/wp\/v2\/pages\/1439","targetHints":{"allow":["GET"]}}],"collection":[{"href":"https:\/\/abc-latina.com\/wp-json\/wp\/v2\/pages"}],"about":[{"href":"https:\/\/abc-latina.com\/wp-json\/wp\/v2\/types\/page"}],"author":[{"embeddable":true,"href":"https:\/\/abc-latina.com\/wp-json\/wp\/v2\/users\/3"}],"replies":[{"embeddable":true,"href":"https:\/\/abc-latina.com\/wp-json\/wp\/v2\/comments?post=1439"}],"version-history":[{"count":1,"href":"https:\/\/abc-latina.com\/wp-json\/wp\/v2\/pages\/1439\/revisions"}],"predecessor-version":[{"id":3617,"href":"https:\/\/abc-latina.com\/wp-json\/wp\/v2\/pages\/1439\/revisions\/3617"}],"up":[{"embeddable":true,"href":"https:\/\/abc-latina.com\/wp-json\/wp\/v2\/pages\/2312"}],"wp:featuredmedia":[{"embeddable":true,"href":"https:\/\/abc-latina.com\/wp-json\/wp\/v2\/media\/179"}],"wp:attachment":[{"href":"https:\/\/abc-latina.com\/wp-json\/wp\/v2\/media?parent=1439"}],"curies":[{"name":"wp","href":"https:\/\/api.w.org\/{rel}","templated":true}]}}