{"id":1440,"date":"2010-07-17T03:00:53","date_gmt":"2010-07-17T01:00:53","guid":{"rendered":"http:\/\/abc-latina.com\/histoire-htm-14\/"},"modified":"2026-04-30T18:25:11","modified_gmt":"2026-04-30T16:25:11","slug":"histoire","status":"publish","type":"page","link":"https:\/\/abc-latina.com\/panama\/histoire\/","title":{"rendered":"HISTOIRE &#8211; PANAMA"},"content":{"rendered":"<h2 style=\"text-align: center;\">Les principales dates de l&rsquo;histoire du Panama<\/h2>\n<div>&nbsp;&nbsp;<\/div>\n<ul>\n<li><span class=\"histoire-date\">21 novembre 1821<\/span>&nbsp;<br \/> Le Panama obtient son ind\u00e9pendance en faisant partie de la Grande Colombie.&nbsp;<\/li>\n<li><span class=\"histoire-date\">1831<\/span> &nbsp;<br \/> Lors de l&rsquo;\u00e9clatement de la guerre civile n\u00e9o-grenadine, le Panama se s\u00e9pare pendant plus d&rsquo;un an de la Nouvelle Grenade, avec l&rsquo;intention de former une Conf\u00e9d\u00e9ration Colombienne, en maintenant son autonomie.&nbsp;<\/li>\n<li><span class=\"histoire-date\">1855<\/span><br \/> L&rsquo;\u00e9tat de Panama est cr\u00e9\u00e9, f\u00e9d\u00e9r\u00e9 \u00e0 la Nouvelle Grenade (Colombie actuelle).&nbsp;<\/li>\n<li><span class=\"histoire-date\">1846<\/span> &nbsp;<br \/> Le trait\u00e9 Mallarino-Bidlack sign\u00e9 entre Washington et Bogota autorise les Etats-Unis \u00e0 construire une voie de chemin de fer.&nbsp;<\/li>\n<li><span class=\"histoire-date\">3 novembre 1903<\/span> &nbsp;<br \/> Le Panama avec le soutien des Etats-Unis d\u00e9clare son ind\u00e9pendance et est reconnue en tant que R\u00e9publique ind\u00e9pendante (sauf la Colombie qui ne la reconna\u00eet qu&rsquo;en 1921.&nbsp;<\/li>\n<li><span class=\"histoire-date\">1903<\/span><br \/> La construction du canal commence et la zone du <a href=\"https:\/\/www.abc-latina.com\/panama\/canal_de_panama.php\">canal de Panama<\/a> devient un protectorat am\u00e9ricain.&nbsp;<\/li>\n<li><span class=\"histoire-date\">1914 <\/span>&nbsp;<br \/> La canal est termin\u00e9 et il est consid\u00e9r\u00e9 \u00e0 cette \u00e9poque comme la &quot; huiti\u00e8me merveille du monde &quot;.&nbsp;<\/li>\n<li><span class=\"histoire-date\">1968<\/span> &nbsp;<br \/> Un coup d&rsquo;\u00e9tat militaire m\u00e8ne le G\u00e9n\u00e9ral Omar Torrijos Herrera au pouvoir et il y restera jusqu&rsquo;\u00e0 sa mort en 1981.&nbsp;<\/li>\n<li><span class=\"histoire-date\">1983<\/span><br \/> Nouvelle modification de la constitution, apr\u00e8s celles de 1904, 1941, 1946, 1972.&nbsp;<\/li>\n<li><span class=\"histoire-date\">Entre 1984 et 1989<\/span><br \/> Le pays est dirig\u00e9 par les forces arm\u00e9es dirig\u00e9es par le <a href=\"https:\/\/www.abc-latina.com\/personnalites\/general_manuel_noriega\" target=\"_blank\">G\u00e9n\u00e9ral Manuel Noriega<\/a>.&nbsp;<\/li>\n<li><span class=\"histoire-date\">1989<\/span><br \/> Intervention des Am\u00e9ricains au Panama.&nbsp;<\/li>\n<li><span class=\"histoire-date\">1991 et 1992<\/span><br \/> Plusieurs tentatives de coup d&rsquo;\u00e9tat \u00e9chouent.&nbsp;<\/li>\n<li><span class=\"histoire-date\">1992 <\/span><br \/> Noriega est extrad\u00e9 et jug\u00e9 aux Etats-Unis. Il sera condamn\u00e9 \u00e0 40 ans de prison.&nbsp;<\/li>\n<li><span class=\"histoire-date\">1999<\/span><br \/> Les am\u00e9ricains se retirent de la zone du canal (selon l&rsquo;accord n\u00e9goci\u00e9 entre les panam\u00e9ens et l&rsquo;administration de Jimmy Carter en 1980).&nbsp;<\/li>\n<\/ul>\n","protected":false},"excerpt":{"rendered":"<p>Les principales dates de l&rsquo;histoire du Panama &nbsp;&nbsp; 21 novembre 1821&nbsp; Le Panama obtient son ind\u00e9pendance en faisant partie de [&hellip;]<\/p>\n","protected":false},"author":3,"featured_media":0,"parent":2312,"menu_order":0,"comment_status":"closed","ping_status":"closed","template":"","meta":{"site-sidebar-layout":"default","site-content-layout":"","ast-site-content-layout":"default","site-content-style":"default","site-sidebar-style":"default","ast-global-header-display":"","ast-banner-title-visibility":"","ast-main-header-display":"","ast-hfb-above-header-display":"","ast-hfb-below-header-display":"","ast-hfb-mobile-header-display":"","site-post-title":"","ast-breadcrumbs-content":"","ast-featured-img":"","footer-sml-layout":"","ast-disable-related-posts":"","theme-transparent-header-meta":"","adv-header-id-meta":"","stick-header-meta":"","header-above-stick-meta":"","header-main-stick-meta":"","header-below-stick-meta":"","astra-migrate-meta-layouts":"default","ast-page-background-enabled":"default","ast-page-background-meta":{"desktop":{"background-color":"var(--ast-global-color-5)","background-image":"","background-repeat":"repeat","background-position":"center center","background-size":"auto","background-attachment":"scroll","background-type":"","background-media":"","overlay-type":"","overlay-color":"","overlay-opacity":"","overlay-gradient":""},"tablet":{"background-color":"","background-image":"","background-repeat":"repeat","background-position":"center center","background-size":"auto","background-attachment":"scroll","background-type":"","background-media":"","overlay-type":"","overlay-color":"","overlay-opacity":"","overlay-gradient":""},"mobile":{"background-color":"","background-image":"","background-repeat":"repeat","background-position":"center center","background-size":"auto","background-attachment":"scroll","background-type":"","background-media":"","overlay-type":"","overlay-color":"","overlay-opacity":"","overlay-gradient":""}},"ast-content-background-meta":{"desktop":{"background-color":"var(--ast-global-color-4)","background-image":"","background-repeat":"repeat","background-position":"center center","background-size":"auto","background-attachment":"scroll","background-type":"","background-media":"","overlay-type":"","overlay-color":"","overlay-opacity":"","overlay-gradient":""},"tablet":{"background-color":"var(--ast-global-color-4)","background-image":"","background-repeat":"repeat","background-position":"center center","background-size":"auto","background-attachment":"scroll","background-type":"","background-media":"","overlay-type":"","overlay-color":"","overlay-opacity":"","overlay-gradient":""},"mobile":{"background-color":"var(--ast-global-color-4)","background-image":"","background-repeat":"repeat","background-position":"center center","background-size":"auto","background-attachment":"scroll","background-type":"","background-media":"","overlay-type":"","overlay-color":"","overlay-opacity":"","overlay-gradient":""}},"footnotes":""},"class_list":["post-1440","page","type-page","status-publish","hentry"],"yoast_head":"<!-- This site is optimized with the Yoast SEO plugin v27.5 - https:\/\/yoast.com\/product\/yoast-seo-wordpress\/ -->\n<title>HISTOIRE - PANAMA - Abc-latina<\/title>\n<meta name=\"description\" content=\"Le Panama: l&#039;histoire.\" \/>\n<meta name=\"robots\" content=\"index, follow, max-snippet:-1, max-image-preview:large, max-video-preview:-1\" \/>\n<link rel=\"canonical\" href=\"https:\/\/abc-latina.com\/panama\/histoire\/\" \/>\n<meta property=\"og:locale\" content=\"fr_FR\" \/>\n<meta property=\"og:type\" content=\"article\" \/>\n<meta property=\"og:title\" content=\"HISTOIRE - PANAMA - Abc-latina\" \/>\n<meta property=\"og:description\" content=\"Le Panama: l&#039;histoire.\" \/>\n<meta property=\"og:url\" content=\"https:\/\/abc-latina.com\/panama\/histoire\/\" \/>\n<meta property=\"og:site_name\" content=\"Abc-latina\" \/>\n<meta property=\"article:modified_time\" content=\"2026-04-30T16:25:11+00:00\" \/>\n<meta name=\"twitter:card\" content=\"summary_large_image\" \/>\n<meta name=\"twitter:label1\" content=\"Dur\u00e9e de lecture estim\u00e9e\" \/>\n\t<meta name=\"twitter:data1\" content=\"1 minute\" \/>\n<script type=\"application\/ld+json\" class=\"yoast-schema-graph\">{\"@context\":\"https:\\\/\\\/schema.org\",\"@graph\":[{\"@type\":\"WebPage\",\"@id\":\"https:\\\/\\\/abc-latina.com\\\/panama\\\/histoire\\\/\",\"url\":\"https:\\\/\\\/abc-latina.com\\\/panama\\\/histoire\\\/\",\"name\":\"HISTOIRE - PANAMA - Abc-latina\",\"isPartOf\":{\"@id\":\"https:\\\/\\\/abc-latina.com\\\/#website\"},\"datePublished\":\"2010-07-17T01:00:53+00:00\",\"dateModified\":\"2026-04-30T16:25:11+00:00\",\"description\":\"Le Panama: l'histoire.\",\"breadcrumb\":{\"@id\":\"https:\\\/\\\/abc-latina.com\\\/panama\\\/histoire\\\/#breadcrumb\"},\"inLanguage\":\"fr-FR\",\"potentialAction\":[{\"@type\":\"ReadAction\",\"target\":[\"https:\\\/\\\/abc-latina.com\\\/panama\\\/histoire\\\/\"]}]},{\"@type\":\"BreadcrumbList\",\"@id\":\"https:\\\/\\\/abc-latina.com\\\/panama\\\/histoire\\\/#breadcrumb\",\"itemListElement\":[{\"@type\":\"ListItem\",\"position\":1,\"name\":\"Accueil\",\"item\":\"https:\\\/\\\/abc-latina.com\\\/\"},{\"@type\":\"ListItem\",\"position\":2,\"name\":\"HISTOIRE &#8211; PANAMA\"}]},{\"@type\":\"WebSite\",\"@id\":\"https:\\\/\\\/abc-latina.com\\\/#website\",\"url\":\"https:\\\/\\\/abc-latina.com\\\/\",\"name\":\"Abc-latina\",\"description\":\"\",\"publisher\":{\"@id\":\"https:\\\/\\\/abc-latina.com\\\/#organization\"},\"potentialAction\":[{\"@type\":\"SearchAction\",\"target\":{\"@type\":\"EntryPoint\",\"urlTemplate\":\"https:\\\/\\\/abc-latina.com\\\/?s={search_term_string}\"},\"query-input\":{\"@type\":\"PropertyValueSpecification\",\"valueRequired\":true,\"valueName\":\"search_term_string\"}}],\"inLanguage\":\"fr-FR\"},{\"@type\":\"Organization\",\"@id\":\"https:\\\/\\\/abc-latina.com\\\/#organization\",\"name\":\"Abc-latina\",\"url\":\"https:\\\/\\\/abc-latina.com\\\/\",\"logo\":{\"@type\":\"ImageObject\",\"inLanguage\":\"fr-FR\",\"@id\":\"https:\\\/\\\/abc-latina.com\\\/#\\\/schema\\\/logo\\\/image\\\/\",\"url\":\"https:\\\/\\\/abc-latina.com\\\/wp-content\\\/uploads\\\/2026\\\/05\\\/cropped-logo.gif\",\"contentUrl\":\"https:\\\/\\\/abc-latina.com\\\/wp-content\\\/uploads\\\/2026\\\/05\\\/cropped-logo.gif\",\"width\":89,\"height\":84,\"caption\":\"Abc-latina\"},\"image\":{\"@id\":\"https:\\\/\\\/abc-latina.com\\\/#\\\/schema\\\/logo\\\/image\\\/\"}}]}<\/script>\n<!-- \/ Yoast SEO plugin. -->","yoast_head_json":{"title":"HISTOIRE - PANAMA - Abc-latina","description":"Le Panama: l'histoire.","robots":{"index":"index","follow":"follow","max-snippet":"max-snippet:-1","max-image-preview":"max-image-preview:large","max-video-preview":"max-video-preview:-1"},"canonical":"https:\/\/abc-latina.com\/panama\/histoire\/","og_locale":"fr_FR","og_type":"article","og_title":"HISTOIRE - PANAMA - Abc-latina","og_description":"Le Panama: l'histoire.","og_url":"https:\/\/abc-latina.com\/panama\/histoire\/","og_site_name":"Abc-latina","article_modified_time":"2026-04-30T16:25:11+00:00","twitter_card":"summary_large_image","twitter_misc":{"Dur\u00e9e de lecture estim\u00e9e":"1 minute"},"schema":{"@context":"https:\/\/schema.org","@graph":[{"@type":"WebPage","@id":"https:\/\/abc-latina.com\/panama\/histoire\/","url":"https:\/\/abc-latina.com\/panama\/histoire\/","name":"HISTOIRE - PANAMA - Abc-latina","isPartOf":{"@id":"https:\/\/abc-latina.com\/#website"},"datePublished":"2010-07-17T01:00:53+00:00","dateModified":"2026-04-30T16:25:11+00:00","description":"Le Panama: l'histoire.","breadcrumb":{"@id":"https:\/\/abc-latina.com\/panama\/histoire\/#breadcrumb"},"inLanguage":"fr-FR","potentialAction":[{"@type":"ReadAction","target":["https:\/\/abc-latina.com\/panama\/histoire\/"]}]},{"@type":"BreadcrumbList","@id":"https:\/\/abc-latina.com\/panama\/histoire\/#breadcrumb","itemListElement":[{"@type":"ListItem","position":1,"name":"Accueil","item":"https:\/\/abc-latina.com\/"},{"@type":"ListItem","position":2,"name":"HISTOIRE &#8211; PANAMA"}]},{"@type":"WebSite","@id":"https:\/\/abc-latina.com\/#website","url":"https:\/\/abc-latina.com\/","name":"Abc-latina","description":"","publisher":{"@id":"https:\/\/abc-latina.com\/#organization"},"potentialAction":[{"@type":"SearchAction","target":{"@type":"EntryPoint","urlTemplate":"https:\/\/abc-latina.com\/?s={search_term_string}"},"query-input":{"@type":"PropertyValueSpecification","valueRequired":true,"valueName":"search_term_string"}}],"inLanguage":"fr-FR"},{"@type":"Organization","@id":"https:\/\/abc-latina.com\/#organization","name":"Abc-latina","url":"https:\/\/abc-latina.com\/","logo":{"@type":"ImageObject","inLanguage":"fr-FR","@id":"https:\/\/abc-latina.com\/#\/schema\/logo\/image\/","url":"https:\/\/abc-latina.com\/wp-content\/uploads\/2026\/05\/cropped-logo.gif","contentUrl":"https:\/\/abc-latina.com\/wp-content\/uploads\/2026\/05\/cropped-logo.gif","width":89,"height":84,"caption":"Abc-latina"},"image":{"@id":"https:\/\/abc-latina.com\/#\/schema\/logo\/image\/"}}]}},"_links":{"self":[{"href":"https:\/\/abc-latina.com\/wp-json\/wp\/v2\/pages\/1440","targetHints":{"allow":["GET"]}}],"collection":[{"href":"https:\/\/abc-latina.com\/wp-json\/wp\/v2\/pages"}],"about":[{"href":"https:\/\/abc-latina.com\/wp-json\/wp\/v2\/types\/page"}],"author":[{"embeddable":true,"href":"https:\/\/abc-latina.com\/wp-json\/wp\/v2\/users\/3"}],"replies":[{"embeddable":true,"href":"https:\/\/abc-latina.com\/wp-json\/wp\/v2\/comments?post=1440"}],"version-history":[{"count":1,"href":"https:\/\/abc-latina.com\/wp-json\/wp\/v2\/pages\/1440\/revisions"}],"predecessor-version":[{"id":3618,"href":"https:\/\/abc-latina.com\/wp-json\/wp\/v2\/pages\/1440\/revisions\/3618"}],"up":[{"embeddable":true,"href":"https:\/\/abc-latina.com\/wp-json\/wp\/v2\/pages\/2312"}],"wp:attachment":[{"href":"https:\/\/abc-latina.com\/wp-json\/wp\/v2\/media?parent=1440"}],"curies":[{"name":"wp","href":"https:\/\/api.w.org\/{rel}","templated":true}]}}