{"id":1446,"date":"2010-07-17T03:54:03","date_gmt":"2010-07-17T01:54:03","guid":{"rendered":"http:\/\/abc-latina.com\/tourisme-htm-14\/"},"modified":"2026-04-30T18:25:12","modified_gmt":"2026-04-30T16:25:12","slug":"tourisme","status":"publish","type":"page","link":"https:\/\/abc-latina.com\/panama\/tourisme\/","title":{"rendered":"TOURISME &#038; VOYAGE au PANAMA"},"content":{"rendered":"<div><span class=\"tourisme-chapitre\"><img loading=\"lazy\" decoding=\"async\" class=\" alignright size-full wp-image-376\" alt=\"TOURISME &amp; VOYAGE au PANAMA\" title=\"TOURISME &amp; VOYAGE au PANAMA\" src=\"http:\/\/abc-latina.com\/wp-content\/uploads\/2010\/06\/panama-city.jpg\" width=\"220\" vspace=\"9\" hspace=\"15\" height=\"220\" align=\"right\" srcset=\"https:\/\/abc-latina.com\/wp-content\/uploads\/2010\/06\/panama-city.jpg 220w, https:\/\/abc-latina.com\/wp-content\/uploads\/2010\/06\/panama-city-150x150.jpg 150w\" sizes=\"auto, (max-width: 220px) 100vw, 220px\" \/>Ciudad de Panam\u00e1<\/span><\/div>\n<div>Aujourd&rsquo;hui la Ciudad de Panam\u00e1 a l&rsquo;avantage d&rsquo;offrir une grande diversit\u00e9 architecturale. Les diff\u00e9rents styles d&rsquo;\u00e9difices que vous pouvez y admirer ont pour origine deux p\u00e9riodes distinctes. La premi\u00e8re est la p\u00e9riode coloniale, dont il reste quelques beaux exemples dans Casco Viejo . La seconde, plus tardive, est associ\u00e9e \u00e0 l&rsquo;ouverture de la ligne ferroviaire reliant Col\u00f3n et la ville de Panam\u00e1, ainsi qu&rsquo;\u00e0 la construction du canal.<\/div>\n<div>&nbsp;<\/div>\n<div>Le centre historique de la nouvelle Panam\u00e1 se trouve dans le secteur de San Felipe, couramment appel\u00e9 Casco Viejo. C&rsquo;est l\u00e0 que vous trouverez la plupart des b\u00e2timents datant de l&rsquo;\u00e9poque coloniale ainsi qu&rsquo;un grand nombre de demeures de style.<\/div>\n<div>&nbsp;<\/div>\n<div>L&rsquo;Avenida Central, pi\u00e9tonni\u00e8re en partie et particuli\u00e8rement anim\u00e9e, est le meilleur acc\u00e8s pour la visite. Vous pouvez voir tout ce secteur \u00e0 pied en une journ\u00e9e. Par ailleurs, quelques b\u00e2timents int\u00e9ressants peuvent \u00e9galement \u00eatre visit\u00e9s dans divers secteurs de Bella Vista et de Calidonia.<\/div>\n<div>&nbsp;<\/div>\n<div><span class=\"tourisme-chapitre\">Bocas Del Toro<\/span><\/div>\n<div>Recouverte d&rsquo;une v\u00e9g\u00e9tation exub\u00e9rante et abritant le gigantesque Parque Internacional La Amistad , l&rsquo;une des plus grandes zones prot\u00e9g\u00e9es d&rsquo;Am\u00e9rique centrale, la province de Bocas del Toro porte d\u00e9cid\u00e9ment bien son nom de province de &laquo;l&rsquo;or vert&raquo;.<\/div>\n<div>&nbsp;<\/div>\n<div><span class=\"tourisme-chapitre\">Boquete&nbsp;<\/span><\/div>\n<div>Peupl\u00e9 depuis 1880 par les paysans de la r\u00e9gion et par des \u00e9migr\u00e9s venus de pays aussi diff\u00e9rents que la Suisse, l&rsquo;ancienne Yougoslavie, l&rsquo;Allemagne et m\u00eame les \u00c9tats-Unis, Boquete est probablement l&rsquo;endroit le plus agr\u00e9able de la province de Chiriqu\u00ed.<\/div>\n<div>&nbsp;<\/div>\n<div><span class=\"tourisme-chapitre\">Comarca de San Blas&nbsp;<\/span><\/div>\n<div><a target=\"_blank\" href=\"tour_operateur\"><img loading=\"lazy\" decoding=\"async\" class=\" size-full wp-image-41\" src=\"http:\/\/abc-latina.com\/wp-content\/uploads\/2010\/04\/timbre_to.gif\" class=\"touroperateur\" alt=\"\" width=\"125\" height=\"90\" \/><\/a>Situ\u00e9e le long de la c\u00f4te nord-est du Panam\u00e1, dans la mer des Cara\u00efbes, la Comarca de San Blas a la particularit\u00e9 d&rsquo;\u00eatre la seule province du pays exclusivement peupl\u00e9e par une population am\u00e9rindienne, les Kunas, qui appellent leur terre Kuna Yala. Elle est aussi la seule \u00e0 \u00eatre exclusivement administr\u00e9e par une population am\u00e9rindienne. De ce fait, elle est r\u00e9pertori\u00e9e sous l&rsquo;appellation de comarca, signifiant &laquo;r\u00e9gion&raquo; ou &laquo;territoire&raquo;, et non sous le vocable de &laquo;province&raquo;.<\/div>\n<div>&nbsp;<\/div>\n<div><span class=\"tourisme-chapitre\">Iles et plages de la province de Panama&nbsp;<\/span><\/div>\n<div>Si la richesse de la faune et de la flore du Panam\u00e1 est encore trop souvent ignor\u00e9e des voyageurs, il en va de m\u00eame pour les nombreuses \u00eeles et plages de la province de Panam\u00e1 qui pars\u00e8ment son littoral Pacifique.<\/div>\n<div>Isol\u00e9es et difficilement accessibles, les \u00eeles de l&rsquo;Archipi\u00e9lago de las Perlas en constituent le plus grand groupe. Parmi ces \u00eeles, la plus connue est sans conteste l&rsquo;Isla Contadora .<\/div>\n<div>Source guide Ulysse<\/div>\n<div>&nbsp;<\/div>\n<h3>Les sites panam\u00e9ens class\u00e9s au patrimoine de l&rsquo;UNESCO:<\/h3>\n<div>Fortifications de la c\u00f4te cara\u00efbe du Panama : Portobelo, San Lorenzo &#8211; 1980<\/div>\n<div>Parc national du Darien &#8211; 1981<\/div>\n<div>R\u00e9serves de la cordill\u00e8re de Talamanca-La Amistad \/ Parc national La Amistad &#8211; 1983 1990<\/div>\n<div>Site arch\u00e9ologique de Panam\u00e1 Viejo et district historique de Panam\u00e1 &#8211; 1997 2003<\/div>\n<div>Parc national de Coiba et sa zone sp\u00e9ciale de protection marine &#8211; 2005<\/div>\n<div>&nbsp;<a target=\"_blank\" href=\"http:\/\/voyage.abc-latina.com\/voyage_panama\/panama.php\"><span class=\"sejour-circuit\"><br \/><\/span><\/a><\/div>\n<p>&nbsp;<\/p>\n","protected":false},"excerpt":{"rendered":"<p>Ciudad de Panam\u00e1 Aujourd&rsquo;hui la Ciudad de Panam\u00e1 a l&rsquo;avantage d&rsquo;offrir une grande diversit\u00e9 architecturale. Les diff\u00e9rents styles d&rsquo;\u00e9difices que [&hellip;]<\/p>\n","protected":false},"author":3,"featured_media":376,"parent":2312,"menu_order":0,"comment_status":"closed","ping_status":"closed","template":"","meta":{"site-sidebar-layout":"default","site-content-layout":"","ast-site-content-layout":"default","site-content-style":"default","site-sidebar-style":"default","ast-global-header-display":"","ast-banner-title-visibility":"","ast-main-header-display":"","ast-hfb-above-header-display":"","ast-hfb-below-header-display":"","ast-hfb-mobile-header-display":"","site-post-title":"","ast-breadcrumbs-content":"","ast-featured-img":"","footer-sml-layout":"","ast-disable-related-posts":"","theme-transparent-header-meta":"","adv-header-id-meta":"","stick-header-meta":"","header-above-stick-meta":"","header-main-stick-meta":"","header-below-stick-meta":"","astra-migrate-meta-layouts":"default","ast-page-background-enabled":"default","ast-page-background-meta":{"desktop":{"background-color":"var(--ast-global-color-5)","background-image":"","background-repeat":"repeat","background-position":"center center","background-size":"auto","background-attachment":"scroll","background-type":"","background-media":"","overlay-type":"","overlay-color":"","overlay-opacity":"","overlay-gradient":""},"tablet":{"background-color":"","background-image":"","background-repeat":"repeat","background-position":"center center","background-size":"auto","background-attachment":"scroll","background-type":"","background-media":"","overlay-type":"","overlay-color":"","overlay-opacity":"","overlay-gradient":""},"mobile":{"background-color":"","background-image":"","background-repeat":"repeat","background-position":"center center","background-size":"auto","background-attachment":"scroll","background-type":"","background-media":"","overlay-type":"","overlay-color":"","overlay-opacity":"","overlay-gradient":""}},"ast-content-background-meta":{"desktop":{"background-color":"var(--ast-global-color-4)","background-image":"","background-repeat":"repeat","background-position":"center center","background-size":"auto","background-attachment":"scroll","background-type":"","background-media":"","overlay-type":"","overlay-color":"","overlay-opacity":"","overlay-gradient":""},"tablet":{"background-color":"var(--ast-global-color-4)","background-image":"","background-repeat":"repeat","background-position":"center center","background-size":"auto","background-attachment":"scroll","background-type":"","background-media":"","overlay-type":"","overlay-color":"","overlay-opacity":"","overlay-gradient":""},"mobile":{"background-color":"var(--ast-global-color-4)","background-image":"","background-repeat":"repeat","background-position":"center center","background-size":"auto","background-attachment":"scroll","background-type":"","background-media":"","overlay-type":"","overlay-color":"","overlay-opacity":"","overlay-gradient":""}},"footnotes":""},"class_list":["post-1446","page","type-page","status-publish","has-post-thumbnail","hentry"],"yoast_head":"<!-- This site is optimized with the Yoast SEO plugin v27.5 - https:\/\/yoast.com\/product\/yoast-seo-wordpress\/ -->\n<title>TOURISME &amp; VOYAGE au PANAMA - Abc-latina<\/title>\n<meta name=\"description\" content=\"Le Panama. Voyage et tourisme au Panama.\" \/>\n<meta name=\"robots\" content=\"index, follow, max-snippet:-1, max-image-preview:large, max-video-preview:-1\" \/>\n<link rel=\"canonical\" href=\"https:\/\/abc-latina.com\/panama\/tourisme\/\" \/>\n<meta property=\"og:locale\" content=\"fr_FR\" \/>\n<meta property=\"og:type\" content=\"article\" \/>\n<meta property=\"og:title\" content=\"TOURISME &amp; VOYAGE au PANAMA - Abc-latina\" \/>\n<meta property=\"og:description\" content=\"Le Panama. Voyage et tourisme au Panama.\" \/>\n<meta property=\"og:url\" content=\"https:\/\/abc-latina.com\/panama\/tourisme\/\" \/>\n<meta property=\"og:site_name\" content=\"Abc-latina\" \/>\n<meta property=\"article:modified_time\" content=\"2026-04-30T16:25:12+00:00\" \/>\n<meta property=\"og:image\" content=\"https:\/\/abc-latina.com\/wp-content\/uploads\/2010\/06\/panama-city.jpg\" \/>\n\t<meta property=\"og:image:width\" content=\"220\" \/>\n\t<meta property=\"og:image:height\" content=\"220\" \/>\n\t<meta property=\"og:image:type\" content=\"image\/jpeg\" \/>\n<meta name=\"twitter:card\" content=\"summary_large_image\" \/>\n<meta name=\"twitter:label1\" content=\"Dur\u00e9e de lecture estim\u00e9e\" \/>\n\t<meta name=\"twitter:data1\" content=\"3 minutes\" \/>\n<script type=\"application\/ld+json\" class=\"yoast-schema-graph\">{\"@context\":\"https:\\\/\\\/schema.org\",\"@graph\":[{\"@type\":\"WebPage\",\"@id\":\"https:\\\/\\\/abc-latina.com\\\/panama\\\/tourisme\\\/\",\"url\":\"https:\\\/\\\/abc-latina.com\\\/panama\\\/tourisme\\\/\",\"name\":\"TOURISME & VOYAGE au PANAMA - Abc-latina\",\"isPartOf\":{\"@id\":\"https:\\\/\\\/abc-latina.com\\\/#website\"},\"primaryImageOfPage\":{\"@id\":\"https:\\\/\\\/abc-latina.com\\\/panama\\\/tourisme\\\/#primaryimage\"},\"image\":{\"@id\":\"https:\\\/\\\/abc-latina.com\\\/panama\\\/tourisme\\\/#primaryimage\"},\"thumbnailUrl\":\"https:\\\/\\\/abc-latina.com\\\/wp-content\\\/uploads\\\/2010\\\/06\\\/panama-city.jpg\",\"datePublished\":\"2010-07-17T01:54:03+00:00\",\"dateModified\":\"2026-04-30T16:25:12+00:00\",\"description\":\"Le Panama. Voyage et tourisme au Panama.\",\"breadcrumb\":{\"@id\":\"https:\\\/\\\/abc-latina.com\\\/panama\\\/tourisme\\\/#breadcrumb\"},\"inLanguage\":\"fr-FR\",\"potentialAction\":[{\"@type\":\"ReadAction\",\"target\":[\"https:\\\/\\\/abc-latina.com\\\/panama\\\/tourisme\\\/\"]}]},{\"@type\":\"ImageObject\",\"inLanguage\":\"fr-FR\",\"@id\":\"https:\\\/\\\/abc-latina.com\\\/panama\\\/tourisme\\\/#primaryimage\",\"url\":\"https:\\\/\\\/abc-latina.com\\\/wp-content\\\/uploads\\\/2010\\\/06\\\/panama-city.jpg\",\"contentUrl\":\"https:\\\/\\\/abc-latina.com\\\/wp-content\\\/uploads\\\/2010\\\/06\\\/panama-city.jpg\",\"width\":220,\"height\":220,\"caption\":\"CIUDAD PANAMA\"},{\"@type\":\"BreadcrumbList\",\"@id\":\"https:\\\/\\\/abc-latina.com\\\/panama\\\/tourisme\\\/#breadcrumb\",\"itemListElement\":[{\"@type\":\"ListItem\",\"position\":1,\"name\":\"Accueil\",\"item\":\"https:\\\/\\\/abc-latina.com\\\/\"},{\"@type\":\"ListItem\",\"position\":2,\"name\":\"TOURISME &#038; VOYAGE au PANAMA\"}]},{\"@type\":\"WebSite\",\"@id\":\"https:\\\/\\\/abc-latina.com\\\/#website\",\"url\":\"https:\\\/\\\/abc-latina.com\\\/\",\"name\":\"Abc-latina\",\"description\":\"\",\"publisher\":{\"@id\":\"https:\\\/\\\/abc-latina.com\\\/#organization\"},\"potentialAction\":[{\"@type\":\"SearchAction\",\"target\":{\"@type\":\"EntryPoint\",\"urlTemplate\":\"https:\\\/\\\/abc-latina.com\\\/?s={search_term_string}\"},\"query-input\":{\"@type\":\"PropertyValueSpecification\",\"valueRequired\":true,\"valueName\":\"search_term_string\"}}],\"inLanguage\":\"fr-FR\"},{\"@type\":\"Organization\",\"@id\":\"https:\\\/\\\/abc-latina.com\\\/#organization\",\"name\":\"Abc-latina\",\"url\":\"https:\\\/\\\/abc-latina.com\\\/\",\"logo\":{\"@type\":\"ImageObject\",\"inLanguage\":\"fr-FR\",\"@id\":\"https:\\\/\\\/abc-latina.com\\\/#\\\/schema\\\/logo\\\/image\\\/\",\"url\":\"https:\\\/\\\/abc-latina.com\\\/wp-content\\\/uploads\\\/2026\\\/05\\\/cropped-logo.gif\",\"contentUrl\":\"https:\\\/\\\/abc-latina.com\\\/wp-content\\\/uploads\\\/2026\\\/05\\\/cropped-logo.gif\",\"width\":89,\"height\":84,\"caption\":\"Abc-latina\"},\"image\":{\"@id\":\"https:\\\/\\\/abc-latina.com\\\/#\\\/schema\\\/logo\\\/image\\\/\"}}]}<\/script>\n<!-- \/ Yoast SEO plugin. -->","yoast_head_json":{"title":"TOURISME & VOYAGE au PANAMA - Abc-latina","description":"Le Panama. Voyage et tourisme au Panama.","robots":{"index":"index","follow":"follow","max-snippet":"max-snippet:-1","max-image-preview":"max-image-preview:large","max-video-preview":"max-video-preview:-1"},"canonical":"https:\/\/abc-latina.com\/panama\/tourisme\/","og_locale":"fr_FR","og_type":"article","og_title":"TOURISME & VOYAGE au PANAMA - Abc-latina","og_description":"Le Panama. Voyage et tourisme au Panama.","og_url":"https:\/\/abc-latina.com\/panama\/tourisme\/","og_site_name":"Abc-latina","article_modified_time":"2026-04-30T16:25:12+00:00","og_image":[{"width":220,"height":220,"url":"https:\/\/abc-latina.com\/wp-content\/uploads\/2010\/06\/panama-city.jpg","type":"image\/jpeg"}],"twitter_card":"summary_large_image","twitter_misc":{"Dur\u00e9e de lecture estim\u00e9e":"3 minutes"},"schema":{"@context":"https:\/\/schema.org","@graph":[{"@type":"WebPage","@id":"https:\/\/abc-latina.com\/panama\/tourisme\/","url":"https:\/\/abc-latina.com\/panama\/tourisme\/","name":"TOURISME & VOYAGE au PANAMA - Abc-latina","isPartOf":{"@id":"https:\/\/abc-latina.com\/#website"},"primaryImageOfPage":{"@id":"https:\/\/abc-latina.com\/panama\/tourisme\/#primaryimage"},"image":{"@id":"https:\/\/abc-latina.com\/panama\/tourisme\/#primaryimage"},"thumbnailUrl":"https:\/\/abc-latina.com\/wp-content\/uploads\/2010\/06\/panama-city.jpg","datePublished":"2010-07-17T01:54:03+00:00","dateModified":"2026-04-30T16:25:12+00:00","description":"Le Panama. Voyage et tourisme au Panama.","breadcrumb":{"@id":"https:\/\/abc-latina.com\/panama\/tourisme\/#breadcrumb"},"inLanguage":"fr-FR","potentialAction":[{"@type":"ReadAction","target":["https:\/\/abc-latina.com\/panama\/tourisme\/"]}]},{"@type":"ImageObject","inLanguage":"fr-FR","@id":"https:\/\/abc-latina.com\/panama\/tourisme\/#primaryimage","url":"https:\/\/abc-latina.com\/wp-content\/uploads\/2010\/06\/panama-city.jpg","contentUrl":"https:\/\/abc-latina.com\/wp-content\/uploads\/2010\/06\/panama-city.jpg","width":220,"height":220,"caption":"CIUDAD PANAMA"},{"@type":"BreadcrumbList","@id":"https:\/\/abc-latina.com\/panama\/tourisme\/#breadcrumb","itemListElement":[{"@type":"ListItem","position":1,"name":"Accueil","item":"https:\/\/abc-latina.com\/"},{"@type":"ListItem","position":2,"name":"TOURISME &#038; VOYAGE au PANAMA"}]},{"@type":"WebSite","@id":"https:\/\/abc-latina.com\/#website","url":"https:\/\/abc-latina.com\/","name":"Abc-latina","description":"","publisher":{"@id":"https:\/\/abc-latina.com\/#organization"},"potentialAction":[{"@type":"SearchAction","target":{"@type":"EntryPoint","urlTemplate":"https:\/\/abc-latina.com\/?s={search_term_string}"},"query-input":{"@type":"PropertyValueSpecification","valueRequired":true,"valueName":"search_term_string"}}],"inLanguage":"fr-FR"},{"@type":"Organization","@id":"https:\/\/abc-latina.com\/#organization","name":"Abc-latina","url":"https:\/\/abc-latina.com\/","logo":{"@type":"ImageObject","inLanguage":"fr-FR","@id":"https:\/\/abc-latina.com\/#\/schema\/logo\/image\/","url":"https:\/\/abc-latina.com\/wp-content\/uploads\/2026\/05\/cropped-logo.gif","contentUrl":"https:\/\/abc-latina.com\/wp-content\/uploads\/2026\/05\/cropped-logo.gif","width":89,"height":84,"caption":"Abc-latina"},"image":{"@id":"https:\/\/abc-latina.com\/#\/schema\/logo\/image\/"}}]}},"_links":{"self":[{"href":"https:\/\/abc-latina.com\/wp-json\/wp\/v2\/pages\/1446","targetHints":{"allow":["GET"]}}],"collection":[{"href":"https:\/\/abc-latina.com\/wp-json\/wp\/v2\/pages"}],"about":[{"href":"https:\/\/abc-latina.com\/wp-json\/wp\/v2\/types\/page"}],"author":[{"embeddable":true,"href":"https:\/\/abc-latina.com\/wp-json\/wp\/v2\/users\/3"}],"replies":[{"embeddable":true,"href":"https:\/\/abc-latina.com\/wp-json\/wp\/v2\/comments?post=1446"}],"version-history":[{"count":1,"href":"https:\/\/abc-latina.com\/wp-json\/wp\/v2\/pages\/1446\/revisions"}],"predecessor-version":[{"id":3629,"href":"https:\/\/abc-latina.com\/wp-json\/wp\/v2\/pages\/1446\/revisions\/3629"}],"up":[{"embeddable":true,"href":"https:\/\/abc-latina.com\/wp-json\/wp\/v2\/pages\/2312"}],"wp:featuredmedia":[{"embeddable":true,"href":"https:\/\/abc-latina.com\/wp-json\/wp\/v2\/media\/376"}],"wp:attachment":[{"href":"https:\/\/abc-latina.com\/wp-json\/wp\/v2\/media?parent=1446"}],"curies":[{"name":"wp","href":"https:\/\/api.w.org\/{rel}","templated":true}]}}