{"id":1447,"date":"2010-07-17T04:04:21","date_gmt":"2010-07-17T02:04:21","guid":{"rendered":"http:\/\/abc-latina.com\/economie-htm-15\/"},"modified":"2026-04-30T18:25:12","modified_gmt":"2026-04-30T16:25:12","slug":"economie","status":"publish","type":"page","link":"https:\/\/abc-latina.com\/paraguay\/economie\/","title":{"rendered":"ECONOMIE &#8211; PARAGUAY"},"content":{"rendered":"<div>L&rsquo;agriculture au Paraguay est un secteur tr\u00e8s important de l&rsquo;\u00e9conomie, il repr\u00e9sente un tiers du PIB (Produit Int\u00e9rieur Brut) et la plupart des revenus des exportations au niveau national. Vers la fin des ann\u00e9es 80, la production des r\u00e9coltes de coton et de soja s&rsquo;est d\u00e9velopp\u00e9e rapidement. Les meilleures perspectives pour le futur retombent en grande partie sur la production de ces mati\u00e8res et sur d&rsquo;autres produits agricoles comme la canne \u00e0 sucre, le yucca, le ma\u00efs et le bl\u00e9. Le Paraguay a \u00e9galement de grandes r\u00e9serves de bois contribuant \u00e0 l&rsquo;expansion de l&rsquo;industrie du bois dans le pays. Les principaux produits destin\u00e9s \u00e0 l&rsquo;exportation sont le bois et l&rsquo;huile de soja. Les autres industries importantes sont le textile, la chimie et la fabrication de produits m\u00e9talliques et de machineries. Les projets hydro\u00e9lectriques avec le Br\u00e9sil, qui incluent la construction du plus grand barrage hydro\u00e9lectrique du monde \u00e0 Itaipu, ont permis au Paraguay une autosuffisance \u00e9nerg\u00e9tique. Bien que le Paraguay soit une des nations latino-am\u00e9ricaines les plus pauvres, son \u00e9conomie est actuellement une des meilleures et sa croissance est l&rsquo;une des plus rapides du continent et \u00e0 la diff\u00e9rence de ses voisins, l&rsquo;\u00e9conomie n&rsquo;est pas hypoth\u00e9qu\u00e9e \u00e0 cause de la dette. Depuis 1993, le pays s&rsquo;est dirig\u00e9 vers un processus de lib\u00e9ralisation, diminution des d\u00e9penses publiques et privatisation des entreprises publiques. Le pays a \u00e9t\u00e9 affect\u00e9 dans ce processus par certaines crises dues \u00e0 des facteurs externes et internes, la plus importante fut la crise mon\u00e9taire br\u00e9silienne. Le Paraguay est membre de l&rsquo;Association Latino-am\u00e9ricaine d&rsquo;Int\u00e9gration (ALADI), en plus d&rsquo;\u00eatre le membre fondateur du MERCOSUR. Ses principaux partenaires commerciaux sont le Br\u00e9sil, Argentine, l&rsquo;Espagne et les Etats-Unis.&nbsp;<\/div>\n<div>&nbsp;<\/div>\n<div><span class=\"eco-indic\">INDICATEURS ECONOMIQUES<\/span><\/div>\n<div>&nbsp;<\/div>\n<div>PIB (2006) : 9,3 Mds USD&nbsp;<\/div>\n<div>PIB par habitant (2006) : 1 553 $&nbsp;<\/div>\n<div>Taux de croissance (2006) : + 4,0%&nbsp;<\/div>\n<div>Taux de ch\u00f4mage (2006) : 5,8 %, sous-emploi estim\u00e9 \u00e0 30%&nbsp;<\/div>\n<div>Taux d&rsquo;inflation (2006) : 12,5 %&nbsp;<\/div>\n<div>&nbsp;<\/div>\n<div><span class=\"eco-indic2\">Part des principaux secteurs d&rsquo;activit\u00e9s dans le PIB :<\/span>&nbsp;<\/div>\n<div>&#8211; secteur agricole : 22,4%&nbsp;<\/div>\n<div>&#8211; secteur industriel : 18,4%&nbsp;<\/div>\n<div>&#8211; secteur des services : 59,2%<\/div>\n<div>&nbsp;<\/div>\n<div><span class=\"eco-indic2\">Principaux clients 2006 :<\/span>&nbsp;<\/div>\n<div>Uruguay (420), Br\u00e9sil (327), Iles Caymans (180), Argentine (168), Russie (130), Chili (130).&nbsp;<\/div>\n<div>&nbsp;<\/div>\n<div><span class=\"eco-indic2\">Principaux fournisseurs 2006 :<\/span>&nbsp;<\/div>\n<div>Chine Populaire (1200), Br\u00e9sil (1052), Argentine (715), Etats-Unis (331), Suisse (176), Taiwan (64).<\/div>\n<div>Exportations fran\u00e7aises vers le Paraguay (2006) : 29 MEUR&nbsp;<\/div>\n<div>Importations en provenance du Paraguay (2006) : 14 MEUR&nbsp;<\/div>\n<div>&nbsp;<\/div>\n<div><span class=\"eco-indic\">DIVERS&nbsp;<\/span><\/div>\n<div>T\u00e9l\u00e9phoner au Paraguay<\/div>\n<div>R\u00e9servez votre billet d&rsquo;avion pour le Paraguay<\/div>\n<div>R\u00e9servez votre voiture<\/div>\n","protected":false},"excerpt":{"rendered":"<p>L&rsquo;agriculture au Paraguay est un secteur tr\u00e8s important de l&rsquo;\u00e9conomie, il repr\u00e9sente un tiers du PIB (Produit Int\u00e9rieur Brut) et [&hellip;]<\/p>\n","protected":false},"author":3,"featured_media":0,"parent":2314,"menu_order":0,"comment_status":"closed","ping_status":"closed","template":"","meta":{"site-sidebar-layout":"default","site-content-layout":"","ast-site-content-layout":"default","site-content-style":"default","site-sidebar-style":"default","ast-global-header-display":"","ast-banner-title-visibility":"","ast-main-header-display":"","ast-hfb-above-header-display":"","ast-hfb-below-header-display":"","ast-hfb-mobile-header-display":"","site-post-title":"","ast-breadcrumbs-content":"","ast-featured-img":"","footer-sml-layout":"","ast-disable-related-posts":"","theme-transparent-header-meta":"","adv-header-id-meta":"","stick-header-meta":"","header-above-stick-meta":"","header-main-stick-meta":"","header-below-stick-meta":"","astra-migrate-meta-layouts":"default","ast-page-background-enabled":"default","ast-page-background-meta":{"desktop":{"background-color":"var(--ast-global-color-5)","background-image":"","background-repeat":"repeat","background-position":"center center","background-size":"auto","background-attachment":"scroll","background-type":"","background-media":"","overlay-type":"","overlay-color":"","overlay-opacity":"","overlay-gradient":""},"tablet":{"background-color":"","background-image":"","background-repeat":"repeat","background-position":"center center","background-size":"auto","background-attachment":"scroll","background-type":"","background-media":"","overlay-type":"","overlay-color":"","overlay-opacity":"","overlay-gradient":""},"mobile":{"background-color":"","background-image":"","background-repeat":"repeat","background-position":"center center","background-size":"auto","background-attachment":"scroll","background-type":"","background-media":"","overlay-type":"","overlay-color":"","overlay-opacity":"","overlay-gradient":""}},"ast-content-background-meta":{"desktop":{"background-color":"var(--ast-global-color-4)","background-image":"","background-repeat":"repeat","background-position":"center center","background-size":"auto","background-attachment":"scroll","background-type":"","background-media":"","overlay-type":"","overlay-color":"","overlay-opacity":"","overlay-gradient":""},"tablet":{"background-color":"var(--ast-global-color-4)","background-image":"","background-repeat":"repeat","background-position":"center center","background-size":"auto","background-attachment":"scroll","background-type":"","background-media":"","overlay-type":"","overlay-color":"","overlay-opacity":"","overlay-gradient":""},"mobile":{"background-color":"var(--ast-global-color-4)","background-image":"","background-repeat":"repeat","background-position":"center center","background-size":"auto","background-attachment":"scroll","background-type":"","background-media":"","overlay-type":"","overlay-color":"","overlay-opacity":"","overlay-gradient":""}},"footnotes":""},"class_list":["post-1447","page","type-page","status-publish","hentry"],"yoast_head":"<!-- This site is optimized with the Yoast SEO plugin v27.5 - https:\/\/yoast.com\/product\/yoast-seo-wordpress\/ -->\n<title>ECONOMIE - PARAGUAY - Abc-latina<\/title>\n<meta name=\"description\" content=\"L&#039;\u00e9conomie du Paraguay.\" \/>\n<meta name=\"robots\" content=\"index, follow, max-snippet:-1, max-image-preview:large, max-video-preview:-1\" \/>\n<link rel=\"canonical\" href=\"https:\/\/abc-latina.com\/paraguay\/economie\/\" \/>\n<meta property=\"og:locale\" content=\"fr_FR\" \/>\n<meta property=\"og:type\" content=\"article\" \/>\n<meta property=\"og:title\" content=\"ECONOMIE - PARAGUAY - Abc-latina\" \/>\n<meta property=\"og:description\" content=\"L&#039;\u00e9conomie du Paraguay.\" \/>\n<meta property=\"og:url\" content=\"https:\/\/abc-latina.com\/paraguay\/economie\/\" \/>\n<meta property=\"og:site_name\" content=\"Abc-latina\" \/>\n<meta property=\"article:modified_time\" content=\"2026-04-30T16:25:12+00:00\" \/>\n<meta name=\"twitter:card\" content=\"summary_large_image\" \/>\n<meta name=\"twitter:label1\" content=\"Dur\u00e9e de lecture estim\u00e9e\" \/>\n\t<meta name=\"twitter:data1\" content=\"2 minutes\" \/>\n<script type=\"application\/ld+json\" class=\"yoast-schema-graph\">{\"@context\":\"https:\\\/\\\/schema.org\",\"@graph\":[{\"@type\":\"WebPage\",\"@id\":\"https:\\\/\\\/abc-latina.com\\\/paraguay\\\/economie\\\/\",\"url\":\"https:\\\/\\\/abc-latina.com\\\/paraguay\\\/economie\\\/\",\"name\":\"ECONOMIE - PARAGUAY - Abc-latina\",\"isPartOf\":{\"@id\":\"https:\\\/\\\/abc-latina.com\\\/#website\"},\"datePublished\":\"2010-07-17T02:04:21+00:00\",\"dateModified\":\"2026-04-30T16:25:12+00:00\",\"description\":\"L'\u00e9conomie du Paraguay.\",\"breadcrumb\":{\"@id\":\"https:\\\/\\\/abc-latina.com\\\/paraguay\\\/economie\\\/#breadcrumb\"},\"inLanguage\":\"fr-FR\",\"potentialAction\":[{\"@type\":\"ReadAction\",\"target\":[\"https:\\\/\\\/abc-latina.com\\\/paraguay\\\/economie\\\/\"]}]},{\"@type\":\"BreadcrumbList\",\"@id\":\"https:\\\/\\\/abc-latina.com\\\/paraguay\\\/economie\\\/#breadcrumb\",\"itemListElement\":[{\"@type\":\"ListItem\",\"position\":1,\"name\":\"Accueil\",\"item\":\"https:\\\/\\\/abc-latina.com\\\/\"},{\"@type\":\"ListItem\",\"position\":2,\"name\":\"ECONOMIE &#8211; PARAGUAY\"}]},{\"@type\":\"WebSite\",\"@id\":\"https:\\\/\\\/abc-latina.com\\\/#website\",\"url\":\"https:\\\/\\\/abc-latina.com\\\/\",\"name\":\"Abc-latina\",\"description\":\"\",\"publisher\":{\"@id\":\"https:\\\/\\\/abc-latina.com\\\/#organization\"},\"potentialAction\":[{\"@type\":\"SearchAction\",\"target\":{\"@type\":\"EntryPoint\",\"urlTemplate\":\"https:\\\/\\\/abc-latina.com\\\/?s={search_term_string}\"},\"query-input\":{\"@type\":\"PropertyValueSpecification\",\"valueRequired\":true,\"valueName\":\"search_term_string\"}}],\"inLanguage\":\"fr-FR\"},{\"@type\":\"Organization\",\"@id\":\"https:\\\/\\\/abc-latina.com\\\/#organization\",\"name\":\"Abc-latina\",\"url\":\"https:\\\/\\\/abc-latina.com\\\/\",\"logo\":{\"@type\":\"ImageObject\",\"inLanguage\":\"fr-FR\",\"@id\":\"https:\\\/\\\/abc-latina.com\\\/#\\\/schema\\\/logo\\\/image\\\/\",\"url\":\"https:\\\/\\\/abc-latina.com\\\/wp-content\\\/uploads\\\/2026\\\/05\\\/cropped-logo.gif\",\"contentUrl\":\"https:\\\/\\\/abc-latina.com\\\/wp-content\\\/uploads\\\/2026\\\/05\\\/cropped-logo.gif\",\"width\":89,\"height\":84,\"caption\":\"Abc-latina\"},\"image\":{\"@id\":\"https:\\\/\\\/abc-latina.com\\\/#\\\/schema\\\/logo\\\/image\\\/\"}}]}<\/script>\n<!-- \/ Yoast SEO plugin. -->","yoast_head_json":{"title":"ECONOMIE - PARAGUAY - Abc-latina","description":"L'\u00e9conomie du Paraguay.","robots":{"index":"index","follow":"follow","max-snippet":"max-snippet:-1","max-image-preview":"max-image-preview:large","max-video-preview":"max-video-preview:-1"},"canonical":"https:\/\/abc-latina.com\/paraguay\/economie\/","og_locale":"fr_FR","og_type":"article","og_title":"ECONOMIE - PARAGUAY - Abc-latina","og_description":"L'\u00e9conomie du Paraguay.","og_url":"https:\/\/abc-latina.com\/paraguay\/economie\/","og_site_name":"Abc-latina","article_modified_time":"2026-04-30T16:25:12+00:00","twitter_card":"summary_large_image","twitter_misc":{"Dur\u00e9e de lecture estim\u00e9e":"2 minutes"},"schema":{"@context":"https:\/\/schema.org","@graph":[{"@type":"WebPage","@id":"https:\/\/abc-latina.com\/paraguay\/economie\/","url":"https:\/\/abc-latina.com\/paraguay\/economie\/","name":"ECONOMIE - PARAGUAY - Abc-latina","isPartOf":{"@id":"https:\/\/abc-latina.com\/#website"},"datePublished":"2010-07-17T02:04:21+00:00","dateModified":"2026-04-30T16:25:12+00:00","description":"L'\u00e9conomie du Paraguay.","breadcrumb":{"@id":"https:\/\/abc-latina.com\/paraguay\/economie\/#breadcrumb"},"inLanguage":"fr-FR","potentialAction":[{"@type":"ReadAction","target":["https:\/\/abc-latina.com\/paraguay\/economie\/"]}]},{"@type":"BreadcrumbList","@id":"https:\/\/abc-latina.com\/paraguay\/economie\/#breadcrumb","itemListElement":[{"@type":"ListItem","position":1,"name":"Accueil","item":"https:\/\/abc-latina.com\/"},{"@type":"ListItem","position":2,"name":"ECONOMIE &#8211; PARAGUAY"}]},{"@type":"WebSite","@id":"https:\/\/abc-latina.com\/#website","url":"https:\/\/abc-latina.com\/","name":"Abc-latina","description":"","publisher":{"@id":"https:\/\/abc-latina.com\/#organization"},"potentialAction":[{"@type":"SearchAction","target":{"@type":"EntryPoint","urlTemplate":"https:\/\/abc-latina.com\/?s={search_term_string}"},"query-input":{"@type":"PropertyValueSpecification","valueRequired":true,"valueName":"search_term_string"}}],"inLanguage":"fr-FR"},{"@type":"Organization","@id":"https:\/\/abc-latina.com\/#organization","name":"Abc-latina","url":"https:\/\/abc-latina.com\/","logo":{"@type":"ImageObject","inLanguage":"fr-FR","@id":"https:\/\/abc-latina.com\/#\/schema\/logo\/image\/","url":"https:\/\/abc-latina.com\/wp-content\/uploads\/2026\/05\/cropped-logo.gif","contentUrl":"https:\/\/abc-latina.com\/wp-content\/uploads\/2026\/05\/cropped-logo.gif","width":89,"height":84,"caption":"Abc-latina"},"image":{"@id":"https:\/\/abc-latina.com\/#\/schema\/logo\/image\/"}}]}},"_links":{"self":[{"href":"https:\/\/abc-latina.com\/wp-json\/wp\/v2\/pages\/1447","targetHints":{"allow":["GET"]}}],"collection":[{"href":"https:\/\/abc-latina.com\/wp-json\/wp\/v2\/pages"}],"about":[{"href":"https:\/\/abc-latina.com\/wp-json\/wp\/v2\/types\/page"}],"author":[{"embeddable":true,"href":"https:\/\/abc-latina.com\/wp-json\/wp\/v2\/users\/3"}],"replies":[{"embeddable":true,"href":"https:\/\/abc-latina.com\/wp-json\/wp\/v2\/comments?post=1447"}],"version-history":[{"count":1,"href":"https:\/\/abc-latina.com\/wp-json\/wp\/v2\/pages\/1447\/revisions"}],"predecessor-version":[{"id":3642,"href":"https:\/\/abc-latina.com\/wp-json\/wp\/v2\/pages\/1447\/revisions\/3642"}],"up":[{"embeddable":true,"href":"https:\/\/abc-latina.com\/wp-json\/wp\/v2\/pages\/2314"}],"wp:attachment":[{"href":"https:\/\/abc-latina.com\/wp-json\/wp\/v2\/media?parent=1447"}],"curies":[{"name":"wp","href":"https:\/\/api.w.org\/{rel}","templated":true}]}}