{"id":1455,"date":"2010-07-17T04:35:18","date_gmt":"2010-07-17T02:35:18","guid":{"rendered":"http:\/\/abc-latina.com\/tourisme-htm-15\/"},"modified":"2026-04-30T18:25:13","modified_gmt":"2026-04-30T16:25:13","slug":"tourisme","status":"publish","type":"page","link":"https:\/\/abc-latina.com\/paraguay\/tourisme\/","title":{"rendered":"TOURISME &#038; VOYAGE au PARAGUAY"},"content":{"rendered":"<div><span class=\"tourisme-chapitre\">Asuncion<\/span><\/div>\n<div><img loading=\"lazy\" decoding=\"async\" class=\" alignright size-full wp-image-1454\" src=\"http:\/\/abc-latina.com\/wp-content\/uploads\/2010\/07\/paraguay.jpg\" style=\"margin: 9px 20px; float: right;\" alt=\"\" width=\"175\" height=\"320\" \/>Asuncion est la capitale du Paraguay, elle compte environ 600.000 habitants.De grandes parties de la cit\u00e9 sont encore de style colonial ancien, mais les gratte-ciel envahissent le centre. On trouve encore de vieux tramways dans certains quartiers de la ville. Le contraste est saisissant avec les grandes cit\u00e9s de l&rsquo;<a href=\"https:\/\/www.abc-latina.com\/argentine\/\" target=\"_blank\">Argentine<\/a> et du <a href=\"https:\/\/www.abc-latina.com\/bresil\/\" target=\"_blank\">Br\u00e9sil<\/a>.<\/div>\n<div>Dans le centre, on fl\u00e2nera le long de l&rsquo;Avenida Republica, o\u00f9 l&rsquo;on pourra admirer la cath\u00e9drale et le Palais du gouvernement. La place principale, la Plaza de los H\u00e9roes, et domin\u00e9e par le panth\u00e9on de los H\u00e9roes, r\u00e9plique miniature des invalides de Paris.<\/div>\n<div>Jolies vues sur le fleuve d&rsquo;un peu partout.&nbsp;<\/div>\n<div>Dans les environs d&rsquo;Ascuncion.<\/div>\n<div>Sur la route qui relie Ascuncion a Ciudad del Este, Capiata fut fond\u00e9e en 1640 par les j\u00e9suites, sa cath\u00e9drale abrite de splendides sculptures en bois r\u00e9alis\u00e9es au XVIIe si\u00e8cle par les Guaranis.<\/div>\n<div>La cit\u00e9 baln\u00e9aire de San Bernardino, install\u00e9 sur la rive du lacYpacarai, \u00e0 55 km d&rsquo;Ascuncion, et le lieu de vill\u00e9giature favori de la bourgeoisie de la capitale.<\/div>\n<div>Caacup\u00e9 est une station baln\u00e9aire, mais aussi un lieu de p\u00e8lerinage en hommage \u00e0 la vierge des miracles.&nbsp;<\/div>\n<div>&nbsp;<\/div>\n<div><span class=\"tourisme-chapitre\">Ciudad del Este<\/span><\/div>\n<div>La ville de Ciudad del Este est consid\u00e9r\u00e9e comme le plus grand centre commercial nocturne d&rsquo;Am\u00e9rique du Sud, o\u00f9 des cars entiers de br\u00e9siliens viennent acheter appareils \u00e9lectroniques et objets d&rsquo;importation. C&rsquo;est aussi le point de d\u00e9part pour la visite des <a href=\"https:\/\/www.abc-latina.com\/bresil\/voyage\/chutes_iguacu\">chutes d&rsquo;Iga\u00e7u<\/a>, situ\u00e9es \u00e0 30 km en territoire br\u00e9silien.<\/div>\n<div>&nbsp;<\/div>\n<div>La plupart des reducciones se trouvent dans le haut Parana.<\/div>\n<div>Yaguaron, \u00e0 48 km au sud de la capitale, abrite une mission franciscaine le fond\u00e9e en 1640.<\/div>\n<div>San Ignacio Guazu fut la premi\u00e8re &quot;r\u00e9duction&quot; j\u00e9suite, il ne reste que quelques ruines mais l&rsquo;on peut y admirer et des statues en bois d&rsquo;une grande valeur artistique.<\/div>\n<div>La mission de Santa Maria fut fond\u00e9e en 1669 son mus\u00e9e abrite des douzaines de statues de saints et d&rsquo;ap\u00f4tres de sculpt\u00e9es par les Indiens.<\/div>\n<div>C&rsquo;est \u00e0 Trinidad que l&rsquo;on peut admirer les plus beaux vestiges de &quot;r\u00e9duction&quot; du Paraguay. La taille imposante de la mission donne une id\u00e9e de l&rsquo;ampleur du projet j\u00e9suite pour le Nouveau Monde. Outre des \u00e9glises, des maisons indiennes et des cryptes, on peut y avoir de magnifiques fonts baptismaux.<\/div>\n<div>&nbsp;<\/div>\n<div><span class=\"tourisme-chapitre\">Conception<\/span><\/div>\n<div>Conception est une petite ville, au nord d&rsquo;Asuncion, sur les rives du Paraguay, avec une population de 23.000 habitants. Le march\u00e9 y est pittoresque, mais la ville elle-m\u00eame n&rsquo;est qu&rsquo;une \u00e9tape sur la route de Pedro Juan Caballero et de la fronti\u00e8re br\u00e9silienne.<\/div>\n<div>&nbsp;<\/div>\n<div><span class=\"tourisme-chapitre\">Pedro Juan Caballero<\/span><\/div>\n<div>Cette ville-fronti\u00e8re paraguayenne est en fait une ville double, car elle se rattache \u00e0 la ville br\u00e9silienne de Ponta Pora. On passe d&rsquo;un pays \u00e0 l&rsquo;autre en traversant la rue !<\/div>\n<div>Il n&rsquo;y a pas grand chose \u00e0 faire dans cette ville.<\/div>\n<div>&nbsp;<\/div>\n<div><span class=\"tourisme-chapitre\">Le Chaco<\/span><\/div>\n<div>Cette r\u00e9gion aux terres ingrates, ne compte gu\u00e8re aujourd&rsquo;hui plus de 70 000 habitants. Au sud, la r\u00e9gion est couverte de mar\u00e9cages et de palmeraies, et se consacre essentiellement \u00e0 l&rsquo;\u00e9levage du b\u00e9tail.<\/div>\n<div>Le centre est domin\u00e9 par la ville de Filadelfia. Il s&rsquo;agit de la principale ville mennonite dans le centre du Chaco. Cette secte protestante tr\u00e8s stricte qui g\u00e8re ses propres banques, \u00e9coles et h\u00f4pitaux, vit en communaut\u00e9, et la majotit\u00e9 ne parle que l&rsquo;allemand. Ces hommes et ces femmes, sont encore v\u00eatus comme au dix-neuvi\u00e8me si\u00e8cle.<\/div>\n<div>Le Nord est une \u00e9tendue d\u00e9sertique parsem\u00e9e de for\u00eats d&rsquo;\u00e9pineux, dont les uniques enclaves humaines sont des postes militaires. On y rencontre de nombreux animaux sauvages : jaguars, pumas, tapirs&hellip;<\/div>\n<div>&nbsp;<\/div>\n<h3>Site paraguayen class\u00e9 au patrimoine de l&rsquo;UNESCO:<\/h3>\n<div>Missions j\u00e9suites de la Santisima Trinidad de Paran\u00e1 et Jesus de Tavarangue &#8211; 1993<\/div>\n","protected":false},"excerpt":{"rendered":"<p>Asuncion Asuncion est la capitale du Paraguay, elle compte environ 600.000 habitants.De grandes parties de la cit\u00e9 sont encore de [&hellip;]<\/p>\n","protected":false},"author":3,"featured_media":1454,"parent":2314,"menu_order":0,"comment_status":"closed","ping_status":"closed","template":"","meta":{"site-sidebar-layout":"default","site-content-layout":"","ast-site-content-layout":"default","site-content-style":"default","site-sidebar-style":"default","ast-global-header-display":"","ast-banner-title-visibility":"","ast-main-header-display":"","ast-hfb-above-header-display":"","ast-hfb-below-header-display":"","ast-hfb-mobile-header-display":"","site-post-title":"","ast-breadcrumbs-content":"","ast-featured-img":"","footer-sml-layout":"","ast-disable-related-posts":"","theme-transparent-header-meta":"","adv-header-id-meta":"","stick-header-meta":"","header-above-stick-meta":"","header-main-stick-meta":"","header-below-stick-meta":"","astra-migrate-meta-layouts":"default","ast-page-background-enabled":"default","ast-page-background-meta":{"desktop":{"background-color":"var(--ast-global-color-5)","background-image":"","background-repeat":"repeat","background-position":"center center","background-size":"auto","background-attachment":"scroll","background-type":"","background-media":"","overlay-type":"","overlay-color":"","overlay-opacity":"","overlay-gradient":""},"tablet":{"background-color":"","background-image":"","background-repeat":"repeat","background-position":"center center","background-size":"auto","background-attachment":"scroll","background-type":"","background-media":"","overlay-type":"","overlay-color":"","overlay-opacity":"","overlay-gradient":""},"mobile":{"background-color":"","background-image":"","background-repeat":"repeat","background-position":"center center","background-size":"auto","background-attachment":"scroll","background-type":"","background-media":"","overlay-type":"","overlay-color":"","overlay-opacity":"","overlay-gradient":""}},"ast-content-background-meta":{"desktop":{"background-color":"var(--ast-global-color-4)","background-image":"","background-repeat":"repeat","background-position":"center center","background-size":"auto","background-attachment":"scroll","background-type":"","background-media":"","overlay-type":"","overlay-color":"","overlay-opacity":"","overlay-gradient":""},"tablet":{"background-color":"var(--ast-global-color-4)","background-image":"","background-repeat":"repeat","background-position":"center center","background-size":"auto","background-attachment":"scroll","background-type":"","background-media":"","overlay-type":"","overlay-color":"","overlay-opacity":"","overlay-gradient":""},"mobile":{"background-color":"var(--ast-global-color-4)","background-image":"","background-repeat":"repeat","background-position":"center center","background-size":"auto","background-attachment":"scroll","background-type":"","background-media":"","overlay-type":"","overlay-color":"","overlay-opacity":"","overlay-gradient":""}},"footnotes":""},"class_list":["post-1455","page","type-page","status-publish","has-post-thumbnail","hentry"],"yoast_head":"<!-- This site is optimized with the Yoast SEO plugin v27.5 - https:\/\/yoast.com\/product\/yoast-seo-wordpress\/ -->\n<title>TOURISME &amp; VOYAGE au PARAGUAY - Abc-latina<\/title>\n<meta name=\"description\" content=\"Voyage au Paraguay. Sites de tourisme au Paraguay.\" \/>\n<meta name=\"robots\" content=\"index, follow, max-snippet:-1, max-image-preview:large, max-video-preview:-1\" \/>\n<link rel=\"canonical\" href=\"https:\/\/abc-latina.com\/paraguay\/tourisme\/\" \/>\n<meta property=\"og:locale\" content=\"fr_FR\" \/>\n<meta property=\"og:type\" content=\"article\" \/>\n<meta property=\"og:title\" content=\"TOURISME &amp; VOYAGE au PARAGUAY - Abc-latina\" \/>\n<meta property=\"og:description\" content=\"Voyage au Paraguay. Sites de tourisme au Paraguay.\" \/>\n<meta property=\"og:url\" content=\"https:\/\/abc-latina.com\/paraguay\/tourisme\/\" \/>\n<meta property=\"og:site_name\" content=\"Abc-latina\" \/>\n<meta property=\"article:modified_time\" content=\"2026-04-30T16:25:13+00:00\" \/>\n<meta property=\"og:image\" content=\"https:\/\/abc-latina.com\/wp-content\/uploads\/2010\/07\/paraguay.jpg\" \/>\n\t<meta property=\"og:image:width\" content=\"110\" \/>\n\t<meta property=\"og:image:height\" content=\"82\" \/>\n\t<meta property=\"og:image:type\" content=\"image\/jpeg\" \/>\n<meta name=\"twitter:card\" content=\"summary_large_image\" \/>\n<meta name=\"twitter:label1\" content=\"Dur\u00e9e de lecture estim\u00e9e\" \/>\n\t<meta name=\"twitter:data1\" content=\"3 minutes\" \/>\n<script type=\"application\/ld+json\" class=\"yoast-schema-graph\">{\"@context\":\"https:\\\/\\\/schema.org\",\"@graph\":[{\"@type\":\"WebPage\",\"@id\":\"https:\\\/\\\/abc-latina.com\\\/paraguay\\\/tourisme\\\/\",\"url\":\"https:\\\/\\\/abc-latina.com\\\/paraguay\\\/tourisme\\\/\",\"name\":\"TOURISME & VOYAGE au PARAGUAY - Abc-latina\",\"isPartOf\":{\"@id\":\"https:\\\/\\\/abc-latina.com\\\/#website\"},\"primaryImageOfPage\":{\"@id\":\"https:\\\/\\\/abc-latina.com\\\/paraguay\\\/tourisme\\\/#primaryimage\"},\"image\":{\"@id\":\"https:\\\/\\\/abc-latina.com\\\/paraguay\\\/tourisme\\\/#primaryimage\"},\"thumbnailUrl\":\"https:\\\/\\\/abc-latina.com\\\/wp-content\\\/uploads\\\/2010\\\/07\\\/paraguay.jpg\",\"datePublished\":\"2010-07-17T02:35:18+00:00\",\"dateModified\":\"2026-04-30T16:25:13+00:00\",\"description\":\"Voyage au Paraguay. Sites de tourisme au Paraguay.\",\"breadcrumb\":{\"@id\":\"https:\\\/\\\/abc-latina.com\\\/paraguay\\\/tourisme\\\/#breadcrumb\"},\"inLanguage\":\"fr-FR\",\"potentialAction\":[{\"@type\":\"ReadAction\",\"target\":[\"https:\\\/\\\/abc-latina.com\\\/paraguay\\\/tourisme\\\/\"]}]},{\"@type\":\"ImageObject\",\"inLanguage\":\"fr-FR\",\"@id\":\"https:\\\/\\\/abc-latina.com\\\/paraguay\\\/tourisme\\\/#primaryimage\",\"url\":\"https:\\\/\\\/abc-latina.com\\\/wp-content\\\/uploads\\\/2010\\\/07\\\/paraguay.jpg\",\"contentUrl\":\"https:\\\/\\\/abc-latina.com\\\/wp-content\\\/uploads\\\/2010\\\/07\\\/paraguay.jpg\",\"width\":110,\"height\":82},{\"@type\":\"BreadcrumbList\",\"@id\":\"https:\\\/\\\/abc-latina.com\\\/paraguay\\\/tourisme\\\/#breadcrumb\",\"itemListElement\":[{\"@type\":\"ListItem\",\"position\":1,\"name\":\"Accueil\",\"item\":\"https:\\\/\\\/abc-latina.com\\\/\"},{\"@type\":\"ListItem\",\"position\":2,\"name\":\"TOURISME &#038; VOYAGE au PARAGUAY\"}]},{\"@type\":\"WebSite\",\"@id\":\"https:\\\/\\\/abc-latina.com\\\/#website\",\"url\":\"https:\\\/\\\/abc-latina.com\\\/\",\"name\":\"Abc-latina\",\"description\":\"\",\"publisher\":{\"@id\":\"https:\\\/\\\/abc-latina.com\\\/#organization\"},\"potentialAction\":[{\"@type\":\"SearchAction\",\"target\":{\"@type\":\"EntryPoint\",\"urlTemplate\":\"https:\\\/\\\/abc-latina.com\\\/?s={search_term_string}\"},\"query-input\":{\"@type\":\"PropertyValueSpecification\",\"valueRequired\":true,\"valueName\":\"search_term_string\"}}],\"inLanguage\":\"fr-FR\"},{\"@type\":\"Organization\",\"@id\":\"https:\\\/\\\/abc-latina.com\\\/#organization\",\"name\":\"Abc-latina\",\"url\":\"https:\\\/\\\/abc-latina.com\\\/\",\"logo\":{\"@type\":\"ImageObject\",\"inLanguage\":\"fr-FR\",\"@id\":\"https:\\\/\\\/abc-latina.com\\\/#\\\/schema\\\/logo\\\/image\\\/\",\"url\":\"https:\\\/\\\/abc-latina.com\\\/wp-content\\\/uploads\\\/2026\\\/05\\\/cropped-logo.gif\",\"contentUrl\":\"https:\\\/\\\/abc-latina.com\\\/wp-content\\\/uploads\\\/2026\\\/05\\\/cropped-logo.gif\",\"width\":89,\"height\":84,\"caption\":\"Abc-latina\"},\"image\":{\"@id\":\"https:\\\/\\\/abc-latina.com\\\/#\\\/schema\\\/logo\\\/image\\\/\"}}]}<\/script>\n<!-- \/ Yoast SEO plugin. -->","yoast_head_json":{"title":"TOURISME & VOYAGE au PARAGUAY - Abc-latina","description":"Voyage au Paraguay. Sites de tourisme au Paraguay.","robots":{"index":"index","follow":"follow","max-snippet":"max-snippet:-1","max-image-preview":"max-image-preview:large","max-video-preview":"max-video-preview:-1"},"canonical":"https:\/\/abc-latina.com\/paraguay\/tourisme\/","og_locale":"fr_FR","og_type":"article","og_title":"TOURISME & VOYAGE au PARAGUAY - Abc-latina","og_description":"Voyage au Paraguay. Sites de tourisme au Paraguay.","og_url":"https:\/\/abc-latina.com\/paraguay\/tourisme\/","og_site_name":"Abc-latina","article_modified_time":"2026-04-30T16:25:13+00:00","og_image":[{"width":110,"height":82,"url":"https:\/\/abc-latina.com\/wp-content\/uploads\/2010\/07\/paraguay.jpg","type":"image\/jpeg"}],"twitter_card":"summary_large_image","twitter_misc":{"Dur\u00e9e de lecture estim\u00e9e":"3 minutes"},"schema":{"@context":"https:\/\/schema.org","@graph":[{"@type":"WebPage","@id":"https:\/\/abc-latina.com\/paraguay\/tourisme\/","url":"https:\/\/abc-latina.com\/paraguay\/tourisme\/","name":"TOURISME & VOYAGE au PARAGUAY - Abc-latina","isPartOf":{"@id":"https:\/\/abc-latina.com\/#website"},"primaryImageOfPage":{"@id":"https:\/\/abc-latina.com\/paraguay\/tourisme\/#primaryimage"},"image":{"@id":"https:\/\/abc-latina.com\/paraguay\/tourisme\/#primaryimage"},"thumbnailUrl":"https:\/\/abc-latina.com\/wp-content\/uploads\/2010\/07\/paraguay.jpg","datePublished":"2010-07-17T02:35:18+00:00","dateModified":"2026-04-30T16:25:13+00:00","description":"Voyage au Paraguay. Sites de tourisme au Paraguay.","breadcrumb":{"@id":"https:\/\/abc-latina.com\/paraguay\/tourisme\/#breadcrumb"},"inLanguage":"fr-FR","potentialAction":[{"@type":"ReadAction","target":["https:\/\/abc-latina.com\/paraguay\/tourisme\/"]}]},{"@type":"ImageObject","inLanguage":"fr-FR","@id":"https:\/\/abc-latina.com\/paraguay\/tourisme\/#primaryimage","url":"https:\/\/abc-latina.com\/wp-content\/uploads\/2010\/07\/paraguay.jpg","contentUrl":"https:\/\/abc-latina.com\/wp-content\/uploads\/2010\/07\/paraguay.jpg","width":110,"height":82},{"@type":"BreadcrumbList","@id":"https:\/\/abc-latina.com\/paraguay\/tourisme\/#breadcrumb","itemListElement":[{"@type":"ListItem","position":1,"name":"Accueil","item":"https:\/\/abc-latina.com\/"},{"@type":"ListItem","position":2,"name":"TOURISME &#038; VOYAGE au PARAGUAY"}]},{"@type":"WebSite","@id":"https:\/\/abc-latina.com\/#website","url":"https:\/\/abc-latina.com\/","name":"Abc-latina","description":"","publisher":{"@id":"https:\/\/abc-latina.com\/#organization"},"potentialAction":[{"@type":"SearchAction","target":{"@type":"EntryPoint","urlTemplate":"https:\/\/abc-latina.com\/?s={search_term_string}"},"query-input":{"@type":"PropertyValueSpecification","valueRequired":true,"valueName":"search_term_string"}}],"inLanguage":"fr-FR"},{"@type":"Organization","@id":"https:\/\/abc-latina.com\/#organization","name":"Abc-latina","url":"https:\/\/abc-latina.com\/","logo":{"@type":"ImageObject","inLanguage":"fr-FR","@id":"https:\/\/abc-latina.com\/#\/schema\/logo\/image\/","url":"https:\/\/abc-latina.com\/wp-content\/uploads\/2026\/05\/cropped-logo.gif","contentUrl":"https:\/\/abc-latina.com\/wp-content\/uploads\/2026\/05\/cropped-logo.gif","width":89,"height":84,"caption":"Abc-latina"},"image":{"@id":"https:\/\/abc-latina.com\/#\/schema\/logo\/image\/"}}]}},"_links":{"self":[{"href":"https:\/\/abc-latina.com\/wp-json\/wp\/v2\/pages\/1455","targetHints":{"allow":["GET"]}}],"collection":[{"href":"https:\/\/abc-latina.com\/wp-json\/wp\/v2\/pages"}],"about":[{"href":"https:\/\/abc-latina.com\/wp-json\/wp\/v2\/types\/page"}],"author":[{"embeddable":true,"href":"https:\/\/abc-latina.com\/wp-json\/wp\/v2\/users\/3"}],"replies":[{"embeddable":true,"href":"https:\/\/abc-latina.com\/wp-json\/wp\/v2\/comments?post=1455"}],"version-history":[{"count":1,"href":"https:\/\/abc-latina.com\/wp-json\/wp\/v2\/pages\/1455\/revisions"}],"predecessor-version":[{"id":3654,"href":"https:\/\/abc-latina.com\/wp-json\/wp\/v2\/pages\/1455\/revisions\/3654"}],"up":[{"embeddable":true,"href":"https:\/\/abc-latina.com\/wp-json\/wp\/v2\/pages\/2314"}],"wp:featuredmedia":[{"embeddable":true,"href":"https:\/\/abc-latina.com\/wp-json\/wp\/v2\/media\/1454"}],"wp:attachment":[{"href":"https:\/\/abc-latina.com\/wp-json\/wp\/v2\/media?parent=1455"}],"curies":[{"name":"wp","href":"https:\/\/api.w.org\/{rel}","templated":true}]}}