{"id":1456,"date":"2010-07-19T17:37:16","date_gmt":"2010-07-19T15:37:16","guid":{"rendered":"http:\/\/abc-latina.com\/economie-htm-16\/"},"modified":"2026-04-30T18:25:25","modified_gmt":"2026-04-30T16:25:25","slug":"economie","status":"publish","type":"page","link":"https:\/\/abc-latina.com\/salvador\/economie\/","title":{"rendered":"ECONOMIE &#8211; EL SALVADOR"},"content":{"rendered":"<div>La guerre civile (qui s&rsquo;est termin\u00e9e en 1992), les s\u00e9cheresses et inondations et le passage de l&rsquo;ouragan Mitch en 1997 ont caus\u00e9 de graves pr\u00e9judices \u00e0 l&rsquo;\u00e9conomie agricole et d&rsquo;\u00e9levage du Salvador. A partir des accords de paix, l&rsquo;\u00e9conomie a b\u00e9n\u00e9fici\u00e9 d&rsquo;une croissance substantielle entre 5 et 6%. En 1997, l&rsquo;inflation \u00e9tait de 1,9% et l&rsquo;ann\u00e9e d&rsquo;apr\u00e8s elle s&rsquo;est maintenue \u00e0 2,5% avec une croissance \u00e9conomique de 4%. L&rsquo;am\u00e9lioration \u00e9conomique s&rsquo;est fondamentalement bas\u00e9e sur l&rsquo;exportation de produits non traditionnels et sur les investissements \u00e9trangers dans les secteurs privatis\u00e9s par le gouvernement comme les t\u00e9l\u00e9communications et les secteurs de l&rsquo;\u00e9nergie. Les principaux revenus proviennent de l&rsquo;exportation du caf\u00e9. Les principaux produits agricoles produits par le pays sont le coton, la canne \u00e0 sucre, le ma\u00efs, les haricots, le riz et r\u00e9cemment les crevettes grises et le miel. L&rsquo;industrie manufacturi\u00e8re est la plus importante de l&rsquo;Am\u00e9rique Centrale avec la production de chaussures, textiles, articles en cuir et produits pharmaceutiques. Les besoins \u00e9nerg\u00e9tiques sont couverts par la production d&rsquo;hydro\u00e9lectricit\u00e9 et \u00e0 l&rsquo;importation de p\u00e9trole. Dans le secteur des services, le Salvador essaie de r\u00e9cup\u00e9rer le tourisme qui a disparu en raison de la guerre civile. Malgr\u00e9 tout, une des principales entr\u00e9es de devises dans le pays provient des salvadoriens qui travaillent aux Etats-Unis et qui envoient leurs \u00e9conomies au Salvador. Le pays est membre du March\u00e9 Commun d&rsquo;Am\u00e9rique Centrale et d\u00e9pend fortement de l&rsquo;aide des Etats-Unis et des pr\u00eats du Fond Mon\u00e9taire International. Ils furent conc\u00e9d\u00e9s en \u00e9change de l&rsquo;application de la politique de restructuration \u00e9conomique bas\u00e9e sur la d\u00e9centralisation et la lib\u00e9ralisation du march\u00e9. Les Etats-Unis sont le principal partenaire commercial suivi du Guatemala, de l&rsquo;Espagne, de l&rsquo;Allemagne et du Japon.&nbsp;<\/div>\n<div>&nbsp;<\/div>\n<div><span class=\"eco-indic\">INDICATEURS ECONOMIQUES<\/span><\/div>\n<div>&nbsp;<\/div>\n<div>PIB (2007) : 22,28 Mds USD&nbsp;<\/div>\n<div>PIB par habitant (2007) : 4.231 USD&nbsp;<\/div>\n<div>Taux de croissance (2007) : 4.7 %&nbsp;<\/div>\n<div>Taux de ch\u00f4mage (2007) : 6,2 %&nbsp;<\/div>\n<div>Taux d&rsquo;inflation (2007) : 4,9 %&nbsp;<\/div>\n<div>&nbsp;<\/div>\n<div><span class=\"eco-indic2\">Part des principaux secteurs d&rsquo;activit\u00e9s dans le PIB :<\/span>&nbsp;<\/div>\n<div>&#8211; secteur agricole : 9,7 %&nbsp;<\/div>\n<div>&#8211; secteur industriel : 27,6 %&nbsp;<\/div>\n<div>&#8211; secteur des services : 62,7 %&nbsp;<\/div>\n<div>&nbsp;<\/div>\n<div><span class=\"eco-indic2\">Principaux clients 2007 :<\/span>&nbsp;<\/div>\n<div>Etats-Unis (49,6%), Guatemala (14,4%), Honduras (8,8%)&nbsp;<\/div>\n<div>&nbsp;<\/div>\n<div><span class=\"eco-indic2\">Principaux fournisseurs 2007 :<\/span>&nbsp;<\/div>\n<div>Etats-Unis (32,2%), Guatemala (9,3%), Mexique (7,4%), Chine (4,7%)<\/div>\n<div>Exportations de la France versle Salvador (2007) : 113,6 M&euro;&nbsp;<\/div>\n<div>Importations fran\u00e7aises du Salvador (2007) : 14,3 M&euro;&nbsp;<\/div>\n<div>&nbsp;<\/div>\n<div><span class=\"eco-indic\">DIVERS&nbsp;<\/span><\/div>\n<div>T\u00e9l\u00e9phoner au Salvador<\/div>\n<div>R\u00e9servez votre billet d&rsquo;avion pour le Salvador<\/div>\n<div>R\u00e9servez votre voiture&nbsp;<\/div>\n","protected":false},"excerpt":{"rendered":"<p>La guerre civile (qui s&rsquo;est termin\u00e9e en 1992), les s\u00e9cheresses et inondations et le passage de l&rsquo;ouragan Mitch en 1997 [&hellip;]<\/p>\n","protected":false},"author":3,"featured_media":0,"parent":2318,"menu_order":0,"comment_status":"closed","ping_status":"closed","template":"","meta":{"site-sidebar-layout":"default","site-content-layout":"","ast-site-content-layout":"default","site-content-style":"default","site-sidebar-style":"default","ast-global-header-display":"","ast-banner-title-visibility":"","ast-main-header-display":"","ast-hfb-above-header-display":"","ast-hfb-below-header-display":"","ast-hfb-mobile-header-display":"","site-post-title":"","ast-breadcrumbs-content":"","ast-featured-img":"","footer-sml-layout":"","ast-disable-related-posts":"","theme-transparent-header-meta":"","adv-header-id-meta":"","stick-header-meta":"","header-above-stick-meta":"","header-main-stick-meta":"","header-below-stick-meta":"","astra-migrate-meta-layouts":"default","ast-page-background-enabled":"default","ast-page-background-meta":{"desktop":{"background-color":"var(--ast-global-color-5)","background-image":"","background-repeat":"repeat","background-position":"center center","background-size":"auto","background-attachment":"scroll","background-type":"","background-media":"","overlay-type":"","overlay-color":"","overlay-opacity":"","overlay-gradient":""},"tablet":{"background-color":"","background-image":"","background-repeat":"repeat","background-position":"center center","background-size":"auto","background-attachment":"scroll","background-type":"","background-media":"","overlay-type":"","overlay-color":"","overlay-opacity":"","overlay-gradient":""},"mobile":{"background-color":"","background-image":"","background-repeat":"repeat","background-position":"center center","background-size":"auto","background-attachment":"scroll","background-type":"","background-media":"","overlay-type":"","overlay-color":"","overlay-opacity":"","overlay-gradient":""}},"ast-content-background-meta":{"desktop":{"background-color":"var(--ast-global-color-4)","background-image":"","background-repeat":"repeat","background-position":"center center","background-size":"auto","background-attachment":"scroll","background-type":"","background-media":"","overlay-type":"","overlay-color":"","overlay-opacity":"","overlay-gradient":""},"tablet":{"background-color":"var(--ast-global-color-4)","background-image":"","background-repeat":"repeat","background-position":"center center","background-size":"auto","background-attachment":"scroll","background-type":"","background-media":"","overlay-type":"","overlay-color":"","overlay-opacity":"","overlay-gradient":""},"mobile":{"background-color":"var(--ast-global-color-4)","background-image":"","background-repeat":"repeat","background-position":"center center","background-size":"auto","background-attachment":"scroll","background-type":"","background-media":"","overlay-type":"","overlay-color":"","overlay-opacity":"","overlay-gradient":""}},"footnotes":""},"class_list":["post-1456","page","type-page","status-publish","hentry"],"yoast_head":"<!-- This site is optimized with the Yoast SEO plugin v27.5 - https:\/\/yoast.com\/product\/yoast-seo-wordpress\/ -->\n<title>ECONOMIE - EL SALVADOR - Abc-latina<\/title>\n<meta name=\"description\" content=\"L&#039;\u00e9conomie du Salvador.\" \/>\n<meta name=\"robots\" content=\"index, follow, max-snippet:-1, max-image-preview:large, max-video-preview:-1\" \/>\n<link rel=\"canonical\" href=\"https:\/\/abc-latina.com\/salvador\/economie\/\" \/>\n<meta property=\"og:locale\" content=\"fr_FR\" \/>\n<meta property=\"og:type\" content=\"article\" \/>\n<meta property=\"og:title\" content=\"ECONOMIE - EL SALVADOR - Abc-latina\" \/>\n<meta property=\"og:description\" content=\"L&#039;\u00e9conomie du Salvador.\" \/>\n<meta property=\"og:url\" content=\"https:\/\/abc-latina.com\/salvador\/economie\/\" \/>\n<meta property=\"og:site_name\" content=\"Abc-latina\" \/>\n<meta property=\"article:modified_time\" content=\"2026-04-30T16:25:25+00:00\" \/>\n<meta name=\"twitter:card\" content=\"summary_large_image\" \/>\n<meta name=\"twitter:label1\" content=\"Dur\u00e9e de lecture estim\u00e9e\" \/>\n\t<meta name=\"twitter:data1\" content=\"2 minutes\" \/>\n<script type=\"application\/ld+json\" class=\"yoast-schema-graph\">{\"@context\":\"https:\\\/\\\/schema.org\",\"@graph\":[{\"@type\":\"WebPage\",\"@id\":\"https:\\\/\\\/abc-latina.com\\\/salvador\\\/economie\\\/\",\"url\":\"https:\\\/\\\/abc-latina.com\\\/salvador\\\/economie\\\/\",\"name\":\"ECONOMIE - EL SALVADOR - Abc-latina\",\"isPartOf\":{\"@id\":\"https:\\\/\\\/abc-latina.com\\\/#website\"},\"datePublished\":\"2010-07-19T15:37:16+00:00\",\"dateModified\":\"2026-04-30T16:25:25+00:00\",\"description\":\"L'\u00e9conomie du Salvador.\",\"breadcrumb\":{\"@id\":\"https:\\\/\\\/abc-latina.com\\\/salvador\\\/economie\\\/#breadcrumb\"},\"inLanguage\":\"fr-FR\",\"potentialAction\":[{\"@type\":\"ReadAction\",\"target\":[\"https:\\\/\\\/abc-latina.com\\\/salvador\\\/economie\\\/\"]}]},{\"@type\":\"BreadcrumbList\",\"@id\":\"https:\\\/\\\/abc-latina.com\\\/salvador\\\/economie\\\/#breadcrumb\",\"itemListElement\":[{\"@type\":\"ListItem\",\"position\":1,\"name\":\"Accueil\",\"item\":\"https:\\\/\\\/abc-latina.com\\\/\"},{\"@type\":\"ListItem\",\"position\":2,\"name\":\"ECONOMIE &#8211; EL SALVADOR\"}]},{\"@type\":\"WebSite\",\"@id\":\"https:\\\/\\\/abc-latina.com\\\/#website\",\"url\":\"https:\\\/\\\/abc-latina.com\\\/\",\"name\":\"Abc-latina\",\"description\":\"\",\"publisher\":{\"@id\":\"https:\\\/\\\/abc-latina.com\\\/#organization\"},\"potentialAction\":[{\"@type\":\"SearchAction\",\"target\":{\"@type\":\"EntryPoint\",\"urlTemplate\":\"https:\\\/\\\/abc-latina.com\\\/?s={search_term_string}\"},\"query-input\":{\"@type\":\"PropertyValueSpecification\",\"valueRequired\":true,\"valueName\":\"search_term_string\"}}],\"inLanguage\":\"fr-FR\"},{\"@type\":\"Organization\",\"@id\":\"https:\\\/\\\/abc-latina.com\\\/#organization\",\"name\":\"Abc-latina\",\"url\":\"https:\\\/\\\/abc-latina.com\\\/\",\"logo\":{\"@type\":\"ImageObject\",\"inLanguage\":\"fr-FR\",\"@id\":\"https:\\\/\\\/abc-latina.com\\\/#\\\/schema\\\/logo\\\/image\\\/\",\"url\":\"https:\\\/\\\/abc-latina.com\\\/wp-content\\\/uploads\\\/2026\\\/05\\\/cropped-logo.gif\",\"contentUrl\":\"https:\\\/\\\/abc-latina.com\\\/wp-content\\\/uploads\\\/2026\\\/05\\\/cropped-logo.gif\",\"width\":89,\"height\":84,\"caption\":\"Abc-latina\"},\"image\":{\"@id\":\"https:\\\/\\\/abc-latina.com\\\/#\\\/schema\\\/logo\\\/image\\\/\"}}]}<\/script>\n<!-- \/ Yoast SEO plugin. -->","yoast_head_json":{"title":"ECONOMIE - EL SALVADOR - Abc-latina","description":"L'\u00e9conomie du Salvador.","robots":{"index":"index","follow":"follow","max-snippet":"max-snippet:-1","max-image-preview":"max-image-preview:large","max-video-preview":"max-video-preview:-1"},"canonical":"https:\/\/abc-latina.com\/salvador\/economie\/","og_locale":"fr_FR","og_type":"article","og_title":"ECONOMIE - EL SALVADOR - Abc-latina","og_description":"L'\u00e9conomie du Salvador.","og_url":"https:\/\/abc-latina.com\/salvador\/economie\/","og_site_name":"Abc-latina","article_modified_time":"2026-04-30T16:25:25+00:00","twitter_card":"summary_large_image","twitter_misc":{"Dur\u00e9e de lecture estim\u00e9e":"2 minutes"},"schema":{"@context":"https:\/\/schema.org","@graph":[{"@type":"WebPage","@id":"https:\/\/abc-latina.com\/salvador\/economie\/","url":"https:\/\/abc-latina.com\/salvador\/economie\/","name":"ECONOMIE - EL SALVADOR - Abc-latina","isPartOf":{"@id":"https:\/\/abc-latina.com\/#website"},"datePublished":"2010-07-19T15:37:16+00:00","dateModified":"2026-04-30T16:25:25+00:00","description":"L'\u00e9conomie du Salvador.","breadcrumb":{"@id":"https:\/\/abc-latina.com\/salvador\/economie\/#breadcrumb"},"inLanguage":"fr-FR","potentialAction":[{"@type":"ReadAction","target":["https:\/\/abc-latina.com\/salvador\/economie\/"]}]},{"@type":"BreadcrumbList","@id":"https:\/\/abc-latina.com\/salvador\/economie\/#breadcrumb","itemListElement":[{"@type":"ListItem","position":1,"name":"Accueil","item":"https:\/\/abc-latina.com\/"},{"@type":"ListItem","position":2,"name":"ECONOMIE &#8211; EL SALVADOR"}]},{"@type":"WebSite","@id":"https:\/\/abc-latina.com\/#website","url":"https:\/\/abc-latina.com\/","name":"Abc-latina","description":"","publisher":{"@id":"https:\/\/abc-latina.com\/#organization"},"potentialAction":[{"@type":"SearchAction","target":{"@type":"EntryPoint","urlTemplate":"https:\/\/abc-latina.com\/?s={search_term_string}"},"query-input":{"@type":"PropertyValueSpecification","valueRequired":true,"valueName":"search_term_string"}}],"inLanguage":"fr-FR"},{"@type":"Organization","@id":"https:\/\/abc-latina.com\/#organization","name":"Abc-latina","url":"https:\/\/abc-latina.com\/","logo":{"@type":"ImageObject","inLanguage":"fr-FR","@id":"https:\/\/abc-latina.com\/#\/schema\/logo\/image\/","url":"https:\/\/abc-latina.com\/wp-content\/uploads\/2026\/05\/cropped-logo.gif","contentUrl":"https:\/\/abc-latina.com\/wp-content\/uploads\/2026\/05\/cropped-logo.gif","width":89,"height":84,"caption":"Abc-latina"},"image":{"@id":"https:\/\/abc-latina.com\/#\/schema\/logo\/image\/"}}]}},"_links":{"self":[{"href":"https:\/\/abc-latina.com\/wp-json\/wp\/v2\/pages\/1456","targetHints":{"allow":["GET"]}}],"collection":[{"href":"https:\/\/abc-latina.com\/wp-json\/wp\/v2\/pages"}],"about":[{"href":"https:\/\/abc-latina.com\/wp-json\/wp\/v2\/types\/page"}],"author":[{"embeddable":true,"href":"https:\/\/abc-latina.com\/wp-json\/wp\/v2\/users\/3"}],"replies":[{"embeddable":true,"href":"https:\/\/abc-latina.com\/wp-json\/wp\/v2\/comments?post=1456"}],"version-history":[{"count":1,"href":"https:\/\/abc-latina.com\/wp-json\/wp\/v2\/pages\/1456\/revisions"}],"predecessor-version":[{"id":3903,"href":"https:\/\/abc-latina.com\/wp-json\/wp\/v2\/pages\/1456\/revisions\/3903"}],"up":[{"embeddable":true,"href":"https:\/\/abc-latina.com\/wp-json\/wp\/v2\/pages\/2318"}],"wp:attachment":[{"href":"https:\/\/abc-latina.com\/wp-json\/wp\/v2\/media?parent=1456"}],"curies":[{"name":"wp","href":"https:\/\/api.w.org\/{rel}","templated":true}]}}