{"id":1459,"date":"2010-07-19T17:45:46","date_gmt":"2010-07-19T15:45:46","guid":{"rendered":"http:\/\/abc-latina.com\/infoprat-htm-15\/"},"modified":"2026-04-30T18:25:25","modified_gmt":"2026-04-30T16:25:25","slug":"infoprat","status":"publish","type":"page","link":"https:\/\/abc-latina.com\/salvador\/infoprat\/","title":{"rendered":"INFORMATIONS PRATIQUES"},"content":{"rendered":"<h3>PASSEPORT-VISA&nbsp;<\/h3>\n<div>Si vous \u00eates ressortissant de l&rsquo;union europ\u00e9ene et du Canada, vous n&rsquo;avez pas besoin de visa pour un s\u00e9jour touristique de moins de 90 jours. Il vous suffit d&rsquo;\u00eatre en possession de votre passeport en cours de validit\u00e9 d&rsquo;au moins six mois<\/div>\n<div><a href=\"https:\/\/www.abc-latina.com\/salvador\/ambassade\" target=\"_blank\">Les adresses des ambassades du Salvador<\/a><\/div>\n<div>SECURITE: <a href=\"http:\/\/www.diplomatie.gouv.fr\/fr\/conseils-aux-voyageurs_909\/pays_12191\/el-salvador_12354\/indexl\" target=\"_blank\">les conseils aux voyageurs<\/a> du MINISTERE DES AFFAIRES ETRANGERES &nbsp;<\/div>\n<h3>SANTE&nbsp;<\/h3>\n<div>Les conditions sanitaires peuvent changer, aussi nous vous conseillons vivement de lire:<\/div>\n<div><a href=\"https:\/\/www.abc-latina.com\/sites\/sante\/salvador\" target=\"_blank\">Les recommandations de l&rsquo;Institut Pasteur<\/a><\/div>\n<h3>CLIMAT&nbsp;<\/h3>\n<div><a href=\"https:\/\/www.abc-latina.com\/salvador\/meteo\">La m\u00e9t\u00e9o<\/a><\/div>\n<h3>ARGENT&nbsp;<\/h3>\n<div>La monnaie nationale est le Colon.<\/div>\n<div>Pourboire: lorsque le service n&rsquo;est pas inclus dans la note des h\u00f4tels et des restaurants, il faut laisser un pourboire de 10% de la somme totale et 15% lorsque le montant n&rsquo;est pas \u00e9lev\u00e9. Les chauffeurs de taxis, en g\u00e9n\u00e9ral, ne re\u00e7oivent pas de pourboires.<\/div>\n<div><a href=\"http:\/\/www.xe.com\/ucc\/fr\/\" target=\"_blank\">Le change<\/a><\/div>\n<h3>DECALAGE HORAIRE &nbsp;<\/h3>\n<div>Lorsqu&rsquo;il est midi en Europe Occidentale, il est au San Salvador 4 h du matin (l&rsquo;\u00e9t\u00e9) et 5 h du matin (l&rsquo;hiver).<\/div>\n<div>Actuellement, au<\/div>\n<div>San Salvador il est:<\/div>\n<h3>TRANSPORT&nbsp;<\/h3>\n<div>En bus :&nbsp;<\/div>\n<div>En Avion : &nbsp;<\/div>\n<div><a href=\"https:\/\/www.abc-latina.com\/to\/reservation_billets_avions\" target=\"_blank\">Billet d&rsquo;avion: comparez 10 millions d&rsquo;offres en moins de 30 secondes<\/a><\/div>\n<div>En train :&nbsp;<\/div>\n<div>En voiture :&nbsp;<\/div>\n<div><a href=\"https:\/\/www.abc-latina.com\/to\/location_voiture\" target=\"_blank\">Location de voitures : le meilleur prix en comparant 50 agences<\/a><\/div>\n<div>Auto-stop : &nbsp;&nbsp;<\/div>\n<h3>JOURS FERIES &nbsp;<\/h3>\n<div><a href=\"tour_operateur\" target=\"_blank\"><img loading=\"lazy\" decoding=\"async\" class=\" size-full wp-image-41\" alt=\"\" class=\"touroperateur\" src=\"http:\/\/abc-latina.com\/wp-content\/uploads\/2010\/04\/timbre_to.gif\" width=\"125\" height=\"90\" \/><\/a>1er janvier &#8211; Jour de l&rsquo;an&nbsp;<\/div>\n<div>16 janvier &nbsp;&#8211; Accords de Paix&nbsp;<\/div>\n<div>28 mars &nbsp;&#8211; Jeudi Saint &nbsp;<\/div>\n<div>29 mars &nbsp;&#8211; Vendredi Saint &nbsp;<\/div>\n<div>01 mai &nbsp;&#8211; F\u00eate du travail&nbsp;<\/div>\n<div>30 juin &nbsp;&#8211; Jour F\u00e9ri\u00e9 &nbsp;<\/div>\n<div>04 ao\u00fbt &nbsp;&#8211; F\u00eate de San Salvador&nbsp;<\/div>\n<div>05 ao\u00fbt &nbsp;&#8211; F\u00eate de San Salvador&nbsp;<\/div>\n<div>06 ao\u00fbt &nbsp;&#8211; F\u00eate de San Salvador&nbsp;<\/div>\n<div>15 septembre &#8211; Jour de l&rsquo;Ind\u00e9pendance&nbsp;<\/div>\n<div>12 octobre &#8211; Jour de Christophe Colomb&nbsp;<\/div>\n<div>02 novembre &#8211; F\u00eate des D\u00e9funts&nbsp;<\/div>\n<div>05 novembre &#8211; 1er appel pour l&rsquo;ind\u00e9pendance&nbsp;<\/div>\n<div>25 d\u00e9cembre &#8211; Noel&nbsp;<\/div>\n<div>31 d\u00e9cembre &#8211; R\u00e9veillon du Nouvel An&nbsp;<\/div>\n<h3>LANGUES&nbsp;<\/h3>\n<div>L&rsquo;espagnol.&nbsp;<\/div>\n<h3>ACHATS&nbsp;<\/h3>\n<div>Les travaux de vannerie faits avec de l&rsquo;osier et du palmier, les objets en cuir et en argile, les textiles dont les serviettes Hilasal (avec des motifs typiques) et les hamacs.<\/div>\n<h3>TELEPHONE &#8211; INTERNET&nbsp;<\/h3>\n<div>Si vous souhaitez appeler vers le Salvador depuis votre pays d&rsquo;origine, composez le 00 503 &#8230;<\/div>\n","protected":false},"excerpt":{"rendered":"<p>PASSEPORT-VISA&nbsp; Si vous \u00eates ressortissant de l&rsquo;union europ\u00e9ene et du Canada, vous n&rsquo;avez pas besoin de visa pour un s\u00e9jour [&hellip;]<\/p>\n","protected":false},"author":3,"featured_media":41,"parent":2318,"menu_order":0,"comment_status":"closed","ping_status":"closed","template":"","meta":{"site-sidebar-layout":"default","site-content-layout":"","ast-site-content-layout":"default","site-content-style":"default","site-sidebar-style":"default","ast-global-header-display":"","ast-banner-title-visibility":"","ast-main-header-display":"","ast-hfb-above-header-display":"","ast-hfb-below-header-display":"","ast-hfb-mobile-header-display":"","site-post-title":"","ast-breadcrumbs-content":"","ast-featured-img":"","footer-sml-layout":"","ast-disable-related-posts":"","theme-transparent-header-meta":"","adv-header-id-meta":"","stick-header-meta":"","header-above-stick-meta":"","header-main-stick-meta":"","header-below-stick-meta":"","astra-migrate-meta-layouts":"default","ast-page-background-enabled":"default","ast-page-background-meta":{"desktop":{"background-color":"var(--ast-global-color-5)","background-image":"","background-repeat":"repeat","background-position":"center center","background-size":"auto","background-attachment":"scroll","background-type":"","background-media":"","overlay-type":"","overlay-color":"","overlay-opacity":"","overlay-gradient":""},"tablet":{"background-color":"","background-image":"","background-repeat":"repeat","background-position":"center center","background-size":"auto","background-attachment":"scroll","background-type":"","background-media":"","overlay-type":"","overlay-color":"","overlay-opacity":"","overlay-gradient":""},"mobile":{"background-color":"","background-image":"","background-repeat":"repeat","background-position":"center center","background-size":"auto","background-attachment":"scroll","background-type":"","background-media":"","overlay-type":"","overlay-color":"","overlay-opacity":"","overlay-gradient":""}},"ast-content-background-meta":{"desktop":{"background-color":"var(--ast-global-color-4)","background-image":"","background-repeat":"repeat","background-position":"center center","background-size":"auto","background-attachment":"scroll","background-type":"","background-media":"","overlay-type":"","overlay-color":"","overlay-opacity":"","overlay-gradient":""},"tablet":{"background-color":"var(--ast-global-color-4)","background-image":"","background-repeat":"repeat","background-position":"center center","background-size":"auto","background-attachment":"scroll","background-type":"","background-media":"","overlay-type":"","overlay-color":"","overlay-opacity":"","overlay-gradient":""},"mobile":{"background-color":"var(--ast-global-color-4)","background-image":"","background-repeat":"repeat","background-position":"center center","background-size":"auto","background-attachment":"scroll","background-type":"","background-media":"","overlay-type":"","overlay-color":"","overlay-opacity":"","overlay-gradient":""}},"footnotes":""},"class_list":["post-1459","page","type-page","status-publish","has-post-thumbnail","hentry"],"yoast_head":"<!-- This site is optimized with the Yoast SEO plugin v27.5 - https:\/\/yoast.com\/product\/yoast-seo-wordpress\/ -->\n<title>INFORMATIONS PRATIQUES - Abc-latina<\/title>\n<meta name=\"description\" content=\"Les conseils et infos avant de partir pour le Salvador.\" \/>\n<meta name=\"robots\" content=\"index, follow, max-snippet:-1, max-image-preview:large, max-video-preview:-1\" \/>\n<link rel=\"canonical\" href=\"https:\/\/abc-latina.com\/salvador\/infoprat\/\" \/>\n<meta property=\"og:locale\" content=\"fr_FR\" \/>\n<meta property=\"og:type\" content=\"article\" \/>\n<meta property=\"og:title\" content=\"INFORMATIONS PRATIQUES - Abc-latina\" \/>\n<meta property=\"og:description\" content=\"Les conseils et infos avant de partir pour le Salvador.\" \/>\n<meta property=\"og:url\" content=\"https:\/\/abc-latina.com\/salvador\/infoprat\/\" \/>\n<meta property=\"og:site_name\" content=\"Abc-latina\" \/>\n<meta property=\"article:modified_time\" content=\"2026-04-30T16:25:25+00:00\" \/>\n<meta property=\"og:image\" content=\"https:\/\/abc-latina.com\/wp-content\/uploads\/2010\/04\/timbre_to.gif\" \/>\n\t<meta property=\"og:image:width\" content=\"125\" \/>\n\t<meta property=\"og:image:height\" content=\"90\" \/>\n\t<meta property=\"og:image:type\" content=\"image\/gif\" \/>\n<meta name=\"twitter:card\" content=\"summary_large_image\" \/>\n<meta name=\"twitter:label1\" content=\"Dur\u00e9e de lecture estim\u00e9e\" \/>\n\t<meta name=\"twitter:data1\" content=\"2 minutes\" \/>\n<script type=\"application\/ld+json\" class=\"yoast-schema-graph\">{\"@context\":\"https:\\\/\\\/schema.org\",\"@graph\":[{\"@type\":\"WebPage\",\"@id\":\"https:\\\/\\\/abc-latina.com\\\/salvador\\\/infoprat\\\/\",\"url\":\"https:\\\/\\\/abc-latina.com\\\/salvador\\\/infoprat\\\/\",\"name\":\"INFORMATIONS PRATIQUES - Abc-latina\",\"isPartOf\":{\"@id\":\"https:\\\/\\\/abc-latina.com\\\/#website\"},\"primaryImageOfPage\":{\"@id\":\"https:\\\/\\\/abc-latina.com\\\/salvador\\\/infoprat\\\/#primaryimage\"},\"image\":{\"@id\":\"https:\\\/\\\/abc-latina.com\\\/salvador\\\/infoprat\\\/#primaryimage\"},\"thumbnailUrl\":\"https:\\\/\\\/abc-latina.com\\\/wp-content\\\/uploads\\\/2010\\\/04\\\/timbre_to.gif\",\"datePublished\":\"2010-07-19T15:45:46+00:00\",\"dateModified\":\"2026-04-30T16:25:25+00:00\",\"description\":\"Les conseils et infos avant de partir pour le Salvador.\",\"breadcrumb\":{\"@id\":\"https:\\\/\\\/abc-latina.com\\\/salvador\\\/infoprat\\\/#breadcrumb\"},\"inLanguage\":\"fr-FR\",\"potentialAction\":[{\"@type\":\"ReadAction\",\"target\":[\"https:\\\/\\\/abc-latina.com\\\/salvador\\\/infoprat\\\/\"]}]},{\"@type\":\"ImageObject\",\"inLanguage\":\"fr-FR\",\"@id\":\"https:\\\/\\\/abc-latina.com\\\/salvador\\\/infoprat\\\/#primaryimage\",\"url\":\"https:\\\/\\\/abc-latina.com\\\/wp-content\\\/uploads\\\/2010\\\/04\\\/timbre_to.gif\",\"contentUrl\":\"https:\\\/\\\/abc-latina.com\\\/wp-content\\\/uploads\\\/2010\\\/04\\\/timbre_to.gif\",\"width\":125,\"height\":90},{\"@type\":\"BreadcrumbList\",\"@id\":\"https:\\\/\\\/abc-latina.com\\\/salvador\\\/infoprat\\\/#breadcrumb\",\"itemListElement\":[{\"@type\":\"ListItem\",\"position\":1,\"name\":\"Accueil\",\"item\":\"https:\\\/\\\/abc-latina.com\\\/\"},{\"@type\":\"ListItem\",\"position\":2,\"name\":\"INFORMATIONS PRATIQUES\"}]},{\"@type\":\"WebSite\",\"@id\":\"https:\\\/\\\/abc-latina.com\\\/#website\",\"url\":\"https:\\\/\\\/abc-latina.com\\\/\",\"name\":\"Abc-latina\",\"description\":\"\",\"publisher\":{\"@id\":\"https:\\\/\\\/abc-latina.com\\\/#organization\"},\"potentialAction\":[{\"@type\":\"SearchAction\",\"target\":{\"@type\":\"EntryPoint\",\"urlTemplate\":\"https:\\\/\\\/abc-latina.com\\\/?s={search_term_string}\"},\"query-input\":{\"@type\":\"PropertyValueSpecification\",\"valueRequired\":true,\"valueName\":\"search_term_string\"}}],\"inLanguage\":\"fr-FR\"},{\"@type\":\"Organization\",\"@id\":\"https:\\\/\\\/abc-latina.com\\\/#organization\",\"name\":\"Abc-latina\",\"url\":\"https:\\\/\\\/abc-latina.com\\\/\",\"logo\":{\"@type\":\"ImageObject\",\"inLanguage\":\"fr-FR\",\"@id\":\"https:\\\/\\\/abc-latina.com\\\/#\\\/schema\\\/logo\\\/image\\\/\",\"url\":\"https:\\\/\\\/abc-latina.com\\\/wp-content\\\/uploads\\\/2026\\\/05\\\/cropped-logo.gif\",\"contentUrl\":\"https:\\\/\\\/abc-latina.com\\\/wp-content\\\/uploads\\\/2026\\\/05\\\/cropped-logo.gif\",\"width\":89,\"height\":84,\"caption\":\"Abc-latina\"},\"image\":{\"@id\":\"https:\\\/\\\/abc-latina.com\\\/#\\\/schema\\\/logo\\\/image\\\/\"}}]}<\/script>\n<!-- \/ Yoast SEO plugin. -->","yoast_head_json":{"title":"INFORMATIONS PRATIQUES - Abc-latina","description":"Les conseils et infos avant de partir pour le Salvador.","robots":{"index":"index","follow":"follow","max-snippet":"max-snippet:-1","max-image-preview":"max-image-preview:large","max-video-preview":"max-video-preview:-1"},"canonical":"https:\/\/abc-latina.com\/salvador\/infoprat\/","og_locale":"fr_FR","og_type":"article","og_title":"INFORMATIONS PRATIQUES - Abc-latina","og_description":"Les conseils et infos avant de partir pour le Salvador.","og_url":"https:\/\/abc-latina.com\/salvador\/infoprat\/","og_site_name":"Abc-latina","article_modified_time":"2026-04-30T16:25:25+00:00","og_image":[{"width":125,"height":90,"url":"https:\/\/abc-latina.com\/wp-content\/uploads\/2010\/04\/timbre_to.gif","type":"image\/gif"}],"twitter_card":"summary_large_image","twitter_misc":{"Dur\u00e9e de lecture estim\u00e9e":"2 minutes"},"schema":{"@context":"https:\/\/schema.org","@graph":[{"@type":"WebPage","@id":"https:\/\/abc-latina.com\/salvador\/infoprat\/","url":"https:\/\/abc-latina.com\/salvador\/infoprat\/","name":"INFORMATIONS PRATIQUES - Abc-latina","isPartOf":{"@id":"https:\/\/abc-latina.com\/#website"},"primaryImageOfPage":{"@id":"https:\/\/abc-latina.com\/salvador\/infoprat\/#primaryimage"},"image":{"@id":"https:\/\/abc-latina.com\/salvador\/infoprat\/#primaryimage"},"thumbnailUrl":"https:\/\/abc-latina.com\/wp-content\/uploads\/2010\/04\/timbre_to.gif","datePublished":"2010-07-19T15:45:46+00:00","dateModified":"2026-04-30T16:25:25+00:00","description":"Les conseils et infos avant de partir pour le Salvador.","breadcrumb":{"@id":"https:\/\/abc-latina.com\/salvador\/infoprat\/#breadcrumb"},"inLanguage":"fr-FR","potentialAction":[{"@type":"ReadAction","target":["https:\/\/abc-latina.com\/salvador\/infoprat\/"]}]},{"@type":"ImageObject","inLanguage":"fr-FR","@id":"https:\/\/abc-latina.com\/salvador\/infoprat\/#primaryimage","url":"https:\/\/abc-latina.com\/wp-content\/uploads\/2010\/04\/timbre_to.gif","contentUrl":"https:\/\/abc-latina.com\/wp-content\/uploads\/2010\/04\/timbre_to.gif","width":125,"height":90},{"@type":"BreadcrumbList","@id":"https:\/\/abc-latina.com\/salvador\/infoprat\/#breadcrumb","itemListElement":[{"@type":"ListItem","position":1,"name":"Accueil","item":"https:\/\/abc-latina.com\/"},{"@type":"ListItem","position":2,"name":"INFORMATIONS PRATIQUES"}]},{"@type":"WebSite","@id":"https:\/\/abc-latina.com\/#website","url":"https:\/\/abc-latina.com\/","name":"Abc-latina","description":"","publisher":{"@id":"https:\/\/abc-latina.com\/#organization"},"potentialAction":[{"@type":"SearchAction","target":{"@type":"EntryPoint","urlTemplate":"https:\/\/abc-latina.com\/?s={search_term_string}"},"query-input":{"@type":"PropertyValueSpecification","valueRequired":true,"valueName":"search_term_string"}}],"inLanguage":"fr-FR"},{"@type":"Organization","@id":"https:\/\/abc-latina.com\/#organization","name":"Abc-latina","url":"https:\/\/abc-latina.com\/","logo":{"@type":"ImageObject","inLanguage":"fr-FR","@id":"https:\/\/abc-latina.com\/#\/schema\/logo\/image\/","url":"https:\/\/abc-latina.com\/wp-content\/uploads\/2026\/05\/cropped-logo.gif","contentUrl":"https:\/\/abc-latina.com\/wp-content\/uploads\/2026\/05\/cropped-logo.gif","width":89,"height":84,"caption":"Abc-latina"},"image":{"@id":"https:\/\/abc-latina.com\/#\/schema\/logo\/image\/"}}]}},"_links":{"self":[{"href":"https:\/\/abc-latina.com\/wp-json\/wp\/v2\/pages\/1459","targetHints":{"allow":["GET"]}}],"collection":[{"href":"https:\/\/abc-latina.com\/wp-json\/wp\/v2\/pages"}],"about":[{"href":"https:\/\/abc-latina.com\/wp-json\/wp\/v2\/types\/page"}],"author":[{"embeddable":true,"href":"https:\/\/abc-latina.com\/wp-json\/wp\/v2\/users\/3"}],"replies":[{"embeddable":true,"href":"https:\/\/abc-latina.com\/wp-json\/wp\/v2\/comments?post=1459"}],"version-history":[{"count":1,"href":"https:\/\/abc-latina.com\/wp-json\/wp\/v2\/pages\/1459\/revisions"}],"predecessor-version":[{"id":3907,"href":"https:\/\/abc-latina.com\/wp-json\/wp\/v2\/pages\/1459\/revisions\/3907"}],"up":[{"embeddable":true,"href":"https:\/\/abc-latina.com\/wp-json\/wp\/v2\/pages\/2318"}],"wp:featuredmedia":[{"embeddable":true,"href":"https:\/\/abc-latina.com\/wp-json\/wp\/v2\/media\/41"}],"wp:attachment":[{"href":"https:\/\/abc-latina.com\/wp-json\/wp\/v2\/media?parent=1459"}],"curies":[{"name":"wp","href":"https:\/\/api.w.org\/{rel}","templated":true}]}}