{"id":1466,"date":"2010-07-19T17:57:20","date_gmt":"2010-07-19T15:57:20","guid":{"rendered":"http:\/\/abc-latina.com\/economie-htm-17\/"},"modified":"2026-04-30T18:25:32","modified_gmt":"2026-04-30T16:25:32","slug":"economie","status":"publish","type":"page","link":"https:\/\/abc-latina.com\/uruguay\/economie\/","title":{"rendered":"ECONOMIE &#8211; URUGUAY"},"content":{"rendered":"<div>L&rsquo;Uruguay est un des rares pays d&rsquo;Am\u00e9rique du Sud qui a une \u00e9conomie stable. L&rsquo;\u00e9conomie est fondamentalement agricole; les produits \u00e0 base de viande et la laine sont les plus importants. Il y a aussi les produits laitiers qui sont destin\u00e9s \u00e0 l&rsquo;exportation vers les autres pays sud-am\u00e9ricains. Il y a \u00e9galement des r\u00e9coltes de c\u00e9r\u00e9ales, riz, fruits et l\u00e9gumes. Cependant, le secteur le plus important de l&rsquo;\u00e9conomie sont les industries de transformation du p\u00e9trole, charbon, produits chimiques, textiles, biens d&rsquo;\u00e9quipements du transport et articles en cuir. Le p\u00e9trole et le charbon sont import\u00e9s pour la transformation et pour la consommation interne. Les ressources min\u00e9rales actuelles sont peu abondantes et se limitent \u00e0 des mat\u00e9riaux de construction, min\u00e9raux industriels et un peu d&rsquo;or. Des prospections ont \u00e9t\u00e9 r\u00e9alis\u00e9es et elles indiquent qu&rsquo;il y a des r\u00e9serves d&rsquo;autres min\u00e9raux pr\u00e9cieux qui n&rsquo;ont toujours pas \u00e9t\u00e9 extraits. Apr\u00e8s avoir travers\u00e9 une p\u00e9riode \u00e9conomique d\u00e9licate au d\u00e9but des ann\u00e9es 90, le gouvernement uruguayen accepta le programme d&rsquo;aust\u00e9rit\u00e9 impos\u00e9 par le FMI. Depuis, les r\u00e9sultats \u00e9conomiques sont bons approchant un indice de croissance d&rsquo;environ 5%\/ Le pays est membre du MERCOSUR, de l&rsquo;Association Latino-am\u00e9ricaine d&rsquo;Int\u00e9gration (ALADI) et de la Banque Am\u00e9ricaine de D\u00e9veloppement. Ses principaux partenaires commerciaux sont l&rsquo;Espagne, l&rsquo;Argentine, le Br\u00e9sil, l&rsquo;Allemagne et les Etats-Unis.&nbsp;<\/div>\n<div>&nbsp;<\/div>\n<div><span class=\"eco-indic\">INDICATEURS ECONOMIQUES<\/span><\/div>\n<div>&nbsp;<\/div>\n<div>PIB (2005) : 16,83 Mds USD&nbsp;<\/div>\n<div>PIB par habitant (2005) : 5091 USD&nbsp;<\/div>\n<div>Taux de croissance (2005) : 6,6% (11,8% en 2004)&nbsp;<\/div>\n<div>Taux de ch\u00f4mage (2005) : 12,2%&nbsp;<\/div>\n<div>Taux d&rsquo;inflation (2005) : 4,9 % (7,6% en 2004)&nbsp;<\/div>\n<div>&nbsp;<\/div>\n<div><span class=\"eco-indic2\">Part des principaux secteurs d&rsquo;activit\u00e9s dans le PIB :<\/span>&nbsp;<\/div>\n<div>&#8211; secteur agricole : 9,3%&nbsp;<\/div>\n<div>&#8211; secteur industriel : 31,1%&nbsp;<\/div>\n<div>&#8211; secteur des services : 59,6%&nbsp;<\/div>\n<div>&nbsp;<\/div>\n<div><span class=\"eco-indic2\">Principaux clients :<\/span>&nbsp;<\/div>\n<div>groupes r\u00e9gionaux : Mercosur, Union Europ\u00e9enne&nbsp;<\/div>\n<div>par pays : Etats-Unis, Br\u00e9sil, Argentine&nbsp;<\/div>\n<div>&nbsp;<\/div>\n<div><span class=\"eco-indic2\">Principaux fournisseurs :<\/span>&nbsp;<\/div>\n<div>groupes r\u00e9gionaux : Mercosur, Union Europ\u00e9enne&nbsp;<\/div>\n<div>par pays : Br\u00e9sil, Argentine, Venezuela, Etats-Unis&nbsp;<\/div>\n<div>Exportations de la France vers l&rsquo;Uruguay (2005) : 79 M&euro;&nbsp;<\/div>\n<div>Importations fran\u00e7aises d&rsquo;Uruguay (2005) : 40,2 M&euro;&nbsp;<\/div>\n<div>&nbsp;<\/div>\n<div><span class=\"eco-indic2\">DIVERS&nbsp;<\/span><\/div>\n<div>T\u00e9l\u00e9phoner en Uruguay<\/div>\n<div>R\u00e9servez votre billet d&rsquo;avion pour l&rsquo;Uruguay<\/div>\n<div>R\u00e9servez votre voiture<\/div>\n","protected":false},"excerpt":{"rendered":"<p>L&rsquo;Uruguay est un des rares pays d&rsquo;Am\u00e9rique du Sud qui a une \u00e9conomie stable. L&rsquo;\u00e9conomie est fondamentalement agricole; les produits [&hellip;]<\/p>\n","protected":false},"author":3,"featured_media":0,"parent":2319,"menu_order":0,"comment_status":"closed","ping_status":"closed","template":"","meta":{"site-sidebar-layout":"default","site-content-layout":"","ast-site-content-layout":"default","site-content-style":"default","site-sidebar-style":"default","ast-global-header-display":"","ast-banner-title-visibility":"","ast-main-header-display":"","ast-hfb-above-header-display":"","ast-hfb-below-header-display":"","ast-hfb-mobile-header-display":"","site-post-title":"","ast-breadcrumbs-content":"","ast-featured-img":"","footer-sml-layout":"","ast-disable-related-posts":"","theme-transparent-header-meta":"","adv-header-id-meta":"","stick-header-meta":"","header-above-stick-meta":"","header-main-stick-meta":"","header-below-stick-meta":"","astra-migrate-meta-layouts":"default","ast-page-background-enabled":"default","ast-page-background-meta":{"desktop":{"background-color":"var(--ast-global-color-5)","background-image":"","background-repeat":"repeat","background-position":"center center","background-size":"auto","background-attachment":"scroll","background-type":"","background-media":"","overlay-type":"","overlay-color":"","overlay-opacity":"","overlay-gradient":""},"tablet":{"background-color":"","background-image":"","background-repeat":"repeat","background-position":"center center","background-size":"auto","background-attachment":"scroll","background-type":"","background-media":"","overlay-type":"","overlay-color":"","overlay-opacity":"","overlay-gradient":""},"mobile":{"background-color":"","background-image":"","background-repeat":"repeat","background-position":"center center","background-size":"auto","background-attachment":"scroll","background-type":"","background-media":"","overlay-type":"","overlay-color":"","overlay-opacity":"","overlay-gradient":""}},"ast-content-background-meta":{"desktop":{"background-color":"var(--ast-global-color-4)","background-image":"","background-repeat":"repeat","background-position":"center center","background-size":"auto","background-attachment":"scroll","background-type":"","background-media":"","overlay-type":"","overlay-color":"","overlay-opacity":"","overlay-gradient":""},"tablet":{"background-color":"var(--ast-global-color-4)","background-image":"","background-repeat":"repeat","background-position":"center center","background-size":"auto","background-attachment":"scroll","background-type":"","background-media":"","overlay-type":"","overlay-color":"","overlay-opacity":"","overlay-gradient":""},"mobile":{"background-color":"var(--ast-global-color-4)","background-image":"","background-repeat":"repeat","background-position":"center center","background-size":"auto","background-attachment":"scroll","background-type":"","background-media":"","overlay-type":"","overlay-color":"","overlay-opacity":"","overlay-gradient":""}},"footnotes":""},"class_list":["post-1466","page","type-page","status-publish","hentry"],"yoast_head":"<!-- This site is optimized with the Yoast SEO plugin v27.5 - https:\/\/yoast.com\/product\/yoast-seo-wordpress\/ -->\n<title>ECONOMIE - URUGUAY - Abc-latina<\/title>\n<meta name=\"description\" content=\"L&#039;\u00e9conomie uruguayenne. Donn\u00e9es de l&#039;\u00e9conomie de l&#039;Uruguay.\" \/>\n<meta name=\"robots\" content=\"index, follow, max-snippet:-1, max-image-preview:large, max-video-preview:-1\" \/>\n<link rel=\"canonical\" href=\"https:\/\/abc-latina.com\/uruguay\/economie\/\" \/>\n<meta property=\"og:locale\" content=\"fr_FR\" \/>\n<meta property=\"og:type\" content=\"article\" \/>\n<meta property=\"og:title\" content=\"ECONOMIE - URUGUAY - Abc-latina\" \/>\n<meta property=\"og:description\" content=\"L&#039;\u00e9conomie uruguayenne. Donn\u00e9es de l&#039;\u00e9conomie de l&#039;Uruguay.\" \/>\n<meta property=\"og:url\" content=\"https:\/\/abc-latina.com\/uruguay\/economie\/\" \/>\n<meta property=\"og:site_name\" content=\"Abc-latina\" \/>\n<meta property=\"article:modified_time\" content=\"2026-04-30T16:25:32+00:00\" \/>\n<meta name=\"twitter:card\" content=\"summary_large_image\" \/>\n<meta name=\"twitter:label1\" content=\"Dur\u00e9e de lecture estim\u00e9e\" \/>\n\t<meta name=\"twitter:data1\" content=\"2 minutes\" \/>\n<script type=\"application\/ld+json\" class=\"yoast-schema-graph\">{\"@context\":\"https:\\\/\\\/schema.org\",\"@graph\":[{\"@type\":\"WebPage\",\"@id\":\"https:\\\/\\\/abc-latina.com\\\/uruguay\\\/economie\\\/\",\"url\":\"https:\\\/\\\/abc-latina.com\\\/uruguay\\\/economie\\\/\",\"name\":\"ECONOMIE - URUGUAY - Abc-latina\",\"isPartOf\":{\"@id\":\"https:\\\/\\\/abc-latina.com\\\/#website\"},\"datePublished\":\"2010-07-19T15:57:20+00:00\",\"dateModified\":\"2026-04-30T16:25:32+00:00\",\"description\":\"L'\u00e9conomie uruguayenne. Donn\u00e9es de l'\u00e9conomie de l'Uruguay.\",\"breadcrumb\":{\"@id\":\"https:\\\/\\\/abc-latina.com\\\/uruguay\\\/economie\\\/#breadcrumb\"},\"inLanguage\":\"fr-FR\",\"potentialAction\":[{\"@type\":\"ReadAction\",\"target\":[\"https:\\\/\\\/abc-latina.com\\\/uruguay\\\/economie\\\/\"]}]},{\"@type\":\"BreadcrumbList\",\"@id\":\"https:\\\/\\\/abc-latina.com\\\/uruguay\\\/economie\\\/#breadcrumb\",\"itemListElement\":[{\"@type\":\"ListItem\",\"position\":1,\"name\":\"Accueil\",\"item\":\"https:\\\/\\\/abc-latina.com\\\/\"},{\"@type\":\"ListItem\",\"position\":2,\"name\":\"ECONOMIE &#8211; URUGUAY\"}]},{\"@type\":\"WebSite\",\"@id\":\"https:\\\/\\\/abc-latina.com\\\/#website\",\"url\":\"https:\\\/\\\/abc-latina.com\\\/\",\"name\":\"Abc-latina\",\"description\":\"\",\"publisher\":{\"@id\":\"https:\\\/\\\/abc-latina.com\\\/#organization\"},\"potentialAction\":[{\"@type\":\"SearchAction\",\"target\":{\"@type\":\"EntryPoint\",\"urlTemplate\":\"https:\\\/\\\/abc-latina.com\\\/?s={search_term_string}\"},\"query-input\":{\"@type\":\"PropertyValueSpecification\",\"valueRequired\":true,\"valueName\":\"search_term_string\"}}],\"inLanguage\":\"fr-FR\"},{\"@type\":\"Organization\",\"@id\":\"https:\\\/\\\/abc-latina.com\\\/#organization\",\"name\":\"Abc-latina\",\"url\":\"https:\\\/\\\/abc-latina.com\\\/\",\"logo\":{\"@type\":\"ImageObject\",\"inLanguage\":\"fr-FR\",\"@id\":\"https:\\\/\\\/abc-latina.com\\\/#\\\/schema\\\/logo\\\/image\\\/\",\"url\":\"https:\\\/\\\/abc-latina.com\\\/wp-content\\\/uploads\\\/2026\\\/05\\\/cropped-logo.gif\",\"contentUrl\":\"https:\\\/\\\/abc-latina.com\\\/wp-content\\\/uploads\\\/2026\\\/05\\\/cropped-logo.gif\",\"width\":89,\"height\":84,\"caption\":\"Abc-latina\"},\"image\":{\"@id\":\"https:\\\/\\\/abc-latina.com\\\/#\\\/schema\\\/logo\\\/image\\\/\"}}]}<\/script>\n<!-- \/ Yoast SEO plugin. -->","yoast_head_json":{"title":"ECONOMIE - URUGUAY - Abc-latina","description":"L'\u00e9conomie uruguayenne. Donn\u00e9es de l'\u00e9conomie de l'Uruguay.","robots":{"index":"index","follow":"follow","max-snippet":"max-snippet:-1","max-image-preview":"max-image-preview:large","max-video-preview":"max-video-preview:-1"},"canonical":"https:\/\/abc-latina.com\/uruguay\/economie\/","og_locale":"fr_FR","og_type":"article","og_title":"ECONOMIE - URUGUAY - Abc-latina","og_description":"L'\u00e9conomie uruguayenne. Donn\u00e9es de l'\u00e9conomie de l'Uruguay.","og_url":"https:\/\/abc-latina.com\/uruguay\/economie\/","og_site_name":"Abc-latina","article_modified_time":"2026-04-30T16:25:32+00:00","twitter_card":"summary_large_image","twitter_misc":{"Dur\u00e9e de lecture estim\u00e9e":"2 minutes"},"schema":{"@context":"https:\/\/schema.org","@graph":[{"@type":"WebPage","@id":"https:\/\/abc-latina.com\/uruguay\/economie\/","url":"https:\/\/abc-latina.com\/uruguay\/economie\/","name":"ECONOMIE - URUGUAY - Abc-latina","isPartOf":{"@id":"https:\/\/abc-latina.com\/#website"},"datePublished":"2010-07-19T15:57:20+00:00","dateModified":"2026-04-30T16:25:32+00:00","description":"L'\u00e9conomie uruguayenne. Donn\u00e9es de l'\u00e9conomie de l'Uruguay.","breadcrumb":{"@id":"https:\/\/abc-latina.com\/uruguay\/economie\/#breadcrumb"},"inLanguage":"fr-FR","potentialAction":[{"@type":"ReadAction","target":["https:\/\/abc-latina.com\/uruguay\/economie\/"]}]},{"@type":"BreadcrumbList","@id":"https:\/\/abc-latina.com\/uruguay\/economie\/#breadcrumb","itemListElement":[{"@type":"ListItem","position":1,"name":"Accueil","item":"https:\/\/abc-latina.com\/"},{"@type":"ListItem","position":2,"name":"ECONOMIE &#8211; URUGUAY"}]},{"@type":"WebSite","@id":"https:\/\/abc-latina.com\/#website","url":"https:\/\/abc-latina.com\/","name":"Abc-latina","description":"","publisher":{"@id":"https:\/\/abc-latina.com\/#organization"},"potentialAction":[{"@type":"SearchAction","target":{"@type":"EntryPoint","urlTemplate":"https:\/\/abc-latina.com\/?s={search_term_string}"},"query-input":{"@type":"PropertyValueSpecification","valueRequired":true,"valueName":"search_term_string"}}],"inLanguage":"fr-FR"},{"@type":"Organization","@id":"https:\/\/abc-latina.com\/#organization","name":"Abc-latina","url":"https:\/\/abc-latina.com\/","logo":{"@type":"ImageObject","inLanguage":"fr-FR","@id":"https:\/\/abc-latina.com\/#\/schema\/logo\/image\/","url":"https:\/\/abc-latina.com\/wp-content\/uploads\/2026\/05\/cropped-logo.gif","contentUrl":"https:\/\/abc-latina.com\/wp-content\/uploads\/2026\/05\/cropped-logo.gif","width":89,"height":84,"caption":"Abc-latina"},"image":{"@id":"https:\/\/abc-latina.com\/#\/schema\/logo\/image\/"}}]}},"_links":{"self":[{"href":"https:\/\/abc-latina.com\/wp-json\/wp\/v2\/pages\/1466","targetHints":{"allow":["GET"]}}],"collection":[{"href":"https:\/\/abc-latina.com\/wp-json\/wp\/v2\/pages"}],"about":[{"href":"https:\/\/abc-latina.com\/wp-json\/wp\/v2\/types\/page"}],"author":[{"embeddable":true,"href":"https:\/\/abc-latina.com\/wp-json\/wp\/v2\/users\/3"}],"replies":[{"embeddable":true,"href":"https:\/\/abc-latina.com\/wp-json\/wp\/v2\/comments?post=1466"}],"version-history":[{"count":1,"href":"https:\/\/abc-latina.com\/wp-json\/wp\/v2\/pages\/1466\/revisions"}],"predecessor-version":[{"id":4088,"href":"https:\/\/abc-latina.com\/wp-json\/wp\/v2\/pages\/1466\/revisions\/4088"}],"up":[{"embeddable":true,"href":"https:\/\/abc-latina.com\/wp-json\/wp\/v2\/pages\/2319"}],"wp:attachment":[{"href":"https:\/\/abc-latina.com\/wp-json\/wp\/v2\/media?parent=1466"}],"curies":[{"name":"wp","href":"https:\/\/api.w.org\/{rel}","templated":true}]}}