{"id":1467,"date":"2010-07-19T17:59:09","date_gmt":"2010-07-19T15:59:09","guid":{"rendered":"http:\/\/abc-latina.com\/geo-htm-16\/"},"modified":"2026-04-30T18:25:32","modified_gmt":"2026-04-30T16:25:32","slug":"geo","status":"publish","type":"page","link":"https:\/\/abc-latina.com\/uruguay\/geo\/","title":{"rendered":"GEOGRAPHIE &#8211; URUGUAY"},"content":{"rendered":"<div><img loading=\"lazy\" decoding=\"async\" class=\" alignright size-full wp-image-1106\" src=\"http:\/\/abc-latina.com\/wp-content\/uploads\/2010\/06\/america_uruguay.png\" style=\"margin: 9px; float: right;\" title=\"GEOGRAPHIE DE L'URUGUAY\" alt=\"\" width=\"118\" height=\"122\" \/>L&rsquo;<span class=\"tourisme-chapitre\">Uruguay<\/span> est un des plus petits pays de l&rsquo;Am\u00e9rique du Sud. Il se situe \u00e0 la limite du Br\u00e9sil au Nord, de l&rsquo;Oc\u00e9an Atlantique \u00e0 l&rsquo;Ouest et est s\u00e9par\u00e9 de l&rsquo;Argentine au Sud par le fleuve Uruguay qui d\u00e9bouche dans l&rsquo;estuaire de la Plata. Le paysage est form\u00e9 essentiellement de collines et de pr\u00e9s arros\u00e9s de rivi\u00e8res et de fleuves.<\/div>\n<div>L&rsquo;Uruguay a un littoral de plages avec des dunes et des promontoires tout le long de la c\u00f4te. La majeure partie de la terre est destin\u00e9e \u00e0 l&rsquo;\u00e9levage d&rsquo;ovins et de bovins.<\/div>\n<div>Montevideo, point le plus haut au Sud du pays englobe plus de la moiti\u00e9 de la population. Bien que presque 90% des terres soient aptes \u00e0 la culture, seulement 12% sont cultiv\u00e9es.<\/div>\n<div>L&rsquo;Uruguay est connu comme la &quot;R\u00e9publique Orientale&quot; car elle est situ\u00e9e sur les bords du Rio de la Plata.<\/div>\n<div>&nbsp;<\/div>\n<div><span class=\"geo-info\">Population et Peuplement&nbsp;<\/span><\/div>\n<div>Les trois millions d&rsquo;Uruguayens sont essentiellement Blancs, la plupart d&rsquo;entre eux descendant des immigrants, italiens, allemands et russes. Les Indiens ont \u00e9t\u00e9 presque totalement \u00e9limin\u00e9s au cours des si\u00e8cles, et l&rsquo;on compte tr\u00e8s peu de Noirs et de m\u00e9tis. Plus de la moiti\u00e9 de la population vit \u00e0 Montevideo, le reste \u00e9tant concentr\u00e9 le long du Rio de la Plata dans les d\u00e9partements de Colonia, San Jos\u00e9 et Maldonado, et le long de l&rsquo;Uruguay, dans les districts de Soriano, Salto et Paysandu.<\/div>\n<div>L&rsquo;espagnol est la langue officielle, mais les gens qui vivent \u00e0 proximit\u00e9 de la fronti\u00e8re br\u00e9silienne utilisent un grand nombre de mots portugais.<\/div>\n<div>&nbsp;<\/div>\n<div><span class=\"geo-info\">Infos g\u00e9n\u00e9rales<\/span><\/div>\n<div><span class=\"geo-info2\">Capitale:<\/span> Montevideo&nbsp;<\/div>\n<div><span class=\"geo-info2\">Superficie:<\/span> 176 215 km&sup2;<\/div>\n<div>3 fois plus petit que la France<\/div>\n<div>56 fois plus petit que le Canada<\/div>\n<div>mais 4 fois la Suisse<\/div>\n<div>et 6 fois la Belgique&nbsp;<\/div>\n<div><span class=\"geo-info2\">Population:<\/span> 3,3 millions&nbsp;<\/div>\n<div>Urbaine \u00e0 90 %<\/div>\n<div>Rurale \u00e0 10 %<\/div>\n<div>Densit\u00e9 18,1 hab\/km&sup2;&nbsp;<\/div>\n<div>provinces<\/div>\n<div>Indice de f\u00e9condit\u00e9: 2,4 enfants\/femme<\/div>\n<div>Esp\u00e9rance de vie: 78 \/ 70 ans<\/div>\n<div>Taux d&rsquo;alphab\u00e9tisation: 97 %<\/div>\n<div><span class=\"geo-info2\">Langue:<\/span> Espagnol<\/div>\n<div><a href=\"https:\/\/www.abc-latina.com\/uruguay\/div\/hymne\">Hymne et drapeau<\/a><\/div>\n","protected":false},"excerpt":{"rendered":"<p>L&rsquo;Uruguay est un des plus petits pays de l&rsquo;Am\u00e9rique du Sud. Il se situe \u00e0 la limite du Br\u00e9sil au [&hellip;]<\/p>\n","protected":false},"author":3,"featured_media":1106,"parent":2319,"menu_order":0,"comment_status":"closed","ping_status":"closed","template":"","meta":{"site-sidebar-layout":"default","site-content-layout":"","ast-site-content-layout":"default","site-content-style":"default","site-sidebar-style":"default","ast-global-header-display":"","ast-banner-title-visibility":"","ast-main-header-display":"","ast-hfb-above-header-display":"","ast-hfb-below-header-display":"","ast-hfb-mobile-header-display":"","site-post-title":"","ast-breadcrumbs-content":"","ast-featured-img":"","footer-sml-layout":"","ast-disable-related-posts":"","theme-transparent-header-meta":"","adv-header-id-meta":"","stick-header-meta":"","header-above-stick-meta":"","header-main-stick-meta":"","header-below-stick-meta":"","astra-migrate-meta-layouts":"default","ast-page-background-enabled":"default","ast-page-background-meta":{"desktop":{"background-color":"var(--ast-global-color-5)","background-image":"","background-repeat":"repeat","background-position":"center center","background-size":"auto","background-attachment":"scroll","background-type":"","background-media":"","overlay-type":"","overlay-color":"","overlay-opacity":"","overlay-gradient":""},"tablet":{"background-color":"","background-image":"","background-repeat":"repeat","background-position":"center center","background-size":"auto","background-attachment":"scroll","background-type":"","background-media":"","overlay-type":"","overlay-color":"","overlay-opacity":"","overlay-gradient":""},"mobile":{"background-color":"","background-image":"","background-repeat":"repeat","background-position":"center center","background-size":"auto","background-attachment":"scroll","background-type":"","background-media":"","overlay-type":"","overlay-color":"","overlay-opacity":"","overlay-gradient":""}},"ast-content-background-meta":{"desktop":{"background-color":"var(--ast-global-color-4)","background-image":"","background-repeat":"repeat","background-position":"center center","background-size":"auto","background-attachment":"scroll","background-type":"","background-media":"","overlay-type":"","overlay-color":"","overlay-opacity":"","overlay-gradient":""},"tablet":{"background-color":"var(--ast-global-color-4)","background-image":"","background-repeat":"repeat","background-position":"center center","background-size":"auto","background-attachment":"scroll","background-type":"","background-media":"","overlay-type":"","overlay-color":"","overlay-opacity":"","overlay-gradient":""},"mobile":{"background-color":"var(--ast-global-color-4)","background-image":"","background-repeat":"repeat","background-position":"center center","background-size":"auto","background-attachment":"scroll","background-type":"","background-media":"","overlay-type":"","overlay-color":"","overlay-opacity":"","overlay-gradient":""}},"footnotes":""},"class_list":["post-1467","page","type-page","status-publish","has-post-thumbnail","hentry"],"yoast_head":"<!-- This site is optimized with the Yoast SEO plugin v27.5 - https:\/\/yoast.com\/product\/yoast-seo-wordpress\/ -->\n<title>GEOGRAPHIE - URUGUAY - Abc-latina<\/title>\n<meta name=\"description\" content=\"La g\u00e9ographie de l&#039;Uruguay.\" \/>\n<meta name=\"robots\" content=\"index, follow, max-snippet:-1, max-image-preview:large, max-video-preview:-1\" \/>\n<link rel=\"canonical\" href=\"https:\/\/abc-latina.com\/uruguay\/geo\/\" \/>\n<meta property=\"og:locale\" content=\"fr_FR\" \/>\n<meta property=\"og:type\" content=\"article\" \/>\n<meta property=\"og:title\" content=\"GEOGRAPHIE - URUGUAY - Abc-latina\" \/>\n<meta property=\"og:description\" content=\"La g\u00e9ographie de l&#039;Uruguay.\" \/>\n<meta property=\"og:url\" content=\"https:\/\/abc-latina.com\/uruguay\/geo\/\" \/>\n<meta property=\"og:site_name\" content=\"Abc-latina\" \/>\n<meta property=\"article:modified_time\" content=\"2026-04-30T16:25:32+00:00\" \/>\n<meta property=\"og:image\" content=\"https:\/\/abc-latina.com\/wp-content\/uploads\/2010\/06\/america_uruguay.png\" \/>\n\t<meta property=\"og:image:width\" content=\"118\" \/>\n\t<meta property=\"og:image:height\" content=\"122\" \/>\n\t<meta property=\"og:image:type\" content=\"image\/png\" \/>\n<meta name=\"twitter:card\" content=\"summary_large_image\" \/>\n<meta name=\"twitter:label1\" content=\"Dur\u00e9e de lecture estim\u00e9e\" \/>\n\t<meta name=\"twitter:data1\" content=\"2 minutes\" \/>\n<script type=\"application\/ld+json\" class=\"yoast-schema-graph\">{\"@context\":\"https:\\\/\\\/schema.org\",\"@graph\":[{\"@type\":\"WebPage\",\"@id\":\"https:\\\/\\\/abc-latina.com\\\/uruguay\\\/geo\\\/\",\"url\":\"https:\\\/\\\/abc-latina.com\\\/uruguay\\\/geo\\\/\",\"name\":\"GEOGRAPHIE - URUGUAY - Abc-latina\",\"isPartOf\":{\"@id\":\"https:\\\/\\\/abc-latina.com\\\/#website\"},\"primaryImageOfPage\":{\"@id\":\"https:\\\/\\\/abc-latina.com\\\/uruguay\\\/geo\\\/#primaryimage\"},\"image\":{\"@id\":\"https:\\\/\\\/abc-latina.com\\\/uruguay\\\/geo\\\/#primaryimage\"},\"thumbnailUrl\":\"https:\\\/\\\/abc-latina.com\\\/wp-content\\\/uploads\\\/2010\\\/06\\\/america_uruguay.png\",\"datePublished\":\"2010-07-19T15:59:09+00:00\",\"dateModified\":\"2026-04-30T16:25:32+00:00\",\"description\":\"La g\u00e9ographie de l'Uruguay.\",\"breadcrumb\":{\"@id\":\"https:\\\/\\\/abc-latina.com\\\/uruguay\\\/geo\\\/#breadcrumb\"},\"inLanguage\":\"fr-FR\",\"potentialAction\":[{\"@type\":\"ReadAction\",\"target\":[\"https:\\\/\\\/abc-latina.com\\\/uruguay\\\/geo\\\/\"]}]},{\"@type\":\"ImageObject\",\"inLanguage\":\"fr-FR\",\"@id\":\"https:\\\/\\\/abc-latina.com\\\/uruguay\\\/geo\\\/#primaryimage\",\"url\":\"https:\\\/\\\/abc-latina.com\\\/wp-content\\\/uploads\\\/2010\\\/06\\\/america_uruguay.png\",\"contentUrl\":\"https:\\\/\\\/abc-latina.com\\\/wp-content\\\/uploads\\\/2010\\\/06\\\/america_uruguay.png\",\"width\":118,\"height\":122},{\"@type\":\"BreadcrumbList\",\"@id\":\"https:\\\/\\\/abc-latina.com\\\/uruguay\\\/geo\\\/#breadcrumb\",\"itemListElement\":[{\"@type\":\"ListItem\",\"position\":1,\"name\":\"Accueil\",\"item\":\"https:\\\/\\\/abc-latina.com\\\/\"},{\"@type\":\"ListItem\",\"position\":2,\"name\":\"GEOGRAPHIE &#8211; URUGUAY\"}]},{\"@type\":\"WebSite\",\"@id\":\"https:\\\/\\\/abc-latina.com\\\/#website\",\"url\":\"https:\\\/\\\/abc-latina.com\\\/\",\"name\":\"Abc-latina\",\"description\":\"\",\"publisher\":{\"@id\":\"https:\\\/\\\/abc-latina.com\\\/#organization\"},\"potentialAction\":[{\"@type\":\"SearchAction\",\"target\":{\"@type\":\"EntryPoint\",\"urlTemplate\":\"https:\\\/\\\/abc-latina.com\\\/?s={search_term_string}\"},\"query-input\":{\"@type\":\"PropertyValueSpecification\",\"valueRequired\":true,\"valueName\":\"search_term_string\"}}],\"inLanguage\":\"fr-FR\"},{\"@type\":\"Organization\",\"@id\":\"https:\\\/\\\/abc-latina.com\\\/#organization\",\"name\":\"Abc-latina\",\"url\":\"https:\\\/\\\/abc-latina.com\\\/\",\"logo\":{\"@type\":\"ImageObject\",\"inLanguage\":\"fr-FR\",\"@id\":\"https:\\\/\\\/abc-latina.com\\\/#\\\/schema\\\/logo\\\/image\\\/\",\"url\":\"https:\\\/\\\/abc-latina.com\\\/wp-content\\\/uploads\\\/2026\\\/05\\\/cropped-logo.gif\",\"contentUrl\":\"https:\\\/\\\/abc-latina.com\\\/wp-content\\\/uploads\\\/2026\\\/05\\\/cropped-logo.gif\",\"width\":89,\"height\":84,\"caption\":\"Abc-latina\"},\"image\":{\"@id\":\"https:\\\/\\\/abc-latina.com\\\/#\\\/schema\\\/logo\\\/image\\\/\"}}]}<\/script>\n<!-- \/ Yoast SEO plugin. -->","yoast_head_json":{"title":"GEOGRAPHIE - URUGUAY - Abc-latina","description":"La g\u00e9ographie de l'Uruguay.","robots":{"index":"index","follow":"follow","max-snippet":"max-snippet:-1","max-image-preview":"max-image-preview:large","max-video-preview":"max-video-preview:-1"},"canonical":"https:\/\/abc-latina.com\/uruguay\/geo\/","og_locale":"fr_FR","og_type":"article","og_title":"GEOGRAPHIE - URUGUAY - Abc-latina","og_description":"La g\u00e9ographie de l'Uruguay.","og_url":"https:\/\/abc-latina.com\/uruguay\/geo\/","og_site_name":"Abc-latina","article_modified_time":"2026-04-30T16:25:32+00:00","og_image":[{"width":118,"height":122,"url":"https:\/\/abc-latina.com\/wp-content\/uploads\/2010\/06\/america_uruguay.png","type":"image\/png"}],"twitter_card":"summary_large_image","twitter_misc":{"Dur\u00e9e de lecture estim\u00e9e":"2 minutes"},"schema":{"@context":"https:\/\/schema.org","@graph":[{"@type":"WebPage","@id":"https:\/\/abc-latina.com\/uruguay\/geo\/","url":"https:\/\/abc-latina.com\/uruguay\/geo\/","name":"GEOGRAPHIE - URUGUAY - Abc-latina","isPartOf":{"@id":"https:\/\/abc-latina.com\/#website"},"primaryImageOfPage":{"@id":"https:\/\/abc-latina.com\/uruguay\/geo\/#primaryimage"},"image":{"@id":"https:\/\/abc-latina.com\/uruguay\/geo\/#primaryimage"},"thumbnailUrl":"https:\/\/abc-latina.com\/wp-content\/uploads\/2010\/06\/america_uruguay.png","datePublished":"2010-07-19T15:59:09+00:00","dateModified":"2026-04-30T16:25:32+00:00","description":"La g\u00e9ographie de l'Uruguay.","breadcrumb":{"@id":"https:\/\/abc-latina.com\/uruguay\/geo\/#breadcrumb"},"inLanguage":"fr-FR","potentialAction":[{"@type":"ReadAction","target":["https:\/\/abc-latina.com\/uruguay\/geo\/"]}]},{"@type":"ImageObject","inLanguage":"fr-FR","@id":"https:\/\/abc-latina.com\/uruguay\/geo\/#primaryimage","url":"https:\/\/abc-latina.com\/wp-content\/uploads\/2010\/06\/america_uruguay.png","contentUrl":"https:\/\/abc-latina.com\/wp-content\/uploads\/2010\/06\/america_uruguay.png","width":118,"height":122},{"@type":"BreadcrumbList","@id":"https:\/\/abc-latina.com\/uruguay\/geo\/#breadcrumb","itemListElement":[{"@type":"ListItem","position":1,"name":"Accueil","item":"https:\/\/abc-latina.com\/"},{"@type":"ListItem","position":2,"name":"GEOGRAPHIE &#8211; URUGUAY"}]},{"@type":"WebSite","@id":"https:\/\/abc-latina.com\/#website","url":"https:\/\/abc-latina.com\/","name":"Abc-latina","description":"","publisher":{"@id":"https:\/\/abc-latina.com\/#organization"},"potentialAction":[{"@type":"SearchAction","target":{"@type":"EntryPoint","urlTemplate":"https:\/\/abc-latina.com\/?s={search_term_string}"},"query-input":{"@type":"PropertyValueSpecification","valueRequired":true,"valueName":"search_term_string"}}],"inLanguage":"fr-FR"},{"@type":"Organization","@id":"https:\/\/abc-latina.com\/#organization","name":"Abc-latina","url":"https:\/\/abc-latina.com\/","logo":{"@type":"ImageObject","inLanguage":"fr-FR","@id":"https:\/\/abc-latina.com\/#\/schema\/logo\/image\/","url":"https:\/\/abc-latina.com\/wp-content\/uploads\/2026\/05\/cropped-logo.gif","contentUrl":"https:\/\/abc-latina.com\/wp-content\/uploads\/2026\/05\/cropped-logo.gif","width":89,"height":84,"caption":"Abc-latina"},"image":{"@id":"https:\/\/abc-latina.com\/#\/schema\/logo\/image\/"}}]}},"_links":{"self":[{"href":"https:\/\/abc-latina.com\/wp-json\/wp\/v2\/pages\/1467","targetHints":{"allow":["GET"]}}],"collection":[{"href":"https:\/\/abc-latina.com\/wp-json\/wp\/v2\/pages"}],"about":[{"href":"https:\/\/abc-latina.com\/wp-json\/wp\/v2\/types\/page"}],"author":[{"embeddable":true,"href":"https:\/\/abc-latina.com\/wp-json\/wp\/v2\/users\/3"}],"replies":[{"embeddable":true,"href":"https:\/\/abc-latina.com\/wp-json\/wp\/v2\/comments?post=1467"}],"version-history":[{"count":1,"href":"https:\/\/abc-latina.com\/wp-json\/wp\/v2\/pages\/1467\/revisions"}],"predecessor-version":[{"id":4089,"href":"https:\/\/abc-latina.com\/wp-json\/wp\/v2\/pages\/1467\/revisions\/4089"}],"up":[{"embeddable":true,"href":"https:\/\/abc-latina.com\/wp-json\/wp\/v2\/pages\/2319"}],"wp:featuredmedia":[{"embeddable":true,"href":"https:\/\/abc-latina.com\/wp-json\/wp\/v2\/media\/1106"}],"wp:attachment":[{"href":"https:\/\/abc-latina.com\/wp-json\/wp\/v2\/media?parent=1467"}],"curies":[{"name":"wp","href":"https:\/\/api.w.org\/{rel}","templated":true}]}}