{"id":1468,"date":"2010-07-19T18:01:01","date_gmt":"2010-07-19T16:01:01","guid":{"rendered":"http:\/\/abc-latina.com\/histoire-htm-17\/"},"modified":"2026-04-30T18:25:32","modified_gmt":"2026-04-30T16:25:32","slug":"histoire","status":"publish","type":"page","link":"https:\/\/abc-latina.com\/uruguay\/histoire\/","title":{"rendered":"HISTOIRE &#8211; URUGUAY"},"content":{"rendered":"<div><span class=\"histoire-date\">L&rsquo;arriv\u00e9e des Europ\u00e9ens<\/span><\/div>\n<div>Les Charruas \u00e9taient les seuls habitants de la r\u00e9gion \u00e0 l&rsquo;arriv\u00e9e des Europ\u00e9ens. Il s&rsquo;agit d&rsquo;une petite tribu repouss\u00e9e par les guaran\u00eds. Les Espagnols d\u00e9couvrirent cette zone en 1516, mais l&rsquo;absence d&rsquo;or et d&rsquo;argent, combin\u00e9e \u00e0 la forte r\u00e9sistance des Charruas dissuada les Europ\u00e9ens de s&rsquo;y installer durant le XVIe et le XVIIe si\u00e8cle. Les Espagnols introduisirent le b\u00e9tail en Uruguay et d\u00e9velopp\u00e8rent ainsi l&rsquo;\u00e9conomie de la r\u00e9gion.<\/div>\n<div>&nbsp;<\/div>\n<div><span class=\"histoire-date\">Le XVIII et XIXe si\u00e8cle<\/span><\/div>\n<div>Plus, tard, les Espagnols augment\u00e8rent leur pr\u00e9sence pour limiter l&rsquo;expansion des Portugais install\u00e9s au Br\u00e9sil. Ainsi, les Espagnols fond\u00e8rent Montevideo au XVIIIe si\u00e8cle pour y placer leur arm\u00e9e. Le port naturel de Montevideo finit par concurencer le commerce de Buenos Aires. Le d\u00e9but du XIXe si\u00e8cle fut marqu\u00e9 par des luttes entre les Britanniques, Portugais et Espagnols pour la domination d&rsquo;une zone s&rsquo;\u00e9tendant sur l&rsquo;Uruguay et une partie de l&rsquo;Argentine et du Br\u00e9sil.<\/div>\n<div>Jos\u00e9 Gervasio Artigas lan\u00e7a une r\u00e9volte contre les Espagnols. Ce soul\u00e8vement permit de chasser les Espagnols et Artigas devint un h\u00e9ros pour l&rsquo;Uruguay. Le Portugal annexa en 1821 le territoire qui deviendra l&rsquo;actuel Uruguay en l&rsquo;int\u00e9grant dans le Br\u00e9sil. Des r\u00e9voltes sans succ\u00e8s \u00e9clat\u00e8rent en 1821 et 1823. Le 25 ao\u00fbt 1825, la province d&rsquo;Uruguay d\u00e9clara son ind\u00e9pendance du Br\u00e9sil, mais voulait n\u00e9anmoins rejoindre l&rsquo;Argentine en formant une f\u00e9deration r\u00e9gionale. Cette union entre l&rsquo;Argentine et l&rsquo;Uruguay permit de vaincre le Br\u00e9sil \u00e0 l&rsquo;issue de trois ann\u00e9es de guerre.<\/div>\n<div>Le trait\u00e9 de Montivideo, qui fut sign\u00e9 en 1828 et approuv\u00e9 par le Royaume Uni, donna naissance \u00e0 l&rsquo;Uruguay en tant que pays ind\u00e9pendant et souverain. La premi\u00e8re constitution fut adopt\u00e9e le 18 juillet 1830. Durant les 70 ann\u00e9es suivantes, l&rsquo;Uruguay connaitra de nombreux conflits avec les pays voisins. Au m\u00eame moment, beaucoup d&rsquo;immigrants, surtout des Europ\u00e9ens viendront s&rsquo;installer en Uruguay.<\/div>\n<div>&nbsp;<\/div>\n<div><span class=\"histoire-date\">Le XXe si\u00e8cle et le d\u00e9but du XXIe<\/span><\/div>\n<div>Jos\u00e9 Batlle Ordo\u00f1ez, pr\u00e9sident entre 1903 et 1907, puis entre 1911 et 1915, \u00e9tablit les bases de l&rsquo;organisation politique actuelle, gr\u00e2ce aux nombreuses r\u00e9formes politiques, sociales et \u00e9conomiques qu&rsquo;il mit en \u0153uvre. Les pr\u00e9sidents qui lui succ\u00e9d\u00e8rent continu\u00e8rent certaines de ces r\u00e9formes.<\/div>\n<div>Le pays traversa de graves probl\u00e8mes \u00e9conomiques, sociaux et politiques \u00e0 partir de 1966 qui men\u00e8rent \u00e0 l&rsquo;insertion d&rsquo;amendements dans la Constitution qui sera adopt\u00e9e en 1967. En 1973, la situation avait empir\u00e9 par rapport \u00e0 1966: les militaires d\u00e9cid\u00e8rent de fermer le Congr\u00e8s et de s&#8217;emparer du pouvoir. Ils r\u00e9dig\u00e8rent une nouvelle Constitution, mais les citoyens la rejet\u00e8rent lors du referendum organis\u00e9 en novembre 1980.<\/div>\n<div>Apr\u00e8s cet \u00e9chec, les militaires annonc\u00e8rent un programme pour rendre le pouvoir aux autorit\u00e9s civiles. Des \u00e9lections furent organis\u00e9es en 1984: Julio Mar\u00eda Sanguinetti, chef de file du Parti colorado, remporta les \u00e9lections et devint pr\u00e9sident entre 1985 et 1990.<\/div>\n<div>En 1989, ce fut Luis Alberto Lacalle du Parti national qui remporta le plus de suffrages. Il occupa la pr\u00e9sidence entre 1990 et 1995. Sous son mandat, l&rsquo;Uruguay entra dans le Mercosur, une alliance \u00e9conomique avec ses pays voisins.<\/div>\n<div>En 1994, Julio Mar\u00eda Sanguinetti sortit \u00e0 nouveau en t\u00eate des \u00e9lections pr\u00e9sidentielles. Son deuxi\u00e8me mandat d\u00e9buta en 1995 et s&rsquo;acheva en mars 2000.<\/div>\n<div>Jorge Batlle devint pr\u00e9sident de l&rsquo;Uruguay le 1er mars 2000 pour un mandat de 5 ans.<\/div>\n<div>&nbsp;<\/div>\n","protected":false},"excerpt":{"rendered":"<p>L&rsquo;arriv\u00e9e des Europ\u00e9ens Les Charruas \u00e9taient les seuls habitants de la r\u00e9gion \u00e0 l&rsquo;arriv\u00e9e des Europ\u00e9ens. Il s&rsquo;agit d&rsquo;une petite [&hellip;]<\/p>\n","protected":false},"author":3,"featured_media":0,"parent":2319,"menu_order":0,"comment_status":"closed","ping_status":"closed","template":"","meta":{"site-sidebar-layout":"default","site-content-layout":"","ast-site-content-layout":"default","site-content-style":"default","site-sidebar-style":"default","ast-global-header-display":"","ast-banner-title-visibility":"","ast-main-header-display":"","ast-hfb-above-header-display":"","ast-hfb-below-header-display":"","ast-hfb-mobile-header-display":"","site-post-title":"","ast-breadcrumbs-content":"","ast-featured-img":"","footer-sml-layout":"","ast-disable-related-posts":"","theme-transparent-header-meta":"","adv-header-id-meta":"","stick-header-meta":"","header-above-stick-meta":"","header-main-stick-meta":"","header-below-stick-meta":"","astra-migrate-meta-layouts":"default","ast-page-background-enabled":"default","ast-page-background-meta":{"desktop":{"background-color":"var(--ast-global-color-5)","background-image":"","background-repeat":"repeat","background-position":"center center","background-size":"auto","background-attachment":"scroll","background-type":"","background-media":"","overlay-type":"","overlay-color":"","overlay-opacity":"","overlay-gradient":""},"tablet":{"background-color":"","background-image":"","background-repeat":"repeat","background-position":"center center","background-size":"auto","background-attachment":"scroll","background-type":"","background-media":"","overlay-type":"","overlay-color":"","overlay-opacity":"","overlay-gradient":""},"mobile":{"background-color":"","background-image":"","background-repeat":"repeat","background-position":"center center","background-size":"auto","background-attachment":"scroll","background-type":"","background-media":"","overlay-type":"","overlay-color":"","overlay-opacity":"","overlay-gradient":""}},"ast-content-background-meta":{"desktop":{"background-color":"var(--ast-global-color-4)","background-image":"","background-repeat":"repeat","background-position":"center center","background-size":"auto","background-attachment":"scroll","background-type":"","background-media":"","overlay-type":"","overlay-color":"","overlay-opacity":"","overlay-gradient":""},"tablet":{"background-color":"var(--ast-global-color-4)","background-image":"","background-repeat":"repeat","background-position":"center center","background-size":"auto","background-attachment":"scroll","background-type":"","background-media":"","overlay-type":"","overlay-color":"","overlay-opacity":"","overlay-gradient":""},"mobile":{"background-color":"var(--ast-global-color-4)","background-image":"","background-repeat":"repeat","background-position":"center center","background-size":"auto","background-attachment":"scroll","background-type":"","background-media":"","overlay-type":"","overlay-color":"","overlay-opacity":"","overlay-gradient":""}},"footnotes":""},"class_list":["post-1468","page","type-page","status-publish","hentry"],"yoast_head":"<!-- This site is optimized with the Yoast SEO plugin v27.5 - https:\/\/yoast.com\/product\/yoast-seo-wordpress\/ -->\n<title>HISTOIRE - URUGUAY - Abc-latina<\/title>\n<meta name=\"description\" content=\"Les principales dates et faits de l&#039;histoire uruguayenne.\" \/>\n<meta name=\"robots\" content=\"index, follow, max-snippet:-1, max-image-preview:large, max-video-preview:-1\" \/>\n<link rel=\"canonical\" href=\"https:\/\/abc-latina.com\/uruguay\/histoire\/\" \/>\n<meta property=\"og:locale\" content=\"fr_FR\" \/>\n<meta property=\"og:type\" content=\"article\" \/>\n<meta property=\"og:title\" content=\"HISTOIRE - URUGUAY - Abc-latina\" \/>\n<meta property=\"og:description\" content=\"Les principales dates et faits de l&#039;histoire uruguayenne.\" \/>\n<meta property=\"og:url\" content=\"https:\/\/abc-latina.com\/uruguay\/histoire\/\" \/>\n<meta property=\"og:site_name\" content=\"Abc-latina\" \/>\n<meta property=\"article:modified_time\" content=\"2026-04-30T16:25:32+00:00\" \/>\n<meta name=\"twitter:card\" content=\"summary_large_image\" \/>\n<meta name=\"twitter:label1\" content=\"Dur\u00e9e de lecture estim\u00e9e\" \/>\n\t<meta name=\"twitter:data1\" content=\"3 minutes\" \/>\n<script type=\"application\/ld+json\" class=\"yoast-schema-graph\">{\"@context\":\"https:\\\/\\\/schema.org\",\"@graph\":[{\"@type\":\"WebPage\",\"@id\":\"https:\\\/\\\/abc-latina.com\\\/uruguay\\\/histoire\\\/\",\"url\":\"https:\\\/\\\/abc-latina.com\\\/uruguay\\\/histoire\\\/\",\"name\":\"HISTOIRE - URUGUAY - Abc-latina\",\"isPartOf\":{\"@id\":\"https:\\\/\\\/abc-latina.com\\\/#website\"},\"datePublished\":\"2010-07-19T16:01:01+00:00\",\"dateModified\":\"2026-04-30T16:25:32+00:00\",\"description\":\"Les principales dates et faits de l'histoire uruguayenne.\",\"breadcrumb\":{\"@id\":\"https:\\\/\\\/abc-latina.com\\\/uruguay\\\/histoire\\\/#breadcrumb\"},\"inLanguage\":\"fr-FR\",\"potentialAction\":[{\"@type\":\"ReadAction\",\"target\":[\"https:\\\/\\\/abc-latina.com\\\/uruguay\\\/histoire\\\/\"]}]},{\"@type\":\"BreadcrumbList\",\"@id\":\"https:\\\/\\\/abc-latina.com\\\/uruguay\\\/histoire\\\/#breadcrumb\",\"itemListElement\":[{\"@type\":\"ListItem\",\"position\":1,\"name\":\"Accueil\",\"item\":\"https:\\\/\\\/abc-latina.com\\\/\"},{\"@type\":\"ListItem\",\"position\":2,\"name\":\"HISTOIRE &#8211; URUGUAY\"}]},{\"@type\":\"WebSite\",\"@id\":\"https:\\\/\\\/abc-latina.com\\\/#website\",\"url\":\"https:\\\/\\\/abc-latina.com\\\/\",\"name\":\"Abc-latina\",\"description\":\"\",\"publisher\":{\"@id\":\"https:\\\/\\\/abc-latina.com\\\/#organization\"},\"potentialAction\":[{\"@type\":\"SearchAction\",\"target\":{\"@type\":\"EntryPoint\",\"urlTemplate\":\"https:\\\/\\\/abc-latina.com\\\/?s={search_term_string}\"},\"query-input\":{\"@type\":\"PropertyValueSpecification\",\"valueRequired\":true,\"valueName\":\"search_term_string\"}}],\"inLanguage\":\"fr-FR\"},{\"@type\":\"Organization\",\"@id\":\"https:\\\/\\\/abc-latina.com\\\/#organization\",\"name\":\"Abc-latina\",\"url\":\"https:\\\/\\\/abc-latina.com\\\/\",\"logo\":{\"@type\":\"ImageObject\",\"inLanguage\":\"fr-FR\",\"@id\":\"https:\\\/\\\/abc-latina.com\\\/#\\\/schema\\\/logo\\\/image\\\/\",\"url\":\"https:\\\/\\\/abc-latina.com\\\/wp-content\\\/uploads\\\/2026\\\/05\\\/cropped-logo.gif\",\"contentUrl\":\"https:\\\/\\\/abc-latina.com\\\/wp-content\\\/uploads\\\/2026\\\/05\\\/cropped-logo.gif\",\"width\":89,\"height\":84,\"caption\":\"Abc-latina\"},\"image\":{\"@id\":\"https:\\\/\\\/abc-latina.com\\\/#\\\/schema\\\/logo\\\/image\\\/\"}}]}<\/script>\n<!-- \/ Yoast SEO plugin. -->","yoast_head_json":{"title":"HISTOIRE - URUGUAY - Abc-latina","description":"Les principales dates et faits de l'histoire uruguayenne.","robots":{"index":"index","follow":"follow","max-snippet":"max-snippet:-1","max-image-preview":"max-image-preview:large","max-video-preview":"max-video-preview:-1"},"canonical":"https:\/\/abc-latina.com\/uruguay\/histoire\/","og_locale":"fr_FR","og_type":"article","og_title":"HISTOIRE - URUGUAY - Abc-latina","og_description":"Les principales dates et faits de l'histoire uruguayenne.","og_url":"https:\/\/abc-latina.com\/uruguay\/histoire\/","og_site_name":"Abc-latina","article_modified_time":"2026-04-30T16:25:32+00:00","twitter_card":"summary_large_image","twitter_misc":{"Dur\u00e9e de lecture estim\u00e9e":"3 minutes"},"schema":{"@context":"https:\/\/schema.org","@graph":[{"@type":"WebPage","@id":"https:\/\/abc-latina.com\/uruguay\/histoire\/","url":"https:\/\/abc-latina.com\/uruguay\/histoire\/","name":"HISTOIRE - URUGUAY - Abc-latina","isPartOf":{"@id":"https:\/\/abc-latina.com\/#website"},"datePublished":"2010-07-19T16:01:01+00:00","dateModified":"2026-04-30T16:25:32+00:00","description":"Les principales dates et faits de l'histoire uruguayenne.","breadcrumb":{"@id":"https:\/\/abc-latina.com\/uruguay\/histoire\/#breadcrumb"},"inLanguage":"fr-FR","potentialAction":[{"@type":"ReadAction","target":["https:\/\/abc-latina.com\/uruguay\/histoire\/"]}]},{"@type":"BreadcrumbList","@id":"https:\/\/abc-latina.com\/uruguay\/histoire\/#breadcrumb","itemListElement":[{"@type":"ListItem","position":1,"name":"Accueil","item":"https:\/\/abc-latina.com\/"},{"@type":"ListItem","position":2,"name":"HISTOIRE &#8211; URUGUAY"}]},{"@type":"WebSite","@id":"https:\/\/abc-latina.com\/#website","url":"https:\/\/abc-latina.com\/","name":"Abc-latina","description":"","publisher":{"@id":"https:\/\/abc-latina.com\/#organization"},"potentialAction":[{"@type":"SearchAction","target":{"@type":"EntryPoint","urlTemplate":"https:\/\/abc-latina.com\/?s={search_term_string}"},"query-input":{"@type":"PropertyValueSpecification","valueRequired":true,"valueName":"search_term_string"}}],"inLanguage":"fr-FR"},{"@type":"Organization","@id":"https:\/\/abc-latina.com\/#organization","name":"Abc-latina","url":"https:\/\/abc-latina.com\/","logo":{"@type":"ImageObject","inLanguage":"fr-FR","@id":"https:\/\/abc-latina.com\/#\/schema\/logo\/image\/","url":"https:\/\/abc-latina.com\/wp-content\/uploads\/2026\/05\/cropped-logo.gif","contentUrl":"https:\/\/abc-latina.com\/wp-content\/uploads\/2026\/05\/cropped-logo.gif","width":89,"height":84,"caption":"Abc-latina"},"image":{"@id":"https:\/\/abc-latina.com\/#\/schema\/logo\/image\/"}}]}},"_links":{"self":[{"href":"https:\/\/abc-latina.com\/wp-json\/wp\/v2\/pages\/1468","targetHints":{"allow":["GET"]}}],"collection":[{"href":"https:\/\/abc-latina.com\/wp-json\/wp\/v2\/pages"}],"about":[{"href":"https:\/\/abc-latina.com\/wp-json\/wp\/v2\/types\/page"}],"author":[{"embeddable":true,"href":"https:\/\/abc-latina.com\/wp-json\/wp\/v2\/users\/3"}],"replies":[{"embeddable":true,"href":"https:\/\/abc-latina.com\/wp-json\/wp\/v2\/comments?post=1468"}],"version-history":[{"count":1,"href":"https:\/\/abc-latina.com\/wp-json\/wp\/v2\/pages\/1468\/revisions"}],"predecessor-version":[{"id":4090,"href":"https:\/\/abc-latina.com\/wp-json\/wp\/v2\/pages\/1468\/revisions\/4090"}],"up":[{"embeddable":true,"href":"https:\/\/abc-latina.com\/wp-json\/wp\/v2\/pages\/2319"}],"wp:attachment":[{"href":"https:\/\/abc-latina.com\/wp-json\/wp\/v2\/media?parent=1468"}],"curies":[{"name":"wp","href":"https:\/\/api.w.org\/{rel}","templated":true}]}}