{"id":1474,"date":"2010-07-19T18:09:32","date_gmt":"2010-07-19T16:09:32","guid":{"rendered":"http:\/\/abc-latina.com\/recits-htm-16\/"},"modified":"2026-04-30T18:25:33","modified_gmt":"2026-04-30T16:25:33","slug":"recits","status":"publish","type":"page","link":"https:\/\/abc-latina.com\/uruguay\/recits\/","title":{"rendered":"RECITS de VOYAGES en URUGUAY"},"content":{"rendered":"<h3>&nbsp;Blogs,&nbsp;carnets de routes, photos et aventures en Uruguay &#8230;<\/h3>\n<div>&nbsp;<\/div>\n<div>&nbsp;<\/div>\n<div><span class=\"tourisme-chapitre\"><img loading=\"lazy\" decoding=\"async\" class=\" alignleft size-full wp-image-127\" src=\"http:\/\/abc-latina.com\/wp-content\/uploads\/2010\/06\/003.jpg\" alt=\"\" width=\"110\" hspace=\"9\" height=\"110\" align=\"left\" \/>Tour du monde avec Estelle et Yann<\/span><\/div>\n<div>Un tour du monde de 14 mois qui a d\u00e9but\u00e9 le 28 juin 2002.<\/div>\n<div>Estelle et Yann sont all\u00e9s \u00e0 la rencontre des peuples du Monde, voyez leur voyage en Uruguay.<\/div>\n<div><a target=\"_blank\" href=\"http:\/\/www.tournonsensemble.com\/uruguay\/uruguay.php\">www.tournonsensemble.com\/<\/a><\/div>\n<div><img loading=\"lazy\" decoding=\"async\" class=\" size-full wp-image-1181\" src=\"http:\/\/abc-latina.com\/wp-content\/uploads\/2010\/06\/ligne1.gif\" alt=\"\" width=\"509\" height=\"14\" \/><\/div>\n<div>&nbsp;<\/div>\n<div><span class=\"tourisme-chapitre\"><img loading=\"lazy\" decoding=\"async\" class=\" alignleft size-full wp-image-128\" src=\"http:\/\/abc-latina.com\/wp-content\/uploads\/2010\/06\/020.jpg\" alt=\"\" width=\"110\" hspace=\"9\" height=\"110\" align=\"left\" \/>Mon ann\u00e9e \u00e0 Maldonado<\/span><\/div>\n<div>M\u00e9lanie a pass\u00e9 1 an (aout 2009 &#8211; aout 2010) dans la ville de Maldonado, dans la famille de Karina et Iv\u00e1n (10 ans).<\/div>\n<div>R\u00e9cits d&rsquo;une lyc\u00e9enne en Uruguay.<\/div>\n<div><a target=\"_blank\" href=\"http:\/\/melanie-en-uruguay.skyrock.com\/\">melanie-en-uruguay.skyrock.com\/<\/a><\/div>\n<div>&nbsp;<\/div>\n<div><img loading=\"lazy\" decoding=\"async\" class=\" size-full wp-image-1181\" src=\"http:\/\/abc-latina.com\/wp-content\/uploads\/2010\/06\/ligne1.gif\" alt=\"\" width=\"509\" height=\"14\" \/><\/div>\n<div><span class=\"tourisme-chapitre\"><img loading=\"lazy\" decoding=\"async\" class=\" alignleft size-full wp-image-1381\" src=\"http:\/\/abc-latina.com\/wp-content\/uploads\/2010\/07\/004.jpg\" alt=\"\" width=\"110\" hspace=\"9\" height=\"110\" align=\"left\" \/>Blog de Pierre<\/span><\/div>\n<div>Il sillonne l&rsquo;Am\u00e9rique du sud en 2011 et pour lui, l&rsquo;Uruguay est une belle d\u00e9couverte !<\/div>\n<div><a target=\"_blank\" href=\"http:\/\/www.enroutes.com\/3720-blog-de-etcetera-uruguay----une-belle-decouvertel\">www.enroutes.com\/<\/a><\/div>\n<div>&nbsp;<\/div>\n<div>&nbsp;<\/div>\n<div><img loading=\"lazy\" decoding=\"async\" class=\" size-full wp-image-1181\" src=\"http:\/\/abc-latina.com\/wp-content\/uploads\/2010\/06\/ligne1.gif\" alt=\"\" width=\"509\" height=\"14\" \/><\/div>\n<div><span class=\"tourisme-chapitre\"><img loading=\"lazy\" decoding=\"async\" class=\" alignleft size-full wp-image-129\" src=\"http:\/\/abc-latina.com\/wp-content\/uploads\/2010\/06\/001.jpg\" alt=\"\" width=\"110\" hspace=\"9\" height=\"110\" align=\"left\" \/>Blog de Yons<\/span><\/div>\n<div>Petit arret thermal a Salto<\/div>\n<div><a target=\"_blank\" href=\"http:\/\/www.enroutes.com\/weblog.php?w=590&amp;pays_id=220\">www.enroutes.com\/<\/a><\/div>\n<div>&nbsp;<\/div>\n<div>&nbsp;<\/div>\n<div>&nbsp;<\/div>\n<div><img loading=\"lazy\" decoding=\"async\" class=\" size-full wp-image-1181\" src=\"http:\/\/abc-latina.com\/wp-content\/uploads\/2010\/06\/ligne1.gif\" alt=\"\" width=\"509\" height=\"14\" \/><\/div>\n<div>&nbsp;<\/div>\n<div><a href=\"http:\/\/voyage.abc-latina.com\/voyage_uruguay\/uruguay.php\" target=\"_blank\"><span class=\"sejour-circuit\"><br \/><\/span><\/a><\/div>\n<div>&nbsp;<\/div>\n<div>&nbsp;<\/div>\n<div><span style=\"color: rgb(255, 128, 0);\">NOTA: abc-latina n&rsquo;est aucunement responsable du contenu des sites externes.<\/span><\/div>\n<div>&nbsp;<\/div>\n<p>Si vous aussi, vous avez quelque chose \u00e0 dire, faites le nous savoir !&nbsp;<\/p>\n","protected":false},"excerpt":{"rendered":"<p>&nbsp;Blogs,&nbsp;carnets de routes, photos et aventures en Uruguay &#8230; &nbsp; &nbsp; Tour du monde avec Estelle et Yann Un tour [&hellip;]<\/p>\n","protected":false},"author":3,"featured_media":127,"parent":2319,"menu_order":0,"comment_status":"closed","ping_status":"closed","template":"","meta":{"site-sidebar-layout":"default","site-content-layout":"","ast-site-content-layout":"default","site-content-style":"default","site-sidebar-style":"default","ast-global-header-display":"","ast-banner-title-visibility":"","ast-main-header-display":"","ast-hfb-above-header-display":"","ast-hfb-below-header-display":"","ast-hfb-mobile-header-display":"","site-post-title":"","ast-breadcrumbs-content":"","ast-featured-img":"","footer-sml-layout":"","ast-disable-related-posts":"","theme-transparent-header-meta":"","adv-header-id-meta":"","stick-header-meta":"","header-above-stick-meta":"","header-main-stick-meta":"","header-below-stick-meta":"","astra-migrate-meta-layouts":"default","ast-page-background-enabled":"default","ast-page-background-meta":{"desktop":{"background-color":"var(--ast-global-color-5)","background-image":"","background-repeat":"repeat","background-position":"center center","background-size":"auto","background-attachment":"scroll","background-type":"","background-media":"","overlay-type":"","overlay-color":"","overlay-opacity":"","overlay-gradient":""},"tablet":{"background-color":"","background-image":"","background-repeat":"repeat","background-position":"center center","background-size":"auto","background-attachment":"scroll","background-type":"","background-media":"","overlay-type":"","overlay-color":"","overlay-opacity":"","overlay-gradient":""},"mobile":{"background-color":"","background-image":"","background-repeat":"repeat","background-position":"center center","background-size":"auto","background-attachment":"scroll","background-type":"","background-media":"","overlay-type":"","overlay-color":"","overlay-opacity":"","overlay-gradient":""}},"ast-content-background-meta":{"desktop":{"background-color":"var(--ast-global-color-4)","background-image":"","background-repeat":"repeat","background-position":"center center","background-size":"auto","background-attachment":"scroll","background-type":"","background-media":"","overlay-type":"","overlay-color":"","overlay-opacity":"","overlay-gradient":""},"tablet":{"background-color":"var(--ast-global-color-4)","background-image":"","background-repeat":"repeat","background-position":"center center","background-size":"auto","background-attachment":"scroll","background-type":"","background-media":"","overlay-type":"","overlay-color":"","overlay-opacity":"","overlay-gradient":""},"mobile":{"background-color":"var(--ast-global-color-4)","background-image":"","background-repeat":"repeat","background-position":"center center","background-size":"auto","background-attachment":"scroll","background-type":"","background-media":"","overlay-type":"","overlay-color":"","overlay-opacity":"","overlay-gradient":""}},"footnotes":""},"class_list":["post-1474","page","type-page","status-publish","has-post-thumbnail","hentry"],"yoast_head":"<!-- This site is optimized with the Yoast SEO plugin v27.5 - https:\/\/yoast.com\/product\/yoast-seo-wordpress\/ -->\n<title>RECITS de VOYAGES en URUGUAY - Abc-latina<\/title>\n<meta name=\"description\" content=\"R\u00e9\u00e7its de voyages et carnets de routes en Uruguay.\" \/>\n<meta name=\"robots\" content=\"index, follow, max-snippet:-1, max-image-preview:large, max-video-preview:-1\" \/>\n<link rel=\"canonical\" href=\"https:\/\/abc-latina.com\/uruguay\/recits\/\" \/>\n<meta property=\"og:locale\" content=\"fr_FR\" \/>\n<meta property=\"og:type\" content=\"article\" \/>\n<meta property=\"og:title\" content=\"RECITS de VOYAGES en URUGUAY - Abc-latina\" \/>\n<meta property=\"og:description\" content=\"R\u00e9\u00e7its de voyages et carnets de routes en Uruguay.\" \/>\n<meta property=\"og:url\" content=\"https:\/\/abc-latina.com\/uruguay\/recits\/\" \/>\n<meta property=\"og:site_name\" content=\"Abc-latina\" \/>\n<meta property=\"article:modified_time\" content=\"2026-04-30T16:25:33+00:00\" \/>\n<meta property=\"og:image\" content=\"https:\/\/abc-latina.com\/wp-content\/uploads\/2010\/06\/003.jpg\" \/>\n\t<meta property=\"og:image:width\" content=\"130\" \/>\n\t<meta property=\"og:image:height\" content=\"130\" \/>\n\t<meta property=\"og:image:type\" content=\"image\/jpeg\" \/>\n<meta name=\"twitter:card\" content=\"summary_large_image\" \/>\n<meta name=\"twitter:label1\" content=\"Dur\u00e9e de lecture estim\u00e9e\" \/>\n\t<meta name=\"twitter:data1\" content=\"1 minute\" \/>\n<script type=\"application\/ld+json\" class=\"yoast-schema-graph\">{\"@context\":\"https:\\\/\\\/schema.org\",\"@graph\":[{\"@type\":\"WebPage\",\"@id\":\"https:\\\/\\\/abc-latina.com\\\/uruguay\\\/recits\\\/\",\"url\":\"https:\\\/\\\/abc-latina.com\\\/uruguay\\\/recits\\\/\",\"name\":\"RECITS de VOYAGES en URUGUAY - Abc-latina\",\"isPartOf\":{\"@id\":\"https:\\\/\\\/abc-latina.com\\\/#website\"},\"primaryImageOfPage\":{\"@id\":\"https:\\\/\\\/abc-latina.com\\\/uruguay\\\/recits\\\/#primaryimage\"},\"image\":{\"@id\":\"https:\\\/\\\/abc-latina.com\\\/uruguay\\\/recits\\\/#primaryimage\"},\"thumbnailUrl\":\"https:\\\/\\\/abc-latina.com\\\/wp-content\\\/uploads\\\/2010\\\/06\\\/003.jpg\",\"datePublished\":\"2010-07-19T16:09:32+00:00\",\"dateModified\":\"2026-04-30T16:25:33+00:00\",\"description\":\"R\u00e9\u00e7its de voyages et carnets de routes en Uruguay.\",\"breadcrumb\":{\"@id\":\"https:\\\/\\\/abc-latina.com\\\/uruguay\\\/recits\\\/#breadcrumb\"},\"inLanguage\":\"fr-FR\",\"potentialAction\":[{\"@type\":\"ReadAction\",\"target\":[\"https:\\\/\\\/abc-latina.com\\\/uruguay\\\/recits\\\/\"]}]},{\"@type\":\"ImageObject\",\"inLanguage\":\"fr-FR\",\"@id\":\"https:\\\/\\\/abc-latina.com\\\/uruguay\\\/recits\\\/#primaryimage\",\"url\":\"https:\\\/\\\/abc-latina.com\\\/wp-content\\\/uploads\\\/2010\\\/06\\\/003.jpg\",\"contentUrl\":\"https:\\\/\\\/abc-latina.com\\\/wp-content\\\/uploads\\\/2010\\\/06\\\/003.jpg\",\"width\":130,\"height\":130},{\"@type\":\"BreadcrumbList\",\"@id\":\"https:\\\/\\\/abc-latina.com\\\/uruguay\\\/recits\\\/#breadcrumb\",\"itemListElement\":[{\"@type\":\"ListItem\",\"position\":1,\"name\":\"Accueil\",\"item\":\"https:\\\/\\\/abc-latina.com\\\/\"},{\"@type\":\"ListItem\",\"position\":2,\"name\":\"RECITS de VOYAGES en URUGUAY\"}]},{\"@type\":\"WebSite\",\"@id\":\"https:\\\/\\\/abc-latina.com\\\/#website\",\"url\":\"https:\\\/\\\/abc-latina.com\\\/\",\"name\":\"Abc-latina\",\"description\":\"\",\"publisher\":{\"@id\":\"https:\\\/\\\/abc-latina.com\\\/#organization\"},\"potentialAction\":[{\"@type\":\"SearchAction\",\"target\":{\"@type\":\"EntryPoint\",\"urlTemplate\":\"https:\\\/\\\/abc-latina.com\\\/?s={search_term_string}\"},\"query-input\":{\"@type\":\"PropertyValueSpecification\",\"valueRequired\":true,\"valueName\":\"search_term_string\"}}],\"inLanguage\":\"fr-FR\"},{\"@type\":\"Organization\",\"@id\":\"https:\\\/\\\/abc-latina.com\\\/#organization\",\"name\":\"Abc-latina\",\"url\":\"https:\\\/\\\/abc-latina.com\\\/\",\"logo\":{\"@type\":\"ImageObject\",\"inLanguage\":\"fr-FR\",\"@id\":\"https:\\\/\\\/abc-latina.com\\\/#\\\/schema\\\/logo\\\/image\\\/\",\"url\":\"https:\\\/\\\/abc-latina.com\\\/wp-content\\\/uploads\\\/2026\\\/05\\\/cropped-logo.gif\",\"contentUrl\":\"https:\\\/\\\/abc-latina.com\\\/wp-content\\\/uploads\\\/2026\\\/05\\\/cropped-logo.gif\",\"width\":89,\"height\":84,\"caption\":\"Abc-latina\"},\"image\":{\"@id\":\"https:\\\/\\\/abc-latina.com\\\/#\\\/schema\\\/logo\\\/image\\\/\"}}]}<\/script>\n<!-- \/ Yoast SEO plugin. -->","yoast_head_json":{"title":"RECITS de VOYAGES en URUGUAY - Abc-latina","description":"R\u00e9\u00e7its de voyages et carnets de routes en Uruguay.","robots":{"index":"index","follow":"follow","max-snippet":"max-snippet:-1","max-image-preview":"max-image-preview:large","max-video-preview":"max-video-preview:-1"},"canonical":"https:\/\/abc-latina.com\/uruguay\/recits\/","og_locale":"fr_FR","og_type":"article","og_title":"RECITS de VOYAGES en URUGUAY - Abc-latina","og_description":"R\u00e9\u00e7its de voyages et carnets de routes en Uruguay.","og_url":"https:\/\/abc-latina.com\/uruguay\/recits\/","og_site_name":"Abc-latina","article_modified_time":"2026-04-30T16:25:33+00:00","og_image":[{"width":130,"height":130,"url":"https:\/\/abc-latina.com\/wp-content\/uploads\/2010\/06\/003.jpg","type":"image\/jpeg"}],"twitter_card":"summary_large_image","twitter_misc":{"Dur\u00e9e de lecture estim\u00e9e":"1 minute"},"schema":{"@context":"https:\/\/schema.org","@graph":[{"@type":"WebPage","@id":"https:\/\/abc-latina.com\/uruguay\/recits\/","url":"https:\/\/abc-latina.com\/uruguay\/recits\/","name":"RECITS de VOYAGES en URUGUAY - Abc-latina","isPartOf":{"@id":"https:\/\/abc-latina.com\/#website"},"primaryImageOfPage":{"@id":"https:\/\/abc-latina.com\/uruguay\/recits\/#primaryimage"},"image":{"@id":"https:\/\/abc-latina.com\/uruguay\/recits\/#primaryimage"},"thumbnailUrl":"https:\/\/abc-latina.com\/wp-content\/uploads\/2010\/06\/003.jpg","datePublished":"2010-07-19T16:09:32+00:00","dateModified":"2026-04-30T16:25:33+00:00","description":"R\u00e9\u00e7its de voyages et carnets de routes en Uruguay.","breadcrumb":{"@id":"https:\/\/abc-latina.com\/uruguay\/recits\/#breadcrumb"},"inLanguage":"fr-FR","potentialAction":[{"@type":"ReadAction","target":["https:\/\/abc-latina.com\/uruguay\/recits\/"]}]},{"@type":"ImageObject","inLanguage":"fr-FR","@id":"https:\/\/abc-latina.com\/uruguay\/recits\/#primaryimage","url":"https:\/\/abc-latina.com\/wp-content\/uploads\/2010\/06\/003.jpg","contentUrl":"https:\/\/abc-latina.com\/wp-content\/uploads\/2010\/06\/003.jpg","width":130,"height":130},{"@type":"BreadcrumbList","@id":"https:\/\/abc-latina.com\/uruguay\/recits\/#breadcrumb","itemListElement":[{"@type":"ListItem","position":1,"name":"Accueil","item":"https:\/\/abc-latina.com\/"},{"@type":"ListItem","position":2,"name":"RECITS de VOYAGES en URUGUAY"}]},{"@type":"WebSite","@id":"https:\/\/abc-latina.com\/#website","url":"https:\/\/abc-latina.com\/","name":"Abc-latina","description":"","publisher":{"@id":"https:\/\/abc-latina.com\/#organization"},"potentialAction":[{"@type":"SearchAction","target":{"@type":"EntryPoint","urlTemplate":"https:\/\/abc-latina.com\/?s={search_term_string}"},"query-input":{"@type":"PropertyValueSpecification","valueRequired":true,"valueName":"search_term_string"}}],"inLanguage":"fr-FR"},{"@type":"Organization","@id":"https:\/\/abc-latina.com\/#organization","name":"Abc-latina","url":"https:\/\/abc-latina.com\/","logo":{"@type":"ImageObject","inLanguage":"fr-FR","@id":"https:\/\/abc-latina.com\/#\/schema\/logo\/image\/","url":"https:\/\/abc-latina.com\/wp-content\/uploads\/2026\/05\/cropped-logo.gif","contentUrl":"https:\/\/abc-latina.com\/wp-content\/uploads\/2026\/05\/cropped-logo.gif","width":89,"height":84,"caption":"Abc-latina"},"image":{"@id":"https:\/\/abc-latina.com\/#\/schema\/logo\/image\/"}}]}},"_links":{"self":[{"href":"https:\/\/abc-latina.com\/wp-json\/wp\/v2\/pages\/1474","targetHints":{"allow":["GET"]}}],"collection":[{"href":"https:\/\/abc-latina.com\/wp-json\/wp\/v2\/pages"}],"about":[{"href":"https:\/\/abc-latina.com\/wp-json\/wp\/v2\/types\/page"}],"author":[{"embeddable":true,"href":"https:\/\/abc-latina.com\/wp-json\/wp\/v2\/users\/3"}],"replies":[{"embeddable":true,"href":"https:\/\/abc-latina.com\/wp-json\/wp\/v2\/comments?post=1474"}],"version-history":[{"count":1,"href":"https:\/\/abc-latina.com\/wp-json\/wp\/v2\/pages\/1474\/revisions"}],"predecessor-version":[{"id":4099,"href":"https:\/\/abc-latina.com\/wp-json\/wp\/v2\/pages\/1474\/revisions\/4099"}],"up":[{"embeddable":true,"href":"https:\/\/abc-latina.com\/wp-json\/wp\/v2\/pages\/2319"}],"wp:featuredmedia":[{"embeddable":true,"href":"https:\/\/abc-latina.com\/wp-json\/wp\/v2\/media\/127"}],"wp:attachment":[{"href":"https:\/\/abc-latina.com\/wp-json\/wp\/v2\/media?parent=1474"}],"curies":[{"name":"wp","href":"https:\/\/api.w.org\/{rel}","templated":true}]}}