{"id":1475,"date":"2010-07-19T18:11:46","date_gmt":"2010-07-19T16:11:46","guid":{"rendered":"http:\/\/abc-latina.com\/tourisme-htm-17\/"},"modified":"2026-04-30T18:25:33","modified_gmt":"2026-04-30T16:25:33","slug":"tourisme","status":"publish","type":"page","link":"https:\/\/abc-latina.com\/uruguay\/tourisme\/","title":{"rendered":"TOURISME &#038; VOYAGE en URUGUAY"},"content":{"rendered":"<div><span class=\"tourisme-chapitre\">MONTEVIDEO&nbsp;<\/span><\/div>\n<div>Fond\u00e9e en 1726 par les Espagnols, Montevideo est le capitale de l&rsquo;Uruguay et la plus grande ville du pays. Elle domine de loin la vie culturelle, commerciale et \u00e9conomique de la nation ; C&rsquo;est une cit\u00e9 moderne et tr\u00e8s anim\u00e9e, avec quelques exemples architecturaux \u00e9tonnants et int\u00e9ressants, sp\u00e9cialement le long de l&rsquo;avenida 18 de Julio.<\/div>\n<div>L&rsquo;atmosph\u00e8re est assez diff\u00e9rente de celle des autres capitales sud-am\u00e9ricaines. Cela peut \u00eatre attribu\u00e9 partiellement \u00e0 une population tr\u00e8s m\u00e9lang\u00e9e, mais presque enti\u00e8rement de souche europ\u00e9enne.<\/div>\n<div>Il ne reste que peu de b\u00e2timents de style colonial, mais les autorit\u00e9s ont entrepris r\u00e9cemment de sauver les rares exemplaires survivants.<\/div>\n<div>Il y a de nombreux mus\u00e9es \u00e0 voir \u00e0 Montevideo, et il ne faut pas manquer le Museo del Gaucho. On y admirera de superbes collections relatives \u00e0 l&rsquo;histoire de ces gar\u00e7ons vachers, cow-boys de l&rsquo;Uruguay, avec leurs v\u00eatements de cuir, leurs armes, leurs objets d&rsquo;argent et d&rsquo;autres documents sur leur vie quotidienne. On peut aussi y voir une collection de documents mon\u00e9taires de l&rsquo;histoire de l&rsquo; Uruguay. Le b\u00e2timent lui-m\u00eame vaut le d\u00e9placement par la beaut\u00e9 de son architecture.<\/div>\n<div>Deux autres mus\u00e9es retiendront le visiteur. Ce sont les demeures historiques de Casa Lavalleja (Museo Historico Nacional), et de Casa Rivera.<\/div>\n<div>Une visite au Mercado del Puerto, \u00e0 l&rsquo;angle de Piedras et de Castellanos, dans l&rsquo;ancienne partie de la ville, est un must. Il fonctionne toujours comme un march\u00e9 \u00e0 viande et aux l\u00e9gumes, mais de nombreuses restaurations ont \u00e9t\u00e9 conduites qui ont arr\u00eat\u00e9 les activit\u00e9s marchandes et favoris\u00e9 l&rsquo;installation de bars et de restaurants sympatiques. C&rsquo;est un endroit d\u00e9licieux, tr\u00e8s fr\u00e9quent\u00e9, o\u00f9 l&rsquo;on peut s&rsquo;asseoir pour manger ou boire un verre en \u00e9coutant les musiciens ambulants qui ne manquent jamais dans les parages.<\/div>\n<div>Le zoo et le plan\u00e9tarium sont \u00e9galement dignes d&rsquo;int\u00e9r\u00eat.<\/div>\n<div>Sur le front de mer s&rsquo;\u00e9tirent neuf plages, tr\u00e8s fr\u00e9quent\u00e9es durant l&rsquo;\u00e9t\u00e9. L&rsquo;une des plus proches du centre, Playa Pocitos, est consid\u00e9r\u00e9e comme la Copacabana de Montevideo.<\/div>\n<div>&nbsp;<\/div>\n<div><span class=\"tourisme-chapitre\">COLONIA&nbsp;<\/span><\/div>\n<div>Le vieux quartier a gard\u00e9 sa plaza entour\u00e9e de nombreux mus\u00e9es install\u00e9s dans d&rsquo;anciennes demeures, avec les restes d&rsquo;un ancien fort espagnol \u00e0 proximit\u00e9.<\/div>\n<div>&nbsp;<\/div>\n<div><span class=\"tourisme-chapitre\">PAYSANDU&nbsp;<\/span><\/div>\n<div>Il s&rsquo;agit de la plus grande des villes de province, avec une population de 80.000 habitants.&nbsp;<\/div>\n<div>Vous verez la cath\u00e9drale, dont les murs ont gard\u00e9 encastr\u00e9s les boulets de la guerre de la Triple Alliance, la ville fut alors un moment aux mains des Paraguayens.<\/div>\n<div>Le mus\u00e9e du coll\u00e9ge sal\u00e9sien m\u00e9rite aussi une visite rapide.<\/div>\n<div>&nbsp;<\/div>\n<div><span class=\"tourisme-chapitre\">PUNTA del ESTE&nbsp;<\/span><\/div>\n<div>C&rsquo;est une des vill\u00e9giatures baln\u00e9aires les plus hupp\u00e9es de toute l&rsquo;am\u00e9rique du Sud.<\/div>\n<div>Depuis Maldonado, on peut aller visiter la colonie de phoques qui habite sur l&rsquo;Isla de Lobos.<\/div>\n<div>&nbsp;<\/div>\n<div><span class=\"tourisme-chapitre\">SALTO&nbsp;<\/span><\/div>\n<div>C&rsquo;est le centre urbain le plus peupl\u00e9 du nord de l&rsquo;Uruguay.&nbsp;<\/div>\n<div>Il y a de nombreuses sources thermales aux alentours, avec des piscines am\u00e9nag\u00e9es.&nbsp;<\/div>\n<div>Vous pourrez \u00e9galement visiter le gigantesque barrage de Salto Grande sur l&rsquo;Uruguay.<\/div>\n<div>&nbsp;<\/div>\n<h3>Site uruguayen class\u00e9 au patrimoine de l&rsquo;UNESCO:<\/h3>\n<div>Quartier historique de la ville de Colonia del Sacramento &#8211; 1995<a target=\"_blank\" href=\"http:\/\/voyage.abc-latina.com\/voyage_uruguay\/uruguay\"><span class=\"sejour-circuit\"><br \/><\/span><\/a><\/div>\n<p>&nbsp;<\/p>\n","protected":false},"excerpt":{"rendered":"<p>MONTEVIDEO&nbsp; Fond\u00e9e en 1726 par les Espagnols, Montevideo est le capitale de l&rsquo;Uruguay et la plus grande ville du pays. [&hellip;]<\/p>\n","protected":false},"author":3,"featured_media":0,"parent":2319,"menu_order":0,"comment_status":"closed","ping_status":"closed","template":"","meta":{"site-sidebar-layout":"default","site-content-layout":"","ast-site-content-layout":"default","site-content-style":"default","site-sidebar-style":"default","ast-global-header-display":"","ast-banner-title-visibility":"","ast-main-header-display":"","ast-hfb-above-header-display":"","ast-hfb-below-header-display":"","ast-hfb-mobile-header-display":"","site-post-title":"","ast-breadcrumbs-content":"","ast-featured-img":"","footer-sml-layout":"","ast-disable-related-posts":"","theme-transparent-header-meta":"","adv-header-id-meta":"","stick-header-meta":"","header-above-stick-meta":"","header-main-stick-meta":"","header-below-stick-meta":"","astra-migrate-meta-layouts":"default","ast-page-background-enabled":"default","ast-page-background-meta":{"desktop":{"background-color":"var(--ast-global-color-5)","background-image":"","background-repeat":"repeat","background-position":"center center","background-size":"auto","background-attachment":"scroll","background-type":"","background-media":"","overlay-type":"","overlay-color":"","overlay-opacity":"","overlay-gradient":""},"tablet":{"background-color":"","background-image":"","background-repeat":"repeat","background-position":"center center","background-size":"auto","background-attachment":"scroll","background-type":"","background-media":"","overlay-type":"","overlay-color":"","overlay-opacity":"","overlay-gradient":""},"mobile":{"background-color":"","background-image":"","background-repeat":"repeat","background-position":"center center","background-size":"auto","background-attachment":"scroll","background-type":"","background-media":"","overlay-type":"","overlay-color":"","overlay-opacity":"","overlay-gradient":""}},"ast-content-background-meta":{"desktop":{"background-color":"var(--ast-global-color-4)","background-image":"","background-repeat":"repeat","background-position":"center center","background-size":"auto","background-attachment":"scroll","background-type":"","background-media":"","overlay-type":"","overlay-color":"","overlay-opacity":"","overlay-gradient":""},"tablet":{"background-color":"var(--ast-global-color-4)","background-image":"","background-repeat":"repeat","background-position":"center center","background-size":"auto","background-attachment":"scroll","background-type":"","background-media":"","overlay-type":"","overlay-color":"","overlay-opacity":"","overlay-gradient":""},"mobile":{"background-color":"var(--ast-global-color-4)","background-image":"","background-repeat":"repeat","background-position":"center center","background-size":"auto","background-attachment":"scroll","background-type":"","background-media":"","overlay-type":"","overlay-color":"","overlay-opacity":"","overlay-gradient":""}},"footnotes":""},"class_list":["post-1475","page","type-page","status-publish","hentry"],"yoast_head":"<!-- This site is optimized with the Yoast SEO plugin v27.5 - https:\/\/yoast.com\/product\/yoast-seo-wordpress\/ -->\n<title>TOURISME &amp; VOYAGE en URUGUAY - Abc-latina<\/title>\n<meta name=\"description\" content=\"Voyage et d\u00e9couverte de l&#039;Uruguay. Tourisme en Uruguay.\" \/>\n<meta name=\"robots\" content=\"index, follow, max-snippet:-1, max-image-preview:large, max-video-preview:-1\" \/>\n<link rel=\"canonical\" href=\"https:\/\/abc-latina.com\/uruguay\/tourisme\/\" \/>\n<meta property=\"og:locale\" content=\"fr_FR\" \/>\n<meta property=\"og:type\" content=\"article\" \/>\n<meta property=\"og:title\" content=\"TOURISME &amp; VOYAGE en URUGUAY - Abc-latina\" \/>\n<meta property=\"og:description\" content=\"Voyage et d\u00e9couverte de l&#039;Uruguay. Tourisme en Uruguay.\" \/>\n<meta property=\"og:url\" content=\"https:\/\/abc-latina.com\/uruguay\/tourisme\/\" \/>\n<meta property=\"og:site_name\" content=\"Abc-latina\" \/>\n<meta property=\"article:modified_time\" content=\"2026-04-30T16:25:33+00:00\" \/>\n<meta name=\"twitter:card\" content=\"summary_large_image\" \/>\n<meta name=\"twitter:label1\" content=\"Dur\u00e9e de lecture estim\u00e9e\" \/>\n\t<meta name=\"twitter:data1\" content=\"3 minutes\" \/>\n<script type=\"application\/ld+json\" class=\"yoast-schema-graph\">{\"@context\":\"https:\\\/\\\/schema.org\",\"@graph\":[{\"@type\":\"WebPage\",\"@id\":\"https:\\\/\\\/abc-latina.com\\\/uruguay\\\/tourisme\\\/\",\"url\":\"https:\\\/\\\/abc-latina.com\\\/uruguay\\\/tourisme\\\/\",\"name\":\"TOURISME & VOYAGE en URUGUAY - Abc-latina\",\"isPartOf\":{\"@id\":\"https:\\\/\\\/abc-latina.com\\\/#website\"},\"datePublished\":\"2010-07-19T16:11:46+00:00\",\"dateModified\":\"2026-04-30T16:25:33+00:00\",\"description\":\"Voyage et d\u00e9couverte de l'Uruguay. Tourisme en Uruguay.\",\"breadcrumb\":{\"@id\":\"https:\\\/\\\/abc-latina.com\\\/uruguay\\\/tourisme\\\/#breadcrumb\"},\"inLanguage\":\"fr-FR\",\"potentialAction\":[{\"@type\":\"ReadAction\",\"target\":[\"https:\\\/\\\/abc-latina.com\\\/uruguay\\\/tourisme\\\/\"]}]},{\"@type\":\"BreadcrumbList\",\"@id\":\"https:\\\/\\\/abc-latina.com\\\/uruguay\\\/tourisme\\\/#breadcrumb\",\"itemListElement\":[{\"@type\":\"ListItem\",\"position\":1,\"name\":\"Accueil\",\"item\":\"https:\\\/\\\/abc-latina.com\\\/\"},{\"@type\":\"ListItem\",\"position\":2,\"name\":\"TOURISME &#038; VOYAGE en URUGUAY\"}]},{\"@type\":\"WebSite\",\"@id\":\"https:\\\/\\\/abc-latina.com\\\/#website\",\"url\":\"https:\\\/\\\/abc-latina.com\\\/\",\"name\":\"Abc-latina\",\"description\":\"\",\"publisher\":{\"@id\":\"https:\\\/\\\/abc-latina.com\\\/#organization\"},\"potentialAction\":[{\"@type\":\"SearchAction\",\"target\":{\"@type\":\"EntryPoint\",\"urlTemplate\":\"https:\\\/\\\/abc-latina.com\\\/?s={search_term_string}\"},\"query-input\":{\"@type\":\"PropertyValueSpecification\",\"valueRequired\":true,\"valueName\":\"search_term_string\"}}],\"inLanguage\":\"fr-FR\"},{\"@type\":\"Organization\",\"@id\":\"https:\\\/\\\/abc-latina.com\\\/#organization\",\"name\":\"Abc-latina\",\"url\":\"https:\\\/\\\/abc-latina.com\\\/\",\"logo\":{\"@type\":\"ImageObject\",\"inLanguage\":\"fr-FR\",\"@id\":\"https:\\\/\\\/abc-latina.com\\\/#\\\/schema\\\/logo\\\/image\\\/\",\"url\":\"https:\\\/\\\/abc-latina.com\\\/wp-content\\\/uploads\\\/2026\\\/05\\\/cropped-logo.gif\",\"contentUrl\":\"https:\\\/\\\/abc-latina.com\\\/wp-content\\\/uploads\\\/2026\\\/05\\\/cropped-logo.gif\",\"width\":89,\"height\":84,\"caption\":\"Abc-latina\"},\"image\":{\"@id\":\"https:\\\/\\\/abc-latina.com\\\/#\\\/schema\\\/logo\\\/image\\\/\"}}]}<\/script>\n<!-- \/ Yoast SEO plugin. -->","yoast_head_json":{"title":"TOURISME & VOYAGE en URUGUAY - Abc-latina","description":"Voyage et d\u00e9couverte de l'Uruguay. Tourisme en Uruguay.","robots":{"index":"index","follow":"follow","max-snippet":"max-snippet:-1","max-image-preview":"max-image-preview:large","max-video-preview":"max-video-preview:-1"},"canonical":"https:\/\/abc-latina.com\/uruguay\/tourisme\/","og_locale":"fr_FR","og_type":"article","og_title":"TOURISME & VOYAGE en URUGUAY - Abc-latina","og_description":"Voyage et d\u00e9couverte de l'Uruguay. Tourisme en Uruguay.","og_url":"https:\/\/abc-latina.com\/uruguay\/tourisme\/","og_site_name":"Abc-latina","article_modified_time":"2026-04-30T16:25:33+00:00","twitter_card":"summary_large_image","twitter_misc":{"Dur\u00e9e de lecture estim\u00e9e":"3 minutes"},"schema":{"@context":"https:\/\/schema.org","@graph":[{"@type":"WebPage","@id":"https:\/\/abc-latina.com\/uruguay\/tourisme\/","url":"https:\/\/abc-latina.com\/uruguay\/tourisme\/","name":"TOURISME & VOYAGE en URUGUAY - Abc-latina","isPartOf":{"@id":"https:\/\/abc-latina.com\/#website"},"datePublished":"2010-07-19T16:11:46+00:00","dateModified":"2026-04-30T16:25:33+00:00","description":"Voyage et d\u00e9couverte de l'Uruguay. Tourisme en Uruguay.","breadcrumb":{"@id":"https:\/\/abc-latina.com\/uruguay\/tourisme\/#breadcrumb"},"inLanguage":"fr-FR","potentialAction":[{"@type":"ReadAction","target":["https:\/\/abc-latina.com\/uruguay\/tourisme\/"]}]},{"@type":"BreadcrumbList","@id":"https:\/\/abc-latina.com\/uruguay\/tourisme\/#breadcrumb","itemListElement":[{"@type":"ListItem","position":1,"name":"Accueil","item":"https:\/\/abc-latina.com\/"},{"@type":"ListItem","position":2,"name":"TOURISME &#038; VOYAGE en URUGUAY"}]},{"@type":"WebSite","@id":"https:\/\/abc-latina.com\/#website","url":"https:\/\/abc-latina.com\/","name":"Abc-latina","description":"","publisher":{"@id":"https:\/\/abc-latina.com\/#organization"},"potentialAction":[{"@type":"SearchAction","target":{"@type":"EntryPoint","urlTemplate":"https:\/\/abc-latina.com\/?s={search_term_string}"},"query-input":{"@type":"PropertyValueSpecification","valueRequired":true,"valueName":"search_term_string"}}],"inLanguage":"fr-FR"},{"@type":"Organization","@id":"https:\/\/abc-latina.com\/#organization","name":"Abc-latina","url":"https:\/\/abc-latina.com\/","logo":{"@type":"ImageObject","inLanguage":"fr-FR","@id":"https:\/\/abc-latina.com\/#\/schema\/logo\/image\/","url":"https:\/\/abc-latina.com\/wp-content\/uploads\/2026\/05\/cropped-logo.gif","contentUrl":"https:\/\/abc-latina.com\/wp-content\/uploads\/2026\/05\/cropped-logo.gif","width":89,"height":84,"caption":"Abc-latina"},"image":{"@id":"https:\/\/abc-latina.com\/#\/schema\/logo\/image\/"}}]}},"_links":{"self":[{"href":"https:\/\/abc-latina.com\/wp-json\/wp\/v2\/pages\/1475","targetHints":{"allow":["GET"]}}],"collection":[{"href":"https:\/\/abc-latina.com\/wp-json\/wp\/v2\/pages"}],"about":[{"href":"https:\/\/abc-latina.com\/wp-json\/wp\/v2\/types\/page"}],"author":[{"embeddable":true,"href":"https:\/\/abc-latina.com\/wp-json\/wp\/v2\/users\/3"}],"replies":[{"embeddable":true,"href":"https:\/\/abc-latina.com\/wp-json\/wp\/v2\/comments?post=1475"}],"version-history":[{"count":1,"href":"https:\/\/abc-latina.com\/wp-json\/wp\/v2\/pages\/1475\/revisions"}],"predecessor-version":[{"id":4102,"href":"https:\/\/abc-latina.com\/wp-json\/wp\/v2\/pages\/1475\/revisions\/4102"}],"up":[{"embeddable":true,"href":"https:\/\/abc-latina.com\/wp-json\/wp\/v2\/pages\/2319"}],"wp:attachment":[{"href":"https:\/\/abc-latina.com\/wp-json\/wp\/v2\/media?parent=1475"}],"curies":[{"name":"wp","href":"https:\/\/api.w.org\/{rel}","templated":true}]}}