{"id":1479,"date":"2010-07-19T18:24:50","date_gmt":"2010-07-19T16:24:50","guid":{"rendered":"http:\/\/abc-latina.com\/infoprat-htm-17\/"},"modified":"2026-04-30T18:25:34","modified_gmt":"2026-04-30T16:25:34","slug":"infoprat","status":"publish","type":"page","link":"https:\/\/abc-latina.com\/?page_id=1479","title":{"rendered":"INFORMATIONS PRATIQUES"},"content":{"rendered":"<h3>PASSEPORT &#8211; VISA pour le Venezuela&nbsp;<\/h3>\n<div>Les ressortissants fran\u00e7ais voulant faire un s\u00e9jour touristique inf\u00e9rieur \u00e0 90 jours au Venezuela n&rsquo;ont pas besoin de visa, car une carte de Touriste leur sera d\u00e9livr\u00e9e dans l&rsquo;avion, valable donc pour une dur\u00e9e maximum de 90 jours. N\u00e9anmoins, si vous arrivez par mer ou par terre, ou si vous restez plus de 90 jours, vous devrez faire une demande de visa aupr\u00e8s du Service Consulaire de l&rsquo;Ambassade du V\u00e9n\u00e9zuela.<\/div>\n<div>Pour des ressortissants d&rsquo;autres pays que la France, s&rsquo;adresser au Service Consulaire<\/div>\n<div>Lors de votre d\u00e9part du pays, vous devrez payer 21 $ US<\/div>\n<div><a href=\"ambassade.htm\">Les adresses des ambassades venezueliennes<\/a><\/div>\n<div>SECURITE: les <a target=\"_blank\" href=\"http:\/\/www.diplomatie.gouv.fr\/fr\/conseils-aux-voyageurs_909\/pays_12191\/venezuela_12312\/index.html\">conseils aux voyageurs<\/a> du minist\u00e8re des affaires \u00e9trang\u00e8res. &nbsp;<\/div>\n<h3>SANTE&nbsp;<\/h3>\n<div>Si vous comptez rester \u00e0 Caracas ou sur la c\u00f4te, aucun vaccin ne sera n\u00e9cessaire. Par contre, si vous allez en Amazonie, Los Llanos ou la Grande Savane, il vous est recommand\u00e9 (ce n&rsquo;est pas obligatoire) de vous vacciner contre la fi\u00e8vre jaune et de prendre des comprim\u00e9s contre le paludisme.&nbsp;<\/div>\n<div>L&rsquo;H\u00e9pathite B est conseill\u00e9e mondialement.&nbsp;<\/div>\n<div>Evitez de boire de l&rsquo;eau du robinet sans l&rsquo;avoir fait pr\u00e9alablement bouillir, ou achetez des bouteilles d&rsquo;eau min\u00e9rale (aucun risque). Cependant, vous pouvez sans crainte acheter des jus de fruits dans la rue ou dans des restaurants.<\/div>\n<div><a target=\"_blank\" href=\"https:\/\/www.abc-latina.com\/sites\/sante\/venezuela.htm\">Les recommandations de l&rsquo;Institut Pasteur<\/a><\/div>\n<h3>CLIMAT au Venezuela&nbsp;<\/h3>\n<div>La temp\u00e9rature moyenne au Venezuela est de 27&deg;C sur l&rsquo;ann\u00e9e.&nbsp;<\/div>\n<div>Sur la plus grande majorit\u00e9 du territoire, on trouvera un climat de type tropical.&nbsp;<\/div>\n<div>Entre 1000 et 2000 m\u00e8tres d&rsquo;altitude on trouvera un climat plus temp\u00e9r\u00e9, les temp\u00e9ratures oscillant entre16&deg; et 23&deg;C.&nbsp;<\/div>\n<div>La saison des pluies s&rsquo;\u00e9tend de Juin \u00e0 Novembre.&nbsp;<\/div>\n<div>Les zones les plus pluvieuses se trouvent au sud du Lac de Maraca\u00efbo, en Guyane, dans l&rsquo;Etat Amazonas et dans le Delta de l&rsquo;Or\u00e9noque.&nbsp;<\/div>\n<div>Les r\u00e9gions les plus s\u00e8ches sont la c\u00f4te de Falcon, les plaines de Guarico, Lara, Anzoategui, Monagas et l&rsquo;\u00eele de Margarita.<\/div>\n<div><a href=\"https:\/\/www.abc-latina.com\/venezuela\/meteo.htm\">La m\u00e9t\u00e9o<\/a><\/div>\n<h3>ARGENT&nbsp;<\/h3>\n<div>La monnaie nationale au Venezuela est le Bolivar. Pour les touristes, il faut emmener des Dollars.<\/div>\n<div><a target=\"_blank\" href=\"http:\/\/www.xe.com\/ucc\/fr\/\">Le change<\/a>&nbsp;<\/div>\n<h3>DECALAGE HORAIRE &nbsp;<\/h3>\n<div>En hiver, cinq heures de moins par rapport \u00e0 la France, six heures en \u00e9t\u00e9.&nbsp;<\/div>\n<h3>TRANSPORT<\/h3>\n<div>En bus, en train, en avion ou m\u00eame en stop selon votre budget et la dur\u00e9e de votre s\u00e9jour.<\/div>\n<div>En bus : Le r\u00e9seau d&rsquo;autocars est tr\u00e8s fiable, il dessert presque tout le pays, renseignements dans les h\u00f4tels ou agences de voyage.&nbsp;<\/div>\n<div>En train : En cours<\/div>\n<div>En voiture : On peut louer sur place des voitures dans les agences de location des grandes villes.<\/div>\n<div><a href=\"https:\/\/www.abc-latina.com\/venezuela\/distances-kilometriques.php\">Distances entres villes<\/a><\/div>\n<div><a target=\"_blank\" href=\"https:\/\/www.abc-latina.com\/to\/location_voiture.htm\">Location de voitures : le meilleur prix en comparant 50 agences<\/a><\/div>\n<div>En m\u00e9tro : A Caracas vous pourrez utiliser le m\u00e9tro pour visiter la ville, pratique et propre.<\/div>\n<div>En Avion : L&rsquo;un des moyens de transport les plus pratique reste l&rsquo;avion, toutes les villes importantes ont un a\u00e9roport.<\/div>\n<div>Lignes Nationales: AVENSA, SERVIVENSA, ZULIANA DE AVIACION, AEROTUY<\/div>\n<div>Lignes Internationales: VIASA (Venezuela), AIR FRANCE, IBERIA<\/div>\n<div>Autres compagnies a\u00e9riennes v\u00e9n\u00e9zu\u00e9liennes:<\/div>\n<div>AEROTUY :&nbsp;<\/div>\n<div>Bulevard de Sabana Grande, Edificio Gran Sabana, N&deg; 174, Piso 5 &#8211; Caracas T\u00e9l: (58-2) 761 73 75 \/ 761 62 47, Fax: (58-2) 762 52 54&nbsp;<\/div>\n<div>ZULIANA DE AVIACION:&nbsp;<\/div>\n<div>\u00e0 Caracas: Avenida R\u00f3mulo Gallegos, Edif. Pascal, Torre A, Piso 8, Ofc. 81-A; T\u00e9l: (58-2) 285 47 74 &#8211; 285 74 32 &#8211; 285 44 32, Fax: (58-2) 91 04 16 &#8211; 91 96 34.<\/div>\n<div>\u00e0 Maracaibo: Calle 78 (Dr. Portillo), N&deg; 0-109, Edif. Cosmar, Local N&deg;2, Maracaibo, Estado Zulia; T\u00e9l (58-61) 51 41 43 &#8211; 51 28 29.<\/div>\n<div><a target=\"_blank\" href=\"https:\/\/www.abc-latina.com\/to\/reservation_billets_avions.htm\">Billet d&rsquo;avion: comparez 10 millions d&rsquo;offres en moins de 30 secondes<\/a><\/div>\n<h3>JOURS FERIES &nbsp;<\/h3>\n<div><a target=\"_blank\" href=\"tour_operateur.htm\"><img loading=\"lazy\" decoding=\"async\" class=\" size-full wp-image-41\" src=\"http:\/\/abc-latina.com\/wp-content\/uploads\/2010\/04\/timbre_to.gif\" class=\"touroperateur\" alt=\"\" width=\"125\" height=\"90\" \/><\/a>1er Janvier &#8211; Jour de l&rsquo;an&nbsp;<\/div>\n<div>06 Janvier &#8211; Epiphanie&nbsp;<\/div>\n<div>12 F\u00e9vrier &#8211; Carnaval&nbsp;<\/div>\n<div>28 Mars &#8211; Jeudi Saint&nbsp;<\/div>\n<div>29 Mars &#8211; Vendredi Saint&nbsp;<\/div>\n<div>19 Avril &#8211; Jour de l&rsquo;ind\u00e9pendance&nbsp;<\/div>\n<div>01 Mai &#8211; F\u00eate du travail&nbsp;<\/div>\n<div>09 Mai &#8211; Ascension&nbsp;<\/div>\n<div>30 Mai &#8211; Corpus Christi&nbsp;<\/div>\n<div>24 Juin &#8211; Bataille de Carabobo&nbsp;<\/div>\n<div>05 Juillet &#8211; F\u00eate Nationale&nbsp;<\/div>\n<div>24 Juillet &#8211; Anniversaire de Bolivar&nbsp;<\/div>\n<div>15 Ao\u00fbt &#8211; Assomption&nbsp;<\/div>\n<div>12 Octobre &#8211; Jour de Christophe Colomb&nbsp;<\/div>\n<div>01 Novembre &#8211; Toussaint&nbsp;<\/div>\n<div>08 D\u00e9cembre &#8211; Immacul\u00e9e Conception&nbsp;<\/div>\n<div>25 D\u00e9cembre &#8211; Noel&nbsp;<\/div>\n<div>31 D\u00e9cembre &#8211; R\u00e9veillon du nouvel an&nbsp;<\/div>\n<h3>LANGUES&nbsp;<\/h3>\n<div>L&rsquo;espagnol est la langue officielle.<\/div>\n<div>Il existe encore des communaut\u00e9s Am\u00e9rindiennes qui ont gard\u00e9 leurs langues.<\/div>\n<h3>ACHATS&nbsp;<\/h3>\n<div>Il y a beaucoup d&rsquo;ouvrages artisanaux faites \u00e0 la main par les tribus indig\u00e8nes locales. Les achats recommand\u00e9s sont les pierres pr\u00e9cieuses, les bijoux, les monnaies caciques, l&rsquo;or, les perles, les colliers, les chaussures et les sacs, les fl\u00e8ches et les arcs indiens, les tapis, les pipes et les paniers, les espadrilles (les chaussures traditionnelles des paysans), chinchorros (hamacs traditionnels) et beaucoup d&rsquo;autres produits indig\u00e8nes.<\/div>\n<h3>TELEPHONE &#8211; INTERNET&nbsp;<\/h3>\n<div>Le r\u00e9seau t\u00e9l\u00e9phonique est de bonne qualit\u00e9. Le plus pratique est de t\u00e9l\u00e9phoner depuis une station de m\u00e9tro avec une carte de d\u00e9bit vendue dans les kiosques \u00e0 journaux.<\/div>\n<div>Pour Internet, de nombreux cybercaf\u00e9s proposent leurs services (prix relativement \u00e9lev\u00e9s).<\/div>\n<div>Si vous souhaitez appeler vers le Venezuela composez le 00 58 &#8230;<\/div>\n","protected":false},"excerpt":{"rendered":"<p>PASSEPORT &#8211; VISA pour le Venezuela&nbsp; Les ressortissants fran\u00e7ais voulant faire un s\u00e9jour touristique inf\u00e9rieur \u00e0 90 jours au Venezuela [&hellip;]<\/p>\n","protected":false},"author":3,"featured_media":41,"parent":2320,"menu_order":0,"comment_status":"closed","ping_status":"closed","template":"","meta":{"site-sidebar-layout":"default","site-content-layout":"","ast-site-content-layout":"default","site-content-style":"default","site-sidebar-style":"default","ast-global-header-display":"","ast-banner-title-visibility":"","ast-main-header-display":"","ast-hfb-above-header-display":"","ast-hfb-below-header-display":"","ast-hfb-mobile-header-display":"","site-post-title":"","ast-breadcrumbs-content":"","ast-featured-img":"","footer-sml-layout":"","ast-disable-related-posts":"","theme-transparent-header-meta":"","adv-header-id-meta":"","stick-header-meta":"","header-above-stick-meta":"","header-main-stick-meta":"","header-below-stick-meta":"","astra-migrate-meta-layouts":"default","ast-page-background-enabled":"default","ast-page-background-meta":{"desktop":{"background-color":"var(--ast-global-color-5)","background-image":"","background-repeat":"repeat","background-position":"center center","background-size":"auto","background-attachment":"scroll","background-type":"","background-media":"","overlay-type":"","overlay-color":"","overlay-opacity":"","overlay-gradient":""},"tablet":{"background-color":"","background-image":"","background-repeat":"repeat","background-position":"center center","background-size":"auto","background-attachment":"scroll","background-type":"","background-media":"","overlay-type":"","overlay-color":"","overlay-opacity":"","overlay-gradient":""},"mobile":{"background-color":"","background-image":"","background-repeat":"repeat","background-position":"center center","background-size":"auto","background-attachment":"scroll","background-type":"","background-media":"","overlay-type":"","overlay-color":"","overlay-opacity":"","overlay-gradient":""}},"ast-content-background-meta":{"desktop":{"background-color":"var(--ast-global-color-4)","background-image":"","background-repeat":"repeat","background-position":"center center","background-size":"auto","background-attachment":"scroll","background-type":"","background-media":"","overlay-type":"","overlay-color":"","overlay-opacity":"","overlay-gradient":""},"tablet":{"background-color":"var(--ast-global-color-4)","background-image":"","background-repeat":"repeat","background-position":"center center","background-size":"auto","background-attachment":"scroll","background-type":"","background-media":"","overlay-type":"","overlay-color":"","overlay-opacity":"","overlay-gradient":""},"mobile":{"background-color":"var(--ast-global-color-4)","background-image":"","background-repeat":"repeat","background-position":"center center","background-size":"auto","background-attachment":"scroll","background-type":"","background-media":"","overlay-type":"","overlay-color":"","overlay-opacity":"","overlay-gradient":""}},"footnotes":""},"class_list":["post-1479","page","type-page","status-publish","has-post-thumbnail","hentry"],"yoast_head":"<!-- This site is optimized with the Yoast SEO plugin v27.5 - https:\/\/yoast.com\/product\/yoast-seo-wordpress\/ -->\n<title>INFORMATIONS PRATIQUES - Abc-latina<\/title>\n<meta name=\"description\" content=\"Les informations pratiques et indispensables \u00e0 savoir avant de partir pour le Venezuela.\" \/>\n<meta name=\"robots\" content=\"noindex, follow\" \/>\n<meta property=\"og:locale\" content=\"fr_FR\" \/>\n<meta property=\"og:type\" content=\"article\" \/>\n<meta property=\"og:title\" content=\"INFORMATIONS PRATIQUES - Abc-latina\" \/>\n<meta property=\"og:description\" content=\"Les informations pratiques et indispensables \u00e0 savoir avant de partir pour le Venezuela.\" \/>\n<meta property=\"og:url\" content=\"https:\/\/abc-latina.com\/?page_id=1479\" \/>\n<meta property=\"og:site_name\" content=\"Abc-latina\" \/>\n<meta property=\"article:modified_time\" content=\"2026-04-30T16:25:34+00:00\" \/>\n<meta property=\"og:image\" content=\"https:\/\/abc-latina.com\/wp-content\/uploads\/2010\/04\/timbre_to.gif\" \/>\n\t<meta property=\"og:image:width\" content=\"125\" \/>\n\t<meta property=\"og:image:height\" content=\"90\" \/>\n\t<meta property=\"og:image:type\" content=\"image\/gif\" \/>\n<meta name=\"twitter:card\" content=\"summary_large_image\" \/>\n<meta name=\"twitter:label1\" content=\"Dur\u00e9e de lecture estim\u00e9e\" \/>\n\t<meta name=\"twitter:data1\" content=\"4 minutes\" \/>\n<script type=\"application\/ld+json\" class=\"yoast-schema-graph\">{\"@context\":\"https:\\\/\\\/schema.org\",\"@graph\":[{\"@type\":\"WebPage\",\"@id\":\"https:\\\/\\\/abc-latina.com\\\/?page_id=1479\",\"url\":\"https:\\\/\\\/abc-latina.com\\\/?page_id=1479\",\"name\":\"INFORMATIONS PRATIQUES - Abc-latina\",\"isPartOf\":{\"@id\":\"https:\\\/\\\/abc-latina.com\\\/#website\"},\"primaryImageOfPage\":{\"@id\":\"https:\\\/\\\/abc-latina.com\\\/?page_id=1479#primaryimage\"},\"image\":{\"@id\":\"https:\\\/\\\/abc-latina.com\\\/?page_id=1479#primaryimage\"},\"thumbnailUrl\":\"https:\\\/\\\/abc-latina.com\\\/wp-content\\\/uploads\\\/2010\\\/04\\\/timbre_to.gif\",\"datePublished\":\"2010-07-19T16:24:50+00:00\",\"dateModified\":\"2026-04-30T16:25:34+00:00\",\"description\":\"Les informations pratiques et indispensables \u00e0 savoir avant de partir pour le Venezuela.\",\"breadcrumb\":{\"@id\":\"https:\\\/\\\/abc-latina.com\\\/?page_id=1479#breadcrumb\"},\"inLanguage\":\"fr-FR\",\"potentialAction\":[{\"@type\":\"ReadAction\",\"target\":[\"https:\\\/\\\/abc-latina.com\\\/?page_id=1479\"]}]},{\"@type\":\"ImageObject\",\"inLanguage\":\"fr-FR\",\"@id\":\"https:\\\/\\\/abc-latina.com\\\/?page_id=1479#primaryimage\",\"url\":\"https:\\\/\\\/abc-latina.com\\\/wp-content\\\/uploads\\\/2010\\\/04\\\/timbre_to.gif\",\"contentUrl\":\"https:\\\/\\\/abc-latina.com\\\/wp-content\\\/uploads\\\/2010\\\/04\\\/timbre_to.gif\",\"width\":125,\"height\":90},{\"@type\":\"BreadcrumbList\",\"@id\":\"https:\\\/\\\/abc-latina.com\\\/?page_id=1479#breadcrumb\",\"itemListElement\":[{\"@type\":\"ListItem\",\"position\":1,\"name\":\"Accueil\",\"item\":\"https:\\\/\\\/abc-latina.com\\\/\"},{\"@type\":\"ListItem\",\"position\":2,\"name\":\"INFORMATIONS PRATIQUES\"}]},{\"@type\":\"WebSite\",\"@id\":\"https:\\\/\\\/abc-latina.com\\\/#website\",\"url\":\"https:\\\/\\\/abc-latina.com\\\/\",\"name\":\"Abc-latina\",\"description\":\"\",\"publisher\":{\"@id\":\"https:\\\/\\\/abc-latina.com\\\/#organization\"},\"potentialAction\":[{\"@type\":\"SearchAction\",\"target\":{\"@type\":\"EntryPoint\",\"urlTemplate\":\"https:\\\/\\\/abc-latina.com\\\/?s={search_term_string}\"},\"query-input\":{\"@type\":\"PropertyValueSpecification\",\"valueRequired\":true,\"valueName\":\"search_term_string\"}}],\"inLanguage\":\"fr-FR\"},{\"@type\":\"Organization\",\"@id\":\"https:\\\/\\\/abc-latina.com\\\/#organization\",\"name\":\"Abc-latina\",\"url\":\"https:\\\/\\\/abc-latina.com\\\/\",\"logo\":{\"@type\":\"ImageObject\",\"inLanguage\":\"fr-FR\",\"@id\":\"https:\\\/\\\/abc-latina.com\\\/#\\\/schema\\\/logo\\\/image\\\/\",\"url\":\"https:\\\/\\\/abc-latina.com\\\/wp-content\\\/uploads\\\/2026\\\/05\\\/cropped-logo.gif\",\"contentUrl\":\"https:\\\/\\\/abc-latina.com\\\/wp-content\\\/uploads\\\/2026\\\/05\\\/cropped-logo.gif\",\"width\":89,\"height\":84,\"caption\":\"Abc-latina\"},\"image\":{\"@id\":\"https:\\\/\\\/abc-latina.com\\\/#\\\/schema\\\/logo\\\/image\\\/\"}}]}<\/script>\n<!-- \/ Yoast SEO plugin. -->","yoast_head_json":{"title":"INFORMATIONS PRATIQUES - Abc-latina","description":"Les informations pratiques et indispensables \u00e0 savoir avant de partir pour le Venezuela.","robots":{"index":"noindex","follow":"follow"},"og_locale":"fr_FR","og_type":"article","og_title":"INFORMATIONS PRATIQUES - Abc-latina","og_description":"Les informations pratiques et indispensables \u00e0 savoir avant de partir pour le Venezuela.","og_url":"https:\/\/abc-latina.com\/?page_id=1479","og_site_name":"Abc-latina","article_modified_time":"2026-04-30T16:25:34+00:00","og_image":[{"width":125,"height":90,"url":"https:\/\/abc-latina.com\/wp-content\/uploads\/2010\/04\/timbre_to.gif","type":"image\/gif"}],"twitter_card":"summary_large_image","twitter_misc":{"Dur\u00e9e de lecture estim\u00e9e":"4 minutes"},"schema":{"@context":"https:\/\/schema.org","@graph":[{"@type":"WebPage","@id":"https:\/\/abc-latina.com\/?page_id=1479","url":"https:\/\/abc-latina.com\/?page_id=1479","name":"INFORMATIONS PRATIQUES - Abc-latina","isPartOf":{"@id":"https:\/\/abc-latina.com\/#website"},"primaryImageOfPage":{"@id":"https:\/\/abc-latina.com\/?page_id=1479#primaryimage"},"image":{"@id":"https:\/\/abc-latina.com\/?page_id=1479#primaryimage"},"thumbnailUrl":"https:\/\/abc-latina.com\/wp-content\/uploads\/2010\/04\/timbre_to.gif","datePublished":"2010-07-19T16:24:50+00:00","dateModified":"2026-04-30T16:25:34+00:00","description":"Les informations pratiques et indispensables \u00e0 savoir avant de partir pour le Venezuela.","breadcrumb":{"@id":"https:\/\/abc-latina.com\/?page_id=1479#breadcrumb"},"inLanguage":"fr-FR","potentialAction":[{"@type":"ReadAction","target":["https:\/\/abc-latina.com\/?page_id=1479"]}]},{"@type":"ImageObject","inLanguage":"fr-FR","@id":"https:\/\/abc-latina.com\/?page_id=1479#primaryimage","url":"https:\/\/abc-latina.com\/wp-content\/uploads\/2010\/04\/timbre_to.gif","contentUrl":"https:\/\/abc-latina.com\/wp-content\/uploads\/2010\/04\/timbre_to.gif","width":125,"height":90},{"@type":"BreadcrumbList","@id":"https:\/\/abc-latina.com\/?page_id=1479#breadcrumb","itemListElement":[{"@type":"ListItem","position":1,"name":"Accueil","item":"https:\/\/abc-latina.com\/"},{"@type":"ListItem","position":2,"name":"INFORMATIONS PRATIQUES"}]},{"@type":"WebSite","@id":"https:\/\/abc-latina.com\/#website","url":"https:\/\/abc-latina.com\/","name":"Abc-latina","description":"","publisher":{"@id":"https:\/\/abc-latina.com\/#organization"},"potentialAction":[{"@type":"SearchAction","target":{"@type":"EntryPoint","urlTemplate":"https:\/\/abc-latina.com\/?s={search_term_string}"},"query-input":{"@type":"PropertyValueSpecification","valueRequired":true,"valueName":"search_term_string"}}],"inLanguage":"fr-FR"},{"@type":"Organization","@id":"https:\/\/abc-latina.com\/#organization","name":"Abc-latina","url":"https:\/\/abc-latina.com\/","logo":{"@type":"ImageObject","inLanguage":"fr-FR","@id":"https:\/\/abc-latina.com\/#\/schema\/logo\/image\/","url":"https:\/\/abc-latina.com\/wp-content\/uploads\/2026\/05\/cropped-logo.gif","contentUrl":"https:\/\/abc-latina.com\/wp-content\/uploads\/2026\/05\/cropped-logo.gif","width":89,"height":84,"caption":"Abc-latina"},"image":{"@id":"https:\/\/abc-latina.com\/#\/schema\/logo\/image\/"}}]}},"_links":{"self":[{"href":"https:\/\/abc-latina.com\/index.php?rest_route=\/wp\/v2\/pages\/1479","targetHints":{"allow":["GET"]}}],"collection":[{"href":"https:\/\/abc-latina.com\/index.php?rest_route=\/wp\/v2\/pages"}],"about":[{"href":"https:\/\/abc-latina.com\/index.php?rest_route=\/wp\/v2\/types\/page"}],"author":[{"embeddable":true,"href":"https:\/\/abc-latina.com\/index.php?rest_route=\/wp\/v2\/users\/3"}],"replies":[{"embeddable":true,"href":"https:\/\/abc-latina.com\/index.php?rest_route=%2Fwp%2Fv2%2Fcomments&post=1479"}],"version-history":[{"count":1,"href":"https:\/\/abc-latina.com\/index.php?rest_route=\/wp\/v2\/pages\/1479\/revisions"}],"predecessor-version":[{"id":4128,"href":"https:\/\/abc-latina.com\/index.php?rest_route=\/wp\/v2\/pages\/1479\/revisions\/4128"}],"up":[{"embeddable":true,"href":"https:\/\/abc-latina.com\/index.php?rest_route=\/wp\/v2\/pages\/2320"}],"wp:featuredmedia":[{"embeddable":true,"href":"https:\/\/abc-latina.com\/index.php?rest_route=\/wp\/v2\/media\/41"}],"wp:attachment":[{"href":"https:\/\/abc-latina.com\/index.php?rest_route=%2Fwp%2Fv2%2Fmedia&parent=1479"}],"curies":[{"name":"wp","href":"https:\/\/api.w.org\/{rel}","templated":true}]}}