{"id":1488,"date":"2010-07-19T18:33:46","date_gmt":"2010-07-19T16:33:46","guid":{"rendered":"http:\/\/abc-latina.com\/tourisme-htm-18\/"},"modified":"2026-04-30T18:25:35","modified_gmt":"2026-04-30T16:25:35","slug":"tourisme","status":"publish","type":"page","link":"https:\/\/abc-latina.com\/venezuela\/tourisme\/","title":{"rendered":"TOURISME &#038; VOYAGE au VENEZUELA"},"content":{"rendered":"<div><img loading=\"lazy\" decoding=\"async\" class=\" size-full wp-image-1073\" src=\"http:\/\/abc-latina.com\/wp-content\/uploads\/2010\/06\/isla_margarita-3.jpg\" alt=\"TOURISME &amp; VOYAGE AU VENEZUELA\" title=\"TOURISME &amp; VOYAGE AU VENEZUELA\" width=\"480\" height=\"242\" srcset=\"https:\/\/abc-latina.com\/wp-content\/uploads\/2010\/06\/isla_margarita-3.jpg 550w, https:\/\/abc-latina.com\/wp-content\/uploads\/2010\/06\/isla_margarita-3-300x151.jpg 300w\" sizes=\"auto, (max-width: 480px) 100vw, 480px\" \/><\/div>\n<div>&nbsp;<\/div>\n<div>Un voyage au Venezuela avec ses sites naturels d&rsquo;une grande beaut\u00e9, ses plages idylliques, l&rsquo;Amazonie ou encore les Andes a tant \u00e0 offrir avec aux visiteurs.<\/div>\n<div>A votre arriv\u00e9e, laissez-vous absorber par la vrombrissante Caracas. Situ\u00e9e \u00e0 1054 m\u00e8tres d&rsquo;altitude, Caracas conna\u00eet un \u00e9ternel printemps, avec toutefois des pointes estivales \u00e0 30&deg;C. Cette cit\u00e9 moderne, construite gr\u00e2ce aux revenus du p\u00e9trole, est truff\u00e9e d&rsquo;autoroutes, de voies \u00e0 grande circulation et de gratte-ciel. Dans le coeur historique de la cit\u00e9 ne subsiste que quelques vieux \u00e9difices.&nbsp;<\/div>\n<div>&nbsp;<\/div>\n<div><img loading=\"lazy\" decoding=\"async\" class=\" alignright size-full wp-image-1137\" style=\"margin: 5px 22px; float: right;\" src=\"http:\/\/abc-latina.com\/wp-content\/uploads\/2010\/06\/venezuela.jpg\" alt=\"\" width=\"159\" height=\"268\" \/>Le Salto del Angel la cascade la plus haute du monde, ces chutes hautes de 980 m\u00e8tres (20 fois les chutes du Niagara) comptent parmi les plus impressionnantes au monde et offrent un spectacle inoubliable.&nbsp;<\/div>\n<div>Pour les aventuriers pr\u00eats \u00e0 s&rsquo;enfoncer dans la for\u00eat vierge, il y a ces \u00e9tranges et fascinantes formations g\u00e9ologiques que les Indiens appellent tepuis, montagnes au versants abrupts et au sommet plat, couvert d&rsquo;une v\u00e9g\u00e9tation luxuriante.&nbsp;<\/div>\n<div>&nbsp;<\/div>\n<div>Embarquer sur le delta de l&rsquo;Or\u00e9noque \u00e0 la rencontre des Waraos, pour un voyage dans un monde pr\u00e9serv\u00e9.<\/div>\n<div>&nbsp;<\/div>\n<div>Dans la mer des Cara\u00efbes, goutez \u00e0 la douceur de l&rsquo;\u00eele de Margarita.<\/div>\n<div>&nbsp;<\/div>\n<div>Les Llanos, vastes plaines herbeuses bordant bordant la rive nord de l&rsquo;Orinoco, forme l&rsquo;un des grands attraits naturels de l&rsquo;Am\u00e9rique du Sud.&nbsp;<\/div>\n<div>&nbsp;<\/div>\n<div><a target=\"_blank\" href=\"tour_operateur\"><img loading=\"lazy\" decoding=\"async\" class=\" size-full wp-image-41\" src=\"http:\/\/abc-latina.com\/wp-content\/uploads\/2010\/04\/timbre_to.gif\" class=\"touroperateur\" alt=\"\" width=\"125\" height=\"90\" \/><\/a>L&rsquo;\u00e9tat de M\u00e9rida, le plus haut des Andes v\u00e9n\u00e9zu\u00e9liennes, dont les cimes sont couvertes de neiges \u00e9ternelles, est surnomm\u00e9 le toit du Venezuela. La r\u00e9gion aurait subi autrefois l&rsquo;ascendant de la civilisation Inca et on peut encore y admirer des champs en terrasses bord\u00e9s de Murets en pierre de cette \u00e9poque.<\/div>\n<div>&nbsp;<\/div>\n<h3>Les sites venezueliens class\u00e9s au patrimoine de l&rsquo;UNESCO:<\/h3>\n<div>Coro et son port &#8211; 1993<\/div>\n<div>Parc national de Canaima &#8211; 1994<\/div>\n<div>Ciudad Universitaria de Caracas &#8211; 2000<a target=\"_blank\" href=\"http:\/\/voyage.abc-latina.com\/voyage_venezuela\/venezuela.php\"><span class=\"sejour-circuit\"><br \/><\/span><\/a><\/div>\n<div>&nbsp;<\/div>\n<h3>Pr\u00e9parez votre voyage au Venezuela:<\/h3>\n<div><a href=\"https:\/\/www.abc-latina.com\/venezuela\/agence_de_voyages\">Agences de voyage g\u00e9n\u00e9ralistes et discounteurs<\/a><\/div>\n<div><a href=\"https:\/\/www.abc-latina.com\/venezuela\/tour_operateur\">Tours Op\u00e9rateurs sp\u00e9cialistes du Venezuela<\/a><\/div>\n<div><a target=\"_blank\" href=\"https:\/\/www.abc-latina.com\/to\/reservation_billet_avion\">R\u00e9servez votre billet d&rsquo;avion<\/a><\/div>\n<div><a href=\"https:\/\/www.abc-latina.com\/venezuela\/hotels\">R\u00e9servez votre h\u00f4tel au Venezuela<\/a>&nbsp;<\/div>\n<div><a target=\"_blank\" href=\"https:\/\/www.abc-latina.com\/to\/location_de_voiture_venezuela\">Location de voiture<\/a><\/div>\n<p>&nbsp;<\/p>\n","protected":false},"excerpt":{"rendered":"<p>&nbsp; Un voyage au Venezuela avec ses sites naturels d&rsquo;une grande beaut\u00e9, ses plages idylliques, l&rsquo;Amazonie ou encore les Andes [&hellip;]<\/p>\n","protected":false},"author":3,"featured_media":1073,"parent":2320,"menu_order":0,"comment_status":"closed","ping_status":"closed","template":"","meta":{"site-sidebar-layout":"default","site-content-layout":"","ast-site-content-layout":"default","site-content-style":"default","site-sidebar-style":"default","ast-global-header-display":"","ast-banner-title-visibility":"","ast-main-header-display":"","ast-hfb-above-header-display":"","ast-hfb-below-header-display":"","ast-hfb-mobile-header-display":"","site-post-title":"","ast-breadcrumbs-content":"","ast-featured-img":"","footer-sml-layout":"","ast-disable-related-posts":"","theme-transparent-header-meta":"","adv-header-id-meta":"","stick-header-meta":"","header-above-stick-meta":"","header-main-stick-meta":"","header-below-stick-meta":"","astra-migrate-meta-layouts":"default","ast-page-background-enabled":"default","ast-page-background-meta":{"desktop":{"background-color":"var(--ast-global-color-5)","background-image":"","background-repeat":"repeat","background-position":"center center","background-size":"auto","background-attachment":"scroll","background-type":"","background-media":"","overlay-type":"","overlay-color":"","overlay-opacity":"","overlay-gradient":""},"tablet":{"background-color":"","background-image":"","background-repeat":"repeat","background-position":"center center","background-size":"auto","background-attachment":"scroll","background-type":"","background-media":"","overlay-type":"","overlay-color":"","overlay-opacity":"","overlay-gradient":""},"mobile":{"background-color":"","background-image":"","background-repeat":"repeat","background-position":"center center","background-size":"auto","background-attachment":"scroll","background-type":"","background-media":"","overlay-type":"","overlay-color":"","overlay-opacity":"","overlay-gradient":""}},"ast-content-background-meta":{"desktop":{"background-color":"var(--ast-global-color-4)","background-image":"","background-repeat":"repeat","background-position":"center center","background-size":"auto","background-attachment":"scroll","background-type":"","background-media":"","overlay-type":"","overlay-color":"","overlay-opacity":"","overlay-gradient":""},"tablet":{"background-color":"var(--ast-global-color-4)","background-image":"","background-repeat":"repeat","background-position":"center center","background-size":"auto","background-attachment":"scroll","background-type":"","background-media":"","overlay-type":"","overlay-color":"","overlay-opacity":"","overlay-gradient":""},"mobile":{"background-color":"var(--ast-global-color-4)","background-image":"","background-repeat":"repeat","background-position":"center center","background-size":"auto","background-attachment":"scroll","background-type":"","background-media":"","overlay-type":"","overlay-color":"","overlay-opacity":"","overlay-gradient":""}},"footnotes":""},"class_list":["post-1488","page","type-page","status-publish","has-post-thumbnail","hentry"],"yoast_head":"<!-- This site is optimized with the Yoast SEO plugin v27.5 - https:\/\/yoast.com\/product\/yoast-seo-wordpress\/ -->\n<title>TOURISME &amp; VOYAGE au VENEZUELA - Abc-latina<\/title>\n<meta name=\"description\" content=\"Tourisme au Venezuela. Visite virtuelle du Venezuela.\" \/>\n<meta name=\"robots\" content=\"index, follow, max-snippet:-1, max-image-preview:large, max-video-preview:-1\" \/>\n<link rel=\"canonical\" href=\"https:\/\/abc-latina.com\/venezuela\/tourisme\/\" \/>\n<meta property=\"og:locale\" content=\"fr_FR\" \/>\n<meta property=\"og:type\" content=\"article\" \/>\n<meta property=\"og:title\" content=\"TOURISME &amp; VOYAGE au VENEZUELA - Abc-latina\" \/>\n<meta property=\"og:description\" content=\"Tourisme au Venezuela. Visite virtuelle du Venezuela.\" \/>\n<meta property=\"og:url\" content=\"https:\/\/abc-latina.com\/venezuela\/tourisme\/\" \/>\n<meta property=\"og:site_name\" content=\"Abc-latina\" \/>\n<meta property=\"article:modified_time\" content=\"2026-04-30T16:25:35+00:00\" \/>\n<meta property=\"og:image\" content=\"https:\/\/abc-latina.com\/wp-content\/uploads\/2010\/06\/isla_margarita-3.jpg\" \/>\n\t<meta property=\"og:image:width\" content=\"550\" \/>\n\t<meta property=\"og:image:height\" content=\"277\" \/>\n\t<meta property=\"og:image:type\" content=\"image\/jpeg\" \/>\n<meta name=\"twitter:card\" content=\"summary_large_image\" \/>\n<meta name=\"twitter:label1\" content=\"Dur\u00e9e de lecture estim\u00e9e\" \/>\n\t<meta name=\"twitter:data1\" content=\"2 minutes\" \/>\n<script type=\"application\/ld+json\" class=\"yoast-schema-graph\">{\"@context\":\"https:\\\/\\\/schema.org\",\"@graph\":[{\"@type\":\"WebPage\",\"@id\":\"https:\\\/\\\/abc-latina.com\\\/venezuela\\\/tourisme\\\/\",\"url\":\"https:\\\/\\\/abc-latina.com\\\/venezuela\\\/tourisme\\\/\",\"name\":\"TOURISME & VOYAGE au VENEZUELA - Abc-latina\",\"isPartOf\":{\"@id\":\"https:\\\/\\\/abc-latina.com\\\/#website\"},\"primaryImageOfPage\":{\"@id\":\"https:\\\/\\\/abc-latina.com\\\/venezuela\\\/tourisme\\\/#primaryimage\"},\"image\":{\"@id\":\"https:\\\/\\\/abc-latina.com\\\/venezuela\\\/tourisme\\\/#primaryimage\"},\"thumbnailUrl\":\"https:\\\/\\\/abc-latina.com\\\/wp-content\\\/uploads\\\/2010\\\/06\\\/isla_margarita-3.jpg\",\"datePublished\":\"2010-07-19T16:33:46+00:00\",\"dateModified\":\"2026-04-30T16:25:35+00:00\",\"description\":\"Tourisme au Venezuela. Visite virtuelle du Venezuela.\",\"breadcrumb\":{\"@id\":\"https:\\\/\\\/abc-latina.com\\\/venezuela\\\/tourisme\\\/#breadcrumb\"},\"inLanguage\":\"fr-FR\",\"potentialAction\":[{\"@type\":\"ReadAction\",\"target\":[\"https:\\\/\\\/abc-latina.com\\\/venezuela\\\/tourisme\\\/\"]}]},{\"@type\":\"ImageObject\",\"inLanguage\":\"fr-FR\",\"@id\":\"https:\\\/\\\/abc-latina.com\\\/venezuela\\\/tourisme\\\/#primaryimage\",\"url\":\"https:\\\/\\\/abc-latina.com\\\/wp-content\\\/uploads\\\/2010\\\/06\\\/isla_margarita-3.jpg\",\"contentUrl\":\"https:\\\/\\\/abc-latina.com\\\/wp-content\\\/uploads\\\/2010\\\/06\\\/isla_margarita-3.jpg\",\"width\":550,\"height\":277,\"caption\":\"ISLA MARGARITA\"},{\"@type\":\"BreadcrumbList\",\"@id\":\"https:\\\/\\\/abc-latina.com\\\/venezuela\\\/tourisme\\\/#breadcrumb\",\"itemListElement\":[{\"@type\":\"ListItem\",\"position\":1,\"name\":\"Accueil\",\"item\":\"https:\\\/\\\/abc-latina.com\\\/\"},{\"@type\":\"ListItem\",\"position\":2,\"name\":\"TOURISME &#038; VOYAGE au VENEZUELA\"}]},{\"@type\":\"WebSite\",\"@id\":\"https:\\\/\\\/abc-latina.com\\\/#website\",\"url\":\"https:\\\/\\\/abc-latina.com\\\/\",\"name\":\"Abc-latina\",\"description\":\"\",\"publisher\":{\"@id\":\"https:\\\/\\\/abc-latina.com\\\/#organization\"},\"potentialAction\":[{\"@type\":\"SearchAction\",\"target\":{\"@type\":\"EntryPoint\",\"urlTemplate\":\"https:\\\/\\\/abc-latina.com\\\/?s={search_term_string}\"},\"query-input\":{\"@type\":\"PropertyValueSpecification\",\"valueRequired\":true,\"valueName\":\"search_term_string\"}}],\"inLanguage\":\"fr-FR\"},{\"@type\":\"Organization\",\"@id\":\"https:\\\/\\\/abc-latina.com\\\/#organization\",\"name\":\"Abc-latina\",\"url\":\"https:\\\/\\\/abc-latina.com\\\/\",\"logo\":{\"@type\":\"ImageObject\",\"inLanguage\":\"fr-FR\",\"@id\":\"https:\\\/\\\/abc-latina.com\\\/#\\\/schema\\\/logo\\\/image\\\/\",\"url\":\"https:\\\/\\\/abc-latina.com\\\/wp-content\\\/uploads\\\/2026\\\/05\\\/cropped-logo.gif\",\"contentUrl\":\"https:\\\/\\\/abc-latina.com\\\/wp-content\\\/uploads\\\/2026\\\/05\\\/cropped-logo.gif\",\"width\":89,\"height\":84,\"caption\":\"Abc-latina\"},\"image\":{\"@id\":\"https:\\\/\\\/abc-latina.com\\\/#\\\/schema\\\/logo\\\/image\\\/\"}}]}<\/script>\n<!-- \/ Yoast SEO plugin. -->","yoast_head_json":{"title":"TOURISME & VOYAGE au VENEZUELA - Abc-latina","description":"Tourisme au Venezuela. Visite virtuelle du Venezuela.","robots":{"index":"index","follow":"follow","max-snippet":"max-snippet:-1","max-image-preview":"max-image-preview:large","max-video-preview":"max-video-preview:-1"},"canonical":"https:\/\/abc-latina.com\/venezuela\/tourisme\/","og_locale":"fr_FR","og_type":"article","og_title":"TOURISME & VOYAGE au VENEZUELA - Abc-latina","og_description":"Tourisme au Venezuela. Visite virtuelle du Venezuela.","og_url":"https:\/\/abc-latina.com\/venezuela\/tourisme\/","og_site_name":"Abc-latina","article_modified_time":"2026-04-30T16:25:35+00:00","og_image":[{"width":550,"height":277,"url":"https:\/\/abc-latina.com\/wp-content\/uploads\/2010\/06\/isla_margarita-3.jpg","type":"image\/jpeg"}],"twitter_card":"summary_large_image","twitter_misc":{"Dur\u00e9e de lecture estim\u00e9e":"2 minutes"},"schema":{"@context":"https:\/\/schema.org","@graph":[{"@type":"WebPage","@id":"https:\/\/abc-latina.com\/venezuela\/tourisme\/","url":"https:\/\/abc-latina.com\/venezuela\/tourisme\/","name":"TOURISME & VOYAGE au VENEZUELA - Abc-latina","isPartOf":{"@id":"https:\/\/abc-latina.com\/#website"},"primaryImageOfPage":{"@id":"https:\/\/abc-latina.com\/venezuela\/tourisme\/#primaryimage"},"image":{"@id":"https:\/\/abc-latina.com\/venezuela\/tourisme\/#primaryimage"},"thumbnailUrl":"https:\/\/abc-latina.com\/wp-content\/uploads\/2010\/06\/isla_margarita-3.jpg","datePublished":"2010-07-19T16:33:46+00:00","dateModified":"2026-04-30T16:25:35+00:00","description":"Tourisme au Venezuela. Visite virtuelle du Venezuela.","breadcrumb":{"@id":"https:\/\/abc-latina.com\/venezuela\/tourisme\/#breadcrumb"},"inLanguage":"fr-FR","potentialAction":[{"@type":"ReadAction","target":["https:\/\/abc-latina.com\/venezuela\/tourisme\/"]}]},{"@type":"ImageObject","inLanguage":"fr-FR","@id":"https:\/\/abc-latina.com\/venezuela\/tourisme\/#primaryimage","url":"https:\/\/abc-latina.com\/wp-content\/uploads\/2010\/06\/isla_margarita-3.jpg","contentUrl":"https:\/\/abc-latina.com\/wp-content\/uploads\/2010\/06\/isla_margarita-3.jpg","width":550,"height":277,"caption":"ISLA MARGARITA"},{"@type":"BreadcrumbList","@id":"https:\/\/abc-latina.com\/venezuela\/tourisme\/#breadcrumb","itemListElement":[{"@type":"ListItem","position":1,"name":"Accueil","item":"https:\/\/abc-latina.com\/"},{"@type":"ListItem","position":2,"name":"TOURISME &#038; VOYAGE au VENEZUELA"}]},{"@type":"WebSite","@id":"https:\/\/abc-latina.com\/#website","url":"https:\/\/abc-latina.com\/","name":"Abc-latina","description":"","publisher":{"@id":"https:\/\/abc-latina.com\/#organization"},"potentialAction":[{"@type":"SearchAction","target":{"@type":"EntryPoint","urlTemplate":"https:\/\/abc-latina.com\/?s={search_term_string}"},"query-input":{"@type":"PropertyValueSpecification","valueRequired":true,"valueName":"search_term_string"}}],"inLanguage":"fr-FR"},{"@type":"Organization","@id":"https:\/\/abc-latina.com\/#organization","name":"Abc-latina","url":"https:\/\/abc-latina.com\/","logo":{"@type":"ImageObject","inLanguage":"fr-FR","@id":"https:\/\/abc-latina.com\/#\/schema\/logo\/image\/","url":"https:\/\/abc-latina.com\/wp-content\/uploads\/2026\/05\/cropped-logo.gif","contentUrl":"https:\/\/abc-latina.com\/wp-content\/uploads\/2026\/05\/cropped-logo.gif","width":89,"height":84,"caption":"Abc-latina"},"image":{"@id":"https:\/\/abc-latina.com\/#\/schema\/logo\/image\/"}}]}},"_links":{"self":[{"href":"https:\/\/abc-latina.com\/wp-json\/wp\/v2\/pages\/1488","targetHints":{"allow":["GET"]}}],"collection":[{"href":"https:\/\/abc-latina.com\/wp-json\/wp\/v2\/pages"}],"about":[{"href":"https:\/\/abc-latina.com\/wp-json\/wp\/v2\/types\/page"}],"author":[{"embeddable":true,"href":"https:\/\/abc-latina.com\/wp-json\/wp\/v2\/users\/3"}],"replies":[{"embeddable":true,"href":"https:\/\/abc-latina.com\/wp-json\/wp\/v2\/comments?post=1488"}],"version-history":[{"count":1,"href":"https:\/\/abc-latina.com\/wp-json\/wp\/v2\/pages\/1488\/revisions"}],"predecessor-version":[{"id":4144,"href":"https:\/\/abc-latina.com\/wp-json\/wp\/v2\/pages\/1488\/revisions\/4144"}],"up":[{"embeddable":true,"href":"https:\/\/abc-latina.com\/wp-json\/wp\/v2\/pages\/2320"}],"wp:featuredmedia":[{"embeddable":true,"href":"https:\/\/abc-latina.com\/wp-json\/wp\/v2\/media\/1073"}],"wp:attachment":[{"href":"https:\/\/abc-latina.com\/wp-json\/wp\/v2\/media?parent=1488"}],"curies":[{"name":"wp","href":"https:\/\/api.w.org\/{rel}","templated":true}]}}