{"id":151,"date":"2010-06-02T02:43:32","date_gmt":"2010-06-02T00:43:32","guid":{"rendered":"http:\/\/abc-latina.com\/gaucho-htm\/"},"modified":"2018-05-29T23:10:54","modified_gmt":"2018-05-29T21:10:54","slug":"gaucho","status":"publish","type":"page","link":"https:\/\/abc-latina.com\/gaucho\/","title":{"rendered":"Le GAUCHO"},"content":{"rendered":"<p>Le terme <span class=\"tourisme-chapitre\">gaucho <\/span>(en espagnol gaucho et en portugais ga\u00facho) d\u00e9signe en Argentine, en <a href=\"http:\/\/www.abc-latina.com\/uruguay\/\" target=\"_blank\">Uruguay<\/a> et au <a href=\"http:\/\/www.abc-latina.com\/bresil\/\" target=\"_blank\">Br\u00e9sil<\/a> le peuple de gardiens de troupeaux de la pampa sud-am\u00e9ricaine. L&rsquo;\u00e9tymologie de ce terme aurait pour origine la langue quechua.<\/p>\n<p>Le terme <span class=\"tourisme-chapitre\">gaucho <\/span>(en espagnol gaucho et en portugais ga\u00facho) d\u00e9signe en Argentine, en <a href=\"https:\/\/www.abc-latina.com\/uruguay\/\" target=\"_blank\">Uruguay<\/a> et au <a href=\"https:\/\/www.abc-latina.com\/bresil\/\" target=\"_blank\">Br\u00e9sil<\/a> le peuple de gardiens de troupeaux de la pampa sud-am\u00e9ricaine. L&rsquo;\u00e9tymologie de ce terme aurait pour origine la langue quechua.<\/p>\n<p>On appelle gaucha (ou china) la compagne du gaucho. Aussi bonne cavali\u00e8re que lui, c&rsquo;est elle qui s&rsquo;occupe de faire pousser les c\u00e9r\u00e9ales (bl\u00e9 et ma\u00efs), les past\u00e8ques, les oignons, de faire cuire le pain au four, et tisser les ponchos de son compagnon. Vestimentairement, on peut la reconnaitre \u00e0 la chemise qu&rsquo;elle porte par-dessus un sous-v\u00eatement, assortie d&rsquo;une ample et longue robe \u00e0 franges, ainsi qu&rsquo;une \u00e9charpe de coton. Sa coiffure est de plus souvent faite de deux tresses.<\/p>\n<p>Page en cours &#8230;.<\/p>\n<p>Source Wikip\u00e9dia<\/p>\n","protected":false},"excerpt":{"rendered":"<p>Le terme gaucho (en espagnol gaucho et en portugais ga\u00facho) d\u00e9signe en Argentine, en Uruguay et au Br\u00e9sil le peuple [&hellip;]<\/p>\n","protected":false},"author":3,"featured_media":0,"parent":0,"menu_order":0,"comment_status":"closed","ping_status":"closed","template":"","meta":{"site-sidebar-layout":"default","site-content-layout":"","ast-site-content-layout":"default","site-content-style":"default","site-sidebar-style":"default","ast-global-header-display":"","ast-banner-title-visibility":"","ast-main-header-display":"","ast-hfb-above-header-display":"","ast-hfb-below-header-display":"","ast-hfb-mobile-header-display":"","site-post-title":"","ast-breadcrumbs-content":"","ast-featured-img":"","footer-sml-layout":"","ast-disable-related-posts":"","theme-transparent-header-meta":"","adv-header-id-meta":"","stick-header-meta":"","header-above-stick-meta":"","header-main-stick-meta":"","header-below-stick-meta":"","astra-migrate-meta-layouts":"default","ast-page-background-enabled":"default","ast-page-background-meta":{"desktop":{"background-color":"var(--ast-global-color-5)","background-image":"","background-repeat":"repeat","background-position":"center center","background-size":"auto","background-attachment":"scroll","background-type":"","background-media":"","overlay-type":"","overlay-color":"","overlay-opacity":"","overlay-gradient":""},"tablet":{"background-color":"","background-image":"","background-repeat":"repeat","background-position":"center center","background-size":"auto","background-attachment":"scroll","background-type":"","background-media":"","overlay-type":"","overlay-color":"","overlay-opacity":"","overlay-gradient":""},"mobile":{"background-color":"","background-image":"","background-repeat":"repeat","background-position":"center center","background-size":"auto","background-attachment":"scroll","background-type":"","background-media":"","overlay-type":"","overlay-color":"","overlay-opacity":"","overlay-gradient":""}},"ast-content-background-meta":{"desktop":{"background-color":"var(--ast-global-color-4)","background-image":"","background-repeat":"repeat","background-position":"center center","background-size":"auto","background-attachment":"scroll","background-type":"","background-media":"","overlay-type":"","overlay-color":"","overlay-opacity":"","overlay-gradient":""},"tablet":{"background-color":"var(--ast-global-color-4)","background-image":"","background-repeat":"repeat","background-position":"center center","background-size":"auto","background-attachment":"scroll","background-type":"","background-media":"","overlay-type":"","overlay-color":"","overlay-opacity":"","overlay-gradient":""},"mobile":{"background-color":"var(--ast-global-color-4)","background-image":"","background-repeat":"repeat","background-position":"center center","background-size":"auto","background-attachment":"scroll","background-type":"","background-media":"","overlay-type":"","overlay-color":"","overlay-opacity":"","overlay-gradient":""}},"footnotes":""},"class_list":["post-151","page","type-page","status-publish","hentry"],"yoast_head":"<!-- This site is optimized with the Yoast SEO plugin v27.5 - https:\/\/yoast.com\/product\/yoast-seo-wordpress\/ -->\n<title>Le GAUCHO - Abc-latina<\/title>\n<meta name=\"description\" content=\"Le Gaucho, un symbole de l&#039; argentine.\" \/>\n<meta name=\"robots\" content=\"index, follow, max-snippet:-1, max-image-preview:large, max-video-preview:-1\" \/>\n<link rel=\"canonical\" href=\"https:\/\/abc-latina.com\/gaucho\/\" \/>\n<meta property=\"og:locale\" content=\"fr_FR\" \/>\n<meta property=\"og:type\" content=\"article\" \/>\n<meta property=\"og:title\" content=\"Le GAUCHO - Abc-latina\" \/>\n<meta property=\"og:description\" content=\"Le Gaucho, un symbole de l&#039; argentine.\" \/>\n<meta property=\"og:url\" content=\"https:\/\/abc-latina.com\/gaucho\/\" \/>\n<meta property=\"og:site_name\" content=\"Abc-latina\" \/>\n<meta property=\"article:modified_time\" content=\"2018-05-29T21:10:54+00:00\" \/>\n<meta name=\"twitter:card\" content=\"summary_large_image\" \/>\n<meta name=\"twitter:label1\" content=\"Dur\u00e9e de lecture estim\u00e9e\" \/>\n\t<meta name=\"twitter:data1\" content=\"1 minute\" \/>\n<script type=\"application\/ld+json\" class=\"yoast-schema-graph\">{\"@context\":\"https:\\\/\\\/schema.org\",\"@graph\":[{\"@type\":\"WebPage\",\"@id\":\"https:\\\/\\\/abc-latina.com\\\/gaucho\\\/\",\"url\":\"https:\\\/\\\/abc-latina.com\\\/gaucho\\\/\",\"name\":\"Le GAUCHO - Abc-latina\",\"isPartOf\":{\"@id\":\"https:\\\/\\\/abc-latina.com\\\/#website\"},\"datePublished\":\"2010-06-02T00:43:32+00:00\",\"dateModified\":\"2018-05-29T21:10:54+00:00\",\"description\":\"Le Gaucho, un symbole de l' argentine.\",\"breadcrumb\":{\"@id\":\"https:\\\/\\\/abc-latina.com\\\/gaucho\\\/#breadcrumb\"},\"inLanguage\":\"fr-FR\",\"potentialAction\":[{\"@type\":\"ReadAction\",\"target\":[\"https:\\\/\\\/abc-latina.com\\\/gaucho\\\/\"]}]},{\"@type\":\"BreadcrumbList\",\"@id\":\"https:\\\/\\\/abc-latina.com\\\/gaucho\\\/#breadcrumb\",\"itemListElement\":[{\"@type\":\"ListItem\",\"position\":1,\"name\":\"Accueil\",\"item\":\"https:\\\/\\\/abc-latina.com\\\/\"},{\"@type\":\"ListItem\",\"position\":2,\"name\":\"Le GAUCHO\"}]},{\"@type\":\"WebSite\",\"@id\":\"https:\\\/\\\/abc-latina.com\\\/#website\",\"url\":\"https:\\\/\\\/abc-latina.com\\\/\",\"name\":\"Abc-latina\",\"description\":\"\",\"publisher\":{\"@id\":\"https:\\\/\\\/abc-latina.com\\\/#organization\"},\"potentialAction\":[{\"@type\":\"SearchAction\",\"target\":{\"@type\":\"EntryPoint\",\"urlTemplate\":\"https:\\\/\\\/abc-latina.com\\\/?s={search_term_string}\"},\"query-input\":{\"@type\":\"PropertyValueSpecification\",\"valueRequired\":true,\"valueName\":\"search_term_string\"}}],\"inLanguage\":\"fr-FR\"},{\"@type\":\"Organization\",\"@id\":\"https:\\\/\\\/abc-latina.com\\\/#organization\",\"name\":\"Abc-latina\",\"url\":\"https:\\\/\\\/abc-latina.com\\\/\",\"logo\":{\"@type\":\"ImageObject\",\"inLanguage\":\"fr-FR\",\"@id\":\"https:\\\/\\\/abc-latina.com\\\/#\\\/schema\\\/logo\\\/image\\\/\",\"url\":\"https:\\\/\\\/abc-latina.com\\\/wp-content\\\/uploads\\\/2026\\\/05\\\/cropped-logo.gif\",\"contentUrl\":\"https:\\\/\\\/abc-latina.com\\\/wp-content\\\/uploads\\\/2026\\\/05\\\/cropped-logo.gif\",\"width\":89,\"height\":84,\"caption\":\"Abc-latina\"},\"image\":{\"@id\":\"https:\\\/\\\/abc-latina.com\\\/#\\\/schema\\\/logo\\\/image\\\/\"}}]}<\/script>\n<!-- \/ Yoast SEO plugin. -->","yoast_head_json":{"title":"Le GAUCHO - Abc-latina","description":"Le Gaucho, un symbole de l' argentine.","robots":{"index":"index","follow":"follow","max-snippet":"max-snippet:-1","max-image-preview":"max-image-preview:large","max-video-preview":"max-video-preview:-1"},"canonical":"https:\/\/abc-latina.com\/gaucho\/","og_locale":"fr_FR","og_type":"article","og_title":"Le GAUCHO - Abc-latina","og_description":"Le Gaucho, un symbole de l' argentine.","og_url":"https:\/\/abc-latina.com\/gaucho\/","og_site_name":"Abc-latina","article_modified_time":"2018-05-29T21:10:54+00:00","twitter_card":"summary_large_image","twitter_misc":{"Dur\u00e9e de lecture estim\u00e9e":"1 minute"},"schema":{"@context":"https:\/\/schema.org","@graph":[{"@type":"WebPage","@id":"https:\/\/abc-latina.com\/gaucho\/","url":"https:\/\/abc-latina.com\/gaucho\/","name":"Le GAUCHO - Abc-latina","isPartOf":{"@id":"https:\/\/abc-latina.com\/#website"},"datePublished":"2010-06-02T00:43:32+00:00","dateModified":"2018-05-29T21:10:54+00:00","description":"Le Gaucho, un symbole de l' argentine.","breadcrumb":{"@id":"https:\/\/abc-latina.com\/gaucho\/#breadcrumb"},"inLanguage":"fr-FR","potentialAction":[{"@type":"ReadAction","target":["https:\/\/abc-latina.com\/gaucho\/"]}]},{"@type":"BreadcrumbList","@id":"https:\/\/abc-latina.com\/gaucho\/#breadcrumb","itemListElement":[{"@type":"ListItem","position":1,"name":"Accueil","item":"https:\/\/abc-latina.com\/"},{"@type":"ListItem","position":2,"name":"Le GAUCHO"}]},{"@type":"WebSite","@id":"https:\/\/abc-latina.com\/#website","url":"https:\/\/abc-latina.com\/","name":"Abc-latina","description":"","publisher":{"@id":"https:\/\/abc-latina.com\/#organization"},"potentialAction":[{"@type":"SearchAction","target":{"@type":"EntryPoint","urlTemplate":"https:\/\/abc-latina.com\/?s={search_term_string}"},"query-input":{"@type":"PropertyValueSpecification","valueRequired":true,"valueName":"search_term_string"}}],"inLanguage":"fr-FR"},{"@type":"Organization","@id":"https:\/\/abc-latina.com\/#organization","name":"Abc-latina","url":"https:\/\/abc-latina.com\/","logo":{"@type":"ImageObject","inLanguage":"fr-FR","@id":"https:\/\/abc-latina.com\/#\/schema\/logo\/image\/","url":"https:\/\/abc-latina.com\/wp-content\/uploads\/2026\/05\/cropped-logo.gif","contentUrl":"https:\/\/abc-latina.com\/wp-content\/uploads\/2026\/05\/cropped-logo.gif","width":89,"height":84,"caption":"Abc-latina"},"image":{"@id":"https:\/\/abc-latina.com\/#\/schema\/logo\/image\/"}}]}},"_links":{"self":[{"href":"https:\/\/abc-latina.com\/wp-json\/wp\/v2\/pages\/151","targetHints":{"allow":["GET"]}}],"collection":[{"href":"https:\/\/abc-latina.com\/wp-json\/wp\/v2\/pages"}],"about":[{"href":"https:\/\/abc-latina.com\/wp-json\/wp\/v2\/types\/page"}],"author":[{"embeddable":true,"href":"https:\/\/abc-latina.com\/wp-json\/wp\/v2\/users\/3"}],"replies":[{"embeddable":true,"href":"https:\/\/abc-latina.com\/wp-json\/wp\/v2\/comments?post=151"}],"version-history":[{"count":0,"href":"https:\/\/abc-latina.com\/wp-json\/wp\/v2\/pages\/151\/revisions"}],"wp:attachment":[{"href":"https:\/\/abc-latina.com\/wp-json\/wp\/v2\/media?parent=151"}],"curies":[{"name":"wp","href":"https:\/\/api.w.org\/{rel}","templated":true}]}}