{"id":1512,"date":"2010-07-19T19:19:52","date_gmt":"2010-07-19T17:19:52","guid":{"rendered":"http:\/\/abc-latina.com\/television-htm-10\/"},"modified":"2026-04-30T18:24:52","modified_gmt":"2026-04-30T16:24:52","slug":"television","status":"publish","type":"page","link":"https:\/\/abc-latina.com\/bresil\/television\/","title":{"rendered":"Les TELEVISIONS br\u00e9siliennes"},"content":{"rendered":"<p style=\"text-align: center; \">&nbsp;<\/p>\n<div align=\"center\">\n<table width=\"410\" height=\"160\" cellspacing=\"1\" bgcolor=\"#666666\" align=\"center\">\n<tbody>\n<tr>\n<td width=\"550\" valign=\"middle\" height=\"92\" bgcolor=\"#FFFFFF\" background=\"https:\/\/www.abc-latina.com\/images\/a\/taches_1.gif\" align=\"center\">\n<div align=\"center\"><font color=\"#999999\"><b><font color=\"#999999\"><b><font size=\"4\" face=\"Arial\">TV Cancao Nova&nbsp;<\/font><\/b><\/font><font size=\"2\" face=\"Arial\">&#8211;&nbsp;<\/font><\/b><font size=\"2\" face=\"Arial\"><font color=\"#FF8000\">Br\u00e9sil<\/font><\/font><br \/> <font size=\"2\" face=\"Arial\"><font color=\"#FF0000\"><font color=\"#666666\">Cha\u00eene&nbsp;<\/font><\/font><\/font><font color=\"#999999\"><font size=\"2\" face=\"Arial\"><font color=\"#FF0000\"><font color=\"#666666\">g\u00e9n\u00e9raliste<\/font><\/font><\/font><\/font><\/p>\n<p> <font size=\"2\" face=\"Arial\" color=\"#333333\"><font color=\"#666666\">Pour voir les programmes&nbsp;<b>en direct<\/b><\/font>&nbsp;<\/font><font color=\"#999999\"><b><font color=\"#999999\"><b><font color=\"#999999\"><b><font size=\"2\" face=\"Arial\"><a href=\"rtsp:\/\/216.144.163.129:554\/encoder\/envivo.rm\" style=\"text-decoration: none; \"><img loading=\"lazy\" decoding=\"async\" class=\" size-full wp-image-950\" src=\"http:\/\/abc-latina.com\/wp-content\/uploads\/2010\/06\/cliquez.gif\" alt=\"\" width=\"60\" height=\"13\" border=\"0\" \/><\/a><\/font><\/b><\/font><\/b><\/font><\/b><\/font><b><font size=\"2\" face=\"Arial\">&nbsp;&#8211; en cours<\/font><\/b><br \/> <font size=\"1\" face=\"Arial\" color=\"#666666\">(ce m\u00e9dia utilise real player)<\/font><\/p>\n<p> <font size=\"2\" face=\"Arial\"><a href=\"http:\/\/www.cancaonova.org.br\/\" style=\"text-decoration: none; \" target=\"_blank\"><font color=\"#666666\">Le site de Cancao Nova<\/font><\/a><\/font><\/font><\/div>\n<\/td>\n<\/tr>\n<\/tbody>\n<\/table>\n<p> <\/p>\n<table width=\"410\" height=\"160\" cellspacing=\"1\" bgcolor=\"#666666\" align=\"center\">\n<tbody>\n<tr>\n<td width=\"550\" valign=\"middle\" height=\"92\" bgcolor=\"#FFFFFF\" background=\"https:\/\/www.abc-latina.com\/images\/a\/taches_1.gif\" align=\"center\">\n<div align=\"center\"><font color=\"#999999\"><b><font color=\"#999999\"><b><font size=\"4\" face=\"Arial, Helvetica, sans-serif\">ALL TV&nbsp;<\/font><\/b><\/font><font size=\"2\" face=\"Arial\">&#8211;&nbsp;<\/font><\/b><font size=\"2\" face=\"Arial\" color=\"#FF8000\">Br\u00e9sil<\/font><\/p>\n<p> <font size=\"2\" face=\"Arial\" color=\"#333333\"><font color=\"#666666\">Pour voir les programmes&nbsp;<b>en direct<\/b><\/font>&nbsp;<\/font><b><font color=\"#999999\"><b><font color=\"#999999\"><b><font size=\"2\" face=\"Arial\"><a href=\"http:\/\/www.alltv.com.br\/\" style=\"text-decoration: none; \" target=\"_blank\"><img loading=\"lazy\" decoding=\"async\" class=\" size-full wp-image-950\" src=\"http:\/\/abc-latina.com\/wp-content\/uploads\/2010\/06\/cliquez.gif\" alt=\"\" width=\"60\" height=\"13\" border=\"0\" \/><\/a><\/font><\/b><\/font><\/b><\/font><br \/> <font color=\"#999999\"><font size=\"1\" face=\"Arial\" color=\"#666666\">(ce m\u00e9dia utilise real player)<\/font><\/font><\/b><\/p>\n<p> <font size=\"2\" face=\"Arial\"><a href=\"http:\/\/www.alltv.com.br\/\" style=\"text-decoration: none; \" target=\"_blank\"><font color=\"#666666\">Le site de All TV<\/font><\/a><\/font><\/font><\/div>\n<\/td>\n<\/tr>\n<\/tbody>\n<\/table>\n<p> <\/p>\n<table width=\"410\" height=\"160\" cellspacing=\"1\" bgcolor=\"#666666\" align=\"center\">\n<tbody>\n<tr>\n<td width=\"550\" valign=\"middle\" height=\"92\" bgcolor=\"#FFFFFF\" background=\"https:\/\/www.abc-latina.com\/images\/a\/taches_1.gif\" align=\"center\">\n<div align=\"center\"><font color=\"#999999\"><b><font color=\"#999999\"><b><font size=\"4\" face=\"Arial\">TV Brazil&nbsp;<\/font><\/b><\/font><font size=\"2\" face=\"Arial\">&#8211;&nbsp;<\/font><\/b><font size=\"2\" face=\"Arial\"><font color=\"#FF8000\">Br\u00e9sil<\/font><\/font><br \/> <font size=\"2\" face=\"Arial\"><font color=\"#FF0000\"><font color=\"#666666\">Cha\u00eene&nbsp;<\/font><\/font><\/font><font color=\"#999999\"><font size=\"2\" face=\"Arial\"><font color=\"#FF0000\"><font color=\"#666666\">g\u00e9n\u00e9raliste<\/font><\/font><\/font><\/font><\/p>\n<p> <font size=\"2\" face=\"Arial\" color=\"#333333\"><font color=\"#666666\">Pour voir les programmes&nbsp;<b>en direct<\/b><\/font>&nbsp;<\/font><font color=\"#999999\"><b><font color=\"#999999\"><b><font color=\"#999999\"><b><font size=\"2\" face=\"Arial\"><img loading=\"lazy\" decoding=\"async\" class=\" size-full wp-image-950\" src=\"http:\/\/abc-latina.com\/wp-content\/uploads\/2010\/06\/cliquez.gif\" alt=\"\" width=\"60\" height=\"13\" border=\"0\" \/><\/font><\/b><\/font><\/b><\/font><\/b><\/font><b><font size=\"2\" face=\"Arial\">&nbsp;&#8211; en cours<\/font><\/b><br \/> <font size=\"1\" face=\"Arial\" color=\"#666666\">(ce m\u00e9dia utilise real player)<\/font><\/p>\n<p> <font size=\"2\" face=\"Arial\"><a href=\"http:\/\/www.tvebrasil.com.br\/\" style=\"text-decoration: none; \" target=\"_blank\"><font color=\"#666666\">Le site de TV Brazil<\/font><\/a><\/font><\/font><\/div>\n<\/td>\n<\/tr>\n<\/tbody>\n<\/table>\n<\/div>\n<blockquote>\n<div align=\"center\">\n<div align=\"left\">\n<p> <font size=\"2\" face=\"Arial, Helvetica, sans-serif\">La t\u00e9l\u00e9vision est tr\u00e8s r\u00e9pandue dans tout le pays. Les principales cha\u00eenes sont Globo (la plus populaire), Rede TV et Bandeirantes. Des programmes culturels et \u00e9ducatifs sont diffus\u00e9s t\u00f4t le matin, de six \u00e0 huit heures. Le journal national est pr\u00e9sent\u00e9 chaque soir \u00e0 20 heures. Le feuilleton, appel\u00e9 novela, est une institution et fait partie de la vie quotidienne.<\/font><\/p>\n<\/div>\n<\/div>\n<\/blockquote>\n","protected":false},"excerpt":{"rendered":"<p>&nbsp; TV Cancao Nova&nbsp;&#8211;&nbsp;Br\u00e9sil Cha\u00eene&nbsp;g\u00e9n\u00e9raliste Pour voir les programmes&nbsp;en direct&nbsp;&nbsp;&#8211; en cours (ce m\u00e9dia utilise real player) Le site de [&hellip;]<\/p>\n","protected":false},"author":3,"featured_media":950,"parent":2297,"menu_order":0,"comment_status":"closed","ping_status":"closed","template":"","meta":{"site-sidebar-layout":"default","site-content-layout":"","ast-site-content-layout":"default","site-content-style":"default","site-sidebar-style":"default","ast-global-header-display":"","ast-banner-title-visibility":"","ast-main-header-display":"","ast-hfb-above-header-display":"","ast-hfb-below-header-display":"","ast-hfb-mobile-header-display":"","site-post-title":"","ast-breadcrumbs-content":"","ast-featured-img":"","footer-sml-layout":"","ast-disable-related-posts":"","theme-transparent-header-meta":"","adv-header-id-meta":"","stick-header-meta":"","header-above-stick-meta":"","header-main-stick-meta":"","header-below-stick-meta":"","astra-migrate-meta-layouts":"default","ast-page-background-enabled":"default","ast-page-background-meta":{"desktop":{"background-color":"var(--ast-global-color-5)","background-image":"","background-repeat":"repeat","background-position":"center center","background-size":"auto","background-attachment":"scroll","background-type":"","background-media":"","overlay-type":"","overlay-color":"","overlay-opacity":"","overlay-gradient":""},"tablet":{"background-color":"","background-image":"","background-repeat":"repeat","background-position":"center center","background-size":"auto","background-attachment":"scroll","background-type":"","background-media":"","overlay-type":"","overlay-color":"","overlay-opacity":"","overlay-gradient":""},"mobile":{"background-color":"","background-image":"","background-repeat":"repeat","background-position":"center center","background-size":"auto","background-attachment":"scroll","background-type":"","background-media":"","overlay-type":"","overlay-color":"","overlay-opacity":"","overlay-gradient":""}},"ast-content-background-meta":{"desktop":{"background-color":"var(--ast-global-color-4)","background-image":"","background-repeat":"repeat","background-position":"center center","background-size":"auto","background-attachment":"scroll","background-type":"","background-media":"","overlay-type":"","overlay-color":"","overlay-opacity":"","overlay-gradient":""},"tablet":{"background-color":"var(--ast-global-color-4)","background-image":"","background-repeat":"repeat","background-position":"center center","background-size":"auto","background-attachment":"scroll","background-type":"","background-media":"","overlay-type":"","overlay-color":"","overlay-opacity":"","overlay-gradient":""},"mobile":{"background-color":"var(--ast-global-color-4)","background-image":"","background-repeat":"repeat","background-position":"center center","background-size":"auto","background-attachment":"scroll","background-type":"","background-media":"","overlay-type":"","overlay-color":"","overlay-opacity":"","overlay-gradient":""}},"footnotes":""},"class_list":["post-1512","page","type-page","status-publish","has-post-thumbnail","hentry"],"yoast_head":"<!-- This site is optimized with the Yoast SEO plugin v27.5 - https:\/\/yoast.com\/product\/yoast-seo-wordpress\/ -->\n<title>Les TELEVISIONS br\u00e9siliennes - Abc-latina<\/title>\n<meta name=\"description\" content=\"Regardez en direct les t\u00e9l\u00e9visions br\u00e9siliennes sur la toile !\" \/>\n<meta name=\"robots\" content=\"index, follow, max-snippet:-1, max-image-preview:large, max-video-preview:-1\" \/>\n<link rel=\"canonical\" href=\"https:\/\/abc-latina.com\/bresil\/television\/\" \/>\n<meta property=\"og:locale\" content=\"fr_FR\" \/>\n<meta property=\"og:type\" content=\"article\" \/>\n<meta property=\"og:title\" content=\"Les TELEVISIONS br\u00e9siliennes - Abc-latina\" \/>\n<meta property=\"og:description\" content=\"Regardez en direct les t\u00e9l\u00e9visions br\u00e9siliennes sur la toile !\" \/>\n<meta property=\"og:url\" content=\"https:\/\/abc-latina.com\/bresil\/television\/\" \/>\n<meta property=\"og:site_name\" content=\"Abc-latina\" \/>\n<meta property=\"article:modified_time\" content=\"2026-04-30T16:24:52+00:00\" \/>\n<meta property=\"og:image\" content=\"https:\/\/abc-latina.com\/wp-content\/uploads\/2010\/06\/cliquez.gif\" \/>\n\t<meta property=\"og:image:width\" content=\"60\" \/>\n\t<meta property=\"og:image:height\" content=\"13\" \/>\n\t<meta property=\"og:image:type\" content=\"image\/gif\" \/>\n<meta name=\"twitter:card\" content=\"summary_large_image\" \/>\n<meta name=\"twitter:label1\" content=\"Dur\u00e9e de lecture estim\u00e9e\" \/>\n\t<meta name=\"twitter:data1\" content=\"1 minute\" \/>\n<script type=\"application\/ld+json\" class=\"yoast-schema-graph\">{\"@context\":\"https:\\\/\\\/schema.org\",\"@graph\":[{\"@type\":\"WebPage\",\"@id\":\"https:\\\/\\\/abc-latina.com\\\/bresil\\\/television\\\/\",\"url\":\"https:\\\/\\\/abc-latina.com\\\/bresil\\\/television\\\/\",\"name\":\"Les TELEVISIONS br\u00e9siliennes - Abc-latina\",\"isPartOf\":{\"@id\":\"https:\\\/\\\/abc-latina.com\\\/#website\"},\"primaryImageOfPage\":{\"@id\":\"https:\\\/\\\/abc-latina.com\\\/bresil\\\/television\\\/#primaryimage\"},\"image\":{\"@id\":\"https:\\\/\\\/abc-latina.com\\\/bresil\\\/television\\\/#primaryimage\"},\"thumbnailUrl\":\"https:\\\/\\\/abc-latina.com\\\/wp-content\\\/uploads\\\/2010\\\/06\\\/cliquez.gif\",\"datePublished\":\"2010-07-19T17:19:52+00:00\",\"dateModified\":\"2026-04-30T16:24:52+00:00\",\"description\":\"Regardez en direct les t\u00e9l\u00e9visions br\u00e9siliennes sur la toile !\",\"breadcrumb\":{\"@id\":\"https:\\\/\\\/abc-latina.com\\\/bresil\\\/television\\\/#breadcrumb\"},\"inLanguage\":\"fr-FR\",\"potentialAction\":[{\"@type\":\"ReadAction\",\"target\":[\"https:\\\/\\\/abc-latina.com\\\/bresil\\\/television\\\/\"]}]},{\"@type\":\"ImageObject\",\"inLanguage\":\"fr-FR\",\"@id\":\"https:\\\/\\\/abc-latina.com\\\/bresil\\\/television\\\/#primaryimage\",\"url\":\"https:\\\/\\\/abc-latina.com\\\/wp-content\\\/uploads\\\/2010\\\/06\\\/cliquez.gif\",\"contentUrl\":\"https:\\\/\\\/abc-latina.com\\\/wp-content\\\/uploads\\\/2010\\\/06\\\/cliquez.gif\",\"width\":60,\"height\":13},{\"@type\":\"BreadcrumbList\",\"@id\":\"https:\\\/\\\/abc-latina.com\\\/bresil\\\/television\\\/#breadcrumb\",\"itemListElement\":[{\"@type\":\"ListItem\",\"position\":1,\"name\":\"Accueil\",\"item\":\"https:\\\/\\\/abc-latina.com\\\/\"},{\"@type\":\"ListItem\",\"position\":2,\"name\":\"Les TELEVISIONS br\u00e9siliennes\"}]},{\"@type\":\"WebSite\",\"@id\":\"https:\\\/\\\/abc-latina.com\\\/#website\",\"url\":\"https:\\\/\\\/abc-latina.com\\\/\",\"name\":\"Abc-latina\",\"description\":\"\",\"publisher\":{\"@id\":\"https:\\\/\\\/abc-latina.com\\\/#organization\"},\"potentialAction\":[{\"@type\":\"SearchAction\",\"target\":{\"@type\":\"EntryPoint\",\"urlTemplate\":\"https:\\\/\\\/abc-latina.com\\\/?s={search_term_string}\"},\"query-input\":{\"@type\":\"PropertyValueSpecification\",\"valueRequired\":true,\"valueName\":\"search_term_string\"}}],\"inLanguage\":\"fr-FR\"},{\"@type\":\"Organization\",\"@id\":\"https:\\\/\\\/abc-latina.com\\\/#organization\",\"name\":\"Abc-latina\",\"url\":\"https:\\\/\\\/abc-latina.com\\\/\",\"logo\":{\"@type\":\"ImageObject\",\"inLanguage\":\"fr-FR\",\"@id\":\"https:\\\/\\\/abc-latina.com\\\/#\\\/schema\\\/logo\\\/image\\\/\",\"url\":\"https:\\\/\\\/abc-latina.com\\\/wp-content\\\/uploads\\\/2026\\\/05\\\/cropped-logo.gif\",\"contentUrl\":\"https:\\\/\\\/abc-latina.com\\\/wp-content\\\/uploads\\\/2026\\\/05\\\/cropped-logo.gif\",\"width\":89,\"height\":84,\"caption\":\"Abc-latina\"},\"image\":{\"@id\":\"https:\\\/\\\/abc-latina.com\\\/#\\\/schema\\\/logo\\\/image\\\/\"}}]}<\/script>\n<!-- \/ Yoast SEO plugin. -->","yoast_head_json":{"title":"Les TELEVISIONS br\u00e9siliennes - Abc-latina","description":"Regardez en direct les t\u00e9l\u00e9visions br\u00e9siliennes sur la toile !","robots":{"index":"index","follow":"follow","max-snippet":"max-snippet:-1","max-image-preview":"max-image-preview:large","max-video-preview":"max-video-preview:-1"},"canonical":"https:\/\/abc-latina.com\/bresil\/television\/","og_locale":"fr_FR","og_type":"article","og_title":"Les TELEVISIONS br\u00e9siliennes - Abc-latina","og_description":"Regardez en direct les t\u00e9l\u00e9visions br\u00e9siliennes sur la toile !","og_url":"https:\/\/abc-latina.com\/bresil\/television\/","og_site_name":"Abc-latina","article_modified_time":"2026-04-30T16:24:52+00:00","og_image":[{"width":60,"height":13,"url":"https:\/\/abc-latina.com\/wp-content\/uploads\/2010\/06\/cliquez.gif","type":"image\/gif"}],"twitter_card":"summary_large_image","twitter_misc":{"Dur\u00e9e de lecture estim\u00e9e":"1 minute"},"schema":{"@context":"https:\/\/schema.org","@graph":[{"@type":"WebPage","@id":"https:\/\/abc-latina.com\/bresil\/television\/","url":"https:\/\/abc-latina.com\/bresil\/television\/","name":"Les TELEVISIONS br\u00e9siliennes - Abc-latina","isPartOf":{"@id":"https:\/\/abc-latina.com\/#website"},"primaryImageOfPage":{"@id":"https:\/\/abc-latina.com\/bresil\/television\/#primaryimage"},"image":{"@id":"https:\/\/abc-latina.com\/bresil\/television\/#primaryimage"},"thumbnailUrl":"https:\/\/abc-latina.com\/wp-content\/uploads\/2010\/06\/cliquez.gif","datePublished":"2010-07-19T17:19:52+00:00","dateModified":"2026-04-30T16:24:52+00:00","description":"Regardez en direct les t\u00e9l\u00e9visions br\u00e9siliennes sur la toile !","breadcrumb":{"@id":"https:\/\/abc-latina.com\/bresil\/television\/#breadcrumb"},"inLanguage":"fr-FR","potentialAction":[{"@type":"ReadAction","target":["https:\/\/abc-latina.com\/bresil\/television\/"]}]},{"@type":"ImageObject","inLanguage":"fr-FR","@id":"https:\/\/abc-latina.com\/bresil\/television\/#primaryimage","url":"https:\/\/abc-latina.com\/wp-content\/uploads\/2010\/06\/cliquez.gif","contentUrl":"https:\/\/abc-latina.com\/wp-content\/uploads\/2010\/06\/cliquez.gif","width":60,"height":13},{"@type":"BreadcrumbList","@id":"https:\/\/abc-latina.com\/bresil\/television\/#breadcrumb","itemListElement":[{"@type":"ListItem","position":1,"name":"Accueil","item":"https:\/\/abc-latina.com\/"},{"@type":"ListItem","position":2,"name":"Les TELEVISIONS br\u00e9siliennes"}]},{"@type":"WebSite","@id":"https:\/\/abc-latina.com\/#website","url":"https:\/\/abc-latina.com\/","name":"Abc-latina","description":"","publisher":{"@id":"https:\/\/abc-latina.com\/#organization"},"potentialAction":[{"@type":"SearchAction","target":{"@type":"EntryPoint","urlTemplate":"https:\/\/abc-latina.com\/?s={search_term_string}"},"query-input":{"@type":"PropertyValueSpecification","valueRequired":true,"valueName":"search_term_string"}}],"inLanguage":"fr-FR"},{"@type":"Organization","@id":"https:\/\/abc-latina.com\/#organization","name":"Abc-latina","url":"https:\/\/abc-latina.com\/","logo":{"@type":"ImageObject","inLanguage":"fr-FR","@id":"https:\/\/abc-latina.com\/#\/schema\/logo\/image\/","url":"https:\/\/abc-latina.com\/wp-content\/uploads\/2026\/05\/cropped-logo.gif","contentUrl":"https:\/\/abc-latina.com\/wp-content\/uploads\/2026\/05\/cropped-logo.gif","width":89,"height":84,"caption":"Abc-latina"},"image":{"@id":"https:\/\/abc-latina.com\/#\/schema\/logo\/image\/"}}]}},"_links":{"self":[{"href":"https:\/\/abc-latina.com\/wp-json\/wp\/v2\/pages\/1512","targetHints":{"allow":["GET"]}}],"collection":[{"href":"https:\/\/abc-latina.com\/wp-json\/wp\/v2\/pages"}],"about":[{"href":"https:\/\/abc-latina.com\/wp-json\/wp\/v2\/types\/page"}],"author":[{"embeddable":true,"href":"https:\/\/abc-latina.com\/wp-json\/wp\/v2\/users\/3"}],"replies":[{"embeddable":true,"href":"https:\/\/abc-latina.com\/wp-json\/wp\/v2\/comments?post=1512"}],"version-history":[{"count":1,"href":"https:\/\/abc-latina.com\/wp-json\/wp\/v2\/pages\/1512\/revisions"}],"predecessor-version":[{"id":3207,"href":"https:\/\/abc-latina.com\/wp-json\/wp\/v2\/pages\/1512\/revisions\/3207"}],"up":[{"embeddable":true,"href":"https:\/\/abc-latina.com\/wp-json\/wp\/v2\/pages\/2297"}],"wp:featuredmedia":[{"embeddable":true,"href":"https:\/\/abc-latina.com\/wp-json\/wp\/v2\/media\/950"}],"wp:attachment":[{"href":"https:\/\/abc-latina.com\/wp-json\/wp\/v2\/media?parent=1512"}],"curies":[{"name":"wp","href":"https:\/\/api.w.org\/{rel}","templated":true}]}}