{"id":1542,"date":"2010-07-20T00:56:03","date_gmt":"2010-07-19T22:56:03","guid":{"rendered":"http:\/\/abc-latina.com\/economie-htm-19\/"},"modified":"2026-04-30T18:24:47","modified_gmt":"2026-04-30T16:24:47","slug":"economie","status":"publish","type":"page","link":"https:\/\/abc-latina.com\/belize\/economie\/","title":{"rendered":"ECONOMIE &#8211; BELIZE"},"content":{"rendered":"<div>La principale activit\u00e9 du pays est l&rsquo;agriculture. Les principaux produits export\u00e9s sont le sucre, les bananes et les agrumes. On cultive aussi le riz, le ma\u00efs, les f\u00e8ves pour la consommation locale.<\/div>\n<div>La mer est l&rsquo;une des principales ressources du Belize, la p\u00eache est g\u00e9r\u00e9e et contr\u00f4l\u00e9e de fa\u00e7on \u00e0 pr\u00e9server les ressources \u00e0 long terme (langoustes, crevettes, crabes, requin &hellip;)<\/div>\n<div>L&rsquo;exploitation foresti\u00e8re autrefois importante a fortement chut\u00e9.<\/div>\n<div>Le Belize a d\u00fb prendre un grand virage pour r\u00e9amorcer l&rsquo;\u00e9conomie du pays : d\u00e9veloppement de l&rsquo;agriculture ainsi que d&rsquo;une industrie adapt\u00e9e, respect de la for\u00eat restante par une loi sur la cr\u00e9ation de parcs naturels, ce qui a donn\u00e9 naissance \u00e0 un tourisme vert.<\/div>\n<div>Le tourisme est en constant d\u00e9veloppement, ses recettes ont doubl\u00e9 en dix ans.<\/div>\n<div>Le d\u00e9veloppement de l&rsquo;industrie est encourag\u00e9 par des r\u00e9ductions d&rsquo;imp\u00f4ts, elles se cr\u00e9ent surtout dans les domaines suivants : chantiers navals, b\u00e9ton, farines animales, embouteillages, cigarettes&hellip;<\/div>\n<div>L&rsquo;\u00e9conomie du pays est stable depuis le milieu des ann\u00e9es 90, mais la balance commerciale reste encore d\u00e9ficitaire.&nbsp;<\/div>\n<div>&nbsp;<\/div>\n<div><span class=\"eco-indic\">INDICATEURS ECONOMIQUES<\/span><\/div>\n<div>&nbsp;<\/div>\n<div>PIB (2006) : 1,141 Mds USD&nbsp;<\/div>\n<div>PIB\/hab.(2006) : 8400 USD&nbsp;<\/div>\n<div>Taux de croissance (2006) : + 3,5%&nbsp;<\/div>\n<div>Taux de ch\u00f4mage (2006) : 9,4%&nbsp;<\/div>\n<div>Taux d&rsquo;inflation (2006) : + 4,5%&nbsp;<\/div>\n<div>&nbsp;<\/div>\n<div><span class=\"eco-indic2\">Part des principaux secteurs d&rsquo;activit\u00e9s dans le PIB :<\/span>&nbsp;<\/div>\n<div>&#8211; secteur agricole et p\u00eache : 15 %&nbsp;<\/div>\n<div>&#8211; secteur manufacturier : 12,5 %&nbsp;<\/div>\n<div>&#8211; secteur des services : 60 %<\/div>\n<div>&nbsp;<\/div>\n<div><span class=\"eco-indic2\">Principaux clients 2006 :<\/span>&nbsp;<\/div>\n<div>Etats-Unis, Grande Bretagne, Jama\u00efque.&nbsp;<\/div>\n<div>&nbsp;<\/div>\n<div><span class=\"eco-indic2\">Principaux fournisseurs 2004 :<\/span>&nbsp;<\/div>\n<div>Etats-Unis, Mexique, Cuba&nbsp;<\/div>\n<div>&nbsp;<\/div>\n<div><span class=\"eco-indic\">DIVERS&nbsp;<\/span><\/div>\n<div><a href=\"https:\/\/www.abc-latina.com\/belize\/infoprat#telephone\">T\u00e9l\u00e9phoner au Belize<\/a><\/div>\n<div><a href=\"https:\/\/www.abc-latina.com\/to\/reservation_billet_avion\" target=\"_blank\">R\u00e9server un billet d&rsquo;avion pour le Belize<\/a><\/div>\n<div><a href=\"https:\/\/www.abc-latina.com\/to\/location_voiture\" target=\"_blank\">R\u00e9server une voiture&nbsp;<\/a><\/div>\n","protected":false},"excerpt":{"rendered":"<p>La principale activit\u00e9 du pays est l&rsquo;agriculture. Les principaux produits export\u00e9s sont le sucre, les bananes et les agrumes. On [&hellip;]<\/p>\n","protected":false},"author":3,"featured_media":0,"parent":2280,"menu_order":0,"comment_status":"closed","ping_status":"closed","template":"","meta":{"site-sidebar-layout":"default","site-content-layout":"","ast-site-content-layout":"default","site-content-style":"default","site-sidebar-style":"default","ast-global-header-display":"","ast-banner-title-visibility":"","ast-main-header-display":"","ast-hfb-above-header-display":"","ast-hfb-below-header-display":"","ast-hfb-mobile-header-display":"","site-post-title":"","ast-breadcrumbs-content":"","ast-featured-img":"","footer-sml-layout":"","ast-disable-related-posts":"","theme-transparent-header-meta":"","adv-header-id-meta":"","stick-header-meta":"","header-above-stick-meta":"","header-main-stick-meta":"","header-below-stick-meta":"","astra-migrate-meta-layouts":"default","ast-page-background-enabled":"default","ast-page-background-meta":{"desktop":{"background-color":"var(--ast-global-color-5)","background-image":"","background-repeat":"repeat","background-position":"center center","background-size":"auto","background-attachment":"scroll","background-type":"","background-media":"","overlay-type":"","overlay-color":"","overlay-opacity":"","overlay-gradient":""},"tablet":{"background-color":"","background-image":"","background-repeat":"repeat","background-position":"center center","background-size":"auto","background-attachment":"scroll","background-type":"","background-media":"","overlay-type":"","overlay-color":"","overlay-opacity":"","overlay-gradient":""},"mobile":{"background-color":"","background-image":"","background-repeat":"repeat","background-position":"center center","background-size":"auto","background-attachment":"scroll","background-type":"","background-media":"","overlay-type":"","overlay-color":"","overlay-opacity":"","overlay-gradient":""}},"ast-content-background-meta":{"desktop":{"background-color":"var(--ast-global-color-4)","background-image":"","background-repeat":"repeat","background-position":"center center","background-size":"auto","background-attachment":"scroll","background-type":"","background-media":"","overlay-type":"","overlay-color":"","overlay-opacity":"","overlay-gradient":""},"tablet":{"background-color":"var(--ast-global-color-4)","background-image":"","background-repeat":"repeat","background-position":"center center","background-size":"auto","background-attachment":"scroll","background-type":"","background-media":"","overlay-type":"","overlay-color":"","overlay-opacity":"","overlay-gradient":""},"mobile":{"background-color":"var(--ast-global-color-4)","background-image":"","background-repeat":"repeat","background-position":"center center","background-size":"auto","background-attachment":"scroll","background-type":"","background-media":"","overlay-type":"","overlay-color":"","overlay-opacity":"","overlay-gradient":""}},"footnotes":""},"class_list":["post-1542","page","type-page","status-publish","hentry"],"yoast_head":"<!-- This site is optimized with the Yoast SEO plugin v27.5 - https:\/\/yoast.com\/product\/yoast-seo-wordpress\/ -->\n<title>ECONOMIE - BELIZE - Abc-latina<\/title>\n<meta name=\"description\" content=\"L&#039;\u00e9conomie du Belize: Agriculture, industrie et services.\" \/>\n<meta name=\"robots\" content=\"index, follow, max-snippet:-1, max-image-preview:large, max-video-preview:-1\" \/>\n<link rel=\"canonical\" href=\"https:\/\/abc-latina.com\/belize\/economie\/\" \/>\n<meta property=\"og:locale\" content=\"fr_FR\" \/>\n<meta property=\"og:type\" content=\"article\" \/>\n<meta property=\"og:title\" content=\"ECONOMIE - BELIZE - Abc-latina\" \/>\n<meta property=\"og:description\" content=\"L&#039;\u00e9conomie du Belize: Agriculture, industrie et services.\" \/>\n<meta property=\"og:url\" content=\"https:\/\/abc-latina.com\/belize\/economie\/\" \/>\n<meta property=\"og:site_name\" content=\"Abc-latina\" \/>\n<meta property=\"article:modified_time\" content=\"2026-04-30T16:24:47+00:00\" \/>\n<meta name=\"twitter:card\" content=\"summary_large_image\" \/>\n<meta name=\"twitter:label1\" content=\"Dur\u00e9e de lecture estim\u00e9e\" \/>\n\t<meta name=\"twitter:data1\" content=\"1 minute\" \/>\n<script type=\"application\/ld+json\" class=\"yoast-schema-graph\">{\"@context\":\"https:\\\/\\\/schema.org\",\"@graph\":[{\"@type\":\"WebPage\",\"@id\":\"https:\\\/\\\/abc-latina.com\\\/belize\\\/economie\\\/\",\"url\":\"https:\\\/\\\/abc-latina.com\\\/belize\\\/economie\\\/\",\"name\":\"ECONOMIE - BELIZE - Abc-latina\",\"isPartOf\":{\"@id\":\"https:\\\/\\\/abc-latina.com\\\/#website\"},\"datePublished\":\"2010-07-19T22:56:03+00:00\",\"dateModified\":\"2026-04-30T16:24:47+00:00\",\"description\":\"L'\u00e9conomie du Belize: Agriculture, industrie et services.\",\"breadcrumb\":{\"@id\":\"https:\\\/\\\/abc-latina.com\\\/belize\\\/economie\\\/#breadcrumb\"},\"inLanguage\":\"fr-FR\",\"potentialAction\":[{\"@type\":\"ReadAction\",\"target\":[\"https:\\\/\\\/abc-latina.com\\\/belize\\\/economie\\\/\"]}]},{\"@type\":\"BreadcrumbList\",\"@id\":\"https:\\\/\\\/abc-latina.com\\\/belize\\\/economie\\\/#breadcrumb\",\"itemListElement\":[{\"@type\":\"ListItem\",\"position\":1,\"name\":\"Accueil\",\"item\":\"https:\\\/\\\/abc-latina.com\\\/\"},{\"@type\":\"ListItem\",\"position\":2,\"name\":\"ECONOMIE &#8211; BELIZE\"}]},{\"@type\":\"WebSite\",\"@id\":\"https:\\\/\\\/abc-latina.com\\\/#website\",\"url\":\"https:\\\/\\\/abc-latina.com\\\/\",\"name\":\"Abc-latina\",\"description\":\"\",\"publisher\":{\"@id\":\"https:\\\/\\\/abc-latina.com\\\/#organization\"},\"potentialAction\":[{\"@type\":\"SearchAction\",\"target\":{\"@type\":\"EntryPoint\",\"urlTemplate\":\"https:\\\/\\\/abc-latina.com\\\/?s={search_term_string}\"},\"query-input\":{\"@type\":\"PropertyValueSpecification\",\"valueRequired\":true,\"valueName\":\"search_term_string\"}}],\"inLanguage\":\"fr-FR\"},{\"@type\":\"Organization\",\"@id\":\"https:\\\/\\\/abc-latina.com\\\/#organization\",\"name\":\"Abc-latina\",\"url\":\"https:\\\/\\\/abc-latina.com\\\/\",\"logo\":{\"@type\":\"ImageObject\",\"inLanguage\":\"fr-FR\",\"@id\":\"https:\\\/\\\/abc-latina.com\\\/#\\\/schema\\\/logo\\\/image\\\/\",\"url\":\"https:\\\/\\\/abc-latina.com\\\/wp-content\\\/uploads\\\/2026\\\/05\\\/cropped-logo.gif\",\"contentUrl\":\"https:\\\/\\\/abc-latina.com\\\/wp-content\\\/uploads\\\/2026\\\/05\\\/cropped-logo.gif\",\"width\":89,\"height\":84,\"caption\":\"Abc-latina\"},\"image\":{\"@id\":\"https:\\\/\\\/abc-latina.com\\\/#\\\/schema\\\/logo\\\/image\\\/\"}}]}<\/script>\n<!-- \/ Yoast SEO plugin. -->","yoast_head_json":{"title":"ECONOMIE - BELIZE - Abc-latina","description":"L'\u00e9conomie du Belize: Agriculture, industrie et services.","robots":{"index":"index","follow":"follow","max-snippet":"max-snippet:-1","max-image-preview":"max-image-preview:large","max-video-preview":"max-video-preview:-1"},"canonical":"https:\/\/abc-latina.com\/belize\/economie\/","og_locale":"fr_FR","og_type":"article","og_title":"ECONOMIE - BELIZE - Abc-latina","og_description":"L'\u00e9conomie du Belize: Agriculture, industrie et services.","og_url":"https:\/\/abc-latina.com\/belize\/economie\/","og_site_name":"Abc-latina","article_modified_time":"2026-04-30T16:24:47+00:00","twitter_card":"summary_large_image","twitter_misc":{"Dur\u00e9e de lecture estim\u00e9e":"1 minute"},"schema":{"@context":"https:\/\/schema.org","@graph":[{"@type":"WebPage","@id":"https:\/\/abc-latina.com\/belize\/economie\/","url":"https:\/\/abc-latina.com\/belize\/economie\/","name":"ECONOMIE - BELIZE - Abc-latina","isPartOf":{"@id":"https:\/\/abc-latina.com\/#website"},"datePublished":"2010-07-19T22:56:03+00:00","dateModified":"2026-04-30T16:24:47+00:00","description":"L'\u00e9conomie du Belize: Agriculture, industrie et services.","breadcrumb":{"@id":"https:\/\/abc-latina.com\/belize\/economie\/#breadcrumb"},"inLanguage":"fr-FR","potentialAction":[{"@type":"ReadAction","target":["https:\/\/abc-latina.com\/belize\/economie\/"]}]},{"@type":"BreadcrumbList","@id":"https:\/\/abc-latina.com\/belize\/economie\/#breadcrumb","itemListElement":[{"@type":"ListItem","position":1,"name":"Accueil","item":"https:\/\/abc-latina.com\/"},{"@type":"ListItem","position":2,"name":"ECONOMIE &#8211; BELIZE"}]},{"@type":"WebSite","@id":"https:\/\/abc-latina.com\/#website","url":"https:\/\/abc-latina.com\/","name":"Abc-latina","description":"","publisher":{"@id":"https:\/\/abc-latina.com\/#organization"},"potentialAction":[{"@type":"SearchAction","target":{"@type":"EntryPoint","urlTemplate":"https:\/\/abc-latina.com\/?s={search_term_string}"},"query-input":{"@type":"PropertyValueSpecification","valueRequired":true,"valueName":"search_term_string"}}],"inLanguage":"fr-FR"},{"@type":"Organization","@id":"https:\/\/abc-latina.com\/#organization","name":"Abc-latina","url":"https:\/\/abc-latina.com\/","logo":{"@type":"ImageObject","inLanguage":"fr-FR","@id":"https:\/\/abc-latina.com\/#\/schema\/logo\/image\/","url":"https:\/\/abc-latina.com\/wp-content\/uploads\/2026\/05\/cropped-logo.gif","contentUrl":"https:\/\/abc-latina.com\/wp-content\/uploads\/2026\/05\/cropped-logo.gif","width":89,"height":84,"caption":"Abc-latina"},"image":{"@id":"https:\/\/abc-latina.com\/#\/schema\/logo\/image\/"}}]}},"_links":{"self":[{"href":"https:\/\/abc-latina.com\/wp-json\/wp\/v2\/pages\/1542","targetHints":{"allow":["GET"]}}],"collection":[{"href":"https:\/\/abc-latina.com\/wp-json\/wp\/v2\/pages"}],"about":[{"href":"https:\/\/abc-latina.com\/wp-json\/wp\/v2\/types\/page"}],"author":[{"embeddable":true,"href":"https:\/\/abc-latina.com\/wp-json\/wp\/v2\/users\/3"}],"replies":[{"embeddable":true,"href":"https:\/\/abc-latina.com\/wp-json\/wp\/v2\/comments?post=1542"}],"version-history":[{"count":1,"href":"https:\/\/abc-latina.com\/wp-json\/wp\/v2\/pages\/1542\/revisions"}],"predecessor-version":[{"id":3105,"href":"https:\/\/abc-latina.com\/wp-json\/wp\/v2\/pages\/1542\/revisions\/3105"}],"up":[{"embeddable":true,"href":"https:\/\/abc-latina.com\/wp-json\/wp\/v2\/pages\/2280"}],"wp:attachment":[{"href":"https:\/\/abc-latina.com\/wp-json\/wp\/v2\/media?parent=1542"}],"curies":[{"name":"wp","href":"https:\/\/api.w.org\/{rel}","templated":true}]}}