{"id":155,"date":"2010-06-02T02:53:39","date_gmt":"2010-06-02T00:53:39","guid":{"rendered":"http:\/\/abc-latina.com\/presidents-argentins-php\/"},"modified":"2018-05-29T23:07:45","modified_gmt":"2018-05-29T21:07:45","slug":"presidents-argentins","status":"publish","type":"page","link":"https:\/\/abc-latina.com\/presidents-argentins\/","title":{"rendered":"Les PRESIDENTS ARGENTINS"},"content":{"rendered":"<p><span class=\"geo-info\">Gouvernement provisoire de la Conf\u00e9d\u00e9ration argentine<\/span><\/p>\n<p>f\u00e9vrier 1852 au 31 mai 1852<br \/> Vicente L\u00f3pez y Planes (Chef du gouvernement)<\/p>\n<p>31 mai 1852 au 5 mars 1860<br \/> General Justo Jos\u00e9 de Urquiza, Directeur provisoire puis pr\u00e9sident de la Nation (1854)<\/p>\n<p>f\u00e9vrier\/5 mars 1860 au 5 novembre 1861<br \/> Santiago Derqui Pr\u00e9sident de la Nation<\/p>\n<p>5 novembre 1861 au 12 d\u00e9cembre 1861<br \/> General Juan E. Pedernera, Pr\u00e9sident de la Nation<\/p>\n<p><span class=\"geo-info\">R\u00e9publique argentine<\/span><\/p>\n<p>12 avril\/septembre 1862 \u00e0 octobre 1862<br \/> General Bartolom\u00e9 Mitre<\/p>\n<p>12 octobre 1868 au 12 octobre 1874<br \/> Domingo Faustino Sarmiento<\/p>\n<p>12 octobre 1874 au 12 octobre 1880<br \/> Nicol\u00e1s Avellaneda<\/p>\n<p>12 octobre 1880 au 12 octobre 1886<br \/> General Julio Argentino Roca &#8211; 1er mandat<\/p>\n<p>12 octobre 1886 au 6 ao\u00fbt 1890<br \/> Miguel Ju\u00e1rez Celman &#8211; Destitu\u00e9<\/p>\n<p>6 ao\u00fbt 1890 au 12 octobre 1892<br \/> Carlos Pellegrini<\/p>\n<p>12 octobre 1892 au 23 janvier 1895<br \/> Luis S\u00e1enz-Pe\u00f1a<\/p>\n<p>23 janvier 1895 au 12 octobre 1898<br \/> Dr Jos\u00e9 E. Uriburu<\/p>\n<p>12 octobre 1898 au 12 octobre 1904<br \/> General Julio Argentino Roca &#8211; 2e mandat<\/p>\n<p>12 octobre 1904 au 12 mars 1906<br \/> Manuel A. Quintana<\/p>\n<p>12 mars 1906 au 12 octobre 1910<br \/> Dr Jos\u00e9 Figueroa Alcorta<\/p>\n<p>12 octobre 1910 au 9 ao\u00fbt 1914<br \/> Dr Roque S\u00e1enz-Pe\u00f1a &#8211; Mort pendant son mandat<\/p>\n<p>avril 1914 au 9 ao\u00fbt 1914<br \/> Dr Victorino de la Plaza<\/p>\n<p>9 ao\u00fbt 1914 \u00e0 octobre 1916<br \/> Dr Victorino de la Plaza<\/p>\n<p>12 octobre 1916 \u00e0 octobre 1922<br \/> Dr Juan Hip\u00f3lito Yrigoyen<\/p>\n<p>12 octobre 1922 \u00e0 octobre 1928<br \/> Dr M\u00e1ximo Marcelo T. de Alvear<\/p>\n<p>12 octobre 1928 au 6 septembre 1930<br \/> Dr Juan Hip\u00f3lito Yrigoyen<\/p>\n<p>6 septembre 1930 au 20 f\u00e9vrier 1932<br \/> General Jos\u00e9 F. Uriburu<\/p>\n<p>20 f\u00e9vrier 1932 \u00e0 f\u00e9vrier 1938<br \/> General Agust\u00edn Pedro Justo<\/p>\n<p>20 f\u00e9vrier 1938 \u00e0 juin 1942<br \/> Dr Jaime Gerardo Roberto M. Ortiz,<\/p>\n<p>12 ao\u00fbt 1940 au 27 juin 1942 Dr Ram\u00f3n S. Castillo Barrionuevo<\/p>\n<p>27 juin 1942 au 4 juin 1943<br \/> Dr Ram\u00f3n S. Castillo Barrionuevo &#8211; Destitu\u00e9 par un coup d&rsquo;\u00c9tat<\/p>\n<p>5 juin 1943 au 7 juin 1943<br \/> G\u00e9n\u00e9ral Arturo Rawson Corval\u00e1n &#8211; Destitu\u00e9 par un coup d&rsquo;\u00c9tat<\/p>\n<p>7 juin 1943 au 9 mars 1944<br \/> Pedro Pablo Ram\u00edrez<\/p>\n<p>9 mars 1944 au 4 juin 1946<br \/> Edelmiro Juli\u00e1n Farrell<\/p>\n<p>4 juin 1946 au 21 septembre 1955<br \/> Colonel Juan Domingo Per\u00f3n, Destitu\u00e9 par un coup d&rsquo;\u00c9tat<\/p>\n<p>21 septembre 1955 au 23 septembre 1955<br \/> Junte militaire: General Jos\u00e9 Domingo Molina G\u00f3mez<\/p>\n<p>23 septembre 1955 au 13 novembre 1955<br \/> General Eduardo A. Lonardi &#8211; Destitu\u00e9<\/p>\n<p>13 novembre 1955 au 10 mai 1958<br \/> General Pedro Eugenio Aramburu<\/p>\n<p>10 mai 1958 au 29 mars 1962<br \/> Dr Arturo Frondizi &#8211; Destitu\u00e9 par un coup d&rsquo;\u00c9tat<\/p>\n<p>29 mars 1962 \u00e0 octobre 1963<br \/> Dr Jos\u00e9 Mar\u00eda Guido<\/p>\n<p>12 octobre 1963 au 28 juin 1966<br \/> Dr Arturo Umberto Illia &#8211; Destitu\u00e9 par un coup d&rsquo;\u00c9tat<\/p>\n<p>28 juin 1966 au 29 juin 1966<br \/> Junte r\u00e9volutionnaire: Pascual \u00c1ngel Pistarini &#8211; Benigno Ignacio Marcelino Varela Barnadou &#8211; Adolfo Teodoro \u00c1lvarez Melendi<\/p>\n<p>29 juin 1966 au 8 juin 1970<br \/> General Juan Carlos Ongan\u00eda &#8211; Destitu\u00e9<\/p>\n<p>8 juin 1970 au 18 juin 1970<br \/> Junte militaire: General Pedro A. Gnavi &#8211; Chef de la Junte des commandants<\/p>\n<p>18 juin 1970 au 22 mars 1971<br \/> General Roberto M. Levingston &#8211; Destitu\u00e9<\/p>\n<p>22 mars 1971 \u00e0 mai 1973<br \/> Junte militaire: General Alejandro A. Lanusse<\/p>\n<p>25 mai 1973 au 13 juillet 1973<br \/> Dr H\u00e9ctor J. C\u00e1mpora<\/p>\n<p>14 juillet 1973 au 12 octobre 1973<br \/> Dr Ra\u00fal A. Lastiri, d\u00e9clar\u00e9 pr\u00e9sident<\/p>\n<p>12 octobre 1973 au 1er juillet 1974<br \/> <a href=\"https:\/\/www.abc-latina.com\/personnalites\/juan_peron\">General Juan Domingo Per\u00f3n<\/a> &#8211; 2e mandat<\/p>\n<p>29 juin 1974 au 24 mars 1976<br \/> Isabel Mar\u00eda Estela Mart\u00ednez de Per\u00f3n &#8211; Destitu\u00e9e par un coup d&rsquo;\u00c9tat<\/p>\n<p>24 mars 1976 au 29 mars 1981<br \/> Junte militaire: <a href=\"https:\/\/www.abc-latina.com\/personnalites\/jorge_rafael_videla\">General Jorge Rafael Videla<\/a><\/p>\n<p>29 mars 1981 au 11 d\u00e9cembre 1981<br \/> General Roberto E. Viola<\/p>\n<p>11 d\u00e9cembre 1981 au 22 d\u00e9cembre 1981<br \/> General Carlos A. Lacoste<\/p>\n<p>22 d\u00e9cembre 1981 au 18 juin 1982<br \/> General Leopoldo F. Galtieri<\/p>\n<p>18 juin 1982 au 1er juillet 1982<br \/> General Alfredo O. Saint-Jean<\/p>\n<p>1er juillet 1982 au 10 d\u00e9cembre 1983<br \/> General Reynaldo B. Bignone<\/p>\n<p>10 d\u00e9cembre 1983 au 8 juillet 1989<br \/> Dr Ra\u00fal Ricardo Alfons\u00edn<\/p>\n<p>8 juillet 1989 au 10 d\u00e9cembre 1999<br \/> Dr Carlos S. Menem<\/p>\n<p>10 d\u00e9cembre 1999 au 21 d\u00e9cembre 2001<br \/> Dr Fernando de la R\u00faa<\/p>\n<p>21 d\u00e9cembre 2001 au 23 d\u00e9cembre 2001<br \/> Ram\u00f3n Puerta &#8211; Pr\u00e9sident par interim<\/p>\n<p>23 d\u00e9cembre 2001 au 1er janvier 2001<br \/> Dr Adolfo Rodr\u00edguez Sa\u00e1<\/p>\n<p>31 d\u00e9cembre 2001 au 2 janvier 2002<br \/> Eduardo O. Cama\u00f1o<\/p>\n<p>2 janvier 2002 au 25 mai 2003<br \/> Dr Eduardo A. Duhalde<\/p>\n<p>25 mai 2003 au 10 d\u00e9cembre 2007<br \/> <a href=\"https:\/\/www.abc-latina.com\/personnalites\/nestor_kirchner\">Dr N\u00e9stor C. Kirchner<\/a><\/p>\n<p>10 d\u00e9cembre 2007 au 10 d\u00e9cembre 2015<br \/> <a href=\"https:\/\/www.abc-latina.com\/personnalites\/cristina_kirchner\">Cristina Fern\u00e1ndez de Kirchner<\/a><\/p>\n<p>Depuis le 10 d\u00e9cembre 2015 <br \/>Mauricio Macri<\/p>\n","protected":false},"excerpt":{"rendered":"<p>Gouvernement provisoire de la Conf\u00e9d\u00e9ration argentine f\u00e9vrier 1852 au 31 mai 1852 Vicente L\u00f3pez y Planes (Chef du gouvernement) 31 [&hellip;]<\/p>\n","protected":false},"author":3,"featured_media":0,"parent":0,"menu_order":0,"comment_status":"closed","ping_status":"closed","template":"","meta":{"site-sidebar-layout":"default","site-content-layout":"","ast-site-content-layout":"default","site-content-style":"default","site-sidebar-style":"default","ast-global-header-display":"","ast-banner-title-visibility":"","ast-main-header-display":"","ast-hfb-above-header-display":"","ast-hfb-below-header-display":"","ast-hfb-mobile-header-display":"","site-post-title":"","ast-breadcrumbs-content":"","ast-featured-img":"","footer-sml-layout":"","ast-disable-related-posts":"","theme-transparent-header-meta":"","adv-header-id-meta":"","stick-header-meta":"","header-above-stick-meta":"","header-main-stick-meta":"","header-below-stick-meta":"","astra-migrate-meta-layouts":"default","ast-page-background-enabled":"default","ast-page-background-meta":{"desktop":{"background-color":"var(--ast-global-color-5)","background-image":"","background-repeat":"repeat","background-position":"center center","background-size":"auto","background-attachment":"scroll","background-type":"","background-media":"","overlay-type":"","overlay-color":"","overlay-opacity":"","overlay-gradient":""},"tablet":{"background-color":"","background-image":"","background-repeat":"repeat","background-position":"center center","background-size":"auto","background-attachment":"scroll","background-type":"","background-media":"","overlay-type":"","overlay-color":"","overlay-opacity":"","overlay-gradient":""},"mobile":{"background-color":"","background-image":"","background-repeat":"repeat","background-position":"center center","background-size":"auto","background-attachment":"scroll","background-type":"","background-media":"","overlay-type":"","overlay-color":"","overlay-opacity":"","overlay-gradient":""}},"ast-content-background-meta":{"desktop":{"background-color":"var(--ast-global-color-4)","background-image":"","background-repeat":"repeat","background-position":"center center","background-size":"auto","background-attachment":"scroll","background-type":"","background-media":"","overlay-type":"","overlay-color":"","overlay-opacity":"","overlay-gradient":""},"tablet":{"background-color":"var(--ast-global-color-4)","background-image":"","background-repeat":"repeat","background-position":"center center","background-size":"auto","background-attachment":"scroll","background-type":"","background-media":"","overlay-type":"","overlay-color":"","overlay-opacity":"","overlay-gradient":""},"mobile":{"background-color":"var(--ast-global-color-4)","background-image":"","background-repeat":"repeat","background-position":"center center","background-size":"auto","background-attachment":"scroll","background-type":"","background-media":"","overlay-type":"","overlay-color":"","overlay-opacity":"","overlay-gradient":""}},"footnotes":""},"class_list":["post-155","page","type-page","status-publish","hentry"],"yoast_head":"<!-- This site is optimized with the Yoast SEO plugin v27.5 - https:\/\/yoast.com\/product\/yoast-seo-wordpress\/ -->\n<title>Les PRESIDENTS ARGENTINS - Abc-latina<\/title>\n<meta name=\"description\" content=\"Les pr\u00e9sidents argentins.\" \/>\n<meta name=\"robots\" content=\"index, follow, max-snippet:-1, max-image-preview:large, max-video-preview:-1\" \/>\n<link rel=\"canonical\" href=\"https:\/\/abc-latina.com\/presidents-argentins\/\" \/>\n<meta property=\"og:locale\" content=\"fr_FR\" \/>\n<meta property=\"og:type\" content=\"article\" \/>\n<meta property=\"og:title\" content=\"Les PRESIDENTS ARGENTINS - Abc-latina\" \/>\n<meta property=\"og:description\" content=\"Les pr\u00e9sidents argentins.\" \/>\n<meta property=\"og:url\" content=\"https:\/\/abc-latina.com\/presidents-argentins\/\" \/>\n<meta property=\"og:site_name\" content=\"Abc-latina\" \/>\n<meta property=\"article:modified_time\" content=\"2018-05-29T21:07:45+00:00\" \/>\n<meta name=\"twitter:card\" content=\"summary_large_image\" \/>\n<meta name=\"twitter:label1\" content=\"Dur\u00e9e de lecture estim\u00e9e\" \/>\n\t<meta name=\"twitter:data1\" content=\"3 minutes\" \/>\n<script type=\"application\/ld+json\" class=\"yoast-schema-graph\">{\"@context\":\"https:\\\/\\\/schema.org\",\"@graph\":[{\"@type\":\"WebPage\",\"@id\":\"https:\\\/\\\/abc-latina.com\\\/presidents-argentins\\\/\",\"url\":\"https:\\\/\\\/abc-latina.com\\\/presidents-argentins\\\/\",\"name\":\"Les PRESIDENTS ARGENTINS - Abc-latina\",\"isPartOf\":{\"@id\":\"https:\\\/\\\/abc-latina.com\\\/#website\"},\"datePublished\":\"2010-06-02T00:53:39+00:00\",\"dateModified\":\"2018-05-29T21:07:45+00:00\",\"description\":\"Les pr\u00e9sidents argentins.\",\"breadcrumb\":{\"@id\":\"https:\\\/\\\/abc-latina.com\\\/presidents-argentins\\\/#breadcrumb\"},\"inLanguage\":\"fr-FR\",\"potentialAction\":[{\"@type\":\"ReadAction\",\"target\":[\"https:\\\/\\\/abc-latina.com\\\/presidents-argentins\\\/\"]}]},{\"@type\":\"BreadcrumbList\",\"@id\":\"https:\\\/\\\/abc-latina.com\\\/presidents-argentins\\\/#breadcrumb\",\"itemListElement\":[{\"@type\":\"ListItem\",\"position\":1,\"name\":\"Accueil\",\"item\":\"https:\\\/\\\/abc-latina.com\\\/\"},{\"@type\":\"ListItem\",\"position\":2,\"name\":\"Les PRESIDENTS ARGENTINS\"}]},{\"@type\":\"WebSite\",\"@id\":\"https:\\\/\\\/abc-latina.com\\\/#website\",\"url\":\"https:\\\/\\\/abc-latina.com\\\/\",\"name\":\"Abc-latina\",\"description\":\"\",\"publisher\":{\"@id\":\"https:\\\/\\\/abc-latina.com\\\/#organization\"},\"potentialAction\":[{\"@type\":\"SearchAction\",\"target\":{\"@type\":\"EntryPoint\",\"urlTemplate\":\"https:\\\/\\\/abc-latina.com\\\/?s={search_term_string}\"},\"query-input\":{\"@type\":\"PropertyValueSpecification\",\"valueRequired\":true,\"valueName\":\"search_term_string\"}}],\"inLanguage\":\"fr-FR\"},{\"@type\":\"Organization\",\"@id\":\"https:\\\/\\\/abc-latina.com\\\/#organization\",\"name\":\"Abc-latina\",\"url\":\"https:\\\/\\\/abc-latina.com\\\/\",\"logo\":{\"@type\":\"ImageObject\",\"inLanguage\":\"fr-FR\",\"@id\":\"https:\\\/\\\/abc-latina.com\\\/#\\\/schema\\\/logo\\\/image\\\/\",\"url\":\"https:\\\/\\\/abc-latina.com\\\/wp-content\\\/uploads\\\/2026\\\/05\\\/cropped-logo.gif\",\"contentUrl\":\"https:\\\/\\\/abc-latina.com\\\/wp-content\\\/uploads\\\/2026\\\/05\\\/cropped-logo.gif\",\"width\":89,\"height\":84,\"caption\":\"Abc-latina\"},\"image\":{\"@id\":\"https:\\\/\\\/abc-latina.com\\\/#\\\/schema\\\/logo\\\/image\\\/\"}}]}<\/script>\n<!-- \/ Yoast SEO plugin. -->","yoast_head_json":{"title":"Les PRESIDENTS ARGENTINS - Abc-latina","description":"Les pr\u00e9sidents argentins.","robots":{"index":"index","follow":"follow","max-snippet":"max-snippet:-1","max-image-preview":"max-image-preview:large","max-video-preview":"max-video-preview:-1"},"canonical":"https:\/\/abc-latina.com\/presidents-argentins\/","og_locale":"fr_FR","og_type":"article","og_title":"Les PRESIDENTS ARGENTINS - Abc-latina","og_description":"Les pr\u00e9sidents argentins.","og_url":"https:\/\/abc-latina.com\/presidents-argentins\/","og_site_name":"Abc-latina","article_modified_time":"2018-05-29T21:07:45+00:00","twitter_card":"summary_large_image","twitter_misc":{"Dur\u00e9e de lecture estim\u00e9e":"3 minutes"},"schema":{"@context":"https:\/\/schema.org","@graph":[{"@type":"WebPage","@id":"https:\/\/abc-latina.com\/presidents-argentins\/","url":"https:\/\/abc-latina.com\/presidents-argentins\/","name":"Les PRESIDENTS ARGENTINS - Abc-latina","isPartOf":{"@id":"https:\/\/abc-latina.com\/#website"},"datePublished":"2010-06-02T00:53:39+00:00","dateModified":"2018-05-29T21:07:45+00:00","description":"Les pr\u00e9sidents argentins.","breadcrumb":{"@id":"https:\/\/abc-latina.com\/presidents-argentins\/#breadcrumb"},"inLanguage":"fr-FR","potentialAction":[{"@type":"ReadAction","target":["https:\/\/abc-latina.com\/presidents-argentins\/"]}]},{"@type":"BreadcrumbList","@id":"https:\/\/abc-latina.com\/presidents-argentins\/#breadcrumb","itemListElement":[{"@type":"ListItem","position":1,"name":"Accueil","item":"https:\/\/abc-latina.com\/"},{"@type":"ListItem","position":2,"name":"Les PRESIDENTS ARGENTINS"}]},{"@type":"WebSite","@id":"https:\/\/abc-latina.com\/#website","url":"https:\/\/abc-latina.com\/","name":"Abc-latina","description":"","publisher":{"@id":"https:\/\/abc-latina.com\/#organization"},"potentialAction":[{"@type":"SearchAction","target":{"@type":"EntryPoint","urlTemplate":"https:\/\/abc-latina.com\/?s={search_term_string}"},"query-input":{"@type":"PropertyValueSpecification","valueRequired":true,"valueName":"search_term_string"}}],"inLanguage":"fr-FR"},{"@type":"Organization","@id":"https:\/\/abc-latina.com\/#organization","name":"Abc-latina","url":"https:\/\/abc-latina.com\/","logo":{"@type":"ImageObject","inLanguage":"fr-FR","@id":"https:\/\/abc-latina.com\/#\/schema\/logo\/image\/","url":"https:\/\/abc-latina.com\/wp-content\/uploads\/2026\/05\/cropped-logo.gif","contentUrl":"https:\/\/abc-latina.com\/wp-content\/uploads\/2026\/05\/cropped-logo.gif","width":89,"height":84,"caption":"Abc-latina"},"image":{"@id":"https:\/\/abc-latina.com\/#\/schema\/logo\/image\/"}}]}},"_links":{"self":[{"href":"https:\/\/abc-latina.com\/wp-json\/wp\/v2\/pages\/155","targetHints":{"allow":["GET"]}}],"collection":[{"href":"https:\/\/abc-latina.com\/wp-json\/wp\/v2\/pages"}],"about":[{"href":"https:\/\/abc-latina.com\/wp-json\/wp\/v2\/types\/page"}],"author":[{"embeddable":true,"href":"https:\/\/abc-latina.com\/wp-json\/wp\/v2\/users\/3"}],"replies":[{"embeddable":true,"href":"https:\/\/abc-latina.com\/wp-json\/wp\/v2\/comments?post=155"}],"version-history":[{"count":0,"href":"https:\/\/abc-latina.com\/wp-json\/wp\/v2\/pages\/155\/revisions"}],"wp:attachment":[{"href":"https:\/\/abc-latina.com\/wp-json\/wp\/v2\/media?parent=155"}],"curies":[{"name":"wp","href":"https:\/\/api.w.org\/{rel}","templated":true}]}}