{"id":1550,"date":"2010-07-20T01:18:12","date_gmt":"2010-07-19T23:18:12","guid":{"rendered":"http:\/\/abc-latina.com\/tourisme-htm-19\/"},"modified":"2026-04-30T18:24:48","modified_gmt":"2026-04-30T16:24:48","slug":"tourisme","status":"publish","type":"page","link":"https:\/\/abc-latina.com\/belize\/tourisme\/","title":{"rendered":"TOURISME &#038; VOYAGE au BELIZE"},"content":{"rendered":"<div><span class=\"tourisme-chapitre\"><img loading=\"lazy\" decoding=\"async\" class=\" size-full wp-image-1549\" src=\"http:\/\/abc-latina.com\/wp-content\/uploads\/2010\/07\/007-tourisme-au-belize.gif\" title=\"TOURISME &amp; VOYAGE AU BELIZE\" alt=\"TOURISME &amp; VOYAGE AU BELIZE\" width=\"480\" height=\"262\" \/><\/span><\/div>\n<div>&nbsp;<\/div>\n<div><span class=\"tourisme-chapitre\">BELIZE CITY<\/span><\/div>\n<div>Belize City est le premier port du pays et fut capitale jusqu&rsquo;en 1970. Le si\u00e9ge du gouvernement fut d\u00e9plac\u00e9 \u00e0 cause d&rsquo;un raz de mar\u00e9e qui emporta, en 1961, un bon tiers de la ville.<\/div>\n<div>Belize City n&rsquo;offre pas un grand int\u00e9r\u00eat hormis celui d&rsquo;\u00eatre le point de d\u00e9part d&rsquo;une exploration du pays.<\/div>\n<div>&nbsp;<\/div>\n<div><span class=\"tourisme-chapitre\">BELMOPAN<\/span><\/div>\n<div>C&rsquo;est la nouvelle capitale. Situ\u00e9e \u00e0 80 km \u00e0 l&rsquo;ouest de Belize City.<\/div>\n<div>&nbsp;<\/div>\n<div><span class=\"tourisme-chapitre\">LES CAYES<\/span><\/div>\n<div>Ce sont des \u00eeles coralliennes, elles sont recommand\u00e9es pour le <a href=\"https:\/\/www.abc-latina.com\/to\/voyage_belize\">touriste<\/a> d\u00e9sireux de passer quelques jours \u00e0 se baigner, plonger, p\u00eacher ou ne rien faire dans un cadre exceptionnel.<\/div>\n<div>La mer y est de toute beaut\u00e9, l&rsquo;eau turquoise est \u00e0 25&deg;C.<\/div>\n<div>&nbsp;<\/div>\n<div><span class=\"tourisme-chapitre\">ALTUN HA, XUANANTUNICH<\/span><\/div>\n<div>Situ\u00e9e \u00e0 50 km au nord de Belize City, ces ruines maya furent fond\u00e9e en 600 avant JC. On a trouv\u00e9 ici le plus grand objet en jade de la culture maya, une t\u00eate du dieu du soleil, lourde de trois kilos.<\/div>\n<div>&nbsp;<\/div>\n<div><span class=\"tourisme-chapitre\">SAN PEDRO COLUMBIA<\/span><\/div>\n<div>Ce village maya se trouve au pied des montagnes mayas, \u00e0 45 km de Belize City. Les Indiens Kekchi, des cousins des Mayas, en sont les habitants. Ils ont conserv\u00e9 leur langue et leurs coutumes. Ils sont r\u00e9put\u00e9s pour leurs costumes color\u00e9s et leurs f\u00eates bruyantes en l&rsquo;honneur des saints. La f\u00eate la plus extraordinaire est celle du 05 ao\u00fbt.<\/div>\n<div>Derri\u00e8re San Pedro, \u00e0 deux kilom\u00e8tres, se dressent les ruines mayas de Lubantum (1er si\u00e8cle).<\/div>\n<div>&nbsp;<\/div>\n<h3>Site belizien class\u00e9 au patrimoine de l&rsquo;UNESCO:<\/h3>\n<div>R\u00e9seau de r\u00e9serves du r\u00e9cif de la barri\u00e8re du Belize &#8211; 1996<\/div>\n<div>&nbsp;<\/div>\n","protected":false},"excerpt":{"rendered":"<p>&nbsp; BELIZE CITY Belize City est le premier port du pays et fut capitale jusqu&rsquo;en 1970. Le si\u00e9ge du gouvernement [&hellip;]<\/p>\n","protected":false},"author":3,"featured_media":1549,"parent":2280,"menu_order":0,"comment_status":"closed","ping_status":"closed","template":"","meta":{"site-sidebar-layout":"default","site-content-layout":"","ast-site-content-layout":"default","site-content-style":"default","site-sidebar-style":"default","ast-global-header-display":"","ast-banner-title-visibility":"","ast-main-header-display":"","ast-hfb-above-header-display":"","ast-hfb-below-header-display":"","ast-hfb-mobile-header-display":"","site-post-title":"","ast-breadcrumbs-content":"","ast-featured-img":"","footer-sml-layout":"","ast-disable-related-posts":"","theme-transparent-header-meta":"","adv-header-id-meta":"","stick-header-meta":"","header-above-stick-meta":"","header-main-stick-meta":"","header-below-stick-meta":"","astra-migrate-meta-layouts":"default","ast-page-background-enabled":"default","ast-page-background-meta":{"desktop":{"background-color":"var(--ast-global-color-5)","background-image":"","background-repeat":"repeat","background-position":"center center","background-size":"auto","background-attachment":"scroll","background-type":"","background-media":"","overlay-type":"","overlay-color":"","overlay-opacity":"","overlay-gradient":""},"tablet":{"background-color":"","background-image":"","background-repeat":"repeat","background-position":"center center","background-size":"auto","background-attachment":"scroll","background-type":"","background-media":"","overlay-type":"","overlay-color":"","overlay-opacity":"","overlay-gradient":""},"mobile":{"background-color":"","background-image":"","background-repeat":"repeat","background-position":"center center","background-size":"auto","background-attachment":"scroll","background-type":"","background-media":"","overlay-type":"","overlay-color":"","overlay-opacity":"","overlay-gradient":""}},"ast-content-background-meta":{"desktop":{"background-color":"var(--ast-global-color-4)","background-image":"","background-repeat":"repeat","background-position":"center center","background-size":"auto","background-attachment":"scroll","background-type":"","background-media":"","overlay-type":"","overlay-color":"","overlay-opacity":"","overlay-gradient":""},"tablet":{"background-color":"var(--ast-global-color-4)","background-image":"","background-repeat":"repeat","background-position":"center center","background-size":"auto","background-attachment":"scroll","background-type":"","background-media":"","overlay-type":"","overlay-color":"","overlay-opacity":"","overlay-gradient":""},"mobile":{"background-color":"var(--ast-global-color-4)","background-image":"","background-repeat":"repeat","background-position":"center center","background-size":"auto","background-attachment":"scroll","background-type":"","background-media":"","overlay-type":"","overlay-color":"","overlay-opacity":"","overlay-gradient":""}},"footnotes":""},"class_list":["post-1550","page","type-page","status-publish","has-post-thumbnail","hentry"],"yoast_head":"<!-- This site is optimized with the Yoast SEO plugin v27.5 - https:\/\/yoast.com\/product\/yoast-seo-wordpress\/ -->\n<title>TOURISME &amp; VOYAGE au BELIZE - Abc-latina<\/title>\n<meta name=\"description\" content=\"Le Belize vu sous l&#039;angle touristique, renseignements et guide touristique.\" \/>\n<meta name=\"robots\" content=\"index, follow, max-snippet:-1, max-image-preview:large, max-video-preview:-1\" \/>\n<link rel=\"canonical\" href=\"https:\/\/abc-latina.com\/belize\/tourisme\/\" \/>\n<meta property=\"og:locale\" content=\"fr_FR\" \/>\n<meta property=\"og:type\" content=\"article\" \/>\n<meta property=\"og:title\" content=\"TOURISME &amp; VOYAGE au BELIZE - Abc-latina\" \/>\n<meta property=\"og:description\" content=\"Le Belize vu sous l&#039;angle touristique, renseignements et guide touristique.\" \/>\n<meta property=\"og:url\" content=\"https:\/\/abc-latina.com\/belize\/tourisme\/\" \/>\n<meta property=\"og:site_name\" content=\"Abc-latina\" \/>\n<meta property=\"article:modified_time\" content=\"2026-04-30T16:24:48+00:00\" \/>\n<meta property=\"og:image\" content=\"https:\/\/abc-latina.com\/wp-content\/uploads\/2010\/07\/007-tourisme-au-belize.gif\" \/>\n\t<meta property=\"og:image:width\" content=\"600\" \/>\n\t<meta property=\"og:image:height\" content=\"328\" \/>\n\t<meta property=\"og:image:type\" content=\"image\/gif\" \/>\n<meta name=\"twitter:card\" content=\"summary_large_image\" \/>\n<meta name=\"twitter:label1\" content=\"Dur\u00e9e de lecture estim\u00e9e\" \/>\n\t<meta name=\"twitter:data1\" content=\"1 minute\" \/>\n<script type=\"application\/ld+json\" class=\"yoast-schema-graph\">{\"@context\":\"https:\\\/\\\/schema.org\",\"@graph\":[{\"@type\":\"WebPage\",\"@id\":\"https:\\\/\\\/abc-latina.com\\\/belize\\\/tourisme\\\/\",\"url\":\"https:\\\/\\\/abc-latina.com\\\/belize\\\/tourisme\\\/\",\"name\":\"TOURISME & VOYAGE au BELIZE - Abc-latina\",\"isPartOf\":{\"@id\":\"https:\\\/\\\/abc-latina.com\\\/#website\"},\"primaryImageOfPage\":{\"@id\":\"https:\\\/\\\/abc-latina.com\\\/belize\\\/tourisme\\\/#primaryimage\"},\"image\":{\"@id\":\"https:\\\/\\\/abc-latina.com\\\/belize\\\/tourisme\\\/#primaryimage\"},\"thumbnailUrl\":\"https:\\\/\\\/abc-latina.com\\\/wp-content\\\/uploads\\\/2010\\\/07\\\/007-tourisme-au-belize.gif\",\"datePublished\":\"2010-07-19T23:18:12+00:00\",\"dateModified\":\"2026-04-30T16:24:48+00:00\",\"description\":\"Le Belize vu sous l'angle touristique, renseignements et guide touristique.\",\"breadcrumb\":{\"@id\":\"https:\\\/\\\/abc-latina.com\\\/belize\\\/tourisme\\\/#breadcrumb\"},\"inLanguage\":\"fr-FR\",\"potentialAction\":[{\"@type\":\"ReadAction\",\"target\":[\"https:\\\/\\\/abc-latina.com\\\/belize\\\/tourisme\\\/\"]}]},{\"@type\":\"ImageObject\",\"inLanguage\":\"fr-FR\",\"@id\":\"https:\\\/\\\/abc-latina.com\\\/belize\\\/tourisme\\\/#primaryimage\",\"url\":\"https:\\\/\\\/abc-latina.com\\\/wp-content\\\/uploads\\\/2010\\\/07\\\/007-tourisme-au-belize.gif\",\"contentUrl\":\"https:\\\/\\\/abc-latina.com\\\/wp-content\\\/uploads\\\/2010\\\/07\\\/007-tourisme-au-belize.gif\",\"width\":600,\"height\":328,\"caption\":\"TOURISME &amp; VOYAGE AU BELIZE\"},{\"@type\":\"BreadcrumbList\",\"@id\":\"https:\\\/\\\/abc-latina.com\\\/belize\\\/tourisme\\\/#breadcrumb\",\"itemListElement\":[{\"@type\":\"ListItem\",\"position\":1,\"name\":\"Accueil\",\"item\":\"https:\\\/\\\/abc-latina.com\\\/\"},{\"@type\":\"ListItem\",\"position\":2,\"name\":\"TOURISME &#038; VOYAGE au BELIZE\"}]},{\"@type\":\"WebSite\",\"@id\":\"https:\\\/\\\/abc-latina.com\\\/#website\",\"url\":\"https:\\\/\\\/abc-latina.com\\\/\",\"name\":\"Abc-latina\",\"description\":\"\",\"publisher\":{\"@id\":\"https:\\\/\\\/abc-latina.com\\\/#organization\"},\"potentialAction\":[{\"@type\":\"SearchAction\",\"target\":{\"@type\":\"EntryPoint\",\"urlTemplate\":\"https:\\\/\\\/abc-latina.com\\\/?s={search_term_string}\"},\"query-input\":{\"@type\":\"PropertyValueSpecification\",\"valueRequired\":true,\"valueName\":\"search_term_string\"}}],\"inLanguage\":\"fr-FR\"},{\"@type\":\"Organization\",\"@id\":\"https:\\\/\\\/abc-latina.com\\\/#organization\",\"name\":\"Abc-latina\",\"url\":\"https:\\\/\\\/abc-latina.com\\\/\",\"logo\":{\"@type\":\"ImageObject\",\"inLanguage\":\"fr-FR\",\"@id\":\"https:\\\/\\\/abc-latina.com\\\/#\\\/schema\\\/logo\\\/image\\\/\",\"url\":\"https:\\\/\\\/abc-latina.com\\\/wp-content\\\/uploads\\\/2026\\\/05\\\/cropped-logo.gif\",\"contentUrl\":\"https:\\\/\\\/abc-latina.com\\\/wp-content\\\/uploads\\\/2026\\\/05\\\/cropped-logo.gif\",\"width\":89,\"height\":84,\"caption\":\"Abc-latina\"},\"image\":{\"@id\":\"https:\\\/\\\/abc-latina.com\\\/#\\\/schema\\\/logo\\\/image\\\/\"}}]}<\/script>\n<!-- \/ Yoast SEO plugin. -->","yoast_head_json":{"title":"TOURISME & VOYAGE au BELIZE - Abc-latina","description":"Le Belize vu sous l'angle touristique, renseignements et guide touristique.","robots":{"index":"index","follow":"follow","max-snippet":"max-snippet:-1","max-image-preview":"max-image-preview:large","max-video-preview":"max-video-preview:-1"},"canonical":"https:\/\/abc-latina.com\/belize\/tourisme\/","og_locale":"fr_FR","og_type":"article","og_title":"TOURISME & VOYAGE au BELIZE - Abc-latina","og_description":"Le Belize vu sous l'angle touristique, renseignements et guide touristique.","og_url":"https:\/\/abc-latina.com\/belize\/tourisme\/","og_site_name":"Abc-latina","article_modified_time":"2026-04-30T16:24:48+00:00","og_image":[{"width":600,"height":328,"url":"https:\/\/abc-latina.com\/wp-content\/uploads\/2010\/07\/007-tourisme-au-belize.gif","type":"image\/gif"}],"twitter_card":"summary_large_image","twitter_misc":{"Dur\u00e9e de lecture estim\u00e9e":"1 minute"},"schema":{"@context":"https:\/\/schema.org","@graph":[{"@type":"WebPage","@id":"https:\/\/abc-latina.com\/belize\/tourisme\/","url":"https:\/\/abc-latina.com\/belize\/tourisme\/","name":"TOURISME & VOYAGE au BELIZE - Abc-latina","isPartOf":{"@id":"https:\/\/abc-latina.com\/#website"},"primaryImageOfPage":{"@id":"https:\/\/abc-latina.com\/belize\/tourisme\/#primaryimage"},"image":{"@id":"https:\/\/abc-latina.com\/belize\/tourisme\/#primaryimage"},"thumbnailUrl":"https:\/\/abc-latina.com\/wp-content\/uploads\/2010\/07\/007-tourisme-au-belize.gif","datePublished":"2010-07-19T23:18:12+00:00","dateModified":"2026-04-30T16:24:48+00:00","description":"Le Belize vu sous l'angle touristique, renseignements et guide touristique.","breadcrumb":{"@id":"https:\/\/abc-latina.com\/belize\/tourisme\/#breadcrumb"},"inLanguage":"fr-FR","potentialAction":[{"@type":"ReadAction","target":["https:\/\/abc-latina.com\/belize\/tourisme\/"]}]},{"@type":"ImageObject","inLanguage":"fr-FR","@id":"https:\/\/abc-latina.com\/belize\/tourisme\/#primaryimage","url":"https:\/\/abc-latina.com\/wp-content\/uploads\/2010\/07\/007-tourisme-au-belize.gif","contentUrl":"https:\/\/abc-latina.com\/wp-content\/uploads\/2010\/07\/007-tourisme-au-belize.gif","width":600,"height":328,"caption":"TOURISME &amp; VOYAGE AU BELIZE"},{"@type":"BreadcrumbList","@id":"https:\/\/abc-latina.com\/belize\/tourisme\/#breadcrumb","itemListElement":[{"@type":"ListItem","position":1,"name":"Accueil","item":"https:\/\/abc-latina.com\/"},{"@type":"ListItem","position":2,"name":"TOURISME &#038; VOYAGE au BELIZE"}]},{"@type":"WebSite","@id":"https:\/\/abc-latina.com\/#website","url":"https:\/\/abc-latina.com\/","name":"Abc-latina","description":"","publisher":{"@id":"https:\/\/abc-latina.com\/#organization"},"potentialAction":[{"@type":"SearchAction","target":{"@type":"EntryPoint","urlTemplate":"https:\/\/abc-latina.com\/?s={search_term_string}"},"query-input":{"@type":"PropertyValueSpecification","valueRequired":true,"valueName":"search_term_string"}}],"inLanguage":"fr-FR"},{"@type":"Organization","@id":"https:\/\/abc-latina.com\/#organization","name":"Abc-latina","url":"https:\/\/abc-latina.com\/","logo":{"@type":"ImageObject","inLanguage":"fr-FR","@id":"https:\/\/abc-latina.com\/#\/schema\/logo\/image\/","url":"https:\/\/abc-latina.com\/wp-content\/uploads\/2026\/05\/cropped-logo.gif","contentUrl":"https:\/\/abc-latina.com\/wp-content\/uploads\/2026\/05\/cropped-logo.gif","width":89,"height":84,"caption":"Abc-latina"},"image":{"@id":"https:\/\/abc-latina.com\/#\/schema\/logo\/image\/"}}]}},"_links":{"self":[{"href":"https:\/\/abc-latina.com\/wp-json\/wp\/v2\/pages\/1550","targetHints":{"allow":["GET"]}}],"collection":[{"href":"https:\/\/abc-latina.com\/wp-json\/wp\/v2\/pages"}],"about":[{"href":"https:\/\/abc-latina.com\/wp-json\/wp\/v2\/types\/page"}],"author":[{"embeddable":true,"href":"https:\/\/abc-latina.com\/wp-json\/wp\/v2\/users\/3"}],"replies":[{"embeddable":true,"href":"https:\/\/abc-latina.com\/wp-json\/wp\/v2\/comments?post=1550"}],"version-history":[{"count":1,"href":"https:\/\/abc-latina.com\/wp-json\/wp\/v2\/pages\/1550\/revisions"}],"predecessor-version":[{"id":3119,"href":"https:\/\/abc-latina.com\/wp-json\/wp\/v2\/pages\/1550\/revisions\/3119"}],"up":[{"embeddable":true,"href":"https:\/\/abc-latina.com\/wp-json\/wp\/v2\/pages\/2280"}],"wp:featuredmedia":[{"embeddable":true,"href":"https:\/\/abc-latina.com\/wp-json\/wp\/v2\/media\/1549"}],"wp:attachment":[{"href":"https:\/\/abc-latina.com\/wp-json\/wp\/v2\/media?parent=1550"}],"curies":[{"name":"wp","href":"https:\/\/api.w.org\/{rel}","templated":true}]}}