{"id":1593,"date":"2010-07-20T22:32:37","date_gmt":"2010-07-20T20:32:37","guid":{"rendered":"http:\/\/abc-latina.com\/ambassade-htm-10\/"},"modified":"2026-04-30T18:24:50","modified_gmt":"2026-04-30T16:24:50","slug":"ambassade","status":"publish","type":"page","link":"https:\/\/abc-latina.com\/bresil\/ambassade\/","title":{"rendered":"AMBASSADES &#038; CONSULATS"},"content":{"rendered":"<div style=\"text-align: center; \">En France &#8211; En Belgique &#8211; En Suisse &#8211; Au Canada<\/div>\n<div style=\"text-align: center; \">&nbsp;<\/div>\n<h2>Ambassade du Br\u00e9sil en France<\/h2>\n<div>34 cours Albert 1er- 75008 Paris<\/div>\n<div>fonctions consulaires assur\u00e9es par l&rsquo;ambassade&nbsp;<\/div>\n<div>TEL 01.45.61.63.00 &#8211;&nbsp;FAX 01.42.89.03.45 &#8211;&nbsp;<a href=\"http:\/\/www.bresil.org\/index.php?option=com_content&amp;task=section&amp;id=3&amp;Itemid=48\" target=\"_blank\">site internet<\/a><\/div>\n<div>&nbsp;<\/div>\n<h3><strong>Consulat de Cayenne&nbsp;<\/strong><\/h3>\n<div>444 chemin Saint Antoine &#8211; BP 793 &#8211; 97337 Cayenne&nbsp;<\/div>\n<div>TEL 0.594.29.60.10&nbsp;<\/div>\n<h3><strong>Consulat honoraire : Bordeaux<\/strong><\/h3>\n<div>8 place des quinconces &#8211; 33000 Bordeaux &nbsp;<br \/>TEL 05.56.81.12.00 FAX 05.56.01.14.30&nbsp;<\/div>\n<h3><strong>Consulat honoraire : Monaco<\/strong><\/h3>\n<div>30 bd de Belgique &#8211; 98000 Monte Carlo &nbsp;<br \/>TEL&nbsp;(00 377) 93 30 21 87&nbsp;<\/div>\n<h3><strong>Consulat honoraire : Dunkerque<\/strong><\/h3>\n<div>1\/7 place de le r\u00e9publique &#8211; 59383 Dunkerque &nbsp;<br \/>TEL 03 28 58 05 40 FAX 03 28 59 25 93&nbsp;<\/div>\n<h3><strong>Consulat honoraire : Lyon<\/strong><\/h3>\n<div>68 ter rue Chazi\u00e8re &#8211; 69004 Lyon &nbsp;<br \/>TEL 04 78 39 43 29&nbsp;<\/div>\n<h3><strong>Consulat honoraire : Nantes<\/strong><\/h3>\n<div>39 rue Julien &#8211; 44000 Nantes &nbsp;<br \/>TEL 06 24 68 13 50&nbsp;<\/div>\n<h3><strong>Consulat honoraire : Pau<\/strong><\/h3>\n<div>18 rue Fr\u00e9d\u00e9ric Mistral &#8211; 64000 Pau &nbsp;<br \/>TEL&nbsp; 06 75 46 71 55<\/div>\n<h3><strong>Consulat honoraire : Toulouse<\/strong><\/h3>\n<div>6 all\u00e9e Fran\u00e7ois Verdier &#8211; 31000 Toulouse &nbsp;<br \/>TEL 05 61 62 66 41&nbsp;<\/div>\n<h3><strong>Consulat honoraire : Le Havre<\/strong><\/h3>\n<div>35 rue du 129 \u00e8me R.I. &#8211; 76600 Le Havre &nbsp;<br \/>TEL 02.35.19.23.62 &#8211;&nbsp;FAX 02.35.21.49.18&nbsp;<\/div>\n<h3><strong>Consulat honoraire : Lille<\/strong><\/h3>\n<div>5 rue Jean Roisin &#8211; 59800 Lille &nbsp;<br \/>TEL 03.20.57.14.48&nbsp;<\/div>\n<h3><strong>Consulat honoraire : Strasbourg<\/strong><\/h3>\n<div>8 rue de la cha\u00eene &#8211; 67140 Andlau &nbsp;<br \/>TEL 03.88.08.17.32&nbsp;<\/div>\n<div><a href=\"tour_operateur\" target=\"_blank\"><img loading=\"lazy\" decoding=\"async\" class=\" size-full wp-image-41\" alt=\"\" class=\"touroperateur\" src=\"http:\/\/abc-latina.com\/wp-content\/uploads\/2010\/04\/timbre_to.gif\" width=\"125\" height=\"90\" \/><\/a><\/div>\n<h2>Ambassade du Br\u00e9sil en Belgique<\/h2>\n<div>350 avenue Louise &#8211; 1050 Bruxelles&nbsp;<\/div>\n<div>TEL 640-2015\/2111 &#8211;&nbsp;FAX 640-8134<\/div>\n<div>&nbsp;<\/div>\n<h3>Consulat du Br\u00e9sil au&nbsp;Luxembourg<\/h3>\n<div>19 avenue de la Libert\u00e9 &#8211; 2930 Luxembourg&nbsp;<\/div>\n<div>TEL 47.92.21.63&nbsp;<\/div>\n<div>&nbsp;<\/div>\n<h2>Ambassade du Br\u00e9sil en Suisse<\/h2>\n<div>Monbijoustrasse 68 &#8211; 3007 Berne&nbsp;<\/div>\n<div>TEL 371-8515 &#8211;&nbsp;FAX 371-0525<\/div>\n<h3>Consulat de g\u00e9n\u00e9ral du Br\u00e9sil \u00e0 Zurich<\/h3>\n<div>B\u00fcrglistrasse, 6 &#8211; 8002 Z\u00fcrich&nbsp;<\/div>\n<div>TEL 01-206.90.31 &#8211;&nbsp;FAX 01-206.90.20<\/div>\n<h3>Consulat g\u00e9n\u00e9ral du Br\u00e9sil \u00e0 Gen\u00e8ve<\/h3>\n<div>12 Place Cornavin &#8211; 1201 Gen\u00e8ve<\/div>\n<div>TEL 73123 49 &#8211;&nbsp;FAX 732 09 30<\/div>\n<div>&nbsp;<\/div>\n<h2>Ambassade du Br\u00e9sil au Canada<\/h2>\n<div>450, wilbrod Street &#8211; Ottawa&nbsp;<\/div>\n<div>TEL 237-1090 &#8211;&nbsp;TEL 237-6144<\/div>\n<h3>Consulat g\u00e9n\u00e9ral du Br\u00e9sil<\/h3>\n<div>2000 Mansfield, Montr\u00e9al, QC H3A 3A5&nbsp;<\/div>\n<div>TEL (514)499-0968&nbsp;<\/div>\n","protected":false},"excerpt":{"rendered":"<p>En France &#8211; En Belgique &#8211; En Suisse &#8211; Au Canada &nbsp; Ambassade du Br\u00e9sil en France 34 cours Albert [&hellip;]<\/p>\n","protected":false},"author":3,"featured_media":41,"parent":2297,"menu_order":0,"comment_status":"closed","ping_status":"closed","template":"","meta":{"site-sidebar-layout":"default","site-content-layout":"","ast-site-content-layout":"default","site-content-style":"default","site-sidebar-style":"default","ast-global-header-display":"","ast-banner-title-visibility":"","ast-main-header-display":"","ast-hfb-above-header-display":"","ast-hfb-below-header-display":"","ast-hfb-mobile-header-display":"","site-post-title":"","ast-breadcrumbs-content":"","ast-featured-img":"","footer-sml-layout":"","ast-disable-related-posts":"","theme-transparent-header-meta":"","adv-header-id-meta":"","stick-header-meta":"","header-above-stick-meta":"","header-main-stick-meta":"","header-below-stick-meta":"","astra-migrate-meta-layouts":"default","ast-page-background-enabled":"default","ast-page-background-meta":{"desktop":{"background-color":"var(--ast-global-color-5)","background-image":"","background-repeat":"repeat","background-position":"center center","background-size":"auto","background-attachment":"scroll","background-type":"","background-media":"","overlay-type":"","overlay-color":"","overlay-opacity":"","overlay-gradient":""},"tablet":{"background-color":"","background-image":"","background-repeat":"repeat","background-position":"center center","background-size":"auto","background-attachment":"scroll","background-type":"","background-media":"","overlay-type":"","overlay-color":"","overlay-opacity":"","overlay-gradient":""},"mobile":{"background-color":"","background-image":"","background-repeat":"repeat","background-position":"center center","background-size":"auto","background-attachment":"scroll","background-type":"","background-media":"","overlay-type":"","overlay-color":"","overlay-opacity":"","overlay-gradient":""}},"ast-content-background-meta":{"desktop":{"background-color":"var(--ast-global-color-4)","background-image":"","background-repeat":"repeat","background-position":"center center","background-size":"auto","background-attachment":"scroll","background-type":"","background-media":"","overlay-type":"","overlay-color":"","overlay-opacity":"","overlay-gradient":""},"tablet":{"background-color":"var(--ast-global-color-4)","background-image":"","background-repeat":"repeat","background-position":"center center","background-size":"auto","background-attachment":"scroll","background-type":"","background-media":"","overlay-type":"","overlay-color":"","overlay-opacity":"","overlay-gradient":""},"mobile":{"background-color":"var(--ast-global-color-4)","background-image":"","background-repeat":"repeat","background-position":"center center","background-size":"auto","background-attachment":"scroll","background-type":"","background-media":"","overlay-type":"","overlay-color":"","overlay-opacity":"","overlay-gradient":""}},"footnotes":""},"class_list":["post-1593","page","type-page","status-publish","has-post-thumbnail","hentry"],"yoast_head":"<!-- This site is optimized with the Yoast SEO plugin v27.5 - https:\/\/yoast.com\/product\/yoast-seo-wordpress\/ -->\n<title>AMBASSADES &amp; CONSULATS - Abc-latina<\/title>\n<meta name=\"description\" content=\"Les ambassades et consulats au Br\u00e9sil.\" \/>\n<meta name=\"robots\" content=\"index, follow, max-snippet:-1, max-image-preview:large, max-video-preview:-1\" \/>\n<link rel=\"canonical\" href=\"https:\/\/abc-latina.com\/bresil\/ambassade\/\" \/>\n<meta property=\"og:locale\" content=\"fr_FR\" \/>\n<meta property=\"og:type\" content=\"article\" \/>\n<meta property=\"og:title\" content=\"AMBASSADES &amp; CONSULATS - Abc-latina\" \/>\n<meta property=\"og:description\" content=\"Les ambassades et consulats au Br\u00e9sil.\" \/>\n<meta property=\"og:url\" content=\"https:\/\/abc-latina.com\/bresil\/ambassade\/\" \/>\n<meta property=\"og:site_name\" content=\"Abc-latina\" \/>\n<meta property=\"article:modified_time\" content=\"2026-04-30T16:24:50+00:00\" \/>\n<meta property=\"og:image\" content=\"https:\/\/abc-latina.com\/wp-content\/uploads\/2010\/04\/timbre_to.gif\" \/>\n\t<meta property=\"og:image:width\" content=\"125\" \/>\n\t<meta property=\"og:image:height\" content=\"90\" \/>\n\t<meta property=\"og:image:type\" content=\"image\/gif\" \/>\n<meta name=\"twitter:card\" content=\"summary_large_image\" \/>\n<meta name=\"twitter:label1\" content=\"Dur\u00e9e de lecture estim\u00e9e\" \/>\n\t<meta name=\"twitter:data1\" content=\"2 minutes\" \/>\n<script type=\"application\/ld+json\" class=\"yoast-schema-graph\">{\"@context\":\"https:\\\/\\\/schema.org\",\"@graph\":[{\"@type\":\"WebPage\",\"@id\":\"https:\\\/\\\/abc-latina.com\\\/bresil\\\/ambassade\\\/\",\"url\":\"https:\\\/\\\/abc-latina.com\\\/bresil\\\/ambassade\\\/\",\"name\":\"AMBASSADES & CONSULATS - Abc-latina\",\"isPartOf\":{\"@id\":\"https:\\\/\\\/abc-latina.com\\\/#website\"},\"primaryImageOfPage\":{\"@id\":\"https:\\\/\\\/abc-latina.com\\\/bresil\\\/ambassade\\\/#primaryimage\"},\"image\":{\"@id\":\"https:\\\/\\\/abc-latina.com\\\/bresil\\\/ambassade\\\/#primaryimage\"},\"thumbnailUrl\":\"https:\\\/\\\/abc-latina.com\\\/wp-content\\\/uploads\\\/2010\\\/04\\\/timbre_to.gif\",\"datePublished\":\"2010-07-20T20:32:37+00:00\",\"dateModified\":\"2026-04-30T16:24:50+00:00\",\"description\":\"Les ambassades et consulats au Br\u00e9sil.\",\"breadcrumb\":{\"@id\":\"https:\\\/\\\/abc-latina.com\\\/bresil\\\/ambassade\\\/#breadcrumb\"},\"inLanguage\":\"fr-FR\",\"potentialAction\":[{\"@type\":\"ReadAction\",\"target\":[\"https:\\\/\\\/abc-latina.com\\\/bresil\\\/ambassade\\\/\"]}]},{\"@type\":\"ImageObject\",\"inLanguage\":\"fr-FR\",\"@id\":\"https:\\\/\\\/abc-latina.com\\\/bresil\\\/ambassade\\\/#primaryimage\",\"url\":\"https:\\\/\\\/abc-latina.com\\\/wp-content\\\/uploads\\\/2010\\\/04\\\/timbre_to.gif\",\"contentUrl\":\"https:\\\/\\\/abc-latina.com\\\/wp-content\\\/uploads\\\/2010\\\/04\\\/timbre_to.gif\",\"width\":125,\"height\":90},{\"@type\":\"BreadcrumbList\",\"@id\":\"https:\\\/\\\/abc-latina.com\\\/bresil\\\/ambassade\\\/#breadcrumb\",\"itemListElement\":[{\"@type\":\"ListItem\",\"position\":1,\"name\":\"Accueil\",\"item\":\"https:\\\/\\\/abc-latina.com\\\/\"},{\"@type\":\"ListItem\",\"position\":2,\"name\":\"AMBASSADES &#038; CONSULATS\"}]},{\"@type\":\"WebSite\",\"@id\":\"https:\\\/\\\/abc-latina.com\\\/#website\",\"url\":\"https:\\\/\\\/abc-latina.com\\\/\",\"name\":\"Abc-latina\",\"description\":\"\",\"publisher\":{\"@id\":\"https:\\\/\\\/abc-latina.com\\\/#organization\"},\"potentialAction\":[{\"@type\":\"SearchAction\",\"target\":{\"@type\":\"EntryPoint\",\"urlTemplate\":\"https:\\\/\\\/abc-latina.com\\\/?s={search_term_string}\"},\"query-input\":{\"@type\":\"PropertyValueSpecification\",\"valueRequired\":true,\"valueName\":\"search_term_string\"}}],\"inLanguage\":\"fr-FR\"},{\"@type\":\"Organization\",\"@id\":\"https:\\\/\\\/abc-latina.com\\\/#organization\",\"name\":\"Abc-latina\",\"url\":\"https:\\\/\\\/abc-latina.com\\\/\",\"logo\":{\"@type\":\"ImageObject\",\"inLanguage\":\"fr-FR\",\"@id\":\"https:\\\/\\\/abc-latina.com\\\/#\\\/schema\\\/logo\\\/image\\\/\",\"url\":\"https:\\\/\\\/abc-latina.com\\\/wp-content\\\/uploads\\\/2026\\\/05\\\/cropped-logo.gif\",\"contentUrl\":\"https:\\\/\\\/abc-latina.com\\\/wp-content\\\/uploads\\\/2026\\\/05\\\/cropped-logo.gif\",\"width\":89,\"height\":84,\"caption\":\"Abc-latina\"},\"image\":{\"@id\":\"https:\\\/\\\/abc-latina.com\\\/#\\\/schema\\\/logo\\\/image\\\/\"}}]}<\/script>\n<!-- \/ Yoast SEO plugin. -->","yoast_head_json":{"title":"AMBASSADES & CONSULATS - Abc-latina","description":"Les ambassades et consulats au Br\u00e9sil.","robots":{"index":"index","follow":"follow","max-snippet":"max-snippet:-1","max-image-preview":"max-image-preview:large","max-video-preview":"max-video-preview:-1"},"canonical":"https:\/\/abc-latina.com\/bresil\/ambassade\/","og_locale":"fr_FR","og_type":"article","og_title":"AMBASSADES & CONSULATS - Abc-latina","og_description":"Les ambassades et consulats au Br\u00e9sil.","og_url":"https:\/\/abc-latina.com\/bresil\/ambassade\/","og_site_name":"Abc-latina","article_modified_time":"2026-04-30T16:24:50+00:00","og_image":[{"width":125,"height":90,"url":"https:\/\/abc-latina.com\/wp-content\/uploads\/2010\/04\/timbre_to.gif","type":"image\/gif"}],"twitter_card":"summary_large_image","twitter_misc":{"Dur\u00e9e de lecture estim\u00e9e":"2 minutes"},"schema":{"@context":"https:\/\/schema.org","@graph":[{"@type":"WebPage","@id":"https:\/\/abc-latina.com\/bresil\/ambassade\/","url":"https:\/\/abc-latina.com\/bresil\/ambassade\/","name":"AMBASSADES & CONSULATS - Abc-latina","isPartOf":{"@id":"https:\/\/abc-latina.com\/#website"},"primaryImageOfPage":{"@id":"https:\/\/abc-latina.com\/bresil\/ambassade\/#primaryimage"},"image":{"@id":"https:\/\/abc-latina.com\/bresil\/ambassade\/#primaryimage"},"thumbnailUrl":"https:\/\/abc-latina.com\/wp-content\/uploads\/2010\/04\/timbre_to.gif","datePublished":"2010-07-20T20:32:37+00:00","dateModified":"2026-04-30T16:24:50+00:00","description":"Les ambassades et consulats au Br\u00e9sil.","breadcrumb":{"@id":"https:\/\/abc-latina.com\/bresil\/ambassade\/#breadcrumb"},"inLanguage":"fr-FR","potentialAction":[{"@type":"ReadAction","target":["https:\/\/abc-latina.com\/bresil\/ambassade\/"]}]},{"@type":"ImageObject","inLanguage":"fr-FR","@id":"https:\/\/abc-latina.com\/bresil\/ambassade\/#primaryimage","url":"https:\/\/abc-latina.com\/wp-content\/uploads\/2010\/04\/timbre_to.gif","contentUrl":"https:\/\/abc-latina.com\/wp-content\/uploads\/2010\/04\/timbre_to.gif","width":125,"height":90},{"@type":"BreadcrumbList","@id":"https:\/\/abc-latina.com\/bresil\/ambassade\/#breadcrumb","itemListElement":[{"@type":"ListItem","position":1,"name":"Accueil","item":"https:\/\/abc-latina.com\/"},{"@type":"ListItem","position":2,"name":"AMBASSADES &#038; CONSULATS"}]},{"@type":"WebSite","@id":"https:\/\/abc-latina.com\/#website","url":"https:\/\/abc-latina.com\/","name":"Abc-latina","description":"","publisher":{"@id":"https:\/\/abc-latina.com\/#organization"},"potentialAction":[{"@type":"SearchAction","target":{"@type":"EntryPoint","urlTemplate":"https:\/\/abc-latina.com\/?s={search_term_string}"},"query-input":{"@type":"PropertyValueSpecification","valueRequired":true,"valueName":"search_term_string"}}],"inLanguage":"fr-FR"},{"@type":"Organization","@id":"https:\/\/abc-latina.com\/#organization","name":"Abc-latina","url":"https:\/\/abc-latina.com\/","logo":{"@type":"ImageObject","inLanguage":"fr-FR","@id":"https:\/\/abc-latina.com\/#\/schema\/logo\/image\/","url":"https:\/\/abc-latina.com\/wp-content\/uploads\/2026\/05\/cropped-logo.gif","contentUrl":"https:\/\/abc-latina.com\/wp-content\/uploads\/2026\/05\/cropped-logo.gif","width":89,"height":84,"caption":"Abc-latina"},"image":{"@id":"https:\/\/abc-latina.com\/#\/schema\/logo\/image\/"}}]}},"_links":{"self":[{"href":"https:\/\/abc-latina.com\/wp-json\/wp\/v2\/pages\/1593","targetHints":{"allow":["GET"]}}],"collection":[{"href":"https:\/\/abc-latina.com\/wp-json\/wp\/v2\/pages"}],"about":[{"href":"https:\/\/abc-latina.com\/wp-json\/wp\/v2\/types\/page"}],"author":[{"embeddable":true,"href":"https:\/\/abc-latina.com\/wp-json\/wp\/v2\/users\/3"}],"replies":[{"embeddable":true,"href":"https:\/\/abc-latina.com\/wp-json\/wp\/v2\/comments?post=1593"}],"version-history":[{"count":1,"href":"https:\/\/abc-latina.com\/wp-json\/wp\/v2\/pages\/1593\/revisions"}],"predecessor-version":[{"id":3158,"href":"https:\/\/abc-latina.com\/wp-json\/wp\/v2\/pages\/1593\/revisions\/3158"}],"up":[{"embeddable":true,"href":"https:\/\/abc-latina.com\/wp-json\/wp\/v2\/pages\/2297"}],"wp:featuredmedia":[{"embeddable":true,"href":"https:\/\/abc-latina.com\/wp-json\/wp\/v2\/media\/41"}],"wp:attachment":[{"href":"https:\/\/abc-latina.com\/wp-json\/wp\/v2\/media?parent=1593"}],"curies":[{"name":"wp","href":"https:\/\/api.w.org\/{rel}","templated":true}]}}