{"id":1608,"date":"2010-07-21T02:11:12","date_gmt":"2010-07-21T00:11:12","guid":{"rendered":"http:\/\/abc-latina.com\/ambassade-htm-17\/"},"modified":"2026-04-30T18:25:13","modified_gmt":"2026-04-30T16:25:13","slug":"ambassade","status":"publish","type":"page","link":"https:\/\/abc-latina.com\/perou\/ambassade\/","title":{"rendered":"AMBASSADES &#038; CONSULATS &#8211; PEROU"},"content":{"rendered":"<div style=\"text-align: center; \">En France &#8211; En Belgique &#8211; En Suisse &#8211; Au Canada&nbsp;<\/div>\n<h3>Ambassade du P\u00e9rou en France<\/h3>\n<div>50 avenue Kl\u00e9bert &#8211; 75016 Paris&nbsp;<\/div>\n<div>TEL 01.53.70.42.00 &#8211;&nbsp;FAX 01.47.88.98.30 &#8211;&nbsp;<a href=\"http:\/\/www.amb-perou.fr\/\" target=\"_blank\">SITE INTERNET<\/a><\/div>\n<h3>Consulat du P\u00e9rou en France<\/h3>\n<div>Ouvert au public du lundi au vendredi&nbsp;de 09.00 \u00e0 15.00&nbsp;<\/div>\n<div>25 rue de l&rsquo;arcade &#8211; 75008 Paris&nbsp;<\/div>\n<div>TEL 01.42.65.25.10&nbsp;<\/div>\n<div><strong>Consulat honoraire: Bordeaux<\/strong><\/div>\n<div>20-22, rue Saint-R\u00e9mi &#8211; 33000 Bordeaux &nbsp;TEL 05.56.79.17.20<\/div>\n<div>FAX 05.56.81.11.96 &nbsp;<\/div>\n<div><strong>Consulat honoraire: Marseille<\/strong><\/div>\n<div>565 avenue du Prado &#8211; 13008 Marseille TEL 04.91.29.11.15&nbsp;<\/div>\n<div><strong>Consulat honoraire: Nice&nbsp;<\/strong><\/div>\n<div>Chateau Barla 28 avenue Val Marie &#8211; 6200 Nice TEL 04.93.71.63.44&nbsp;<\/div>\n<div><strong>Consulat honoraire: Strasbourg&nbsp;<\/strong><\/div>\n<div>7 rue Sundgau &#8211; 67100 Strasbourg TEL 03.88.84.08.71&nbsp;<\/div>\n<div>&nbsp;<\/div>\n<h3>Ambassade du P\u00e9rou en Belgique<\/h3>\n<div>avenue de Tervueren 179 &#8211; Bruxelles 1150&nbsp;<\/div>\n<div>TEL (02) 733.33.19 &#8211;&nbsp;FAX (02) 733 48 19&nbsp;<\/div>\n<h3>Consulats du P\u00e9rou en Belgique<\/h3>\n<div><strong>A Bruxelles<\/strong><\/div>\n<div>10 Avenue des Arts &#8211; 1210 Saint-Josse-ten-Noode<br \/>TEL (032) 2 641 87 60 <\/div>\n<div><strong>A Anvers<\/strong><br \/> Oudaan 16 &#8211; Anvers 2000 &nbsp;<br \/>TEL (03) 232.52.73&nbsp;<\/div>\n<div>&nbsp;<\/div>\n<h3>Ambassade du P\u00e9rou en Suisse<\/h3>\n<div>Thunsstrasse 36 &#8211; 3005 Berne&nbsp;<\/div>\n<div>TEL (031) 351.85.55&nbsp;<\/div>\n<h3>Consulat du P\u00e9rou en Suisse<\/h3>\n<div>17 rue Pierre Duniton 1207 Gen\u00e8ve&nbsp;<\/div>\n<div>TEL (022) 707.49.17&nbsp;<\/div>\n<div><a href=\"tour_operateur\" target=\"_blank\"><img loading=\"lazy\" decoding=\"async\" class=\" size-full wp-image-41\" alt=\"\" class=\"touroperateur\" src=\"http:\/\/abc-latina.com\/wp-content\/uploads\/2010\/04\/timbre_to.gif\" width=\"125\" height=\"90\" \/><\/a><\/div>\n<h3>Ambassade du P\u00e9rou au Canada<\/h3>\n<div>130 rue Albert &#8211; bureau 1901<\/div>\n<div>Ottawa &#8211; Ontario K1P5G4&nbsp;<\/div>\n<div>TEL (613) 238 1777 &#8211;&nbsp;FAX (613) 232 3062<\/div>\n<h3>Consulats du P\u00e9rou au Canada<\/h3>\n<div><strong>A Montr\u00e9al&nbsp;<\/strong><\/div>\n<div>550 rue Sherbrooke Ouest &#8211; office 970<\/div>\n<div>Montr\u00e9al &#8211; H3A-1B9&nbsp;<\/div>\n<div>TEL (514) 844.51.23 &#8211;&nbsp;FAX (514) 843.84.25 &#8211;&nbsp;<a href=\"http:\/\/www.consuladoperumontreal.com\/\" target=\"_blank\">SITE INTERNET<\/a><\/div>\n<div><strong>A Qu\u00e9bec&nbsp;<\/strong><\/div>\n<div>250 Grande allee O,&nbsp;<\/div>\n<div>Qu\u00e9bec, QC G1R 2H4 TEL (418) 521-5777&nbsp;<\/div>\n<div><strong>A Toronto&nbsp;<\/strong><\/div>\n<div>10 Saint Mary street &#8211; suite 301<\/div>\n<div>Toronto &#8211; Ontario &#8211; M4Y-1P9 TEL (416) 963.96.96&nbsp;<\/div>\n<div><strong>A Vancouver&nbsp;<\/strong><\/div>\n<div>505 Burrard street &#8211; suite 1770<\/div>\n<div>Vancouver &#8211; British Columbia &#8211; V7X-1M6 TEL (604) 662.88.80&nbsp;<\/div>\n<h3>Pr\u00e9parez votre voyage au P\u00e9rou :<\/h3>\n<div><a href=\"https:\/\/www.abc-latina.com\/perou\/agence_de_voyages\">Agences de voyage g\u00e9n\u00e9ralistes et discounteurs<\/a><\/div>\n<div><a href=\"https:\/\/www.abc-latina.com\/perou\/tour_operateur\">Tours Op\u00e9rateurs sp\u00e9cialistes du P\u00e9rou<\/a><\/div>\n<div><a href=\"https:\/\/www.abc-latina.com\/to\/reservation_billet_avion\" target=\"_blank\">R\u00e9servez votre billet d&rsquo;avion<\/a><\/div>\n<div><a href=\"https:\/\/www.abc-latina.com\/perou\/hotels\">R\u00e9servez votre h\u00f4tel au P\u00e9rou<\/a>&nbsp;<\/div>\n<div><a href=\"https:\/\/www.abc-latina.com\/to\/location_de_voiture_perou\" target=\"_blank\">Location de voiture<\/a><\/div>\n<p>&nbsp;<\/p>\n","protected":false},"excerpt":{"rendered":"<p>En France &#8211; En Belgique &#8211; En Suisse &#8211; Au Canada&nbsp; Ambassade du P\u00e9rou en France 50 avenue Kl\u00e9bert &#8211; [&hellip;]<\/p>\n","protected":false},"author":3,"featured_media":41,"parent":2118,"menu_order":0,"comment_status":"closed","ping_status":"closed","template":"","meta":{"site-sidebar-layout":"default","site-content-layout":"","ast-site-content-layout":"default","site-content-style":"default","site-sidebar-style":"default","ast-global-header-display":"","ast-banner-title-visibility":"","ast-main-header-display":"","ast-hfb-above-header-display":"","ast-hfb-below-header-display":"","ast-hfb-mobile-header-display":"","site-post-title":"","ast-breadcrumbs-content":"","ast-featured-img":"","footer-sml-layout":"","ast-disable-related-posts":"","theme-transparent-header-meta":"","adv-header-id-meta":"","stick-header-meta":"","header-above-stick-meta":"","header-main-stick-meta":"","header-below-stick-meta":"","astra-migrate-meta-layouts":"default","ast-page-background-enabled":"default","ast-page-background-meta":{"desktop":{"background-color":"var(--ast-global-color-5)","background-image":"","background-repeat":"repeat","background-position":"center center","background-size":"auto","background-attachment":"scroll","background-type":"","background-media":"","overlay-type":"","overlay-color":"","overlay-opacity":"","overlay-gradient":""},"tablet":{"background-color":"","background-image":"","background-repeat":"repeat","background-position":"center center","background-size":"auto","background-attachment":"scroll","background-type":"","background-media":"","overlay-type":"","overlay-color":"","overlay-opacity":"","overlay-gradient":""},"mobile":{"background-color":"","background-image":"","background-repeat":"repeat","background-position":"center center","background-size":"auto","background-attachment":"scroll","background-type":"","background-media":"","overlay-type":"","overlay-color":"","overlay-opacity":"","overlay-gradient":""}},"ast-content-background-meta":{"desktop":{"background-color":"var(--ast-global-color-4)","background-image":"","background-repeat":"repeat","background-position":"center center","background-size":"auto","background-attachment":"scroll","background-type":"","background-media":"","overlay-type":"","overlay-color":"","overlay-opacity":"","overlay-gradient":""},"tablet":{"background-color":"var(--ast-global-color-4)","background-image":"","background-repeat":"repeat","background-position":"center center","background-size":"auto","background-attachment":"scroll","background-type":"","background-media":"","overlay-type":"","overlay-color":"","overlay-opacity":"","overlay-gradient":""},"mobile":{"background-color":"var(--ast-global-color-4)","background-image":"","background-repeat":"repeat","background-position":"center center","background-size":"auto","background-attachment":"scroll","background-type":"","background-media":"","overlay-type":"","overlay-color":"","overlay-opacity":"","overlay-gradient":""}},"footnotes":""},"class_list":["post-1608","page","type-page","status-publish","has-post-thumbnail","hentry"],"yoast_head":"<!-- This site is optimized with the Yoast SEO plugin v27.5 - https:\/\/yoast.com\/product\/yoast-seo-wordpress\/ -->\n<title>AMBASSADES &amp; CONSULATS - PEROU - Abc-latina<\/title>\n<meta name=\"description\" content=\"La liste des ambassades et consulats p\u00e9ruviens dans le monde francophone.\" \/>\n<meta name=\"robots\" content=\"index, follow, max-snippet:-1, max-image-preview:large, max-video-preview:-1\" \/>\n<link rel=\"canonical\" href=\"https:\/\/abc-latina.com\/perou\/ambassade\/\" \/>\n<meta property=\"og:locale\" content=\"fr_FR\" \/>\n<meta property=\"og:type\" content=\"article\" \/>\n<meta property=\"og:title\" content=\"AMBASSADES &amp; CONSULATS - PEROU - Abc-latina\" \/>\n<meta property=\"og:description\" content=\"La liste des ambassades et consulats p\u00e9ruviens dans le monde francophone.\" \/>\n<meta property=\"og:url\" content=\"https:\/\/abc-latina.com\/perou\/ambassade\/\" \/>\n<meta property=\"og:site_name\" content=\"Abc-latina\" \/>\n<meta property=\"article:modified_time\" content=\"2026-04-30T16:25:13+00:00\" \/>\n<meta property=\"og:image\" content=\"https:\/\/abc-latina.com\/wp-content\/uploads\/2010\/04\/timbre_to.gif\" \/>\n\t<meta property=\"og:image:width\" content=\"125\" \/>\n\t<meta property=\"og:image:height\" content=\"90\" \/>\n\t<meta property=\"og:image:type\" content=\"image\/gif\" \/>\n<meta name=\"twitter:card\" content=\"summary_large_image\" \/>\n<meta name=\"twitter:label1\" content=\"Dur\u00e9e de lecture estim\u00e9e\" \/>\n\t<meta name=\"twitter:data1\" content=\"2 minutes\" \/>\n<script type=\"application\/ld+json\" class=\"yoast-schema-graph\">{\"@context\":\"https:\\\/\\\/schema.org\",\"@graph\":[{\"@type\":\"WebPage\",\"@id\":\"https:\\\/\\\/abc-latina.com\\\/perou\\\/ambassade\\\/\",\"url\":\"https:\\\/\\\/abc-latina.com\\\/perou\\\/ambassade\\\/\",\"name\":\"AMBASSADES & CONSULATS - PEROU - Abc-latina\",\"isPartOf\":{\"@id\":\"https:\\\/\\\/abc-latina.com\\\/#website\"},\"primaryImageOfPage\":{\"@id\":\"https:\\\/\\\/abc-latina.com\\\/perou\\\/ambassade\\\/#primaryimage\"},\"image\":{\"@id\":\"https:\\\/\\\/abc-latina.com\\\/perou\\\/ambassade\\\/#primaryimage\"},\"thumbnailUrl\":\"https:\\\/\\\/abc-latina.com\\\/wp-content\\\/uploads\\\/2010\\\/04\\\/timbre_to.gif\",\"datePublished\":\"2010-07-21T00:11:12+00:00\",\"dateModified\":\"2026-04-30T16:25:13+00:00\",\"description\":\"La liste des ambassades et consulats p\u00e9ruviens dans le monde francophone.\",\"breadcrumb\":{\"@id\":\"https:\\\/\\\/abc-latina.com\\\/perou\\\/ambassade\\\/#breadcrumb\"},\"inLanguage\":\"fr-FR\",\"potentialAction\":[{\"@type\":\"ReadAction\",\"target\":[\"https:\\\/\\\/abc-latina.com\\\/perou\\\/ambassade\\\/\"]}]},{\"@type\":\"ImageObject\",\"inLanguage\":\"fr-FR\",\"@id\":\"https:\\\/\\\/abc-latina.com\\\/perou\\\/ambassade\\\/#primaryimage\",\"url\":\"https:\\\/\\\/abc-latina.com\\\/wp-content\\\/uploads\\\/2010\\\/04\\\/timbre_to.gif\",\"contentUrl\":\"https:\\\/\\\/abc-latina.com\\\/wp-content\\\/uploads\\\/2010\\\/04\\\/timbre_to.gif\",\"width\":125,\"height\":90},{\"@type\":\"BreadcrumbList\",\"@id\":\"https:\\\/\\\/abc-latina.com\\\/perou\\\/ambassade\\\/#breadcrumb\",\"itemListElement\":[{\"@type\":\"ListItem\",\"position\":1,\"name\":\"Accueil\",\"item\":\"https:\\\/\\\/abc-latina.com\\\/\"},{\"@type\":\"ListItem\",\"position\":2,\"name\":\"AMBASSADES &#038; CONSULATS &#8211; PEROU\"}]},{\"@type\":\"WebSite\",\"@id\":\"https:\\\/\\\/abc-latina.com\\\/#website\",\"url\":\"https:\\\/\\\/abc-latina.com\\\/\",\"name\":\"Abc-latina\",\"description\":\"\",\"publisher\":{\"@id\":\"https:\\\/\\\/abc-latina.com\\\/#organization\"},\"potentialAction\":[{\"@type\":\"SearchAction\",\"target\":{\"@type\":\"EntryPoint\",\"urlTemplate\":\"https:\\\/\\\/abc-latina.com\\\/?s={search_term_string}\"},\"query-input\":{\"@type\":\"PropertyValueSpecification\",\"valueRequired\":true,\"valueName\":\"search_term_string\"}}],\"inLanguage\":\"fr-FR\"},{\"@type\":\"Organization\",\"@id\":\"https:\\\/\\\/abc-latina.com\\\/#organization\",\"name\":\"Abc-latina\",\"url\":\"https:\\\/\\\/abc-latina.com\\\/\",\"logo\":{\"@type\":\"ImageObject\",\"inLanguage\":\"fr-FR\",\"@id\":\"https:\\\/\\\/abc-latina.com\\\/#\\\/schema\\\/logo\\\/image\\\/\",\"url\":\"https:\\\/\\\/abc-latina.com\\\/wp-content\\\/uploads\\\/2026\\\/05\\\/cropped-logo.gif\",\"contentUrl\":\"https:\\\/\\\/abc-latina.com\\\/wp-content\\\/uploads\\\/2026\\\/05\\\/cropped-logo.gif\",\"width\":89,\"height\":84,\"caption\":\"Abc-latina\"},\"image\":{\"@id\":\"https:\\\/\\\/abc-latina.com\\\/#\\\/schema\\\/logo\\\/image\\\/\"}}]}<\/script>\n<!-- \/ Yoast SEO plugin. -->","yoast_head_json":{"title":"AMBASSADES & CONSULATS - PEROU - Abc-latina","description":"La liste des ambassades et consulats p\u00e9ruviens dans le monde francophone.","robots":{"index":"index","follow":"follow","max-snippet":"max-snippet:-1","max-image-preview":"max-image-preview:large","max-video-preview":"max-video-preview:-1"},"canonical":"https:\/\/abc-latina.com\/perou\/ambassade\/","og_locale":"fr_FR","og_type":"article","og_title":"AMBASSADES & CONSULATS - PEROU - Abc-latina","og_description":"La liste des ambassades et consulats p\u00e9ruviens dans le monde francophone.","og_url":"https:\/\/abc-latina.com\/perou\/ambassade\/","og_site_name":"Abc-latina","article_modified_time":"2026-04-30T16:25:13+00:00","og_image":[{"width":125,"height":90,"url":"https:\/\/abc-latina.com\/wp-content\/uploads\/2010\/04\/timbre_to.gif","type":"image\/gif"}],"twitter_card":"summary_large_image","twitter_misc":{"Dur\u00e9e de lecture estim\u00e9e":"2 minutes"},"schema":{"@context":"https:\/\/schema.org","@graph":[{"@type":"WebPage","@id":"https:\/\/abc-latina.com\/perou\/ambassade\/","url":"https:\/\/abc-latina.com\/perou\/ambassade\/","name":"AMBASSADES & CONSULATS - PEROU - Abc-latina","isPartOf":{"@id":"https:\/\/abc-latina.com\/#website"},"primaryImageOfPage":{"@id":"https:\/\/abc-latina.com\/perou\/ambassade\/#primaryimage"},"image":{"@id":"https:\/\/abc-latina.com\/perou\/ambassade\/#primaryimage"},"thumbnailUrl":"https:\/\/abc-latina.com\/wp-content\/uploads\/2010\/04\/timbre_to.gif","datePublished":"2010-07-21T00:11:12+00:00","dateModified":"2026-04-30T16:25:13+00:00","description":"La liste des ambassades et consulats p\u00e9ruviens dans le monde francophone.","breadcrumb":{"@id":"https:\/\/abc-latina.com\/perou\/ambassade\/#breadcrumb"},"inLanguage":"fr-FR","potentialAction":[{"@type":"ReadAction","target":["https:\/\/abc-latina.com\/perou\/ambassade\/"]}]},{"@type":"ImageObject","inLanguage":"fr-FR","@id":"https:\/\/abc-latina.com\/perou\/ambassade\/#primaryimage","url":"https:\/\/abc-latina.com\/wp-content\/uploads\/2010\/04\/timbre_to.gif","contentUrl":"https:\/\/abc-latina.com\/wp-content\/uploads\/2010\/04\/timbre_to.gif","width":125,"height":90},{"@type":"BreadcrumbList","@id":"https:\/\/abc-latina.com\/perou\/ambassade\/#breadcrumb","itemListElement":[{"@type":"ListItem","position":1,"name":"Accueil","item":"https:\/\/abc-latina.com\/"},{"@type":"ListItem","position":2,"name":"AMBASSADES &#038; CONSULATS &#8211; PEROU"}]},{"@type":"WebSite","@id":"https:\/\/abc-latina.com\/#website","url":"https:\/\/abc-latina.com\/","name":"Abc-latina","description":"","publisher":{"@id":"https:\/\/abc-latina.com\/#organization"},"potentialAction":[{"@type":"SearchAction","target":{"@type":"EntryPoint","urlTemplate":"https:\/\/abc-latina.com\/?s={search_term_string}"},"query-input":{"@type":"PropertyValueSpecification","valueRequired":true,"valueName":"search_term_string"}}],"inLanguage":"fr-FR"},{"@type":"Organization","@id":"https:\/\/abc-latina.com\/#organization","name":"Abc-latina","url":"https:\/\/abc-latina.com\/","logo":{"@type":"ImageObject","inLanguage":"fr-FR","@id":"https:\/\/abc-latina.com\/#\/schema\/logo\/image\/","url":"https:\/\/abc-latina.com\/wp-content\/uploads\/2026\/05\/cropped-logo.gif","contentUrl":"https:\/\/abc-latina.com\/wp-content\/uploads\/2026\/05\/cropped-logo.gif","width":89,"height":84,"caption":"Abc-latina"},"image":{"@id":"https:\/\/abc-latina.com\/#\/schema\/logo\/image\/"}}]}},"_links":{"self":[{"href":"https:\/\/abc-latina.com\/wp-json\/wp\/v2\/pages\/1608","targetHints":{"allow":["GET"]}}],"collection":[{"href":"https:\/\/abc-latina.com\/wp-json\/wp\/v2\/pages"}],"about":[{"href":"https:\/\/abc-latina.com\/wp-json\/wp\/v2\/types\/page"}],"author":[{"embeddable":true,"href":"https:\/\/abc-latina.com\/wp-json\/wp\/v2\/users\/3"}],"replies":[{"embeddable":true,"href":"https:\/\/abc-latina.com\/wp-json\/wp\/v2\/comments?post=1608"}],"version-history":[{"count":1,"href":"https:\/\/abc-latina.com\/wp-json\/wp\/v2\/pages\/1608\/revisions"}],"predecessor-version":[{"id":3661,"href":"https:\/\/abc-latina.com\/wp-json\/wp\/v2\/pages\/1608\/revisions\/3661"}],"up":[{"embeddable":true,"href":"https:\/\/abc-latina.com\/wp-json\/wp\/v2\/pages\/2118"}],"wp:featuredmedia":[{"embeddable":true,"href":"https:\/\/abc-latina.com\/wp-json\/wp\/v2\/media\/41"}],"wp:attachment":[{"href":"https:\/\/abc-latina.com\/wp-json\/wp\/v2\/media?parent=1608"}],"curies":[{"name":"wp","href":"https:\/\/api.w.org\/{rel}","templated":true}]}}