{"id":1631,"date":"2010-07-22T00:59:50","date_gmt":"2010-07-21T22:59:50","guid":{"rendered":"http:\/\/abc-latina.com\/artisanat-htm\/"},"modified":"2026-04-30T18:25:13","modified_gmt":"2026-04-30T16:25:13","slug":"artisanat","status":"publish","type":"page","link":"https:\/\/abc-latina.com\/perou\/artisanat\/","title":{"rendered":"ARTISANAT PERUVIEN"},"content":{"rendered":"<h3>ORFEVRERIE<\/h3>\n<div><img loading=\"lazy\" decoding=\"async\" class=\" alignright size-full wp-image-1629\" src=\"http:\/\/abc-latina.com\/wp-content\/uploads\/2010\/07\/masque.jpg\" style=\"margin: 9px; float: right;\" alt=\"\" width=\"200\" height=\"178\" \/>La magie et la religiosit\u00e9 ont \u00e9t\u00e9 les principaux moteurs de d\u00e9veloppement de l&rsquo;orf\u00e8vrerie au P\u00e9rou. L&rsquo;or et l&rsquo;argent furent fondus pour produire de magnifiques pi\u00e8ces aux couleurs et aux formes singuli\u00e8res, d&rsquo;une valeur incalculable. Les anciens p\u00e9ruviens les utilisaient pour v\u00e9n\u00e9rer leurs divinit\u00e9s et rendre hommage \u00e0 leurs souverains.<\/div>\n<div>Ces pi\u00e8ces ont surv\u00e9cu au passage du temps et peuvent encore \u00eatre appr\u00e9ci\u00e9es et admir\u00e9es de nos jours.<\/div>\n<div>A l&rsquo;arriv\u00e9e des espagnols, une valeur commerciale que les anc\u00eatres n&rsquo;avaient jamais consid\u00e9r\u00e9e fut attribu\u00e9e \u00e0 ces pi\u00e8ces. L&rsquo;union des deux cultures a toutefois \u00e9norm\u00e9ment enrichi cet art, gr\u00e2ce aux nouvelles techniques, tel le laminage, le repoussage et la ciselure, apport\u00e9es par les espagnols. De merveilleuses \u0153uvres religieuses et d&rsquo;usage courant furent ainsi cr\u00e9\u00e9es.&nbsp;<\/div>\n<div>Cet art mill\u00e9naire s&rsquo;est conserv\u00e9 de g\u00e9n\u00e9ration en g\u00e9n\u00e9ration et, encore aujourd&rsquo;hui, de fines pi\u00e8ces d&rsquo;or et d&rsquo;argent sont produites et enchantent le monde entier.<\/div>\n<h3>TEXTILES<\/h3>\n<div>Des merveilleux manteaux de la culture Paracas jusqu&rsquo;aux quipus (ensemble de ficelles nou\u00e9es entre elles), les anciens p\u00e9ruviens ont donn\u00e9 \u00e0 l&rsquo;art textile une place pr\u00e9pond\u00e9rante parmi leurs expressions artistiques.<\/div>\n<div><img loading=\"lazy\" decoding=\"async\" class=\" alignright size-full wp-image-1630\" src=\"http:\/\/abc-latina.com\/wp-content\/uploads\/2010\/07\/textille.jpg\" style=\"margin: 9px; float: right;\" alt=\"\" width=\"250\" height=\"165\" \/>Des fils et des laines, teints \u00e0 l&rsquo;aide de mati\u00e8re d&rsquo;origine v\u00e9g\u00e9tale et animale, ont \u00e9t\u00e9 tiss\u00e9s pour former une iconographie vari\u00e9e qui illustre des sc\u00e8nes de la vie quotidienne, ainsi que des mythes et l\u00e9gendes, et qui a servi de source d&rsquo;information aux historiens et aux arch\u00e9ologues.<\/div>\n<div>Aux techniques du nouage et de l&rsquo;entrelacement se sont ajout\u00e9s les m\u00e9tiers \u00e0 tisser appel\u00e9s kalhua, qu&rsquo;on attache aux arbres ou \u00e0 des pieux et qui sont encore en usage de nos jours. L&rsquo;arriv\u00e9e des Espagnols a \u00e9galement contribu\u00e9 au d\u00e9veloppement de l&rsquo;art textile par l&rsquo;apport du m\u00e9tier \u00e0 tisser \u00e0 p\u00e9dale et de la quenouille \u00e0 filer \u00e0 p\u00e9dale.<\/div>\n<div>A travers le P\u00e9rou de nombreuses familles se consacrent \u00e0 l&rsquo;art textile. Ils pr\u00e9servent ainsi les proc\u00e9d\u00e9s d&rsquo;antan tout en cr\u00e9ant de nouveaux motifs, et continuent d&rsquo;\u00e9merveiller les \u00e9trangers et les leurs avec leurs apis, manteaux et v\u00eatements magiques.<\/div>\n","protected":false},"excerpt":{"rendered":"<p>ORFEVRERIE La magie et la religiosit\u00e9 ont \u00e9t\u00e9 les principaux moteurs de d\u00e9veloppement de l&rsquo;orf\u00e8vrerie au P\u00e9rou. L&rsquo;or et l&rsquo;argent [&hellip;]<\/p>\n","protected":false},"author":3,"featured_media":1629,"parent":2118,"menu_order":0,"comment_status":"closed","ping_status":"closed","template":"","meta":{"site-sidebar-layout":"default","site-content-layout":"","ast-site-content-layout":"default","site-content-style":"default","site-sidebar-style":"default","ast-global-header-display":"","ast-banner-title-visibility":"","ast-main-header-display":"","ast-hfb-above-header-display":"","ast-hfb-below-header-display":"","ast-hfb-mobile-header-display":"","site-post-title":"","ast-breadcrumbs-content":"","ast-featured-img":"","footer-sml-layout":"","ast-disable-related-posts":"","theme-transparent-header-meta":"","adv-header-id-meta":"","stick-header-meta":"","header-above-stick-meta":"","header-main-stick-meta":"","header-below-stick-meta":"","astra-migrate-meta-layouts":"default","ast-page-background-enabled":"default","ast-page-background-meta":{"desktop":{"background-color":"var(--ast-global-color-5)","background-image":"","background-repeat":"repeat","background-position":"center center","background-size":"auto","background-attachment":"scroll","background-type":"","background-media":"","overlay-type":"","overlay-color":"","overlay-opacity":"","overlay-gradient":""},"tablet":{"background-color":"","background-image":"","background-repeat":"repeat","background-position":"center center","background-size":"auto","background-attachment":"scroll","background-type":"","background-media":"","overlay-type":"","overlay-color":"","overlay-opacity":"","overlay-gradient":""},"mobile":{"background-color":"","background-image":"","background-repeat":"repeat","background-position":"center center","background-size":"auto","background-attachment":"scroll","background-type":"","background-media":"","overlay-type":"","overlay-color":"","overlay-opacity":"","overlay-gradient":""}},"ast-content-background-meta":{"desktop":{"background-color":"var(--ast-global-color-4)","background-image":"","background-repeat":"repeat","background-position":"center center","background-size":"auto","background-attachment":"scroll","background-type":"","background-media":"","overlay-type":"","overlay-color":"","overlay-opacity":"","overlay-gradient":""},"tablet":{"background-color":"var(--ast-global-color-4)","background-image":"","background-repeat":"repeat","background-position":"center center","background-size":"auto","background-attachment":"scroll","background-type":"","background-media":"","overlay-type":"","overlay-color":"","overlay-opacity":"","overlay-gradient":""},"mobile":{"background-color":"var(--ast-global-color-4)","background-image":"","background-repeat":"repeat","background-position":"center center","background-size":"auto","background-attachment":"scroll","background-type":"","background-media":"","overlay-type":"","overlay-color":"","overlay-opacity":"","overlay-gradient":""}},"footnotes":""},"class_list":["post-1631","page","type-page","status-publish","has-post-thumbnail","hentry"],"yoast_head":"<!-- This site is optimized with the Yoast SEO plugin v27.5 - https:\/\/yoast.com\/product\/yoast-seo-wordpress\/ -->\n<title>ARTISANAT PERUVIEN - Abc-latina<\/title>\n<meta name=\"description\" content=\"La magie et la religiosit\u00e9 ont \u00e9t\u00e9 les principaux moteurs de d\u00e9veloppement de l&#039;orf\u00e8vrerie au P\u00e9rou.\" \/>\n<meta name=\"robots\" content=\"index, follow, max-snippet:-1, max-image-preview:large, max-video-preview:-1\" \/>\n<link rel=\"canonical\" href=\"https:\/\/abc-latina.com\/perou\/artisanat\/\" \/>\n<meta property=\"og:locale\" content=\"fr_FR\" \/>\n<meta property=\"og:type\" content=\"article\" \/>\n<meta property=\"og:title\" content=\"ARTISANAT PERUVIEN - Abc-latina\" \/>\n<meta property=\"og:description\" content=\"La magie et la religiosit\u00e9 ont \u00e9t\u00e9 les principaux moteurs de d\u00e9veloppement de l&#039;orf\u00e8vrerie au P\u00e9rou.\" \/>\n<meta property=\"og:url\" content=\"https:\/\/abc-latina.com\/perou\/artisanat\/\" \/>\n<meta property=\"og:site_name\" content=\"Abc-latina\" \/>\n<meta property=\"article:modified_time\" content=\"2026-04-30T16:25:13+00:00\" \/>\n<meta property=\"og:image\" content=\"https:\/\/abc-latina.com\/wp-content\/uploads\/2010\/07\/masque.jpg\" \/>\n\t<meta property=\"og:image:width\" content=\"200\" \/>\n\t<meta property=\"og:image:height\" content=\"178\" \/>\n\t<meta property=\"og:image:type\" content=\"image\/jpeg\" \/>\n<meta name=\"twitter:card\" content=\"summary_large_image\" \/>\n<meta name=\"twitter:label1\" content=\"Dur\u00e9e de lecture estim\u00e9e\" \/>\n\t<meta name=\"twitter:data1\" content=\"2 minutes\" \/>\n<script type=\"application\/ld+json\" class=\"yoast-schema-graph\">{\"@context\":\"https:\\\/\\\/schema.org\",\"@graph\":[{\"@type\":\"WebPage\",\"@id\":\"https:\\\/\\\/abc-latina.com\\\/perou\\\/artisanat\\\/\",\"url\":\"https:\\\/\\\/abc-latina.com\\\/perou\\\/artisanat\\\/\",\"name\":\"ARTISANAT PERUVIEN - Abc-latina\",\"isPartOf\":{\"@id\":\"https:\\\/\\\/abc-latina.com\\\/#website\"},\"primaryImageOfPage\":{\"@id\":\"https:\\\/\\\/abc-latina.com\\\/perou\\\/artisanat\\\/#primaryimage\"},\"image\":{\"@id\":\"https:\\\/\\\/abc-latina.com\\\/perou\\\/artisanat\\\/#primaryimage\"},\"thumbnailUrl\":\"https:\\\/\\\/abc-latina.com\\\/wp-content\\\/uploads\\\/2010\\\/07\\\/masque.jpg\",\"datePublished\":\"2010-07-21T22:59:50+00:00\",\"dateModified\":\"2026-04-30T16:25:13+00:00\",\"description\":\"La magie et la religiosit\u00e9 ont \u00e9t\u00e9 les principaux moteurs de d\u00e9veloppement de l'orf\u00e8vrerie au P\u00e9rou.\",\"breadcrumb\":{\"@id\":\"https:\\\/\\\/abc-latina.com\\\/perou\\\/artisanat\\\/#breadcrumb\"},\"inLanguage\":\"fr-FR\",\"potentialAction\":[{\"@type\":\"ReadAction\",\"target\":[\"https:\\\/\\\/abc-latina.com\\\/perou\\\/artisanat\\\/\"]}]},{\"@type\":\"ImageObject\",\"inLanguage\":\"fr-FR\",\"@id\":\"https:\\\/\\\/abc-latina.com\\\/perou\\\/artisanat\\\/#primaryimage\",\"url\":\"https:\\\/\\\/abc-latina.com\\\/wp-content\\\/uploads\\\/2010\\\/07\\\/masque.jpg\",\"contentUrl\":\"https:\\\/\\\/abc-latina.com\\\/wp-content\\\/uploads\\\/2010\\\/07\\\/masque.jpg\",\"width\":200,\"height\":178},{\"@type\":\"BreadcrumbList\",\"@id\":\"https:\\\/\\\/abc-latina.com\\\/perou\\\/artisanat\\\/#breadcrumb\",\"itemListElement\":[{\"@type\":\"ListItem\",\"position\":1,\"name\":\"Accueil\",\"item\":\"https:\\\/\\\/abc-latina.com\\\/\"},{\"@type\":\"ListItem\",\"position\":2,\"name\":\"ARTISANAT PERUVIEN\"}]},{\"@type\":\"WebSite\",\"@id\":\"https:\\\/\\\/abc-latina.com\\\/#website\",\"url\":\"https:\\\/\\\/abc-latina.com\\\/\",\"name\":\"Abc-latina\",\"description\":\"\",\"publisher\":{\"@id\":\"https:\\\/\\\/abc-latina.com\\\/#organization\"},\"potentialAction\":[{\"@type\":\"SearchAction\",\"target\":{\"@type\":\"EntryPoint\",\"urlTemplate\":\"https:\\\/\\\/abc-latina.com\\\/?s={search_term_string}\"},\"query-input\":{\"@type\":\"PropertyValueSpecification\",\"valueRequired\":true,\"valueName\":\"search_term_string\"}}],\"inLanguage\":\"fr-FR\"},{\"@type\":\"Organization\",\"@id\":\"https:\\\/\\\/abc-latina.com\\\/#organization\",\"name\":\"Abc-latina\",\"url\":\"https:\\\/\\\/abc-latina.com\\\/\",\"logo\":{\"@type\":\"ImageObject\",\"inLanguage\":\"fr-FR\",\"@id\":\"https:\\\/\\\/abc-latina.com\\\/#\\\/schema\\\/logo\\\/image\\\/\",\"url\":\"https:\\\/\\\/abc-latina.com\\\/wp-content\\\/uploads\\\/2026\\\/05\\\/cropped-logo.gif\",\"contentUrl\":\"https:\\\/\\\/abc-latina.com\\\/wp-content\\\/uploads\\\/2026\\\/05\\\/cropped-logo.gif\",\"width\":89,\"height\":84,\"caption\":\"Abc-latina\"},\"image\":{\"@id\":\"https:\\\/\\\/abc-latina.com\\\/#\\\/schema\\\/logo\\\/image\\\/\"}}]}<\/script>\n<!-- \/ Yoast SEO plugin. -->","yoast_head_json":{"title":"ARTISANAT PERUVIEN - Abc-latina","description":"La magie et la religiosit\u00e9 ont \u00e9t\u00e9 les principaux moteurs de d\u00e9veloppement de l'orf\u00e8vrerie au P\u00e9rou.","robots":{"index":"index","follow":"follow","max-snippet":"max-snippet:-1","max-image-preview":"max-image-preview:large","max-video-preview":"max-video-preview:-1"},"canonical":"https:\/\/abc-latina.com\/perou\/artisanat\/","og_locale":"fr_FR","og_type":"article","og_title":"ARTISANAT PERUVIEN - Abc-latina","og_description":"La magie et la religiosit\u00e9 ont \u00e9t\u00e9 les principaux moteurs de d\u00e9veloppement de l'orf\u00e8vrerie au P\u00e9rou.","og_url":"https:\/\/abc-latina.com\/perou\/artisanat\/","og_site_name":"Abc-latina","article_modified_time":"2026-04-30T16:25:13+00:00","og_image":[{"width":200,"height":178,"url":"https:\/\/abc-latina.com\/wp-content\/uploads\/2010\/07\/masque.jpg","type":"image\/jpeg"}],"twitter_card":"summary_large_image","twitter_misc":{"Dur\u00e9e de lecture estim\u00e9e":"2 minutes"},"schema":{"@context":"https:\/\/schema.org","@graph":[{"@type":"WebPage","@id":"https:\/\/abc-latina.com\/perou\/artisanat\/","url":"https:\/\/abc-latina.com\/perou\/artisanat\/","name":"ARTISANAT PERUVIEN - Abc-latina","isPartOf":{"@id":"https:\/\/abc-latina.com\/#website"},"primaryImageOfPage":{"@id":"https:\/\/abc-latina.com\/perou\/artisanat\/#primaryimage"},"image":{"@id":"https:\/\/abc-latina.com\/perou\/artisanat\/#primaryimage"},"thumbnailUrl":"https:\/\/abc-latina.com\/wp-content\/uploads\/2010\/07\/masque.jpg","datePublished":"2010-07-21T22:59:50+00:00","dateModified":"2026-04-30T16:25:13+00:00","description":"La magie et la religiosit\u00e9 ont \u00e9t\u00e9 les principaux moteurs de d\u00e9veloppement de l'orf\u00e8vrerie au P\u00e9rou.","breadcrumb":{"@id":"https:\/\/abc-latina.com\/perou\/artisanat\/#breadcrumb"},"inLanguage":"fr-FR","potentialAction":[{"@type":"ReadAction","target":["https:\/\/abc-latina.com\/perou\/artisanat\/"]}]},{"@type":"ImageObject","inLanguage":"fr-FR","@id":"https:\/\/abc-latina.com\/perou\/artisanat\/#primaryimage","url":"https:\/\/abc-latina.com\/wp-content\/uploads\/2010\/07\/masque.jpg","contentUrl":"https:\/\/abc-latina.com\/wp-content\/uploads\/2010\/07\/masque.jpg","width":200,"height":178},{"@type":"BreadcrumbList","@id":"https:\/\/abc-latina.com\/perou\/artisanat\/#breadcrumb","itemListElement":[{"@type":"ListItem","position":1,"name":"Accueil","item":"https:\/\/abc-latina.com\/"},{"@type":"ListItem","position":2,"name":"ARTISANAT PERUVIEN"}]},{"@type":"WebSite","@id":"https:\/\/abc-latina.com\/#website","url":"https:\/\/abc-latina.com\/","name":"Abc-latina","description":"","publisher":{"@id":"https:\/\/abc-latina.com\/#organization"},"potentialAction":[{"@type":"SearchAction","target":{"@type":"EntryPoint","urlTemplate":"https:\/\/abc-latina.com\/?s={search_term_string}"},"query-input":{"@type":"PropertyValueSpecification","valueRequired":true,"valueName":"search_term_string"}}],"inLanguage":"fr-FR"},{"@type":"Organization","@id":"https:\/\/abc-latina.com\/#organization","name":"Abc-latina","url":"https:\/\/abc-latina.com\/","logo":{"@type":"ImageObject","inLanguage":"fr-FR","@id":"https:\/\/abc-latina.com\/#\/schema\/logo\/image\/","url":"https:\/\/abc-latina.com\/wp-content\/uploads\/2026\/05\/cropped-logo.gif","contentUrl":"https:\/\/abc-latina.com\/wp-content\/uploads\/2026\/05\/cropped-logo.gif","width":89,"height":84,"caption":"Abc-latina"},"image":{"@id":"https:\/\/abc-latina.com\/#\/schema\/logo\/image\/"}}]}},"_links":{"self":[{"href":"https:\/\/abc-latina.com\/wp-json\/wp\/v2\/pages\/1631","targetHints":{"allow":["GET"]}}],"collection":[{"href":"https:\/\/abc-latina.com\/wp-json\/wp\/v2\/pages"}],"about":[{"href":"https:\/\/abc-latina.com\/wp-json\/wp\/v2\/types\/page"}],"author":[{"embeddable":true,"href":"https:\/\/abc-latina.com\/wp-json\/wp\/v2\/users\/3"}],"replies":[{"embeddable":true,"href":"https:\/\/abc-latina.com\/wp-json\/wp\/v2\/comments?post=1631"}],"version-history":[{"count":1,"href":"https:\/\/abc-latina.com\/wp-json\/wp\/v2\/pages\/1631\/revisions"}],"predecessor-version":[{"id":3663,"href":"https:\/\/abc-latina.com\/wp-json\/wp\/v2\/pages\/1631\/revisions\/3663"}],"up":[{"embeddable":true,"href":"https:\/\/abc-latina.com\/wp-json\/wp\/v2\/pages\/2118"}],"wp:featuredmedia":[{"embeddable":true,"href":"https:\/\/abc-latina.com\/wp-json\/wp\/v2\/media\/1629"}],"wp:attachment":[{"href":"https:\/\/abc-latina.com\/wp-json\/wp\/v2\/media?parent=1631"}],"curies":[{"name":"wp","href":"https:\/\/api.w.org\/{rel}","templated":true}]}}