{"id":1633,"date":"2010-07-22T02:39:56","date_gmt":"2010-07-22T00:39:56","guid":{"rendered":"http:\/\/abc-latina.com\/cuisine-htm-8\/"},"modified":"2026-04-30T18:25:15","modified_gmt":"2026-04-30T16:25:15","slug":"cuisine","status":"publish","type":"page","link":"https:\/\/abc-latina.com\/perou\/cuisine\/","title":{"rendered":"La CUISINE PERUVIENNE"},"content":{"rendered":"<div><span class=\"geo-info\">La cuisine selon les r\u00e9gions :&nbsp;<\/span><\/div>\n<div>&nbsp;<\/div>\n<div><span class=\"geo-info\"><img loading=\"lazy\" decoding=\"async\" class=\" alignright size-full wp-image-1632\" title=\"La CUISINE PERUVIENNE\" src=\"http:\/\/abc-latina.com\/wp-content\/uploads\/2010\/07\/cuisine-perou.jpg\" alt=\"\" width=\"220\" vspace=\"9\" hspace=\"15\" height=\"220\" align=\"right\" srcset=\"https:\/\/abc-latina.com\/wp-content\/uploads\/2010\/07\/cuisine-perou.jpg 220w, https:\/\/abc-latina.com\/wp-content\/uploads\/2010\/07\/cuisine-perou-150x150.jpg 150w\" sizes=\"auto, (max-width: 220px) 100vw, 220px\" \/>Dans la montagne<\/span> (Sierra) les plats sont typiquement \u00e0 base de viande (boeuf-porc-poulet), de pommes de terre et de mais. Vestiges des <a target=\"_blank\" href=\"https:\/\/www.abc-latina.com\/civilisations\/Inca\">Incas<\/a>, les anticuchos sont des brochettes de coeur de boeuf marin\u00e9 cuites sur des charbons de bois.<\/div>\n<div>Une autre sp\u00e9cialit\u00e9 Andine est le cuy, cochon d&rsquo;Inde qu&rsquo;on embroche et que l&rsquo;on fait frire sur un feu de braise.<\/div>\n<div>Le rocoto relleno est un piment rouge farci avec de la viande des pommes de terre et des oeufs.<\/div>\n<div>La cuisson de la pachamanca se fait dans un trou \u00e0 m\u00eame le sol dans lequel des pierres sont d\u00e9pos\u00e9es et chauff\u00e9es sur la braise; on y d\u00e9pose alors une pr\u00e9paration de viande et de l\u00e9gumes qu&rsquo;on laisse cuire \u00e0 petit feu.&nbsp;<\/div>\n<div>&nbsp;<\/div>\n<div><span class=\"geo-info\">La c\u00f4te<\/span> (Costa) est baign\u00e9e par les eaux du Pacifique, les fruits de mer et les poissons y sont les vedettes incontest\u00e9s des menus qu&rsquo;on y propose.<\/div>\n<div>Le ceviche, \u00e0 base de poissons et fruits de mer qu&rsquo;on laisse mac\u00e9rer dans une marinade de citron vert et d&rsquo;oignon.<\/div>\n<div>Les amateurs de poisson peuvent aussi se r\u00e9galer d&rsquo;escabeche de pescado, poisson frit servi froid et recouvert d&rsquo;une sauce piment\u00e9e, de camarones (crevettes), de calamares (calmars) et de chorros (moules).<\/div>\n<div>Le littoral compte une vari\u00e9t\u00e9 de plats mettant en valeur, cette fois ci, les viandes : L&rsquo;aji de gallina sait allier la saveur de l&rsquo;aj\u00ed mirasol et la chair blanche de poulet napp\u00e9e de sauce sur pommes de terre bouillies.<\/div>\n<div>Le seco de cabrito est un r\u00f4ti de chevreau servi avec haricots et riz.<\/div>\n<div>L&rsquo;arroz con pato a la chiclayana se compose de canard et de riz.&nbsp;<\/div>\n<div>&nbsp;<\/div>\n<div>La gastronomie <span class=\"geo-info\">Amazonienne <\/span>juxtaposent fruits et l\u00e9gumes \u00e0 une vari\u00e9t\u00e9 de poissons p\u00each\u00e9s localement, dont les pira\u00f1as et les immenses poissons-chats appel\u00e9s paiches.<\/div>\n<div>D&rsquo;ordinaire, le poisson est grill\u00e9 et garni de palmitos (coeurs de palmier), de manioc et de bananes frites.<\/div>\n<div>Autres mets r\u00e9pandu en Amazonie, la sopa de motela est une soupe de tortue.&nbsp;<\/div>\n<div>&nbsp;<\/div>\n<div>Les personnes aimant les sucreries se r\u00e9jouiront \u00e0 la vue de tous les postres (desserts) confectionn\u00e9s \u00e0 la p\u00e9ruvienne.&nbsp;<\/div>\n<div>&nbsp;<\/div>\n<div>Les amateurs de cocktail appr\u00e9cieront le <a href=\"https:\/\/www.abc-latina.com\/perou\/div\/pisco\">pisco sour<\/a> qui est sans conteste la boisson pr\u00e9f\u00e9r\u00e9e des p\u00e9ruviens et de la gente \u00e9trang\u00e8re qui a savour\u00e9 ce d\u00e9licieux cocktail national.&nbsp;<\/div>\n<div>&nbsp;<\/div>\n<div>Source: Guide Ulysee P\u00e9rou &#8211; Auteur Alain Legault<\/div>\n<div>&nbsp;<\/div>\n<div><a target=\"_blank\" href=\"https:\/\/www.restos-latinos.com\/restaurants-peruviens-en-france\">Les restaurants p\u00e9ruviens en France<\/a> &nbsp; et &nbsp; <a target=\"_blank\" href=\"https:\/\/www.restos-latinos.com\/restaurants_peruviens_au_canada\">au Canada<\/a><\/div>\n<div><a href=\"https:\/\/www.abc-latina.com\/perou\/div\/pisco\">Le Pisco<\/a><\/div>\n","protected":false},"excerpt":{"rendered":"<p>La cuisine selon les r\u00e9gions :&nbsp; &nbsp; Dans la montagne (Sierra) les plats sont typiquement \u00e0 base de viande (boeuf-porc-poulet), [&hellip;]<\/p>\n","protected":false},"author":3,"featured_media":1632,"parent":2118,"menu_order":0,"comment_status":"closed","ping_status":"closed","template":"","meta":{"site-sidebar-layout":"default","site-content-layout":"","ast-site-content-layout":"default","site-content-style":"default","site-sidebar-style":"default","ast-global-header-display":"","ast-banner-title-visibility":"","ast-main-header-display":"","ast-hfb-above-header-display":"","ast-hfb-below-header-display":"","ast-hfb-mobile-header-display":"","site-post-title":"","ast-breadcrumbs-content":"","ast-featured-img":"","footer-sml-layout":"","ast-disable-related-posts":"","theme-transparent-header-meta":"","adv-header-id-meta":"","stick-header-meta":"","header-above-stick-meta":"","header-main-stick-meta":"","header-below-stick-meta":"","astra-migrate-meta-layouts":"default","ast-page-background-enabled":"default","ast-page-background-meta":{"desktop":{"background-color":"var(--ast-global-color-5)","background-image":"","background-repeat":"repeat","background-position":"center center","background-size":"auto","background-attachment":"scroll","background-type":"","background-media":"","overlay-type":"","overlay-color":"","overlay-opacity":"","overlay-gradient":""},"tablet":{"background-color":"","background-image":"","background-repeat":"repeat","background-position":"center center","background-size":"auto","background-attachment":"scroll","background-type":"","background-media":"","overlay-type":"","overlay-color":"","overlay-opacity":"","overlay-gradient":""},"mobile":{"background-color":"","background-image":"","background-repeat":"repeat","background-position":"center center","background-size":"auto","background-attachment":"scroll","background-type":"","background-media":"","overlay-type":"","overlay-color":"","overlay-opacity":"","overlay-gradient":""}},"ast-content-background-meta":{"desktop":{"background-color":"var(--ast-global-color-4)","background-image":"","background-repeat":"repeat","background-position":"center center","background-size":"auto","background-attachment":"scroll","background-type":"","background-media":"","overlay-type":"","overlay-color":"","overlay-opacity":"","overlay-gradient":""},"tablet":{"background-color":"var(--ast-global-color-4)","background-image":"","background-repeat":"repeat","background-position":"center center","background-size":"auto","background-attachment":"scroll","background-type":"","background-media":"","overlay-type":"","overlay-color":"","overlay-opacity":"","overlay-gradient":""},"mobile":{"background-color":"var(--ast-global-color-4)","background-image":"","background-repeat":"repeat","background-position":"center center","background-size":"auto","background-attachment":"scroll","background-type":"","background-media":"","overlay-type":"","overlay-color":"","overlay-opacity":"","overlay-gradient":""}},"footnotes":""},"class_list":["post-1633","page","type-page","status-publish","has-post-thumbnail","hentry"],"yoast_head":"<!-- This site is optimized with the Yoast SEO plugin v27.5 - https:\/\/yoast.com\/product\/yoast-seo-wordpress\/ -->\n<title>La CUISINE PERUVIENNE - Abc-latina<\/title>\n<meta name=\"description\" content=\"La gastronomie p\u00e9ruvienne est riche et vari\u00e9e, l&#039;une des meilleures cuisine du monde.\" \/>\n<meta name=\"robots\" content=\"index, follow, max-snippet:-1, max-image-preview:large, max-video-preview:-1\" \/>\n<link rel=\"canonical\" href=\"https:\/\/abc-latina.com\/perou\/cuisine\/\" \/>\n<meta property=\"og:locale\" content=\"fr_FR\" \/>\n<meta property=\"og:type\" content=\"article\" \/>\n<meta property=\"og:title\" content=\"La CUISINE PERUVIENNE - Abc-latina\" \/>\n<meta property=\"og:description\" content=\"La gastronomie p\u00e9ruvienne est riche et vari\u00e9e, l&#039;une des meilleures cuisine du monde.\" \/>\n<meta property=\"og:url\" content=\"https:\/\/abc-latina.com\/perou\/cuisine\/\" \/>\n<meta property=\"og:site_name\" content=\"Abc-latina\" \/>\n<meta property=\"article:modified_time\" content=\"2026-04-30T16:25:15+00:00\" \/>\n<meta property=\"og:image\" content=\"https:\/\/abc-latina.com\/wp-content\/uploads\/2010\/07\/cuisine-perou.jpg\" \/>\n\t<meta property=\"og:image:width\" content=\"220\" \/>\n\t<meta property=\"og:image:height\" content=\"220\" \/>\n\t<meta property=\"og:image:type\" content=\"image\/jpeg\" \/>\n<meta name=\"twitter:card\" content=\"summary_large_image\" \/>\n<meta name=\"twitter:label1\" content=\"Dur\u00e9e de lecture estim\u00e9e\" \/>\n\t<meta name=\"twitter:data1\" content=\"2 minutes\" \/>\n<script type=\"application\/ld+json\" class=\"yoast-schema-graph\">{\"@context\":\"https:\\\/\\\/schema.org\",\"@graph\":[{\"@type\":\"WebPage\",\"@id\":\"https:\\\/\\\/abc-latina.com\\\/perou\\\/cuisine\\\/\",\"url\":\"https:\\\/\\\/abc-latina.com\\\/perou\\\/cuisine\\\/\",\"name\":\"La CUISINE PERUVIENNE - Abc-latina\",\"isPartOf\":{\"@id\":\"https:\\\/\\\/abc-latina.com\\\/#website\"},\"primaryImageOfPage\":{\"@id\":\"https:\\\/\\\/abc-latina.com\\\/perou\\\/cuisine\\\/#primaryimage\"},\"image\":{\"@id\":\"https:\\\/\\\/abc-latina.com\\\/perou\\\/cuisine\\\/#primaryimage\"},\"thumbnailUrl\":\"https:\\\/\\\/abc-latina.com\\\/wp-content\\\/uploads\\\/2010\\\/07\\\/cuisine-perou.jpg\",\"datePublished\":\"2010-07-22T00:39:56+00:00\",\"dateModified\":\"2026-04-30T16:25:15+00:00\",\"description\":\"La gastronomie p\u00e9ruvienne est riche et vari\u00e9e, l'une des meilleures cuisine du monde.\",\"breadcrumb\":{\"@id\":\"https:\\\/\\\/abc-latina.com\\\/perou\\\/cuisine\\\/#breadcrumb\"},\"inLanguage\":\"fr-FR\",\"potentialAction\":[{\"@type\":\"ReadAction\",\"target\":[\"https:\\\/\\\/abc-latina.com\\\/perou\\\/cuisine\\\/\"]}]},{\"@type\":\"ImageObject\",\"inLanguage\":\"fr-FR\",\"@id\":\"https:\\\/\\\/abc-latina.com\\\/perou\\\/cuisine\\\/#primaryimage\",\"url\":\"https:\\\/\\\/abc-latina.com\\\/wp-content\\\/uploads\\\/2010\\\/07\\\/cuisine-perou.jpg\",\"contentUrl\":\"https:\\\/\\\/abc-latina.com\\\/wp-content\\\/uploads\\\/2010\\\/07\\\/cuisine-perou.jpg\",\"width\":220,\"height\":220,\"caption\":\"La CUISINE PERUVIENNE\"},{\"@type\":\"BreadcrumbList\",\"@id\":\"https:\\\/\\\/abc-latina.com\\\/perou\\\/cuisine\\\/#breadcrumb\",\"itemListElement\":[{\"@type\":\"ListItem\",\"position\":1,\"name\":\"Accueil\",\"item\":\"https:\\\/\\\/abc-latina.com\\\/\"},{\"@type\":\"ListItem\",\"position\":2,\"name\":\"La CUISINE PERUVIENNE\"}]},{\"@type\":\"WebSite\",\"@id\":\"https:\\\/\\\/abc-latina.com\\\/#website\",\"url\":\"https:\\\/\\\/abc-latina.com\\\/\",\"name\":\"Abc-latina\",\"description\":\"\",\"publisher\":{\"@id\":\"https:\\\/\\\/abc-latina.com\\\/#organization\"},\"potentialAction\":[{\"@type\":\"SearchAction\",\"target\":{\"@type\":\"EntryPoint\",\"urlTemplate\":\"https:\\\/\\\/abc-latina.com\\\/?s={search_term_string}\"},\"query-input\":{\"@type\":\"PropertyValueSpecification\",\"valueRequired\":true,\"valueName\":\"search_term_string\"}}],\"inLanguage\":\"fr-FR\"},{\"@type\":\"Organization\",\"@id\":\"https:\\\/\\\/abc-latina.com\\\/#organization\",\"name\":\"Abc-latina\",\"url\":\"https:\\\/\\\/abc-latina.com\\\/\",\"logo\":{\"@type\":\"ImageObject\",\"inLanguage\":\"fr-FR\",\"@id\":\"https:\\\/\\\/abc-latina.com\\\/#\\\/schema\\\/logo\\\/image\\\/\",\"url\":\"https:\\\/\\\/abc-latina.com\\\/wp-content\\\/uploads\\\/2026\\\/05\\\/cropped-logo.gif\",\"contentUrl\":\"https:\\\/\\\/abc-latina.com\\\/wp-content\\\/uploads\\\/2026\\\/05\\\/cropped-logo.gif\",\"width\":89,\"height\":84,\"caption\":\"Abc-latina\"},\"image\":{\"@id\":\"https:\\\/\\\/abc-latina.com\\\/#\\\/schema\\\/logo\\\/image\\\/\"}}]}<\/script>\n<!-- \/ Yoast SEO plugin. -->","yoast_head_json":{"title":"La CUISINE PERUVIENNE - Abc-latina","description":"La gastronomie p\u00e9ruvienne est riche et vari\u00e9e, l'une des meilleures cuisine du monde.","robots":{"index":"index","follow":"follow","max-snippet":"max-snippet:-1","max-image-preview":"max-image-preview:large","max-video-preview":"max-video-preview:-1"},"canonical":"https:\/\/abc-latina.com\/perou\/cuisine\/","og_locale":"fr_FR","og_type":"article","og_title":"La CUISINE PERUVIENNE - Abc-latina","og_description":"La gastronomie p\u00e9ruvienne est riche et vari\u00e9e, l'une des meilleures cuisine du monde.","og_url":"https:\/\/abc-latina.com\/perou\/cuisine\/","og_site_name":"Abc-latina","article_modified_time":"2026-04-30T16:25:15+00:00","og_image":[{"width":220,"height":220,"url":"https:\/\/abc-latina.com\/wp-content\/uploads\/2010\/07\/cuisine-perou.jpg","type":"image\/jpeg"}],"twitter_card":"summary_large_image","twitter_misc":{"Dur\u00e9e de lecture estim\u00e9e":"2 minutes"},"schema":{"@context":"https:\/\/schema.org","@graph":[{"@type":"WebPage","@id":"https:\/\/abc-latina.com\/perou\/cuisine\/","url":"https:\/\/abc-latina.com\/perou\/cuisine\/","name":"La CUISINE PERUVIENNE - Abc-latina","isPartOf":{"@id":"https:\/\/abc-latina.com\/#website"},"primaryImageOfPage":{"@id":"https:\/\/abc-latina.com\/perou\/cuisine\/#primaryimage"},"image":{"@id":"https:\/\/abc-latina.com\/perou\/cuisine\/#primaryimage"},"thumbnailUrl":"https:\/\/abc-latina.com\/wp-content\/uploads\/2010\/07\/cuisine-perou.jpg","datePublished":"2010-07-22T00:39:56+00:00","dateModified":"2026-04-30T16:25:15+00:00","description":"La gastronomie p\u00e9ruvienne est riche et vari\u00e9e, l'une des meilleures cuisine du monde.","breadcrumb":{"@id":"https:\/\/abc-latina.com\/perou\/cuisine\/#breadcrumb"},"inLanguage":"fr-FR","potentialAction":[{"@type":"ReadAction","target":["https:\/\/abc-latina.com\/perou\/cuisine\/"]}]},{"@type":"ImageObject","inLanguage":"fr-FR","@id":"https:\/\/abc-latina.com\/perou\/cuisine\/#primaryimage","url":"https:\/\/abc-latina.com\/wp-content\/uploads\/2010\/07\/cuisine-perou.jpg","contentUrl":"https:\/\/abc-latina.com\/wp-content\/uploads\/2010\/07\/cuisine-perou.jpg","width":220,"height":220,"caption":"La CUISINE PERUVIENNE"},{"@type":"BreadcrumbList","@id":"https:\/\/abc-latina.com\/perou\/cuisine\/#breadcrumb","itemListElement":[{"@type":"ListItem","position":1,"name":"Accueil","item":"https:\/\/abc-latina.com\/"},{"@type":"ListItem","position":2,"name":"La CUISINE PERUVIENNE"}]},{"@type":"WebSite","@id":"https:\/\/abc-latina.com\/#website","url":"https:\/\/abc-latina.com\/","name":"Abc-latina","description":"","publisher":{"@id":"https:\/\/abc-latina.com\/#organization"},"potentialAction":[{"@type":"SearchAction","target":{"@type":"EntryPoint","urlTemplate":"https:\/\/abc-latina.com\/?s={search_term_string}"},"query-input":{"@type":"PropertyValueSpecification","valueRequired":true,"valueName":"search_term_string"}}],"inLanguage":"fr-FR"},{"@type":"Organization","@id":"https:\/\/abc-latina.com\/#organization","name":"Abc-latina","url":"https:\/\/abc-latina.com\/","logo":{"@type":"ImageObject","inLanguage":"fr-FR","@id":"https:\/\/abc-latina.com\/#\/schema\/logo\/image\/","url":"https:\/\/abc-latina.com\/wp-content\/uploads\/2026\/05\/cropped-logo.gif","contentUrl":"https:\/\/abc-latina.com\/wp-content\/uploads\/2026\/05\/cropped-logo.gif","width":89,"height":84,"caption":"Abc-latina"},"image":{"@id":"https:\/\/abc-latina.com\/#\/schema\/logo\/image\/"}}]}},"_links":{"self":[{"href":"https:\/\/abc-latina.com\/wp-json\/wp\/v2\/pages\/1633","targetHints":{"allow":["GET"]}}],"collection":[{"href":"https:\/\/abc-latina.com\/wp-json\/wp\/v2\/pages"}],"about":[{"href":"https:\/\/abc-latina.com\/wp-json\/wp\/v2\/types\/page"}],"author":[{"embeddable":true,"href":"https:\/\/abc-latina.com\/wp-json\/wp\/v2\/users\/3"}],"replies":[{"embeddable":true,"href":"https:\/\/abc-latina.com\/wp-json\/wp\/v2\/comments?post=1633"}],"version-history":[{"count":1,"href":"https:\/\/abc-latina.com\/wp-json\/wp\/v2\/pages\/1633\/revisions"}],"predecessor-version":[{"id":3684,"href":"https:\/\/abc-latina.com\/wp-json\/wp\/v2\/pages\/1633\/revisions\/3684"}],"up":[{"embeddable":true,"href":"https:\/\/abc-latina.com\/wp-json\/wp\/v2\/pages\/2118"}],"wp:featuredmedia":[{"embeddable":true,"href":"https:\/\/abc-latina.com\/wp-json\/wp\/v2\/media\/1632"}],"wp:attachment":[{"href":"https:\/\/abc-latina.com\/wp-json\/wp\/v2\/media?parent=1633"}],"curies":[{"name":"wp","href":"https:\/\/api.w.org\/{rel}","templated":true}]}}