{"id":1636,"date":"2010-07-22T02:44:00","date_gmt":"2010-07-22T00:44:00","guid":{"rendered":"http:\/\/abc-latina.com\/danse-htm\/"},"modified":"2026-04-30T18:25:15","modified_gmt":"2026-04-30T16:25:15","slug":"danse","status":"publish","type":"page","link":"https:\/\/abc-latina.com\/perou\/danse\/","title":{"rendered":"Les DANSES du PEROU"},"content":{"rendered":"<div><img loading=\"lazy\" decoding=\"async\" class=\" size-full wp-image-1634\" src=\"http:\/\/abc-latina.com\/wp-content\/uploads\/2010\/07\/027-danses-au-perou.jpg\" title=\"DANSES AU PEROU\" alt=\"DANSES AU PEROU\" width=\"480\" height=\"320\" srcset=\"https:\/\/abc-latina.com\/wp-content\/uploads\/2010\/07\/027-danses-au-perou.jpg 700w, https:\/\/abc-latina.com\/wp-content\/uploads\/2010\/07\/027-danses-au-perou-300x200.jpg 300w\" sizes=\"auto, (max-width: 480px) 100vw, 480px\" \/><\/div>\n<div>&nbsp;<\/div>\n<div>Le <span class=\"tourisme-chapitre\">P\u00e9rou<\/span> est un pays qui <span class=\"tourisme-chapitre\">danse<\/span> depuis des temps imm\u00e9moriaux. Les anciens p\u00e9ruviens ont choisi la danse comme la forme la plus l\u00e9gitime de rendre hommage \u00e0 leurs divinit\u00e9s, de f\u00eater une bonne r\u00e9colte ou une bonne nouvelle.<\/div>\n<div>Selon les r\u00e9gions o\u00f9 elles se sont d\u00e9velopp\u00e9s &#8211; la c\u00f4te, la montagne et la for\u00eat amazonienne &#8211; les danses ont adopt\u00e9 des caract\u00e9ristiques particuli\u00e8res et sont aussi vari\u00e9es que le nombre de festivals c\u00e9l\u00e9br\u00e9s (environ 3.000).<\/div>\n<div>&nbsp;<\/div>\n<div><img loading=\"lazy\" decoding=\"async\" class=\" alignright size-full wp-image-1635\" src=\"http:\/\/abc-latina.com\/wp-content\/uploads\/2010\/07\/marinera.jpg\" style=\"border-width: 1px; border-style: solid; margin: 9px; float: right;\" title=\"DANSE MARINERA PEROU\" alt=\"\" width=\"220\" height=\"229\" \/>Sur la c\u00f4te, les danses typiques sont la valse cr\u00e9ole, les danses afro p\u00e9ruviennes comme le festejo, la zamacueca et la lando. Bien que la marinera, une danse en couple caract\u00e9ris\u00e9e par l&rsquo;usage d&rsquo;un mouchoir, soit d&rsquo;origine c\u00f4ti\u00e8re, elle s&rsquo;est r\u00e9pandue \u00e0 toutes les r\u00e9gions du P\u00e9rou, variant de l&rsquo;une \u00e0 l&rsquo;autre, tant par ses costumes que par ses chor\u00e9graphies. Cependant, la danse conserve toujours son essence, constitu\u00e9es par la cour faite \u00e0 une femme par un homme.<\/div>\n<div>&nbsp;<\/div>\n<div>Dans les montagnes, les danses sont tr\u00e8s color\u00e9es et pleines de vigueur. Le claquement constant des talons, le zapateo, et les superbes chor\u00e9graphies transmettent la joie et la vitalit\u00e9. Les danses rituelles, telle la danse des Ciseaux, demandent des ann\u00e9es de pratique soutenue pour pouvoir r\u00e9aliser ses sauts acrobatiques au rythme de la harpe et du violon.<\/div>\n<div>&nbsp;<\/div>\n<div>Les danses pr\u00e9dominantes dans la for\u00eat amazonienne sont les danses tribales qui invitent des familles enti\u00e8res \u00e0 danser en cercle au son d&rsquo;instruments \u00e0 vent et \u00e0 percussion.<\/div>\n<div>&nbsp;<\/div>\n<div><a href=\"https:\/\/www.abc-latina.com\/perou\/musique\" target=\"_blank\">La musique p\u00e9ruvienne<\/a><\/div>\n","protected":false},"excerpt":{"rendered":"<p>&nbsp; Le P\u00e9rou est un pays qui danse depuis des temps imm\u00e9moriaux. Les anciens p\u00e9ruviens ont choisi la danse comme [&hellip;]<\/p>\n","protected":false},"author":3,"featured_media":1634,"parent":2118,"menu_order":0,"comment_status":"closed","ping_status":"closed","template":"","meta":{"site-sidebar-layout":"default","site-content-layout":"","ast-site-content-layout":"default","site-content-style":"default","site-sidebar-style":"default","ast-global-header-display":"","ast-banner-title-visibility":"","ast-main-header-display":"","ast-hfb-above-header-display":"","ast-hfb-below-header-display":"","ast-hfb-mobile-header-display":"","site-post-title":"","ast-breadcrumbs-content":"","ast-featured-img":"","footer-sml-layout":"","ast-disable-related-posts":"","theme-transparent-header-meta":"","adv-header-id-meta":"","stick-header-meta":"","header-above-stick-meta":"","header-main-stick-meta":"","header-below-stick-meta":"","astra-migrate-meta-layouts":"default","ast-page-background-enabled":"default","ast-page-background-meta":{"desktop":{"background-color":"var(--ast-global-color-5)","background-image":"","background-repeat":"repeat","background-position":"center center","background-size":"auto","background-attachment":"scroll","background-type":"","background-media":"","overlay-type":"","overlay-color":"","overlay-opacity":"","overlay-gradient":""},"tablet":{"background-color":"","background-image":"","background-repeat":"repeat","background-position":"center center","background-size":"auto","background-attachment":"scroll","background-type":"","background-media":"","overlay-type":"","overlay-color":"","overlay-opacity":"","overlay-gradient":""},"mobile":{"background-color":"","background-image":"","background-repeat":"repeat","background-position":"center center","background-size":"auto","background-attachment":"scroll","background-type":"","background-media":"","overlay-type":"","overlay-color":"","overlay-opacity":"","overlay-gradient":""}},"ast-content-background-meta":{"desktop":{"background-color":"var(--ast-global-color-4)","background-image":"","background-repeat":"repeat","background-position":"center center","background-size":"auto","background-attachment":"scroll","background-type":"","background-media":"","overlay-type":"","overlay-color":"","overlay-opacity":"","overlay-gradient":""},"tablet":{"background-color":"var(--ast-global-color-4)","background-image":"","background-repeat":"repeat","background-position":"center center","background-size":"auto","background-attachment":"scroll","background-type":"","background-media":"","overlay-type":"","overlay-color":"","overlay-opacity":"","overlay-gradient":""},"mobile":{"background-color":"var(--ast-global-color-4)","background-image":"","background-repeat":"repeat","background-position":"center center","background-size":"auto","background-attachment":"scroll","background-type":"","background-media":"","overlay-type":"","overlay-color":"","overlay-opacity":"","overlay-gradient":""}},"footnotes":""},"class_list":["post-1636","page","type-page","status-publish","has-post-thumbnail","hentry"],"yoast_head":"<!-- This site is optimized with the Yoast SEO plugin v27.5 - https:\/\/yoast.com\/product\/yoast-seo-wordpress\/ -->\n<title>Les DANSES du PEROU - Abc-latina<\/title>\n<meta name=\"description\" content=\"Le P\u00e9rou est un pays qui danse depuis des temps imm\u00e9moriaux. Selon les r\u00e9gions o\u00f9 elles se sont d\u00e9velopp\u00e9s - la c\u00f4te, la montagne et la for\u00eat amazonienne - les danses ont adopt\u00e9 des caract\u00e9ristiques particuli\u00e8res.\" \/>\n<meta name=\"robots\" content=\"index, follow, max-snippet:-1, max-image-preview:large, max-video-preview:-1\" \/>\n<link rel=\"canonical\" href=\"https:\/\/abc-latina.com\/perou\/danse\/\" \/>\n<meta property=\"og:locale\" content=\"fr_FR\" \/>\n<meta property=\"og:type\" content=\"article\" \/>\n<meta property=\"og:title\" content=\"Les DANSES du PEROU - Abc-latina\" \/>\n<meta property=\"og:description\" content=\"Le P\u00e9rou est un pays qui danse depuis des temps imm\u00e9moriaux. Selon les r\u00e9gions o\u00f9 elles se sont d\u00e9velopp\u00e9s - la c\u00f4te, la montagne et la for\u00eat amazonienne - les danses ont adopt\u00e9 des caract\u00e9ristiques particuli\u00e8res.\" \/>\n<meta property=\"og:url\" content=\"https:\/\/abc-latina.com\/perou\/danse\/\" \/>\n<meta property=\"og:site_name\" content=\"Abc-latina\" \/>\n<meta property=\"article:modified_time\" content=\"2026-04-30T16:25:15+00:00\" \/>\n<meta property=\"og:image\" content=\"https:\/\/abc-latina.com\/wp-content\/uploads\/2010\/07\/027-danses-au-perou.jpg\" \/>\n\t<meta property=\"og:image:width\" content=\"700\" \/>\n\t<meta property=\"og:image:height\" content=\"467\" \/>\n\t<meta property=\"og:image:type\" content=\"image\/jpeg\" \/>\n<meta name=\"twitter:card\" content=\"summary_large_image\" \/>\n<meta name=\"twitter:label1\" content=\"Dur\u00e9e de lecture estim\u00e9e\" \/>\n\t<meta name=\"twitter:data1\" content=\"1 minute\" \/>\n<script type=\"application\/ld+json\" class=\"yoast-schema-graph\">{\"@context\":\"https:\\\/\\\/schema.org\",\"@graph\":[{\"@type\":\"WebPage\",\"@id\":\"https:\\\/\\\/abc-latina.com\\\/perou\\\/danse\\\/\",\"url\":\"https:\\\/\\\/abc-latina.com\\\/perou\\\/danse\\\/\",\"name\":\"Les DANSES du PEROU - Abc-latina\",\"isPartOf\":{\"@id\":\"https:\\\/\\\/abc-latina.com\\\/#website\"},\"primaryImageOfPage\":{\"@id\":\"https:\\\/\\\/abc-latina.com\\\/perou\\\/danse\\\/#primaryimage\"},\"image\":{\"@id\":\"https:\\\/\\\/abc-latina.com\\\/perou\\\/danse\\\/#primaryimage\"},\"thumbnailUrl\":\"https:\\\/\\\/abc-latina.com\\\/wp-content\\\/uploads\\\/2010\\\/07\\\/027-danses-au-perou.jpg\",\"datePublished\":\"2010-07-22T00:44:00+00:00\",\"dateModified\":\"2026-04-30T16:25:15+00:00\",\"description\":\"Le P\u00e9rou est un pays qui danse depuis des temps imm\u00e9moriaux. Selon les r\u00e9gions o\u00f9 elles se sont d\u00e9velopp\u00e9s - la c\u00f4te, la montagne et la for\u00eat amazonienne - les danses ont adopt\u00e9 des caract\u00e9ristiques particuli\u00e8res.\",\"breadcrumb\":{\"@id\":\"https:\\\/\\\/abc-latina.com\\\/perou\\\/danse\\\/#breadcrumb\"},\"inLanguage\":\"fr-FR\",\"potentialAction\":[{\"@type\":\"ReadAction\",\"target\":[\"https:\\\/\\\/abc-latina.com\\\/perou\\\/danse\\\/\"]}]},{\"@type\":\"ImageObject\",\"inLanguage\":\"fr-FR\",\"@id\":\"https:\\\/\\\/abc-latina.com\\\/perou\\\/danse\\\/#primaryimage\",\"url\":\"https:\\\/\\\/abc-latina.com\\\/wp-content\\\/uploads\\\/2010\\\/07\\\/027-danses-au-perou.jpg\",\"contentUrl\":\"https:\\\/\\\/abc-latina.com\\\/wp-content\\\/uploads\\\/2010\\\/07\\\/027-danses-au-perou.jpg\",\"width\":700,\"height\":467,\"caption\":\"DANSES AU PEROU\"},{\"@type\":\"BreadcrumbList\",\"@id\":\"https:\\\/\\\/abc-latina.com\\\/perou\\\/danse\\\/#breadcrumb\",\"itemListElement\":[{\"@type\":\"ListItem\",\"position\":1,\"name\":\"Accueil\",\"item\":\"https:\\\/\\\/abc-latina.com\\\/\"},{\"@type\":\"ListItem\",\"position\":2,\"name\":\"Les DANSES du PEROU\"}]},{\"@type\":\"WebSite\",\"@id\":\"https:\\\/\\\/abc-latina.com\\\/#website\",\"url\":\"https:\\\/\\\/abc-latina.com\\\/\",\"name\":\"Abc-latina\",\"description\":\"\",\"publisher\":{\"@id\":\"https:\\\/\\\/abc-latina.com\\\/#organization\"},\"potentialAction\":[{\"@type\":\"SearchAction\",\"target\":{\"@type\":\"EntryPoint\",\"urlTemplate\":\"https:\\\/\\\/abc-latina.com\\\/?s={search_term_string}\"},\"query-input\":{\"@type\":\"PropertyValueSpecification\",\"valueRequired\":true,\"valueName\":\"search_term_string\"}}],\"inLanguage\":\"fr-FR\"},{\"@type\":\"Organization\",\"@id\":\"https:\\\/\\\/abc-latina.com\\\/#organization\",\"name\":\"Abc-latina\",\"url\":\"https:\\\/\\\/abc-latina.com\\\/\",\"logo\":{\"@type\":\"ImageObject\",\"inLanguage\":\"fr-FR\",\"@id\":\"https:\\\/\\\/abc-latina.com\\\/#\\\/schema\\\/logo\\\/image\\\/\",\"url\":\"https:\\\/\\\/abc-latina.com\\\/wp-content\\\/uploads\\\/2026\\\/05\\\/cropped-logo.gif\",\"contentUrl\":\"https:\\\/\\\/abc-latina.com\\\/wp-content\\\/uploads\\\/2026\\\/05\\\/cropped-logo.gif\",\"width\":89,\"height\":84,\"caption\":\"Abc-latina\"},\"image\":{\"@id\":\"https:\\\/\\\/abc-latina.com\\\/#\\\/schema\\\/logo\\\/image\\\/\"}}]}<\/script>\n<!-- \/ Yoast SEO plugin. -->","yoast_head_json":{"title":"Les DANSES du PEROU - Abc-latina","description":"Le P\u00e9rou est un pays qui danse depuis des temps imm\u00e9moriaux. Selon les r\u00e9gions o\u00f9 elles se sont d\u00e9velopp\u00e9s - la c\u00f4te, la montagne et la for\u00eat amazonienne - les danses ont adopt\u00e9 des caract\u00e9ristiques particuli\u00e8res.","robots":{"index":"index","follow":"follow","max-snippet":"max-snippet:-1","max-image-preview":"max-image-preview:large","max-video-preview":"max-video-preview:-1"},"canonical":"https:\/\/abc-latina.com\/perou\/danse\/","og_locale":"fr_FR","og_type":"article","og_title":"Les DANSES du PEROU - Abc-latina","og_description":"Le P\u00e9rou est un pays qui danse depuis des temps imm\u00e9moriaux. Selon les r\u00e9gions o\u00f9 elles se sont d\u00e9velopp\u00e9s - la c\u00f4te, la montagne et la for\u00eat amazonienne - les danses ont adopt\u00e9 des caract\u00e9ristiques particuli\u00e8res.","og_url":"https:\/\/abc-latina.com\/perou\/danse\/","og_site_name":"Abc-latina","article_modified_time":"2026-04-30T16:25:15+00:00","og_image":[{"width":700,"height":467,"url":"https:\/\/abc-latina.com\/wp-content\/uploads\/2010\/07\/027-danses-au-perou.jpg","type":"image\/jpeg"}],"twitter_card":"summary_large_image","twitter_misc":{"Dur\u00e9e de lecture estim\u00e9e":"1 minute"},"schema":{"@context":"https:\/\/schema.org","@graph":[{"@type":"WebPage","@id":"https:\/\/abc-latina.com\/perou\/danse\/","url":"https:\/\/abc-latina.com\/perou\/danse\/","name":"Les DANSES du PEROU - Abc-latina","isPartOf":{"@id":"https:\/\/abc-latina.com\/#website"},"primaryImageOfPage":{"@id":"https:\/\/abc-latina.com\/perou\/danse\/#primaryimage"},"image":{"@id":"https:\/\/abc-latina.com\/perou\/danse\/#primaryimage"},"thumbnailUrl":"https:\/\/abc-latina.com\/wp-content\/uploads\/2010\/07\/027-danses-au-perou.jpg","datePublished":"2010-07-22T00:44:00+00:00","dateModified":"2026-04-30T16:25:15+00:00","description":"Le P\u00e9rou est un pays qui danse depuis des temps imm\u00e9moriaux. Selon les r\u00e9gions o\u00f9 elles se sont d\u00e9velopp\u00e9s - la c\u00f4te, la montagne et la for\u00eat amazonienne - les danses ont adopt\u00e9 des caract\u00e9ristiques particuli\u00e8res.","breadcrumb":{"@id":"https:\/\/abc-latina.com\/perou\/danse\/#breadcrumb"},"inLanguage":"fr-FR","potentialAction":[{"@type":"ReadAction","target":["https:\/\/abc-latina.com\/perou\/danse\/"]}]},{"@type":"ImageObject","inLanguage":"fr-FR","@id":"https:\/\/abc-latina.com\/perou\/danse\/#primaryimage","url":"https:\/\/abc-latina.com\/wp-content\/uploads\/2010\/07\/027-danses-au-perou.jpg","contentUrl":"https:\/\/abc-latina.com\/wp-content\/uploads\/2010\/07\/027-danses-au-perou.jpg","width":700,"height":467,"caption":"DANSES AU PEROU"},{"@type":"BreadcrumbList","@id":"https:\/\/abc-latina.com\/perou\/danse\/#breadcrumb","itemListElement":[{"@type":"ListItem","position":1,"name":"Accueil","item":"https:\/\/abc-latina.com\/"},{"@type":"ListItem","position":2,"name":"Les DANSES du PEROU"}]},{"@type":"WebSite","@id":"https:\/\/abc-latina.com\/#website","url":"https:\/\/abc-latina.com\/","name":"Abc-latina","description":"","publisher":{"@id":"https:\/\/abc-latina.com\/#organization"},"potentialAction":[{"@type":"SearchAction","target":{"@type":"EntryPoint","urlTemplate":"https:\/\/abc-latina.com\/?s={search_term_string}"},"query-input":{"@type":"PropertyValueSpecification","valueRequired":true,"valueName":"search_term_string"}}],"inLanguage":"fr-FR"},{"@type":"Organization","@id":"https:\/\/abc-latina.com\/#organization","name":"Abc-latina","url":"https:\/\/abc-latina.com\/","logo":{"@type":"ImageObject","inLanguage":"fr-FR","@id":"https:\/\/abc-latina.com\/#\/schema\/logo\/image\/","url":"https:\/\/abc-latina.com\/wp-content\/uploads\/2026\/05\/cropped-logo.gif","contentUrl":"https:\/\/abc-latina.com\/wp-content\/uploads\/2026\/05\/cropped-logo.gif","width":89,"height":84,"caption":"Abc-latina"},"image":{"@id":"https:\/\/abc-latina.com\/#\/schema\/logo\/image\/"}}]}},"_links":{"self":[{"href":"https:\/\/abc-latina.com\/wp-json\/wp\/v2\/pages\/1636","targetHints":{"allow":["GET"]}}],"collection":[{"href":"https:\/\/abc-latina.com\/wp-json\/wp\/v2\/pages"}],"about":[{"href":"https:\/\/abc-latina.com\/wp-json\/wp\/v2\/types\/page"}],"author":[{"embeddable":true,"href":"https:\/\/abc-latina.com\/wp-json\/wp\/v2\/users\/3"}],"replies":[{"embeddable":true,"href":"https:\/\/abc-latina.com\/wp-json\/wp\/v2\/comments?post=1636"}],"version-history":[{"count":1,"href":"https:\/\/abc-latina.com\/wp-json\/wp\/v2\/pages\/1636\/revisions"}],"predecessor-version":[{"id":3686,"href":"https:\/\/abc-latina.com\/wp-json\/wp\/v2\/pages\/1636\/revisions\/3686"}],"up":[{"embeddable":true,"href":"https:\/\/abc-latina.com\/wp-json\/wp\/v2\/pages\/2118"}],"wp:featuredmedia":[{"embeddable":true,"href":"https:\/\/abc-latina.com\/wp-json\/wp\/v2\/media\/1634"}],"wp:attachment":[{"href":"https:\/\/abc-latina.com\/wp-json\/wp\/v2\/media?parent=1636"}],"curies":[{"name":"wp","href":"https:\/\/api.w.org\/{rel}","templated":true}]}}