{"id":164,"date":"2010-06-02T17:15:37","date_gmt":"2010-06-02T15:15:37","guid":{"rendered":"http:\/\/abc-latina.com\/peche_sportive-php\/"},"modified":"2026-04-30T18:24:46","modified_gmt":"2026-04-30T16:24:46","slug":"peche_sportive","status":"publish","type":"page","link":"https:\/\/abc-latina.com\/index\/peche_sportive\/","title":{"rendered":"Tourisme sportif en Argentine: PECHE SPORTIVE"},"content":{"rendered":"<p><img loading=\"lazy\" decoding=\"async\" class=\" size-full wp-image-163\" src=\"http:\/\/abc-latina.com\/wp-content\/uploads\/2010\/06\/001-peche-sportive-en-argentine.jpg\" title=\"LA PECHE SPORTIVE EN ARGENTINE\" alt=\"LA PECHE SPORTIVE EN ARGENTINE\" width=\"480\" height=\"319\" srcset=\"https:\/\/abc-latina.com\/wp-content\/uploads\/2010\/06\/001-peche-sportive-en-argentine.jpg 600w, https:\/\/abc-latina.com\/wp-content\/uploads\/2010\/06\/001-peche-sportive-en-argentine-300x200.jpg 300w\" sizes=\"auto, (max-width: 480px) 100vw, 480px\" \/><\/p>\n<p>L&rsquo; <span class=\"tourisme-chapitre\">Argentine<\/span> offre d&rsquo;excellentes opportunit\u00e9s en ce qui concerne la p\u00eache, que ce soit sur ses 3.600 km de c\u00f4te atlantique, dans les rivi\u00e8res ou dans les lacs. De nombreux lieux sont am\u00e9nag\u00e9s, notamment non loin de Buenos Aires, sur les rios Parana at Uruguay. Sur l&rsquo;Alto Parana, les plus r\u00e9put\u00e9s sont La Paz, Esquina, Goya, Empedrado, Paso de la Patria, Ita Ibat\u00e9, Ituzaingo. La <span class=\"tourisme-chapitre\">p\u00eache sportive<\/span> trouve un emplacement privil\u00e9gi\u00e9 dans le mar Argentino, la mer Argentine. Cette plate-forme continentale n&rsquo;est autre qu&rsquo;une esp\u00e8ce de pampa sous-marine, tr\u00e8s \u00e9tendue et riche en faune et flore marines. En \u00e9t\u00e9, le courant chaud du Br\u00e9sil va \u00e0 la rencontre du courant froid qui remonte d&rsquo;Antarctique. Ce milieu est propice au d\u00e9veloppement de la vie aquatique. C&rsquo;est le m\u00eame ph\u00e9nom\u00e8ne que dans le Pacifique, entre le courant chaud du Mexique et le courant de Humboldt.<\/p>\n<p><a target=\"_blank\" href=\"https:\/\/www.abc-latina.com\/amerique_latine\/tourisme_sportif\/peche_sportive\">O\u00f9 pratiquer la p\u00eache sportive en Am\u00e9rique latine ?<\/a>&nbsp;<\/p>\n<p><a href=\"https:\/\/www.abc-latina.com\/argentine\/tourisme\">Tourisme en Argentine<\/a><\/p>\n<p><a style=\"text-decoration: none;\" target=\"_blank\" href=\"..\/tour_operateur\"><img loading=\"lazy\" decoding=\"async\" class=\" size-full wp-image-41\" src=\"http:\/\/abc-latina.com\/wp-content\/uploads\/2010\/04\/timbre_to.gif\" class=\"touroperateur\" alt=\"\" width=\"125\" height=\"90\" \/><\/a><\/p>\n<h3>Pr\u00e9parez votre voyage en Argentine :<\/h3>\n<div><a href=\"https:\/\/www.abc-latina.com\/argentine\/agence_de_voyages\">Agences de voyage g\u00e9n\u00e9ralistes et discounteurs<\/a><\/div>\n<div><a href=\"https:\/\/www.abc-latina.com\/argentine\/tour_operateur\">Tours Op\u00e9rateurs sp\u00e9cialistes de l&rsquo;Argentine<\/a><\/div>\n<div><a target=\"_blank\" href=\"https:\/\/www.abc-latina.com\/to\/reservation_billet_avion\">R\u00e9servez votre billet d&rsquo;avion<\/a><\/div>\n<div><a href=\"https:\/\/www.abc-latina.com\/argentine\/hotels\">R\u00e9servez votre h\u00f4tel<\/a>&nbsp;<\/div>\n<div><a target=\"_blank\" href=\"https:\/\/www.abc-latina.com\/to\/location_de_voiture_argentine\">Location de voiture<\/a><\/div>\n<p>&nbsp;<\/p>\n","protected":false},"excerpt":{"rendered":"<p>L&rsquo; Argentine offre d&rsquo;excellentes opportunit\u00e9s en ce qui concerne la p\u00eache, que ce soit sur ses 3.600 km de c\u00f4te [&hellip;]<\/p>\n","protected":false},"author":3,"featured_media":163,"parent":2426,"menu_order":0,"comment_status":"closed","ping_status":"closed","template":"","meta":{"site-sidebar-layout":"default","site-content-layout":"","ast-site-content-layout":"default","site-content-style":"default","site-sidebar-style":"default","ast-global-header-display":"","ast-banner-title-visibility":"","ast-main-header-display":"","ast-hfb-above-header-display":"","ast-hfb-below-header-display":"","ast-hfb-mobile-header-display":"","site-post-title":"","ast-breadcrumbs-content":"","ast-featured-img":"","footer-sml-layout":"","ast-disable-related-posts":"","theme-transparent-header-meta":"","adv-header-id-meta":"","stick-header-meta":"","header-above-stick-meta":"","header-main-stick-meta":"","header-below-stick-meta":"","astra-migrate-meta-layouts":"default","ast-page-background-enabled":"default","ast-page-background-meta":{"desktop":{"background-color":"var(--ast-global-color-5)","background-image":"","background-repeat":"repeat","background-position":"center center","background-size":"auto","background-attachment":"scroll","background-type":"","background-media":"","overlay-type":"","overlay-color":"","overlay-opacity":"","overlay-gradient":""},"tablet":{"background-color":"","background-image":"","background-repeat":"repeat","background-position":"center center","background-size":"auto","background-attachment":"scroll","background-type":"","background-media":"","overlay-type":"","overlay-color":"","overlay-opacity":"","overlay-gradient":""},"mobile":{"background-color":"","background-image":"","background-repeat":"repeat","background-position":"center center","background-size":"auto","background-attachment":"scroll","background-type":"","background-media":"","overlay-type":"","overlay-color":"","overlay-opacity":"","overlay-gradient":""}},"ast-content-background-meta":{"desktop":{"background-color":"var(--ast-global-color-4)","background-image":"","background-repeat":"repeat","background-position":"center center","background-size":"auto","background-attachment":"scroll","background-type":"","background-media":"","overlay-type":"","overlay-color":"","overlay-opacity":"","overlay-gradient":""},"tablet":{"background-color":"var(--ast-global-color-4)","background-image":"","background-repeat":"repeat","background-position":"center center","background-size":"auto","background-attachment":"scroll","background-type":"","background-media":"","overlay-type":"","overlay-color":"","overlay-opacity":"","overlay-gradient":""},"mobile":{"background-color":"var(--ast-global-color-4)","background-image":"","background-repeat":"repeat","background-position":"center center","background-size":"auto","background-attachment":"scroll","background-type":"","background-media":"","overlay-type":"","overlay-color":"","overlay-opacity":"","overlay-gradient":""}},"footnotes":""},"class_list":["post-164","page","type-page","status-publish","has-post-thumbnail","hentry"],"yoast_head":"<!-- This site is optimized with the Yoast SEO plugin v27.5 - https:\/\/yoast.com\/product\/yoast-seo-wordpress\/ -->\n<title>Tourisme sportif en Argentine: PECHE SPORTIVE - Abc-latina<\/title>\n<meta name=\"description\" content=\"L&#039; Argentine offre d&#039;excellentes opportunit\u00e9s en ce qui concerne la p\u00eache, que ce soit sur ses 3.600 km de c\u00f4te atlantique, dans les rivi\u00e8res ou dans les lacs.\" \/>\n<meta name=\"robots\" content=\"index, follow, max-snippet:-1, max-image-preview:large, max-video-preview:-1\" \/>\n<link rel=\"canonical\" href=\"https:\/\/abc-latina.com\/index\/peche_sportive\/\" \/>\n<meta property=\"og:locale\" content=\"fr_FR\" \/>\n<meta property=\"og:type\" content=\"article\" \/>\n<meta property=\"og:title\" content=\"Tourisme sportif en Argentine: PECHE SPORTIVE - Abc-latina\" \/>\n<meta property=\"og:description\" content=\"L&#039; Argentine offre d&#039;excellentes opportunit\u00e9s en ce qui concerne la p\u00eache, que ce soit sur ses 3.600 km de c\u00f4te atlantique, dans les rivi\u00e8res ou dans les lacs.\" \/>\n<meta property=\"og:url\" content=\"https:\/\/abc-latina.com\/index\/peche_sportive\/\" \/>\n<meta property=\"og:site_name\" content=\"Abc-latina\" \/>\n<meta property=\"article:modified_time\" content=\"2026-04-30T16:24:46+00:00\" \/>\n<meta property=\"og:image\" content=\"https:\/\/abc-latina.com\/wp-content\/uploads\/2010\/06\/001-peche-sportive-en-argentine.jpg\" \/>\n\t<meta property=\"og:image:width\" content=\"600\" \/>\n\t<meta property=\"og:image:height\" content=\"399\" \/>\n\t<meta property=\"og:image:type\" content=\"image\/jpeg\" \/>\n<meta name=\"twitter:card\" content=\"summary_large_image\" \/>\n<meta name=\"twitter:label1\" content=\"Dur\u00e9e de lecture estim\u00e9e\" \/>\n\t<meta name=\"twitter:data1\" content=\"1 minute\" \/>\n<script type=\"application\/ld+json\" class=\"yoast-schema-graph\">{\"@context\":\"https:\\\/\\\/schema.org\",\"@graph\":[{\"@type\":\"WebPage\",\"@id\":\"https:\\\/\\\/abc-latina.com\\\/index\\\/peche_sportive\\\/\",\"url\":\"https:\\\/\\\/abc-latina.com\\\/index\\\/peche_sportive\\\/\",\"name\":\"Tourisme sportif en Argentine: PECHE SPORTIVE - Abc-latina\",\"isPartOf\":{\"@id\":\"https:\\\/\\\/abc-latina.com\\\/#website\"},\"primaryImageOfPage\":{\"@id\":\"https:\\\/\\\/abc-latina.com\\\/index\\\/peche_sportive\\\/#primaryimage\"},\"image\":{\"@id\":\"https:\\\/\\\/abc-latina.com\\\/index\\\/peche_sportive\\\/#primaryimage\"},\"thumbnailUrl\":\"https:\\\/\\\/abc-latina.com\\\/wp-content\\\/uploads\\\/2010\\\/06\\\/001-peche-sportive-en-argentine.jpg\",\"datePublished\":\"2010-06-02T15:15:37+00:00\",\"dateModified\":\"2026-04-30T16:24:46+00:00\",\"description\":\"L' Argentine offre d'excellentes opportunit\u00e9s en ce qui concerne la p\u00eache, que ce soit sur ses 3.600 km de c\u00f4te atlantique, dans les rivi\u00e8res ou dans les lacs.\",\"breadcrumb\":{\"@id\":\"https:\\\/\\\/abc-latina.com\\\/index\\\/peche_sportive\\\/#breadcrumb\"},\"inLanguage\":\"fr-FR\",\"potentialAction\":[{\"@type\":\"ReadAction\",\"target\":[\"https:\\\/\\\/abc-latina.com\\\/index\\\/peche_sportive\\\/\"]}]},{\"@type\":\"ImageObject\",\"inLanguage\":\"fr-FR\",\"@id\":\"https:\\\/\\\/abc-latina.com\\\/index\\\/peche_sportive\\\/#primaryimage\",\"url\":\"https:\\\/\\\/abc-latina.com\\\/wp-content\\\/uploads\\\/2010\\\/06\\\/001-peche-sportive-en-argentine.jpg\",\"contentUrl\":\"https:\\\/\\\/abc-latina.com\\\/wp-content\\\/uploads\\\/2010\\\/06\\\/001-peche-sportive-en-argentine.jpg\",\"width\":600,\"height\":399,\"caption\":\"LA PECHE SPORTIVE EN ARGENTINE\"},{\"@type\":\"BreadcrumbList\",\"@id\":\"https:\\\/\\\/abc-latina.com\\\/index\\\/peche_sportive\\\/#breadcrumb\",\"itemListElement\":[{\"@type\":\"ListItem\",\"position\":1,\"name\":\"Accueil\",\"item\":\"https:\\\/\\\/abc-latina.com\\\/\"},{\"@type\":\"ListItem\",\"position\":2,\"name\":\"Tourisme sportif en Argentine: PECHE SPORTIVE\"}]},{\"@type\":\"WebSite\",\"@id\":\"https:\\\/\\\/abc-latina.com\\\/#website\",\"url\":\"https:\\\/\\\/abc-latina.com\\\/\",\"name\":\"Abc-latina\",\"description\":\"\",\"publisher\":{\"@id\":\"https:\\\/\\\/abc-latina.com\\\/#organization\"},\"potentialAction\":[{\"@type\":\"SearchAction\",\"target\":{\"@type\":\"EntryPoint\",\"urlTemplate\":\"https:\\\/\\\/abc-latina.com\\\/?s={search_term_string}\"},\"query-input\":{\"@type\":\"PropertyValueSpecification\",\"valueRequired\":true,\"valueName\":\"search_term_string\"}}],\"inLanguage\":\"fr-FR\"},{\"@type\":\"Organization\",\"@id\":\"https:\\\/\\\/abc-latina.com\\\/#organization\",\"name\":\"Abc-latina\",\"url\":\"https:\\\/\\\/abc-latina.com\\\/\",\"logo\":{\"@type\":\"ImageObject\",\"inLanguage\":\"fr-FR\",\"@id\":\"https:\\\/\\\/abc-latina.com\\\/#\\\/schema\\\/logo\\\/image\\\/\",\"url\":\"https:\\\/\\\/abc-latina.com\\\/wp-content\\\/uploads\\\/2026\\\/05\\\/cropped-logo.gif\",\"contentUrl\":\"https:\\\/\\\/abc-latina.com\\\/wp-content\\\/uploads\\\/2026\\\/05\\\/cropped-logo.gif\",\"width\":89,\"height\":84,\"caption\":\"Abc-latina\"},\"image\":{\"@id\":\"https:\\\/\\\/abc-latina.com\\\/#\\\/schema\\\/logo\\\/image\\\/\"}}]}<\/script>\n<!-- \/ Yoast SEO plugin. -->","yoast_head_json":{"title":"Tourisme sportif en Argentine: PECHE SPORTIVE - Abc-latina","description":"L' Argentine offre d'excellentes opportunit\u00e9s en ce qui concerne la p\u00eache, que ce soit sur ses 3.600 km de c\u00f4te atlantique, dans les rivi\u00e8res ou dans les lacs.","robots":{"index":"index","follow":"follow","max-snippet":"max-snippet:-1","max-image-preview":"max-image-preview:large","max-video-preview":"max-video-preview:-1"},"canonical":"https:\/\/abc-latina.com\/index\/peche_sportive\/","og_locale":"fr_FR","og_type":"article","og_title":"Tourisme sportif en Argentine: PECHE SPORTIVE - Abc-latina","og_description":"L' Argentine offre d'excellentes opportunit\u00e9s en ce qui concerne la p\u00eache, que ce soit sur ses 3.600 km de c\u00f4te atlantique, dans les rivi\u00e8res ou dans les lacs.","og_url":"https:\/\/abc-latina.com\/index\/peche_sportive\/","og_site_name":"Abc-latina","article_modified_time":"2026-04-30T16:24:46+00:00","og_image":[{"width":600,"height":399,"url":"https:\/\/abc-latina.com\/wp-content\/uploads\/2010\/06\/001-peche-sportive-en-argentine.jpg","type":"image\/jpeg"}],"twitter_card":"summary_large_image","twitter_misc":{"Dur\u00e9e de lecture estim\u00e9e":"1 minute"},"schema":{"@context":"https:\/\/schema.org","@graph":[{"@type":"WebPage","@id":"https:\/\/abc-latina.com\/index\/peche_sportive\/","url":"https:\/\/abc-latina.com\/index\/peche_sportive\/","name":"Tourisme sportif en Argentine: PECHE SPORTIVE - Abc-latina","isPartOf":{"@id":"https:\/\/abc-latina.com\/#website"},"primaryImageOfPage":{"@id":"https:\/\/abc-latina.com\/index\/peche_sportive\/#primaryimage"},"image":{"@id":"https:\/\/abc-latina.com\/index\/peche_sportive\/#primaryimage"},"thumbnailUrl":"https:\/\/abc-latina.com\/wp-content\/uploads\/2010\/06\/001-peche-sportive-en-argentine.jpg","datePublished":"2010-06-02T15:15:37+00:00","dateModified":"2026-04-30T16:24:46+00:00","description":"L' Argentine offre d'excellentes opportunit\u00e9s en ce qui concerne la p\u00eache, que ce soit sur ses 3.600 km de c\u00f4te atlantique, dans les rivi\u00e8res ou dans les lacs.","breadcrumb":{"@id":"https:\/\/abc-latina.com\/index\/peche_sportive\/#breadcrumb"},"inLanguage":"fr-FR","potentialAction":[{"@type":"ReadAction","target":["https:\/\/abc-latina.com\/index\/peche_sportive\/"]}]},{"@type":"ImageObject","inLanguage":"fr-FR","@id":"https:\/\/abc-latina.com\/index\/peche_sportive\/#primaryimage","url":"https:\/\/abc-latina.com\/wp-content\/uploads\/2010\/06\/001-peche-sportive-en-argentine.jpg","contentUrl":"https:\/\/abc-latina.com\/wp-content\/uploads\/2010\/06\/001-peche-sportive-en-argentine.jpg","width":600,"height":399,"caption":"LA PECHE SPORTIVE EN ARGENTINE"},{"@type":"BreadcrumbList","@id":"https:\/\/abc-latina.com\/index\/peche_sportive\/#breadcrumb","itemListElement":[{"@type":"ListItem","position":1,"name":"Accueil","item":"https:\/\/abc-latina.com\/"},{"@type":"ListItem","position":2,"name":"Tourisme sportif en Argentine: PECHE SPORTIVE"}]},{"@type":"WebSite","@id":"https:\/\/abc-latina.com\/#website","url":"https:\/\/abc-latina.com\/","name":"Abc-latina","description":"","publisher":{"@id":"https:\/\/abc-latina.com\/#organization"},"potentialAction":[{"@type":"SearchAction","target":{"@type":"EntryPoint","urlTemplate":"https:\/\/abc-latina.com\/?s={search_term_string}"},"query-input":{"@type":"PropertyValueSpecification","valueRequired":true,"valueName":"search_term_string"}}],"inLanguage":"fr-FR"},{"@type":"Organization","@id":"https:\/\/abc-latina.com\/#organization","name":"Abc-latina","url":"https:\/\/abc-latina.com\/","logo":{"@type":"ImageObject","inLanguage":"fr-FR","@id":"https:\/\/abc-latina.com\/#\/schema\/logo\/image\/","url":"https:\/\/abc-latina.com\/wp-content\/uploads\/2026\/05\/cropped-logo.gif","contentUrl":"https:\/\/abc-latina.com\/wp-content\/uploads\/2026\/05\/cropped-logo.gif","width":89,"height":84,"caption":"Abc-latina"},"image":{"@id":"https:\/\/abc-latina.com\/#\/schema\/logo\/image\/"}}]}},"_links":{"self":[{"href":"https:\/\/abc-latina.com\/wp-json\/wp\/v2\/pages\/164","targetHints":{"allow":["GET"]}}],"collection":[{"href":"https:\/\/abc-latina.com\/wp-json\/wp\/v2\/pages"}],"about":[{"href":"https:\/\/abc-latina.com\/wp-json\/wp\/v2\/types\/page"}],"author":[{"embeddable":true,"href":"https:\/\/abc-latina.com\/wp-json\/wp\/v2\/users\/3"}],"replies":[{"embeddable":true,"href":"https:\/\/abc-latina.com\/wp-json\/wp\/v2\/comments?post=164"}],"version-history":[{"count":1,"href":"https:\/\/abc-latina.com\/wp-json\/wp\/v2\/pages\/164\/revisions"}],"predecessor-version":[{"id":3093,"href":"https:\/\/abc-latina.com\/wp-json\/wp\/v2\/pages\/164\/revisions\/3093"}],"up":[{"embeddable":true,"href":"https:\/\/abc-latina.com\/wp-json\/wp\/v2\/pages\/2426"}],"wp:featuredmedia":[{"embeddable":true,"href":"https:\/\/abc-latina.com\/wp-json\/wp\/v2\/media\/163"}],"wp:attachment":[{"href":"https:\/\/abc-latina.com\/wp-json\/wp\/v2\/media?parent=164"}],"curies":[{"name":"wp","href":"https:\/\/api.w.org\/{rel}","templated":true}]}}